{"id":16460,"date":"2017-09-08T04:37:59","date_gmt":"2017-09-08T04:37:59","guid":{"rendered":"https:\/\/www.malik.management\/malik-approach\/"},"modified":"2018-12-19T14:00:59","modified_gmt":"2018-12-19T14:00:59","slug":"malik-ansatz","status":"publish","type":"page","link":"https:\/\/www.malik-management.com\/de\/malik-ansatz\/","title":{"rendered":"Malik Ansatz"},"content":{"rendered":"<div class=\"fusion-fullwidth fullwidth-box fusion-builder-row-1 malik_solutions_main nonhundred-percent-fullwidth non-hundred-percent-height-scrolling\" style=\"--awb-border-radius-top-left:0px;--awb-border-radius-top-right:0px;--awb-border-radius-bottom-right:0px;--awb-border-radius-bottom-left:0px;--awb-padding-top:30px;--awb-padding-bottom:30px;--awb-flex-wrap:wrap;\" ><div class=\"fusion-builder-row fusion-row\"><div class=\"fusion-layout-column fusion_builder_column fusion-builder-column-0 fusion_builder_column_1_1 1_1 fusion-one-full fusion-column-first fusion-column-last malik_solutions_main_content01 fusion-animated\" style=\"--awb-bg-size:cover;\" data-animationType=\"fadeInUp\" data-animationDuration=\"1.0\" data-animationOffset=\"top-into-view\"><div class=\"fusion-column-wrapper fusion-flex-column-wrapper-legacy\"><div class=\"fusion-text fusion-text-1\"><div id=\"content-center\">\n<h2>Wie wir Management sehen<\/h2>\n<p>Richtiges und Gutes Management verstehen wir als jene gesellschaftliche Funktion, die die Organisationen und Systeme einer Gesellschaft dazu bef\u00e4higt, richtig zu funktionieren.<\/p>\n<\/div>\n<\/div><div class=\"fusion-text fusion-text-2\"><div id=\"content-center\">\n<h3>Unser Verst\u00e4ndnis ist:<\/h3>\n<p><span style=\"color: #ff0000;\"><strong>\u00bb<\/strong><\/span> Management ist die bewegende Kraft, wo immer viele Menschen gemeinsame Ziele nur durch das Teilen von Arbeit und Wissen erreichen k\u00f6nnen.<\/p>\n<p><span style=\"color: #ff0000;\"><strong>\u00bb <\/strong><\/span>Management ist das Organ der F\u00fchrung in all unseren gesellschaftlichen Institutionen \u2013 im Wirtschaftsunternehmen ebenso wie in der Universit\u00e4t, im Krankenhaus, in der Stadt und in allen anderen Organisationen.<\/p>\n<p><span style=\"color: #ff0000;\"><strong>\u00bb<\/strong><\/span> Management muss der Institution, die es f\u00fchrt, Richtung geben. Es muss die Mission der Institution durchdenken und daran ihre Ziele ausrichten. Und es muss Ressourcen organisieren f\u00fcr die Resultate, welche die Institution zu erzielen hat.<\/p>\n<p>Zu diesem umfassenden Verst\u00e4ndnis von Management geh\u00f6rt auch das Bef\u00e4higen von Menschen, ihren Beitrag zum richtigen Funktionieren ihrer Organisationen zu leisten. So verstandenes Management schafft Zweck, Orientierung, Struktur und Leistungskraft. Dadurch verwirklicht es auch politische und gesellschaftliche Verantwortung und Ethik. Nur durch richtiges Management werden die Ressourcen einer Gesellschaft wirksam in sinnvolle Ergebnisse und in Nutzen transformiert.<\/p>\n<p><img decoding=\"async\" class=\"size-full wp-image-14817 aligncenter\" src=\"https:\/\/www.malik-management.com\/wp-content\/uploads\/2017\/09\/malik-ressourcen-in-nutzen.jpg\" alt=\"\" width=\"700\" height=\"145\" \/><\/p>\n<\/div>\n<\/div><div class=\"fusion-text fusion-text-3\"><div id=\"content-center\">\n<h3><strong>Management \u2013 Meistern von Komplexit\u00e4t<\/strong><\/h3>\n<p>Zu den gr\u00f6ssten Herausforderungen von Management geh\u00f6ren die exponentiell steigende Komplexit\u00e4t und die Dynamik des Wandels der heutigen, global vernetzten Systeme. Die damit verbundenen tiefgreifenden Ver\u00e4nderungen nennt Prof. Malik &#8222;<a href=\"https:\/\/www.malik-management.com\/de\/die-grosse-transformation21\/\">Die Grosse Transformation21<\/a>&#8222;.<\/p>\n<p>Er sieht Management daher auch als das Meistern dieser enormen Komplexit\u00e4t und hat seiner\u00a0<a href=\"http:\/\/www.malik-management.com\/de\/ueber-uns\/publikationen\/buecher\/management-komplexitaet-meistern\">sechsb\u00e4ndigen Buchreihe<\/a>\u00a0diesen Titel gegeben. Es ist diese Perspektive, die den besten Zugang zu Management in seiner Ganzheit er\u00f6ffnet, und es erm\u00f6glicht, daf\u00fcr die besten L\u00f6sungen zu entwickeln.<\/p>\n<h3>Management \u2013 Beruf der Wirksamkeit<\/h3>\n<p>Manager oder F\u00fchrungskr\u00e4fte sind jene Personen, die diese gesellschaftliche Funktion verk\u00f6rpern und als Beruf aus\u00fcben. Dazu geh\u00f6rt es, das f\u00fcr eine Organisation Richtige zu tun und dieses gut zu tun. Daher ist Management der\u00a0<em>Beruf der Wirksamkeit<\/em>\u00a0in komplexen Systemen. Erst dadurch werden weit \u00fcber die \u00f6konomischen Ressourcen hinaus auch Talent, Intelligenz, Kreativit\u00e4t, Information, Wissen und Erkenntnisse in Resultate transformiert.<\/p>\n<p>In seiner Bedeutung und Wirkung ist Management vergleichbar mit dem Betriebssystem von Computern. Richtiges Management sieht Prof. Malik als evolutionsf\u00e4higes &#8222;Betriebssystem&#8220; f\u00fcr Organisationen jeder Gr\u00f6sse und jeder Art.<\/p>\n<p>&nbsp;<\/p>\n<p>Die\u00a0<a href=\"https:\/\/www.malik-management.com\/de\/malik-ansatz\/malik-management-systeme\/\">Malik ManagementSysteme<\/a><sup>\u00ae<\/sup>\u00a0bef\u00e4higen jede\u00a0<a href=\"https:\/\/www.malik-management.com\/de\/malik-loesungen\/management-fuer-unternehmen\/\">Organisation<\/a>\u00a0und jede\u00a0<a href=\"https:\/\/www.malik-management.com\/de\/malik-loesungen\/malik-new-world-education\/\">Person<\/a>\u00a0wirksam und verl\u00e4sslich zu funktionieren.<\/p>\n<\/div>\n<\/div><div class=\"fusion-image-element fusion-image-align-center in-legacy-container\" style=\"text-align:center;--awb-caption-title-font-family:var(--h2_typography-font-family);--awb-caption-title-font-weight:var(--h2_typography-font-weight);--awb-caption-title-font-style:var(--h2_typography-font-style);--awb-caption-title-size:var(--h2_typography-font-size);--awb-caption-title-transform:var(--h2_typography-text-transform);--awb-caption-title-line-height:var(--h2_typography-line-height);--awb-caption-title-letter-spacing:var(--h2_typography-letter-spacing);\"><div class=\"imageframe-align-center\"><span class=\" fusion-imageframe imageframe-dropshadow imageframe-1 hover-type-zoomin\" style=\"-webkit-box-shadow: 3px 3px 7px rgba(0,0,0,0.3);box-shadow: 3px 3px 7px rgba(0,0,0,0.3);\"><a href=\"https:\/\/www.malik-management.com\/wp-content\/uploads\/2017\/09\/malik-management-systeme-236px.gif\" class=\"fusion-lightbox\" data-rel=\"iLightbox[4996c5a6527bc77004d]\" data-title=\"malik-management-systeme-236px\" title=\"malik-management-systeme-236px\"><img decoding=\"async\" width=\"236\" height=\"205\" src=\"https:\/\/www.malik-management.com\/wp-content\/uploads\/2017\/09\/malik-management-systeme-236px.gif\" alt class=\"img-responsive wp-image-14783\"\/><\/a><\/span><\/div><\/div><div class=\"fusion-text fusion-text-4\"><p style=\"text-align: center;\">Wissenschaftliche Basis: Die Malik ManagementSysteme\u00ae<\/p>\n<\/div><div class=\"fusion-clearfix\"><\/div><\/div><\/div><\/div><\/div>\n","protected":false},"excerpt":{"rendered":"","protected":false},"author":17,"featured_media":0,"parent":0,"menu_order":0,"comment_status":"closed","ping_status":"closed","template":"side-navigation.php","meta":{"_acf_changed":false,"_bbp_topic_count":0,"_bbp_reply_count":0,"_bbp_total_topic_count":0,"_bbp_total_reply_count":0,"_bbp_voice_count":0,"_bbp_anonymous_reply_count":0,"_bbp_topic_count_hidden":0,"_bbp_reply_count_hidden":0,"_bbp_forum_subforum_count":0,"footnotes":""},"class_list":["post-16460","page","type-page","status-publish","hentry"],"acf":[],"yoast_head":"<!-- This site is optimized with the Yoast SEO plugin v26.4 - https:\/\/yoast.com\/wordpress\/plugins\/seo\/ -->\n<title>Malik Ansatz - Malik Management<\/title>\n<meta name=\"robots\" content=\"index, follow, max-snippet:-1, max-image-preview:large, max-video-preview:-1\" \/>\n<link rel=\"canonical\" href=\"https:\/\/www.malik-management.com\/de\/malik-ansatz\/\" \/>\n<meta property=\"og:locale\" content=\"de_DE\" \/>\n<meta property=\"og:type\" content=\"article\" \/>\n<meta property=\"og:title\" content=\"Malik Ansatz - Malik Management\" \/>\n<meta property=\"og:url\" content=\"https:\/\/www.malik-management.com\/de\/malik-ansatz\/\" \/>\n<meta property=\"og:site_name\" content=\"Malik Management\" \/>\n<meta property=\"article:modified_time\" content=\"2018-12-19T14:00:59+00:00\" \/>\n<meta property=\"og:image\" content=\"https:\/\/www.malik-management.com\/wp-content\/uploads\/2017\/09\/malik-ressourcen-in-nutzen.jpg\" \/>\n<meta name=\"twitter:card\" content=\"summary_large_image\" \/>\n<meta name=\"twitter:label1\" content=\"Gesch\u00e4tzte Lesezeit\" \/>\n\t<meta name=\"twitter:data1\" content=\"3\u00a0Minuten\" \/>\n<script type=\"application\/ld+json\" class=\"yoast-schema-graph\">{\"@context\":\"https:\/\/schema.org\",\"@graph\":[{\"@type\":\"WebPage\",\"@id\":\"https:\/\/www.malik-management.com\/de\/malik-ansatz\/\",\"url\":\"https:\/\/www.malik-management.com\/de\/malik-ansatz\/\",\"name\":\"Malik Ansatz - Malik Management\",\"isPartOf\":{\"@id\":\"https:\/\/www.malik-management.com\/de\/#website\"},\"primaryImageOfPage\":{\"@id\":\"https:\/\/www.malik-management.com\/de\/malik-ansatz\/#primaryimage\"},\"image\":{\"@id\":\"https:\/\/www.malik-management.com\/de\/malik-ansatz\/#primaryimage\"},\"thumbnailUrl\":\"https:\/\/www.malik-management.com\/wp-content\/uploads\/2017\/09\/malik-ressourcen-in-nutzen.jpg\",\"datePublished\":\"2017-09-08T04:37:59+00:00\",\"dateModified\":\"2018-12-19T14:00:59+00:00\",\"breadcrumb\":{\"@id\":\"https:\/\/www.malik-management.com\/de\/malik-ansatz\/#breadcrumb\"},\"inLanguage\":\"de\",\"potentialAction\":[{\"@type\":\"ReadAction\",\"target\":[\"https:\/\/www.malik-management.com\/de\/malik-ansatz\/\"]}]},{\"@type\":\"ImageObject\",\"inLanguage\":\"de\",\"@id\":\"https:\/\/www.malik-management.com\/de\/malik-ansatz\/#primaryimage\",\"url\":\"https:\/\/www.malik-management.com\/wp-content\/uploads\/2017\/09\/malik-ressourcen-in-nutzen.jpg\",\"contentUrl\":\"https:\/\/www.malik-management.com\/wp-content\/uploads\/2017\/09\/malik-ressourcen-in-nutzen.jpg\"},{\"@type\":\"BreadcrumbList\",\"@id\":\"https:\/\/www.malik-management.com\/de\/malik-ansatz\/#breadcrumb\",\"itemListElement\":[{\"@type\":\"ListItem\",\"position\":1,\"name\":\"Home\",\"item\":\"https:\/\/www.malik-management.com\/de\/\"},{\"@type\":\"ListItem\",\"position\":2,\"name\":\"Malik Ansatz\"}]},{\"@type\":\"WebSite\",\"@id\":\"https:\/\/www.malik-management.com\/de\/#website\",\"url\":\"https:\/\/www.malik-management.com\/de\/\",\"name\":\"Malik Management\",\"description\":\"Beyond conventional management\",\"publisher\":{\"@id\":\"https:\/\/www.malik-management.com\/de\/#organization\"},\"potentialAction\":[{\"@type\":\"SearchAction\",\"target\":{\"@type\":\"EntryPoint\",\"urlTemplate\":\"https:\/\/www.malik-management.com\/de\/?s={search_term_string}\"},\"query-input\":{\"@type\":\"PropertyValueSpecification\",\"valueRequired\":true,\"valueName\":\"search_term_string\"}}],\"inLanguage\":\"de\"},{\"@type\":\"Organization\",\"@id\":\"https:\/\/www.malik-management.com\/de\/#organization\",\"name\":\"malik international AG\",\"url\":\"https:\/\/www.malik-management.com\/de\/\",\"logo\":{\"@type\":\"ImageObject\",\"inLanguage\":\"de\",\"@id\":\"https:\/\/www.malik-management.com\/de\/#\/schema\/logo\/image\/\",\"url\":\"https:\/\/www.malik-management.com\/wp-content\/uploads\/2018\/09\/Logo_malik_weiss-klein3.png\",\"contentUrl\":\"https:\/\/www.malik-management.com\/wp-content\/uploads\/2018\/09\/Logo_malik_weiss-klein3.png\",\"width\":140,\"height\":41,\"caption\":\"malik international AG\"},\"image\":{\"@id\":\"https:\/\/www.malik-management.com\/de\/#\/schema\/logo\/image\/\"},\"sameAs\":[\"https:\/\/www.linkedin.com\/company\/30160\",\"https:\/\/www.youtube.com\/user\/malikmanagement\"]}]}<\/script>\n<!-- \/ Yoast SEO plugin. -->","yoast_head_json":{"title":"Malik Ansatz - Malik Management","robots":{"index":"index","follow":"follow","max-snippet":"max-snippet:-1","max-image-preview":"max-image-preview:large","max-video-preview":"max-video-preview:-1"},"canonical":"https:\/\/www.malik-management.com\/de\/malik-ansatz\/","og_locale":"de_DE","og_type":"article","og_title":"Malik Ansatz - Malik Management","og_url":"https:\/\/www.malik-management.com\/de\/malik-ansatz\/","og_site_name":"Malik Management","article_modified_time":"2018-12-19T14:00:59+00:00","og_image":[{"url":"https:\/\/www.malik-management.com\/wp-content\/uploads\/2017\/09\/malik-ressourcen-in-nutzen.jpg","type":"","width":"","height":""}],"twitter_card":"summary_large_image","twitter_misc":{"Gesch\u00e4tzte Lesezeit":"3\u00a0Minuten"},"schema":{"@context":"https:\/\/schema.org","@graph":[{"@type":"WebPage","@id":"https:\/\/www.malik-management.com\/de\/malik-ansatz\/","url":"https:\/\/www.malik-management.com\/de\/malik-ansatz\/","name":"Malik Ansatz - Malik Management","isPartOf":{"@id":"https:\/\/www.malik-management.com\/de\/#website"},"primaryImageOfPage":{"@id":"https:\/\/www.malik-management.com\/de\/malik-ansatz\/#primaryimage"},"image":{"@id":"https:\/\/www.malik-management.com\/de\/malik-ansatz\/#primaryimage"},"thumbnailUrl":"https:\/\/www.malik-management.com\/wp-content\/uploads\/2017\/09\/malik-ressourcen-in-nutzen.jpg","datePublished":"2017-09-08T04:37:59+00:00","dateModified":"2018-12-19T14:00:59+00:00","breadcrumb":{"@id":"https:\/\/www.malik-management.com\/de\/malik-ansatz\/#breadcrumb"},"inLanguage":"de","potentialAction":[{"@type":"ReadAction","target":["https:\/\/www.malik-management.com\/de\/malik-ansatz\/"]}]},{"@type":"ImageObject","inLanguage":"de","@id":"https:\/\/www.malik-management.com\/de\/malik-ansatz\/#primaryimage","url":"https:\/\/www.malik-management.com\/wp-content\/uploads\/2017\/09\/malik-ressourcen-in-nutzen.jpg","contentUrl":"https:\/\/www.malik-management.com\/wp-content\/uploads\/2017\/09\/malik-ressourcen-in-nutzen.jpg"},{"@type":"BreadcrumbList","@id":"https:\/\/www.malik-management.com\/de\/malik-ansatz\/#breadcrumb","itemListElement":[{"@type":"ListItem","position":1,"name":"Home","item":"https:\/\/www.malik-management.com\/de\/"},{"@type":"ListItem","position":2,"name":"Malik Ansatz"}]},{"@type":"WebSite","@id":"https:\/\/www.malik-management.com\/de\/#website","url":"https:\/\/www.malik-management.com\/de\/","name":"Malik Management","description":"Beyond conventional management","publisher":{"@id":"https:\/\/www.malik-management.com\/de\/#organization"},"potentialAction":[{"@type":"SearchAction","target":{"@type":"EntryPoint","urlTemplate":"https:\/\/www.malik-management.com\/de\/?s={search_term_string}"},"query-input":{"@type":"PropertyValueSpecification","valueRequired":true,"valueName":"search_term_string"}}],"inLanguage":"de"},{"@type":"Organization","@id":"https:\/\/www.malik-management.com\/de\/#organization","name":"malik international AG","url":"https:\/\/www.malik-management.com\/de\/","logo":{"@type":"ImageObject","inLanguage":"de","@id":"https:\/\/www.malik-management.com\/de\/#\/schema\/logo\/image\/","url":"https:\/\/www.malik-management.com\/wp-content\/uploads\/2018\/09\/Logo_malik_weiss-klein3.png","contentUrl":"https:\/\/www.malik-management.com\/wp-content\/uploads\/2018\/09\/Logo_malik_weiss-klein3.png","width":140,"height":41,"caption":"malik international AG"},"image":{"@id":"https:\/\/www.malik-management.com\/de\/#\/schema\/logo\/image\/"},"sameAs":["https:\/\/www.linkedin.com\/company\/30160","https:\/\/www.youtube.com\/user\/malikmanagement"]}]}},"_links":{"self":[{"href":"https:\/\/www.malik-management.com\/de\/wp-json\/wp\/v2\/pages\/16460","targetHints":{"allow":["GET"]}}],"collection":[{"href":"https:\/\/www.malik-management.com\/de\/wp-json\/wp\/v2\/pages"}],"about":[{"href":"https:\/\/www.malik-management.com\/de\/wp-json\/wp\/v2\/types\/page"}],"author":[{"embeddable":true,"href":"https:\/\/www.malik-management.com\/de\/wp-json\/wp\/v2\/users\/17"}],"replies":[{"embeddable":true,"href":"https:\/\/www.malik-management.com\/de\/wp-json\/wp\/v2\/comments?post=16460"}],"version-history":[{"count":12,"href":"https:\/\/www.malik-management.com\/de\/wp-json\/wp\/v2\/pages\/16460\/revisions"}],"predecessor-version":[{"id":25616,"href":"https:\/\/www.malik-management.com\/de\/wp-json\/wp\/v2\/pages\/16460\/revisions\/25616"}],"wp:attachment":[{"href":"https:\/\/www.malik-management.com\/de\/wp-json\/wp\/v2\/media?parent=16460"}],"curies":[{"name":"wp","href":"https:\/\/api.w.org\/{rel}","templated":true}]}}