{"id":16465,"date":"2017-09-08T04:42:55","date_gmt":"2017-09-08T04:42:55","guid":{"rendered":"https:\/\/www.malik.management\/malik-solutions\/"},"modified":"2024-05-13T14:41:07","modified_gmt":"2024-05-13T12:41:07","slug":"malik-loesungen","status":"publish","type":"page","link":"https:\/\/www.malik-management.com\/de\/malik-loesungen\/","title":{"rendered":"Malik L\u00f6sungen"},"content":{"rendered":"<div class=\"fusion-fullwidth fullwidth-box fusion-builder-row-1 malik_solutions_main nonhundred-percent-fullwidth non-hundred-percent-height-scrolling\" style=\"--awb-border-radius-top-left:0px;--awb-border-radius-top-right:0px;--awb-border-radius-bottom-right:0px;--awb-border-radius-bottom-left:0px;--awb-padding-top:30px;--awb-padding-bottom:30px;--awb-flex-wrap:wrap;\" ><div class=\"fusion-builder-row fusion-row\"><div class=\"fusion-layout-column fusion_builder_column fusion-builder-column-0 fusion_builder_column_1_1 1_1 fusion-one-full fusion-column-first fusion-column-last malik_solutions_main_content01 fusion-animated\" style=\"--awb-bg-size:cover;\" data-animationType=\"fadeInUp\" data-animationDuration=\"1.0\" data-animationOffset=\"top-into-view\"><div class=\"fusion-column-wrapper fusion-flex-column-wrapper-legacy\"><div class=\"fusion-text fusion-text-1\"><div class=\"malik_solutions_main_content01_item01\">\n<p>Ganzheitliche und modulare Management-L\u00f6sungen f\u00fcr die gr\u00f6ssten Herausforderungen von Unternehmen und Organisationen im \u00f6ffentlichen Bereich und 50 Jahre Managementausbildung im Top-Management. Wir sind weltweit f\u00fchrend in professionellem Management, in fundierter wissenschaftlicher Management-Theorie sowie in der praktischen Anwendung von ganzheitlichem Management, von Leadership- und Governance-Themen. Wir verstehen Management als eine der wichtigsten gesellschaftlichen Funktionen und als die Grundlage daf\u00fcr, Organisationen als komplexe, dynamisch vernetzte, unvorhersehbare Systeme in eine neue Zukunft f\u00fchren zu k\u00f6nnen.<\/p>\n<p>Unser Leistungsbereich umfasst:<br \/>\n<span style=\"color: #ff0000;\"><strong>\u00bb<\/strong><\/span> Change Management<br \/>\n<span style=\"color: #ff0000;\"><strong>\u00bb<\/strong><\/span> HR und Organizational Development<br \/>\n<span style=\"color: #ff0000;\"><strong>\u00bb<\/strong><\/span> Strategie<br \/>\n<span style=\"color: #ff0000;\"><strong>\u00bb<\/strong><\/span> Individuelles Coaching<br \/>\n<span style=\"color: #ff0000;\"><strong>\u00bb<\/strong><\/span> Management Consulting, -Education und -Training<\/p>\n<p>Basis unserer L\u00f6sungen sind die Komplexit\u00e4tswissenschaften <a href=\"https:\/\/www.malik-management.com\/de\/malik-ansatz\/management-cybernetics-systemics-bionics\/\">Kybernetik, Systemik und Bionik.<\/a><\/p>\n<p>Unsere einzigartige system-kybernetische Methode <a href=\"https:\/\/www.malik-management.com\/de\/malik-loesungen\/malik-tools-and-methods\/malik-syntegration\/\">Malik Syntegration\u00ae<\/a> erreicht sofortige und nachhaltige Ergebnisse, insbesondere dann, wenn tiefgreifende Umwandlungen n\u00f6tig sind wie bei<br \/>\n<span style=\"color: #ff0000;\"><strong>\u00bb <\/strong><\/span>Ergebnisverbesserung<br \/>\n<span style=\"color: #ff0000;\"><strong>\u00bb <\/strong><\/span>Kultur\u00e4nderung<br \/>\n<span style=\"color: #ff0000;\"><strong>\u00bb <\/strong><\/span>Innovation<br \/>\n<span style=\"color: #ff0000;\"><strong>\u00bb <\/strong><\/span>Investitionsoptimierung<br \/>\n<span style=\"color: #ff0000;\"><strong>\u00bb <\/strong><\/span>Kostensenkung<br \/>\n<span style=\"color: #ff0000;\"><strong>\u00bb <\/strong><\/span>Post-Merger<br \/>\n<span style=\"color: #ff0000;\"><strong>\u00bb <\/strong><\/span>Strategieentwicklung, und -neugestaltung<br \/>\n<span style=\"color: #ff0000;\"><strong>\u00bb <\/strong><\/span>Restrukturierung<br \/>\n<span style=\"color: #ff0000;\"><strong>\u00bb <\/strong><\/span>Produktivit\u00e4ts- und Umsatzsteigerung<br \/>\n<span style=\"color: #ff0000;\"><strong>\u00bb <\/strong><\/span>Organisationsgestaltung<\/p>\n<p>Unser Methodenset ist in s\u00e4mtlichen Wirtschafts- und Gesellschaftssegmenten und bei jeder komplexen Management-Herausforderung anwendbar. Messbare Resultate und stringente Umsetzungsbegleitung machen Wirtschaftsunternehmen, Non-Business-Organisationen und \u00f6ffentliche Institutionen zu unseren Kunden.<\/p>\n<\/div>\n<div class=\"row malik_solutions_main_content01_item02\">\n<div class=\"col-sm-3\"><\/div>\n<div class=\"col-sm-3\">\n<div class=\"responsive_image01 text-center\"><a href=\"\/de\/malik-loesungen\/malik-tools-and-methods\/malik-supersyntegration-mss\/\"><img decoding=\"async\" class=\"alignnone\" src=\"https:\/\/www.malik-management.com\/wp-content\/uploads\/2017\/09\/malik-supersyntegration-loesungen-unternehmen.jpg\" alt=\"\" width=\"241\" height=\"22\" \/><\/a><\/div>\n<\/div>\n<div class=\"col-sm-3\">\n<div class=\"responsive_image01 text-center\"><a href=\"https:\/\/www.malik-management.com\/de\/malik-loesungen\/loesungen-fuer-den-oeffentlichen-bereich\/\"><img decoding=\"async\" class=\"alignnone\" src=\"https:\/\/www.malik-management.com\/wp-content\/uploads\/2017\/09\/malik-supersyntegration-loesungen-oeffentlich.jpg\" alt=\"\" width=\"241\" height=\"22\" \/><\/a><\/div>\n<\/div>\n<div class=\"col-sm-3\"><\/div>\n<\/div>\n<div class=\"row malik_solutions_main_content01_item03\">\n<div class=\"col-sm-4\"><\/div>\n<div class=\"col-sm-4\">\n<div class=\"responsive_image01 text-center\"><a href=\"\/de\/malik-loesungen\/malik-tools-and-methods\/malik-supersyntegration-mss\/\"><img decoding=\"async\" class=\"alignnone\" style=\"width: 50%;\" src=\"https:\/\/www.malik-management.com\/wp-content\/uploads\/2017\/09\/malik-supersyntegration-business-vertical-1.jpg\" alt=\"\" width=\"250\" height=\"397\" \/><\/a><a href=\"https:\/\/www.malik-management.com\/de\/malik-loesungen\/loesungen-fuer-den-oeffentlichen-bereich\/\"><img decoding=\"async\" class=\"alignnone\" style=\"width: 50%;\" src=\"https:\/\/www.malik-management.com\/wp-content\/uploads\/2017\/09\/malik-supersyntegration-public-vertical-1.jpg\" alt=\"\" width=\"250\" height=\"397\" \/><\/a><\/div>\n<\/div>\n<div class=\"col-sm-4\"><\/div>\n<\/div>\n<\/div><div class=\"fusion-clearfix\"><\/div><\/div><\/div><\/div><\/div>\n","protected":false},"excerpt":{"rendered":"","protected":false},"author":17,"featured_media":0,"parent":0,"menu_order":0,"comment_status":"closed","ping_status":"closed","template":"side-navigation.php","meta":{"_acf_changed":false,"_bbp_topic_count":0,"_bbp_reply_count":0,"_bbp_total_topic_count":0,"_bbp_total_reply_count":0,"_bbp_voice_count":0,"_bbp_anonymous_reply_count":0,"_bbp_topic_count_hidden":0,"_bbp_reply_count_hidden":0,"_bbp_forum_subforum_count":0,"footnotes":""},"class_list":["post-16465","page","type-page","status-publish","hentry"],"acf":[],"yoast_head":"<!-- This site is optimized with the Yoast SEO plugin v26.4 - https:\/\/yoast.com\/wordpress\/plugins\/seo\/ -->\n<title>Malik L\u00f6sungen - Malik Management<\/title>\n<meta name=\"robots\" content=\"index, follow, max-snippet:-1, max-image-preview:large, max-video-preview:-1\" \/>\n<link rel=\"canonical\" href=\"https:\/\/www.malik-management.com\/de\/malik-loesungen\/\" \/>\n<meta property=\"og:locale\" content=\"de_DE\" \/>\n<meta property=\"og:type\" content=\"article\" \/>\n<meta property=\"og:title\" content=\"Malik L\u00f6sungen - Malik Management\" \/>\n<meta property=\"og:url\" content=\"https:\/\/www.malik-management.com\/de\/malik-loesungen\/\" \/>\n<meta property=\"og:site_name\" content=\"Malik Management\" \/>\n<meta property=\"article:modified_time\" content=\"2024-05-13T12:41:07+00:00\" \/>\n<meta property=\"og:image\" content=\"https:\/\/www.malik-management.com\/wp-content\/uploads\/2017\/09\/malik-supersyntegration-loesungen-unternehmen.jpg\" \/>\n<meta name=\"twitter:card\" content=\"summary_large_image\" \/>\n<meta name=\"twitter:label1\" content=\"Gesch\u00e4tzte Lesezeit\" \/>\n\t<meta name=\"twitter:data1\" content=\"2\u00a0Minuten\" \/>\n<script type=\"application\/ld+json\" class=\"yoast-schema-graph\">{\"@context\":\"https:\/\/schema.org\",\"@graph\":[{\"@type\":\"WebPage\",\"@id\":\"https:\/\/www.malik-management.com\/de\/malik-loesungen\/\",\"url\":\"https:\/\/www.malik-management.com\/de\/malik-loesungen\/\",\"name\":\"Malik L\u00f6sungen - Malik Management\",\"isPartOf\":{\"@id\":\"https:\/\/www.malik-management.com\/de\/#website\"},\"primaryImageOfPage\":{\"@id\":\"https:\/\/www.malik-management.com\/de\/malik-loesungen\/#primaryimage\"},\"image\":{\"@id\":\"https:\/\/www.malik-management.com\/de\/malik-loesungen\/#primaryimage\"},\"thumbnailUrl\":\"https:\/\/www.malik-management.com\/wp-content\/uploads\/2017\/09\/malik-supersyntegration-loesungen-unternehmen.jpg\",\"datePublished\":\"2017-09-08T04:42:55+00:00\",\"dateModified\":\"2024-05-13T12:41:07+00:00\",\"breadcrumb\":{\"@id\":\"https:\/\/www.malik-management.com\/de\/malik-loesungen\/#breadcrumb\"},\"inLanguage\":\"de\",\"potentialAction\":[{\"@type\":\"ReadAction\",\"target\":[\"https:\/\/www.malik-management.com\/de\/malik-loesungen\/\"]}]},{\"@type\":\"ImageObject\",\"inLanguage\":\"de\",\"@id\":\"https:\/\/www.malik-management.com\/de\/malik-loesungen\/#primaryimage\",\"url\":\"https:\/\/www.malik-management.com\/wp-content\/uploads\/2017\/09\/malik-supersyntegration-loesungen-unternehmen.jpg\",\"contentUrl\":\"https:\/\/www.malik-management.com\/wp-content\/uploads\/2017\/09\/malik-supersyntegration-loesungen-unternehmen.jpg\"},{\"@type\":\"BreadcrumbList\",\"@id\":\"https:\/\/www.malik-management.com\/de\/malik-loesungen\/#breadcrumb\",\"itemListElement\":[{\"@type\":\"ListItem\",\"position\":1,\"name\":\"Home\",\"item\":\"https:\/\/www.malik-management.com\/de\/\"},{\"@type\":\"ListItem\",\"position\":2,\"name\":\"Malik L\u00f6sungen\"}]},{\"@type\":\"WebSite\",\"@id\":\"https:\/\/www.malik-management.com\/de\/#website\",\"url\":\"https:\/\/www.malik-management.com\/de\/\",\"name\":\"Malik Management\",\"description\":\"Beyond conventional management\",\"publisher\":{\"@id\":\"https:\/\/www.malik-management.com\/de\/#organization\"},\"potentialAction\":[{\"@type\":\"SearchAction\",\"target\":{\"@type\":\"EntryPoint\",\"urlTemplate\":\"https:\/\/www.malik-management.com\/de\/?s={search_term_string}\"},\"query-input\":{\"@type\":\"PropertyValueSpecification\",\"valueRequired\":true,\"valueName\":\"search_term_string\"}}],\"inLanguage\":\"de\"},{\"@type\":\"Organization\",\"@id\":\"https:\/\/www.malik-management.com\/de\/#organization\",\"name\":\"malik international AG\",\"url\":\"https:\/\/www.malik-management.com\/de\/\",\"logo\":{\"@type\":\"ImageObject\",\"inLanguage\":\"de\",\"@id\":\"https:\/\/www.malik-management.com\/de\/#\/schema\/logo\/image\/\",\"url\":\"https:\/\/www.malik-management.com\/wp-content\/uploads\/2018\/09\/Logo_malik_weiss-klein3.png\",\"contentUrl\":\"https:\/\/www.malik-management.com\/wp-content\/uploads\/2018\/09\/Logo_malik_weiss-klein3.png\",\"width\":140,\"height\":41,\"caption\":\"malik international AG\"},\"image\":{\"@id\":\"https:\/\/www.malik-management.com\/de\/#\/schema\/logo\/image\/\"},\"sameAs\":[\"https:\/\/www.linkedin.com\/company\/30160\",\"https:\/\/www.youtube.com\/user\/malikmanagement\"]}]}<\/script>\n<!-- \/ Yoast SEO plugin. -->","yoast_head_json":{"title":"Malik L\u00f6sungen - Malik Management","robots":{"index":"index","follow":"follow","max-snippet":"max-snippet:-1","max-image-preview":"max-image-preview:large","max-video-preview":"max-video-preview:-1"},"canonical":"https:\/\/www.malik-management.com\/de\/malik-loesungen\/","og_locale":"de_DE","og_type":"article","og_title":"Malik L\u00f6sungen - Malik Management","og_url":"https:\/\/www.malik-management.com\/de\/malik-loesungen\/","og_site_name":"Malik Management","article_modified_time":"2024-05-13T12:41:07+00:00","og_image":[{"url":"https:\/\/www.malik-management.com\/wp-content\/uploads\/2017\/09\/malik-supersyntegration-loesungen-unternehmen.jpg","type":"","width":"","height":""}],"twitter_card":"summary_large_image","twitter_misc":{"Gesch\u00e4tzte Lesezeit":"2\u00a0Minuten"},"schema":{"@context":"https:\/\/schema.org","@graph":[{"@type":"WebPage","@id":"https:\/\/www.malik-management.com\/de\/malik-loesungen\/","url":"https:\/\/www.malik-management.com\/de\/malik-loesungen\/","name":"Malik L\u00f6sungen - Malik Management","isPartOf":{"@id":"https:\/\/www.malik-management.com\/de\/#website"},"primaryImageOfPage":{"@id":"https:\/\/www.malik-management.com\/de\/malik-loesungen\/#primaryimage"},"image":{"@id":"https:\/\/www.malik-management.com\/de\/malik-loesungen\/#primaryimage"},"thumbnailUrl":"https:\/\/www.malik-management.com\/wp-content\/uploads\/2017\/09\/malik-supersyntegration-loesungen-unternehmen.jpg","datePublished":"2017-09-08T04:42:55+00:00","dateModified":"2024-05-13T12:41:07+00:00","breadcrumb":{"@id":"https:\/\/www.malik-management.com\/de\/malik-loesungen\/#breadcrumb"},"inLanguage":"de","potentialAction":[{"@type":"ReadAction","target":["https:\/\/www.malik-management.com\/de\/malik-loesungen\/"]}]},{"@type":"ImageObject","inLanguage":"de","@id":"https:\/\/www.malik-management.com\/de\/malik-loesungen\/#primaryimage","url":"https:\/\/www.malik-management.com\/wp-content\/uploads\/2017\/09\/malik-supersyntegration-loesungen-unternehmen.jpg","contentUrl":"https:\/\/www.malik-management.com\/wp-content\/uploads\/2017\/09\/malik-supersyntegration-loesungen-unternehmen.jpg"},{"@type":"BreadcrumbList","@id":"https:\/\/www.malik-management.com\/de\/malik-loesungen\/#breadcrumb","itemListElement":[{"@type":"ListItem","position":1,"name":"Home","item":"https:\/\/www.malik-management.com\/de\/"},{"@type":"ListItem","position":2,"name":"Malik L\u00f6sungen"}]},{"@type":"WebSite","@id":"https:\/\/www.malik-management.com\/de\/#website","url":"https:\/\/www.malik-management.com\/de\/","name":"Malik Management","description":"Beyond conventional management","publisher":{"@id":"https:\/\/www.malik-management.com\/de\/#organization"},"potentialAction":[{"@type":"SearchAction","target":{"@type":"EntryPoint","urlTemplate":"https:\/\/www.malik-management.com\/de\/?s={search_term_string}"},"query-input":{"@type":"PropertyValueSpecification","valueRequired":true,"valueName":"search_term_string"}}],"inLanguage":"de"},{"@type":"Organization","@id":"https:\/\/www.malik-management.com\/de\/#organization","name":"malik international AG","url":"https:\/\/www.malik-management.com\/de\/","logo":{"@type":"ImageObject","inLanguage":"de","@id":"https:\/\/www.malik-management.com\/de\/#\/schema\/logo\/image\/","url":"https:\/\/www.malik-management.com\/wp-content\/uploads\/2018\/09\/Logo_malik_weiss-klein3.png","contentUrl":"https:\/\/www.malik-management.com\/wp-content\/uploads\/2018\/09\/Logo_malik_weiss-klein3.png","width":140,"height":41,"caption":"malik international AG"},"image":{"@id":"https:\/\/www.malik-management.com\/de\/#\/schema\/logo\/image\/"},"sameAs":["https:\/\/www.linkedin.com\/company\/30160","https:\/\/www.youtube.com\/user\/malikmanagement"]}]}},"_links":{"self":[{"href":"https:\/\/www.malik-management.com\/de\/wp-json\/wp\/v2\/pages\/16465","targetHints":{"allow":["GET"]}}],"collection":[{"href":"https:\/\/www.malik-management.com\/de\/wp-json\/wp\/v2\/pages"}],"about":[{"href":"https:\/\/www.malik-management.com\/de\/wp-json\/wp\/v2\/types\/page"}],"author":[{"embeddable":true,"href":"https:\/\/www.malik-management.com\/de\/wp-json\/wp\/v2\/users\/17"}],"replies":[{"embeddable":true,"href":"https:\/\/www.malik-management.com\/de\/wp-json\/wp\/v2\/comments?post=16465"}],"version-history":[{"count":13,"href":"https:\/\/www.malik-management.com\/de\/wp-json\/wp\/v2\/pages\/16465\/revisions"}],"predecessor-version":[{"id":28404,"href":"https:\/\/www.malik-management.com\/de\/wp-json\/wp\/v2\/pages\/16465\/revisions\/28404"}],"wp:attachment":[{"href":"https:\/\/www.malik-management.com\/de\/wp-json\/wp\/v2\/media?parent=16465"}],"curies":[{"name":"wp","href":"https:\/\/api.w.org\/{rel}","templated":true}]}}