{"id":16503,"date":"2017-09-08T05:16:31","date_gmt":"2017-09-08T05:16:31","guid":{"rendered":"https:\/\/www.malik.management\/malik-managment-system\/"},"modified":"2017-09-13T08:35:35","modified_gmt":"2017-09-13T08:35:35","slug":"malik-management-systeme","status":"publish","type":"page","link":"https:\/\/www.malik-management.com\/de\/malik-ansatz\/malik-management-systeme\/","title":{"rendered":"Malik Management Systeme"},"content":{"rendered":"<div class=\"fusion-fullwidth fullwidth-box fusion-builder-row-1 malik_solutions_main nonhundred-percent-fullwidth non-hundred-percent-height-scrolling\" style=\"--awb-border-radius-top-left:0px;--awb-border-radius-top-right:0px;--awb-border-radius-bottom-right:0px;--awb-border-radius-bottom-left:0px;--awb-padding-top:30px;--awb-padding-bottom:30px;--awb-flex-wrap:wrap;\" ><div class=\"fusion-builder-row fusion-row\"><div class=\"fusion-layout-column fusion_builder_column fusion-builder-column-0 fusion_builder_column_3_4 3_4 fusion-three-fourth fusion-column-first fusion-animated\" style=\"--awb-bg-size:cover;width:75%;width:calc(75% - ( ( 4% ) * 0.75 ) );margin-right: 4%;\" data-animationType=\"fadeInUp\" data-animationDuration=\"1.0\" data-animationOffset=\"top-into-view\"><div class=\"fusion-column-wrapper fusion-flex-column-wrapper-legacy\"><div class=\"fusion-text fusion-text-1\"><div id=\"content-center\">\n<h2>Management-Betriebssysteme einer neuen Zeit<\/h2>\n<\/div>\n<\/div><div class=\"fusion-builder-row fusion-builder-row-inner fusion-row\"><div class=\"fusion-layout-column fusion_builder_column_inner fusion-builder-nested-column-0 fusion_builder_column_inner_1_4 1_4 fusion-one-fourth fusion-column-first\" style=\"--awb-bg-size:cover;width:25%;width:calc(25% - ( ( 4% ) * 0.25 ) );margin-right: 4%;\"><div class=\"fusion-column-wrapper fusion-flex-column-wrapper-legacy\"><div class=\"fusion-image-element fusion-image-align-center in-legacy-container\" style=\"text-align:center;--awb-caption-title-font-family:var(--h2_typography-font-family);--awb-caption-title-font-weight:var(--h2_typography-font-weight);--awb-caption-title-font-style:var(--h2_typography-font-style);--awb-caption-title-size:var(--h2_typography-font-size);--awb-caption-title-transform:var(--h2_typography-text-transform);--awb-caption-title-line-height:var(--h2_typography-line-height);--awb-caption-title-letter-spacing:var(--h2_typography-letter-spacing);\"><div class=\"imageframe-align-center\"><span class=\" fusion-imageframe imageframe-dropshadow imageframe-1 hover-type-zoomin\" style=\"-webkit-box-shadow: 3px 3px 7px rgba(0,0,0,0.3);box-shadow: 3px 3px 7px rgba(0,0,0,0.3);\"><a href=\"https:\/\/www.malik-management.com\/wp-content\/uploads\/2017\/09\/malik-management-systeme-236px.gif\" class=\"fusion-lightbox\" data-rel=\"iLightbox[4996c5a6527bc77004d]\" data-title=\"malik-management-systeme-236px\" title=\"malik-management-systeme-236px\"><img decoding=\"async\" width=\"236\" height=\"205\" src=\"https:\/\/www.malik-management.com\/wp-content\/uploads\/2017\/09\/malik-management-systeme-236px.gif\" alt class=\"img-responsive wp-image-14783\"\/><\/a><\/span><\/div><\/div><div class=\"fusion-clearfix\"><\/div><\/div><\/div><div class=\"fusion-layout-column fusion_builder_column_inner fusion-builder-nested-column-1 fusion_builder_column_inner_3_4 3_4 fusion-three-fourth fusion-column-last\" style=\"--awb-bg-size:cover;width:75%;width:calc(75% - ( ( 4% ) * 0.75 ) );\"><div class=\"fusion-column-wrapper fusion-flex-column-wrapper-legacy\"><div class=\"fusion-text fusion-text-2\"><p>Management\u00a0<em>f\u00fcr Menschen<\/em>\u00a0und Management\u00a0<em>f\u00fcr Organisationen<\/em>\u00a0sind die Dimensionen der Anwendung von Maliks ganzheitlichen Management Systemen. Mit ihnen werden die Bedingungen daf\u00fcr geschaffen, dass Menschen ihre eigenen St\u00e4rken in Leistung umwandeln k\u00f6nnen, dass sie dadurch Erfolg haben und darin Sinn sehen und Erf\u00fcllung finden k\u00f6nnen.<\/p>\n<p>Die Malik ManagementSysteme\u00ae haben die einzigartige Charakteristika, durch die jede Managementherausforderung gemeistert werden kann: Sie sind universell g\u00fcltig, daher anwendbar f\u00fcr alle Institutionen, in allen Kulturen, f\u00fcr alle Personen, auf allen Ebenen, in allen Situationen.<\/p>\n<p><span style=\"color: #ff0000;\"><strong>\u00bb<\/strong><\/span>Die Malik Management Systeme verk\u00f6rpern Richtiges und Gutes Management, das ist identisch mit professionellem Management<br \/>\n<span style=\"color: #ff0000;\"><strong>\u00bb<\/strong><\/span>Sie sind lernbar und lehrbar; dies ist m\u00f6glich durch das Unterscheiden von Managementaufgaben und Sachaufgaben<br \/>\n<span style=\"color: #ff0000;\"><strong>\u00bb<\/strong><\/span>Das Auswahlkriterium der Systemelemente ist: Was braucht jede F\u00fchrungskraft \u2013 immer und \u00fcberall<br \/>\n<span style=\"color: #ff0000;\"><strong>\u00bb<\/strong><\/span>Sie unterscheiden zwischen Sein und Tun, Verhalten und Handeln, Tugenden und Praktiken<br \/>\n<span style=\"color: #ff0000;\"><strong>\u00bb<\/strong><\/span> Sie unterscheiden zwischen Wissen und Anwendung, dem allgemeinen und dem einzelnen Fall<br \/>\n<span style=\"color: #ff0000;\"><strong>\u00bb<\/strong><\/span> Sie haben eine modulare Struktur f\u00fcr unbegrenzte Konfiguration und Anwendung.<\/p>\n<p>Die Malik Management Systeme\u00ae bef\u00e4higen jede\u00a0<a href=\"https:\/\/www.malik-management.com\/de\/malik-loesungen\/management-fuer-unternehmen\/\">Organisation<\/a>\u00a0und jede\u00a0<a href=\"https:\/\/www.malik-management.com\/de\/malik-loesungen\/malik-new-world-education\/\">Person<\/a>\u00a0wirksam und verl\u00e4sslich zu funktionieren. Ihre Grundlage sind die\u00a0<a href=\"https:\/\/www.malik-management.com\/de\/malik-ansatz\/malik-basis-modelle\/\">Malik Basismodelle<\/a>.<\/p>\n<p>Die Malik Management Systeme\u00a0<a href=\"http:\/\/www.malik-management.com\/MMS_DE_Online\/main.html\" target=\"_blank\" rel=\"noopener\">interaktiv<\/a>\u00a0erleben.<\/p>\n<\/div><div class=\"fusion-clearfix\"><\/div><\/div><\/div><\/div><div class=\"fusion-clearfix\"><\/div><\/div><\/div><div class=\"fusion-layout-column fusion_builder_column fusion-builder-column-1 fusion_builder_column_1_4 1_4 fusion-one-fourth fusion-column-last malik_solutions_main_right fusion-animated\" style=\"--awb-bg-size:cover;width:25%;width:calc(25% - ( ( 4% ) * 0.25 ) );\" data-animationType=\"fadeInRight\" data-animationDuration=\"1.0\" data-animationOffset=\"top-into-view\"><div class=\"fusion-column-wrapper fusion-flex-column-wrapper-legacy\"><div class=\"fusion-image-element fusion-image-align-center in-legacy-container\" style=\"text-align:center;--awb-caption-title-font-family:var(--h2_typography-font-family);--awb-caption-title-font-weight:var(--h2_typography-font-weight);--awb-caption-title-font-style:var(--h2_typography-font-style);--awb-caption-title-size:var(--h2_typography-font-size);--awb-caption-title-transform:var(--h2_typography-text-transform);--awb-caption-title-line-height:var(--h2_typography-line-height);--awb-caption-title-letter-spacing:var(--h2_typography-letter-spacing);\"><div class=\"imageframe-align-center\"><span class=\" fusion-imageframe imageframe-dropshadow imageframe-2 hover-type-zoomin malik_solutions_main_right_image01\" style=\"-webkit-box-shadow: 3px 3px 7px rgba(0,0,0,0.3);box-shadow: 3px 3px 7px rgba(0,0,0,0.3);\"><a class=\"fusion-no-lightbox\" href=\"\/MMS_EN_Online\/main.html\" target=\"_blank\" aria-label=\"malik-methoden\" rel=\"noopener noreferrer\"><img decoding=\"async\" width=\"273\" height=\"530\" src=\"https:\/\/www.malik-management.com\/wp-content\/uploads\/2017\/09\/malik-methoden.jpg\" alt class=\"img-responsive wp-image-16509\" srcset=\"https:\/\/www.malik-management.com\/wp-content\/uploads\/2017\/09\/malik-methoden-200x388.jpg 200w, https:\/\/www.malik-management.com\/wp-content\/uploads\/2017\/09\/malik-methoden.jpg 273w\" sizes=\"(max-width: 800px) 100vw, 273px\" \/><\/a><\/span><\/div><\/div><div class=\"fusion-clearfix\"><\/div><\/div><\/div><\/div><\/div>\n","protected":false},"excerpt":{"rendered":"","protected":false},"author":17,"featured_media":0,"parent":16460,"menu_order":0,"comment_status":"closed","ping_status":"closed","template":"side-navigation.php","meta":{"_acf_changed":false,"_bbp_topic_count":0,"_bbp_reply_count":0,"_bbp_total_topic_count":0,"_bbp_total_reply_count":0,"_bbp_voice_count":0,"_bbp_anonymous_reply_count":0,"_bbp_topic_count_hidden":0,"_bbp_reply_count_hidden":0,"_bbp_forum_subforum_count":0,"footnotes":""},"class_list":["post-16503","page","type-page","status-publish","hentry"],"acf":[],"yoast_head":"<!-- This site is optimized with the Yoast SEO plugin v26.4 - https:\/\/yoast.com\/wordpress\/plugins\/seo\/ -->\n<title>Malik Management Systeme - Malik Management<\/title>\n<meta name=\"robots\" content=\"index, follow, max-snippet:-1, max-image-preview:large, max-video-preview:-1\" \/>\n<link rel=\"canonical\" href=\"https:\/\/www.malik-management.com\/de\/malik-ansatz\/malik-management-systeme\/\" \/>\n<meta property=\"og:locale\" content=\"de_DE\" \/>\n<meta property=\"og:type\" content=\"article\" \/>\n<meta property=\"og:title\" content=\"Malik Management Systeme - Malik Management\" \/>\n<meta property=\"og:url\" content=\"https:\/\/www.malik-management.com\/de\/malik-ansatz\/malik-management-systeme\/\" \/>\n<meta property=\"og:site_name\" content=\"Malik Management\" \/>\n<meta property=\"article:modified_time\" content=\"2017-09-13T08:35:35+00:00\" \/>\n<meta name=\"twitter:card\" content=\"summary_large_image\" \/>\n<meta name=\"twitter:label1\" content=\"Gesch\u00e4tzte Lesezeit\" \/>\n\t<meta name=\"twitter:data1\" content=\"4\u00a0Minuten\" \/>\n<script type=\"application\/ld+json\" class=\"yoast-schema-graph\">{\"@context\":\"https:\/\/schema.org\",\"@graph\":[{\"@type\":\"WebPage\",\"@id\":\"https:\/\/www.malik-management.com\/de\/malik-ansatz\/malik-management-systeme\/\",\"url\":\"https:\/\/www.malik-management.com\/de\/malik-ansatz\/malik-management-systeme\/\",\"name\":\"Malik Management Systeme - Malik Management\",\"isPartOf\":{\"@id\":\"https:\/\/www.malik-management.com\/de\/#website\"},\"datePublished\":\"2017-09-08T05:16:31+00:00\",\"dateModified\":\"2017-09-13T08:35:35+00:00\",\"breadcrumb\":{\"@id\":\"https:\/\/www.malik-management.com\/de\/malik-ansatz\/malik-management-systeme\/#breadcrumb\"},\"inLanguage\":\"de\",\"potentialAction\":[{\"@type\":\"ReadAction\",\"target\":[\"https:\/\/www.malik-management.com\/de\/malik-ansatz\/malik-management-systeme\/\"]}]},{\"@type\":\"BreadcrumbList\",\"@id\":\"https:\/\/www.malik-management.com\/de\/malik-ansatz\/malik-management-systeme\/#breadcrumb\",\"itemListElement\":[{\"@type\":\"ListItem\",\"position\":1,\"name\":\"Home\",\"item\":\"https:\/\/www.malik-management.com\/de\/\"},{\"@type\":\"ListItem\",\"position\":2,\"name\":\"Malik Ansatz\",\"item\":\"https:\/\/www.malik-management.com\/de\/malik-ansatz\/\"},{\"@type\":\"ListItem\",\"position\":3,\"name\":\"Malik Management Systeme\"}]},{\"@type\":\"WebSite\",\"@id\":\"https:\/\/www.malik-management.com\/de\/#website\",\"url\":\"https:\/\/www.malik-management.com\/de\/\",\"name\":\"Malik Management\",\"description\":\"Beyond conventional management\",\"publisher\":{\"@id\":\"https:\/\/www.malik-management.com\/de\/#organization\"},\"potentialAction\":[{\"@type\":\"SearchAction\",\"target\":{\"@type\":\"EntryPoint\",\"urlTemplate\":\"https:\/\/www.malik-management.com\/de\/?s={search_term_string}\"},\"query-input\":{\"@type\":\"PropertyValueSpecification\",\"valueRequired\":true,\"valueName\":\"search_term_string\"}}],\"inLanguage\":\"de\"},{\"@type\":\"Organization\",\"@id\":\"https:\/\/www.malik-management.com\/de\/#organization\",\"name\":\"malik international AG\",\"url\":\"https:\/\/www.malik-management.com\/de\/\",\"logo\":{\"@type\":\"ImageObject\",\"inLanguage\":\"de\",\"@id\":\"https:\/\/www.malik-management.com\/de\/#\/schema\/logo\/image\/\",\"url\":\"https:\/\/www.malik-management.com\/wp-content\/uploads\/2018\/09\/Logo_malik_weiss-klein3.png\",\"contentUrl\":\"https:\/\/www.malik-management.com\/wp-content\/uploads\/2018\/09\/Logo_malik_weiss-klein3.png\",\"width\":140,\"height\":41,\"caption\":\"malik international AG\"},\"image\":{\"@id\":\"https:\/\/www.malik-management.com\/de\/#\/schema\/logo\/image\/\"},\"sameAs\":[\"https:\/\/www.linkedin.com\/company\/30160\",\"https:\/\/www.youtube.com\/user\/malikmanagement\"]}]}<\/script>\n<!-- \/ Yoast SEO plugin. -->","yoast_head_json":{"title":"Malik Management Systeme - Malik Management","robots":{"index":"index","follow":"follow","max-snippet":"max-snippet:-1","max-image-preview":"max-image-preview:large","max-video-preview":"max-video-preview:-1"},"canonical":"https:\/\/www.malik-management.com\/de\/malik-ansatz\/malik-management-systeme\/","og_locale":"de_DE","og_type":"article","og_title":"Malik Management Systeme - Malik Management","og_url":"https:\/\/www.malik-management.com\/de\/malik-ansatz\/malik-management-systeme\/","og_site_name":"Malik Management","article_modified_time":"2017-09-13T08:35:35+00:00","twitter_card":"summary_large_image","twitter_misc":{"Gesch\u00e4tzte Lesezeit":"4\u00a0Minuten"},"schema":{"@context":"https:\/\/schema.org","@graph":[{"@type":"WebPage","@id":"https:\/\/www.malik-management.com\/de\/malik-ansatz\/malik-management-systeme\/","url":"https:\/\/www.malik-management.com\/de\/malik-ansatz\/malik-management-systeme\/","name":"Malik Management Systeme - Malik Management","isPartOf":{"@id":"https:\/\/www.malik-management.com\/de\/#website"},"datePublished":"2017-09-08T05:16:31+00:00","dateModified":"2017-09-13T08:35:35+00:00","breadcrumb":{"@id":"https:\/\/www.malik-management.com\/de\/malik-ansatz\/malik-management-systeme\/#breadcrumb"},"inLanguage":"de","potentialAction":[{"@type":"ReadAction","target":["https:\/\/www.malik-management.com\/de\/malik-ansatz\/malik-management-systeme\/"]}]},{"@type":"BreadcrumbList","@id":"https:\/\/www.malik-management.com\/de\/malik-ansatz\/malik-management-systeme\/#breadcrumb","itemListElement":[{"@type":"ListItem","position":1,"name":"Home","item":"https:\/\/www.malik-management.com\/de\/"},{"@type":"ListItem","position":2,"name":"Malik Ansatz","item":"https:\/\/www.malik-management.com\/de\/malik-ansatz\/"},{"@type":"ListItem","position":3,"name":"Malik Management Systeme"}]},{"@type":"WebSite","@id":"https:\/\/www.malik-management.com\/de\/#website","url":"https:\/\/www.malik-management.com\/de\/","name":"Malik Management","description":"Beyond conventional management","publisher":{"@id":"https:\/\/www.malik-management.com\/de\/#organization"},"potentialAction":[{"@type":"SearchAction","target":{"@type":"EntryPoint","urlTemplate":"https:\/\/www.malik-management.com\/de\/?s={search_term_string}"},"query-input":{"@type":"PropertyValueSpecification","valueRequired":true,"valueName":"search_term_string"}}],"inLanguage":"de"},{"@type":"Organization","@id":"https:\/\/www.malik-management.com\/de\/#organization","name":"malik international AG","url":"https:\/\/www.malik-management.com\/de\/","logo":{"@type":"ImageObject","inLanguage":"de","@id":"https:\/\/www.malik-management.com\/de\/#\/schema\/logo\/image\/","url":"https:\/\/www.malik-management.com\/wp-content\/uploads\/2018\/09\/Logo_malik_weiss-klein3.png","contentUrl":"https:\/\/www.malik-management.com\/wp-content\/uploads\/2018\/09\/Logo_malik_weiss-klein3.png","width":140,"height":41,"caption":"malik international AG"},"image":{"@id":"https:\/\/www.malik-management.com\/de\/#\/schema\/logo\/image\/"},"sameAs":["https:\/\/www.linkedin.com\/company\/30160","https:\/\/www.youtube.com\/user\/malikmanagement"]}]}},"_links":{"self":[{"href":"https:\/\/www.malik-management.com\/de\/wp-json\/wp\/v2\/pages\/16503","targetHints":{"allow":["GET"]}}],"collection":[{"href":"https:\/\/www.malik-management.com\/de\/wp-json\/wp\/v2\/pages"}],"about":[{"href":"https:\/\/www.malik-management.com\/de\/wp-json\/wp\/v2\/types\/page"}],"author":[{"embeddable":true,"href":"https:\/\/www.malik-management.com\/de\/wp-json\/wp\/v2\/users\/17"}],"replies":[{"embeddable":true,"href":"https:\/\/www.malik-management.com\/de\/wp-json\/wp\/v2\/comments?post=16503"}],"version-history":[{"count":6,"href":"https:\/\/www.malik-management.com\/de\/wp-json\/wp\/v2\/pages\/16503\/revisions"}],"predecessor-version":[{"id":18567,"href":"https:\/\/www.malik-management.com\/de\/wp-json\/wp\/v2\/pages\/16503\/revisions\/18567"}],"up":[{"embeddable":true,"href":"https:\/\/www.malik-management.com\/de\/wp-json\/wp\/v2\/pages\/16460"}],"wp:attachment":[{"href":"https:\/\/www.malik-management.com\/de\/wp-json\/wp\/v2\/media?parent=16503"}],"curies":[{"name":"wp","href":"https:\/\/api.w.org\/{rel}","templated":true}]}}