{"id":16514,"date":"2017-09-08T05:22:07","date_gmt":"2017-09-08T05:22:07","guid":{"rendered":"https:\/\/www.malik.management\/basic-malik-models\/"},"modified":"2017-09-14T12:30:43","modified_gmt":"2017-09-14T12:30:43","slug":"malik-basis-modelle","status":"publish","type":"page","link":"https:\/\/www.malik-management.com\/de\/malik-ansatz\/malik-basis-modelle\/","title":{"rendered":"Malik Basis Modelle"},"content":{"rendered":"<div class=\"fusion-fullwidth fullwidth-box fusion-builder-row-1 malik_solutions_main nonhundred-percent-fullwidth non-hundred-percent-height-scrolling\" style=\"--awb-border-radius-top-left:0px;--awb-border-radius-top-right:0px;--awb-border-radius-bottom-right:0px;--awb-border-radius-bottom-left:0px;--awb-padding-top:30px;--awb-padding-bottom:30px;--awb-flex-wrap:wrap;\" ><div class=\"fusion-builder-row fusion-row\"><div class=\"fusion-layout-column fusion_builder_column fusion-builder-column-0 fusion_builder_column_1_1 1_1 fusion-one-full fusion-column-first fusion-column-last fusion-animated\" style=\"--awb-bg-size:cover;\" data-animationType=\"fadeInUp\" data-animationDuration=\"1.0\" data-animationOffset=\"top-into-view\"><div class=\"fusion-column-wrapper fusion-flex-column-wrapper-legacy\"><div class=\"fusion-text fusion-text-1\"><div id=\"content-center\">\n<h2>Die Malik Management Basis-Modelle<\/h2>\n<p>Maliks Grundmodelle f\u00fcr ganzheitliches Management sind umfassende L\u00f6sungen f\u00fcr die meisten Managementprobleme und verst\u00e4rken die Manageability von Organisationen um ein Vielfaches. Sie revolutionieren vor allem die F\u00e4higkeit, Change wirksam zu bew\u00e4ltigen sowie die Umsetzungskraft von Massnahmen in Ergebnisse. Mit diesen Modellen werden die Voraussetzungen f\u00fcr systemimmanente Koordination und Koh\u00e4renz durch Selbstregulierung und Selbstorganisation bis in die Kapillaren einer Organisation geschaffen.<\/p>\n<p>Der innere Kern der <a href=\"https:\/\/www.malik-management.com\/de\/malik-ansatz\/malik-management-systeme\/\">Malik ManagementSysteme\u00ae<\/a> sind drei Basis-Modelle, die alles enthalten, um richtig und gut zu managen, damit Organisationen funktionieren und Menschen erfolgreich sind.<\/p>\n<\/div>\n<\/div><div class=\"fusion-text fusion-text-2\"><div id=\"content-center\">\n<h3>Management von Institutionen: Das Malik General Management Modell\u00ae (GMM\u00ae)<br \/>\n<\/h3>\n<\/div>\n<\/div><div class=\"fusion-builder-row fusion-builder-row-inner fusion-row\"><div class=\"fusion-layout-column fusion_builder_column_inner fusion-builder-nested-column-0 fusion_builder_column_inner_1_4 1_4 fusion-one-fourth fusion-column-first\" style=\"--awb-bg-size:cover;width:25%;width:calc(25% - ( ( 4% ) * 0.25 ) );margin-right: 4%;\"><div class=\"fusion-column-wrapper fusion-flex-column-wrapper-legacy\"><div class=\"fusion-image-element fusion-image-align-center in-legacy-container\" style=\"text-align:center;--awb-caption-title-font-family:var(--h2_typography-font-family);--awb-caption-title-font-weight:var(--h2_typography-font-weight);--awb-caption-title-font-style:var(--h2_typography-font-style);--awb-caption-title-size:var(--h2_typography-font-size);--awb-caption-title-transform:var(--h2_typography-text-transform);--awb-caption-title-line-height:var(--h2_typography-line-height);--awb-caption-title-letter-spacing:var(--h2_typography-letter-spacing);\"><div class=\"imageframe-align-center\"><span class=\" fusion-imageframe imageframe-dropshadow imageframe-1 hover-type-zoomin malik_solutions_main_right_image01_small\" style=\"-webkit-box-shadow: 3px 3px 7px rgba(0,0,0,0.3);box-shadow: 3px 3px 7px rgba(0,0,0,0.3);\"><a href=\"https:\/\/www.malik-management.com\/wp-content\/uploads\/2017\/09\/malik-general-management-model-600.jpg\" class=\"fusion-lightbox\" data-rel=\"iLightbox[09bcc30a25effa25b11]\" data-title=\"malik-general-management-model-600\" title=\"malik-general-management-model-600\"><img decoding=\"async\" width=\"516\" height=\"550\" src=\"https:\/\/www.malik-management.com\/wp-content\/uploads\/2017\/09\/malik-general-management-model-600.jpg\" alt class=\"img-responsive wp-image-16524\" srcset=\"https:\/\/www.malik-management.com\/wp-content\/uploads\/2017\/09\/malik-general-management-model-600-200x213.jpg 200w, https:\/\/www.malik-management.com\/wp-content\/uploads\/2017\/09\/malik-general-management-model-600-400x426.jpg 400w, https:\/\/www.malik-management.com\/wp-content\/uploads\/2017\/09\/malik-general-management-model-600.jpg 516w\" sizes=\"(max-width: 800px) 100vw, 400px\" \/><\/a><\/span><\/div><\/div><div class=\"fusion-clearfix\"><\/div><\/div><\/div><div class=\"fusion-layout-column fusion_builder_column_inner fusion-builder-nested-column-1 fusion_builder_column_inner_3_4 3_4 fusion-three-fourth fusion-column-last\" style=\"--awb-bg-size:cover;width:75%;width:calc(75% - ( ( 4% ) * 0.75 ) );\"><div class=\"fusion-column-wrapper fusion-flex-column-wrapper-legacy\"><div class=\"fusion-text fusion-text-3\"><p>Auf der Ebene von Gesamtinstitutionen kommt als Management Assistenz das Malik General Management Modell\u00ae zum Einsatz, das die n\u00f6tigen Teilsysteme f\u00fcr die Gesamtf\u00fchrung von Institutionen jeder Art und Gr\u00f6\u00dfe enth\u00e4lt. Der Begriff &#8222;Institution&#8220; umfasst s\u00e4mtliche Arten von Organisationen. Alle Teile sind vernetzt und f\u00fcgen sich zu einem Ganzen zusammen. Gleichzeitig sind sie eingebettet in die Teilsysteme der Corporate Governance und der Coporate Policy, die ihrerseits in die Umwelt eingebettet sind und das Interface zu dieser bilden. Diese Art zu denken und Management zu sehen und zu verstehen \u00f6ffnet den Weg f\u00fcr F\u00fchrungskr\u00e4fte zu jenem richtig verstandenen Generalistentum, f\u00fcr das gleichzeitig auch ihr Spezialwissen erhalten bleibt, das ebenso n\u00f6tig ist. Diese Art des Modellierens der Gestaltungs- und Lenkungsfunktion, die wir Management in einem umfassenden Sinne nennen, was Governance und Leadership ebenso umfasst, erm\u00f6glicht die irrtumsfreie Orientierung und Navigation bei jedem Komplexit\u00e4tsgrad. Das Malik General Management Modell\u00a0<a id=\"flash_box_link\" href=\"http:\/\/www.malik-management.com\/de\/malik-ansatz\/malik-basis-modelle#flash_box\">interaktiv<\/a>\u00a0erleben.<\/p>\n<\/div><div class=\"fusion-clearfix\"><\/div><\/div><\/div><\/div><div class=\"fusion-text fusion-text-4\"><div id=\"content-center\">\n<h3>Management f\u00fcr Personen: Das Malik Standardmodell der Wirksamkeit\u00ae (&#8222;Malik F\u00fchrungsrad\u00ae&#8220;)<\/h3>\n<\/div>\n<\/div><div class=\"fusion-builder-row fusion-builder-row-inner fusion-row\"><div class=\"fusion-layout-column fusion_builder_column_inner fusion-builder-nested-column-2 fusion_builder_column_inner_1_4 1_4 fusion-one-fourth fusion-column-first\" style=\"--awb-bg-size:cover;width:25%;width:calc(25% - ( ( 4% ) * 0.25 ) );margin-right: 4%;\"><div class=\"fusion-column-wrapper fusion-flex-column-wrapper-legacy\"><div class=\"fusion-image-element fusion-image-align-center in-legacy-container\" style=\"text-align:center;--awb-caption-title-font-family:var(--h2_typography-font-family);--awb-caption-title-font-weight:var(--h2_typography-font-weight);--awb-caption-title-font-style:var(--h2_typography-font-style);--awb-caption-title-size:var(--h2_typography-font-size);--awb-caption-title-transform:var(--h2_typography-text-transform);--awb-caption-title-line-height:var(--h2_typography-line-height);--awb-caption-title-letter-spacing:var(--h2_typography-letter-spacing);\"><div class=\"imageframe-align-center\"><span class=\" fusion-imageframe imageframe-dropshadow imageframe-2 hover-type-zoomin malik_solutions_main_right_image01_small\" style=\"-webkit-box-shadow: 3px 3px 7px rgba(0,0,0,0.3);box-shadow: 3px 3px 7px rgba(0,0,0,0.3);\"><a href=\"https:\/\/www.malik-management.com\/wp-content\/uploads\/2017\/09\/malik-fuehrungsrad-600.jpg\" class=\"fusion-lightbox\" data-rel=\"iLightbox[ed8f73db9d5e10554d3]\" data-title=\"malik-fuehrungsrad-600\" title=\"malik-fuehrungsrad-600\"><img decoding=\"async\" width=\"516\" height=\"550\" src=\"https:\/\/www.malik-management.com\/wp-content\/uploads\/2017\/09\/malik-fuehrungsrad-600.jpg\" alt class=\"img-responsive wp-image-16528\" srcset=\"https:\/\/www.malik-management.com\/wp-content\/uploads\/2017\/09\/malik-fuehrungsrad-600-200x213.jpg 200w, https:\/\/www.malik-management.com\/wp-content\/uploads\/2017\/09\/malik-fuehrungsrad-600-400x426.jpg 400w, https:\/\/www.malik-management.com\/wp-content\/uploads\/2017\/09\/malik-fuehrungsrad-600.jpg 516w\" sizes=\"(max-width: 800px) 100vw, 400px\" \/><\/a><\/span><\/div><\/div><div class=\"fusion-clearfix\"><\/div><\/div><\/div><div class=\"fusion-layout-column fusion_builder_column_inner fusion-builder-nested-column-3 fusion_builder_column_inner_3_4 3_4 fusion-three-fourth fusion-column-last\" style=\"--awb-bg-size:cover;width:75%;width:calc(75% - ( ( 4% ) * 0.75 ) );\"><div class=\"fusion-column-wrapper fusion-flex-column-wrapper-legacy\"><div class=\"fusion-text fusion-text-5\"><p>Auf der Ebene der einzelnen Person und der Teams ist das Standardtool Maliks Modell der manageriellen Wirksamkeit, wof\u00fcr sich rasch der Begriff Malik F\u00fchrungsrad\u00ae eingeb\u00fcrgert hat. Dieses enth\u00e4lt alle n\u00f6tigen und hinreichenden Komponenten der professionellen Effektivit\u00e4t, n\u00e4mlich die Grunds\u00e4tze, Aufgaben und Werkzeuge f\u00fcr wirksames Handeln sowie die daf\u00fcr n\u00f6tige Kommunikation und Verantwortung. Im Buch\u00a0<a href=\"https:\/\/www.malik-management.com\/de\/ueber-uns\/\">F\u00fchren Leisten Leben<\/a>\u00a0ist das F\u00fchrungsrad im Detail beschrieben.<\/p>\n<\/div><div class=\"fusion-clearfix\"><\/div><\/div><\/div><\/div><div class=\"fusion-text fusion-text-6\"><div id=\"content-center\">\n<h3>Das Malik Integrierte Management System\u00ae (IMS\u00ae)<\/h3>\n<\/div>\n<\/div><div class=\"fusion-builder-row fusion-builder-row-inner fusion-row\"><div class=\"fusion-layout-column fusion_builder_column_inner fusion-builder-nested-column-4 fusion_builder_column_inner_1_4 1_4 fusion-one-fourth fusion-column-first\" style=\"--awb-bg-size:cover;width:25%;width:calc(25% - ( ( 4% ) * 0.25 ) );margin-right: 4%;\"><div class=\"fusion-column-wrapper fusion-flex-column-wrapper-legacy\"><div class=\"fusion-image-element fusion-image-align-center in-legacy-container\" style=\"text-align:center;--awb-caption-title-font-family:var(--h2_typography-font-family);--awb-caption-title-font-weight:var(--h2_typography-font-weight);--awb-caption-title-font-style:var(--h2_typography-font-style);--awb-caption-title-size:var(--h2_typography-font-size);--awb-caption-title-transform:var(--h2_typography-text-transform);--awb-caption-title-line-height:var(--h2_typography-line-height);--awb-caption-title-letter-spacing:var(--h2_typography-letter-spacing);\"><div class=\"imageframe-align-center\"><span class=\" fusion-imageframe imageframe-dropshadow imageframe-3 hover-type-zoomin malik_solutions_main_right_image01_small\" style=\"-webkit-box-shadow: 3px 3px 7px rgba(0,0,0,0.3);box-shadow: 3px 3px 7px rgba(0,0,0,0.3);\"><a href=\"https:\/\/www.malik-management.com\/wp-content\/uploads\/2017\/09\/malik-ims-600.jpg\" class=\"fusion-lightbox\" data-rel=\"iLightbox[6196ed85a0020e27b24]\" data-title=\"malik-ims-600\" title=\"malik-ims-600\"><img decoding=\"async\" width=\"600\" height=\"440\" src=\"https:\/\/www.malik-management.com\/wp-content\/uploads\/2017\/09\/malik-ims-600.jpg\" alt class=\"img-responsive wp-image-16537\" srcset=\"https:\/\/www.malik-management.com\/wp-content\/uploads\/2017\/09\/malik-ims-600-200x147.jpg 200w, https:\/\/www.malik-management.com\/wp-content\/uploads\/2017\/09\/malik-ims-600-400x293.jpg 400w, https:\/\/www.malik-management.com\/wp-content\/uploads\/2017\/09\/malik-ims-600.jpg 600w\" sizes=\"(max-width: 800px) 100vw, 400px\" \/><\/a><\/span><\/div><\/div><div class=\"fusion-clearfix\"><\/div><\/div><\/div><div class=\"fusion-layout-column fusion_builder_column_inner fusion-builder-nested-column-5 fusion_builder_column_inner_3_4 3_4 fusion-three-fourth fusion-column-last\" style=\"--awb-bg-size:cover;width:75%;width:calc(75% - ( ( 4% ) * 0.75 ) );\"><div class=\"fusion-column-wrapper fusion-flex-column-wrapper-legacy\"><div class=\"fusion-text fusion-text-7\"><p>Es ist das Modell f\u00fcr das Management von Menschen\u00a0<em>in<\/em>\u00a0Institutionen, also f\u00fcr die Ganzheit des Unternehmens. Das IMS enth\u00e4lt alle f\u00fcr das Funktionieren einer Organisation n\u00f6tigen und hinreichenden Systemelemente in zwei Dimensionen: erstens in der\u00a0<em>zeitlichen<\/em>\u00a0Anwendung bezogen auf Gegenwart und Zukunft (vertikale Achse) und zweitens in der<em>\u00a0inhaltlichen<\/em>\u00a0Dimension bezogen auf das Unternehmen als Ganzes und bezogen auf den individuellen Mitarbeiter (horizontale Achse). Mit der Unternehmensstrategie beantwortet das Top-Management die F\u00fchrungsfrage:\u00a0<em>Wohin gehen wir<\/em>? Input f\u00fcr die Strategie sind Unternehmenszweck und die Corporate Mission, die in der Frage\u00a0<em>Wer sind wir<\/em>? enthalten sind.<\/p>\n<p>\u00a0<\/p>\n<\/div><div class=\"fusion-clearfix\"><\/div><\/div><\/div><\/div><div class=\"fusion-text fusion-text-8\"><p>Schon diese wenigen Grundmodelle f\u00fcr ganzheitliches Mangement sind umfassende L\u00f6sungen f\u00fcr die meisten Managementprobleme und verst\u00e4rken die Manageability von Organisationen um ein Vielfaches. Sie revolutionieren vor allem die F\u00e4higkeit, Change wirksam zu bew\u00e4ltigen sowie die Umsetzungskraft von Ma\u00dfnahmen in Ergebnisse. Dies multipliziert sich, je weiter auch in die peripheren Bereiche einer Organisation hinaus dieselben Systeme skalen- und stufengerecht angewandt werden. Endlose Sitzungen und Konferenzen f\u00fcr das m\u00fchsame Abstimmen von Details finden damit ein Ende. Mit diesen Modellen werden die Voraussetzungen f\u00fcr systemimmanente Koordination und Koh\u00e4renz durch Selbstregulierung und Selbstorganisation bis in die Kapillaren einer Organisation geschaffen.<\/p>\n<\/div><div class=\"fusion-clearfix\"><\/div><\/div><\/div><\/div><\/div>\n","protected":false},"excerpt":{"rendered":"","protected":false},"author":17,"featured_media":0,"parent":16460,"menu_order":0,"comment_status":"closed","ping_status":"closed","template":"side-navigation.php","meta":{"_acf_changed":false,"_bbp_topic_count":0,"_bbp_reply_count":0,"_bbp_total_topic_count":0,"_bbp_total_reply_count":0,"_bbp_voice_count":0,"_bbp_anonymous_reply_count":0,"_bbp_topic_count_hidden":0,"_bbp_reply_count_hidden":0,"_bbp_forum_subforum_count":0,"footnotes":""},"class_list":["post-16514","page","type-page","status-publish","hentry"],"acf":[],"yoast_head":"<!-- This site is optimized with the Yoast SEO plugin v26.4 - https:\/\/yoast.com\/wordpress\/plugins\/seo\/ -->\n<title>Malik Basis Modelle - Malik Management<\/title>\n<meta name=\"robots\" content=\"index, follow, max-snippet:-1, max-image-preview:large, max-video-preview:-1\" \/>\n<link rel=\"canonical\" href=\"https:\/\/www.malik-management.com\/de\/malik-ansatz\/malik-basis-modelle\/\" \/>\n<meta property=\"og:locale\" content=\"de_DE\" \/>\n<meta property=\"og:type\" content=\"article\" \/>\n<meta property=\"og:title\" content=\"Malik Basis Modelle - Malik Management\" \/>\n<meta property=\"og:url\" content=\"https:\/\/www.malik-management.com\/de\/malik-ansatz\/malik-basis-modelle\/\" \/>\n<meta property=\"og:site_name\" content=\"Malik Management\" \/>\n<meta property=\"article:modified_time\" content=\"2017-09-14T12:30:43+00:00\" \/>\n<meta name=\"twitter:card\" content=\"summary_large_image\" \/>\n<meta name=\"twitter:label1\" content=\"Gesch\u00e4tzte Lesezeit\" \/>\n\t<meta name=\"twitter:data1\" content=\"7\u00a0Minuten\" \/>\n<script type=\"application\/ld+json\" class=\"yoast-schema-graph\">{\"@context\":\"https:\/\/schema.org\",\"@graph\":[{\"@type\":\"WebPage\",\"@id\":\"https:\/\/www.malik-management.com\/de\/malik-ansatz\/malik-basis-modelle\/\",\"url\":\"https:\/\/www.malik-management.com\/de\/malik-ansatz\/malik-basis-modelle\/\",\"name\":\"Malik Basis Modelle - Malik Management\",\"isPartOf\":{\"@id\":\"https:\/\/www.malik-management.com\/de\/#website\"},\"datePublished\":\"2017-09-08T05:22:07+00:00\",\"dateModified\":\"2017-09-14T12:30:43+00:00\",\"breadcrumb\":{\"@id\":\"https:\/\/www.malik-management.com\/de\/malik-ansatz\/malik-basis-modelle\/#breadcrumb\"},\"inLanguage\":\"de\",\"potentialAction\":[{\"@type\":\"ReadAction\",\"target\":[\"https:\/\/www.malik-management.com\/de\/malik-ansatz\/malik-basis-modelle\/\"]}]},{\"@type\":\"BreadcrumbList\",\"@id\":\"https:\/\/www.malik-management.com\/de\/malik-ansatz\/malik-basis-modelle\/#breadcrumb\",\"itemListElement\":[{\"@type\":\"ListItem\",\"position\":1,\"name\":\"Home\",\"item\":\"https:\/\/www.malik-management.com\/de\/\"},{\"@type\":\"ListItem\",\"position\":2,\"name\":\"Malik Ansatz\",\"item\":\"https:\/\/www.malik-management.com\/de\/malik-ansatz\/\"},{\"@type\":\"ListItem\",\"position\":3,\"name\":\"Malik Basis Modelle\"}]},{\"@type\":\"WebSite\",\"@id\":\"https:\/\/www.malik-management.com\/de\/#website\",\"url\":\"https:\/\/www.malik-management.com\/de\/\",\"name\":\"Malik Management\",\"description\":\"Beyond conventional management\",\"publisher\":{\"@id\":\"https:\/\/www.malik-management.com\/de\/#organization\"},\"potentialAction\":[{\"@type\":\"SearchAction\",\"target\":{\"@type\":\"EntryPoint\",\"urlTemplate\":\"https:\/\/www.malik-management.com\/de\/?s={search_term_string}\"},\"query-input\":{\"@type\":\"PropertyValueSpecification\",\"valueRequired\":true,\"valueName\":\"search_term_string\"}}],\"inLanguage\":\"de\"},{\"@type\":\"Organization\",\"@id\":\"https:\/\/www.malik-management.com\/de\/#organization\",\"name\":\"malik international AG\",\"url\":\"https:\/\/www.malik-management.com\/de\/\",\"logo\":{\"@type\":\"ImageObject\",\"inLanguage\":\"de\",\"@id\":\"https:\/\/www.malik-management.com\/de\/#\/schema\/logo\/image\/\",\"url\":\"https:\/\/www.malik-management.com\/wp-content\/uploads\/2018\/09\/Logo_malik_weiss-klein3.png\",\"contentUrl\":\"https:\/\/www.malik-management.com\/wp-content\/uploads\/2018\/09\/Logo_malik_weiss-klein3.png\",\"width\":140,\"height\":41,\"caption\":\"malik international AG\"},\"image\":{\"@id\":\"https:\/\/www.malik-management.com\/de\/#\/schema\/logo\/image\/\"},\"sameAs\":[\"https:\/\/www.linkedin.com\/company\/30160\",\"https:\/\/www.youtube.com\/user\/malikmanagement\"]}]}<\/script>\n<!-- \/ Yoast SEO plugin. -->","yoast_head_json":{"title":"Malik Basis Modelle - Malik Management","robots":{"index":"index","follow":"follow","max-snippet":"max-snippet:-1","max-image-preview":"max-image-preview:large","max-video-preview":"max-video-preview:-1"},"canonical":"https:\/\/www.malik-management.com\/de\/malik-ansatz\/malik-basis-modelle\/","og_locale":"de_DE","og_type":"article","og_title":"Malik Basis Modelle - Malik Management","og_url":"https:\/\/www.malik-management.com\/de\/malik-ansatz\/malik-basis-modelle\/","og_site_name":"Malik Management","article_modified_time":"2017-09-14T12:30:43+00:00","twitter_card":"summary_large_image","twitter_misc":{"Gesch\u00e4tzte Lesezeit":"7\u00a0Minuten"},"schema":{"@context":"https:\/\/schema.org","@graph":[{"@type":"WebPage","@id":"https:\/\/www.malik-management.com\/de\/malik-ansatz\/malik-basis-modelle\/","url":"https:\/\/www.malik-management.com\/de\/malik-ansatz\/malik-basis-modelle\/","name":"Malik Basis Modelle - Malik Management","isPartOf":{"@id":"https:\/\/www.malik-management.com\/de\/#website"},"datePublished":"2017-09-08T05:22:07+00:00","dateModified":"2017-09-14T12:30:43+00:00","breadcrumb":{"@id":"https:\/\/www.malik-management.com\/de\/malik-ansatz\/malik-basis-modelle\/#breadcrumb"},"inLanguage":"de","potentialAction":[{"@type":"ReadAction","target":["https:\/\/www.malik-management.com\/de\/malik-ansatz\/malik-basis-modelle\/"]}]},{"@type":"BreadcrumbList","@id":"https:\/\/www.malik-management.com\/de\/malik-ansatz\/malik-basis-modelle\/#breadcrumb","itemListElement":[{"@type":"ListItem","position":1,"name":"Home","item":"https:\/\/www.malik-management.com\/de\/"},{"@type":"ListItem","position":2,"name":"Malik Ansatz","item":"https:\/\/www.malik-management.com\/de\/malik-ansatz\/"},{"@type":"ListItem","position":3,"name":"Malik Basis Modelle"}]},{"@type":"WebSite","@id":"https:\/\/www.malik-management.com\/de\/#website","url":"https:\/\/www.malik-management.com\/de\/","name":"Malik Management","description":"Beyond conventional management","publisher":{"@id":"https:\/\/www.malik-management.com\/de\/#organization"},"potentialAction":[{"@type":"SearchAction","target":{"@type":"EntryPoint","urlTemplate":"https:\/\/www.malik-management.com\/de\/?s={search_term_string}"},"query-input":{"@type":"PropertyValueSpecification","valueRequired":true,"valueName":"search_term_string"}}],"inLanguage":"de"},{"@type":"Organization","@id":"https:\/\/www.malik-management.com\/de\/#organization","name":"malik international AG","url":"https:\/\/www.malik-management.com\/de\/","logo":{"@type":"ImageObject","inLanguage":"de","@id":"https:\/\/www.malik-management.com\/de\/#\/schema\/logo\/image\/","url":"https:\/\/www.malik-management.com\/wp-content\/uploads\/2018\/09\/Logo_malik_weiss-klein3.png","contentUrl":"https:\/\/www.malik-management.com\/wp-content\/uploads\/2018\/09\/Logo_malik_weiss-klein3.png","width":140,"height":41,"caption":"malik international AG"},"image":{"@id":"https:\/\/www.malik-management.com\/de\/#\/schema\/logo\/image\/"},"sameAs":["https:\/\/www.linkedin.com\/company\/30160","https:\/\/www.youtube.com\/user\/malikmanagement"]}]}},"_links":{"self":[{"href":"https:\/\/www.malik-management.com\/de\/wp-json\/wp\/v2\/pages\/16514","targetHints":{"allow":["GET"]}}],"collection":[{"href":"https:\/\/www.malik-management.com\/de\/wp-json\/wp\/v2\/pages"}],"about":[{"href":"https:\/\/www.malik-management.com\/de\/wp-json\/wp\/v2\/types\/page"}],"author":[{"embeddable":true,"href":"https:\/\/www.malik-management.com\/de\/wp-json\/wp\/v2\/users\/17"}],"replies":[{"embeddable":true,"href":"https:\/\/www.malik-management.com\/de\/wp-json\/wp\/v2\/comments?post=16514"}],"version-history":[{"count":8,"href":"https:\/\/www.malik-management.com\/de\/wp-json\/wp\/v2\/pages\/16514\/revisions"}],"predecessor-version":[{"id":19228,"href":"https:\/\/www.malik-management.com\/de\/wp-json\/wp\/v2\/pages\/16514\/revisions\/19228"}],"up":[{"embeddable":true,"href":"https:\/\/www.malik-management.com\/de\/wp-json\/wp\/v2\/pages\/16460"}],"wp:attachment":[{"href":"https:\/\/www.malik-management.com\/de\/wp-json\/wp\/v2\/media?parent=16514"}],"curies":[{"name":"wp","href":"https:\/\/api.w.org\/{rel}","templated":true}]}}