{"id":16584,"date":"2017-09-08T05:41:32","date_gmt":"2017-09-08T05:41:32","guid":{"rendered":"https:\/\/www.malik.management\/our-pioneears\/"},"modified":"2017-09-18T04:58:33","modified_gmt":"2017-09-18T04:58:33","slug":"unsere-pioniere","status":"publish","type":"page","link":"https:\/\/www.malik-management.com\/de\/malik-ansatz\/management-cybernetics-systemics-bionics\/unsere-pioniere\/","title":{"rendered":"Unsere Pioniere"},"content":{"rendered":"<div class=\"fusion-fullwidth fullwidth-box fusion-builder-row-1 malik_solutions_main nonhundred-percent-fullwidth non-hundred-percent-height-scrolling\" style=\"--awb-border-radius-top-left:0px;--awb-border-radius-top-right:0px;--awb-border-radius-bottom-right:0px;--awb-border-radius-bottom-left:0px;--awb-padding-top:30px;--awb-padding-bottom:30px;--awb-flex-wrap:wrap;\" ><div class=\"fusion-builder-row fusion-row\"><div class=\"fusion-layout-column fusion_builder_column fusion-builder-column-0 fusion_builder_column_1_4 1_4 fusion-one-fourth fusion-column-first malik_solutions_main_right fusion-animated\" style=\"--awb-bg-size:cover;width:25%;width:calc(25% - ( ( 4% ) * 0.25 ) );margin-right: 4%;\" data-animationType=\"fadeInRight\" data-animationDuration=\"1.0\" data-animationOffset=\"top-into-view\"><div class=\"fusion-column-wrapper fusion-flex-column-wrapper-legacy\"><div class=\"fusion-image-carousel fusion-image-carousel-auto fusion-image-carousel-1 lightbox-enabled fusion-carousel-border\"><div class=\"awb-carousel awb-swiper awb-swiper-carousel awb-swiper-dots-position-bottom awb-carousel--carousel\" data-layout=\"carousel\" data-autoplay=\"yes\" data-autoplayspeed=\"2500\" data-autoplaypause=\"no\" data-columns=\"1\" data-itemmargin=\"10\" data-itemwidth=\"180\" data-touchscroll=\"drag\" data-freemode=\"no\" data-imagesize=\"auto\" data-scrollitems=\"1\" data-centeredslides=\"no\" data-rotationangle=\"50\" data-depth=\"100\" data-speed=\"500\" data-shadow=\"no\" style=\"--awb-columns:1;--awb-column-spacing:10px;--awb-border-width:1px;--awb-border-color:#e9eaee;\"><div class=\"swiper-wrapper awb-image-carousel-wrapper fusion-flex-align-items-center\"><div class=\"swiper-slide\"><div class=\"fusion-carousel-item-wrapper\"><div class=\"fusion-image-wrapper hover-type-zoomin\"><img decoding=\"async\" width=\"220\" height=\"360\" src=\"https:\/\/www.malik-management.com\/wp-content\/uploads\/2017\/09\/ashby.png\" class=\"attachment-full size-full\" alt=\"\" srcset=\"https:\/\/www.malik-management.com\/wp-content\/uploads\/2017\/09\/ashby-183x300.png 183w, https:\/\/www.malik-management.com\/wp-content\/uploads\/2017\/09\/ashby-200x327.png 200w, https:\/\/www.malik-management.com\/wp-content\/uploads\/2017\/09\/ashby.png 220w\" sizes=\"(max-width: 220px) 100vw, 220px\" \/><\/div><\/div><\/div><div class=\"swiper-slide\"><div class=\"fusion-carousel-item-wrapper\"><div class=\"fusion-image-wrapper hover-type-zoomin\"><img decoding=\"async\" width=\"220\" height=\"360\" src=\"https:\/\/www.malik-management.com\/wp-content\/uploads\/2017\/09\/beer.png\" class=\"attachment-full size-full\" alt=\"\" srcset=\"https:\/\/www.malik-management.com\/wp-content\/uploads\/2017\/09\/beer-183x300.png 183w, https:\/\/www.malik-management.com\/wp-content\/uploads\/2017\/09\/beer-200x327.png 200w, https:\/\/www.malik-management.com\/wp-content\/uploads\/2017\/09\/beer.png 220w\" sizes=\"(max-width: 220px) 100vw, 220px\" \/><\/div><\/div><\/div><div class=\"swiper-slide\"><div class=\"fusion-carousel-item-wrapper\"><div class=\"fusion-image-wrapper hover-type-zoomin\"><img decoding=\"async\" width=\"220\" height=\"360\" src=\"https:\/\/www.malik-management.com\/wp-content\/uploads\/2017\/09\/doerner.png\" class=\"attachment-full size-full\" alt=\"\" srcset=\"https:\/\/www.malik-management.com\/wp-content\/uploads\/2017\/09\/doerner-183x300.png 183w, https:\/\/www.malik-management.com\/wp-content\/uploads\/2017\/09\/doerner-200x327.png 200w, https:\/\/www.malik-management.com\/wp-content\/uploads\/2017\/09\/doerner.png 220w\" sizes=\"(max-width: 220px) 100vw, 220px\" \/><\/div><\/div><\/div><div class=\"swiper-slide\"><div class=\"fusion-carousel-item-wrapper\"><div class=\"fusion-image-wrapper hover-type-zoomin\"><img decoding=\"async\" width=\"220\" height=\"360\" src=\"https:\/\/www.malik-management.com\/wp-content\/uploads\/2017\/09\/drucker.png\" class=\"attachment-full size-full\" alt=\"\" srcset=\"https:\/\/www.malik-management.com\/wp-content\/uploads\/2017\/09\/drucker-183x300.png 183w, https:\/\/www.malik-management.com\/wp-content\/uploads\/2017\/09\/drucker-200x327.png 200w, https:\/\/www.malik-management.com\/wp-content\/uploads\/2017\/09\/drucker.png 220w\" sizes=\"(max-width: 220px) 100vw, 220px\" \/><\/div><\/div><\/div><div class=\"swiper-slide\"><div class=\"fusion-carousel-item-wrapper\"><div class=\"fusion-image-wrapper hover-type-zoomin\"><img decoding=\"async\" width=\"220\" height=\"360\" src=\"https:\/\/www.malik-management.com\/wp-content\/uploads\/2017\/09\/foerster.png\" class=\"attachment-full size-full\" alt=\"\" srcset=\"https:\/\/www.malik-management.com\/wp-content\/uploads\/2017\/09\/foerster-183x300.png 183w, https:\/\/www.malik-management.com\/wp-content\/uploads\/2017\/09\/foerster-200x327.png 200w, https:\/\/www.malik-management.com\/wp-content\/uploads\/2017\/09\/foerster.png 220w\" sizes=\"(max-width: 220px) 100vw, 220px\" \/><\/div><\/div><\/div><div class=\"swiper-slide\"><div class=\"fusion-carousel-item-wrapper\"><div class=\"fusion-image-wrapper hover-type-zoomin\"><img decoding=\"async\" width=\"220\" height=\"360\" src=\"https:\/\/www.malik-management.com\/wp-content\/uploads\/2017\/09\/gaelweiler.png\" class=\"attachment-full size-full\" alt=\"\" srcset=\"https:\/\/www.malik-management.com\/wp-content\/uploads\/2017\/09\/gaelweiler-183x300.png 183w, https:\/\/www.malik-management.com\/wp-content\/uploads\/2017\/09\/gaelweiler-200x327.png 200w, https:\/\/www.malik-management.com\/wp-content\/uploads\/2017\/09\/gaelweiler.png 220w\" sizes=\"(max-width: 220px) 100vw, 220px\" \/><\/div><\/div><\/div><div class=\"swiper-slide\"><div class=\"fusion-carousel-item-wrapper\"><div class=\"fusion-image-wrapper hover-type-zoomin\"><img decoding=\"async\" width=\"220\" height=\"360\" src=\"https:\/\/www.malik-management.com\/wp-content\/uploads\/2017\/09\/heinsohn.png\" class=\"attachment-full size-full\" alt=\"\" srcset=\"https:\/\/www.malik-management.com\/wp-content\/uploads\/2017\/09\/heinsohn-183x300.png 183w, https:\/\/www.malik-management.com\/wp-content\/uploads\/2017\/09\/heinsohn-200x327.png 200w, https:\/\/www.malik-management.com\/wp-content\/uploads\/2017\/09\/heinsohn.png 220w\" sizes=\"(max-width: 220px) 100vw, 220px\" \/><\/div><\/div><\/div><div class=\"swiper-slide\"><div class=\"fusion-carousel-item-wrapper\"><div class=\"fusion-image-wrapper hover-type-zoomin\"><img decoding=\"async\" width=\"220\" height=\"360\" src=\"https:\/\/www.malik-management.com\/wp-content\/uploads\/2017\/09\/krieg.png\" class=\"attachment-full size-full\" alt=\"\" srcset=\"https:\/\/www.malik-management.com\/wp-content\/uploads\/2017\/09\/krieg-183x300.png 183w, https:\/\/www.malik-management.com\/wp-content\/uploads\/2017\/09\/krieg-200x327.png 200w, https:\/\/www.malik-management.com\/wp-content\/uploads\/2017\/09\/krieg.png 220w\" sizes=\"(max-width: 220px) 100vw, 220px\" \/><\/div><\/div><\/div><div class=\"swiper-slide\"><div class=\"fusion-carousel-item-wrapper\"><div class=\"fusion-image-wrapper hover-type-zoomin\"><img decoding=\"async\" width=\"220\" height=\"360\" src=\"https:\/\/www.malik-management.com\/wp-content\/uploads\/2017\/09\/mcculloch.png\" class=\"attachment-full size-full\" alt=\"\" srcset=\"https:\/\/www.malik-management.com\/wp-content\/uploads\/2017\/09\/mcculloch-183x300.png 183w, https:\/\/www.malik-management.com\/wp-content\/uploads\/2017\/09\/mcculloch-200x327.png 200w, https:\/\/www.malik-management.com\/wp-content\/uploads\/2017\/09\/mcculloch.png 220w\" sizes=\"(max-width: 220px) 100vw, 220px\" \/><\/div><\/div><\/div><div class=\"swiper-slide\"><div class=\"fusion-carousel-item-wrapper\"><div class=\"fusion-image-wrapper hover-type-zoomin\"><img decoding=\"async\" width=\"220\" height=\"360\" src=\"https:\/\/www.malik-management.com\/wp-content\/uploads\/2017\/09\/mewes.png\" class=\"attachment-full size-full\" alt=\"\" srcset=\"https:\/\/www.malik-management.com\/wp-content\/uploads\/2017\/09\/mewes-183x300.png 183w, https:\/\/www.malik-management.com\/wp-content\/uploads\/2017\/09\/mewes-200x327.png 200w, https:\/\/www.malik-management.com\/wp-content\/uploads\/2017\/09\/mewes.png 220w\" sizes=\"(max-width: 220px) 100vw, 220px\" \/><\/div><\/div><\/div><div class=\"swiper-slide\"><div class=\"fusion-carousel-item-wrapper\"><div class=\"fusion-image-wrapper hover-type-zoomin\"><img decoding=\"async\" width=\"220\" height=\"360\" src=\"https:\/\/www.malik-management.com\/wp-content\/uploads\/2017\/09\/malik.png\" class=\"attachment-full size-full\" alt=\"\" srcset=\"https:\/\/www.malik-management.com\/wp-content\/uploads\/2017\/09\/malik-183x300.png 183w, https:\/\/www.malik-management.com\/wp-content\/uploads\/2017\/09\/malik-200x327.png 200w, https:\/\/www.malik-management.com\/wp-content\/uploads\/2017\/09\/malik.png 220w\" sizes=\"(max-width: 220px) 100vw, 220px\" \/><\/div><\/div><\/div><div class=\"swiper-slide\"><div class=\"fusion-carousel-item-wrapper\"><div class=\"fusion-image-wrapper hover-type-zoomin\"><img decoding=\"async\" width=\"220\" height=\"360\" src=\"https:\/\/www.malik-management.com\/wp-content\/uploads\/2017\/09\/siegwart.png\" class=\"attachment-full size-full\" alt=\"\" srcset=\"https:\/\/www.malik-management.com\/wp-content\/uploads\/2017\/09\/siegwart-183x300.png 183w, https:\/\/www.malik-management.com\/wp-content\/uploads\/2017\/09\/siegwart-200x327.png 200w, https:\/\/www.malik-management.com\/wp-content\/uploads\/2017\/09\/siegwart.png 220w\" sizes=\"(max-width: 220px) 100vw, 220px\" \/><\/div><\/div><\/div><div class=\"swiper-slide\"><div class=\"fusion-carousel-item-wrapper\"><div class=\"fusion-image-wrapper hover-type-zoomin\"><img decoding=\"async\" width=\"220\" height=\"360\" src=\"https:\/\/www.malik-management.com\/wp-content\/uploads\/2017\/09\/steiger.png\" class=\"attachment-full size-full\" alt=\"\" srcset=\"https:\/\/www.malik-management.com\/wp-content\/uploads\/2017\/09\/steiger-183x300.png 183w, https:\/\/www.malik-management.com\/wp-content\/uploads\/2017\/09\/steiger-200x327.png 200w, https:\/\/www.malik-management.com\/wp-content\/uploads\/2017\/09\/steiger.png 220w\" sizes=\"(max-width: 220px) 100vw, 220px\" \/><\/div><\/div><\/div><div class=\"swiper-slide\"><div class=\"fusion-carousel-item-wrapper\"><div class=\"fusion-image-wrapper hover-type-zoomin\"><img decoding=\"async\" width=\"220\" height=\"360\" src=\"https:\/\/www.malik-management.com\/wp-content\/uploads\/2017\/09\/ulrich.png\" class=\"attachment-full size-full\" alt=\"\" srcset=\"https:\/\/www.malik-management.com\/wp-content\/uploads\/2017\/09\/ulrich-183x300.png 183w, https:\/\/www.malik-management.com\/wp-content\/uploads\/2017\/09\/ulrich-200x327.png 200w, https:\/\/www.malik-management.com\/wp-content\/uploads\/2017\/09\/ulrich.png 220w\" sizes=\"(max-width: 220px) 100vw, 220px\" \/><\/div><\/div><\/div><div class=\"swiper-slide\"><div class=\"fusion-carousel-item-wrapper\"><div class=\"fusion-image-wrapper hover-type-zoomin\"><img decoding=\"async\" width=\"220\" height=\"360\" src=\"https:\/\/www.malik-management.com\/wp-content\/uploads\/2017\/09\/vester-1.png\" class=\"attachment-full size-full\" alt=\"\" srcset=\"https:\/\/www.malik-management.com\/wp-content\/uploads\/2017\/09\/vester-1-183x300.png 183w, https:\/\/www.malik-management.com\/wp-content\/uploads\/2017\/09\/vester-1-200x327.png 200w, https:\/\/www.malik-management.com\/wp-content\/uploads\/2017\/09\/vester-1.png 220w\" sizes=\"(max-width: 220px) 100vw, 220px\" \/><\/div><\/div><\/div><\/div><\/div><\/div><div class=\"fusion-clearfix\"><\/div><\/div><\/div><div class=\"fusion-layout-column fusion_builder_column fusion-builder-column-1 fusion_builder_column_3_4 3_4 fusion-three-fourth fusion-column-last fusion-animated\" style=\"--awb-bg-size:cover;width:75%;width:calc(75% - ( ( 4% ) * 0.75 ) );\" data-animationType=\"fadeInUp\" data-animationDuration=\"1.0\" data-animationOffset=\"top-into-view\"><div class=\"fusion-column-wrapper fusion-flex-column-wrapper-legacy\"><div class=\"fusion-text fusion-text-1\"><div id=\"content-center\">\n<h2>System-kybernetisches Management<\/h2>\n<\/div>\n<p>Revolution\u00e4re und bahnbrechende Innovationen im Management sind durch die Leistungen von herausragenden Personen entstanden. Das sind jene Pioniere, die V\u00e4ter einer neuen \u00c4ra, die traditionelle Wege verlassen haben, um nach neuen L\u00f6sungen zu suchen. Die Arbeiten mehrerer Pioniere konnten von Fredmund Malik erworben und somit weiterentwickelt und der \u00d6ffentlichkeit zug\u00e4nglich gemacht werden. Diese Pioniere sind mit einem Stern gekennzeichnet (*).<\/p>\n<\/div><div class=\"fusion-text fusion-text-2\"><p>[PIONEERS]<\/p>\n<\/div><div class=\"fusion-clearfix\"><\/div><\/div><\/div><\/div><\/div>\n","protected":false},"excerpt":{"rendered":"","protected":false},"author":17,"featured_media":0,"parent":16550,"menu_order":0,"comment_status":"closed","ping_status":"closed","template":"side-navigation.php","meta":{"_acf_changed":false,"_bbp_topic_count":0,"_bbp_reply_count":0,"_bbp_total_topic_count":0,"_bbp_total_reply_count":0,"_bbp_voice_count":0,"_bbp_anonymous_reply_count":0,"_bbp_topic_count_hidden":0,"_bbp_reply_count_hidden":0,"_bbp_forum_subforum_count":0,"footnotes":""},"class_list":["post-16584","page","type-page","status-publish","hentry"],"acf":[],"yoast_head":"<!-- This site is optimized with the Yoast SEO plugin v26.4 - https:\/\/yoast.com\/wordpress\/plugins\/seo\/ -->\n<title>Unsere Pioniere - Malik Management<\/title>\n<meta name=\"robots\" content=\"index, follow, max-snippet:-1, max-image-preview:large, max-video-preview:-1\" \/>\n<link rel=\"canonical\" href=\"https:\/\/www.malik-management.com\/de\/malik-ansatz\/management-cybernetics-systemics-bionics\/unsere-pioniere\/\" \/>\n<meta property=\"og:locale\" content=\"de_DE\" \/>\n<meta property=\"og:type\" content=\"article\" \/>\n<meta property=\"og:title\" content=\"Unsere Pioniere - Malik Management\" \/>\n<meta property=\"og:url\" content=\"https:\/\/www.malik-management.com\/de\/malik-ansatz\/management-cybernetics-systemics-bionics\/unsere-pioniere\/\" \/>\n<meta property=\"og:site_name\" content=\"Malik Management\" \/>\n<meta property=\"article:modified_time\" content=\"2017-09-18T04:58:33+00:00\" \/>\n<meta name=\"twitter:card\" content=\"summary_large_image\" \/>\n<meta name=\"twitter:label1\" content=\"Gesch\u00e4tzte Lesezeit\" \/>\n\t<meta name=\"twitter:data1\" content=\"3\u00a0Minuten\" \/>\n<script type=\"application\/ld+json\" class=\"yoast-schema-graph\">{\"@context\":\"https:\/\/schema.org\",\"@graph\":[{\"@type\":\"WebPage\",\"@id\":\"https:\/\/www.malik-management.com\/de\/malik-ansatz\/management-cybernetics-systemics-bionics\/unsere-pioniere\/\",\"url\":\"https:\/\/www.malik-management.com\/de\/malik-ansatz\/management-cybernetics-systemics-bionics\/unsere-pioniere\/\",\"name\":\"Unsere Pioniere - Malik Management\",\"isPartOf\":{\"@id\":\"https:\/\/www.malik-management.com\/de\/#website\"},\"datePublished\":\"2017-09-08T05:41:32+00:00\",\"dateModified\":\"2017-09-18T04:58:33+00:00\",\"breadcrumb\":{\"@id\":\"https:\/\/www.malik-management.com\/de\/malik-ansatz\/management-cybernetics-systemics-bionics\/unsere-pioniere\/#breadcrumb\"},\"inLanguage\":\"de\",\"potentialAction\":[{\"@type\":\"ReadAction\",\"target\":[\"https:\/\/www.malik-management.com\/de\/malik-ansatz\/management-cybernetics-systemics-bionics\/unsere-pioniere\/\"]}]},{\"@type\":\"BreadcrumbList\",\"@id\":\"https:\/\/www.malik-management.com\/de\/malik-ansatz\/management-cybernetics-systemics-bionics\/unsere-pioniere\/#breadcrumb\",\"itemListElement\":[{\"@type\":\"ListItem\",\"position\":1,\"name\":\"Home\",\"item\":\"https:\/\/www.malik-management.com\/de\/\"},{\"@type\":\"ListItem\",\"position\":2,\"name\":\"Malik Ansatz\",\"item\":\"https:\/\/www.malik-management.com\/de\/malik-ansatz\/\"},{\"@type\":\"ListItem\",\"position\":3,\"name\":\"Management Cybernetics, Systemics &#038; Bionics\",\"item\":\"https:\/\/www.malik-management.com\/de\/malik-ansatz\/management-cybernetics-systemics-bionics\/\"},{\"@type\":\"ListItem\",\"position\":4,\"name\":\"Unsere Pioniere\"}]},{\"@type\":\"WebSite\",\"@id\":\"https:\/\/www.malik-management.com\/de\/#website\",\"url\":\"https:\/\/www.malik-management.com\/de\/\",\"name\":\"Malik Management\",\"description\":\"Beyond conventional management\",\"publisher\":{\"@id\":\"https:\/\/www.malik-management.com\/de\/#organization\"},\"potentialAction\":[{\"@type\":\"SearchAction\",\"target\":{\"@type\":\"EntryPoint\",\"urlTemplate\":\"https:\/\/www.malik-management.com\/de\/?s={search_term_string}\"},\"query-input\":{\"@type\":\"PropertyValueSpecification\",\"valueRequired\":true,\"valueName\":\"search_term_string\"}}],\"inLanguage\":\"de\"},{\"@type\":\"Organization\",\"@id\":\"https:\/\/www.malik-management.com\/de\/#organization\",\"name\":\"malik international AG\",\"url\":\"https:\/\/www.malik-management.com\/de\/\",\"logo\":{\"@type\":\"ImageObject\",\"inLanguage\":\"de\",\"@id\":\"https:\/\/www.malik-management.com\/de\/#\/schema\/logo\/image\/\",\"url\":\"https:\/\/www.malik-management.com\/wp-content\/uploads\/2018\/09\/Logo_malik_weiss-klein3.png\",\"contentUrl\":\"https:\/\/www.malik-management.com\/wp-content\/uploads\/2018\/09\/Logo_malik_weiss-klein3.png\",\"width\":140,\"height\":41,\"caption\":\"malik international AG\"},\"image\":{\"@id\":\"https:\/\/www.malik-management.com\/de\/#\/schema\/logo\/image\/\"},\"sameAs\":[\"https:\/\/www.linkedin.com\/company\/30160\",\"https:\/\/www.youtube.com\/user\/malikmanagement\"]}]}<\/script>\n<!-- \/ Yoast SEO plugin. -->","yoast_head_json":{"title":"Unsere Pioniere - Malik Management","robots":{"index":"index","follow":"follow","max-snippet":"max-snippet:-1","max-image-preview":"max-image-preview:large","max-video-preview":"max-video-preview:-1"},"canonical":"https:\/\/www.malik-management.com\/de\/malik-ansatz\/management-cybernetics-systemics-bionics\/unsere-pioniere\/","og_locale":"de_DE","og_type":"article","og_title":"Unsere Pioniere - Malik Management","og_url":"https:\/\/www.malik-management.com\/de\/malik-ansatz\/management-cybernetics-systemics-bionics\/unsere-pioniere\/","og_site_name":"Malik Management","article_modified_time":"2017-09-18T04:58:33+00:00","twitter_card":"summary_large_image","twitter_misc":{"Gesch\u00e4tzte Lesezeit":"3\u00a0Minuten"},"schema":{"@context":"https:\/\/schema.org","@graph":[{"@type":"WebPage","@id":"https:\/\/www.malik-management.com\/de\/malik-ansatz\/management-cybernetics-systemics-bionics\/unsere-pioniere\/","url":"https:\/\/www.malik-management.com\/de\/malik-ansatz\/management-cybernetics-systemics-bionics\/unsere-pioniere\/","name":"Unsere Pioniere - Malik Management","isPartOf":{"@id":"https:\/\/www.malik-management.com\/de\/#website"},"datePublished":"2017-09-08T05:41:32+00:00","dateModified":"2017-09-18T04:58:33+00:00","breadcrumb":{"@id":"https:\/\/www.malik-management.com\/de\/malik-ansatz\/management-cybernetics-systemics-bionics\/unsere-pioniere\/#breadcrumb"},"inLanguage":"de","potentialAction":[{"@type":"ReadAction","target":["https:\/\/www.malik-management.com\/de\/malik-ansatz\/management-cybernetics-systemics-bionics\/unsere-pioniere\/"]}]},{"@type":"BreadcrumbList","@id":"https:\/\/www.malik-management.com\/de\/malik-ansatz\/management-cybernetics-systemics-bionics\/unsere-pioniere\/#breadcrumb","itemListElement":[{"@type":"ListItem","position":1,"name":"Home","item":"https:\/\/www.malik-management.com\/de\/"},{"@type":"ListItem","position":2,"name":"Malik Ansatz","item":"https:\/\/www.malik-management.com\/de\/malik-ansatz\/"},{"@type":"ListItem","position":3,"name":"Management Cybernetics, Systemics &#038; Bionics","item":"https:\/\/www.malik-management.com\/de\/malik-ansatz\/management-cybernetics-systemics-bionics\/"},{"@type":"ListItem","position":4,"name":"Unsere Pioniere"}]},{"@type":"WebSite","@id":"https:\/\/www.malik-management.com\/de\/#website","url":"https:\/\/www.malik-management.com\/de\/","name":"Malik Management","description":"Beyond conventional management","publisher":{"@id":"https:\/\/www.malik-management.com\/de\/#organization"},"potentialAction":[{"@type":"SearchAction","target":{"@type":"EntryPoint","urlTemplate":"https:\/\/www.malik-management.com\/de\/?s={search_term_string}"},"query-input":{"@type":"PropertyValueSpecification","valueRequired":true,"valueName":"search_term_string"}}],"inLanguage":"de"},{"@type":"Organization","@id":"https:\/\/www.malik-management.com\/de\/#organization","name":"malik international AG","url":"https:\/\/www.malik-management.com\/de\/","logo":{"@type":"ImageObject","inLanguage":"de","@id":"https:\/\/www.malik-management.com\/de\/#\/schema\/logo\/image\/","url":"https:\/\/www.malik-management.com\/wp-content\/uploads\/2018\/09\/Logo_malik_weiss-klein3.png","contentUrl":"https:\/\/www.malik-management.com\/wp-content\/uploads\/2018\/09\/Logo_malik_weiss-klein3.png","width":140,"height":41,"caption":"malik international AG"},"image":{"@id":"https:\/\/www.malik-management.com\/de\/#\/schema\/logo\/image\/"},"sameAs":["https:\/\/www.linkedin.com\/company\/30160","https:\/\/www.youtube.com\/user\/malikmanagement"]}]}},"_links":{"self":[{"href":"https:\/\/www.malik-management.com\/de\/wp-json\/wp\/v2\/pages\/16584","targetHints":{"allow":["GET"]}}],"collection":[{"href":"https:\/\/www.malik-management.com\/de\/wp-json\/wp\/v2\/pages"}],"about":[{"href":"https:\/\/www.malik-management.com\/de\/wp-json\/wp\/v2\/types\/page"}],"author":[{"embeddable":true,"href":"https:\/\/www.malik-management.com\/de\/wp-json\/wp\/v2\/users\/17"}],"replies":[{"embeddable":true,"href":"https:\/\/www.malik-management.com\/de\/wp-json\/wp\/v2\/comments?post=16584"}],"version-history":[{"count":10,"href":"https:\/\/www.malik-management.com\/de\/wp-json\/wp\/v2\/pages\/16584\/revisions"}],"predecessor-version":[{"id":19883,"href":"https:\/\/www.malik-management.com\/de\/wp-json\/wp\/v2\/pages\/16584\/revisions\/19883"}],"up":[{"embeddable":true,"href":"https:\/\/www.malik-management.com\/de\/wp-json\/wp\/v2\/pages\/16550"}],"wp:attachment":[{"href":"https:\/\/www.malik-management.com\/de\/wp-json\/wp\/v2\/media?parent=16584"}],"curies":[{"name":"wp","href":"https:\/\/api.w.org\/{rel}","templated":true}]}}