{"id":16594,"date":"2017-09-08T05:44:21","date_gmt":"2017-09-08T05:44:21","guid":{"rendered":"https:\/\/www.malik.management\/international-center-for-bionics\/"},"modified":"2017-09-18T11:34:58","modified_gmt":"2017-09-18T11:34:58","slug":"internationales-bionik-zentrum","status":"publish","type":"page","link":"https:\/\/www.malik-management.com\/de\/malik-ansatz\/management-cybernetics-systemics-bionics\/internationales-bionik-zentrum\/","title":{"rendered":"Internationales Bionik-Zentrum"},"content":{"rendered":"<div class=\"fusion-fullwidth fullwidth-box fusion-builder-row-1 malik_solutions_main nonhundred-percent-fullwidth non-hundred-percent-height-scrolling\" style=\"--awb-border-radius-top-left:0px;--awb-border-radius-top-right:0px;--awb-border-radius-bottom-right:0px;--awb-border-radius-bottom-left:0px;--awb-padding-top:30px;--awb-padding-bottom:30px;--awb-flex-wrap:wrap;\" ><div class=\"fusion-builder-row fusion-row\"><div class=\"fusion-layout-column fusion_builder_column fusion-builder-column-0 fusion_builder_column_3_4 3_4 fusion-three-fourth fusion-column-first fusion-animated\" style=\"--awb-bg-size:cover;width:75%;width:calc(75% - ( ( 4% ) * 0.75 ) );margin-right: 4%;\" data-animationType=\"fadeInUp\" data-animationDuration=\"1.0\" data-animationOffset=\"top-into-view\"><div class=\"fusion-column-wrapper fusion-flex-column-wrapper-legacy\"><div class=\"fusion-text fusion-text-1\"><div id=\"content-center\">\n<h2>International Center for Bionics<\/h2>\n<div class=\"block-element block-element-default\">\n<p class=\"dunkelblau\"><span class=\"hellblau\">Die noch junge Querschnittswissenschaft Bionik hat all das Zeug uns in Zu\u00adkunft die Inspirationen zu liefern, die wir bei wachsender Komplexit\u00e4t in der Technik und im Management brauchen, um in der Wirtschaft die rich\u00adtigen Z\u00fcndfunken zu setzen.<\/span><\/p>\n<p class=\"dunkelblau\"><strong>Ziele des Internationalen Bionik-Zentrums sind:<\/strong><\/p>\n<p class=\"dunkelblau\"><span style=\"color: #ff0000;\"><strong>\u00bb\u00a0<\/strong><\/span>allen Gruppen der Gesellschaft den interdisziplin\u00e4ren Ansatz und den Nutzen der Bionik vermitteln<\/p>\n<p class=\"dunkelblau\"><span style=\"color: #ff0000;\"><strong>\u00bb\u00a0<\/strong><\/span>den F\u00fchrungskr\u00e4ften der Wirtschaft die Unterst\u00fctzung bei der Suche nach bionischer Kompetenz f\u00fcr Innovationen, f\u00fcr Managementl\u00f6sungen und f\u00fcr Medienauftritte geben<\/p>\n<p class=\"dunkelblau\"><span style=\"color: #ff0000;\"><strong>\u00bb<\/strong><\/span><strong>\u00a0<\/strong>den Leistungstr\u00e4gern der Bionik die Gelegenheit geben, ihr L\u00f6sungsan\u00adge\u00adbot den Entscheidern in der Wirtschaft und im Bildungssektor vor\u00adzu\u00adstel\u00adlen<\/p>\n<\/div>\n<\/div>\n<\/div><div class=\"fusion-clearfix\"><\/div><\/div><\/div><div class=\"fusion-layout-column fusion_builder_column fusion-builder-column-1 fusion_builder_column_1_4 1_4 fusion-one-fourth fusion-column-last malik_solutions_main_right fusion-animated\" style=\"--awb-bg-size:cover;width:25%;width:calc(25% - ( ( 4% ) * 0.25 ) );\" data-animationType=\"fadeInRight\" data-animationDuration=\"1.0\" data-animationOffset=\"top-into-view\"><div class=\"fusion-column-wrapper fusion-flex-column-wrapper-legacy\"><div class=\"fusion-image-element fusion-image-align-center in-legacy-container\" style=\"text-align:center;--awb-caption-title-font-family:var(--h2_typography-font-family);--awb-caption-title-font-weight:var(--h2_typography-font-weight);--awb-caption-title-font-style:var(--h2_typography-font-style);--awb-caption-title-size:var(--h2_typography-font-size);--awb-caption-title-transform:var(--h2_typography-text-transform);--awb-caption-title-line-height:var(--h2_typography-line-height);--awb-caption-title-letter-spacing:var(--h2_typography-letter-spacing);\"><div class=\"imageframe-align-center\"><span class=\" fusion-imageframe imageframe-dropshadow imageframe-1 hover-type-zoomin malik_solutions_main_right_image01\" style=\"-webkit-box-shadow: 3px 3px 7px rgba(0,0,0,0.3);box-shadow: 3px 3px 7px rgba(0,0,0,0.3);\"><a class=\"fusion-no-lightbox\" href=\"http:\/\/www.bionikzentrum.de\/\" target=\"_blank\" aria-label=\"internationales-bionik-zentrum\" rel=\"noopener noreferrer\"><img decoding=\"async\" width=\"236\" height=\"100\" src=\"https:\/\/www.malik-management.com\/wp-content\/uploads\/2017\/09\/internationales-bionik-zentrum.jpg\" alt class=\"img-responsive wp-image-15038\" srcset=\"https:\/\/www.malik-management.com\/wp-content\/uploads\/2017\/09\/internationales-bionik-zentrum-200x85.jpg 200w, https:\/\/www.malik-management.com\/wp-content\/uploads\/2017\/09\/internationales-bionik-zentrum.jpg 236w\" sizes=\"(max-width: 800px) 100vw, 236px\" \/><\/a><\/span><\/div><\/div><div class=\"fusion-text fusion-text-2\"><p><a href=\"http:\/\/www.bionikzentrum.de\/\">Homepage Internationales Bionik-Zentrum<br \/>\n<\/a><\/p>\n<\/div><div class=\"fusion-image-element fusion-image-align-center in-legacy-container\" style=\"text-align:center;--awb-caption-title-font-family:var(--h2_typography-font-family);--awb-caption-title-font-weight:var(--h2_typography-font-weight);--awb-caption-title-font-style:var(--h2_typography-font-style);--awb-caption-title-size:var(--h2_typography-font-size);--awb-caption-title-transform:var(--h2_typography-text-transform);--awb-caption-title-line-height:var(--h2_typography-line-height);--awb-caption-title-letter-spacing:var(--h2_typography-letter-spacing);\"><div class=\"imageframe-align-center\"><span class=\" fusion-imageframe imageframe-dropshadow imageframe-2 hover-type-zoomin malik_solutions_main_right_image01\" style=\"-webkit-box-shadow: 3px 3px 7px rgba(0,0,0,0.3);box-shadow: 3px 3px 7px rgba(0,0,0,0.3);\"><img decoding=\"async\" width=\"236\" height=\"200\" title=\"malik-buecher-faszination-bionik-236&#215;200\" src=\"https:\/\/www.malik-management.com\/wp-content\/uploads\/2017\/09\/malik-buecher-faszination-bionik-236x200.png\" alt class=\"img-responsive wp-image-16601\" srcset=\"https:\/\/www.malik-management.com\/wp-content\/uploads\/2017\/09\/malik-buecher-faszination-bionik-236x200-200x169.png 200w, https:\/\/www.malik-management.com\/wp-content\/uploads\/2017\/09\/malik-buecher-faszination-bionik-236x200.png 236w\" sizes=\"(max-width: 236px) 100vw, 236px\" \/><\/span><\/div><\/div><div class=\"fusion-text fusion-text-3\"><p><a href=\"https:\/\/www.malik-management.com\/?p=19731\">Faszination Bionik: Die Intelligenz der Sch\u00f6pfung<\/a><\/p>\n<hr \/>\n<\/div><div class=\"fusion-text fusion-text-4\"><p><a href=\"https:\/\/www.malik-management.com\/wp-content\/uploads\/2017\/09\/page_white_acrobat.png\"><img decoding=\"async\" class=\"alignnone size-full wp-image-15147\" src=\"https:\/\/www.malik-management.com\/wp-content\/uploads\/2017\/09\/page_white_acrobat.png\" alt=\"\" width=\"16\" height=\"16\" \/>\u00a0<\/a><a href=\"https:\/\/www.malik-management.com\/wp-content\/uploads\/2017\/09\/pressetext-bionik-steigert-effizienz-in-der-chefetage-30-03-2011.pdf\">Bionik steigert Effizienz in der Chef-Etage, Pressetext (AT), 30.03.2011<\/a><\/p>\n<\/div><div class=\"fusion-clearfix\"><\/div><\/div><\/div><\/div><\/div>\n","protected":false},"excerpt":{"rendered":"","protected":false},"author":17,"featured_media":0,"parent":16550,"menu_order":0,"comment_status":"closed","ping_status":"closed","template":"side-navigation.php","meta":{"_acf_changed":false,"_bbp_topic_count":0,"_bbp_reply_count":0,"_bbp_total_topic_count":0,"_bbp_total_reply_count":0,"_bbp_voice_count":0,"_bbp_anonymous_reply_count":0,"_bbp_topic_count_hidden":0,"_bbp_reply_count_hidden":0,"_bbp_forum_subforum_count":0,"footnotes":""},"class_list":["post-16594","page","type-page","status-publish","hentry"],"acf":[],"yoast_head":"<!-- This site is optimized with the Yoast SEO plugin v26.4 - https:\/\/yoast.com\/wordpress\/plugins\/seo\/ -->\n<title>Internationales Bionik-Zentrum - Malik Management<\/title>\n<meta name=\"robots\" content=\"index, follow, max-snippet:-1, max-image-preview:large, max-video-preview:-1\" \/>\n<link rel=\"canonical\" href=\"https:\/\/www.malik-management.com\/de\/malik-ansatz\/management-cybernetics-systemics-bionics\/internationales-bionik-zentrum\/\" \/>\n<meta property=\"og:locale\" content=\"de_DE\" \/>\n<meta property=\"og:type\" content=\"article\" \/>\n<meta property=\"og:title\" content=\"Internationales Bionik-Zentrum - Malik Management\" \/>\n<meta property=\"og:url\" content=\"https:\/\/www.malik-management.com\/de\/malik-ansatz\/management-cybernetics-systemics-bionics\/internationales-bionik-zentrum\/\" \/>\n<meta property=\"og:site_name\" content=\"Malik Management\" \/>\n<meta property=\"article:modified_time\" content=\"2017-09-18T11:34:58+00:00\" \/>\n<meta property=\"og:image\" content=\"https:\/\/www.malik-management.com\/wp-content\/uploads\/2017\/09\/page_white_acrobat.png\" \/>\n<meta name=\"twitter:card\" content=\"summary_large_image\" \/>\n<meta name=\"twitter:label1\" content=\"Gesch\u00e4tzte Lesezeit\" \/>\n\t<meta name=\"twitter:data1\" content=\"3\u00a0Minuten\" \/>\n<script type=\"application\/ld+json\" class=\"yoast-schema-graph\">{\"@context\":\"https:\/\/schema.org\",\"@graph\":[{\"@type\":\"WebPage\",\"@id\":\"https:\/\/www.malik-management.com\/de\/malik-ansatz\/management-cybernetics-systemics-bionics\/internationales-bionik-zentrum\/\",\"url\":\"https:\/\/www.malik-management.com\/de\/malik-ansatz\/management-cybernetics-systemics-bionics\/internationales-bionik-zentrum\/\",\"name\":\"Internationales Bionik-Zentrum - Malik Management\",\"isPartOf\":{\"@id\":\"https:\/\/www.malik-management.com\/de\/#website\"},\"primaryImageOfPage\":{\"@id\":\"https:\/\/www.malik-management.com\/de\/malik-ansatz\/management-cybernetics-systemics-bionics\/internationales-bionik-zentrum\/#primaryimage\"},\"image\":{\"@id\":\"https:\/\/www.malik-management.com\/de\/malik-ansatz\/management-cybernetics-systemics-bionics\/internationales-bionik-zentrum\/#primaryimage\"},\"thumbnailUrl\":\"https:\/\/www.malik-management.com\/wp-content\/uploads\/2017\/09\/page_white_acrobat.png\",\"datePublished\":\"2017-09-08T05:44:21+00:00\",\"dateModified\":\"2017-09-18T11:34:58+00:00\",\"breadcrumb\":{\"@id\":\"https:\/\/www.malik-management.com\/de\/malik-ansatz\/management-cybernetics-systemics-bionics\/internationales-bionik-zentrum\/#breadcrumb\"},\"inLanguage\":\"de\",\"potentialAction\":[{\"@type\":\"ReadAction\",\"target\":[\"https:\/\/www.malik-management.com\/de\/malik-ansatz\/management-cybernetics-systemics-bionics\/internationales-bionik-zentrum\/\"]}]},{\"@type\":\"ImageObject\",\"inLanguage\":\"de\",\"@id\":\"https:\/\/www.malik-management.com\/de\/malik-ansatz\/management-cybernetics-systemics-bionics\/internationales-bionik-zentrum\/#primaryimage\",\"url\":\"https:\/\/www.malik-management.com\/wp-content\/uploads\/2017\/09\/page_white_acrobat.png\",\"contentUrl\":\"https:\/\/www.malik-management.com\/wp-content\/uploads\/2017\/09\/page_white_acrobat.png\"},{\"@type\":\"BreadcrumbList\",\"@id\":\"https:\/\/www.malik-management.com\/de\/malik-ansatz\/management-cybernetics-systemics-bionics\/internationales-bionik-zentrum\/#breadcrumb\",\"itemListElement\":[{\"@type\":\"ListItem\",\"position\":1,\"name\":\"Home\",\"item\":\"https:\/\/www.malik-management.com\/de\/\"},{\"@type\":\"ListItem\",\"position\":2,\"name\":\"Malik Ansatz\",\"item\":\"https:\/\/www.malik-management.com\/de\/malik-ansatz\/\"},{\"@type\":\"ListItem\",\"position\":3,\"name\":\"Management Cybernetics, Systemics &#038; Bionics\",\"item\":\"https:\/\/www.malik-management.com\/de\/malik-ansatz\/management-cybernetics-systemics-bionics\/\"},{\"@type\":\"ListItem\",\"position\":4,\"name\":\"Internationales Bionik-Zentrum\"}]},{\"@type\":\"WebSite\",\"@id\":\"https:\/\/www.malik-management.com\/de\/#website\",\"url\":\"https:\/\/www.malik-management.com\/de\/\",\"name\":\"Malik Management\",\"description\":\"Beyond conventional management\",\"publisher\":{\"@id\":\"https:\/\/www.malik-management.com\/de\/#organization\"},\"potentialAction\":[{\"@type\":\"SearchAction\",\"target\":{\"@type\":\"EntryPoint\",\"urlTemplate\":\"https:\/\/www.malik-management.com\/de\/?s={search_term_string}\"},\"query-input\":{\"@type\":\"PropertyValueSpecification\",\"valueRequired\":true,\"valueName\":\"search_term_string\"}}],\"inLanguage\":\"de\"},{\"@type\":\"Organization\",\"@id\":\"https:\/\/www.malik-management.com\/de\/#organization\",\"name\":\"malik international AG\",\"url\":\"https:\/\/www.malik-management.com\/de\/\",\"logo\":{\"@type\":\"ImageObject\",\"inLanguage\":\"de\",\"@id\":\"https:\/\/www.malik-management.com\/de\/#\/schema\/logo\/image\/\",\"url\":\"https:\/\/www.malik-management.com\/wp-content\/uploads\/2018\/09\/Logo_malik_weiss-klein3.png\",\"contentUrl\":\"https:\/\/www.malik-management.com\/wp-content\/uploads\/2018\/09\/Logo_malik_weiss-klein3.png\",\"width\":140,\"height\":41,\"caption\":\"malik international AG\"},\"image\":{\"@id\":\"https:\/\/www.malik-management.com\/de\/#\/schema\/logo\/image\/\"},\"sameAs\":[\"https:\/\/www.linkedin.com\/company\/30160\",\"https:\/\/www.youtube.com\/user\/malikmanagement\"]}]}<\/script>\n<!-- \/ Yoast SEO plugin. -->","yoast_head_json":{"title":"Internationales Bionik-Zentrum - Malik Management","robots":{"index":"index","follow":"follow","max-snippet":"max-snippet:-1","max-image-preview":"max-image-preview:large","max-video-preview":"max-video-preview:-1"},"canonical":"https:\/\/www.malik-management.com\/de\/malik-ansatz\/management-cybernetics-systemics-bionics\/internationales-bionik-zentrum\/","og_locale":"de_DE","og_type":"article","og_title":"Internationales Bionik-Zentrum - Malik Management","og_url":"https:\/\/www.malik-management.com\/de\/malik-ansatz\/management-cybernetics-systemics-bionics\/internationales-bionik-zentrum\/","og_site_name":"Malik Management","article_modified_time":"2017-09-18T11:34:58+00:00","og_image":[{"url":"https:\/\/www.malik-management.com\/wp-content\/uploads\/2017\/09\/page_white_acrobat.png","type":"","width":"","height":""}],"twitter_card":"summary_large_image","twitter_misc":{"Gesch\u00e4tzte Lesezeit":"3\u00a0Minuten"},"schema":{"@context":"https:\/\/schema.org","@graph":[{"@type":"WebPage","@id":"https:\/\/www.malik-management.com\/de\/malik-ansatz\/management-cybernetics-systemics-bionics\/internationales-bionik-zentrum\/","url":"https:\/\/www.malik-management.com\/de\/malik-ansatz\/management-cybernetics-systemics-bionics\/internationales-bionik-zentrum\/","name":"Internationales Bionik-Zentrum - Malik Management","isPartOf":{"@id":"https:\/\/www.malik-management.com\/de\/#website"},"primaryImageOfPage":{"@id":"https:\/\/www.malik-management.com\/de\/malik-ansatz\/management-cybernetics-systemics-bionics\/internationales-bionik-zentrum\/#primaryimage"},"image":{"@id":"https:\/\/www.malik-management.com\/de\/malik-ansatz\/management-cybernetics-systemics-bionics\/internationales-bionik-zentrum\/#primaryimage"},"thumbnailUrl":"https:\/\/www.malik-management.com\/wp-content\/uploads\/2017\/09\/page_white_acrobat.png","datePublished":"2017-09-08T05:44:21+00:00","dateModified":"2017-09-18T11:34:58+00:00","breadcrumb":{"@id":"https:\/\/www.malik-management.com\/de\/malik-ansatz\/management-cybernetics-systemics-bionics\/internationales-bionik-zentrum\/#breadcrumb"},"inLanguage":"de","potentialAction":[{"@type":"ReadAction","target":["https:\/\/www.malik-management.com\/de\/malik-ansatz\/management-cybernetics-systemics-bionics\/internationales-bionik-zentrum\/"]}]},{"@type":"ImageObject","inLanguage":"de","@id":"https:\/\/www.malik-management.com\/de\/malik-ansatz\/management-cybernetics-systemics-bionics\/internationales-bionik-zentrum\/#primaryimage","url":"https:\/\/www.malik-management.com\/wp-content\/uploads\/2017\/09\/page_white_acrobat.png","contentUrl":"https:\/\/www.malik-management.com\/wp-content\/uploads\/2017\/09\/page_white_acrobat.png"},{"@type":"BreadcrumbList","@id":"https:\/\/www.malik-management.com\/de\/malik-ansatz\/management-cybernetics-systemics-bionics\/internationales-bionik-zentrum\/#breadcrumb","itemListElement":[{"@type":"ListItem","position":1,"name":"Home","item":"https:\/\/www.malik-management.com\/de\/"},{"@type":"ListItem","position":2,"name":"Malik Ansatz","item":"https:\/\/www.malik-management.com\/de\/malik-ansatz\/"},{"@type":"ListItem","position":3,"name":"Management Cybernetics, Systemics &#038; Bionics","item":"https:\/\/www.malik-management.com\/de\/malik-ansatz\/management-cybernetics-systemics-bionics\/"},{"@type":"ListItem","position":4,"name":"Internationales Bionik-Zentrum"}]},{"@type":"WebSite","@id":"https:\/\/www.malik-management.com\/de\/#website","url":"https:\/\/www.malik-management.com\/de\/","name":"Malik Management","description":"Beyond conventional management","publisher":{"@id":"https:\/\/www.malik-management.com\/de\/#organization"},"potentialAction":[{"@type":"SearchAction","target":{"@type":"EntryPoint","urlTemplate":"https:\/\/www.malik-management.com\/de\/?s={search_term_string}"},"query-input":{"@type":"PropertyValueSpecification","valueRequired":true,"valueName":"search_term_string"}}],"inLanguage":"de"},{"@type":"Organization","@id":"https:\/\/www.malik-management.com\/de\/#organization","name":"malik international AG","url":"https:\/\/www.malik-management.com\/de\/","logo":{"@type":"ImageObject","inLanguage":"de","@id":"https:\/\/www.malik-management.com\/de\/#\/schema\/logo\/image\/","url":"https:\/\/www.malik-management.com\/wp-content\/uploads\/2018\/09\/Logo_malik_weiss-klein3.png","contentUrl":"https:\/\/www.malik-management.com\/wp-content\/uploads\/2018\/09\/Logo_malik_weiss-klein3.png","width":140,"height":41,"caption":"malik international AG"},"image":{"@id":"https:\/\/www.malik-management.com\/de\/#\/schema\/logo\/image\/"},"sameAs":["https:\/\/www.linkedin.com\/company\/30160","https:\/\/www.youtube.com\/user\/malikmanagement"]}]}},"_links":{"self":[{"href":"https:\/\/www.malik-management.com\/de\/wp-json\/wp\/v2\/pages\/16594","targetHints":{"allow":["GET"]}}],"collection":[{"href":"https:\/\/www.malik-management.com\/de\/wp-json\/wp\/v2\/pages"}],"about":[{"href":"https:\/\/www.malik-management.com\/de\/wp-json\/wp\/v2\/types\/page"}],"author":[{"embeddable":true,"href":"https:\/\/www.malik-management.com\/de\/wp-json\/wp\/v2\/users\/17"}],"replies":[{"embeddable":true,"href":"https:\/\/www.malik-management.com\/de\/wp-json\/wp\/v2\/comments?post=16594"}],"version-history":[{"count":10,"href":"https:\/\/www.malik-management.com\/de\/wp-json\/wp\/v2\/pages\/16594\/revisions"}],"predecessor-version":[{"id":20115,"href":"https:\/\/www.malik-management.com\/de\/wp-json\/wp\/v2\/pages\/16594\/revisions\/20115"}],"up":[{"embeddable":true,"href":"https:\/\/www.malik-management.com\/de\/wp-json\/wp\/v2\/pages\/16550"}],"wp:attachment":[{"href":"https:\/\/www.malik-management.com\/de\/wp-json\/wp\/v2\/media?parent=16594"}],"curies":[{"name":"wp","href":"https:\/\/api.w.org\/{rel}","templated":true}]}}