{"id":16616,"date":"2017-09-08T05:55:36","date_gmt":"2017-09-08T05:55:36","guid":{"rendered":"https:\/\/www.malik.management\/cwarel-isaf-institute\/"},"modified":"2018-08-29T13:44:44","modified_gmt":"2018-08-29T13:44:44","slug":"cwarel-isaf-institute","status":"publish","type":"page","link":"https:\/\/www.malik-management.com\/de\/malik-ansatz\/management-cybernetics-systemics-bionics\/cwarel-isaf-institute\/","title":{"rendered":"Cwarel Isaf Institute"},"content":{"rendered":"<div class=\"fusion-fullwidth fullwidth-box fusion-builder-row-1 malik_solutions_main nonhundred-percent-fullwidth non-hundred-percent-height-scrolling\" style=\"--awb-border-radius-top-left:0px;--awb-border-radius-top-right:0px;--awb-border-radius-bottom-right:0px;--awb-border-radius-bottom-left:0px;--awb-padding-top:30px;--awb-padding-bottom:30px;--awb-flex-wrap:wrap;\" ><div class=\"fusion-builder-row fusion-row\"><div class=\"fusion-layout-column fusion_builder_column fusion-builder-column-0 fusion_builder_column_3_4 3_4 fusion-three-fourth fusion-column-first fusion-animated\" style=\"--awb-bg-size:cover;width:75%;width:calc(75% - ( ( 4% ) * 0.75 ) );margin-right: 4%;\" data-animationType=\"fadeInUp\" data-animationDuration=\"1.0\" data-animationOffset=\"top-into-view\"><div class=\"fusion-column-wrapper fusion-flex-column-wrapper-legacy\"><div class=\"fusion-text fusion-text-1\"><div id=\"content-center\">\n<h2>Cwarel Isaf Institute<\/h2>\n<\/div>\n<p><span class=\"fliess\">Das Cwarel Isaf Institute wurde gegr\u00fcndet, um das Lebenswerk von Stafford Beer f\u00fcr die Gesellschaft verf\u00fcgbar zu halten. Das Denken und die L\u00f6\u00adsungs\u00adwe\u00adge von Stafford Beer haben fundamentale Bedeutung f\u00fcr das Management in komplexen Systemen. Sein Werk soll zum Nutzen von Organi\u00adsa\u00adtionen in Gegen\u00adwart und Zukunft f\u00fcr Management\u00adpraktiker und Studierende verst\u00e4ndlich und pra\u00adxisgerecht aufbereitet und vermittelt werden.<\/span><\/p>\n<p>Das Cwarel Isaf Institute wurde von Fredmund Malik und Stafford Beer ge\u00adgr\u00fcn\u00addet, die eine jahrelange, enge Freundschaft verband. Nach Beers Tod im Jahre 2002 wurde das Institut Teil von Malik, um Beers Ar\u00adbeit zu bewah\u00adren und weiterzuentwickeln.<\/p>\n<p><span style=\"color: red;\"><strong>\u00bb <\/strong><\/span><a href=\"https:\/\/www.malik-management.com\/wp-content\/uploads\/2017\/09\/stafford-beers-cwarel-isaf-cottage.pdf\" target=\"_blank\" rel=\"noopener\">Stafford Beers Cwarel Isaf Cottage<\/a><\/p>\n<\/div><div class=\"fusion-clearfix\"><\/div><\/div><\/div><div class=\"fusion-layout-column fusion_builder_column fusion-builder-column-1 fusion_builder_column_1_4 1_4 fusion-one-fourth fusion-column-last malik_solutions_main_right fusion-animated\" style=\"--awb-bg-size:cover;width:25%;width:calc(25% - ( ( 4% ) * 0.25 ) );\" data-animationType=\"fadeInRight\" data-animationDuration=\"1.0\" data-animationOffset=\"top-into-view\"><div class=\"fusion-column-wrapper fusion-flex-column-wrapper-legacy\"><div class=\"fusion-image-element fusion-image-align-center in-legacy-container\" style=\"text-align:center;--awb-caption-title-font-family:var(--h2_typography-font-family);--awb-caption-title-font-weight:var(--h2_typography-font-weight);--awb-caption-title-font-style:var(--h2_typography-font-style);--awb-caption-title-size:var(--h2_typography-font-size);--awb-caption-title-transform:var(--h2_typography-text-transform);--awb-caption-title-line-height:var(--h2_typography-line-height);--awb-caption-title-letter-spacing:var(--h2_typography-letter-spacing);\"><div class=\"imageframe-align-center\"><span class=\" fusion-imageframe imageframe-dropshadow imageframe-1 hover-type-zoomin malik_solutions_main_right_image01\" style=\"-webkit-box-shadow: 3px 3px 7px rgba(0,0,0,0.3);box-shadow: 3px 3px 7px rgba(0,0,0,0.3);\"><a class=\"fusion-no-lightbox\" href=\"http:\/\/www.kybernetik.ch\/\" target=\"_blank\" aria-label=\"cwarel-isaf-institute\" rel=\"noopener noreferrer\"><img decoding=\"async\" width=\"236\" height=\"150\" src=\"https:\/\/www.malik-management.com\/wp-content\/uploads\/2017\/09\/cwarel-isaf-institute.jpg\" alt class=\"img-responsive wp-image-15051\" srcset=\"https:\/\/www.malik-management.com\/wp-content\/uploads\/2017\/09\/cwarel-isaf-institute-200x127.jpg 200w, https:\/\/www.malik-management.com\/wp-content\/uploads\/2017\/09\/cwarel-isaf-institute.jpg 236w\" sizes=\"(max-width: 800px) 100vw, 236px\" \/><\/a><\/span><\/div><\/div><div class=\"fusion-text fusion-text-2\"><p style=\"text-align: center;\"><a href=\"http:\/\/www.kybernetik.ch\/\" target=\"_blank\" rel=\"noopener\">Website Cwarel Isaf Institute<\/a><\/p>\n<\/div><div class=\"fusion-clearfix\"><\/div><\/div><\/div><\/div><\/div>\n","protected":false},"excerpt":{"rendered":"","protected":false},"author":17,"featured_media":0,"parent":16550,"menu_order":0,"comment_status":"closed","ping_status":"closed","template":"side-navigation.php","meta":{"_acf_changed":false,"_bbp_topic_count":0,"_bbp_reply_count":0,"_bbp_total_topic_count":0,"_bbp_total_reply_count":0,"_bbp_voice_count":0,"_bbp_anonymous_reply_count":0,"_bbp_topic_count_hidden":0,"_bbp_reply_count_hidden":0,"_bbp_forum_subforum_count":0,"footnotes":""},"class_list":["post-16616","page","type-page","status-publish","hentry"],"acf":[],"yoast_head":"<!-- This site is optimized with the Yoast SEO plugin v26.4 - https:\/\/yoast.com\/wordpress\/plugins\/seo\/ -->\n<title>Cwarel Isaf Institute - Malik Management<\/title>\n<meta name=\"robots\" content=\"index, follow, max-snippet:-1, max-image-preview:large, max-video-preview:-1\" \/>\n<link rel=\"canonical\" href=\"https:\/\/www.malik-management.com\/de\/malik-ansatz\/management-cybernetics-systemics-bionics\/cwarel-isaf-institute\/\" \/>\n<meta property=\"og:locale\" content=\"de_DE\" \/>\n<meta property=\"og:type\" content=\"article\" \/>\n<meta property=\"og:title\" content=\"Cwarel Isaf Institute - Malik Management\" \/>\n<meta property=\"og:url\" content=\"https:\/\/www.malik-management.com\/de\/malik-ansatz\/management-cybernetics-systemics-bionics\/cwarel-isaf-institute\/\" \/>\n<meta property=\"og:site_name\" content=\"Malik Management\" \/>\n<meta property=\"article:modified_time\" content=\"2018-08-29T13:44:44+00:00\" \/>\n<meta name=\"twitter:card\" content=\"summary_large_image\" \/>\n<meta name=\"twitter:label1\" content=\"Gesch\u00e4tzte Lesezeit\" \/>\n\t<meta name=\"twitter:data1\" content=\"2\u00a0Minuten\" \/>\n<script type=\"application\/ld+json\" class=\"yoast-schema-graph\">{\"@context\":\"https:\/\/schema.org\",\"@graph\":[{\"@type\":\"WebPage\",\"@id\":\"https:\/\/www.malik-management.com\/de\/malik-ansatz\/management-cybernetics-systemics-bionics\/cwarel-isaf-institute\/\",\"url\":\"https:\/\/www.malik-management.com\/de\/malik-ansatz\/management-cybernetics-systemics-bionics\/cwarel-isaf-institute\/\",\"name\":\"Cwarel Isaf Institute - Malik Management\",\"isPartOf\":{\"@id\":\"https:\/\/www.malik-management.com\/de\/#website\"},\"datePublished\":\"2017-09-08T05:55:36+00:00\",\"dateModified\":\"2018-08-29T13:44:44+00:00\",\"breadcrumb\":{\"@id\":\"https:\/\/www.malik-management.com\/de\/malik-ansatz\/management-cybernetics-systemics-bionics\/cwarel-isaf-institute\/#breadcrumb\"},\"inLanguage\":\"de\",\"potentialAction\":[{\"@type\":\"ReadAction\",\"target\":[\"https:\/\/www.malik-management.com\/de\/malik-ansatz\/management-cybernetics-systemics-bionics\/cwarel-isaf-institute\/\"]}]},{\"@type\":\"BreadcrumbList\",\"@id\":\"https:\/\/www.malik-management.com\/de\/malik-ansatz\/management-cybernetics-systemics-bionics\/cwarel-isaf-institute\/#breadcrumb\",\"itemListElement\":[{\"@type\":\"ListItem\",\"position\":1,\"name\":\"Home\",\"item\":\"https:\/\/www.malik-management.com\/de\/\"},{\"@type\":\"ListItem\",\"position\":2,\"name\":\"Malik Ansatz\",\"item\":\"https:\/\/www.malik-management.com\/de\/malik-ansatz\/\"},{\"@type\":\"ListItem\",\"position\":3,\"name\":\"Management Cybernetics, Systemics &#038; Bionics\",\"item\":\"https:\/\/www.malik-management.com\/de\/malik-ansatz\/management-cybernetics-systemics-bionics\/\"},{\"@type\":\"ListItem\",\"position\":4,\"name\":\"Cwarel Isaf Institute\"}]},{\"@type\":\"WebSite\",\"@id\":\"https:\/\/www.malik-management.com\/de\/#website\",\"url\":\"https:\/\/www.malik-management.com\/de\/\",\"name\":\"Malik Management\",\"description\":\"Beyond conventional management\",\"publisher\":{\"@id\":\"https:\/\/www.malik-management.com\/de\/#organization\"},\"potentialAction\":[{\"@type\":\"SearchAction\",\"target\":{\"@type\":\"EntryPoint\",\"urlTemplate\":\"https:\/\/www.malik-management.com\/de\/?s={search_term_string}\"},\"query-input\":{\"@type\":\"PropertyValueSpecification\",\"valueRequired\":true,\"valueName\":\"search_term_string\"}}],\"inLanguage\":\"de\"},{\"@type\":\"Organization\",\"@id\":\"https:\/\/www.malik-management.com\/de\/#organization\",\"name\":\"malik international AG\",\"url\":\"https:\/\/www.malik-management.com\/de\/\",\"logo\":{\"@type\":\"ImageObject\",\"inLanguage\":\"de\",\"@id\":\"https:\/\/www.malik-management.com\/de\/#\/schema\/logo\/image\/\",\"url\":\"https:\/\/www.malik-management.com\/wp-content\/uploads\/2018\/09\/Logo_malik_weiss-klein3.png\",\"contentUrl\":\"https:\/\/www.malik-management.com\/wp-content\/uploads\/2018\/09\/Logo_malik_weiss-klein3.png\",\"width\":140,\"height\":41,\"caption\":\"malik international AG\"},\"image\":{\"@id\":\"https:\/\/www.malik-management.com\/de\/#\/schema\/logo\/image\/\"},\"sameAs\":[\"https:\/\/www.linkedin.com\/company\/30160\",\"https:\/\/www.youtube.com\/user\/malikmanagement\"]}]}<\/script>\n<!-- \/ Yoast SEO plugin. -->","yoast_head_json":{"title":"Cwarel Isaf Institute - Malik Management","robots":{"index":"index","follow":"follow","max-snippet":"max-snippet:-1","max-image-preview":"max-image-preview:large","max-video-preview":"max-video-preview:-1"},"canonical":"https:\/\/www.malik-management.com\/de\/malik-ansatz\/management-cybernetics-systemics-bionics\/cwarel-isaf-institute\/","og_locale":"de_DE","og_type":"article","og_title":"Cwarel Isaf Institute - Malik Management","og_url":"https:\/\/www.malik-management.com\/de\/malik-ansatz\/management-cybernetics-systemics-bionics\/cwarel-isaf-institute\/","og_site_name":"Malik Management","article_modified_time":"2018-08-29T13:44:44+00:00","twitter_card":"summary_large_image","twitter_misc":{"Gesch\u00e4tzte Lesezeit":"2\u00a0Minuten"},"schema":{"@context":"https:\/\/schema.org","@graph":[{"@type":"WebPage","@id":"https:\/\/www.malik-management.com\/de\/malik-ansatz\/management-cybernetics-systemics-bionics\/cwarel-isaf-institute\/","url":"https:\/\/www.malik-management.com\/de\/malik-ansatz\/management-cybernetics-systemics-bionics\/cwarel-isaf-institute\/","name":"Cwarel Isaf Institute - Malik Management","isPartOf":{"@id":"https:\/\/www.malik-management.com\/de\/#website"},"datePublished":"2017-09-08T05:55:36+00:00","dateModified":"2018-08-29T13:44:44+00:00","breadcrumb":{"@id":"https:\/\/www.malik-management.com\/de\/malik-ansatz\/management-cybernetics-systemics-bionics\/cwarel-isaf-institute\/#breadcrumb"},"inLanguage":"de","potentialAction":[{"@type":"ReadAction","target":["https:\/\/www.malik-management.com\/de\/malik-ansatz\/management-cybernetics-systemics-bionics\/cwarel-isaf-institute\/"]}]},{"@type":"BreadcrumbList","@id":"https:\/\/www.malik-management.com\/de\/malik-ansatz\/management-cybernetics-systemics-bionics\/cwarel-isaf-institute\/#breadcrumb","itemListElement":[{"@type":"ListItem","position":1,"name":"Home","item":"https:\/\/www.malik-management.com\/de\/"},{"@type":"ListItem","position":2,"name":"Malik Ansatz","item":"https:\/\/www.malik-management.com\/de\/malik-ansatz\/"},{"@type":"ListItem","position":3,"name":"Management Cybernetics, Systemics &#038; Bionics","item":"https:\/\/www.malik-management.com\/de\/malik-ansatz\/management-cybernetics-systemics-bionics\/"},{"@type":"ListItem","position":4,"name":"Cwarel Isaf Institute"}]},{"@type":"WebSite","@id":"https:\/\/www.malik-management.com\/de\/#website","url":"https:\/\/www.malik-management.com\/de\/","name":"Malik Management","description":"Beyond conventional management","publisher":{"@id":"https:\/\/www.malik-management.com\/de\/#organization"},"potentialAction":[{"@type":"SearchAction","target":{"@type":"EntryPoint","urlTemplate":"https:\/\/www.malik-management.com\/de\/?s={search_term_string}"},"query-input":{"@type":"PropertyValueSpecification","valueRequired":true,"valueName":"search_term_string"}}],"inLanguage":"de"},{"@type":"Organization","@id":"https:\/\/www.malik-management.com\/de\/#organization","name":"malik international AG","url":"https:\/\/www.malik-management.com\/de\/","logo":{"@type":"ImageObject","inLanguage":"de","@id":"https:\/\/www.malik-management.com\/de\/#\/schema\/logo\/image\/","url":"https:\/\/www.malik-management.com\/wp-content\/uploads\/2018\/09\/Logo_malik_weiss-klein3.png","contentUrl":"https:\/\/www.malik-management.com\/wp-content\/uploads\/2018\/09\/Logo_malik_weiss-klein3.png","width":140,"height":41,"caption":"malik international AG"},"image":{"@id":"https:\/\/www.malik-management.com\/de\/#\/schema\/logo\/image\/"},"sameAs":["https:\/\/www.linkedin.com\/company\/30160","https:\/\/www.youtube.com\/user\/malikmanagement"]}]}},"_links":{"self":[{"href":"https:\/\/www.malik-management.com\/de\/wp-json\/wp\/v2\/pages\/16616","targetHints":{"allow":["GET"]}}],"collection":[{"href":"https:\/\/www.malik-management.com\/de\/wp-json\/wp\/v2\/pages"}],"about":[{"href":"https:\/\/www.malik-management.com\/de\/wp-json\/wp\/v2\/types\/page"}],"author":[{"embeddable":true,"href":"https:\/\/www.malik-management.com\/de\/wp-json\/wp\/v2\/users\/17"}],"replies":[{"embeddable":true,"href":"https:\/\/www.malik-management.com\/de\/wp-json\/wp\/v2\/comments?post=16616"}],"version-history":[{"count":13,"href":"https:\/\/www.malik-management.com\/de\/wp-json\/wp\/v2\/pages\/16616\/revisions"}],"predecessor-version":[{"id":21799,"href":"https:\/\/www.malik-management.com\/de\/wp-json\/wp\/v2\/pages\/16616\/revisions\/21799"}],"up":[{"embeddable":true,"href":"https:\/\/www.malik-management.com\/de\/wp-json\/wp\/v2\/pages\/16550"}],"wp:attachment":[{"href":"https:\/\/www.malik-management.com\/de\/wp-json\/wp\/v2\/media?parent=16616"}],"curies":[{"name":"wp","href":"https:\/\/api.w.org\/{rel}","templated":true}]}}