{"id":16704,"date":"2017-09-05T09:53:11","date_gmt":"2017-09-05T09:53:11","guid":{"rendered":"https:\/\/www.malik.management\/reorganization\/"},"modified":"2017-09-13T05:27:18","modified_gmt":"2017-09-13T05:27:18","slug":"reorganisation","status":"publish","type":"page","link":"https:\/\/www.malik-management.com\/de\/malik-loesungen\/management-fuer-unternehmen\/reorganisation\/","title":{"rendered":"Reorganisation"},"content":{"rendered":"<div class=\"fusion-fullwidth fullwidth-box fusion-builder-row-1 malik_solutions_main nonhundred-percent-fullwidth non-hundred-percent-height-scrolling\" style=\"--awb-border-radius-top-left:0px;--awb-border-radius-top-right:0px;--awb-border-radius-bottom-right:0px;--awb-border-radius-bottom-left:0px;--awb-padding-top:30px;--awb-padding-bottom:30px;--awb-flex-wrap:wrap;\" ><div class=\"fusion-builder-row fusion-row\"><div class=\"fusion-layout-column fusion_builder_column fusion-builder-column-0 fusion_builder_column_3_4 3_4 fusion-three-fourth fusion-column-first fusion-animated\" style=\"--awb-bg-size:cover;width:75%;width:calc(75% - ( ( 4% ) * 0.75 ) );margin-right: 4%;\" data-animationType=\"fadeInUp\" data-animationDuration=\"1.0\" data-animationOffset=\"top-into-view\"><div class=\"fusion-column-wrapper fusion-flex-column-wrapper-legacy\"><div class=\"fusion-text fusion-text-1\"><div id=\"content-center\">\n<h2>Referenzbeispiel Reorganisation: Zulieferer<\/h2>\n<div class=\"block_element01\">\n<h3>Aus der Malik Praxis grosser Umstrukturierungen<\/h3>\n<p><span style=\"color: #696969;\"><em>&#8222;<\/em><\/span><span style=\"color: #696969;\"><em>Wenn das &#8218;Schiff auf Grund gelaufen ist&#8216; &#8230;<\/em><\/span><span style=\"color: #696969;\"><em>&#8222;<\/em><\/span><br \/>\n<span style=\"color: #696969;\"><em>Leadership mit innovativen Hochleistungs-Methoden<\/em><\/span><\/p>\n<h3>Die Neue Organisation f\u00fcr die Neue Strategie<\/h3>\n<p>In einem weltweit t\u00e4tigen Unternehmen der Zulieferindustrie mit rund 10.000 Mitarbeitern sollten die vielversprechenden strategischen Erfolgspotenziale im Markt rasch und konsequent gehoben werden. Der Vorstand entschied sich daher unter anderem auch f\u00fcr eine grundlegende \u00c4nderung der Organisationsstruktur, die weltweit ca. 2.500 Mitarbeiter direkt betraf.<\/p>\n<h3>Die glanzvollen Resultate und ein neues Funktionieren<\/h3>\n<p align=\"left\">Die erste Syntegration f\u00fcr das Finden der Grundstruktur konnte bereits zwei Wochen nach dem Vorstandsbeschluss durchgef\u00fchrt werden. Schon nach weiteren acht Wochen fand die zweite Syntegration f\u00fcr die Mikro-Ausgestaltung der neuen Organisation statt.<\/p>\n<p align=\"left\"><u>Die Hauptergebnisse der Syntegrations-Methodik waren:<\/u><br \/>\n<span style=\"color: #ff0000;\"><strong>\u00bb <\/strong><\/span>Rettung aus einer v\u00f6llig verfahrenen Situation des Scheiterns mit herk\u00f6mmlichen Methoden<br \/>\n<span style=\"color: #ff0000;\"><strong>\u00bb <\/strong><\/span>Eine grundlegend neue Organisationsstruktur<br \/>\n<span style=\"color: #ff0000;\"><strong>\u00bb <\/strong><\/span>Schaffung eines durchg\u00e4ngigen Konsenses f\u00fcr die neuen L\u00f6sungen<br \/>\n<span style=\"color: #ff0000;\"><strong>\u00bb <\/strong><\/span>Umwandlung von Resignation in Aufbruchsstimmung und Umsetzungswillen<br \/>\n<span style=\"color: #ff0000;\"><strong>\u00bb <\/strong><\/span>Sicherstellen der neuen Abl\u00e4ufe<br \/>\n<span style=\"color: #ff0000;\"><strong>\u00bb <\/strong><\/span>Neue Aufgaben f\u00fcr jede der 30 Schl\u00fcsselpersonen der obersten Ebenen<br \/>\n<span style=\"color: #ff0000;\"><strong>\u00bb <\/strong><\/span>Kalendarische Dauer der Transformation: zw\u00f6lf Wochen<br \/>\n<span style=\"color: #ff0000;\"><strong>\u00bb <\/strong><\/span>Arbeitsdauer der Transformation f\u00fcr die F\u00fchrungskr\u00e4fte: zehn Tage<br \/>\n<span style=\"color: #ff0000;\"><strong>\u00bb <\/strong><\/span>Wirkungsdauer der Transformation: Nachhaltig unbegrenzt<br \/>\n<span style=\"color: #ff0000;\"><strong>\u00bb <\/strong><\/span>Kosten: 1.5 Prozent des vorher gescheiterten Verfahrens<br \/>\n<span style=\"color: #ff0000;\"><strong>\u00bb <\/strong><\/span>Zufriedenheit: Von 100 Prozent negativ mit dem alten Verfahren auf 95 Prozent positiv mit Syntegration<\/p>\n<h3>Scheitern herk\u00f6mmlicher Verfahren<\/h3>\n<p>Das bisher prim\u00e4re Steuerungskriterium der Organisation sollte von der Region zur Business Unit ge\u00e4ndert werden. Zus\u00e4tzliche organisatorische Einheiten f\u00fcr die Abwicklung neuer Gesch\u00e4fte mussten in der neuen Struktur verankert werden. Dies erforderte gewaltige Eingriffe in die bisher bew\u00e4hrten Abl\u00e4ufe, sowie in die organisatorischen &#8222;Besitzst\u00e4nde&#8220; und in die Unternehmenskultur. Noch vor Durchf\u00fchrung der Syntegrationen wurde der Prozess zuerst intern mit herk\u00f6mmlichen Methoden gestartet.<\/p>\n<p>In zahlreichen, immer schwieriger zu koordinierenden Workshops wurden in monatelanger Arbeit unterschiedliche Organisationsalternativen endlos durchdiskutiert. Damit gelang es aber nicht, die wichtigsten F\u00fchrungskr\u00e4fte auf eine L\u00f6sung festzulegen. Die Chancen wurden immer geringer, auf diesem Wege zu einer akzeptablen Kompromiss-L\u00f6sung zu kommen. Die Zeit dr\u00e4ngte, denn auch die Konkurrenz war am Markt verst\u00e4rkt aktiv. Resignation begann sich breit zu machen und die Bef\u00fcrchtung, man k\u00f6nnte die Chancen vers\u00e4umen. Es wurde klar, dass man die Komplexit\u00e4t des Problems deutlich untersch\u00e4tzt hatte, und dass die gew\u00e4hlte Vorgehensweise wirkungslos blieb \u2013 obwohl sie in der Praxis \u00fcblich und scheinbar bew\u00e4hrt war. Somit waren die unternehmenskulturellen Voraussetzungen denkbar schlecht f\u00fcr die Syntegration. Motivation und Stimmung tendierten gegen Null, die \u00c4nderungsbereitschaft war auf einem Tiefpunkt, \u00a0und die F\u00fchrung hatte massiv an Glaubw\u00fcrdigkeit und Vertrauen verloren \u2026<\/p>\n<p>In dieser heiklen Situation traf der der Vorstand die ungew\u00f6hnlich mutige Entscheidung f\u00fcr eine radikale \u00c4nderung der Vorgehensweise und beschloss die Durchf\u00fchrung einer Malik Syntegration. Deren Ziel war das blitzschnelle Finden und Festlegen einer neuen Organisationsstruktur.<\/p>\n<p align=\"left\">\n<h3>Zwei Syntegrationen auf der Top-Ebene<\/h3>\n<p>Daf\u00fcr wurden zwei Syntegrationen durchgef\u00fchrt. Die erste hatte das Ziel, eine neue Struktur zu finden. Eine zweite Syntegration wurde f\u00fcr \u00a0die \u00fcberaus anspruchsvollen Ver\u00e4nderungen der pers\u00f6nlichen Aufgaben der Top F\u00fchrungskr\u00e4fte eingesetzt, die f\u00fcr das zuverl\u00e4ssige Funktionieren der neuen Struktur n\u00f6tig waren. Dazu wurden die weltweit wichtigsten 30 F\u00fchrungskr\u00e4fte des Unternehmens f\u00fcr 3.5 Tage aufgeboten, um mittels der Syntegration in einem gemeinsamen, orchestrierten Kraftakt die verlorene Zeit wieder wettzumachen. Zu der Gruppe von 30 Top Executives z\u00e4hlten auch alle jene der obersten Ebenen, die im Zuge der Reorganisation in ihrer eigenen Wahrnehmung \u00a0Macht und Einfluss verlieren w\u00fcrden \u2013 ein Risiko, das man gezielt einging, da man diese F\u00fchrungskr\u00e4fte f\u00fcr das Unternehmen erhalten wollte. Ausschlaggebend war unter anderem die Hoffnung, dass es bei der erw\u00e4hnten Unternehmensgr\u00f6sse von rund 10.000 Mitarbeitern m\u00f6glich sein m\u00fcsste, mit den rund 30 Spitzenkr\u00e4ften offen \u00fcber die Organisation zu sprechen. Wie sich gezeigt hatte, waren die konventionellen Verfahren daf\u00fcr aber v\u00f6llig ungeeignet.<\/p>\n<p>Die Teilnehmer erlebten die Syntegration durchwegs als faszinierend positiv. Ihre Zufriedenheits-Rankings lagen bei mehr als 90 Prozent. Die fr\u00fcheren hemmenden Muster waren gebrochen und neue, wirksam funktionierende Patterns waren entstanden. Die Syntegrationen waren keine &#8222;social events&#8220;, und auch keine m\u00fchsamen, zeitraubenden Workshop-Meetings, sondern in jeder Phase zielgenau produktives Arbeiten ohne den geringsten Leerlauf. Die Syntegration er\u00f6ffnete f\u00fcr die Teilnehmer eine neue Dimension des gemeinsamen Erarbeitens \u00a0von L\u00f6sungen und des Erlebens und Verstehens\u00a0 einer v\u00f6llig neuen Qualit\u00e4t des Kommunizierens. Das Top Management hatte in dieser kritischen Situation kompetente Leadership bewiesen und dadurch Glaubw\u00fcrdigkeit und Vertrauen zur\u00fcckgewonnen.<\/p>\n<p>Mit der neuen Sozialmethodik der Syntegration\u00ae f\u00fchrt man Reorganisationsprojekte um ein Vielfaches schneller und wirksamer durch als mit jeder herk\u00f6mmlichen Methode. Durch die Hebelkraft der Syntegrations-Verfahren werden die Ziele von Umstrukturierungen rasch und reibungsfrei erreicht. Was mit herk\u00f6mmlichen Methoden Monate dauert, erzielt die Syntegration in Tagen und Wochen. Die \u00fcblichen Sch\u00e4den in der Unternehmenskultur \u00a0treten dabei nicht auf.<\/p>\n<p>Vollst\u00e4ndiges Praxisbeispiel im Malik Letter <em><a href=\"http:\/\/shop.malik-management.com\/mom\/mom-pdf\/mom-pdf-2011\/supersyntegration-fur-reorganisation-2011-04.html\" target=\"_blank\" rel=\"noopener\">Syntegration f\u00fcr Reorganisation<\/a> (<\/em>04\/11), S.42f.<\/p>\n<p align=\"left\">Dieses Ergebnis haben wir ausgehend von unserer Kernmethode <a href=\"https:\/\/www.malik-management.com\/de\/malik-loesungen\/malik-tools-and-methods\/malik-syntegration\/\">Malik Syntegration<\/a><sup>\u00ae<\/sup> erzielt. Dieselbe Herausforderung haben wir auch f\u00fcr s\u00e4mtliche Wirtschaftssegmente gel\u00f6st, wie Retail, Information Technology, Services, Production, Energy, Finance etc.<\/p>\n<\/div>\n<\/div>\n<\/div><div class=\"fusion-clearfix\"><\/div><\/div><\/div><div class=\"fusion-layout-column fusion_builder_column fusion-builder-column-1 fusion_builder_column_1_4 1_4 fusion-one-fourth fusion-column-last malik_solutions_main_right fusion-animated\" style=\"--awb-bg-size:cover;width:25%;width:calc(25% - ( ( 4% ) * 0.25 ) );\" data-animationType=\"fadeInRight\" data-animationDuration=\"1.0\" data-animationOffset=\"top-into-view\"><div class=\"fusion-column-wrapper fusion-flex-column-wrapper-legacy\"><div class=\"fusion-image-element fusion-image-align-center in-legacy-container\" style=\"text-align:center;--awb-caption-title-font-family:var(--h2_typography-font-family);--awb-caption-title-font-weight:var(--h2_typography-font-weight);--awb-caption-title-font-style:var(--h2_typography-font-style);--awb-caption-title-size:var(--h2_typography-font-size);--awb-caption-title-transform:var(--h2_typography-text-transform);--awb-caption-title-line-height:var(--h2_typography-line-height);--awb-caption-title-letter-spacing:var(--h2_typography-letter-spacing);\"><div class=\"imageframe-align-center\"><span class=\" fusion-imageframe imageframe-dropshadow imageframe-1 hover-type-zoomin malik_solutions_main_right_image01\" style=\"-webkit-box-shadow: 3px 3px 7px rgba(0,0,0,0.3);box-shadow: 3px 3px 7px rgba(0,0,0,0.3);\"><a class=\"fusion-no-lightbox\" href=\"\/MMS_DE_Online\/main.html\" target=\"_self\" aria-label=\"malik-management-systeme-236px\"><img decoding=\"async\" width=\"236\" height=\"205\" src=\"https:\/\/www.malik-management.com\/wp-content\/uploads\/2017\/09\/malik-management-systeme-236px-2.gif\" alt class=\"img-responsive wp-image-16532\"\/><\/a><\/span><\/div><\/div><div class=\"fusion-text fusion-text-2\"><p style=\"text-align: center;\">Wissenschaftliche Basis: Die Malik Management Systeme\u00ae<\/p>\n<\/div><div class=\"fusion-clearfix\"><\/div><\/div><\/div><\/div><\/div>\n","protected":false},"excerpt":{"rendered":"","protected":false},"author":17,"featured_media":0,"parent":16498,"menu_order":0,"comment_status":"closed","ping_status":"closed","template":"side-navigation.php","meta":{"_acf_changed":false,"_bbp_topic_count":0,"_bbp_reply_count":0,"_bbp_total_topic_count":0,"_bbp_total_reply_count":0,"_bbp_voice_count":0,"_bbp_anonymous_reply_count":0,"_bbp_topic_count_hidden":0,"_bbp_reply_count_hidden":0,"_bbp_forum_subforum_count":0,"footnotes":""},"class_list":["post-16704","page","type-page","status-publish","hentry"],"acf":[],"yoast_head":"<!-- This site is optimized with the Yoast SEO plugin v26.4 - https:\/\/yoast.com\/wordpress\/plugins\/seo\/ -->\n<title>Reorganisation - Malik Management<\/title>\n<meta name=\"robots\" content=\"index, follow, max-snippet:-1, max-image-preview:large, max-video-preview:-1\" \/>\n<link rel=\"canonical\" href=\"https:\/\/www.malik-management.com\/de\/malik-loesungen\/management-fuer-unternehmen\/reorganisation\/\" \/>\n<meta property=\"og:locale\" content=\"de_DE\" \/>\n<meta property=\"og:type\" content=\"article\" \/>\n<meta property=\"og:title\" content=\"Reorganisation - Malik Management\" \/>\n<meta property=\"og:url\" content=\"https:\/\/www.malik-management.com\/de\/malik-loesungen\/management-fuer-unternehmen\/reorganisation\/\" \/>\n<meta property=\"og:site_name\" content=\"Malik Management\" \/>\n<meta property=\"article:modified_time\" content=\"2017-09-13T05:27:18+00:00\" \/>\n<meta name=\"twitter:card\" content=\"summary_large_image\" \/>\n<meta name=\"twitter:label1\" content=\"Gesch\u00e4tzte Lesezeit\" \/>\n\t<meta name=\"twitter:data1\" content=\"6\u00a0Minuten\" \/>\n<script type=\"application\/ld+json\" class=\"yoast-schema-graph\">{\"@context\":\"https:\/\/schema.org\",\"@graph\":[{\"@type\":\"WebPage\",\"@id\":\"https:\/\/www.malik-management.com\/de\/malik-loesungen\/management-fuer-unternehmen\/reorganisation\/\",\"url\":\"https:\/\/www.malik-management.com\/de\/malik-loesungen\/management-fuer-unternehmen\/reorganisation\/\",\"name\":\"Reorganisation - Malik Management\",\"isPartOf\":{\"@id\":\"https:\/\/www.malik-management.com\/de\/#website\"},\"datePublished\":\"2017-09-05T09:53:11+00:00\",\"dateModified\":\"2017-09-13T05:27:18+00:00\",\"breadcrumb\":{\"@id\":\"https:\/\/www.malik-management.com\/de\/malik-loesungen\/management-fuer-unternehmen\/reorganisation\/#breadcrumb\"},\"inLanguage\":\"de\",\"potentialAction\":[{\"@type\":\"ReadAction\",\"target\":[\"https:\/\/www.malik-management.com\/de\/malik-loesungen\/management-fuer-unternehmen\/reorganisation\/\"]}]},{\"@type\":\"BreadcrumbList\",\"@id\":\"https:\/\/www.malik-management.com\/de\/malik-loesungen\/management-fuer-unternehmen\/reorganisation\/#breadcrumb\",\"itemListElement\":[{\"@type\":\"ListItem\",\"position\":1,\"name\":\"Home\",\"item\":\"https:\/\/www.malik-management.com\/de\/\"},{\"@type\":\"ListItem\",\"position\":2,\"name\":\"Malik L\u00f6sungen\",\"item\":\"https:\/\/www.malik-management.com\/de\/malik-loesungen\/\"},{\"@type\":\"ListItem\",\"position\":3,\"name\":\"Management f\u00fcr Unternehmen\",\"item\":\"https:\/\/www.malik-management.com\/de\/malik-loesungen\/management-fuer-unternehmen\/\"},{\"@type\":\"ListItem\",\"position\":4,\"name\":\"Reorganisation\"}]},{\"@type\":\"WebSite\",\"@id\":\"https:\/\/www.malik-management.com\/de\/#website\",\"url\":\"https:\/\/www.malik-management.com\/de\/\",\"name\":\"Malik Management\",\"description\":\"Beyond conventional management\",\"publisher\":{\"@id\":\"https:\/\/www.malik-management.com\/de\/#organization\"},\"potentialAction\":[{\"@type\":\"SearchAction\",\"target\":{\"@type\":\"EntryPoint\",\"urlTemplate\":\"https:\/\/www.malik-management.com\/de\/?s={search_term_string}\"},\"query-input\":{\"@type\":\"PropertyValueSpecification\",\"valueRequired\":true,\"valueName\":\"search_term_string\"}}],\"inLanguage\":\"de\"},{\"@type\":\"Organization\",\"@id\":\"https:\/\/www.malik-management.com\/de\/#organization\",\"name\":\"malik international AG\",\"url\":\"https:\/\/www.malik-management.com\/de\/\",\"logo\":{\"@type\":\"ImageObject\",\"inLanguage\":\"de\",\"@id\":\"https:\/\/www.malik-management.com\/de\/#\/schema\/logo\/image\/\",\"url\":\"https:\/\/www.malik-management.com\/wp-content\/uploads\/2018\/09\/Logo_malik_weiss-klein3.png\",\"contentUrl\":\"https:\/\/www.malik-management.com\/wp-content\/uploads\/2018\/09\/Logo_malik_weiss-klein3.png\",\"width\":140,\"height\":41,\"caption\":\"malik international AG\"},\"image\":{\"@id\":\"https:\/\/www.malik-management.com\/de\/#\/schema\/logo\/image\/\"},\"sameAs\":[\"https:\/\/www.linkedin.com\/company\/30160\",\"https:\/\/www.youtube.com\/user\/malikmanagement\"]}]}<\/script>\n<!-- \/ Yoast SEO plugin. -->","yoast_head_json":{"title":"Reorganisation - Malik Management","robots":{"index":"index","follow":"follow","max-snippet":"max-snippet:-1","max-image-preview":"max-image-preview:large","max-video-preview":"max-video-preview:-1"},"canonical":"https:\/\/www.malik-management.com\/de\/malik-loesungen\/management-fuer-unternehmen\/reorganisation\/","og_locale":"de_DE","og_type":"article","og_title":"Reorganisation - Malik Management","og_url":"https:\/\/www.malik-management.com\/de\/malik-loesungen\/management-fuer-unternehmen\/reorganisation\/","og_site_name":"Malik Management","article_modified_time":"2017-09-13T05:27:18+00:00","twitter_card":"summary_large_image","twitter_misc":{"Gesch\u00e4tzte Lesezeit":"6\u00a0Minuten"},"schema":{"@context":"https:\/\/schema.org","@graph":[{"@type":"WebPage","@id":"https:\/\/www.malik-management.com\/de\/malik-loesungen\/management-fuer-unternehmen\/reorganisation\/","url":"https:\/\/www.malik-management.com\/de\/malik-loesungen\/management-fuer-unternehmen\/reorganisation\/","name":"Reorganisation - Malik Management","isPartOf":{"@id":"https:\/\/www.malik-management.com\/de\/#website"},"datePublished":"2017-09-05T09:53:11+00:00","dateModified":"2017-09-13T05:27:18+00:00","breadcrumb":{"@id":"https:\/\/www.malik-management.com\/de\/malik-loesungen\/management-fuer-unternehmen\/reorganisation\/#breadcrumb"},"inLanguage":"de","potentialAction":[{"@type":"ReadAction","target":["https:\/\/www.malik-management.com\/de\/malik-loesungen\/management-fuer-unternehmen\/reorganisation\/"]}]},{"@type":"BreadcrumbList","@id":"https:\/\/www.malik-management.com\/de\/malik-loesungen\/management-fuer-unternehmen\/reorganisation\/#breadcrumb","itemListElement":[{"@type":"ListItem","position":1,"name":"Home","item":"https:\/\/www.malik-management.com\/de\/"},{"@type":"ListItem","position":2,"name":"Malik L\u00f6sungen","item":"https:\/\/www.malik-management.com\/de\/malik-loesungen\/"},{"@type":"ListItem","position":3,"name":"Management f\u00fcr Unternehmen","item":"https:\/\/www.malik-management.com\/de\/malik-loesungen\/management-fuer-unternehmen\/"},{"@type":"ListItem","position":4,"name":"Reorganisation"}]},{"@type":"WebSite","@id":"https:\/\/www.malik-management.com\/de\/#website","url":"https:\/\/www.malik-management.com\/de\/","name":"Malik Management","description":"Beyond conventional management","publisher":{"@id":"https:\/\/www.malik-management.com\/de\/#organization"},"potentialAction":[{"@type":"SearchAction","target":{"@type":"EntryPoint","urlTemplate":"https:\/\/www.malik-management.com\/de\/?s={search_term_string}"},"query-input":{"@type":"PropertyValueSpecification","valueRequired":true,"valueName":"search_term_string"}}],"inLanguage":"de"},{"@type":"Organization","@id":"https:\/\/www.malik-management.com\/de\/#organization","name":"malik international AG","url":"https:\/\/www.malik-management.com\/de\/","logo":{"@type":"ImageObject","inLanguage":"de","@id":"https:\/\/www.malik-management.com\/de\/#\/schema\/logo\/image\/","url":"https:\/\/www.malik-management.com\/wp-content\/uploads\/2018\/09\/Logo_malik_weiss-klein3.png","contentUrl":"https:\/\/www.malik-management.com\/wp-content\/uploads\/2018\/09\/Logo_malik_weiss-klein3.png","width":140,"height":41,"caption":"malik international AG"},"image":{"@id":"https:\/\/www.malik-management.com\/de\/#\/schema\/logo\/image\/"},"sameAs":["https:\/\/www.linkedin.com\/company\/30160","https:\/\/www.youtube.com\/user\/malikmanagement"]}]}},"_links":{"self":[{"href":"https:\/\/www.malik-management.com\/de\/wp-json\/wp\/v2\/pages\/16704","targetHints":{"allow":["GET"]}}],"collection":[{"href":"https:\/\/www.malik-management.com\/de\/wp-json\/wp\/v2\/pages"}],"about":[{"href":"https:\/\/www.malik-management.com\/de\/wp-json\/wp\/v2\/types\/page"}],"author":[{"embeddable":true,"href":"https:\/\/www.malik-management.com\/de\/wp-json\/wp\/v2\/users\/17"}],"replies":[{"embeddable":true,"href":"https:\/\/www.malik-management.com\/de\/wp-json\/wp\/v2\/comments?post=16704"}],"version-history":[{"count":4,"href":"https:\/\/www.malik-management.com\/de\/wp-json\/wp\/v2\/pages\/16704\/revisions"}],"predecessor-version":[{"id":18319,"href":"https:\/\/www.malik-management.com\/de\/wp-json\/wp\/v2\/pages\/16704\/revisions\/18319"}],"up":[{"embeddable":true,"href":"https:\/\/www.malik-management.com\/de\/wp-json\/wp\/v2\/pages\/16498"}],"wp:attachment":[{"href":"https:\/\/www.malik-management.com\/de\/wp-json\/wp\/v2\/media?parent=16704"}],"curies":[{"name":"wp","href":"https:\/\/api.w.org\/{rel}","templated":true}]}}