{"id":16792,"date":"2017-09-08T07:23:45","date_gmt":"2017-09-08T07:23:45","guid":{"rendered":"https:\/\/www.malik.management\/?page_id=16792\/"},"modified":"2017-09-08T08:17:52","modified_gmt":"2017-09-08T08:17:52","slug":"auszeichnungen","status":"publish","type":"page","link":"https:\/\/www.malik-management.com\/de\/auszeichnungen\/","title":{"rendered":"Auszeichnungen"},"content":{"rendered":"<div class=\"fusion-fullwidth fullwidth-box fusion-builder-row-1 malik_solutions_main nonhundred-percent-fullwidth non-hundred-percent-height-scrolling\" style=\"--awb-border-radius-top-left:0px;--awb-border-radius-top-right:0px;--awb-border-radius-bottom-right:0px;--awb-border-radius-bottom-left:0px;--awb-padding-top:30px;--awb-padding-bottom:30px;--awb-flex-wrap:wrap;\" ><div class=\"fusion-builder-row fusion-row\"><div class=\"fusion-layout-column fusion_builder_column fusion-builder-column-0 fusion_builder_column_1_1 1_1 fusion-one-full fusion-column-first fusion-column-last malik_solutions_main_content01 fusion-animated\" style=\"--awb-bg-size:cover;\" data-animationType=\"fadeInUp\" data-animationDuration=\"1.0\" data-animationOffset=\"top-into-view\"><div class=\"fusion-column-wrapper fusion-flex-column-wrapper-legacy\"><div class=\"fusion-text fusion-text-1\"><div id=\"content-center\">\n<h2>Auszeichnungen &#8211;\u00a0<span class=\"leadtext\">ASCO Award 2010<\/span><\/h2>\n<\/div>\n<\/div><div class=\"fusion-builder-row fusion-builder-row-inner fusion-row\"><div class=\"fusion-layout-column fusion_builder_column_inner fusion-builder-nested-column-0 fusion_builder_column_inner_1_3 1_3 fusion-one-third fusion-column-first\" style=\"--awb-bg-size:cover;width:33.333333333333%;width:calc(33.333333333333% - ( ( 4% ) * 0.33333333333333 ) );margin-right: 4%;\"><div class=\"fusion-column-wrapper fusion-flex-column-wrapper-legacy\"><a class=\"awb-lightbox awb-lightbox-1\" href=\"https:\/\/www.malik-management.com\/wp-content\/uploads\/2017\/09\/asco_award_2010.jpg\" data-rel=\"iLightbox\"><img decoding=\"async\" src=\"https:\/\/www.malik-management.com\/wp-content\/uploads\/2017\/09\/asco_award_2010.jpg\"><\/a><div class=\"fusion-clearfix\"><\/div><\/div><\/div><div class=\"fusion-layout-column fusion_builder_column_inner fusion-builder-nested-column-1 fusion_builder_column_inner_2_3 2_3 fusion-two-third fusion-column-last\" style=\"--awb-bg-size:cover;width:66.666666666667%;width:calc(66.666666666667% - ( ( 4% ) * 0.66666666666667 ) );\"><div class=\"fusion-column-wrapper fusion-flex-column-wrapper-legacy\"><div class=\"fusion-text fusion-text-2\"><p>Die<strong>\u00a0ASCO<\/strong>\u00a0\u2013 Association of Management Consultants Switzerland \u2013 engagiert sich als Branchenverband der Schweizer Unternehmensberater schon lange f\u00fcr die St\u00e4rkung der Wettbewerbsf\u00e4higkeit der Schweiz sowie f\u00fcr die Erhaltung und Schaffung von Arbeitspl\u00e4tzen.<\/p>\n<p>Wandel will gekonnt realisiert werden. Im Rahmen der F\u00f6rderung des Wirtschaftsstandortes Schweiz zeichnet die ASCO in einem j\u00e4hrlich wiederkehrenden Prozess die besten und nachhaltigsten Unternehmenstransformationen aus. Die Beitr\u00e4ge werden von einer namhaften Jury (bestehend aus Exponenten aus der Industrie, Dienstleistung, Universit\u00e4t, Medien und der Branche) aufgrund messbarer qualitativer und quantitativer Resultate auf ihre systemische Implementierung und auf den nachvollziehbaren Kausalzusammenhang des Beitrags des Beratungshauses \u00fcberpr\u00fcft. Der Kunde wird gemeinsam mit seinem Berater f\u00fcr das realisierte Projekt geehrt. Die besten Beitr\u00e4ge werden mit dem Zertifikat \u201eExcellent Business Transformation\u201c ausgezeichnet.<\/p>\n<p>2010 wurde unser Unternehmen mit dem ASCO-Award &#8222;Excellent Business Transformation&#8220; f\u00fcr unsere Unternehmensstrategie im Bereich HR-Management im Unternehmen Evonik Industries AG ausgezeichnet. Unter Ber\u00fccksichtigung des aktuellen Umbruchs und langfristiger Auswirkungen des demografischen Wandels konnten wir ein perfekt auf das Unternehmen angepasstes strategiekonformes Personalmanagement u.a. dank Szenariosimulationen bereitstellen.<\/p>\n<\/div><div class=\"fusion-clearfix\"><\/div><\/div><\/div><\/div><div class=\"fusion-sep-clear\"><\/div><div class=\"fusion-separator fusion-full-width-sep\" style=\"margin-left: auto;margin-right: auto;margin-top:10px;margin-bottom:10px;width:100%;\"><div class=\"fusion-separator-border sep-single sep-solid\" style=\"--awb-height:20px;--awb-amount:20px;--awb-sep-color:#cccccc;border-color:#cccccc;border-top-width:1px;\"><\/div><\/div><div class=\"fusion-sep-clear\"><\/div><div class=\"fusion-builder-row fusion-builder-row-inner fusion-row\"><div class=\"fusion-layout-column fusion_builder_column_inner fusion-builder-nested-column-2 fusion_builder_column_inner_1_4 1_4 fusion-one-fourth fusion-column-first\" style=\"--awb-bg-size:cover;width:25%;width:calc(25% - ( ( 4% ) * 0.25 ) );margin-right: 4%;\"><div class=\"fusion-column-wrapper fusion-flex-column-wrapper-legacy\"><div class=\"fusion-image-element fusion-image-align-center in-legacy-container\" style=\"text-align:center;--awb-caption-title-font-family:var(--h2_typography-font-family);--awb-caption-title-font-weight:var(--h2_typography-font-weight);--awb-caption-title-font-style:var(--h2_typography-font-style);--awb-caption-title-size:var(--h2_typography-font-size);--awb-caption-title-transform:var(--h2_typography-text-transform);--awb-caption-title-line-height:var(--h2_typography-line-height);--awb-caption-title-letter-spacing:var(--h2_typography-letter-spacing);\"><div class=\"imageframe-align-center\"><span class=\" fusion-imageframe imageframe-dropshadow imageframe-1 hover-type-zoomin\" style=\"-webkit-box-shadow: 3px 3px 7px rgba(0,0,0,0.3);box-shadow: 3px 3px 7px rgba(0,0,0,0.3);\"><a href=\"https:\/\/www.malik-management.com\/wp-content\/uploads\/2017\/09\/comenius-medaille-2004.jpg\" class=\"fusion-lightbox\" data-rel=\"iLightbox[f85c16344151c3fc49f]\" data-title=\"comenius-medaille-2004\" title=\"comenius-medaille-2004\"><img decoding=\"async\" width=\"191\" height=\"197\" src=\"https:\/\/www.malik-management.com\/wp-content\/uploads\/2017\/09\/comenius-medaille-2004.jpg\" alt class=\"img-responsive wp-image-16802\"\/><\/a><\/span><\/div><\/div><div class=\"fusion-clearfix\"><\/div><\/div><\/div><div class=\"fusion-layout-column fusion_builder_column_inner fusion-builder-nested-column-3 fusion_builder_column_inner_3_4 3_4 fusion-three-fourth fusion-column-last\" style=\"--awb-bg-size:cover;width:75%;width:calc(75% - ( ( 4% ) * 0.75 ) );\"><div class=\"fusion-column-wrapper fusion-flex-column-wrapper-legacy\"><div class=\"fusion-text fusion-text-3\"><p>Die Gesellschaft f\u00fcr P\u00e4dagogik, Information und Medien \u201eJohann Amos Comenius\u201c e. V. (GPI) als wissenschaftliche Fachgesellschaft f\u00fcr Bildungsmedien, Multimedia, Bildungstechnologie und Mediendidaktik verleiht die Comenius-EduMedia-Auszeichnungen f\u00fcr exemplarische digitale Bildungsmedien.<\/p>\n<p>Mit dieser Verleihung f\u00f6rdert die GPI p\u00e4dagogisch, inhaltlich und gestalterisch herausragende digitale Bildungsmedien f\u00fcr alle Bildungs- und Nutzungs- bereiche, wie E-Learning \/ E-Teaching, Blended-Learning \/ Blended- Education und f\u00fcr formales, nonformales und spielerisches Lernen. Die GPI vergibt im sechsten Jahrzehnt ihres Wirkens die Comenius- Auszeichnungen seit 1995 im deutschsprachigen Raum und seit 1997 auch in europ\u00e4ischen und au\u00dfereurop\u00e4ischen L\u00e4ndern. Die Comenius- Auszeichnungen haben sich seit 1995 zu einem der bedeutendsten Multimediapreise in Europa entwickelt.<\/p>\n<\/div><div class=\"fusion-clearfix\"><\/div><\/div><\/div><\/div><div class=\"fusion-text fusion-text-4\"><p><strong>e-Effective Managing and Performing<\/strong>\u00a0\u2013 unser flexibles E-Learning Programm f\u00fcr wirksames Selbst-Management und f\u00fcr das professionelle F\u00fchren von Mitarbeitenden \u2013\u00a0 erhielt als\u00a0<strong>&#8222;herausragendes di\u00addak\u00adti\u00adsches Multimedia-Produkt&#8220;\u00a0<\/strong>die Comenius-Medaille 2004 und 2005.<\/p>\n<\/div><div class=\"fusion-clearfix\"><\/div><\/div><\/div><\/div><\/div>\n","protected":false},"excerpt":{"rendered":"","protected":false},"author":17,"featured_media":0,"parent":0,"menu_order":0,"comment_status":"closed","ping_status":"closed","template":"100-width.php","meta":{"_acf_changed":false,"_bbp_topic_count":0,"_bbp_reply_count":0,"_bbp_total_topic_count":0,"_bbp_total_reply_count":0,"_bbp_voice_count":0,"_bbp_anonymous_reply_count":0,"_bbp_topic_count_hidden":0,"_bbp_reply_count_hidden":0,"_bbp_forum_subforum_count":0,"footnotes":""},"class_list":["post-16792","page","type-page","status-publish","hentry"],"acf":[],"yoast_head":"<!-- This site is optimized with the Yoast SEO plugin v26.4 - https:\/\/yoast.com\/wordpress\/plugins\/seo\/ -->\n<title>Auszeichnungen - Malik Management<\/title>\n<meta name=\"robots\" content=\"index, follow, max-snippet:-1, max-image-preview:large, max-video-preview:-1\" \/>\n<link rel=\"canonical\" href=\"https:\/\/www.malik-management.com\/de\/auszeichnungen\/\" \/>\n<meta property=\"og:locale\" content=\"de_DE\" \/>\n<meta property=\"og:type\" content=\"article\" \/>\n<meta property=\"og:title\" content=\"Auszeichnungen - Malik Management\" \/>\n<meta property=\"og:url\" content=\"https:\/\/www.malik-management.com\/de\/auszeichnungen\/\" \/>\n<meta property=\"og:site_name\" content=\"Malik Management\" \/>\n<meta property=\"article:modified_time\" content=\"2017-09-08T08:17:52+00:00\" \/>\n<meta property=\"og:image\" content=\"https:\/\/www.malik-management.com\/wp-content\/uploads\/2017\/09\/asco_award_2010.jpg\" \/>\n<meta name=\"twitter:card\" content=\"summary_large_image\" \/>\n<meta name=\"twitter:label1\" content=\"Gesch\u00e4tzte Lesezeit\" \/>\n\t<meta name=\"twitter:data1\" content=\"5\u00a0Minuten\" \/>\n<script type=\"application\/ld+json\" class=\"yoast-schema-graph\">{\"@context\":\"https:\/\/schema.org\",\"@graph\":[{\"@type\":\"WebPage\",\"@id\":\"https:\/\/www.malik-management.com\/de\/auszeichnungen\/\",\"url\":\"https:\/\/www.malik-management.com\/de\/auszeichnungen\/\",\"name\":\"Auszeichnungen - Malik Management\",\"isPartOf\":{\"@id\":\"https:\/\/www.malik-management.com\/de\/#website\"},\"primaryImageOfPage\":{\"@id\":\"https:\/\/www.malik-management.com\/de\/auszeichnungen\/#primaryimage\"},\"image\":{\"@id\":\"https:\/\/www.malik-management.com\/de\/auszeichnungen\/#primaryimage\"},\"thumbnailUrl\":\"https:\/\/www.malik-management.com\/wp-content\/uploads\/2017\/09\/asco_award_2010.jpg\",\"datePublished\":\"2017-09-08T07:23:45+00:00\",\"dateModified\":\"2017-09-08T08:17:52+00:00\",\"breadcrumb\":{\"@id\":\"https:\/\/www.malik-management.com\/de\/auszeichnungen\/#breadcrumb\"},\"inLanguage\":\"de\",\"potentialAction\":[{\"@type\":\"ReadAction\",\"target\":[\"https:\/\/www.malik-management.com\/de\/auszeichnungen\/\"]}]},{\"@type\":\"ImageObject\",\"inLanguage\":\"de\",\"@id\":\"https:\/\/www.malik-management.com\/de\/auszeichnungen\/#primaryimage\",\"url\":\"https:\/\/www.malik-management.com\/wp-content\/uploads\/2017\/09\/asco_award_2010.jpg\",\"contentUrl\":\"https:\/\/www.malik-management.com\/wp-content\/uploads\/2017\/09\/asco_award_2010.jpg\"},{\"@type\":\"BreadcrumbList\",\"@id\":\"https:\/\/www.malik-management.com\/de\/auszeichnungen\/#breadcrumb\",\"itemListElement\":[{\"@type\":\"ListItem\",\"position\":1,\"name\":\"Home\",\"item\":\"https:\/\/www.malik-management.com\/de\/\"},{\"@type\":\"ListItem\",\"position\":2,\"name\":\"Auszeichnungen\"}]},{\"@type\":\"WebSite\",\"@id\":\"https:\/\/www.malik-management.com\/de\/#website\",\"url\":\"https:\/\/www.malik-management.com\/de\/\",\"name\":\"Malik Management\",\"description\":\"Beyond conventional management\",\"publisher\":{\"@id\":\"https:\/\/www.malik-management.com\/de\/#organization\"},\"potentialAction\":[{\"@type\":\"SearchAction\",\"target\":{\"@type\":\"EntryPoint\",\"urlTemplate\":\"https:\/\/www.malik-management.com\/de\/?s={search_term_string}\"},\"query-input\":{\"@type\":\"PropertyValueSpecification\",\"valueRequired\":true,\"valueName\":\"search_term_string\"}}],\"inLanguage\":\"de\"},{\"@type\":\"Organization\",\"@id\":\"https:\/\/www.malik-management.com\/de\/#organization\",\"name\":\"malik international AG\",\"url\":\"https:\/\/www.malik-management.com\/de\/\",\"logo\":{\"@type\":\"ImageObject\",\"inLanguage\":\"de\",\"@id\":\"https:\/\/www.malik-management.com\/de\/#\/schema\/logo\/image\/\",\"url\":\"https:\/\/www.malik-management.com\/wp-content\/uploads\/2018\/09\/Logo_malik_weiss-klein3.png\",\"contentUrl\":\"https:\/\/www.malik-management.com\/wp-content\/uploads\/2018\/09\/Logo_malik_weiss-klein3.png\",\"width\":140,\"height\":41,\"caption\":\"malik international AG\"},\"image\":{\"@id\":\"https:\/\/www.malik-management.com\/de\/#\/schema\/logo\/image\/\"},\"sameAs\":[\"https:\/\/www.linkedin.com\/company\/30160\",\"https:\/\/www.youtube.com\/user\/malikmanagement\"]}]}<\/script>\n<!-- \/ Yoast SEO plugin. -->","yoast_head_json":{"title":"Auszeichnungen - Malik Management","robots":{"index":"index","follow":"follow","max-snippet":"max-snippet:-1","max-image-preview":"max-image-preview:large","max-video-preview":"max-video-preview:-1"},"canonical":"https:\/\/www.malik-management.com\/de\/auszeichnungen\/","og_locale":"de_DE","og_type":"article","og_title":"Auszeichnungen - Malik Management","og_url":"https:\/\/www.malik-management.com\/de\/auszeichnungen\/","og_site_name":"Malik Management","article_modified_time":"2017-09-08T08:17:52+00:00","og_image":[{"url":"https:\/\/www.malik-management.com\/wp-content\/uploads\/2017\/09\/asco_award_2010.jpg","type":"","width":"","height":""}],"twitter_card":"summary_large_image","twitter_misc":{"Gesch\u00e4tzte Lesezeit":"5\u00a0Minuten"},"schema":{"@context":"https:\/\/schema.org","@graph":[{"@type":"WebPage","@id":"https:\/\/www.malik-management.com\/de\/auszeichnungen\/","url":"https:\/\/www.malik-management.com\/de\/auszeichnungen\/","name":"Auszeichnungen - Malik Management","isPartOf":{"@id":"https:\/\/www.malik-management.com\/de\/#website"},"primaryImageOfPage":{"@id":"https:\/\/www.malik-management.com\/de\/auszeichnungen\/#primaryimage"},"image":{"@id":"https:\/\/www.malik-management.com\/de\/auszeichnungen\/#primaryimage"},"thumbnailUrl":"https:\/\/www.malik-management.com\/wp-content\/uploads\/2017\/09\/asco_award_2010.jpg","datePublished":"2017-09-08T07:23:45+00:00","dateModified":"2017-09-08T08:17:52+00:00","breadcrumb":{"@id":"https:\/\/www.malik-management.com\/de\/auszeichnungen\/#breadcrumb"},"inLanguage":"de","potentialAction":[{"@type":"ReadAction","target":["https:\/\/www.malik-management.com\/de\/auszeichnungen\/"]}]},{"@type":"ImageObject","inLanguage":"de","@id":"https:\/\/www.malik-management.com\/de\/auszeichnungen\/#primaryimage","url":"https:\/\/www.malik-management.com\/wp-content\/uploads\/2017\/09\/asco_award_2010.jpg","contentUrl":"https:\/\/www.malik-management.com\/wp-content\/uploads\/2017\/09\/asco_award_2010.jpg"},{"@type":"BreadcrumbList","@id":"https:\/\/www.malik-management.com\/de\/auszeichnungen\/#breadcrumb","itemListElement":[{"@type":"ListItem","position":1,"name":"Home","item":"https:\/\/www.malik-management.com\/de\/"},{"@type":"ListItem","position":2,"name":"Auszeichnungen"}]},{"@type":"WebSite","@id":"https:\/\/www.malik-management.com\/de\/#website","url":"https:\/\/www.malik-management.com\/de\/","name":"Malik Management","description":"Beyond conventional management","publisher":{"@id":"https:\/\/www.malik-management.com\/de\/#organization"},"potentialAction":[{"@type":"SearchAction","target":{"@type":"EntryPoint","urlTemplate":"https:\/\/www.malik-management.com\/de\/?s={search_term_string}"},"query-input":{"@type":"PropertyValueSpecification","valueRequired":true,"valueName":"search_term_string"}}],"inLanguage":"de"},{"@type":"Organization","@id":"https:\/\/www.malik-management.com\/de\/#organization","name":"malik international AG","url":"https:\/\/www.malik-management.com\/de\/","logo":{"@type":"ImageObject","inLanguage":"de","@id":"https:\/\/www.malik-management.com\/de\/#\/schema\/logo\/image\/","url":"https:\/\/www.malik-management.com\/wp-content\/uploads\/2018\/09\/Logo_malik_weiss-klein3.png","contentUrl":"https:\/\/www.malik-management.com\/wp-content\/uploads\/2018\/09\/Logo_malik_weiss-klein3.png","width":140,"height":41,"caption":"malik international AG"},"image":{"@id":"https:\/\/www.malik-management.com\/de\/#\/schema\/logo\/image\/"},"sameAs":["https:\/\/www.linkedin.com\/company\/30160","https:\/\/www.youtube.com\/user\/malikmanagement"]}]}},"_links":{"self":[{"href":"https:\/\/www.malik-management.com\/de\/wp-json\/wp\/v2\/pages\/16792","targetHints":{"allow":["GET"]}}],"collection":[{"href":"https:\/\/www.malik-management.com\/de\/wp-json\/wp\/v2\/pages"}],"about":[{"href":"https:\/\/www.malik-management.com\/de\/wp-json\/wp\/v2\/types\/page"}],"author":[{"embeddable":true,"href":"https:\/\/www.malik-management.com\/de\/wp-json\/wp\/v2\/users\/17"}],"replies":[{"embeddable":true,"href":"https:\/\/www.malik-management.com\/de\/wp-json\/wp\/v2\/comments?post=16792"}],"version-history":[{"count":9,"href":"https:\/\/www.malik-management.com\/de\/wp-json\/wp\/v2\/pages\/16792\/revisions"}],"predecessor-version":[{"id":16832,"href":"https:\/\/www.malik-management.com\/de\/wp-json\/wp\/v2\/pages\/16792\/revisions\/16832"}],"wp:attachment":[{"href":"https:\/\/www.malik-management.com\/de\/wp-json\/wp\/v2\/media?parent=16792"}],"curies":[{"name":"wp","href":"https:\/\/api.w.org\/{rel}","templated":true}]}}