{"id":16797,"date":"2017-09-05T11:12:10","date_gmt":"2017-09-05T11:12:10","guid":{"rendered":"https:\/\/www.malik.management\/solutions-in-the-public-sector\/"},"modified":"2017-09-16T05:04:39","modified_gmt":"2017-09-16T05:04:39","slug":"loesungen-fuer-den-oeffentlichen-bereich","status":"publish","type":"page","link":"https:\/\/www.malik-management.com\/de\/malik-loesungen\/loesungen-fuer-den-oeffentlichen-bereich\/","title":{"rendered":"L\u00f6sungen f\u00fcr den \u00f6ffentlichen Bereich"},"content":{"rendered":"<div class=\"fusion-fullwidth fullwidth-box fusion-builder-row-1 malik_solutions_main nonhundred-percent-fullwidth non-hundred-percent-height-scrolling\" style=\"--awb-border-radius-top-left:0px;--awb-border-radius-top-right:0px;--awb-border-radius-bottom-right:0px;--awb-border-radius-bottom-left:0px;--awb-padding-top:30px;--awb-padding-bottom:30px;--awb-flex-wrap:wrap;\" ><div class=\"fusion-builder-row fusion-row\"><div class=\"fusion-layout-column fusion_builder_column fusion-builder-column-0 fusion_builder_column_3_4 3_4 fusion-three-fourth fusion-column-first fusion-animated\" style=\"--awb-bg-size:cover;width:75%;width:calc(75% - ( ( 4% ) * 0.75 ) );margin-right: 4%;\" data-animationType=\"fadeInUp\" data-animationDuration=\"1.0\" data-animationOffset=\"top-into-view\"><div class=\"fusion-column-wrapper fusion-flex-column-wrapper-legacy\"><div class=\"fusion-text fusion-text-1\"><div id=\"content-center\">\n<h2>L\u00f6sungen im \u00f6ffentlichen Bereich<\/h2>\n<div class=\"block_element01\">\n<div class=\"text-center block_element01_image01\"><img decoding=\"async\" src=\"https:\/\/www.malik-management.com\/wp-content\/uploads\/2017\/09\/malik-supersyntegration-public-horizontal.jpg\" \/><\/div>\n<p>Dauerhaft sanierte kommunale Haushalte, sensationelle Budgetentlastungen, eine beispielgebende Public Gover\u00adnance, hochgradig effiziente Strategieumsetzung, radikal neue Organisationsgestaltung und effizientes Funktionieren auf allen Organisationsebenen sind Resultate der Malik Syntegration\u00ae f\u00fcr den \u00f6ffentlichen Bereich.<\/p>\n<p>Die system-kybernetische Syntegrations-Methode erm\u00f6glicht die &#8222;Quadratur des Kreises&#8220; der F\u00fchrung: Maximale Partizipation bei gleichzeitig maximalem Konsens f\u00fcr die besten L\u00f6sungen. Alle f\u00fcr den Erfolg erforderlichen Schl\u00fcsselpersonen arbeiten so zusammen, dass dank einem innovativen Kommunikationsprozess ein maximaler L\u00f6sungskonsens anstelle der sonst so h\u00e4ufigen Minimalkompromisse erreicht wird. Dies garantiert wiederum eine zielgenaue und rasche Umsetzung der resultierenden L\u00f6sungspotenziale.<\/p>\n<p>F\u00fcrth, mit 114 000 Einwohnern im bayrischen Regierungsbezirk Mittelfranken noch 2010 die am h\u00f6chsten verschuldete Stadt Bayerns, konnte mit dieser Methode in nur 3.5 Tagen finanziell auf den Gesundungsweg gebracht werden. Das Haushaltsdefizit wurde nachhaltig um 48 Prozent reduziert und 60 Prozent der neu identifizierten Budgetentlastung war nach zwei Jahren umgesetzt.<\/p>\n<p>Wir haben dieselbe oder \u00e4hnliche Herausforderungen f\u00fcr unterschiedlichste Organisationsarten im Non Profit-Bereich gel\u00f6st.<\/p>\n<\/div>\n<\/div>\n<\/div><div class=\"fusion-clearfix\"><\/div><\/div><\/div><div class=\"fusion-layout-column fusion_builder_column fusion-builder-column-1 fusion_builder_column_1_4 1_4 fusion-one-fourth fusion-column-last malik_solutions_main_right fusion-animated\" style=\"--awb-bg-size:cover;width:25%;width:calc(25% - ( ( 4% ) * 0.25 ) );\" data-animationType=\"fadeInRight\" data-animationDuration=\"1.0\" data-animationOffset=\"top-into-view\"><div class=\"fusion-column-wrapper fusion-flex-column-wrapper-legacy\"><div class=\"fusion-image-element fusion-image-align-center in-legacy-container\" style=\"text-align:center;--awb-caption-title-font-family:var(--h2_typography-font-family);--awb-caption-title-font-weight:var(--h2_typography-font-weight);--awb-caption-title-font-style:var(--h2_typography-font-style);--awb-caption-title-size:var(--h2_typography-font-size);--awb-caption-title-transform:var(--h2_typography-text-transform);--awb-caption-title-line-height:var(--h2_typography-line-height);--awb-caption-title-letter-spacing:var(--h2_typography-letter-spacing);\"><div class=\"imageframe-align-center\"><span class=\" fusion-imageframe imageframe-dropshadow imageframe-1 hover-type-zoomin malik_solutions_main_right_image01\" style=\"-webkit-box-shadow: 3px 3px 7px rgba(0,0,0,0.3);box-shadow: 3px 3px 7px rgba(0,0,0,0.3);\"><img decoding=\"async\" width=\"273\" height=\"530\" title=\"malik-sytegration-grossstadt\" src=\"https:\/\/www.malik-management.com\/wp-content\/uploads\/2017\/09\/malik-sytegration-grossstadt.jpg\" alt class=\"img-responsive wp-image-14984\" srcset=\"https:\/\/www.malik-management.com\/wp-content\/uploads\/2017\/09\/malik-sytegration-grossstadt-200x388.jpg 200w, https:\/\/www.malik-management.com\/wp-content\/uploads\/2017\/09\/malik-sytegration-grossstadt.jpg 273w\" sizes=\"(max-width: 800px) 100vw, 273px\" \/><\/span><\/div><\/div><div class=\"fusion-clearfix\"><\/div><\/div><\/div><\/div><\/div>\n","protected":false},"excerpt":{"rendered":"","protected":false},"author":17,"featured_media":0,"parent":16465,"menu_order":0,"comment_status":"closed","ping_status":"closed","template":"side-navigation.php","meta":{"_acf_changed":false,"_bbp_topic_count":0,"_bbp_reply_count":0,"_bbp_total_topic_count":0,"_bbp_total_reply_count":0,"_bbp_voice_count":0,"_bbp_anonymous_reply_count":0,"_bbp_topic_count_hidden":0,"_bbp_reply_count_hidden":0,"_bbp_forum_subforum_count":0,"footnotes":""},"class_list":["post-16797","page","type-page","status-publish","hentry"],"acf":[],"yoast_head":"<!-- This site is optimized with the Yoast SEO plugin v26.4 - https:\/\/yoast.com\/wordpress\/plugins\/seo\/ -->\n<title>L\u00f6sungen f\u00fcr den \u00f6ffentlichen Bereich - Malik Management<\/title>\n<meta name=\"robots\" content=\"index, follow, max-snippet:-1, max-image-preview:large, max-video-preview:-1\" \/>\n<link rel=\"canonical\" href=\"https:\/\/www.malik-management.com\/de\/malik-loesungen\/loesungen-fuer-den-oeffentlichen-bereich\/\" \/>\n<meta property=\"og:locale\" content=\"de_DE\" \/>\n<meta property=\"og:type\" content=\"article\" \/>\n<meta property=\"og:title\" content=\"L\u00f6sungen f\u00fcr den \u00f6ffentlichen Bereich - Malik Management\" \/>\n<meta property=\"og:url\" content=\"https:\/\/www.malik-management.com\/de\/malik-loesungen\/loesungen-fuer-den-oeffentlichen-bereich\/\" \/>\n<meta property=\"og:site_name\" content=\"Malik Management\" \/>\n<meta property=\"article:modified_time\" content=\"2017-09-16T05:04:39+00:00\" \/>\n<meta property=\"og:image\" content=\"https:\/\/www.malik-management.com\/wp-content\/uploads\/2017\/09\/malik-supersyntegration-public-horizontal.jpg\" \/>\n<meta name=\"twitter:card\" content=\"summary_large_image\" \/>\n<meta name=\"twitter:label1\" content=\"Gesch\u00e4tzte Lesezeit\" \/>\n\t<meta name=\"twitter:data1\" content=\"2\u00a0Minuten\" \/>\n<script type=\"application\/ld+json\" class=\"yoast-schema-graph\">{\"@context\":\"https:\/\/schema.org\",\"@graph\":[{\"@type\":\"WebPage\",\"@id\":\"https:\/\/www.malik-management.com\/de\/malik-loesungen\/loesungen-fuer-den-oeffentlichen-bereich\/\",\"url\":\"https:\/\/www.malik-management.com\/de\/malik-loesungen\/loesungen-fuer-den-oeffentlichen-bereich\/\",\"name\":\"L\u00f6sungen f\u00fcr den \u00f6ffentlichen Bereich - Malik Management\",\"isPartOf\":{\"@id\":\"https:\/\/www.malik-management.com\/de\/#website\"},\"primaryImageOfPage\":{\"@id\":\"https:\/\/www.malik-management.com\/de\/malik-loesungen\/loesungen-fuer-den-oeffentlichen-bereich\/#primaryimage\"},\"image\":{\"@id\":\"https:\/\/www.malik-management.com\/de\/malik-loesungen\/loesungen-fuer-den-oeffentlichen-bereich\/#primaryimage\"},\"thumbnailUrl\":\"https:\/\/www.malik-management.com\/wp-content\/uploads\/2017\/09\/malik-supersyntegration-public-horizontal.jpg\",\"datePublished\":\"2017-09-05T11:12:10+00:00\",\"dateModified\":\"2017-09-16T05:04:39+00:00\",\"breadcrumb\":{\"@id\":\"https:\/\/www.malik-management.com\/de\/malik-loesungen\/loesungen-fuer-den-oeffentlichen-bereich\/#breadcrumb\"},\"inLanguage\":\"de\",\"potentialAction\":[{\"@type\":\"ReadAction\",\"target\":[\"https:\/\/www.malik-management.com\/de\/malik-loesungen\/loesungen-fuer-den-oeffentlichen-bereich\/\"]}]},{\"@type\":\"ImageObject\",\"inLanguage\":\"de\",\"@id\":\"https:\/\/www.malik-management.com\/de\/malik-loesungen\/loesungen-fuer-den-oeffentlichen-bereich\/#primaryimage\",\"url\":\"https:\/\/www.malik-management.com\/wp-content\/uploads\/2017\/09\/malik-supersyntegration-public-horizontal.jpg\",\"contentUrl\":\"https:\/\/www.malik-management.com\/wp-content\/uploads\/2017\/09\/malik-supersyntegration-public-horizontal.jpg\"},{\"@type\":\"BreadcrumbList\",\"@id\":\"https:\/\/www.malik-management.com\/de\/malik-loesungen\/loesungen-fuer-den-oeffentlichen-bereich\/#breadcrumb\",\"itemListElement\":[{\"@type\":\"ListItem\",\"position\":1,\"name\":\"Home\",\"item\":\"https:\/\/www.malik-management.com\/de\/\"},{\"@type\":\"ListItem\",\"position\":2,\"name\":\"Malik L\u00f6sungen\",\"item\":\"https:\/\/www.malik-management.com\/de\/malik-loesungen\/\"},{\"@type\":\"ListItem\",\"position\":3,\"name\":\"L\u00f6sungen f\u00fcr den \u00f6ffentlichen Bereich\"}]},{\"@type\":\"WebSite\",\"@id\":\"https:\/\/www.malik-management.com\/de\/#website\",\"url\":\"https:\/\/www.malik-management.com\/de\/\",\"name\":\"Malik Management\",\"description\":\"Beyond conventional management\",\"publisher\":{\"@id\":\"https:\/\/www.malik-management.com\/de\/#organization\"},\"potentialAction\":[{\"@type\":\"SearchAction\",\"target\":{\"@type\":\"EntryPoint\",\"urlTemplate\":\"https:\/\/www.malik-management.com\/de\/?s={search_term_string}\"},\"query-input\":{\"@type\":\"PropertyValueSpecification\",\"valueRequired\":true,\"valueName\":\"search_term_string\"}}],\"inLanguage\":\"de\"},{\"@type\":\"Organization\",\"@id\":\"https:\/\/www.malik-management.com\/de\/#organization\",\"name\":\"malik international AG\",\"url\":\"https:\/\/www.malik-management.com\/de\/\",\"logo\":{\"@type\":\"ImageObject\",\"inLanguage\":\"de\",\"@id\":\"https:\/\/www.malik-management.com\/de\/#\/schema\/logo\/image\/\",\"url\":\"https:\/\/www.malik-management.com\/wp-content\/uploads\/2018\/09\/Logo_malik_weiss-klein3.png\",\"contentUrl\":\"https:\/\/www.malik-management.com\/wp-content\/uploads\/2018\/09\/Logo_malik_weiss-klein3.png\",\"width\":140,\"height\":41,\"caption\":\"malik international AG\"},\"image\":{\"@id\":\"https:\/\/www.malik-management.com\/de\/#\/schema\/logo\/image\/\"},\"sameAs\":[\"https:\/\/www.linkedin.com\/company\/30160\",\"https:\/\/www.youtube.com\/user\/malikmanagement\"]}]}<\/script>\n<!-- \/ Yoast SEO plugin. -->","yoast_head_json":{"title":"L\u00f6sungen f\u00fcr den \u00f6ffentlichen Bereich - Malik Management","robots":{"index":"index","follow":"follow","max-snippet":"max-snippet:-1","max-image-preview":"max-image-preview:large","max-video-preview":"max-video-preview:-1"},"canonical":"https:\/\/www.malik-management.com\/de\/malik-loesungen\/loesungen-fuer-den-oeffentlichen-bereich\/","og_locale":"de_DE","og_type":"article","og_title":"L\u00f6sungen f\u00fcr den \u00f6ffentlichen Bereich - Malik Management","og_url":"https:\/\/www.malik-management.com\/de\/malik-loesungen\/loesungen-fuer-den-oeffentlichen-bereich\/","og_site_name":"Malik Management","article_modified_time":"2017-09-16T05:04:39+00:00","og_image":[{"url":"https:\/\/www.malik-management.com\/wp-content\/uploads\/2017\/09\/malik-supersyntegration-public-horizontal.jpg","type":"","width":"","height":""}],"twitter_card":"summary_large_image","twitter_misc":{"Gesch\u00e4tzte Lesezeit":"2\u00a0Minuten"},"schema":{"@context":"https:\/\/schema.org","@graph":[{"@type":"WebPage","@id":"https:\/\/www.malik-management.com\/de\/malik-loesungen\/loesungen-fuer-den-oeffentlichen-bereich\/","url":"https:\/\/www.malik-management.com\/de\/malik-loesungen\/loesungen-fuer-den-oeffentlichen-bereich\/","name":"L\u00f6sungen f\u00fcr den \u00f6ffentlichen Bereich - Malik Management","isPartOf":{"@id":"https:\/\/www.malik-management.com\/de\/#website"},"primaryImageOfPage":{"@id":"https:\/\/www.malik-management.com\/de\/malik-loesungen\/loesungen-fuer-den-oeffentlichen-bereich\/#primaryimage"},"image":{"@id":"https:\/\/www.malik-management.com\/de\/malik-loesungen\/loesungen-fuer-den-oeffentlichen-bereich\/#primaryimage"},"thumbnailUrl":"https:\/\/www.malik-management.com\/wp-content\/uploads\/2017\/09\/malik-supersyntegration-public-horizontal.jpg","datePublished":"2017-09-05T11:12:10+00:00","dateModified":"2017-09-16T05:04:39+00:00","breadcrumb":{"@id":"https:\/\/www.malik-management.com\/de\/malik-loesungen\/loesungen-fuer-den-oeffentlichen-bereich\/#breadcrumb"},"inLanguage":"de","potentialAction":[{"@type":"ReadAction","target":["https:\/\/www.malik-management.com\/de\/malik-loesungen\/loesungen-fuer-den-oeffentlichen-bereich\/"]}]},{"@type":"ImageObject","inLanguage":"de","@id":"https:\/\/www.malik-management.com\/de\/malik-loesungen\/loesungen-fuer-den-oeffentlichen-bereich\/#primaryimage","url":"https:\/\/www.malik-management.com\/wp-content\/uploads\/2017\/09\/malik-supersyntegration-public-horizontal.jpg","contentUrl":"https:\/\/www.malik-management.com\/wp-content\/uploads\/2017\/09\/malik-supersyntegration-public-horizontal.jpg"},{"@type":"BreadcrumbList","@id":"https:\/\/www.malik-management.com\/de\/malik-loesungen\/loesungen-fuer-den-oeffentlichen-bereich\/#breadcrumb","itemListElement":[{"@type":"ListItem","position":1,"name":"Home","item":"https:\/\/www.malik-management.com\/de\/"},{"@type":"ListItem","position":2,"name":"Malik L\u00f6sungen","item":"https:\/\/www.malik-management.com\/de\/malik-loesungen\/"},{"@type":"ListItem","position":3,"name":"L\u00f6sungen f\u00fcr den \u00f6ffentlichen Bereich"}]},{"@type":"WebSite","@id":"https:\/\/www.malik-management.com\/de\/#website","url":"https:\/\/www.malik-management.com\/de\/","name":"Malik Management","description":"Beyond conventional management","publisher":{"@id":"https:\/\/www.malik-management.com\/de\/#organization"},"potentialAction":[{"@type":"SearchAction","target":{"@type":"EntryPoint","urlTemplate":"https:\/\/www.malik-management.com\/de\/?s={search_term_string}"},"query-input":{"@type":"PropertyValueSpecification","valueRequired":true,"valueName":"search_term_string"}}],"inLanguage":"de"},{"@type":"Organization","@id":"https:\/\/www.malik-management.com\/de\/#organization","name":"malik international AG","url":"https:\/\/www.malik-management.com\/de\/","logo":{"@type":"ImageObject","inLanguage":"de","@id":"https:\/\/www.malik-management.com\/de\/#\/schema\/logo\/image\/","url":"https:\/\/www.malik-management.com\/wp-content\/uploads\/2018\/09\/Logo_malik_weiss-klein3.png","contentUrl":"https:\/\/www.malik-management.com\/wp-content\/uploads\/2018\/09\/Logo_malik_weiss-klein3.png","width":140,"height":41,"caption":"malik international AG"},"image":{"@id":"https:\/\/www.malik-management.com\/de\/#\/schema\/logo\/image\/"},"sameAs":["https:\/\/www.linkedin.com\/company\/30160","https:\/\/www.youtube.com\/user\/malikmanagement"]}]}},"_links":{"self":[{"href":"https:\/\/www.malik-management.com\/de\/wp-json\/wp\/v2\/pages\/16797","targetHints":{"allow":["GET"]}}],"collection":[{"href":"https:\/\/www.malik-management.com\/de\/wp-json\/wp\/v2\/pages"}],"about":[{"href":"https:\/\/www.malik-management.com\/de\/wp-json\/wp\/v2\/types\/page"}],"author":[{"embeddable":true,"href":"https:\/\/www.malik-management.com\/de\/wp-json\/wp\/v2\/users\/17"}],"replies":[{"embeddable":true,"href":"https:\/\/www.malik-management.com\/de\/wp-json\/wp\/v2\/comments?post=16797"}],"version-history":[{"count":5,"href":"https:\/\/www.malik-management.com\/de\/wp-json\/wp\/v2\/pages\/16797\/revisions"}],"predecessor-version":[{"id":19647,"href":"https:\/\/www.malik-management.com\/de\/wp-json\/wp\/v2\/pages\/16797\/revisions\/19647"}],"up":[{"embeddable":true,"href":"https:\/\/www.malik-management.com\/de\/wp-json\/wp\/v2\/pages\/16465"}],"wp:attachment":[{"href":"https:\/\/www.malik-management.com\/de\/wp-json\/wp\/v2\/media?parent=16797"}],"curies":[{"name":"wp","href":"https:\/\/api.w.org\/{rel}","templated":true}]}}