{"id":16810,"date":"2017-09-08T07:26:39","date_gmt":"2017-09-08T07:26:39","guid":{"rendered":"https:\/\/www.malik.management\/research\/"},"modified":"2017-09-16T05:04:49","modified_gmt":"2017-09-16T05:04:49","slug":"forschung","status":"publish","type":"page","link":"https:\/\/www.malik-management.com\/de\/malik-loesungen\/loesungen-fuer-den-oeffentlichen-bereich\/forschung\/","title":{"rendered":"Forschung"},"content":{"rendered":"<div class=\"fusion-fullwidth fullwidth-box fusion-builder-row-1 malik_solutions_main nonhundred-percent-fullwidth non-hundred-percent-height-scrolling\" style=\"--awb-border-radius-top-left:0px;--awb-border-radius-top-right:0px;--awb-border-radius-bottom-right:0px;--awb-border-radius-bottom-left:0px;--awb-padding-top:30px;--awb-padding-bottom:30px;--awb-flex-wrap:wrap;\" ><div class=\"fusion-builder-row fusion-row\"><div class=\"fusion-layout-column fusion_builder_column fusion-builder-column-0 fusion_builder_column_3_4 3_4 fusion-three-fourth fusion-column-first fusion-animated\" style=\"--awb-bg-size:cover;width:75%;width:calc(75% - ( ( 4% ) * 0.75 ) );margin-right: 4%;\" data-animationType=\"fadeInUp\" data-animationDuration=\"1.0\" data-animationOffset=\"top-into-view\"><div class=\"fusion-column-wrapper fusion-flex-column-wrapper-legacy\"><div class=\"fusion-text fusion-text-1\"><div id=\"content-center\">\n<h2>Helmholz-Gemeinschaft Deutscher Forschungszentren<\/h2>\n<div class=\"block_element01\">In der Helmholtz-Gemeinschaft haben sich 18 naturwissenschaftlich-techni\u00adsche und medizinisch-biologische Forschungszentren zusammengeschlos\u00adsen. Ihre Aufgabe ist es, langfristige Forschungsziele des Staates und der Gesellschaft zu verfolgen. Die Helmholtz-Gemeinschaft ist mit 30.000 Mit\u00adar\u00adbeiterInnen, ihren 18 Forschungszentren und einem Jahres\u00adbud\u00adget von rund drei Milliarden Euro die gr\u00f6sste Wissenschaftsorganisation Deutsch\u00adlands.Die Gemeinschaft strebt nach Erkenntnissen, die dazu beitragen, Lebens\u00adgrund\u00adlagen des Menschen zu erhalten und zu verbessern. Dazu identi\u00adfiziert und bearbeitet sie grosse und dr\u00e4ngende Fragen von Gesellschaft, Wissen\u00adschaft und Wirtschaft durch strategisch-programmatisch ausge\u00adrichtete Spitzen\u00adforschung in sechs Forschungsbereichen: Energie, Erde und Umwelt, Ge\u00adsund\u00adheit, Schl\u00fcsseltechnologien, Struktur der Materie sowie Verkehr und Wel\u00adtraum.<\/p>\n<\/div>\n<\/div>\n<\/div><div class=\"fusion-clearfix\"><\/div><\/div><\/div><div class=\"fusion-layout-column fusion_builder_column fusion-builder-column-1 fusion_builder_column_1_4 1_4 fusion-one-fourth fusion-column-last malik_solutions_main_right fusion-animated\" style=\"--awb-bg-size:cover;width:25%;width:calc(25% - ( ( 4% ) * 0.25 ) );\" data-animationType=\"fadeInRight\" data-animationDuration=\"1.0\" data-animationOffset=\"top-into-view\"><div class=\"fusion-column-wrapper fusion-flex-column-wrapper-legacy\"><div class=\"fusion-image-element fusion-image-align-center in-legacy-container\" style=\"text-align:center;--awb-caption-title-font-family:var(--h2_typography-font-family);--awb-caption-title-font-weight:var(--h2_typography-font-weight);--awb-caption-title-font-style:var(--h2_typography-font-style);--awb-caption-title-size:var(--h2_typography-font-size);--awb-caption-title-transform:var(--h2_typography-text-transform);--awb-caption-title-line-height:var(--h2_typography-line-height);--awb-caption-title-letter-spacing:var(--h2_typography-letter-spacing);\"><div class=\"imageframe-align-center\"><span class=\" fusion-imageframe imageframe-dropshadow imageframe-1 hover-type-zoomin malik_solutions_main_right_image01\" style=\"-webkit-box-shadow: 3px 3px 7px rgba(0,0,0,0.3);box-shadow: 3px 3px 7px rgba(0,0,0,0.3);\"><img decoding=\"async\" width=\"273\" height=\"530\" title=\"malik-forschung\" src=\"https:\/\/www.malik-management.com\/wp-content\/uploads\/2017\/09\/malik-forschung.jpg\" alt class=\"img-responsive wp-image-14850\" srcset=\"https:\/\/www.malik-management.com\/wp-content\/uploads\/2017\/09\/malik-forschung-200x388.jpg 200w, https:\/\/www.malik-management.com\/wp-content\/uploads\/2017\/09\/malik-forschung.jpg 273w\" sizes=\"(max-width: 800px) 100vw, 273px\" \/><\/span><\/div><\/div><div class=\"fusion-clearfix\"><\/div><\/div><\/div><\/div><\/div>\n","protected":false},"excerpt":{"rendered":"","protected":false},"author":17,"featured_media":0,"parent":16797,"menu_order":0,"comment_status":"closed","ping_status":"closed","template":"side-navigation.php","meta":{"_acf_changed":false,"_bbp_topic_count":0,"_bbp_reply_count":0,"_bbp_total_topic_count":0,"_bbp_total_reply_count":0,"_bbp_voice_count":0,"_bbp_anonymous_reply_count":0,"_bbp_topic_count_hidden":0,"_bbp_reply_count_hidden":0,"_bbp_forum_subforum_count":0,"footnotes":""},"class_list":["post-16810","page","type-page","status-publish","hentry"],"acf":[],"yoast_head":"<!-- This site is optimized with the Yoast SEO plugin v26.4 - https:\/\/yoast.com\/wordpress\/plugins\/seo\/ -->\n<title>Forschung - Malik Management<\/title>\n<meta name=\"robots\" content=\"index, follow, max-snippet:-1, max-image-preview:large, max-video-preview:-1\" \/>\n<link rel=\"canonical\" href=\"https:\/\/www.malik-management.com\/de\/malik-loesungen\/loesungen-fuer-den-oeffentlichen-bereich\/forschung\/\" \/>\n<meta property=\"og:locale\" content=\"de_DE\" \/>\n<meta property=\"og:type\" content=\"article\" \/>\n<meta property=\"og:title\" content=\"Forschung - Malik Management\" \/>\n<meta property=\"og:url\" content=\"https:\/\/www.malik-management.com\/de\/malik-loesungen\/loesungen-fuer-den-oeffentlichen-bereich\/forschung\/\" \/>\n<meta property=\"og:site_name\" content=\"Malik Management\" \/>\n<meta property=\"article:modified_time\" content=\"2017-09-16T05:04:49+00:00\" \/>\n<meta name=\"twitter:card\" content=\"summary_large_image\" \/>\n<meta name=\"twitter:label1\" content=\"Gesch\u00e4tzte Lesezeit\" \/>\n\t<meta name=\"twitter:data1\" content=\"2\u00a0Minuten\" \/>\n<script type=\"application\/ld+json\" class=\"yoast-schema-graph\">{\"@context\":\"https:\/\/schema.org\",\"@graph\":[{\"@type\":\"WebPage\",\"@id\":\"https:\/\/www.malik-management.com\/de\/malik-loesungen\/loesungen-fuer-den-oeffentlichen-bereich\/forschung\/\",\"url\":\"https:\/\/www.malik-management.com\/de\/malik-loesungen\/loesungen-fuer-den-oeffentlichen-bereich\/forschung\/\",\"name\":\"Forschung - Malik Management\",\"isPartOf\":{\"@id\":\"https:\/\/www.malik-management.com\/de\/#website\"},\"datePublished\":\"2017-09-08T07:26:39+00:00\",\"dateModified\":\"2017-09-16T05:04:49+00:00\",\"breadcrumb\":{\"@id\":\"https:\/\/www.malik-management.com\/de\/malik-loesungen\/loesungen-fuer-den-oeffentlichen-bereich\/forschung\/#breadcrumb\"},\"inLanguage\":\"de\",\"potentialAction\":[{\"@type\":\"ReadAction\",\"target\":[\"https:\/\/www.malik-management.com\/de\/malik-loesungen\/loesungen-fuer-den-oeffentlichen-bereich\/forschung\/\"]}]},{\"@type\":\"BreadcrumbList\",\"@id\":\"https:\/\/www.malik-management.com\/de\/malik-loesungen\/loesungen-fuer-den-oeffentlichen-bereich\/forschung\/#breadcrumb\",\"itemListElement\":[{\"@type\":\"ListItem\",\"position\":1,\"name\":\"Home\",\"item\":\"https:\/\/www.malik-management.com\/de\/\"},{\"@type\":\"ListItem\",\"position\":2,\"name\":\"Malik L\u00f6sungen\",\"item\":\"https:\/\/www.malik-management.com\/de\/malik-loesungen\/\"},{\"@type\":\"ListItem\",\"position\":3,\"name\":\"L\u00f6sungen f\u00fcr den \u00f6ffentlichen Bereich\",\"item\":\"https:\/\/www.malik-management.com\/de\/malik-loesungen\/loesungen-fuer-den-oeffentlichen-bereich\/\"},{\"@type\":\"ListItem\",\"position\":4,\"name\":\"Forschung\"}]},{\"@type\":\"WebSite\",\"@id\":\"https:\/\/www.malik-management.com\/de\/#website\",\"url\":\"https:\/\/www.malik-management.com\/de\/\",\"name\":\"Malik Management\",\"description\":\"Beyond conventional management\",\"publisher\":{\"@id\":\"https:\/\/www.malik-management.com\/de\/#organization\"},\"potentialAction\":[{\"@type\":\"SearchAction\",\"target\":{\"@type\":\"EntryPoint\",\"urlTemplate\":\"https:\/\/www.malik-management.com\/de\/?s={search_term_string}\"},\"query-input\":{\"@type\":\"PropertyValueSpecification\",\"valueRequired\":true,\"valueName\":\"search_term_string\"}}],\"inLanguage\":\"de\"},{\"@type\":\"Organization\",\"@id\":\"https:\/\/www.malik-management.com\/de\/#organization\",\"name\":\"malik international AG\",\"url\":\"https:\/\/www.malik-management.com\/de\/\",\"logo\":{\"@type\":\"ImageObject\",\"inLanguage\":\"de\",\"@id\":\"https:\/\/www.malik-management.com\/de\/#\/schema\/logo\/image\/\",\"url\":\"https:\/\/www.malik-management.com\/wp-content\/uploads\/2018\/09\/Logo_malik_weiss-klein3.png\",\"contentUrl\":\"https:\/\/www.malik-management.com\/wp-content\/uploads\/2018\/09\/Logo_malik_weiss-klein3.png\",\"width\":140,\"height\":41,\"caption\":\"malik international AG\"},\"image\":{\"@id\":\"https:\/\/www.malik-management.com\/de\/#\/schema\/logo\/image\/\"},\"sameAs\":[\"https:\/\/www.linkedin.com\/company\/30160\",\"https:\/\/www.youtube.com\/user\/malikmanagement\"]}]}<\/script>\n<!-- \/ Yoast SEO plugin. -->","yoast_head_json":{"title":"Forschung - Malik Management","robots":{"index":"index","follow":"follow","max-snippet":"max-snippet:-1","max-image-preview":"max-image-preview:large","max-video-preview":"max-video-preview:-1"},"canonical":"https:\/\/www.malik-management.com\/de\/malik-loesungen\/loesungen-fuer-den-oeffentlichen-bereich\/forschung\/","og_locale":"de_DE","og_type":"article","og_title":"Forschung - Malik Management","og_url":"https:\/\/www.malik-management.com\/de\/malik-loesungen\/loesungen-fuer-den-oeffentlichen-bereich\/forschung\/","og_site_name":"Malik Management","article_modified_time":"2017-09-16T05:04:49+00:00","twitter_card":"summary_large_image","twitter_misc":{"Gesch\u00e4tzte Lesezeit":"2\u00a0Minuten"},"schema":{"@context":"https:\/\/schema.org","@graph":[{"@type":"WebPage","@id":"https:\/\/www.malik-management.com\/de\/malik-loesungen\/loesungen-fuer-den-oeffentlichen-bereich\/forschung\/","url":"https:\/\/www.malik-management.com\/de\/malik-loesungen\/loesungen-fuer-den-oeffentlichen-bereich\/forschung\/","name":"Forschung - Malik Management","isPartOf":{"@id":"https:\/\/www.malik-management.com\/de\/#website"},"datePublished":"2017-09-08T07:26:39+00:00","dateModified":"2017-09-16T05:04:49+00:00","breadcrumb":{"@id":"https:\/\/www.malik-management.com\/de\/malik-loesungen\/loesungen-fuer-den-oeffentlichen-bereich\/forschung\/#breadcrumb"},"inLanguage":"de","potentialAction":[{"@type":"ReadAction","target":["https:\/\/www.malik-management.com\/de\/malik-loesungen\/loesungen-fuer-den-oeffentlichen-bereich\/forschung\/"]}]},{"@type":"BreadcrumbList","@id":"https:\/\/www.malik-management.com\/de\/malik-loesungen\/loesungen-fuer-den-oeffentlichen-bereich\/forschung\/#breadcrumb","itemListElement":[{"@type":"ListItem","position":1,"name":"Home","item":"https:\/\/www.malik-management.com\/de\/"},{"@type":"ListItem","position":2,"name":"Malik L\u00f6sungen","item":"https:\/\/www.malik-management.com\/de\/malik-loesungen\/"},{"@type":"ListItem","position":3,"name":"L\u00f6sungen f\u00fcr den \u00f6ffentlichen Bereich","item":"https:\/\/www.malik-management.com\/de\/malik-loesungen\/loesungen-fuer-den-oeffentlichen-bereich\/"},{"@type":"ListItem","position":4,"name":"Forschung"}]},{"@type":"WebSite","@id":"https:\/\/www.malik-management.com\/de\/#website","url":"https:\/\/www.malik-management.com\/de\/","name":"Malik Management","description":"Beyond conventional management","publisher":{"@id":"https:\/\/www.malik-management.com\/de\/#organization"},"potentialAction":[{"@type":"SearchAction","target":{"@type":"EntryPoint","urlTemplate":"https:\/\/www.malik-management.com\/de\/?s={search_term_string}"},"query-input":{"@type":"PropertyValueSpecification","valueRequired":true,"valueName":"search_term_string"}}],"inLanguage":"de"},{"@type":"Organization","@id":"https:\/\/www.malik-management.com\/de\/#organization","name":"malik international AG","url":"https:\/\/www.malik-management.com\/de\/","logo":{"@type":"ImageObject","inLanguage":"de","@id":"https:\/\/www.malik-management.com\/de\/#\/schema\/logo\/image\/","url":"https:\/\/www.malik-management.com\/wp-content\/uploads\/2018\/09\/Logo_malik_weiss-klein3.png","contentUrl":"https:\/\/www.malik-management.com\/wp-content\/uploads\/2018\/09\/Logo_malik_weiss-klein3.png","width":140,"height":41,"caption":"malik international AG"},"image":{"@id":"https:\/\/www.malik-management.com\/de\/#\/schema\/logo\/image\/"},"sameAs":["https:\/\/www.linkedin.com\/company\/30160","https:\/\/www.youtube.com\/user\/malikmanagement"]}]}},"_links":{"self":[{"href":"https:\/\/www.malik-management.com\/de\/wp-json\/wp\/v2\/pages\/16810","targetHints":{"allow":["GET"]}}],"collection":[{"href":"https:\/\/www.malik-management.com\/de\/wp-json\/wp\/v2\/pages"}],"about":[{"href":"https:\/\/www.malik-management.com\/de\/wp-json\/wp\/v2\/types\/page"}],"author":[{"embeddable":true,"href":"https:\/\/www.malik-management.com\/de\/wp-json\/wp\/v2\/users\/17"}],"replies":[{"embeddable":true,"href":"https:\/\/www.malik-management.com\/de\/wp-json\/wp\/v2\/comments?post=16810"}],"version-history":[{"count":4,"href":"https:\/\/www.malik-management.com\/de\/wp-json\/wp\/v2\/pages\/16810\/revisions"}],"predecessor-version":[{"id":19648,"href":"https:\/\/www.malik-management.com\/de\/wp-json\/wp\/v2\/pages\/16810\/revisions\/19648"}],"up":[{"embeddable":true,"href":"https:\/\/www.malik-management.com\/de\/wp-json\/wp\/v2\/pages\/16797"}],"wp:attachment":[{"href":"https:\/\/www.malik-management.com\/de\/wp-json\/wp\/v2\/media?parent=16810"}],"curies":[{"name":"wp","href":"https:\/\/api.w.org\/{rel}","templated":true}]}}