{"id":16825,"date":"2017-09-05T12:23:30","date_gmt":"2017-09-05T12:23:30","guid":{"rendered":"https:\/\/www.malik.management\/management-of-clusters\/"},"modified":"2017-09-08T08:12:32","modified_gmt":"2017-09-08T08:12:32","slug":"management-von-clustern","status":"publish","type":"page","link":"https:\/\/www.malik-management.com\/de\/malik-loesungen\/loesungen-fuer-den-oeffentlichen-bereich\/management-von-clustern\/","title":{"rendered":"Management von Clustern"},"content":{"rendered":"<div class=\"fusion-fullwidth fullwidth-box fusion-builder-row-1 malik_solutions_main nonhundred-percent-fullwidth non-hundred-percent-height-scrolling\" style=\"--awb-border-radius-top-left:0px;--awb-border-radius-top-right:0px;--awb-border-radius-bottom-right:0px;--awb-border-radius-bottom-left:0px;--awb-padding-top:30px;--awb-padding-bottom:30px;--awb-flex-wrap:wrap;\" ><div class=\"fusion-builder-row fusion-row\"><div class=\"fusion-layout-column fusion_builder_column fusion-builder-column-0 fusion_builder_column_3_4 3_4 fusion-three-fourth fusion-column-first fusion-animated\" style=\"--awb-bg-size:cover;width:75%;width:calc(75% - ( ( 4% ) * 0.75 ) );margin-right: 4%;\" data-animationType=\"fadeInUp\" data-animationDuration=\"1.0\" data-animationOffset=\"top-into-view\"><div class=\"fusion-column-wrapper fusion-flex-column-wrapper-legacy\"><div class=\"fusion-text fusion-text-1\"><div id=\"content-center\">\n<h2>Management von Clustern<\/h2>\n<div class=\"block_element01\">\n<h3> Wie man aus Wissen Jobs macht: Malik unterst\u00fctzt Spitzencluster-Projekte in Deutschland <\/h3>\n<p>Der Spitzencluster-Wettbewerb ist ein zentraler Baustein der Hightech-Strategie der Bundesregierung. In drei themenoffenen Wettbewerbsrunden zwischen 2007 und 2012 hat eine unabh\u00e4ngige Jury insgesamt 15 Cluster ausgew\u00e4hlt, die regionale Potenziale entlang der Wertsch\u00f6pfungskette in besonderer Weise b\u00fcndeln. Mit bis zu 600 Millionen Euro f\u00f6rdert der Wettbewerb diese Spitzencluster \u2013 und damit die technologische Leistungsf\u00e4higkeit Deutschlands. Die Wirtschaft l\u00e4sst sich diesen nachhaltigen Ansatz einiges kosten und investiert mindestens dieselbe Summe in die Kooperationsprojekte wie der Bund.<\/p>\n<p>Fredmund Malik ist Mitglied der hochkar\u00e4tigen, unabh\u00e4ngigen Jury des Spitzencluster-Wettbewerbs des BMBF (Bundesministerium f\u00fcr Bildung und Forschung). Der Wettbewerb unter Federf\u00fchrung der deutschen Bildungsministerin dient der Suche nach den leistungsf\u00e4higsten Hochtechnologie-Initiativen in Deutschland. Malik hat das BMBF als Experte in der Entwicklung von Strategien f\u00fcr komplexe Technologie-, Regional- und Wirtschaftspolitik nachhaltig unterst\u00fctzt \u2013 insbesondere in der Bewertung der Steuerungsm\u00f6glichkeit, die das Management der hochkomplexen Cluster im dynamischen Wirkungsgef\u00fcge sicherstellen muss. Dank der grossartigen Resultate, die das Spitzencluster-Modell hervorbringt, soll es auch auf europ\u00e4ischer Ebene fortgesetzt werden.<\/p>\n<p>Das Programm des BMBF setzt mit dem Spitzencluster-Wettbewerb Schwerpunkte in der nationalen Forschungsf\u00f6rderung und der Sicherstellung der innovativen Leistungsf\u00e4higkeit des Landes. Das BMBF unterst\u00fctzt diese grossen, regionalen Netzwerke aus Wirtschaft und Wissenschaft als strategischer Investor, um zuk\u00fcnftige \u00f6konomische Entwicklungen m\u00f6glich zu machen. Unter dem Motto <em>Deutschlands Spitzencluster \u2013 Mehr Innovation. Mehr Wachstum. Mehr Besch\u00e4ftigung<\/em> werden die leistungsst\u00e4rksten Cluster pr\u00e4miert und unterst\u00fctzt, die Forschungsergebnisse optimal am Markt umsetzen.<\/p>\n<h3>Die besten Strategien f\u00fcr Zukunftsm\u00e4rkte<\/h3>\n<p>In neuen Kooperationen werden grosse gemeinsame Innovati\u00adonsspr\u00fcnge m\u00f6glich, die wichtige Wettbewerbsvor\u00adteile erm\u00f6glichen. In den Spitzenclustern entstehen nicht nur neue Strukturen und neue Wege der Kooperation, sondern es wird vor allem auch die Begeisterung junger Leute geweckt, sich auf das Abenteuer Wissenschaft und Technik einzulassen \u2013 &nbsp;was wichtig ist mit Blick auf die Gewinnung von Fachkr\u00e4ften. So tragen die Cluster dazu bei, in Wirtschaft und Wissenschaft Mentalit\u00e4ten zu ver\u00e4ndern und gegenseitiges Verst\u00e4ndnis f\u00fcr die jeweils andere Perspektive zu schaffen.<\/p>\n<p>Bundesweit 15 Regionen demonstrieren derzeit, was Bildung, Forschung und Wirtschaft leisten k\u00f6nnen, wenn sie effektiv ineinandergreifen und gemeinsam an der Umsetzung regionaler Innovationsstrategien arbeiten. Alle 15 Spitzencluster \u2013 darunter das nordrhein-westf\u00e4lische Spitzencluster <span id=\"cke_bm_395S\" style=\"display: none;\">&nbsp;<\/span><em>it&#8217;s OWL \u2013 Intelligente technische Systeme<\/em><span id=\"cke_bm_395E\" style=\"display: none;\"> <\/span>, das Spitzencluster <em>Cool Silicon<\/em> im Raum Dresden, das M\u00fcnchner Biotech-Cluster&nbsp;<span id=\"cke_bm_401S\" style=\"display: none;\"> <\/span><em>m4 \u2013 Persona\u00adlisierte Medizin und zielgerichtete Therapien<\/em>, der s\u00fcdwestdeutsche <em>Software-Cluster<\/em> oder das mitteldeutsche <em>Solarvalley<\/em> \u2013 widmen sich ganz gezielt den vielversprechenden Quellen k\u00fcnftigen<span id=\"cke_bm_402E\" style=\"display: none;\">&nbsp;<\/span> Wirtschafts\u00adwachstums: von der personalisierten Medizin \u00fcber Technologien<span id=\"cke_bm_396E\" style=\"display: none;\">&nbsp;<\/span> zur nachhaltigen Ressourcenscho\u00adnung bis zu zukunftsweisenden Energie- und Verkehrskonzepten. Gemeinsam wollen die regionalen Partner auf Augenh\u00f6he mit anderen Innovations\u00adzentren in Deutschland, Europa und der Welt um die besten K\u00f6pfe konkurrieren.Spitzencluster f\u00fcr mehr Innovation und Wettbewerbsf\u00e4higkeit.<\/p>\n<\/div>\n<\/div>\n<\/div><div class=\"fusion-clearfix\"><\/div><\/div><\/div><div class=\"fusion-layout-column fusion_builder_column fusion-builder-column-1 fusion_builder_column_1_4 1_4 fusion-one-fourth fusion-column-last malik_solutions_main_right fusion-animated\" style=\"--awb-bg-size:cover;width:25%;width:calc(25% - ( ( 4% ) * 0.25 ) );\" data-animationType=\"fadeInRight\" data-animationDuration=\"1.0\" data-animationOffset=\"top-into-view\"><div class=\"fusion-column-wrapper fusion-flex-column-wrapper-legacy\"><div class=\"fusion-image-element fusion-image-align-center in-legacy-container\" style=\"text-align:center;--awb-caption-title-font-family:var(--h2_typography-font-family);--awb-caption-title-font-weight:var(--h2_typography-font-weight);--awb-caption-title-font-style:var(--h2_typography-font-style);--awb-caption-title-size:var(--h2_typography-font-size);--awb-caption-title-transform:var(--h2_typography-text-transform);--awb-caption-title-line-height:var(--h2_typography-line-height);--awb-caption-title-letter-spacing:var(--h2_typography-letter-spacing);\"><div class=\"imageframe-align-center\"><span class=\" fusion-imageframe imageframe-dropshadow imageframe-1 hover-type-zoomin malik_solutions_main_right_image01\" style=\"-webkit-box-shadow: 3px 3px 7px rgba(0,0,0,0.3);box-shadow: 3px 3px 7px rgba(0,0,0,0.3);\"><a class=\"fusion-no-lightbox\" href=\"http:\/\/www.bmbf.de\/\" target=\"_blank\" aria-label=\"bundesministerium-fuer-bildung-und-forschung\" rel=\"noopener noreferrer\"><img decoding=\"async\" width=\"236\" height=\"107\" src=\"https:\/\/www.malik-management.com\/wp-content\/uploads\/2017\/09\/bundesministerium-fuer-bildung-und-forschung.jpeg\" alt class=\"img-responsive wp-image-15095\" srcset=\"https:\/\/www.malik-management.com\/wp-content\/uploads\/2017\/09\/bundesministerium-fuer-bildung-und-forschung-200x91.jpeg 200w, https:\/\/www.malik-management.com\/wp-content\/uploads\/2017\/09\/bundesministerium-fuer-bildung-und-forschung.jpeg 236w\" sizes=\"(max-width: 800px) 100vw, 236px\" \/><\/a><\/span><\/div><\/div><div class=\"fusion-text fusion-text-2\"><p style=\"text-align: center;\"><a href=\"http:\/\/www.bmbf.de\/\" target=\"_blank\">Zur Homepage<\/a><\/p>\n<\/div><div class=\"fusion-clearfix\"><\/div><\/div><\/div><\/div><\/div>\n","protected":false},"excerpt":{"rendered":"","protected":false},"author":17,"featured_media":0,"parent":16797,"menu_order":0,"comment_status":"closed","ping_status":"closed","template":"side-navigation.php","meta":{"_acf_changed":false,"_bbp_topic_count":0,"_bbp_reply_count":0,"_bbp_total_topic_count":0,"_bbp_total_reply_count":0,"_bbp_voice_count":0,"_bbp_anonymous_reply_count":0,"_bbp_topic_count_hidden":0,"_bbp_reply_count_hidden":0,"_bbp_forum_subforum_count":0,"footnotes":""},"class_list":["post-16825","page","type-page","status-publish","hentry"],"acf":[],"yoast_head":"<!-- This site is optimized with the Yoast SEO plugin v26.4 - https:\/\/yoast.com\/wordpress\/plugins\/seo\/ -->\n<title>Management von Clustern - Malik Management<\/title>\n<meta name=\"robots\" content=\"index, follow, max-snippet:-1, max-image-preview:large, max-video-preview:-1\" \/>\n<link rel=\"canonical\" href=\"https:\/\/www.malik-management.com\/de\/malik-loesungen\/loesungen-fuer-den-oeffentlichen-bereich\/management-von-clustern\/\" \/>\n<meta property=\"og:locale\" content=\"de_DE\" \/>\n<meta property=\"og:type\" content=\"article\" \/>\n<meta property=\"og:title\" content=\"Management von Clustern - Malik Management\" \/>\n<meta property=\"og:url\" content=\"https:\/\/www.malik-management.com\/de\/malik-loesungen\/loesungen-fuer-den-oeffentlichen-bereich\/management-von-clustern\/\" \/>\n<meta property=\"og:site_name\" content=\"Malik Management\" \/>\n<meta property=\"article:modified_time\" content=\"2017-09-08T08:12:32+00:00\" \/>\n<meta name=\"twitter:card\" content=\"summary_large_image\" \/>\n<meta name=\"twitter:label1\" content=\"Gesch\u00e4tzte Lesezeit\" \/>\n\t<meta name=\"twitter:data1\" content=\"4\u00a0Minuten\" \/>\n<script type=\"application\/ld+json\" class=\"yoast-schema-graph\">{\"@context\":\"https:\/\/schema.org\",\"@graph\":[{\"@type\":\"WebPage\",\"@id\":\"https:\/\/www.malik-management.com\/de\/malik-loesungen\/loesungen-fuer-den-oeffentlichen-bereich\/management-von-clustern\/\",\"url\":\"https:\/\/www.malik-management.com\/de\/malik-loesungen\/loesungen-fuer-den-oeffentlichen-bereich\/management-von-clustern\/\",\"name\":\"Management von Clustern - Malik Management\",\"isPartOf\":{\"@id\":\"https:\/\/www.malik-management.com\/de\/#website\"},\"datePublished\":\"2017-09-05T12:23:30+00:00\",\"dateModified\":\"2017-09-08T08:12:32+00:00\",\"breadcrumb\":{\"@id\":\"https:\/\/www.malik-management.com\/de\/malik-loesungen\/loesungen-fuer-den-oeffentlichen-bereich\/management-von-clustern\/#breadcrumb\"},\"inLanguage\":\"de\",\"potentialAction\":[{\"@type\":\"ReadAction\",\"target\":[\"https:\/\/www.malik-management.com\/de\/malik-loesungen\/loesungen-fuer-den-oeffentlichen-bereich\/management-von-clustern\/\"]}]},{\"@type\":\"BreadcrumbList\",\"@id\":\"https:\/\/www.malik-management.com\/de\/malik-loesungen\/loesungen-fuer-den-oeffentlichen-bereich\/management-von-clustern\/#breadcrumb\",\"itemListElement\":[{\"@type\":\"ListItem\",\"position\":1,\"name\":\"Home\",\"item\":\"https:\/\/www.malik-management.com\/de\/\"},{\"@type\":\"ListItem\",\"position\":2,\"name\":\"Malik L\u00f6sungen\",\"item\":\"https:\/\/www.malik-management.com\/de\/malik-loesungen\/\"},{\"@type\":\"ListItem\",\"position\":3,\"name\":\"L\u00f6sungen f\u00fcr den \u00f6ffentlichen Bereich\",\"item\":\"https:\/\/www.malik-management.com\/de\/malik-loesungen\/loesungen-fuer-den-oeffentlichen-bereich\/\"},{\"@type\":\"ListItem\",\"position\":4,\"name\":\"Management von Clustern\"}]},{\"@type\":\"WebSite\",\"@id\":\"https:\/\/www.malik-management.com\/de\/#website\",\"url\":\"https:\/\/www.malik-management.com\/de\/\",\"name\":\"Malik Management\",\"description\":\"Beyond conventional management\",\"publisher\":{\"@id\":\"https:\/\/www.malik-management.com\/de\/#organization\"},\"potentialAction\":[{\"@type\":\"SearchAction\",\"target\":{\"@type\":\"EntryPoint\",\"urlTemplate\":\"https:\/\/www.malik-management.com\/de\/?s={search_term_string}\"},\"query-input\":{\"@type\":\"PropertyValueSpecification\",\"valueRequired\":true,\"valueName\":\"search_term_string\"}}],\"inLanguage\":\"de\"},{\"@type\":\"Organization\",\"@id\":\"https:\/\/www.malik-management.com\/de\/#organization\",\"name\":\"malik international AG\",\"url\":\"https:\/\/www.malik-management.com\/de\/\",\"logo\":{\"@type\":\"ImageObject\",\"inLanguage\":\"de\",\"@id\":\"https:\/\/www.malik-management.com\/de\/#\/schema\/logo\/image\/\",\"url\":\"https:\/\/www.malik-management.com\/wp-content\/uploads\/2018\/09\/Logo_malik_weiss-klein3.png\",\"contentUrl\":\"https:\/\/www.malik-management.com\/wp-content\/uploads\/2018\/09\/Logo_malik_weiss-klein3.png\",\"width\":140,\"height\":41,\"caption\":\"malik international AG\"},\"image\":{\"@id\":\"https:\/\/www.malik-management.com\/de\/#\/schema\/logo\/image\/\"},\"sameAs\":[\"https:\/\/www.linkedin.com\/company\/30160\",\"https:\/\/www.youtube.com\/user\/malikmanagement\"]}]}<\/script>\n<!-- \/ Yoast SEO plugin. -->","yoast_head_json":{"title":"Management von Clustern - Malik Management","robots":{"index":"index","follow":"follow","max-snippet":"max-snippet:-1","max-image-preview":"max-image-preview:large","max-video-preview":"max-video-preview:-1"},"canonical":"https:\/\/www.malik-management.com\/de\/malik-loesungen\/loesungen-fuer-den-oeffentlichen-bereich\/management-von-clustern\/","og_locale":"de_DE","og_type":"article","og_title":"Management von Clustern - Malik Management","og_url":"https:\/\/www.malik-management.com\/de\/malik-loesungen\/loesungen-fuer-den-oeffentlichen-bereich\/management-von-clustern\/","og_site_name":"Malik Management","article_modified_time":"2017-09-08T08:12:32+00:00","twitter_card":"summary_large_image","twitter_misc":{"Gesch\u00e4tzte Lesezeit":"4\u00a0Minuten"},"schema":{"@context":"https:\/\/schema.org","@graph":[{"@type":"WebPage","@id":"https:\/\/www.malik-management.com\/de\/malik-loesungen\/loesungen-fuer-den-oeffentlichen-bereich\/management-von-clustern\/","url":"https:\/\/www.malik-management.com\/de\/malik-loesungen\/loesungen-fuer-den-oeffentlichen-bereich\/management-von-clustern\/","name":"Management von Clustern - Malik Management","isPartOf":{"@id":"https:\/\/www.malik-management.com\/de\/#website"},"datePublished":"2017-09-05T12:23:30+00:00","dateModified":"2017-09-08T08:12:32+00:00","breadcrumb":{"@id":"https:\/\/www.malik-management.com\/de\/malik-loesungen\/loesungen-fuer-den-oeffentlichen-bereich\/management-von-clustern\/#breadcrumb"},"inLanguage":"de","potentialAction":[{"@type":"ReadAction","target":["https:\/\/www.malik-management.com\/de\/malik-loesungen\/loesungen-fuer-den-oeffentlichen-bereich\/management-von-clustern\/"]}]},{"@type":"BreadcrumbList","@id":"https:\/\/www.malik-management.com\/de\/malik-loesungen\/loesungen-fuer-den-oeffentlichen-bereich\/management-von-clustern\/#breadcrumb","itemListElement":[{"@type":"ListItem","position":1,"name":"Home","item":"https:\/\/www.malik-management.com\/de\/"},{"@type":"ListItem","position":2,"name":"Malik L\u00f6sungen","item":"https:\/\/www.malik-management.com\/de\/malik-loesungen\/"},{"@type":"ListItem","position":3,"name":"L\u00f6sungen f\u00fcr den \u00f6ffentlichen Bereich","item":"https:\/\/www.malik-management.com\/de\/malik-loesungen\/loesungen-fuer-den-oeffentlichen-bereich\/"},{"@type":"ListItem","position":4,"name":"Management von Clustern"}]},{"@type":"WebSite","@id":"https:\/\/www.malik-management.com\/de\/#website","url":"https:\/\/www.malik-management.com\/de\/","name":"Malik Management","description":"Beyond conventional management","publisher":{"@id":"https:\/\/www.malik-management.com\/de\/#organization"},"potentialAction":[{"@type":"SearchAction","target":{"@type":"EntryPoint","urlTemplate":"https:\/\/www.malik-management.com\/de\/?s={search_term_string}"},"query-input":{"@type":"PropertyValueSpecification","valueRequired":true,"valueName":"search_term_string"}}],"inLanguage":"de"},{"@type":"Organization","@id":"https:\/\/www.malik-management.com\/de\/#organization","name":"malik international AG","url":"https:\/\/www.malik-management.com\/de\/","logo":{"@type":"ImageObject","inLanguage":"de","@id":"https:\/\/www.malik-management.com\/de\/#\/schema\/logo\/image\/","url":"https:\/\/www.malik-management.com\/wp-content\/uploads\/2018\/09\/Logo_malik_weiss-klein3.png","contentUrl":"https:\/\/www.malik-management.com\/wp-content\/uploads\/2018\/09\/Logo_malik_weiss-klein3.png","width":140,"height":41,"caption":"malik international AG"},"image":{"@id":"https:\/\/www.malik-management.com\/de\/#\/schema\/logo\/image\/"},"sameAs":["https:\/\/www.linkedin.com\/company\/30160","https:\/\/www.youtube.com\/user\/malikmanagement"]}]}},"_links":{"self":[{"href":"https:\/\/www.malik-management.com\/de\/wp-json\/wp\/v2\/pages\/16825","targetHints":{"allow":["GET"]}}],"collection":[{"href":"https:\/\/www.malik-management.com\/de\/wp-json\/wp\/v2\/pages"}],"about":[{"href":"https:\/\/www.malik-management.com\/de\/wp-json\/wp\/v2\/types\/page"}],"author":[{"embeddable":true,"href":"https:\/\/www.malik-management.com\/de\/wp-json\/wp\/v2\/users\/17"}],"replies":[{"embeddable":true,"href":"https:\/\/www.malik-management.com\/de\/wp-json\/wp\/v2\/comments?post=16825"}],"version-history":[{"count":3,"href":"https:\/\/www.malik-management.com\/de\/wp-json\/wp\/v2\/pages\/16825\/revisions"}],"predecessor-version":[{"id":16828,"href":"https:\/\/www.malik-management.com\/de\/wp-json\/wp\/v2\/pages\/16825\/revisions\/16828"}],"up":[{"embeddable":true,"href":"https:\/\/www.malik-management.com\/de\/wp-json\/wp\/v2\/pages\/16797"}],"wp:attachment":[{"href":"https:\/\/www.malik-management.com\/de\/wp-json\/wp\/v2\/media?parent=16825"}],"curies":[{"name":"wp","href":"https:\/\/api.w.org\/{rel}","templated":true}]}}