{"id":16834,"date":"2017-09-05T12:40:23","date_gmt":"2017-09-05T12:40:23","guid":{"rendered":"https:\/\/www.malik.management\/cities-communities-regions\/"},"modified":"2022-03-31T09:40:56","modified_gmt":"2022-03-31T07:40:56","slug":"stadt-und-regionalentwicklung","status":"publish","type":"page","link":"https:\/\/www.malik-management.com\/de\/malik-loesungen\/loesungen-fuer-den-oeffentlichen-bereich\/stadt-und-regionalentwicklung\/","title":{"rendered":"Stadt- und Regionalentwicklung"},"content":{"rendered":"<div class=\"fusion-fullwidth fullwidth-box fusion-builder-row-1 malik_solutions_main nonhundred-percent-fullwidth non-hundred-percent-height-scrolling\" style=\"--awb-border-radius-top-left:0px;--awb-border-radius-top-right:0px;--awb-border-radius-bottom-right:0px;--awb-border-radius-bottom-left:0px;--awb-padding-top:30px;--awb-padding-bottom:30px;--awb-flex-wrap:wrap;\" ><div class=\"fusion-builder-row fusion-row\"><div class=\"fusion-layout-column fusion_builder_column fusion-builder-column-0 fusion_builder_column_3_4 3_4 fusion-three-fourth fusion-column-first fusion-animated\" style=\"--awb-bg-size:cover;width:75%;width:calc(75% - ( ( 4% ) * 0.75 ) );margin-right: 4%;\" data-animationType=\"fadeInUp\" data-animationDuration=\"1.0\" data-animationOffset=\"top-into-view\"><div class=\"fusion-column-wrapper fusion-flex-column-wrapper-legacy\"><div class=\"fusion-text fusion-text-1\" style=\"--awb-text-transform:none;\"><div id=\"content-center\">\n<h2>Syntegration\u00ae f\u00fcr St\u00e4dte, Gemeinden und Regionen<\/h2>\n<div class=\"block_element01\">\n<h3>Wir bringen Organisationen der Gesellschaft zum Funktionieren<\/h3>\n<p>Das Syntegrations-Verfahren hat in der Privatwirtschaft in beinahe 1000 F\u00e4llen hervorragende Ergebnisse gebracht. In j\u00fcngster Zeit erzielt die Malik Syntegration\u00ae auch im \u00f6ffentlichen Bereich durchschlagende Erfolge. Mit unserem <strong>Malik Competence Center f\u00fcr St\u00e4dte, Gemeinden und Regionen<\/strong> bef\u00e4higen wir Politiker und Verwaltungschefs darin, die Herausforderungen der Grossen Transformation21 zu bew\u00e4ltigen.<\/p>\n<p>Mit klassischen Methoden ist die Kluft zwischen sinkenden Einnahmen und steigenden Kosten in der Administration von St\u00e4dten und Regionen nicht zu bewerkstelligen. St\u00e4dte ben\u00f6tigen schl\u00fcssige Gesamtkonzepte, um ihre Attraktivit\u00e4t f\u00fcr B\u00fcrger und Unternehmen, ihre finanzielle Stabilit\u00e4t und ihre langfristige Lebensf\u00e4higkeit sicherzustellen. Die Teilnahme der wichtigsten Schl\u00fcsselpersonen aus Politik, Wirtschaft und Gesellschaft (Schulen, Vereine etc.) an einer Syntegration garantiert, dass integrierte L\u00f6sungen f\u00fcr unterschiedliche Bereiche wie Wirtschaft, Verkehr, Kultur, Sport oder Tourismus entwickelt und gemeinsam umgesetzt werden.<\/p>\n<p>W\u00e4hrend Gremien wie Stadtr\u00e4te oder Kreisparlamente aufgrund ihrer Gr\u00f6sse und ihrer oftmals festgefahrenen Strukturen meist nur den <em>kleinsten gemeinsamen Nenner<\/em> finden, ermittelt eine Syntegration \u00fcber die Nutzung kollektiver Intelligenz den <em>gr\u00f6ssten gemeinsamen Z\u00e4hler<\/em>.<\/p>\n<p>Syntegrationen sind demokratische und effiziente Prozesse zugleich. Die Einbindung von Vertretern der verschiedenen Bereiche f\u00fchrt zu einer umfassenden Legitimierung der Entscheidungen und einem hohen pers\u00f6nlichen Einsatz bei der Probleml\u00f6sung. B\u00fcrgermeister, Stadtdirektoren oder Landr\u00e4te k\u00f6nnen ihre F\u00fchrungsaufgabe nach einer Syntegration sehr ergebnisorientiert gestalten.<\/p>\n<\/div>\n<\/div>\n<\/div><div class=\"fusion-clearfix\"><\/div><\/div><\/div><div class=\"fusion-layout-column fusion_builder_column fusion-builder-column-1 fusion_builder_column_1_4 1_4 fusion-one-fourth fusion-column-last malik_solutions_main_right fusion-animated\" style=\"--awb-bg-size:cover;width:25%;width:calc(25% - ( ( 4% ) * 0.25 ) );\" data-animationType=\"fadeInRight\" data-animationDuration=\"1.0\" data-animationOffset=\"top-into-view\"><div class=\"fusion-column-wrapper fusion-flex-column-wrapper-legacy\"><div class=\"fusion-image-element fusion-image-align-center in-legacy-container\" style=\"text-align:center;--awb-caption-title-font-family:var(--h2_typography-font-family);--awb-caption-title-font-weight:var(--h2_typography-font-weight);--awb-caption-title-font-style:var(--h2_typography-font-style);--awb-caption-title-size:var(--h2_typography-font-size);--awb-caption-title-transform:var(--h2_typography-text-transform);--awb-caption-title-line-height:var(--h2_typography-line-height);--awb-caption-title-letter-spacing:var(--h2_typography-letter-spacing);\"><div class=\"imageframe-align-center\"><span class=\" fusion-imageframe imageframe-dropshadow imageframe-1 hover-type-zoomin malik_solutions_main_right_image01\" style=\"-webkit-box-shadow: 3px 3px 7px rgba(0,0,0,0.3);box-shadow: 3px 3px 7px rgba(0,0,0,0.3);\"><img decoding=\"async\" width=\"273\" height=\"530\" title=\"malik-sytegration-stadt\" src=\"https:\/\/www.malik-management.com\/wp-content\/uploads\/2017\/09\/malik-sytegration-stadt.jpg\" alt class=\"img-responsive wp-image-15131\" srcset=\"https:\/\/www.malik-management.com\/wp-content\/uploads\/2017\/09\/malik-sytegration-stadt-200x388.jpg 200w, https:\/\/www.malik-management.com\/wp-content\/uploads\/2017\/09\/malik-sytegration-stadt.jpg 273w\" sizes=\"(max-width: 800px) 100vw, 273px\" \/><\/span><\/div><\/div><div class=\"fusion-sep-clear\"><\/div><div class=\"fusion-separator fusion-full-width-sep\" style=\"margin-left: auto;margin-right: auto;margin-top:10px;margin-bottom:10px;width:100%;\"><div class=\"fusion-separator-border sep-single sep-solid\" style=\"--awb-height:20px;--awb-amount:20px;--awb-sep-color:#cccccc;border-color:#cccccc;border-top-width:1px;\"><\/div><\/div><div class=\"fusion-sep-clear\"><\/div><div class=\"fusion-text fusion-text-2\"><div class=\"rightside_links_panel\">\n<h4>More about the Syntegration<\/h4>\n<ul>\n<li><a class=\"pimcore_icon_pdf\" href=\"https:\/\/www.malik-management.com\/wp-content\/uploads\/2017\/09\/malik-super-syntegration-de.pdf\" target=\"_blank\" rel=\"noopener\">Brosch\u00fcre zur Syntegration<\/a><\/li>\n<li><a class=\"pimcore_icon_pdf\" href=\"https:\/\/www.malik-management.com\/wp-content\/uploads\/2017\/09\/syntegration-stadt_de_2017.pdf\" target=\"_blank\" rel=\"noopener\">Syntegration f\u00fcr St\u00e4dte und Regionen<\/a><\/li>\n<li><a class=\"pimcore_icon_pdf\" href=\"https:\/\/www.malik-management.com\/wp-content\/uploads\/2017\/09\/malik-letter-die-kraft-der-fuehrung-vervielfachen-10-2004.pdf\" target=\"_blank\" rel=\"noopener\">Malik Letter 10\/2004: Die Kraft der F\u00fchrung vervielfachen<\/a><\/li>\n<\/ul>\n<\/div>\n<\/div><div class=\"fusion-clearfix\"><\/div><\/div><\/div><\/div><\/div>\n","protected":false},"excerpt":{"rendered":"","protected":false},"author":17,"featured_media":0,"parent":16797,"menu_order":0,"comment_status":"closed","ping_status":"closed","template":"side-navigation.php","meta":{"_acf_changed":false,"_bbp_topic_count":0,"_bbp_reply_count":0,"_bbp_total_topic_count":0,"_bbp_total_reply_count":0,"_bbp_voice_count":0,"_bbp_anonymous_reply_count":0,"_bbp_topic_count_hidden":0,"_bbp_reply_count_hidden":0,"_bbp_forum_subforum_count":0,"footnotes":""},"class_list":["post-16834","page","type-page","status-publish","hentry"],"acf":[],"yoast_head":"<!-- This site is optimized with the Yoast SEO plugin v26.4 - https:\/\/yoast.com\/wordpress\/plugins\/seo\/ -->\n<title>Stadt- und Regionalentwicklung - Malik Management<\/title>\n<meta name=\"robots\" content=\"index, follow, max-snippet:-1, max-image-preview:large, max-video-preview:-1\" \/>\n<link rel=\"canonical\" href=\"https:\/\/www.malik-management.com\/de\/malik-loesungen\/loesungen-fuer-den-oeffentlichen-bereich\/stadt-und-regionalentwicklung\/\" \/>\n<meta property=\"og:locale\" content=\"de_DE\" \/>\n<meta property=\"og:type\" content=\"article\" \/>\n<meta property=\"og:title\" content=\"Stadt- und Regionalentwicklung - Malik Management\" \/>\n<meta property=\"og:url\" content=\"https:\/\/www.malik-management.com\/de\/malik-loesungen\/loesungen-fuer-den-oeffentlichen-bereich\/stadt-und-regionalentwicklung\/\" \/>\n<meta property=\"og:site_name\" content=\"Malik Management\" \/>\n<meta property=\"article:modified_time\" content=\"2022-03-31T07:40:56+00:00\" \/>\n<meta name=\"twitter:card\" content=\"summary_large_image\" \/>\n<meta name=\"twitter:label1\" content=\"Gesch\u00e4tzte Lesezeit\" \/>\n\t<meta name=\"twitter:data1\" content=\"4\u00a0Minuten\" \/>\n<script type=\"application\/ld+json\" class=\"yoast-schema-graph\">{\"@context\":\"https:\/\/schema.org\",\"@graph\":[{\"@type\":\"WebPage\",\"@id\":\"https:\/\/www.malik-management.com\/de\/malik-loesungen\/loesungen-fuer-den-oeffentlichen-bereich\/stadt-und-regionalentwicklung\/\",\"url\":\"https:\/\/www.malik-management.com\/de\/malik-loesungen\/loesungen-fuer-den-oeffentlichen-bereich\/stadt-und-regionalentwicklung\/\",\"name\":\"Stadt- und Regionalentwicklung - Malik Management\",\"isPartOf\":{\"@id\":\"https:\/\/www.malik-management.com\/de\/#website\"},\"datePublished\":\"2017-09-05T12:40:23+00:00\",\"dateModified\":\"2022-03-31T07:40:56+00:00\",\"breadcrumb\":{\"@id\":\"https:\/\/www.malik-management.com\/de\/malik-loesungen\/loesungen-fuer-den-oeffentlichen-bereich\/stadt-und-regionalentwicklung\/#breadcrumb\"},\"inLanguage\":\"de\",\"potentialAction\":[{\"@type\":\"ReadAction\",\"target\":[\"https:\/\/www.malik-management.com\/de\/malik-loesungen\/loesungen-fuer-den-oeffentlichen-bereich\/stadt-und-regionalentwicklung\/\"]}]},{\"@type\":\"BreadcrumbList\",\"@id\":\"https:\/\/www.malik-management.com\/de\/malik-loesungen\/loesungen-fuer-den-oeffentlichen-bereich\/stadt-und-regionalentwicklung\/#breadcrumb\",\"itemListElement\":[{\"@type\":\"ListItem\",\"position\":1,\"name\":\"Home\",\"item\":\"https:\/\/www.malik-management.com\/de\/\"},{\"@type\":\"ListItem\",\"position\":2,\"name\":\"Malik L\u00f6sungen\",\"item\":\"https:\/\/www.malik-management.com\/de\/malik-loesungen\/\"},{\"@type\":\"ListItem\",\"position\":3,\"name\":\"L\u00f6sungen f\u00fcr den \u00f6ffentlichen Bereich\",\"item\":\"https:\/\/www.malik-management.com\/de\/malik-loesungen\/loesungen-fuer-den-oeffentlichen-bereich\/\"},{\"@type\":\"ListItem\",\"position\":4,\"name\":\"Stadt- und Regionalentwicklung\"}]},{\"@type\":\"WebSite\",\"@id\":\"https:\/\/www.malik-management.com\/de\/#website\",\"url\":\"https:\/\/www.malik-management.com\/de\/\",\"name\":\"Malik Management\",\"description\":\"Beyond conventional management\",\"publisher\":{\"@id\":\"https:\/\/www.malik-management.com\/de\/#organization\"},\"potentialAction\":[{\"@type\":\"SearchAction\",\"target\":{\"@type\":\"EntryPoint\",\"urlTemplate\":\"https:\/\/www.malik-management.com\/de\/?s={search_term_string}\"},\"query-input\":{\"@type\":\"PropertyValueSpecification\",\"valueRequired\":true,\"valueName\":\"search_term_string\"}}],\"inLanguage\":\"de\"},{\"@type\":\"Organization\",\"@id\":\"https:\/\/www.malik-management.com\/de\/#organization\",\"name\":\"malik international AG\",\"url\":\"https:\/\/www.malik-management.com\/de\/\",\"logo\":{\"@type\":\"ImageObject\",\"inLanguage\":\"de\",\"@id\":\"https:\/\/www.malik-management.com\/de\/#\/schema\/logo\/image\/\",\"url\":\"https:\/\/www.malik-management.com\/wp-content\/uploads\/2018\/09\/Logo_malik_weiss-klein3.png\",\"contentUrl\":\"https:\/\/www.malik-management.com\/wp-content\/uploads\/2018\/09\/Logo_malik_weiss-klein3.png\",\"width\":140,\"height\":41,\"caption\":\"malik international AG\"},\"image\":{\"@id\":\"https:\/\/www.malik-management.com\/de\/#\/schema\/logo\/image\/\"},\"sameAs\":[\"https:\/\/www.linkedin.com\/company\/30160\",\"https:\/\/www.youtube.com\/user\/malikmanagement\"]}]}<\/script>\n<!-- \/ Yoast SEO plugin. -->","yoast_head_json":{"title":"Stadt- und Regionalentwicklung - Malik Management","robots":{"index":"index","follow":"follow","max-snippet":"max-snippet:-1","max-image-preview":"max-image-preview:large","max-video-preview":"max-video-preview:-1"},"canonical":"https:\/\/www.malik-management.com\/de\/malik-loesungen\/loesungen-fuer-den-oeffentlichen-bereich\/stadt-und-regionalentwicklung\/","og_locale":"de_DE","og_type":"article","og_title":"Stadt- und Regionalentwicklung - Malik Management","og_url":"https:\/\/www.malik-management.com\/de\/malik-loesungen\/loesungen-fuer-den-oeffentlichen-bereich\/stadt-und-regionalentwicklung\/","og_site_name":"Malik Management","article_modified_time":"2022-03-31T07:40:56+00:00","twitter_card":"summary_large_image","twitter_misc":{"Gesch\u00e4tzte Lesezeit":"4\u00a0Minuten"},"schema":{"@context":"https:\/\/schema.org","@graph":[{"@type":"WebPage","@id":"https:\/\/www.malik-management.com\/de\/malik-loesungen\/loesungen-fuer-den-oeffentlichen-bereich\/stadt-und-regionalentwicklung\/","url":"https:\/\/www.malik-management.com\/de\/malik-loesungen\/loesungen-fuer-den-oeffentlichen-bereich\/stadt-und-regionalentwicklung\/","name":"Stadt- und Regionalentwicklung - Malik Management","isPartOf":{"@id":"https:\/\/www.malik-management.com\/de\/#website"},"datePublished":"2017-09-05T12:40:23+00:00","dateModified":"2022-03-31T07:40:56+00:00","breadcrumb":{"@id":"https:\/\/www.malik-management.com\/de\/malik-loesungen\/loesungen-fuer-den-oeffentlichen-bereich\/stadt-und-regionalentwicklung\/#breadcrumb"},"inLanguage":"de","potentialAction":[{"@type":"ReadAction","target":["https:\/\/www.malik-management.com\/de\/malik-loesungen\/loesungen-fuer-den-oeffentlichen-bereich\/stadt-und-regionalentwicklung\/"]}]},{"@type":"BreadcrumbList","@id":"https:\/\/www.malik-management.com\/de\/malik-loesungen\/loesungen-fuer-den-oeffentlichen-bereich\/stadt-und-regionalentwicklung\/#breadcrumb","itemListElement":[{"@type":"ListItem","position":1,"name":"Home","item":"https:\/\/www.malik-management.com\/de\/"},{"@type":"ListItem","position":2,"name":"Malik L\u00f6sungen","item":"https:\/\/www.malik-management.com\/de\/malik-loesungen\/"},{"@type":"ListItem","position":3,"name":"L\u00f6sungen f\u00fcr den \u00f6ffentlichen Bereich","item":"https:\/\/www.malik-management.com\/de\/malik-loesungen\/loesungen-fuer-den-oeffentlichen-bereich\/"},{"@type":"ListItem","position":4,"name":"Stadt- und Regionalentwicklung"}]},{"@type":"WebSite","@id":"https:\/\/www.malik-management.com\/de\/#website","url":"https:\/\/www.malik-management.com\/de\/","name":"Malik Management","description":"Beyond conventional management","publisher":{"@id":"https:\/\/www.malik-management.com\/de\/#organization"},"potentialAction":[{"@type":"SearchAction","target":{"@type":"EntryPoint","urlTemplate":"https:\/\/www.malik-management.com\/de\/?s={search_term_string}"},"query-input":{"@type":"PropertyValueSpecification","valueRequired":true,"valueName":"search_term_string"}}],"inLanguage":"de"},{"@type":"Organization","@id":"https:\/\/www.malik-management.com\/de\/#organization","name":"malik international AG","url":"https:\/\/www.malik-management.com\/de\/","logo":{"@type":"ImageObject","inLanguage":"de","@id":"https:\/\/www.malik-management.com\/de\/#\/schema\/logo\/image\/","url":"https:\/\/www.malik-management.com\/wp-content\/uploads\/2018\/09\/Logo_malik_weiss-klein3.png","contentUrl":"https:\/\/www.malik-management.com\/wp-content\/uploads\/2018\/09\/Logo_malik_weiss-klein3.png","width":140,"height":41,"caption":"malik international AG"},"image":{"@id":"https:\/\/www.malik-management.com\/de\/#\/schema\/logo\/image\/"},"sameAs":["https:\/\/www.linkedin.com\/company\/30160","https:\/\/www.youtube.com\/user\/malikmanagement"]}]}},"_links":{"self":[{"href":"https:\/\/www.malik-management.com\/de\/wp-json\/wp\/v2\/pages\/16834","targetHints":{"allow":["GET"]}}],"collection":[{"href":"https:\/\/www.malik-management.com\/de\/wp-json\/wp\/v2\/pages"}],"about":[{"href":"https:\/\/www.malik-management.com\/de\/wp-json\/wp\/v2\/types\/page"}],"author":[{"embeddable":true,"href":"https:\/\/www.malik-management.com\/de\/wp-json\/wp\/v2\/users\/17"}],"replies":[{"embeddable":true,"href":"https:\/\/www.malik-management.com\/de\/wp-json\/wp\/v2\/comments?post=16834"}],"version-history":[{"count":6,"href":"https:\/\/www.malik-management.com\/de\/wp-json\/wp\/v2\/pages\/16834\/revisions"}],"predecessor-version":[{"id":26289,"href":"https:\/\/www.malik-management.com\/de\/wp-json\/wp\/v2\/pages\/16834\/revisions\/26289"}],"up":[{"embeddable":true,"href":"https:\/\/www.malik-management.com\/de\/wp-json\/wp\/v2\/pages\/16797"}],"wp:attachment":[{"href":"https:\/\/www.malik-management.com\/de\/wp-json\/wp\/v2\/media?parent=16834"}],"curies":[{"name":"wp","href":"https:\/\/api.w.org\/{rel}","templated":true}]}}