{"id":16859,"date":"2017-09-06T04:34:03","date_gmt":"2017-09-06T04:34:03","guid":{"rendered":"https:\/\/www.malik.management\/city-of-furth\/"},"modified":"2017-09-13T05:52:50","modified_gmt":"2017-09-13T05:52:50","slug":"stadt-fuerth","status":"publish","type":"page","link":"https:\/\/www.malik-management.com\/de\/malik-loesungen\/loesungen-fuer-den-oeffentlichen-bereich\/stadt-und-regionalentwicklung\/stadt-fuerth\/","title":{"rendered":"Stadt F\u00fcrth"},"content":{"rendered":"<div class=\"fusion-fullwidth fullwidth-box fusion-builder-row-1 nonhundred-percent-fullwidth non-hundred-percent-height-scrolling malik_solutions_main\" style=\"--awb-border-radius-top-left:0px;--awb-border-radius-top-right:0px;--awb-border-radius-bottom-right:0px;--awb-border-radius-bottom-left:0px;--awb-padding-top:30px;--awb-padding-bottom:30px;--awb-flex-wrap:wrap;\" ><div class=\"fusion-builder-row fusion-row\"><div class=\"fusion-layout-column fusion_builder_column fusion-builder-column-0 fusion_builder_column_3_4 3_4 fusion-three-fourth fusion-column-first fusion-animated\" style=\"--awb-bg-size:cover;width:75%;width:calc(75% - ( ( 4% ) * 0.75 ) );margin-right: 4%;\" data-animationType=\"fadeInUp\" data-animationDuration=\"1.0\" data-animationOffset=\"top-into-view\"><div class=\"fusion-column-wrapper fusion-flex-column-wrapper-legacy\"><div class=\"fusion-text fusion-text-1\"><div id=\"content-center\">\n<h2>Stadt F\u00fcrth: Finanziell wieder gesund durch Malik Syntegration\u00ae<\/h2>\n<div class=\"block_element01\">\n<h3> In 3.5 Tagen von erstickender Finanzlast befreit durch eine revolution\u00e4re Sozialtechnologie <\/h3>\n<p>Mit der innovativen Methode der Malik Syntegration\u00ae leitete die Stadt F\u00fcrth im Juli 2010 tiefgreifende finanzielle und funktionelle Restrukturierungserfolge ein, wie sie bis dahin nicht vorstellbar waren. In nur 3.5 Tagen fanden 32 Schl\u00fcsselpersonen der Stadtverwaltung mit den Tools der Syntegrationsmethode neue Antworten auf die seit Jahren dr\u00e4ngendste Herausforderung der Stadt \u2013 ihre dr\u00fcckende Finanzlage und die daraus folgende Erosion der Stadt.<\/p>\n<p>Das Beispiel F\u00fcrth ist unter anderem auch deshalb so interessant, weil man auch Jahre nach der Durchf\u00fchrung der Syntegration die \u00fcberzeugenden, zum Teil sensationellen Ergebnisse sehen kann. Die Schl\u00fcsselfrage f\u00fcr das Syntegrations-Verfahren lautete:<\/p>\n<p><em>&#8222;Wie k\u00f6nnen wir ab heute eine neue Funktionsf\u00e4higkeit der Stadt F\u00fcrth in allen Bereichen entwickeln, um sp\u00e4testens 2013 das bestehende Defizit des Verwaltungshaushalts tats\u00e4chlich und dauerhaft auszugleichen?<\/em>&#8222;<\/p>\n<p><strong>Ergebnisse im \u00dcberblick:<\/strong><br \/>\n<span style=\"color:#ff0000;\"><strong>\u203a <\/strong><\/span>Von drohender Insolvenz zu neuen Investitionsspielr\u00e4umen innerhalb von zwei Jahren<br \/>\n<span style=\"color:#ff0000;\"><strong>\u203a <\/strong><\/span>Unerreichbar scheinende Einsparungsvorschriften der Regierung mit 153 Prozent \u00fcbererf\u00fcllt<br \/>\n<span style=\"color:#ff0000;\"><strong>\u203a <\/strong><\/span>Innerhalb von nur 3.5 Tagen neue Massnahmen gegen die Finanznot selbst erarbeitet<br \/>\n<span style=\"color:#ff0000;\"><strong>\u203a <\/strong><\/span>Haushaltsdefizit nachhaltig um 48 Prozent reduziert<br \/>\n<span style=\"color:#ff0000;\"><strong>\u203a <\/strong><\/span>Haushaltskonsolidierung dank noch nie dagewesener Kooperation<br \/>\n<span style=\"color:#ff0000;\"><strong>\u203a <\/strong><\/span>70 Prozent der in 2010 erarbeiteten Massnahmen bereits nach sieben Monaten erfolgreich umgesetzt<br \/>\n<span style=\"color:#ff0000;\"><strong>\u203a <\/strong><\/span>80 Prozent der in 2011 zus\u00e4tzlich beschlossenen Massnahmen in weiteren zw\u00f6lf Monaten verwirklicht<br \/>\n<span style=\"color:#ff0000;\"><strong>\u203a <\/strong><\/span>Sensationelle 60 Prozent der neu identifizierten Budgetentlastung nach zwei Jahren umgesetzt<br \/>\n<span style=\"color:#ff0000;\"><strong>\u203a <\/strong><\/span>Meinungsverschiedenheiten der Fraktionen erfolgreich \u00fcberwunden<br \/>\n<span style=\"color:#ff0000;\"><strong>\u203a <\/strong><\/span>Aufbruchstimmung statt Resignation; Zuversicht statt Hoffnungslosigkeit<br \/>\n<span style=\"color:#ff0000;\"><strong>\u203a <\/strong><\/span>Maximaler Konsens unter den Mitwirkenden<br \/>\n<span style=\"color:#ff0000;\"><strong>\u203a <\/strong><\/span>Dadurch markante Erh\u00f6hung der Entschlusskraft des Stadtrats erreicht<br \/>\n<span style=\"color:#ff0000;\"><strong>\u203a <\/strong><\/span>Daher einhellige, schnelle und richtige Entscheidungen in den Stadtorganen erm\u00f6glicht<br \/>\n<span style=\"color:#ff0000;\"><strong>\u203a <\/strong><\/span>Ein innovatives kybernetisches Regulierungssystem f\u00fcr Stadt und Stadtverwaltung entwickelt<br \/>\n<span style=\"color:#ff0000;\"><strong>\u203a <\/strong><\/span>Neue Bef\u00e4higung der Stadt zu effizienterem Funktionieren auf allen Ebenen<br \/>\n<span style=\"color:#ff0000;\"><strong>\u203a <\/strong><\/span>Neues positives Bewusstsein f\u00fcr den epochalen gesellschaftlichen Wandel<br \/>\n<span style=\"color:#ff0000;\"><strong>\u203a <\/strong><\/span>Beispielgebend erfolgreiche, dynamische Public Governance<br \/>\n<span style=\"color:#ff0000;\"><strong>\u203a <\/strong><\/span>Zufriedenheit bei allen Mitwirkenden bei mehr als 90 Prozent<br \/>\n<span style=\"color:#ff0000;\"><strong>\u203a <\/strong><\/span>Keine Kosten, denn die Syntegration bezahlt sich selbst<\/p>\n<p><span style=\"color:#ff0000;\"><strong>\u203a<\/strong><\/span> <a href=\"\/de\/pdf\/supersyntegration\/malik-supersyntegration-fuerth-long-de-22-08-2013.pdf\">Mehr zur Syntegration in F\u00fcrth<\/a><\/p>\n<\/div>\n<\/div>\n<\/div><div class=\"fusion-sep-clear\"><\/div><div class=\"fusion-separator fusion-full-width-sep\" style=\"margin-left: auto;margin-right: auto;margin-top:10px;margin-bottom:10px;width:100%;\"><div class=\"fusion-separator-border sep-single sep-solid\" style=\"--awb-height:20px;--awb-amount:20px;--awb-sep-color:#cccccc;border-color:#cccccc;border-top-width:1px;\"><\/div><\/div><div class=\"fusion-sep-clear\"><\/div><div class=\"fusion-builder-row fusion-builder-row-inner fusion-row\"><div class=\"fusion-layout-column fusion_builder_column_inner fusion-builder-nested-column-0 fusion_builder_column_inner_1_4 1_4 fusion-one-fourth fusion-column-first\" style=\"--awb-bg-size:cover;width:25%;width:calc(25% - ( ( 4% ) * 0.25 ) );margin-right: 4%;\"><div class=\"fusion-column-wrapper fusion-flex-column-wrapper-legacy\"><a class=\"awb-lightbox awb-lightbox-1\" href=\"https:\/\/www.youtube.com\/embed\/X-lQKy_x4eo?rel=0&amp;showinfo=0\" data-rel=\"iLightbox\"><img decoding=\"async\" src=\"https:\/\/www.malik-management.com\/wp-content\/uploads\/2017\/09\/malik-dr.ammon-fuerth.jpg\"><\/a><div class=\"fusion-clearfix\"><\/div><\/div><\/div><div class=\"fusion-layout-column fusion_builder_column_inner fusion-builder-nested-column-1 fusion_builder_column_inner_3_4 3_4 fusion-three-fourth fusion-column-last\" style=\"--awb-bg-size:cover;width:75%;width:calc(75% - ( ( 4% ) * 0.75 ) );\"><div class=\"fusion-column-wrapper fusion-flex-column-wrapper-legacy\"><div class=\"fusion-text fusion-text-2\"><div id=\"content-center\">\n<div class=\"block_element01\">\n<h3><strong><span style=\"color:#ff0000;\">Interview mit Stadtk\u00e4mmerin Dr. Ammon nach der Malik Syntegration<\/span><\/strong><\/h3>\n<p>Dr. Stefanie Ammon, Referentin f\u00fcr Finanzen, Personal und Organisation in F\u00fcrth, im Interview (November 2010): &#8222;<em>Ich bin der \u00dcberzeugung, dass die Syntegration die richtige Methode ist bei allen komplexen Fragestellungen, bei denen es sehr divergierende Interessensgruppen gibt<\/em>.&#8220;<\/p>\n<\/div>\n<\/div>\n<\/div><div class=\"fusion-clearfix\"><\/div><\/div><\/div><\/div><div class=\"fusion-sep-clear\"><\/div><div class=\"fusion-separator fusion-full-width-sep\" style=\"margin-left: auto;margin-right: auto;margin-top:10px;margin-bottom:10px;width:100%;\"><div class=\"fusion-separator-border sep-single sep-solid\" style=\"--awb-height:20px;--awb-amount:20px;--awb-sep-color:#cccccc;border-color:#cccccc;border-top-width:1px;\"><\/div><\/div><div class=\"fusion-sep-clear\"><\/div><div class=\"fusion-clearfix\"><\/div><\/div><\/div><div class=\"fusion-layout-column fusion_builder_column fusion-builder-column-1 fusion_builder_column_1_4 1_4 fusion-one-fourth fusion-column-last fusion-animated malik_solutions_main_right\" style=\"--awb-bg-size:cover;width:25%;width:calc(25% - ( ( 4% ) * 0.25 ) );\" data-animationType=\"fadeInRight\" data-animationDuration=\"1.0\" data-animationOffset=\"top-into-view\"><div class=\"fusion-column-wrapper fusion-flex-column-wrapper-legacy\"><div class=\"fusion-text fusion-text-3\"><div class=\"rightside_links_panel\">\n<h4>TV-Bericht &#8222;Wunder von F\u00fcrth&#8220;<\/h4>\n<ul>\n<li><a href=\"\/?page_id=16867\">Bayrischer Rundfunk \u00fcber die finanzielle Genesung der Stadt<\/a><\/li>\n<\/ul>\n<\/div>\n<\/div><div class=\"fusion-sep-clear\"><\/div><div class=\"fusion-separator fusion-full-width-sep\" style=\"margin-left: auto;margin-right: auto;margin-top:10px;margin-bottom:10px;width:100%;\"><div class=\"fusion-separator-border sep-single sep-solid\" style=\"--awb-height:20px;--awb-amount:20px;--awb-sep-color:#cccccc;border-color:#cccccc;border-top-width:1px;\"><\/div><\/div><div class=\"fusion-sep-clear\"><\/div><div class=\"fusion-text fusion-text-4\"><div class=\"rightside_links_panel\">\n<h4>Mehr zur Syntegration in F\u00fcrth<\/h4>\n<ul>\n<li><a class=\"pimcore_icon_pdf\" href=\"https:\/\/www.malik-management.com\/wp-content\/uploads\/2017\/09\/malik-supersyntegration-fuerth-long-de-22-08-2013.pdf\" target=\"_blank\">Das Beispiel F\u00fcrth im Detail<\/a><\/li>\n<\/ul>\n<\/div>\n<\/div><div class=\"fusion-sep-clear\"><\/div><div class=\"fusion-separator fusion-full-width-sep\" style=\"margin-left: auto;margin-right: auto;margin-top:10px;margin-bottom:10px;width:100%;\"><div class=\"fusion-separator-border sep-single sep-solid\" style=\"--awb-height:20px;--awb-amount:20px;--awb-sep-color:#cccccc;border-color:#cccccc;border-top-width:1px;\"><\/div><\/div><div class=\"fusion-sep-clear\"><\/div><div class=\"fusion-text fusion-text-5\"><div class=\"rightside_links_panel\">\n<h4>Medienberichte Syntegration F\u00fcrth<\/h4>\n<ul>\n<li><a class=\"pimcore_icon_pdf\" href=\"https:\/\/www.malik-management.com\/wp-content\/uploads\/2017\/09\/fuerth-stadtnachricht-30-11-2010.pdf\" target=\"_blank\">Stadtnachricht zum Haushalt F\u00fcrth 1 Jahr nach der Syntegration, 30.11.2010<\/a><\/li>\n<li><a class=\"pimcore_icon_pdf\" href=\"https:\/\/www.malik-management.com\/wp-content\/uploads\/2017\/09\/fuerth-stadtnachricht-20-08-2012.pdf\" target=\"_blank\">Stadtnachricht zum Haushalt F\u00fcrth 2 Jahre nach der Syntegration, 20.08.2012<\/a><\/li>\n<li><a class=\"pimcore_icon_pdf\" href=\"https:\/\/www.malik-management.com\/wp-content\/uploads\/2017\/09\/fuerth-sueddeutsche-zeitung-22-07.2010.pdf\" target=\"_blank\">Wer da lustlos ist, f\u00e4llt negativ auf, S\u00fcddeutsche Zeitung (DE), 22.07.2010<\/a><\/li>\n<li><a class=\"pimcore_icon_pdf\" href=\"https:\/\/www.malik-management.com\/wp-content\/uploads\/2017\/09\/fuerth-fuerther-nachrichten-22-07-2010.pdf\" target=\"_blank\">Sparpaket nun bei 20 Millionen, F\u00fcrther Nachrichten (AT), 22.07.2010<\/a><\/li>\n<\/ul>\n<\/div>\n<\/div><div class=\"fusion-clearfix\"><\/div><\/div><\/div><\/div><\/div>\n","protected":false},"excerpt":{"rendered":"","protected":false},"author":17,"featured_media":0,"parent":16834,"menu_order":0,"comment_status":"closed","ping_status":"closed","template":"side-navigation.php","meta":{"_acf_changed":false,"_bbp_topic_count":0,"_bbp_reply_count":0,"_bbp_total_topic_count":0,"_bbp_total_reply_count":0,"_bbp_voice_count":0,"_bbp_anonymous_reply_count":0,"_bbp_topic_count_hidden":0,"_bbp_reply_count_hidden":0,"_bbp_forum_subforum_count":0,"footnotes":""},"class_list":["post-16859","page","type-page","status-publish","hentry"],"acf":[],"yoast_head":"<!-- This site is optimized with the Yoast SEO plugin v27.5 - https:\/\/yoast.com\/product\/yoast-seo-wordpress\/ -->\n<title>Stadt F\u00fcrth - Malik Management<\/title>\n<meta name=\"robots\" content=\"index, follow, max-snippet:-1, max-image-preview:large, max-video-preview:-1\" \/>\n<link rel=\"canonical\" href=\"https:\/\/www.malik-management.com\/de\/malik-loesungen\/loesungen-fuer-den-oeffentlichen-bereich\/stadt-und-regionalentwicklung\/stadt-fuerth\/\" \/>\n<meta property=\"og:locale\" content=\"de_DE\" \/>\n<meta property=\"og:type\" content=\"article\" \/>\n<meta property=\"og:title\" content=\"Stadt F\u00fcrth - Malik Management\" \/>\n<meta property=\"og:url\" content=\"https:\/\/www.malik-management.com\/de\/malik-loesungen\/loesungen-fuer-den-oeffentlichen-bereich\/stadt-und-regionalentwicklung\/stadt-fuerth\/\" \/>\n<meta property=\"og:site_name\" content=\"Malik Management\" \/>\n<meta property=\"article:modified_time\" content=\"2017-09-13T05:52:50+00:00\" \/>\n<meta property=\"og:image\" content=\"https:\/\/www.malik-management.com\/wp-content\/uploads\/2017\/09\/malik-dr.ammon-fuerth.jpg\" \/>\n<meta name=\"twitter:card\" content=\"summary_large_image\" \/>\n<meta name=\"twitter:label1\" content=\"Gesch\u00e4tzte Lesezeit\" \/>\n\t<meta name=\"twitter:data1\" content=\"5\u00a0Minuten\" \/>\n<script type=\"application\/ld+json\" class=\"yoast-schema-graph\">{\"@context\":\"https:\\\/\\\/schema.org\",\"@graph\":[{\"@type\":\"WebPage\",\"@id\":\"https:\\\/\\\/www.malik-management.com\\\/de\\\/malik-loesungen\\\/loesungen-fuer-den-oeffentlichen-bereich\\\/stadt-und-regionalentwicklung\\\/stadt-fuerth\\\/\",\"url\":\"https:\\\/\\\/www.malik-management.com\\\/de\\\/malik-loesungen\\\/loesungen-fuer-den-oeffentlichen-bereich\\\/stadt-und-regionalentwicklung\\\/stadt-fuerth\\\/\",\"name\":\"Stadt F\u00fcrth - Malik Management\",\"isPartOf\":{\"@id\":\"https:\\\/\\\/www.malik-management.com\\\/de\\\/#website\"},\"primaryImageOfPage\":{\"@id\":\"https:\\\/\\\/www.malik-management.com\\\/de\\\/malik-loesungen\\\/loesungen-fuer-den-oeffentlichen-bereich\\\/stadt-und-regionalentwicklung\\\/stadt-fuerth\\\/#primaryimage\"},\"image\":{\"@id\":\"https:\\\/\\\/www.malik-management.com\\\/de\\\/malik-loesungen\\\/loesungen-fuer-den-oeffentlichen-bereich\\\/stadt-und-regionalentwicklung\\\/stadt-fuerth\\\/#primaryimage\"},\"thumbnailUrl\":\"https:\\\/\\\/www.malik-management.com\\\/wp-content\\\/uploads\\\/2017\\\/09\\\/malik-dr.ammon-fuerth.jpg\",\"datePublished\":\"2017-09-06T04:34:03+00:00\",\"dateModified\":\"2017-09-13T05:52:50+00:00\",\"breadcrumb\":{\"@id\":\"https:\\\/\\\/www.malik-management.com\\\/de\\\/malik-loesungen\\\/loesungen-fuer-den-oeffentlichen-bereich\\\/stadt-und-regionalentwicklung\\\/stadt-fuerth\\\/#breadcrumb\"},\"inLanguage\":\"de\",\"potentialAction\":[{\"@type\":\"ReadAction\",\"target\":[\"https:\\\/\\\/www.malik-management.com\\\/de\\\/malik-loesungen\\\/loesungen-fuer-den-oeffentlichen-bereich\\\/stadt-und-regionalentwicklung\\\/stadt-fuerth\\\/\"]}]},{\"@type\":\"ImageObject\",\"inLanguage\":\"de\",\"@id\":\"https:\\\/\\\/www.malik-management.com\\\/de\\\/malik-loesungen\\\/loesungen-fuer-den-oeffentlichen-bereich\\\/stadt-und-regionalentwicklung\\\/stadt-fuerth\\\/#primaryimage\",\"url\":\"https:\\\/\\\/www.malik-management.com\\\/wp-content\\\/uploads\\\/2017\\\/09\\\/malik-dr.ammon-fuerth.jpg\",\"contentUrl\":\"https:\\\/\\\/www.malik-management.com\\\/wp-content\\\/uploads\\\/2017\\\/09\\\/malik-dr.ammon-fuerth.jpg\"},{\"@type\":\"BreadcrumbList\",\"@id\":\"https:\\\/\\\/www.malik-management.com\\\/de\\\/malik-loesungen\\\/loesungen-fuer-den-oeffentlichen-bereich\\\/stadt-und-regionalentwicklung\\\/stadt-fuerth\\\/#breadcrumb\",\"itemListElement\":[{\"@type\":\"ListItem\",\"position\":1,\"name\":\"Home\",\"item\":\"https:\\\/\\\/www.malik-management.com\\\/de\\\/\"},{\"@type\":\"ListItem\",\"position\":2,\"name\":\"Malik L\u00f6sungen\",\"item\":\"https:\\\/\\\/www.malik-management.com\\\/de\\\/malik-loesungen\\\/\"},{\"@type\":\"ListItem\",\"position\":3,\"name\":\"L\u00f6sungen f\u00fcr den \u00f6ffentlichen Bereich\",\"item\":\"https:\\\/\\\/www.malik-management.com\\\/de\\\/malik-loesungen\\\/loesungen-fuer-den-oeffentlichen-bereich\\\/\"},{\"@type\":\"ListItem\",\"position\":4,\"name\":\"Stadt- und Regionalentwicklung\",\"item\":\"https:\\\/\\\/www.malik-management.com\\\/de\\\/malik-loesungen\\\/loesungen-fuer-den-oeffentlichen-bereich\\\/stadt-und-regionalentwicklung\\\/\"},{\"@type\":\"ListItem\",\"position\":5,\"name\":\"Stadt F\u00fcrth\"}]},{\"@type\":\"WebSite\",\"@id\":\"https:\\\/\\\/www.malik-management.com\\\/de\\\/#website\",\"url\":\"https:\\\/\\\/www.malik-management.com\\\/de\\\/\",\"name\":\"Malik Management\",\"description\":\"Beyond conventional management\",\"publisher\":{\"@id\":\"https:\\\/\\\/www.malik-management.com\\\/de\\\/#organization\"},\"potentialAction\":[{\"@type\":\"SearchAction\",\"target\":{\"@type\":\"EntryPoint\",\"urlTemplate\":\"https:\\\/\\\/www.malik-management.com\\\/de\\\/?s={search_term_string}\"},\"query-input\":{\"@type\":\"PropertyValueSpecification\",\"valueRequired\":true,\"valueName\":\"search_term_string\"}}],\"inLanguage\":\"de\"},{\"@type\":\"Organization\",\"@id\":\"https:\\\/\\\/www.malik-management.com\\\/de\\\/#organization\",\"name\":\"malik international AG\",\"url\":\"https:\\\/\\\/www.malik-management.com\\\/de\\\/\",\"logo\":{\"@type\":\"ImageObject\",\"inLanguage\":\"de\",\"@id\":\"https:\\\/\\\/www.malik-management.com\\\/de\\\/#\\\/schema\\\/logo\\\/image\\\/\",\"url\":\"https:\\\/\\\/www.malik-management.com\\\/wp-content\\\/uploads\\\/2018\\\/09\\\/Logo_malik_weiss-klein3.png\",\"contentUrl\":\"https:\\\/\\\/www.malik-management.com\\\/wp-content\\\/uploads\\\/2018\\\/09\\\/Logo_malik_weiss-klein3.png\",\"width\":140,\"height\":41,\"caption\":\"malik international AG\"},\"image\":{\"@id\":\"https:\\\/\\\/www.malik-management.com\\\/de\\\/#\\\/schema\\\/logo\\\/image\\\/\"},\"sameAs\":[\"https:\\\/\\\/www.linkedin.com\\\/company\\\/30160\",\"https:\\\/\\\/www.youtube.com\\\/user\\\/malikmanagement\"]}]}<\/script>\n<!-- \/ Yoast SEO plugin. -->","yoast_head_json":{"title":"Stadt F\u00fcrth - Malik Management","robots":{"index":"index","follow":"follow","max-snippet":"max-snippet:-1","max-image-preview":"max-image-preview:large","max-video-preview":"max-video-preview:-1"},"canonical":"https:\/\/www.malik-management.com\/de\/malik-loesungen\/loesungen-fuer-den-oeffentlichen-bereich\/stadt-und-regionalentwicklung\/stadt-fuerth\/","og_locale":"de_DE","og_type":"article","og_title":"Stadt F\u00fcrth - Malik Management","og_url":"https:\/\/www.malik-management.com\/de\/malik-loesungen\/loesungen-fuer-den-oeffentlichen-bereich\/stadt-und-regionalentwicklung\/stadt-fuerth\/","og_site_name":"Malik Management","article_modified_time":"2017-09-13T05:52:50+00:00","og_image":[{"url":"https:\/\/www.malik-management.com\/wp-content\/uploads\/2017\/09\/malik-dr.ammon-fuerth.jpg","type":"","width":"","height":""}],"twitter_card":"summary_large_image","twitter_misc":{"Gesch\u00e4tzte Lesezeit":"5\u00a0Minuten"},"schema":{"@context":"https:\/\/schema.org","@graph":[{"@type":"WebPage","@id":"https:\/\/www.malik-management.com\/de\/malik-loesungen\/loesungen-fuer-den-oeffentlichen-bereich\/stadt-und-regionalentwicklung\/stadt-fuerth\/","url":"https:\/\/www.malik-management.com\/de\/malik-loesungen\/loesungen-fuer-den-oeffentlichen-bereich\/stadt-und-regionalentwicklung\/stadt-fuerth\/","name":"Stadt F\u00fcrth - Malik Management","isPartOf":{"@id":"https:\/\/www.malik-management.com\/de\/#website"},"primaryImageOfPage":{"@id":"https:\/\/www.malik-management.com\/de\/malik-loesungen\/loesungen-fuer-den-oeffentlichen-bereich\/stadt-und-regionalentwicklung\/stadt-fuerth\/#primaryimage"},"image":{"@id":"https:\/\/www.malik-management.com\/de\/malik-loesungen\/loesungen-fuer-den-oeffentlichen-bereich\/stadt-und-regionalentwicklung\/stadt-fuerth\/#primaryimage"},"thumbnailUrl":"https:\/\/www.malik-management.com\/wp-content\/uploads\/2017\/09\/malik-dr.ammon-fuerth.jpg","datePublished":"2017-09-06T04:34:03+00:00","dateModified":"2017-09-13T05:52:50+00:00","breadcrumb":{"@id":"https:\/\/www.malik-management.com\/de\/malik-loesungen\/loesungen-fuer-den-oeffentlichen-bereich\/stadt-und-regionalentwicklung\/stadt-fuerth\/#breadcrumb"},"inLanguage":"de","potentialAction":[{"@type":"ReadAction","target":["https:\/\/www.malik-management.com\/de\/malik-loesungen\/loesungen-fuer-den-oeffentlichen-bereich\/stadt-und-regionalentwicklung\/stadt-fuerth\/"]}]},{"@type":"ImageObject","inLanguage":"de","@id":"https:\/\/www.malik-management.com\/de\/malik-loesungen\/loesungen-fuer-den-oeffentlichen-bereich\/stadt-und-regionalentwicklung\/stadt-fuerth\/#primaryimage","url":"https:\/\/www.malik-management.com\/wp-content\/uploads\/2017\/09\/malik-dr.ammon-fuerth.jpg","contentUrl":"https:\/\/www.malik-management.com\/wp-content\/uploads\/2017\/09\/malik-dr.ammon-fuerth.jpg"},{"@type":"BreadcrumbList","@id":"https:\/\/www.malik-management.com\/de\/malik-loesungen\/loesungen-fuer-den-oeffentlichen-bereich\/stadt-und-regionalentwicklung\/stadt-fuerth\/#breadcrumb","itemListElement":[{"@type":"ListItem","position":1,"name":"Home","item":"https:\/\/www.malik-management.com\/de\/"},{"@type":"ListItem","position":2,"name":"Malik L\u00f6sungen","item":"https:\/\/www.malik-management.com\/de\/malik-loesungen\/"},{"@type":"ListItem","position":3,"name":"L\u00f6sungen f\u00fcr den \u00f6ffentlichen Bereich","item":"https:\/\/www.malik-management.com\/de\/malik-loesungen\/loesungen-fuer-den-oeffentlichen-bereich\/"},{"@type":"ListItem","position":4,"name":"Stadt- und Regionalentwicklung","item":"https:\/\/www.malik-management.com\/de\/malik-loesungen\/loesungen-fuer-den-oeffentlichen-bereich\/stadt-und-regionalentwicklung\/"},{"@type":"ListItem","position":5,"name":"Stadt F\u00fcrth"}]},{"@type":"WebSite","@id":"https:\/\/www.malik-management.com\/de\/#website","url":"https:\/\/www.malik-management.com\/de\/","name":"Malik Management","description":"Beyond conventional management","publisher":{"@id":"https:\/\/www.malik-management.com\/de\/#organization"},"potentialAction":[{"@type":"SearchAction","target":{"@type":"EntryPoint","urlTemplate":"https:\/\/www.malik-management.com\/de\/?s={search_term_string}"},"query-input":{"@type":"PropertyValueSpecification","valueRequired":true,"valueName":"search_term_string"}}],"inLanguage":"de"},{"@type":"Organization","@id":"https:\/\/www.malik-management.com\/de\/#organization","name":"malik international AG","url":"https:\/\/www.malik-management.com\/de\/","logo":{"@type":"ImageObject","inLanguage":"de","@id":"https:\/\/www.malik-management.com\/de\/#\/schema\/logo\/image\/","url":"https:\/\/www.malik-management.com\/wp-content\/uploads\/2018\/09\/Logo_malik_weiss-klein3.png","contentUrl":"https:\/\/www.malik-management.com\/wp-content\/uploads\/2018\/09\/Logo_malik_weiss-klein3.png","width":140,"height":41,"caption":"malik international AG"},"image":{"@id":"https:\/\/www.malik-management.com\/de\/#\/schema\/logo\/image\/"},"sameAs":["https:\/\/www.linkedin.com\/company\/30160","https:\/\/www.youtube.com\/user\/malikmanagement"]}]}},"_links":{"self":[{"href":"https:\/\/www.malik-management.com\/de\/wp-json\/wp\/v2\/pages\/16859","targetHints":{"allow":["GET"]}}],"collection":[{"href":"https:\/\/www.malik-management.com\/de\/wp-json\/wp\/v2\/pages"}],"about":[{"href":"https:\/\/www.malik-management.com\/de\/wp-json\/wp\/v2\/types\/page"}],"author":[{"embeddable":true,"href":"https:\/\/www.malik-management.com\/de\/wp-json\/wp\/v2\/users\/17"}],"replies":[{"embeddable":true,"href":"https:\/\/www.malik-management.com\/de\/wp-json\/wp\/v2\/comments?post=16859"}],"version-history":[{"count":7,"href":"https:\/\/www.malik-management.com\/de\/wp-json\/wp\/v2\/pages\/16859\/revisions"}],"predecessor-version":[{"id":18339,"href":"https:\/\/www.malik-management.com\/de\/wp-json\/wp\/v2\/pages\/16859\/revisions\/18339"}],"up":[{"embeddable":true,"href":"https:\/\/www.malik-management.com\/de\/wp-json\/wp\/v2\/pages\/16834"}],"wp:attachment":[{"href":"https:\/\/www.malik-management.com\/de\/wp-json\/wp\/v2\/media?parent=16859"}],"curies":[{"name":"wp","href":"https:\/\/api.w.org\/{rel}","templated":true}]}}