{"id":16895,"date":"2017-09-06T05:16:09","date_gmt":"2017-09-06T05:16:09","guid":{"rendered":"https:\/\/www.malik.management\/city-of-gossau\/"},"modified":"2017-09-13T05:55:06","modified_gmt":"2017-09-13T05:55:06","slug":"stadt-gossau","status":"publish","type":"page","link":"https:\/\/www.malik-management.com\/de\/malik-loesungen\/loesungen-fuer-den-oeffentlichen-bereich\/stadt-und-regionalentwicklung\/stadt-gossau\/","title":{"rendered":"Stadt Gossau"},"content":{"rendered":"<div class=\"fusion-fullwidth fullwidth-box fusion-builder-row-1 malik_solutions_main nonhundred-percent-fullwidth non-hundred-percent-height-scrolling\" style=\"--awb-border-radius-top-left:0px;--awb-border-radius-top-right:0px;--awb-border-radius-bottom-right:0px;--awb-border-radius-bottom-left:0px;--awb-padding-top:30px;--awb-padding-bottom:30px;--awb-flex-wrap:wrap;\" ><div class=\"fusion-builder-row fusion-row\"><div class=\"fusion-layout-column fusion_builder_column fusion-builder-column-0 fusion_builder_column_3_4 3_4 fusion-three-fourth fusion-column-first fusion-animated\" style=\"--awb-bg-size:cover;width:75%;width:calc(75% - ( ( 4% ) * 0.75 ) );margin-right: 4%;\" data-animationType=\"fadeInUp\" data-animationDuration=\"1.0\" data-animationOffset=\"top-into-view\"><div class=\"fusion-column-wrapper fusion-flex-column-wrapper-legacy\"><div class=\"fusion-text fusion-text-1\"><div id=\"content-center\">\n<h2>Malik Syntegration\u00ae Stadt Gossau: Finanzielle Entlastung und Turnaround<\/h2>\n<div class=\"block_element01\">\n<h3>In 2.5 Tagen Voraussetzungen zur finanziellen Gesundung geschaffen<\/h3>\n<p>Mit der Malik Syntegration<sup>\u00ae<\/sup> erarbeitete die Stadt Gossau entscheidende Handlungsfelder und Massnahmen zur Entlastung des Stadthaushalts und zur Effizienzsteigerung der Verwaltung. Dabei befasste sie sich mit ihrer gr\u00f6ssten Herausforderung:<\/p>\n<p>&#8222;<em>Was m\u00fcssen wir tun, um den Haushalt der Stadt gegen\u00fcber heute um j\u00e4hrlich 9 Mio. Schweizer Franken (CHF) und jenen der Stadtwerke um j\u00e4hrlich 2.5 Mio. CHF dauerhaft zu entlasten und dennoch das Funktionieren der Stadt sicherzustellen und die Lebensqualit\u00e4t zu erhalten?<\/em>&#8220;<\/p>\n<p><strong>Die Ergebnisse im \u00dcberblick:<\/strong><br \/>\n<span style=\"color: #ff0000;\"><strong>\u203a<\/strong><\/span> Ziel war das Identifizieren von Entlastungspotenzialen in H\u00f6he von 11.5 Mio. CHF. Dies entspricht 16% des j\u00e4hrlichen Kernaufwands der Stadt von 72 Mio CHF. In nur 2.5 Tagen wurden Handlungsfelder und Massnahmen im Umfang von 12 Mio. CHF identifiziert. Das gesteckte Ziel wurde somit zu 100% erreicht.<br \/>\n<span style=\"color: #ff0000;\"><strong>\u203a<\/strong><\/span> 60% dieses erreichten Gesamtergebnisses von 12 Mio. CHF sind kurzfristig wirksam und von mittlerer bis hoher politischer Akzeptanz.<br \/>\n<span style=\"color: #ff0000;\"><strong>\u203a<\/strong><\/span> Die zentralen Stellhebel wurden identifiziert, um die Funktionsf\u00e4higkeit der Stadtverwaltung zu st\u00e4rken und die Attraktivit\u00e4t der Stadt zu bewahren. Der Turnaround f\u00fcr eine positive Entwicklung wurde eingeleitet.<br \/>\n<span style=\"color: #ff0000;\"><strong>\u203a<\/strong><\/span> Erkenntnis, dass die Stadtverwaltung ein einheitliches, durchg\u00e4ngig kompatibles &#8222;Management-Betriebssystem&#8220; ben\u00f6tigt. Dies wird die Umsetzung massgeblich unterst\u00fctzen.<br \/>\n<span style=\"color: #ff0000;\"><strong>\u203a <\/strong><\/span>Mit dem Verfahren der Malik Syntegration entstand erstmals eine konstruktive, departements\u00fcbergreifende Kooperation f\u00fcr die Konsolidierung des Stadthaushalts und f\u00fcr die Zukunft der Stadt Gossau.<br \/>\n<span style=\"color: #ff0000;\"><strong>\u203a <\/strong><\/span><a href=\"https:\/\/www.malik-management.com\/wp-content\/uploads\/2017\/09\/malik-supersyntegration-stadt-gossau.pdf\" target=\"_blank\" rel=\"noopener\">Mehr zur Syntegration in Gossau<\/a><\/p>\n<p style=\"text-align: right;\"><em>&#8222;Wir sind in \u00fcberraschend kurzer Zeit zu \u00fcberzeugenden<\/em><br \/>\n<em>Handlungsempfehlungen gekommen. Die Geschwindigkeit<\/em><br \/>\n<em>ist wichtig, <\/em><em>weil ansonsten die Energie erlahmt.<\/em><em> Wir haben <\/em><br \/>\n<em>jetzt den Willen, die erarbeiteten Massnahmen umzusetzen.&#8220;<\/em><br \/>\n<strong>Alex Br\u00fchwiler, Stadtpr\u00e4sident Stadt Gossau<\/strong><\/p>\n<p>Die <a href=\"https:\/\/www.malik-management.com\/de\/malik-loesungen\/malik-tools-and-methods\/malik-syntegration\/\">Malik Syntegrationsmethode<\/a> ist die weltweit innovativste und wirksamste Sozialtechnologie f\u00fcr das kontrollierte Meistern des tiefgreifenden, schnellen und ganzheitlichen Wandels in allen Organisationsarten. Verglichen mit herk\u00f6mmlichen Methoden bew\u00e4ltigen die Schl\u00fcsselpersonen aller Organisationen mit den Syntegrationsmethoden selbst ihre gr\u00f6ssten Herausforderungen mit 90% Zeitersparnis.<\/p>\n<p>Die Syntegration produziert optimale innovative L\u00f6sungen. Sie schafft maximalen Sozialkonsens durch gleichberechtigte Partizipation aller Personen, die f\u00fcr die L\u00f6sungen n\u00f6tig sind. Das Finden von L\u00f6sungen und deren Umsetzung wird durch die Syntegration gegen\u00fcber herk\u00f6mmlichen Methoden um ein Vielfaches beschleunigt. Die L\u00f6sungskraft der Organisationsf\u00fchrung wird entscheidend verst\u00e4rkt.<\/p>\n<\/div>\n<\/div>\n<\/div><div class=\"fusion-clearfix\"><\/div><\/div><\/div><div class=\"fusion-layout-column fusion_builder_column fusion-builder-column-1 fusion_builder_column_1_4 1_4 fusion-one-fourth fusion-column-last malik_solutions_main_right fusion-animated\" style=\"--awb-bg-size:cover;width:25%;width:calc(25% - ( ( 4% ) * 0.25 ) );\" data-animationType=\"fadeInRight\" data-animationDuration=\"1.0\" data-animationOffset=\"top-into-view\"><div class=\"fusion-column-wrapper fusion-flex-column-wrapper-legacy\"><div class=\"fusion-text fusion-text-2\"><div class=\"rightside_links_panel\">\n<h4>Mehr zur Syntegration in Gossau<\/h4>\n<ul>\n<li><a class=\"pimcore_icon_pdf\" href=\"https:\/\/www.malik-management.com\/wp-content\/uploads\/2017\/09\/malik-supersyntegration-stadt-gossau.pdf\" target=\"_blank\">Das Beispiel Gossau im Detail<\/a><\/li>\n<\/ul>\n<\/div>\n<\/div><div class=\"fusion-clearfix\"><\/div><\/div><\/div><\/div><\/div>\n","protected":false},"excerpt":{"rendered":"","protected":false},"author":17,"featured_media":0,"parent":16834,"menu_order":0,"comment_status":"closed","ping_status":"closed","template":"side-navigation.php","meta":{"_acf_changed":false,"_bbp_topic_count":0,"_bbp_reply_count":0,"_bbp_total_topic_count":0,"_bbp_total_reply_count":0,"_bbp_voice_count":0,"_bbp_anonymous_reply_count":0,"_bbp_topic_count_hidden":0,"_bbp_reply_count_hidden":0,"_bbp_forum_subforum_count":0,"footnotes":""},"class_list":["post-16895","page","type-page","status-publish","hentry"],"acf":[],"yoast_head":"<!-- This site is optimized with the Yoast SEO plugin v26.4 - https:\/\/yoast.com\/wordpress\/plugins\/seo\/ -->\n<title>Stadt Gossau - Malik Management<\/title>\n<meta name=\"robots\" content=\"index, follow, max-snippet:-1, max-image-preview:large, max-video-preview:-1\" \/>\n<link rel=\"canonical\" href=\"https:\/\/www.malik-management.com\/de\/malik-loesungen\/loesungen-fuer-den-oeffentlichen-bereich\/stadt-und-regionalentwicklung\/stadt-gossau\/\" \/>\n<meta property=\"og:locale\" content=\"de_DE\" \/>\n<meta property=\"og:type\" content=\"article\" \/>\n<meta property=\"og:title\" content=\"Stadt Gossau - Malik Management\" \/>\n<meta property=\"og:url\" content=\"https:\/\/www.malik-management.com\/de\/malik-loesungen\/loesungen-fuer-den-oeffentlichen-bereich\/stadt-und-regionalentwicklung\/stadt-gossau\/\" \/>\n<meta property=\"og:site_name\" content=\"Malik Management\" \/>\n<meta property=\"article:modified_time\" content=\"2017-09-13T05:55:06+00:00\" \/>\n<meta name=\"twitter:card\" content=\"summary_large_image\" \/>\n<meta name=\"twitter:label1\" content=\"Gesch\u00e4tzte Lesezeit\" \/>\n\t<meta name=\"twitter:data1\" content=\"3\u00a0Minuten\" \/>\n<script type=\"application\/ld+json\" class=\"yoast-schema-graph\">{\"@context\":\"https:\/\/schema.org\",\"@graph\":[{\"@type\":\"WebPage\",\"@id\":\"https:\/\/www.malik-management.com\/de\/malik-loesungen\/loesungen-fuer-den-oeffentlichen-bereich\/stadt-und-regionalentwicklung\/stadt-gossau\/\",\"url\":\"https:\/\/www.malik-management.com\/de\/malik-loesungen\/loesungen-fuer-den-oeffentlichen-bereich\/stadt-und-regionalentwicklung\/stadt-gossau\/\",\"name\":\"Stadt Gossau - Malik Management\",\"isPartOf\":{\"@id\":\"https:\/\/www.malik-management.com\/de\/#website\"},\"datePublished\":\"2017-09-06T05:16:09+00:00\",\"dateModified\":\"2017-09-13T05:55:06+00:00\",\"breadcrumb\":{\"@id\":\"https:\/\/www.malik-management.com\/de\/malik-loesungen\/loesungen-fuer-den-oeffentlichen-bereich\/stadt-und-regionalentwicklung\/stadt-gossau\/#breadcrumb\"},\"inLanguage\":\"de\",\"potentialAction\":[{\"@type\":\"ReadAction\",\"target\":[\"https:\/\/www.malik-management.com\/de\/malik-loesungen\/loesungen-fuer-den-oeffentlichen-bereich\/stadt-und-regionalentwicklung\/stadt-gossau\/\"]}]},{\"@type\":\"BreadcrumbList\",\"@id\":\"https:\/\/www.malik-management.com\/de\/malik-loesungen\/loesungen-fuer-den-oeffentlichen-bereich\/stadt-und-regionalentwicklung\/stadt-gossau\/#breadcrumb\",\"itemListElement\":[{\"@type\":\"ListItem\",\"position\":1,\"name\":\"Home\",\"item\":\"https:\/\/www.malik-management.com\/de\/\"},{\"@type\":\"ListItem\",\"position\":2,\"name\":\"Malik L\u00f6sungen\",\"item\":\"https:\/\/www.malik-management.com\/de\/malik-loesungen\/\"},{\"@type\":\"ListItem\",\"position\":3,\"name\":\"L\u00f6sungen f\u00fcr den \u00f6ffentlichen Bereich\",\"item\":\"https:\/\/www.malik-management.com\/de\/malik-loesungen\/loesungen-fuer-den-oeffentlichen-bereich\/\"},{\"@type\":\"ListItem\",\"position\":4,\"name\":\"Stadt- und Regionalentwicklung\",\"item\":\"https:\/\/www.malik-management.com\/de\/malik-loesungen\/loesungen-fuer-den-oeffentlichen-bereich\/stadt-und-regionalentwicklung\/\"},{\"@type\":\"ListItem\",\"position\":5,\"name\":\"Stadt Gossau\"}]},{\"@type\":\"WebSite\",\"@id\":\"https:\/\/www.malik-management.com\/de\/#website\",\"url\":\"https:\/\/www.malik-management.com\/de\/\",\"name\":\"Malik Management\",\"description\":\"Beyond conventional management\",\"publisher\":{\"@id\":\"https:\/\/www.malik-management.com\/de\/#organization\"},\"potentialAction\":[{\"@type\":\"SearchAction\",\"target\":{\"@type\":\"EntryPoint\",\"urlTemplate\":\"https:\/\/www.malik-management.com\/de\/?s={search_term_string}\"},\"query-input\":{\"@type\":\"PropertyValueSpecification\",\"valueRequired\":true,\"valueName\":\"search_term_string\"}}],\"inLanguage\":\"de\"},{\"@type\":\"Organization\",\"@id\":\"https:\/\/www.malik-management.com\/de\/#organization\",\"name\":\"malik international AG\",\"url\":\"https:\/\/www.malik-management.com\/de\/\",\"logo\":{\"@type\":\"ImageObject\",\"inLanguage\":\"de\",\"@id\":\"https:\/\/www.malik-management.com\/de\/#\/schema\/logo\/image\/\",\"url\":\"https:\/\/www.malik-management.com\/wp-content\/uploads\/2018\/09\/Logo_malik_weiss-klein3.png\",\"contentUrl\":\"https:\/\/www.malik-management.com\/wp-content\/uploads\/2018\/09\/Logo_malik_weiss-klein3.png\",\"width\":140,\"height\":41,\"caption\":\"malik international AG\"},\"image\":{\"@id\":\"https:\/\/www.malik-management.com\/de\/#\/schema\/logo\/image\/\"},\"sameAs\":[\"https:\/\/www.linkedin.com\/company\/30160\",\"https:\/\/www.youtube.com\/user\/malikmanagement\"]}]}<\/script>\n<!-- \/ Yoast SEO plugin. -->","yoast_head_json":{"title":"Stadt Gossau - Malik Management","robots":{"index":"index","follow":"follow","max-snippet":"max-snippet:-1","max-image-preview":"max-image-preview:large","max-video-preview":"max-video-preview:-1"},"canonical":"https:\/\/www.malik-management.com\/de\/malik-loesungen\/loesungen-fuer-den-oeffentlichen-bereich\/stadt-und-regionalentwicklung\/stadt-gossau\/","og_locale":"de_DE","og_type":"article","og_title":"Stadt Gossau - Malik Management","og_url":"https:\/\/www.malik-management.com\/de\/malik-loesungen\/loesungen-fuer-den-oeffentlichen-bereich\/stadt-und-regionalentwicklung\/stadt-gossau\/","og_site_name":"Malik Management","article_modified_time":"2017-09-13T05:55:06+00:00","twitter_card":"summary_large_image","twitter_misc":{"Gesch\u00e4tzte Lesezeit":"3\u00a0Minuten"},"schema":{"@context":"https:\/\/schema.org","@graph":[{"@type":"WebPage","@id":"https:\/\/www.malik-management.com\/de\/malik-loesungen\/loesungen-fuer-den-oeffentlichen-bereich\/stadt-und-regionalentwicklung\/stadt-gossau\/","url":"https:\/\/www.malik-management.com\/de\/malik-loesungen\/loesungen-fuer-den-oeffentlichen-bereich\/stadt-und-regionalentwicklung\/stadt-gossau\/","name":"Stadt Gossau - Malik Management","isPartOf":{"@id":"https:\/\/www.malik-management.com\/de\/#website"},"datePublished":"2017-09-06T05:16:09+00:00","dateModified":"2017-09-13T05:55:06+00:00","breadcrumb":{"@id":"https:\/\/www.malik-management.com\/de\/malik-loesungen\/loesungen-fuer-den-oeffentlichen-bereich\/stadt-und-regionalentwicklung\/stadt-gossau\/#breadcrumb"},"inLanguage":"de","potentialAction":[{"@type":"ReadAction","target":["https:\/\/www.malik-management.com\/de\/malik-loesungen\/loesungen-fuer-den-oeffentlichen-bereich\/stadt-und-regionalentwicklung\/stadt-gossau\/"]}]},{"@type":"BreadcrumbList","@id":"https:\/\/www.malik-management.com\/de\/malik-loesungen\/loesungen-fuer-den-oeffentlichen-bereich\/stadt-und-regionalentwicklung\/stadt-gossau\/#breadcrumb","itemListElement":[{"@type":"ListItem","position":1,"name":"Home","item":"https:\/\/www.malik-management.com\/de\/"},{"@type":"ListItem","position":2,"name":"Malik L\u00f6sungen","item":"https:\/\/www.malik-management.com\/de\/malik-loesungen\/"},{"@type":"ListItem","position":3,"name":"L\u00f6sungen f\u00fcr den \u00f6ffentlichen Bereich","item":"https:\/\/www.malik-management.com\/de\/malik-loesungen\/loesungen-fuer-den-oeffentlichen-bereich\/"},{"@type":"ListItem","position":4,"name":"Stadt- und Regionalentwicklung","item":"https:\/\/www.malik-management.com\/de\/malik-loesungen\/loesungen-fuer-den-oeffentlichen-bereich\/stadt-und-regionalentwicklung\/"},{"@type":"ListItem","position":5,"name":"Stadt Gossau"}]},{"@type":"WebSite","@id":"https:\/\/www.malik-management.com\/de\/#website","url":"https:\/\/www.malik-management.com\/de\/","name":"Malik Management","description":"Beyond conventional management","publisher":{"@id":"https:\/\/www.malik-management.com\/de\/#organization"},"potentialAction":[{"@type":"SearchAction","target":{"@type":"EntryPoint","urlTemplate":"https:\/\/www.malik-management.com\/de\/?s={search_term_string}"},"query-input":{"@type":"PropertyValueSpecification","valueRequired":true,"valueName":"search_term_string"}}],"inLanguage":"de"},{"@type":"Organization","@id":"https:\/\/www.malik-management.com\/de\/#organization","name":"malik international AG","url":"https:\/\/www.malik-management.com\/de\/","logo":{"@type":"ImageObject","inLanguage":"de","@id":"https:\/\/www.malik-management.com\/de\/#\/schema\/logo\/image\/","url":"https:\/\/www.malik-management.com\/wp-content\/uploads\/2018\/09\/Logo_malik_weiss-klein3.png","contentUrl":"https:\/\/www.malik-management.com\/wp-content\/uploads\/2018\/09\/Logo_malik_weiss-klein3.png","width":140,"height":41,"caption":"malik international AG"},"image":{"@id":"https:\/\/www.malik-management.com\/de\/#\/schema\/logo\/image\/"},"sameAs":["https:\/\/www.linkedin.com\/company\/30160","https:\/\/www.youtube.com\/user\/malikmanagement"]}]}},"_links":{"self":[{"href":"https:\/\/www.malik-management.com\/de\/wp-json\/wp\/v2\/pages\/16895","targetHints":{"allow":["GET"]}}],"collection":[{"href":"https:\/\/www.malik-management.com\/de\/wp-json\/wp\/v2\/pages"}],"about":[{"href":"https:\/\/www.malik-management.com\/de\/wp-json\/wp\/v2\/types\/page"}],"author":[{"embeddable":true,"href":"https:\/\/www.malik-management.com\/de\/wp-json\/wp\/v2\/users\/17"}],"replies":[{"embeddable":true,"href":"https:\/\/www.malik-management.com\/de\/wp-json\/wp\/v2\/comments?post=16895"}],"version-history":[{"count":4,"href":"https:\/\/www.malik-management.com\/de\/wp-json\/wp\/v2\/pages\/16895\/revisions"}],"predecessor-version":[{"id":18341,"href":"https:\/\/www.malik-management.com\/de\/wp-json\/wp\/v2\/pages\/16895\/revisions\/18341"}],"up":[{"embeddable":true,"href":"https:\/\/www.malik-management.com\/de\/wp-json\/wp\/v2\/pages\/16834"}],"wp:attachment":[{"href":"https:\/\/www.malik-management.com\/de\/wp-json\/wp\/v2\/media?parent=16895"}],"curies":[{"name":"wp","href":"https:\/\/api.w.org\/{rel}","templated":true}]}}