{"id":16903,"date":"2017-09-06T05:26:25","date_gmt":"2017-09-06T05:26:25","guid":{"rendered":"https:\/\/www.malik.management\/city-of-zurich\/"},"modified":"2017-09-08T09:27:16","modified_gmt":"2017-09-08T09:27:16","slug":"it-stadt-zuerich","status":"publish","type":"page","link":"https:\/\/www.malik-management.com\/de\/malik-loesungen\/loesungen-fuer-den-oeffentlichen-bereich\/stadt-und-regionalentwicklung\/it-stadt-zuerich\/","title":{"rendered":"IT Stadt Z\u00fcrich"},"content":{"rendered":"<div class=\"fusion-fullwidth fullwidth-box fusion-builder-row-1 malik_solutions_main nonhundred-percent-fullwidth non-hundred-percent-height-scrolling\" style=\"--awb-border-radius-top-left:0px;--awb-border-radius-top-right:0px;--awb-border-radius-bottom-right:0px;--awb-border-radius-bottom-left:0px;--awb-padding-top:30px;--awb-padding-bottom:30px;--awb-flex-wrap:wrap;\" ><div class=\"fusion-builder-row fusion-row\"><div class=\"fusion-layout-column fusion_builder_column fusion-builder-column-0 fusion_builder_column_3_4 3_4 fusion-three-fourth fusion-column-first fusion-animated\" style=\"--awb-bg-size:cover;width:75%;width:calc(75% - ( ( 4% ) * 0.75 ) );margin-right: 4%;\" data-animationType=\"fadeInUp\" data-animationDuration=\"1.0\" data-animationOffset=\"top-into-view\"><div class=\"fusion-column-wrapper fusion-flex-column-wrapper-legacy\"><div class=\"fusion-text fusion-text-1\"><div id=\"content-center\">\n<h2>Stadt Z\u00fcrich: Preisgekr\u00f6nte Gesamtreform der IT-Strategie mit der Malik Syntegrations\u00ae-Methode<\/h2>\n<div class=\"block_element01\">\n<h3>In 3.5 Tagen innovative Strategie zur Gesamtreform der st\u00e4dtischen IT entwickelt<\/h3>\n<p>Mit der revolution\u00e4ren Malik Syntegrations-Methode ist es dem Informatik-Kompetenzzentrum der Stadt Z\u00fcrich im Jahr 2006 gelungen, ein wegen seiner Gr\u00f6sse und Komplexit\u00e4t f\u00fcr unm\u00f6glich gehaltenes Change-Projekte zu initiieren. In nur 3.5 Tagen haben rund 40 Experten der st\u00e4dtischen IT-Abteilung mit externen IT-Beratern, IT-Professoren der Universit\u00e4t Z\u00fcrich und Vertretern der Z\u00fcrcher Politik f\u00fcr die entscheidenden zw\u00f6lf Teilprobleme innovative L\u00f6sungen und umsetzungsreife Massnahmen entwickelt. Damit wurde die umfassendste Gesamtreform der st\u00e4dtischen IT eingeleitet. Dank der durchschlagend effektiven Syntegrations-Tools wurden innerhalb von nur zwei Jahren die 80 Teilprojekte effektiv, zielsicher, schnell und zuverl\u00e4ssig umgesetzt. Vorgehen und Ergebnisse setzten v\u00f6llig neue Massst\u00e4be in der internationalen IT-Landschaft und wurden als Folge dessen vielfach preisgekr\u00f6nt.<\/p>\n<p>Die Schl\u00fcsselfrage f\u00fcr das Syntegrations-Verfahren lautete:<\/p>\n<p><em><strong>&#8222;Wie m\u00fcssen wir die IT der Stadt Z\u00fcrich gestalten, um f\u00fcr unsere internen und externen Kunden den gr\u00f6sstm\u00f6glichen, nachhaltigen Nutzen zu stiften?&#8220;<\/strong><\/em><\/p>\n<p><strong>Ergebnisse im \u00dcberblick:<\/strong><br \/>\n<span style=\"color: #ff0000;\"><strong>\u00bb <\/strong><\/span>Hochkomplexe IT-Erneuerungsprojekte in nur zwei Jahren realisiert<br \/>\n<span style=\"color: #ff0000;\"><strong>\u00bb <\/strong><\/span>Transparenz in Departemente \u00fcbergreifenden IT-Vorhaben erfolgreich gesichert<br \/>\n<span style=\"color: #ff0000;\"><strong>\u00bb <\/strong><\/span>In nur 3.5 Tagen umfassende Strategie zur Gesamtreform der st\u00e4dtischen IT selbst entwickelt<br \/>\n<span style=\"color: #ff0000;\"><strong>\u00bb <\/strong><\/span>Rund 15.000 Arbeitspl\u00e4tze mit standardisierter, radikal neuer Hard- und Software ausgestattet<br \/>\n<span style=\"color: #ff0000;\"><strong>\u00bb <\/strong><\/span>\u00dcberzeugende Reduktion von rund 100 lokalen Betriebszentren auf zwei grosse Rechenzentren<br \/>\n<span style=\"color: #ff0000;\"><strong>\u00bb <\/strong><\/span>Dadurch maximale Erh\u00f6hung von Sicherheit und Effizienz<br \/>\n<span style=\"color: #ff0000;\"><strong>\u00bb <\/strong><\/span>Schl\u00fcsselherausforderungen optimal, schnell und zukunftsweisend gel\u00f6st<br \/>\n<span style=\"color: #ff0000;\"><strong>\u00bb <\/strong><\/span>Vielf\u00e4ltige Bed\u00fcrfnisse und Anspr\u00fcche souver\u00e4n in beschlossene Massnahmen integriert<br \/>\n<span style=\"color: #ff0000;\"><strong>\u00bb <\/strong><\/span>Kritiker und Gegner mit innovativer Sozialtechnologie erfolgreich mit ins Boot geholt<br \/>\n<span style=\"color: #ff0000;\"><strong>\u00bb <\/strong><\/span>Entschlossener Durchhaltewillen statt Resignation, Zuversicht statt Hoffnungslosigkeit<\/p>\n<p><a href=\"https:\/\/www.malik-management.com\/wp-content\/uploads\/2017\/09\/referenzbeispiel-malik-syntegration-it-stadt-zuerich.pdf\" target=\"_blank\" rel=\"noopener\">mehr<\/a><\/p>\n<\/div>\n<\/div>\n<\/div><div class=\"fusion-clearfix\"><\/div><\/div><\/div><div class=\"fusion-layout-column fusion_builder_column fusion-builder-column-1 fusion_builder_column_1_4 1_4 fusion-one-fourth fusion-column-last malik_solutions_main_right fusion-animated\" style=\"--awb-bg-size:cover;width:25%;width:calc(25% - ( ( 4% ) * 0.25 ) );\" data-animationType=\"fadeInRight\" data-animationDuration=\"1.0\" data-animationOffset=\"top-into-view\"><div class=\"fusion-column-wrapper fusion-flex-column-wrapper-legacy\"><div class=\"fusion-text fusion-text-2\"><div class=\"rightside_links_panel\">\n<h4>Mehr zur Syntegration in Z\u00fcrich<\/h4>\n<ul>\n<li><a class=\"pimcore_icon_pdf\" href=\"https:\/\/www.malik-management.com\/wp-content\/uploads\/2017\/09\/referenzbeispiel-malik-syntegration-it-stadt-zuerich.pdf\" target=\"_blank\" rel=\"noopener\">Das Beispiel Z\u00fcrich im Detail<\/a><\/li>\n<\/ul>\n<\/div>\n<\/div><div class=\"fusion-sep-clear\"><\/div><div class=\"fusion-separator fusion-full-width-sep\" style=\"margin-left: auto;margin-right: auto;margin-top:10px;margin-bottom:10px;width:100%;\"><div class=\"fusion-separator-border sep-single sep-solid\" style=\"--awb-height:20px;--awb-amount:20px;--awb-sep-color:#cccccc;border-color:#cccccc;border-top-width:1px;\"><\/div><\/div><div class=\"fusion-sep-clear\"><\/div><div class=\"fusion-text fusion-text-3\"><div class=\"rightside_links_panel\">\n<h4>CIO Agenda 2007: The CIO Beyond<\/h4>\n<ul>\n<li><a class=\"pimcore_icon_pdf\" href=\"https:\/\/www.malik-management.com\/wp-content\/uploads\/2017\/09\/vom-cio-zum-chief-efficiency-officer-computerwoche-42-2006.pdf\" target=\"_blank\" rel=\"noopener\">Vom CIO zum Chief Efficiency Officer, Computerwoche (DE), 42\/2006<\/a><\/li>\n<li><a class=\"pimcore_icon_pdf\" href=\"https:\/\/www.malik-management.com\/wp-content\/uploads\/2017\/09\/auf-die-performance-kommt-es-an-computerwoche-43-2006.pdf\" target=\"_blank\" rel=\"noopener\">Auf die Performance kommt es an, Computerwoche (DE), 43\/2006<\/a><\/li>\n<li><a class=\"pimcore_icon_pdf\" href=\"https:\/\/www.malik-management.com\/wp-content\/uploads\/2017\/09\/zwei-welten-it-und-business-computerwoche-44-2006.pdf\" target=\"_blank\" rel=\"noopener\">Zwei Welten IT und Business Computerwoche, Computerwoche (DE), 44\/2006<\/a><\/li>\n<li><a class=\"pimcore_icon_pdf\" href=\"was-cios-um-den-schlaf-bringt-computerwoche-45-2006\" target=\"_blank\" rel=\"noopener\">Was CIOs um den Schlaf bringt, Computerwoche (DE), 45\/2006<\/a><\/li>\n<\/ul>\n<\/div>\n<\/div><div class=\"fusion-sep-clear\"><\/div><div class=\"fusion-separator fusion-full-width-sep\" style=\"margin-left: auto;margin-right: auto;margin-top:10px;margin-bottom:10px;width:100%;\"><div class=\"fusion-separator-border sep-single sep-solid\" style=\"--awb-height:20px;--awb-amount:20px;--awb-sep-color:#cccccc;border-color:#cccccc;border-top-width:1px;\"><\/div><\/div><div class=\"fusion-sep-clear\"><\/div><div class=\"fusion-text fusion-text-4\"><div class=\"rightside_links_panel\">\n<h4>CIO Agenda 2007: The CIO Beyond<\/h4>\n<ul>\n<li><a class=\"pimcore_icon_pdf\" href=\"https:\/\/www.malik-management.com\/wp-content\/uploads\/2017\/09\/manchmal-fehlt-die-risikobereitschaft-computerwoche-42-2007.pdf\" target=\"_blank\" rel=\"noopener\">Manchmal fehlt die Risikobereitschaft, Computerwoche (DE), 42\/2007<\/a><\/li>\n<li><a class=\"pimcore_icon_pdf\" href=\"https:\/\/www.malik-management.com\/wp-content\/uploads\/2017\/09\/innovation-braucht-ein-solides-fundament-computerwoche-43-2007.pdf\" target=\"_blank\" rel=\"noopener\">Innovation braucht ein solides Fundament, Computerwoche (DE), 43\/2007<\/a><\/li>\n<li><a class=\"pimcore_icon_pdf\" href=\"https:\/\/www.malik-management.com\/wp-content\/uploads\/2017\/09\/wie-die-it-zum-change-agent-wird-computerwoche-44-2007.pdf\" target=\"_blank\" rel=\"noopener\">Wie die IT zum Change Agent wird, Computerwoche (DE), 44\/2007<\/a><\/li>\n<li><a class=\"pimcore_icon_pdf\" href=\"https:\/\/www.malik-management.com\/wp-content\/uploads\/2017\/09\/hinter-dem-wiki-wird-es-dunkel-computerwoche-45-2007.pdf\" target=\"_blank\" rel=\"noopener\">Hinter dem Wiki wird es dunkel, Computerwoche (DE), 45\/2007<\/a><\/li>\n<\/ul>\n<\/div>\n<\/div><div class=\"fusion-clearfix\"><\/div><\/div><\/div><\/div><\/div>\n","protected":false},"excerpt":{"rendered":"","protected":false},"author":17,"featured_media":0,"parent":16834,"menu_order":0,"comment_status":"closed","ping_status":"closed","template":"side-navigation.php","meta":{"_acf_changed":false,"_bbp_topic_count":0,"_bbp_reply_count":0,"_bbp_total_topic_count":0,"_bbp_total_reply_count":0,"_bbp_voice_count":0,"_bbp_anonymous_reply_count":0,"_bbp_topic_count_hidden":0,"_bbp_reply_count_hidden":0,"_bbp_forum_subforum_count":0,"footnotes":""},"class_list":["post-16903","page","type-page","status-publish","hentry"],"acf":[],"yoast_head":"<!-- This site is optimized with the Yoast SEO plugin v26.4 - https:\/\/yoast.com\/wordpress\/plugins\/seo\/ -->\n<title>IT Stadt Z\u00fcrich - Malik Management<\/title>\n<meta name=\"robots\" content=\"index, follow, max-snippet:-1, max-image-preview:large, max-video-preview:-1\" \/>\n<link rel=\"canonical\" href=\"https:\/\/www.malik-management.com\/de\/malik-loesungen\/loesungen-fuer-den-oeffentlichen-bereich\/stadt-und-regionalentwicklung\/it-stadt-zuerich\/\" \/>\n<meta property=\"og:locale\" content=\"de_DE\" \/>\n<meta property=\"og:type\" content=\"article\" \/>\n<meta property=\"og:title\" content=\"IT Stadt Z\u00fcrich - Malik Management\" \/>\n<meta property=\"og:url\" content=\"https:\/\/www.malik-management.com\/de\/malik-loesungen\/loesungen-fuer-den-oeffentlichen-bereich\/stadt-und-regionalentwicklung\/it-stadt-zuerich\/\" \/>\n<meta property=\"og:site_name\" content=\"Malik Management\" \/>\n<meta property=\"article:modified_time\" content=\"2017-09-08T09:27:16+00:00\" \/>\n<meta name=\"twitter:card\" content=\"summary_large_image\" \/>\n<meta name=\"twitter:label1\" content=\"Gesch\u00e4tzte Lesezeit\" \/>\n\t<meta name=\"twitter:data1\" content=\"3\u00a0Minuten\" \/>\n<script type=\"application\/ld+json\" class=\"yoast-schema-graph\">{\"@context\":\"https:\/\/schema.org\",\"@graph\":[{\"@type\":\"WebPage\",\"@id\":\"https:\/\/www.malik-management.com\/de\/malik-loesungen\/loesungen-fuer-den-oeffentlichen-bereich\/stadt-und-regionalentwicklung\/it-stadt-zuerich\/\",\"url\":\"https:\/\/www.malik-management.com\/de\/malik-loesungen\/loesungen-fuer-den-oeffentlichen-bereich\/stadt-und-regionalentwicklung\/it-stadt-zuerich\/\",\"name\":\"IT Stadt Z\u00fcrich - Malik Management\",\"isPartOf\":{\"@id\":\"https:\/\/www.malik-management.com\/de\/#website\"},\"datePublished\":\"2017-09-06T05:26:25+00:00\",\"dateModified\":\"2017-09-08T09:27:16+00:00\",\"breadcrumb\":{\"@id\":\"https:\/\/www.malik-management.com\/de\/malik-loesungen\/loesungen-fuer-den-oeffentlichen-bereich\/stadt-und-regionalentwicklung\/it-stadt-zuerich\/#breadcrumb\"},\"inLanguage\":\"de\",\"potentialAction\":[{\"@type\":\"ReadAction\",\"target\":[\"https:\/\/www.malik-management.com\/de\/malik-loesungen\/loesungen-fuer-den-oeffentlichen-bereich\/stadt-und-regionalentwicklung\/it-stadt-zuerich\/\"]}]},{\"@type\":\"BreadcrumbList\",\"@id\":\"https:\/\/www.malik-management.com\/de\/malik-loesungen\/loesungen-fuer-den-oeffentlichen-bereich\/stadt-und-regionalentwicklung\/it-stadt-zuerich\/#breadcrumb\",\"itemListElement\":[{\"@type\":\"ListItem\",\"position\":1,\"name\":\"Home\",\"item\":\"https:\/\/www.malik-management.com\/de\/\"},{\"@type\":\"ListItem\",\"position\":2,\"name\":\"Malik L\u00f6sungen\",\"item\":\"https:\/\/www.malik-management.com\/de\/malik-loesungen\/\"},{\"@type\":\"ListItem\",\"position\":3,\"name\":\"L\u00f6sungen f\u00fcr den \u00f6ffentlichen Bereich\",\"item\":\"https:\/\/www.malik-management.com\/de\/malik-loesungen\/loesungen-fuer-den-oeffentlichen-bereich\/\"},{\"@type\":\"ListItem\",\"position\":4,\"name\":\"Stadt- und Regionalentwicklung\",\"item\":\"https:\/\/www.malik-management.com\/de\/malik-loesungen\/loesungen-fuer-den-oeffentlichen-bereich\/stadt-und-regionalentwicklung\/\"},{\"@type\":\"ListItem\",\"position\":5,\"name\":\"IT Stadt Z\u00fcrich\"}]},{\"@type\":\"WebSite\",\"@id\":\"https:\/\/www.malik-management.com\/de\/#website\",\"url\":\"https:\/\/www.malik-management.com\/de\/\",\"name\":\"Malik Management\",\"description\":\"Beyond conventional management\",\"publisher\":{\"@id\":\"https:\/\/www.malik-management.com\/de\/#organization\"},\"potentialAction\":[{\"@type\":\"SearchAction\",\"target\":{\"@type\":\"EntryPoint\",\"urlTemplate\":\"https:\/\/www.malik-management.com\/de\/?s={search_term_string}\"},\"query-input\":{\"@type\":\"PropertyValueSpecification\",\"valueRequired\":true,\"valueName\":\"search_term_string\"}}],\"inLanguage\":\"de\"},{\"@type\":\"Organization\",\"@id\":\"https:\/\/www.malik-management.com\/de\/#organization\",\"name\":\"malik international AG\",\"url\":\"https:\/\/www.malik-management.com\/de\/\",\"logo\":{\"@type\":\"ImageObject\",\"inLanguage\":\"de\",\"@id\":\"https:\/\/www.malik-management.com\/de\/#\/schema\/logo\/image\/\",\"url\":\"https:\/\/www.malik-management.com\/wp-content\/uploads\/2018\/09\/Logo_malik_weiss-klein3.png\",\"contentUrl\":\"https:\/\/www.malik-management.com\/wp-content\/uploads\/2018\/09\/Logo_malik_weiss-klein3.png\",\"width\":140,\"height\":41,\"caption\":\"malik international AG\"},\"image\":{\"@id\":\"https:\/\/www.malik-management.com\/de\/#\/schema\/logo\/image\/\"},\"sameAs\":[\"https:\/\/www.linkedin.com\/company\/30160\",\"https:\/\/www.youtube.com\/user\/malikmanagement\"]}]}<\/script>\n<!-- \/ Yoast SEO plugin. -->","yoast_head_json":{"title":"IT Stadt Z\u00fcrich - Malik Management","robots":{"index":"index","follow":"follow","max-snippet":"max-snippet:-1","max-image-preview":"max-image-preview:large","max-video-preview":"max-video-preview:-1"},"canonical":"https:\/\/www.malik-management.com\/de\/malik-loesungen\/loesungen-fuer-den-oeffentlichen-bereich\/stadt-und-regionalentwicklung\/it-stadt-zuerich\/","og_locale":"de_DE","og_type":"article","og_title":"IT Stadt Z\u00fcrich - Malik Management","og_url":"https:\/\/www.malik-management.com\/de\/malik-loesungen\/loesungen-fuer-den-oeffentlichen-bereich\/stadt-und-regionalentwicklung\/it-stadt-zuerich\/","og_site_name":"Malik Management","article_modified_time":"2017-09-08T09:27:16+00:00","twitter_card":"summary_large_image","twitter_misc":{"Gesch\u00e4tzte Lesezeit":"3\u00a0Minuten"},"schema":{"@context":"https:\/\/schema.org","@graph":[{"@type":"WebPage","@id":"https:\/\/www.malik-management.com\/de\/malik-loesungen\/loesungen-fuer-den-oeffentlichen-bereich\/stadt-und-regionalentwicklung\/it-stadt-zuerich\/","url":"https:\/\/www.malik-management.com\/de\/malik-loesungen\/loesungen-fuer-den-oeffentlichen-bereich\/stadt-und-regionalentwicklung\/it-stadt-zuerich\/","name":"IT Stadt Z\u00fcrich - Malik Management","isPartOf":{"@id":"https:\/\/www.malik-management.com\/de\/#website"},"datePublished":"2017-09-06T05:26:25+00:00","dateModified":"2017-09-08T09:27:16+00:00","breadcrumb":{"@id":"https:\/\/www.malik-management.com\/de\/malik-loesungen\/loesungen-fuer-den-oeffentlichen-bereich\/stadt-und-regionalentwicklung\/it-stadt-zuerich\/#breadcrumb"},"inLanguage":"de","potentialAction":[{"@type":"ReadAction","target":["https:\/\/www.malik-management.com\/de\/malik-loesungen\/loesungen-fuer-den-oeffentlichen-bereich\/stadt-und-regionalentwicklung\/it-stadt-zuerich\/"]}]},{"@type":"BreadcrumbList","@id":"https:\/\/www.malik-management.com\/de\/malik-loesungen\/loesungen-fuer-den-oeffentlichen-bereich\/stadt-und-regionalentwicklung\/it-stadt-zuerich\/#breadcrumb","itemListElement":[{"@type":"ListItem","position":1,"name":"Home","item":"https:\/\/www.malik-management.com\/de\/"},{"@type":"ListItem","position":2,"name":"Malik L\u00f6sungen","item":"https:\/\/www.malik-management.com\/de\/malik-loesungen\/"},{"@type":"ListItem","position":3,"name":"L\u00f6sungen f\u00fcr den \u00f6ffentlichen Bereich","item":"https:\/\/www.malik-management.com\/de\/malik-loesungen\/loesungen-fuer-den-oeffentlichen-bereich\/"},{"@type":"ListItem","position":4,"name":"Stadt- und Regionalentwicklung","item":"https:\/\/www.malik-management.com\/de\/malik-loesungen\/loesungen-fuer-den-oeffentlichen-bereich\/stadt-und-regionalentwicklung\/"},{"@type":"ListItem","position":5,"name":"IT Stadt Z\u00fcrich"}]},{"@type":"WebSite","@id":"https:\/\/www.malik-management.com\/de\/#website","url":"https:\/\/www.malik-management.com\/de\/","name":"Malik Management","description":"Beyond conventional management","publisher":{"@id":"https:\/\/www.malik-management.com\/de\/#organization"},"potentialAction":[{"@type":"SearchAction","target":{"@type":"EntryPoint","urlTemplate":"https:\/\/www.malik-management.com\/de\/?s={search_term_string}"},"query-input":{"@type":"PropertyValueSpecification","valueRequired":true,"valueName":"search_term_string"}}],"inLanguage":"de"},{"@type":"Organization","@id":"https:\/\/www.malik-management.com\/de\/#organization","name":"malik international AG","url":"https:\/\/www.malik-management.com\/de\/","logo":{"@type":"ImageObject","inLanguage":"de","@id":"https:\/\/www.malik-management.com\/de\/#\/schema\/logo\/image\/","url":"https:\/\/www.malik-management.com\/wp-content\/uploads\/2018\/09\/Logo_malik_weiss-klein3.png","contentUrl":"https:\/\/www.malik-management.com\/wp-content\/uploads\/2018\/09\/Logo_malik_weiss-klein3.png","width":140,"height":41,"caption":"malik international AG"},"image":{"@id":"https:\/\/www.malik-management.com\/de\/#\/schema\/logo\/image\/"},"sameAs":["https:\/\/www.linkedin.com\/company\/30160","https:\/\/www.youtube.com\/user\/malikmanagement"]}]}},"_links":{"self":[{"href":"https:\/\/www.malik-management.com\/de\/wp-json\/wp\/v2\/pages\/16903","targetHints":{"allow":["GET"]}}],"collection":[{"href":"https:\/\/www.malik-management.com\/de\/wp-json\/wp\/v2\/pages"}],"about":[{"href":"https:\/\/www.malik-management.com\/de\/wp-json\/wp\/v2\/types\/page"}],"author":[{"embeddable":true,"href":"https:\/\/www.malik-management.com\/de\/wp-json\/wp\/v2\/users\/17"}],"replies":[{"embeddable":true,"href":"https:\/\/www.malik-management.com\/de\/wp-json\/wp\/v2\/comments?post=16903"}],"version-history":[{"count":6,"href":"https:\/\/www.malik-management.com\/de\/wp-json\/wp\/v2\/pages\/16903\/revisions"}],"predecessor-version":[{"id":16953,"href":"https:\/\/www.malik-management.com\/de\/wp-json\/wp\/v2\/pages\/16903\/revisions\/16953"}],"up":[{"embeddable":true,"href":"https:\/\/www.malik-management.com\/de\/wp-json\/wp\/v2\/pages\/16834"}],"wp:attachment":[{"href":"https:\/\/www.malik-management.com\/de\/wp-json\/wp\/v2\/media?parent=16903"}],"curies":[{"name":"wp","href":"https:\/\/api.w.org\/{rel}","templated":true}]}}