{"id":16925,"date":"2017-09-06T05:43:46","date_gmt":"2017-09-06T05:43:46","guid":{"rendered":"https:\/\/www.malik.management\/lower-austria\/"},"modified":"2017-09-13T06:01:27","modified_gmt":"2017-09-13T06:01:27","slug":"niederoesterreichische-gemeinden","status":"publish","type":"page","link":"https:\/\/www.malik-management.com\/de\/malik-loesungen\/loesungen-fuer-den-oeffentlichen-bereich\/stadt-und-regionalentwicklung\/niederoesterreichische-gemeinden\/","title":{"rendered":"Nieder\u00f6sterreichische Gemeinden"},"content":{"rendered":"<div class=\"fusion-fullwidth fullwidth-box fusion-builder-row-1 malik_solutions_main nonhundred-percent-fullwidth non-hundred-percent-height-scrolling\" style=\"--awb-border-radius-top-left:0px;--awb-border-radius-top-right:0px;--awb-border-radius-bottom-right:0px;--awb-border-radius-bottom-left:0px;--awb-padding-top:30px;--awb-padding-bottom:30px;--awb-flex-wrap:wrap;\" ><div class=\"fusion-builder-row fusion-row\"><div class=\"fusion-layout-column fusion_builder_column fusion-builder-column-0 fusion_builder_column_3_4 3_4 fusion-three-fourth fusion-column-first fusion-animated\" style=\"--awb-bg-size:cover;width:75%;width:calc(75% - ( ( 4% ) * 0.75 ) );margin-right: 4%;\" data-animationType=\"fadeInUp\" data-animationDuration=\"1.0\" data-animationOffset=\"top-into-view\"><div class=\"fusion-column-wrapper fusion-flex-column-wrapper-legacy\"><div class=\"fusion-text fusion-text-1\"><div id=\"content-center\">\n<h2>Nieder\u00f6sterreich: Budgetsanierung mit B\u00fcrgerbeteiligung<\/h2>\n<div class=\"block_element01\">\n<h3>Nieder\u00f6sterreichs St\u00e4dte gehen neue Wege<\/h3>\n<p>Die Stadt Tulln hat im Dezember 2011 als erste Pilotgemeinde in Nieder\u00f6sterreich mit der Malik Syntegration\u00ae finanzielle Spielr\u00e4ume f\u00fcr Zukunftsprojekte erreicht. Als zweite Stadt sanierte Korneuburg im Januar 2012, wiederum dank Malik Syntegration, ihr Budget. Nun sollen weitere St\u00e4dte in Nieder\u00f6sterreich dem Beispiel folgen \u2013 f\u00fcr nachhaltiges Funktionieren, langfristige Lebensf\u00e4higkeit und finanzielle Stabilisierung.<\/p>\n<p>&#8222;<em>Sparen ist wichtig \u2013 aber wer sparen will, muss auch handeln<\/em>!&#8220;, <strong>so der B\u00fcrgermeister von Tulln, Mag. Peter Eisenschenk.<\/strong><\/p>\n<p>Nur wenn demokratische Prozesse besser organisiert sind, l\u00e4sst sich eine Gemeinde, eine Stadt oder ein Landkreis unter den heute erschwerten Bedingungen effizient und zum Nutzen aller regieren.<\/p>\n<h3>Vernetzung auf allen Ebenen<\/h3>\n<p>Begleitend zur Syntegration wird das\u00a0<a href=\"https:\/\/www.malik-management.com\/de\/malik-loesungen\/malik-tools-and-methods\/malik-sensitivity-model\/\">Malik Sensitivit\u00e4tsmodell\u00ae<\/a> eingesetzt, womit komplexe Fragestellungen ganzheitlich erfasst werden, die Vernetzung visualisiert wird und bislang unentdeckte Dynamiken erkannt und genutzt werden. So lassen sich systemrelevante Massnahmen entwickeln und umsetzen. Die St\u00e4dte Tulln und Korneuburg werden bis Ende 2014 konsequent beim Umsetzungsmanagement unterst\u00fctzt, unter anderem durch Malik Trainings der Beteiligten.<\/p>\n<p>Auch Tullns Jugend wurde aktiv: Mit der PC-Simulation Ecopolicy\u00ae (<a href=\"http:\/\/www.ecopolicyade.info\/de\/\" target=\"_blank\" rel=\"noopener\">www.ecopolicyade.info<\/a>) lernen Sch\u00fcler spielerisch vernetztes Denken und werden in die L\u00f6sungserarbeitung und Umsetzung f\u00fcr ihre Stadt miteinbezogen. Nach der Syntegration und einem Lehrertraining spielten insgesamt fast 1000 Sch\u00fcler aus f\u00fcnf verschiedenen Schulen Ecopolicy. Die besten 25 bekamen die M\u00f6glichkeit mit dem Malik Sensitivit\u00e4tsmodell zu arbeiten und pr\u00e4sentierten ihre Ergebnisse den Lokalpolitikern. Themen waren zum Beispiel die Attraktivit\u00e4t von Tulln f\u00fcr die Jugend heute und in 2022, Freizeit und Sportm\u00f6glichkeiten, Ausgehm\u00f6glichkeiten in Tulln und Schulbildung. Lehrer, Eltern, Direktoren und die Sch\u00fcler selbst waren sehr stolz auf die Ergebnisse und begeistert von der Veranstaltung. Die Politiker pr\u00fcfen schon die Umsetzung einiger Massnahmen. B\u00fcrgermeister Eisenschenk: &#8222;<em>Ecopolicy und diese Art des Denkens ist die beste Investition, um unsere Jugend vor einseitigem und populistischem Denken zu bewahren und unsere Gesellschaft weiterzuentwickeln<\/em>.&#8220;<\/p>\n<h3>Was wurde konkret erreicht?<\/h3>\n<p>In Tulln erarbeiteten Tullner B\u00fcrgerinnen und B\u00fcrger, die Stadtverwaltung und die teilnehmenden Tullner Parteien dank Syntegration rund 40 Projekte zur Budget-Entlastung. Die Projekte umfassen Themen wie Effizienzsteigerung in der Verwaltung, St\u00e4rkung der Attraktivit\u00e4t der Betriebe, bessere Nutzung vorhandener Infrastruktur und Ressourcen, St\u00e4rkung des B\u00fcrger-Engagements und Ausbau des Tullner Freizeit- und Kulturangebots. &#8222;<em>Dass so viele Personen, Interessen und Funktionen nach diesen Tagen alle am selben Ende des Strickes ziehen, ist beeindruckend<\/em>&#8222;, so ein Teilnehmer.<\/p>\n<h3>Warum sind diese Ergebnisse nur mit der Syntegration m\u00f6glich?<\/h3>\n<p>Die Syntegrations-Verfahren haben wir speziell f\u00fcr das Meistern von tiefgreifenden Ver\u00e4nderungsprozessen entwickelt. Durch die Einbindung von bis zu 42 Personen nimmt eine f\u00fcr die Umsetzung kritische Zahl an Personen aus der jeweiligen Stadt teil. Die \u00fcblicherweise f\u00fcr solche Ergebnisse erforderliche Zeit verk\u00fcrzt sich um 70 bis 90 Prozent.<\/p>\n<p>Das Syntegrations-Verfahren f\u00fchrt auf der Kulturebene zu Aufbruchsstimmung, Gemeinschaftsgef\u00fchl und Solidarit\u00e4t, weil damit alle gewinnen. W\u00e4hrend Gremien wie Stadtr\u00e4te oder Kreisparlamente aufgrund ihrer Gr\u00f6sse und ihrer oftmals festgefahrenen Strukturen meist nur den <em>kleinsten gemeinsamen Nenner<\/em> finden, ermittelt eine Syntegration \u00fcber die Nutzung kollektiver Intelligenz den <em>gr\u00f6ssten gemeinsamen Z\u00e4hler<\/em>.<\/p>\n<\/div>\n<\/div>\n<\/div><div class=\"fusion-clearfix\"><\/div><\/div><\/div><div class=\"fusion-layout-column fusion_builder_column fusion-builder-column-1 fusion_builder_column_1_4 1_4 fusion-one-fourth fusion-column-last malik_solutions_main_right fusion-animated\" style=\"--awb-bg-size:cover;width:25%;width:calc(25% - ( ( 4% ) * 0.25 ) );\" data-animationType=\"fadeInRight\" data-animationDuration=\"1.0\" data-animationOffset=\"top-into-view\"><div class=\"fusion-column-wrapper fusion-flex-column-wrapper-legacy\"><div class=\"fusion-text fusion-text-2\"><div class=\"rightside_links_panel\">\n<h4>&#8222;5 Millionen liegen auf der Strasse&#8220; <\/h4>\n<\/div>\n<\/div><div class=\"fusion-image-element fusion-image-align-center in-legacy-container\" style=\"text-align:center;--awb-caption-title-font-family:var(--h2_typography-font-family);--awb-caption-title-font-weight:var(--h2_typography-font-weight);--awb-caption-title-font-style:var(--h2_typography-font-style);--awb-caption-title-size:var(--h2_typography-font-size);--awb-caption-title-transform:var(--h2_typography-text-transform);--awb-caption-title-line-height:var(--h2_typography-line-height);--awb-caption-title-letter-spacing:var(--h2_typography-letter-spacing);\"><div class=\"imageframe-align-center\"><span class=\" fusion-imageframe imageframe-dropshadow imageframe-1 hover-type-zoomin malik_solutions_main_right_image01\" style=\"-webkit-box-shadow: 3px 3px 7px rgba(0,0,0,0.3);box-shadow: 3px 3px 7px rgba(0,0,0,0.3);\"><a class=\"fusion-no-lightbox\" href=\"\/de\/hidden\/videos\/tulln-video\" target=\"_self\" aria-label=\"krisemeistern2\"><img decoding=\"async\" width=\"160\" height=\"120\" src=\"https:\/\/www.malik-management.com\/wp-content\/uploads\/2017\/09\/krisemeistern2.jpg\" alt class=\"img-responsive wp-image-16989\"\/><\/a><\/span><\/div><\/div><div class=\"fusion-text fusion-text-3\"><p style=\"text-align: center;\">Bericht in ORF Nieder\u00f6sterreich \u00fcber die Malik Syntegration in Tulln und Korneuburg, 14.03.2012<\/p>\n<\/div><div class=\"fusion-sep-clear\"><\/div><div class=\"fusion-separator fusion-full-width-sep\" style=\"margin-left: auto;margin-right: auto;margin-top:10px;margin-bottom:10px;width:100%;\"><div class=\"fusion-separator-border sep-single sep-solid\" style=\"--awb-height:20px;--awb-amount:20px;--awb-sep-color:#cccccc;border-color:#cccccc;border-top-width:1px;\"><\/div><\/div><div class=\"fusion-sep-clear\"><\/div><div class=\"fusion-text fusion-text-4\"><div class=\"rightside_links_panel\">\n<h4>&#8222;5 Millionen liegen auf der Strasse&#8220; <\/h4>\n<ul>\n<li><a href=\"http:\/\/regionaut.meinbezirk.at\/tulln-an-der-donau\/politik\/sobotka-lobt-syntegration-d151597.html\" target=\"_blank\">Sobotka lobt Syntegration, Bezirksblatt Tulln (AT), 20.03.2012<\/a><\/li>\n<li><a href=\"http:\/\/www.noen.at\/news\/chronik\/Externe-Berater-fuer-Sanierungsgemeinden-Pilotprojekt-in-NOe;art151,378851\" target=\"_blank\">Externe Berater f\u00fcr Sanierungsgemeinden: Pilotprojekt in N\u00d6, Nieder\u00f6sterreichische Nachrichten (AT), 14.03.2012<\/a><\/li>\n<li><a href=\"http:\/\/www.tulln.at\/?dok_id=23226&amp;lang=&amp;kat=310&amp;mkat=310&amp;op=301\" target=\"_blank\">Mit Syntegration bleibt Tulln spitze, Tulln News (AT), 14.03.2012<\/a><\/li>\n<li><a href=\"http:\/\/noe.orf.at\/news\/stories\/2524858\/\" target=\"_blank\">Pilotprojekt f\u00fcr sparsamere Gemeinden, ORF Nieder\u00f6sterreich (AT), 14.03.2012<\/a><\/li>\n<li><a class=\"pimcore_icon_pdf\" href=\"https:\/\/www.malik-management.com\/wp-content\/uploads\/2017\/09\/malik-syntegration-niederoesterreichische-nachrichten-keine-einfachen-antworten-08-05-2012.pdf\" target=\"_blank\">Keine einfachen Antworten, Nieder\u00f6sterreichische Nachrichten (AT), 08.05.2012<\/a><\/li>\n<\/ul>\n<\/div>\n<\/div><div class=\"fusion-sep-clear\"><\/div><div class=\"fusion-separator fusion-full-width-sep\" style=\"margin-left: auto;margin-right: auto;margin-top:10px;margin-bottom:10px;width:100%;\"><div class=\"fusion-separator-border sep-single sep-solid\" style=\"--awb-height:20px;--awb-amount:20px;--awb-sep-color:#cccccc;border-color:#cccccc;border-top-width:1px;\"><\/div><\/div><div class=\"fusion-sep-clear\"><\/div><div class=\"fusion-text fusion-text-5\"><div class=\"rightside_links_panel\">\n<h4> Teilnehmerstimmen <\/h4>\n<p> <em>&#8222;Die Vielzahl an Ideen, die formuliert und dank professioneller Begleitung in echte Ergebnisse \u00fcberf\u00fchrt werden, sind beeindruckend.&#8220;<\/em> <strong>&#8211; Teilnehmer<\/strong><\/p>\n<p> &#8222;<em>Die letzten Tage waren f\u00fcr meine Sch\u00fcler enorm informativ. Sie waren euphorisch, dass ihnen jeder aufmerksam zugeh\u00f6rt hat.<\/em>&#8220; <strong>&#8211; Hr. Walcher, Lehrer der Tullner Sch\u00fclerInnen<\/strong> <strong>zum ecopolicy\u00ae-Event<\/strong><\/p>\n<\/div>\n<\/div><div class=\"fusion-clearfix\"><\/div><\/div><\/div><\/div><\/div>\n","protected":false},"excerpt":{"rendered":"","protected":false},"author":17,"featured_media":0,"parent":16834,"menu_order":4,"comment_status":"closed","ping_status":"closed","template":"side-navigation.php","meta":{"_acf_changed":false,"_bbp_topic_count":0,"_bbp_reply_count":0,"_bbp_total_topic_count":0,"_bbp_total_reply_count":0,"_bbp_voice_count":0,"_bbp_anonymous_reply_count":0,"_bbp_topic_count_hidden":0,"_bbp_reply_count_hidden":0,"_bbp_forum_subforum_count":0,"footnotes":""},"class_list":["post-16925","page","type-page","status-publish","hentry"],"acf":[],"yoast_head":"<!-- This site is optimized with the Yoast SEO plugin v26.4 - https:\/\/yoast.com\/wordpress\/plugins\/seo\/ -->\n<title>Nieder\u00f6sterreichische Gemeinden - Malik Management<\/title>\n<meta name=\"robots\" content=\"index, follow, max-snippet:-1, max-image-preview:large, max-video-preview:-1\" \/>\n<link rel=\"canonical\" href=\"https:\/\/www.malik-management.com\/de\/malik-loesungen\/loesungen-fuer-den-oeffentlichen-bereich\/stadt-und-regionalentwicklung\/niederoesterreichische-gemeinden\/\" \/>\n<meta property=\"og:locale\" content=\"de_DE\" \/>\n<meta property=\"og:type\" content=\"article\" \/>\n<meta property=\"og:title\" content=\"Nieder\u00f6sterreichische Gemeinden - Malik Management\" \/>\n<meta property=\"og:url\" content=\"https:\/\/www.malik-management.com\/de\/malik-loesungen\/loesungen-fuer-den-oeffentlichen-bereich\/stadt-und-regionalentwicklung\/niederoesterreichische-gemeinden\/\" \/>\n<meta property=\"og:site_name\" content=\"Malik Management\" \/>\n<meta property=\"article:modified_time\" content=\"2017-09-13T06:01:27+00:00\" \/>\n<meta name=\"twitter:card\" content=\"summary_large_image\" \/>\n<meta name=\"twitter:label1\" content=\"Gesch\u00e4tzte Lesezeit\" \/>\n\t<meta name=\"twitter:data1\" content=\"5\u00a0Minuten\" \/>\n<script type=\"application\/ld+json\" class=\"yoast-schema-graph\">{\"@context\":\"https:\/\/schema.org\",\"@graph\":[{\"@type\":\"WebPage\",\"@id\":\"https:\/\/www.malik-management.com\/de\/malik-loesungen\/loesungen-fuer-den-oeffentlichen-bereich\/stadt-und-regionalentwicklung\/niederoesterreichische-gemeinden\/\",\"url\":\"https:\/\/www.malik-management.com\/de\/malik-loesungen\/loesungen-fuer-den-oeffentlichen-bereich\/stadt-und-regionalentwicklung\/niederoesterreichische-gemeinden\/\",\"name\":\"Nieder\u00f6sterreichische Gemeinden - Malik Management\",\"isPartOf\":{\"@id\":\"https:\/\/www.malik-management.com\/de\/#website\"},\"datePublished\":\"2017-09-06T05:43:46+00:00\",\"dateModified\":\"2017-09-13T06:01:27+00:00\",\"breadcrumb\":{\"@id\":\"https:\/\/www.malik-management.com\/de\/malik-loesungen\/loesungen-fuer-den-oeffentlichen-bereich\/stadt-und-regionalentwicklung\/niederoesterreichische-gemeinden\/#breadcrumb\"},\"inLanguage\":\"de\",\"potentialAction\":[{\"@type\":\"ReadAction\",\"target\":[\"https:\/\/www.malik-management.com\/de\/malik-loesungen\/loesungen-fuer-den-oeffentlichen-bereich\/stadt-und-regionalentwicklung\/niederoesterreichische-gemeinden\/\"]}]},{\"@type\":\"BreadcrumbList\",\"@id\":\"https:\/\/www.malik-management.com\/de\/malik-loesungen\/loesungen-fuer-den-oeffentlichen-bereich\/stadt-und-regionalentwicklung\/niederoesterreichische-gemeinden\/#breadcrumb\",\"itemListElement\":[{\"@type\":\"ListItem\",\"position\":1,\"name\":\"Home\",\"item\":\"https:\/\/www.malik-management.com\/de\/\"},{\"@type\":\"ListItem\",\"position\":2,\"name\":\"Malik L\u00f6sungen\",\"item\":\"https:\/\/www.malik-management.com\/de\/malik-loesungen\/\"},{\"@type\":\"ListItem\",\"position\":3,\"name\":\"L\u00f6sungen f\u00fcr den \u00f6ffentlichen Bereich\",\"item\":\"https:\/\/www.malik-management.com\/de\/malik-loesungen\/loesungen-fuer-den-oeffentlichen-bereich\/\"},{\"@type\":\"ListItem\",\"position\":4,\"name\":\"Stadt- und Regionalentwicklung\",\"item\":\"https:\/\/www.malik-management.com\/de\/malik-loesungen\/loesungen-fuer-den-oeffentlichen-bereich\/stadt-und-regionalentwicklung\/\"},{\"@type\":\"ListItem\",\"position\":5,\"name\":\"Nieder\u00f6sterreichische Gemeinden\"}]},{\"@type\":\"WebSite\",\"@id\":\"https:\/\/www.malik-management.com\/de\/#website\",\"url\":\"https:\/\/www.malik-management.com\/de\/\",\"name\":\"Malik Management\",\"description\":\"Beyond conventional management\",\"publisher\":{\"@id\":\"https:\/\/www.malik-management.com\/de\/#organization\"},\"potentialAction\":[{\"@type\":\"SearchAction\",\"target\":{\"@type\":\"EntryPoint\",\"urlTemplate\":\"https:\/\/www.malik-management.com\/de\/?s={search_term_string}\"},\"query-input\":{\"@type\":\"PropertyValueSpecification\",\"valueRequired\":true,\"valueName\":\"search_term_string\"}}],\"inLanguage\":\"de\"},{\"@type\":\"Organization\",\"@id\":\"https:\/\/www.malik-management.com\/de\/#organization\",\"name\":\"malik international AG\",\"url\":\"https:\/\/www.malik-management.com\/de\/\",\"logo\":{\"@type\":\"ImageObject\",\"inLanguage\":\"de\",\"@id\":\"https:\/\/www.malik-management.com\/de\/#\/schema\/logo\/image\/\",\"url\":\"https:\/\/www.malik-management.com\/wp-content\/uploads\/2018\/09\/Logo_malik_weiss-klein3.png\",\"contentUrl\":\"https:\/\/www.malik-management.com\/wp-content\/uploads\/2018\/09\/Logo_malik_weiss-klein3.png\",\"width\":140,\"height\":41,\"caption\":\"malik international AG\"},\"image\":{\"@id\":\"https:\/\/www.malik-management.com\/de\/#\/schema\/logo\/image\/\"},\"sameAs\":[\"https:\/\/www.linkedin.com\/company\/30160\",\"https:\/\/www.youtube.com\/user\/malikmanagement\"]}]}<\/script>\n<!-- \/ Yoast SEO plugin. -->","yoast_head_json":{"title":"Nieder\u00f6sterreichische Gemeinden - Malik Management","robots":{"index":"index","follow":"follow","max-snippet":"max-snippet:-1","max-image-preview":"max-image-preview:large","max-video-preview":"max-video-preview:-1"},"canonical":"https:\/\/www.malik-management.com\/de\/malik-loesungen\/loesungen-fuer-den-oeffentlichen-bereich\/stadt-und-regionalentwicklung\/niederoesterreichische-gemeinden\/","og_locale":"de_DE","og_type":"article","og_title":"Nieder\u00f6sterreichische Gemeinden - Malik Management","og_url":"https:\/\/www.malik-management.com\/de\/malik-loesungen\/loesungen-fuer-den-oeffentlichen-bereich\/stadt-und-regionalentwicklung\/niederoesterreichische-gemeinden\/","og_site_name":"Malik Management","article_modified_time":"2017-09-13T06:01:27+00:00","twitter_card":"summary_large_image","twitter_misc":{"Gesch\u00e4tzte Lesezeit":"5\u00a0Minuten"},"schema":{"@context":"https:\/\/schema.org","@graph":[{"@type":"WebPage","@id":"https:\/\/www.malik-management.com\/de\/malik-loesungen\/loesungen-fuer-den-oeffentlichen-bereich\/stadt-und-regionalentwicklung\/niederoesterreichische-gemeinden\/","url":"https:\/\/www.malik-management.com\/de\/malik-loesungen\/loesungen-fuer-den-oeffentlichen-bereich\/stadt-und-regionalentwicklung\/niederoesterreichische-gemeinden\/","name":"Nieder\u00f6sterreichische Gemeinden - Malik Management","isPartOf":{"@id":"https:\/\/www.malik-management.com\/de\/#website"},"datePublished":"2017-09-06T05:43:46+00:00","dateModified":"2017-09-13T06:01:27+00:00","breadcrumb":{"@id":"https:\/\/www.malik-management.com\/de\/malik-loesungen\/loesungen-fuer-den-oeffentlichen-bereich\/stadt-und-regionalentwicklung\/niederoesterreichische-gemeinden\/#breadcrumb"},"inLanguage":"de","potentialAction":[{"@type":"ReadAction","target":["https:\/\/www.malik-management.com\/de\/malik-loesungen\/loesungen-fuer-den-oeffentlichen-bereich\/stadt-und-regionalentwicklung\/niederoesterreichische-gemeinden\/"]}]},{"@type":"BreadcrumbList","@id":"https:\/\/www.malik-management.com\/de\/malik-loesungen\/loesungen-fuer-den-oeffentlichen-bereich\/stadt-und-regionalentwicklung\/niederoesterreichische-gemeinden\/#breadcrumb","itemListElement":[{"@type":"ListItem","position":1,"name":"Home","item":"https:\/\/www.malik-management.com\/de\/"},{"@type":"ListItem","position":2,"name":"Malik L\u00f6sungen","item":"https:\/\/www.malik-management.com\/de\/malik-loesungen\/"},{"@type":"ListItem","position":3,"name":"L\u00f6sungen f\u00fcr den \u00f6ffentlichen Bereich","item":"https:\/\/www.malik-management.com\/de\/malik-loesungen\/loesungen-fuer-den-oeffentlichen-bereich\/"},{"@type":"ListItem","position":4,"name":"Stadt- und Regionalentwicklung","item":"https:\/\/www.malik-management.com\/de\/malik-loesungen\/loesungen-fuer-den-oeffentlichen-bereich\/stadt-und-regionalentwicklung\/"},{"@type":"ListItem","position":5,"name":"Nieder\u00f6sterreichische Gemeinden"}]},{"@type":"WebSite","@id":"https:\/\/www.malik-management.com\/de\/#website","url":"https:\/\/www.malik-management.com\/de\/","name":"Malik Management","description":"Beyond conventional management","publisher":{"@id":"https:\/\/www.malik-management.com\/de\/#organization"},"potentialAction":[{"@type":"SearchAction","target":{"@type":"EntryPoint","urlTemplate":"https:\/\/www.malik-management.com\/de\/?s={search_term_string}"},"query-input":{"@type":"PropertyValueSpecification","valueRequired":true,"valueName":"search_term_string"}}],"inLanguage":"de"},{"@type":"Organization","@id":"https:\/\/www.malik-management.com\/de\/#organization","name":"malik international AG","url":"https:\/\/www.malik-management.com\/de\/","logo":{"@type":"ImageObject","inLanguage":"de","@id":"https:\/\/www.malik-management.com\/de\/#\/schema\/logo\/image\/","url":"https:\/\/www.malik-management.com\/wp-content\/uploads\/2018\/09\/Logo_malik_weiss-klein3.png","contentUrl":"https:\/\/www.malik-management.com\/wp-content\/uploads\/2018\/09\/Logo_malik_weiss-klein3.png","width":140,"height":41,"caption":"malik international AG"},"image":{"@id":"https:\/\/www.malik-management.com\/de\/#\/schema\/logo\/image\/"},"sameAs":["https:\/\/www.linkedin.com\/company\/30160","https:\/\/www.youtube.com\/user\/malikmanagement"]}]}},"_links":{"self":[{"href":"https:\/\/www.malik-management.com\/de\/wp-json\/wp\/v2\/pages\/16925","targetHints":{"allow":["GET"]}}],"collection":[{"href":"https:\/\/www.malik-management.com\/de\/wp-json\/wp\/v2\/pages"}],"about":[{"href":"https:\/\/www.malik-management.com\/de\/wp-json\/wp\/v2\/types\/page"}],"author":[{"embeddable":true,"href":"https:\/\/www.malik-management.com\/de\/wp-json\/wp\/v2\/users\/17"}],"replies":[{"embeddable":true,"href":"https:\/\/www.malik-management.com\/de\/wp-json\/wp\/v2\/comments?post=16925"}],"version-history":[{"count":9,"href":"https:\/\/www.malik-management.com\/de\/wp-json\/wp\/v2\/pages\/16925\/revisions"}],"predecessor-version":[{"id":18352,"href":"https:\/\/www.malik-management.com\/de\/wp-json\/wp\/v2\/pages\/16925\/revisions\/18352"}],"up":[{"embeddable":true,"href":"https:\/\/www.malik-management.com\/de\/wp-json\/wp\/v2\/pages\/16834"}],"wp:attachment":[{"href":"https:\/\/www.malik-management.com\/de\/wp-json\/wp\/v2\/media?parent=16925"}],"curies":[{"name":"wp","href":"https:\/\/api.w.org\/{rel}","templated":true}]}}