{"id":17013,"date":"2017-09-06T06:18:42","date_gmt":"2017-09-06T06:18:42","guid":{"rendered":"https:\/\/www.malik.management\/management-for-chinese-universities\/"},"modified":"2018-12-19T12:16:44","modified_gmt":"2018-12-19T12:16:44","slug":"management-fuer-chinesische-universitaeten","status":"publish","type":"page","link":"https:\/\/www.malik-management.com\/de\/malik-loesungen\/loesungen-fuer-den-oeffentlichen-bereich\/universitaeten-in-china\/management-fuer-chinesische-universitaeten\/","title":{"rendered":"Management f\u00fcr Chinesische Universit\u00e4ten"},"content":{"rendered":"<div class=\"fusion-fullwidth fullwidth-box fusion-builder-row-1 malik_solutions_main nonhundred-percent-fullwidth non-hundred-percent-height-scrolling\" style=\"--awb-border-radius-top-left:0px;--awb-border-radius-top-right:0px;--awb-border-radius-bottom-right:0px;--awb-border-radius-bottom-left:0px;--awb-padding-top:30px;--awb-padding-bottom:30px;--awb-flex-wrap:wrap;\" ><div class=\"fusion-builder-row fusion-row\"><div class=\"fusion-layout-column fusion_builder_column fusion-builder-column-0 fusion_builder_column_3_4 3_4 fusion-three-fourth fusion-column-first fusion-animated\" style=\"--awb-bg-size:cover;width:75%;width:calc(75% - ( ( 4% ) * 0.75 ) );margin-right: 4%;\" data-animationType=\"fadeInUp\" data-animationDuration=\"1.0\" data-animationOffset=\"top-into-view\"><div class=\"fusion-column-wrapper fusion-flex-column-wrapper-legacy\"><div class=\"fusion-text fusion-text-1\"><div id=\"content-center\">\n<h2>Management f\u00fcr Chinesische Universit\u00e4ten<\/h2>\n<div class=\"block_element01\">\n<p><em>Richtiges und Gutes Management, sozial verantwortungsvolle University Governance und wirksame Leadership f\u00fcr die Pr\u00e4sidenten von h\u00f6chstreputierten chinesischen Universit\u00e4ten.<\/em><\/p>\n<h3><strong>Einige Statements der Universit\u00e4tspr\u00e4sidenten \u00fcber die Malik Syntegration\u00ae:<\/strong><\/h3>\n<p><img decoding=\"async\" src=\"https:\/\/www.malik-management.com\/wp-content\/uploads\/2017\/09\/malik-safea-zitate.gif\" \/><\/p>\n<p>Im Auftrag der chinesischen &#8222;State Administration for Foreign Experts Affairs&#8220; (SAFEA*) konzipierte Malik eine Serie von Educationprogrammen in system-kybernetischem Management f\u00fcr ausgew\u00e4hlte chinesische Regierungsangeh\u00f6rige und akademische Top Leader.\u00a0Zweck der Malik Programme\u00a0 ist es, die idealen Managementsysteme f\u00fcr die ideale Universit\u00e4t zu vermitteln.<\/p>\n<p>Die ersten beiden Trainings wurden 2011 f\u00fcr \u00fcber 100 Universit\u00e4tspr\u00e4sidenten, hochrangige F\u00fchrungskr\u00e4fte der Universit\u00e4tsverwaltung und Hochschulabsolventen an der Jimei Universit\u00e4t in Xiamen, China abgehalten. Thema waren Komplexit\u00e4t, systemische Vernetzung und \u00a0dynamischer Wandel in Universit\u00e4tsmanagement und -administration.<\/p>\n<p>Zw\u00f6lf der Universit\u00e4tspr\u00e4sidenten besuchten anschliessend ein hochintensives Management Education-Programm bei Malik in St. Gallen\/Schweiz f\u00fcr die Anwendung der\u00a0<a href=\"https:\/\/www.malik-management.com\/de\/malik-ansatz\/malik-management-systeme\/\">Malik Management Systeme\u00ae<\/a> und\u00a0<a href=\"https:\/\/www.malik-management.com\/de\/malik-loesungen\/malik-tools-and-methods\/\">Malik Tools und Methods<\/a>. Ein Highlight war die 2.5-t\u00e4gige Syntegration, als deren Ergebnis ein L\u00f6sungsset f\u00fcr die komplexen Herausforderungen des Wissenschafts- und Educationmanagements im 21. Jahrhundert erarbeitet wurde.<\/p>\n<p>W\u00e4hrend ihres Aufenthalts in der Schweiz besuchten die Pr\u00e4sidenten ausserdem f\u00fchrende europ\u00e4ische Universit\u00e4ten und Forschungseinrichtungen, unter anderem: Die Universit\u00e4t St. Gallen, die ETH Z\u00fcrich (Eidgen\u00f6ssische Technische Hochschule), das Deutsche Zentrum f\u00fcr Krebsforschung in Heidelberg und das GSI Helmholtz Zentrum f\u00fcr Schwer-Ionenforschung.<\/p>\n<p>Die Teilnehmer vergaben dem Malik Universit\u00e4tsmanagementprogramm die h\u00f6chsten Beurteilungsnoten. Grund daf\u00fcr war der unmittelbare Nutzen, um ihre aktuellen Herausforderungen zu l\u00f6sen sowie die universelle Anwendbarkeit der system-kybernetischen Malik-Methoden.<\/p>\n<\/div>\n<\/div>\n<\/div><div class=\"fusion-sep-clear\"><\/div><div class=\"fusion-separator fusion-full-width-sep\" style=\"margin-left: auto;margin-right: auto;margin-top:10px;margin-bottom:10px;width:100%;\"><div class=\"fusion-separator-border sep-single sep-solid\" style=\"--awb-height:20px;--awb-amount:20px;--awb-sep-color:#cccccc;border-color:#cccccc;border-top-width:1px;\"><\/div><\/div><div class=\"fusion-sep-clear\"><\/div><div class=\"fusion-builder-row fusion-builder-row-inner fusion-row\"><div class=\"fusion-layout-column fusion_builder_column_inner fusion-builder-nested-column-0 fusion_builder_column_inner_1_4 1_4 fusion-one-fourth fusion-column-first\" style=\"--awb-bg-size:cover;width:25%;width:calc(25% - ( ( 4% ) * 0.25 ) );margin-right: 4%;\"><div class=\"fusion-column-wrapper fusion-flex-column-wrapper-legacy\"><a class=\"awb-lightbox awb-lightbox-1\" href=\"https:\/\/www.malik-management.com\/wp-content\/uploads\/2017\/09\/malik-safea-bildergalerie-screenshot.jpg\" data-caption=\"dfgdgfgdf\" data-rel=\"iLightbox\"><img decoding=\"async\" src=\"https:\/\/www.malik-management.com\/wp-content\/uploads\/2017\/09\/malik-safea-bildergalerie-screenshot.jpg\"><\/a><div class=\"fusion-clearfix\"><\/div><\/div><\/div><div class=\"fusion-layout-column fusion_builder_column_inner fusion-builder-nested-column-1 fusion_builder_column_inner_3_4 3_4 fusion-three-fourth fusion-column-last\" style=\"--awb-bg-size:cover;width:75%;width:calc(75% - ( ( 4% ) * 0.75 ) );\"><div class=\"fusion-column-wrapper fusion-flex-column-wrapper-legacy\"><div class=\"fusion-text fusion-text-2\"><\/div><div class=\"fusion-clearfix\"><\/div><\/div><\/div><\/div><div class=\"fusion-sep-clear\"><\/div><div class=\"fusion-separator fusion-full-width-sep\" style=\"margin-left: auto;margin-right: auto;margin-top:10px;margin-bottom:10px;width:100%;\"><div class=\"fusion-separator-border sep-single sep-solid\" style=\"--awb-height:20px;--awb-amount:20px;--awb-sep-color:#cccccc;border-color:#cccccc;border-top-width:1px;\"><\/div><\/div><div class=\"fusion-sep-clear\"><\/div><div class=\"fusion-builder-row fusion-builder-row-inner fusion-row\"><div class=\"fusion-layout-column fusion_builder_column_inner fusion-builder-nested-column-2 fusion_builder_column_inner_1_4 1_4 fusion-one-fourth fusion-column-first\" style=\"--awb-bg-size:cover;width:25%;width:calc(25% - ( ( 4% ) * 0.25 ) );margin-right: 4%;\"><div class=\"fusion-column-wrapper fusion-flex-column-wrapper-legacy\"><a class=\"awb-lightbox awb-lightbox-2\" href=\"http:\/\/www.youtube.com\/embed\/quomRC_gkwY?rel=0&amp;showinfo=0\" data-rel=\"iLightbox\"><img decoding=\"async\" src=\"https:\/\/www.malik-management.com\/wp-content\/uploads\/2017\/09\/malik-safea.jpg\"><\/a><div class=\"fusion-clearfix\"><\/div><\/div><\/div><div class=\"fusion-layout-column fusion_builder_column_inner fusion-builder-nested-column-3 fusion_builder_column_inner_3_4 3_4 fusion-three-fourth fusion-column-last\" style=\"--awb-bg-size:cover;width:75%;width:calc(75% - ( ( 4% ) * 0.75 ) );\"><div class=\"fusion-column-wrapper fusion-flex-column-wrapper-legacy\"><div class=\"fusion-text fusion-text-3\"><div id=\"content-center\">\n<h3><span style=\"color: #ff0000;\"><strong>Die Pr\u00e4sidenten lernen die Malik Systeme kennen und anwenden<\/strong><\/span><\/h3>\n<p>Die chinesischen Universit\u00e4tspr\u00e4sidenten entwickeln <a href=\"https:\/\/www.malik-management.com\/de\/malik-loesungen\/malik-tools-and-methods\/malik-sensitivity-model\/\">Malik Sensitivit\u00e4tsmodelle\u00ae<\/a> f\u00fcr die strategische Ausrichtung ihrer Universit\u00e4ten.<\/p>\n<\/div>\n<\/div><div class=\"fusion-clearfix\"><\/div><\/div><\/div><\/div><div class=\"fusion-sep-clear\"><\/div><div class=\"fusion-separator fusion-full-width-sep\" style=\"margin-left: auto;margin-right: auto;margin-top:10px;margin-bottom:10px;width:100%;\"><div class=\"fusion-separator-border sep-single sep-solid\" style=\"--awb-height:20px;--awb-amount:20px;--awb-sep-color:#cccccc;border-color:#cccccc;border-top-width:1px;\"><\/div><\/div><div class=\"fusion-sep-clear\"><\/div><div class=\"fusion-text fusion-text-4\"><p><em>* Chinas &#8222;State Administration for Foreign Experts Affairs&#8220; (SAFEA) ist verantwortlich f\u00fcr die Zusammenarbeit mit ausl\u00e4ndischen Experten und Trainings in China.<\/em><\/p>\n<\/div><div class=\"fusion-clearfix\"><\/div><\/div><\/div><div class=\"fusion-layout-column fusion_builder_column fusion-builder-column-1 fusion_builder_column_1_4 1_4 fusion-one-fourth fusion-column-last malik_solutions_main_right fusion-animated\" style=\"--awb-bg-size:cover;width:25%;width:calc(25% - ( ( 4% ) * 0.25 ) );\" data-animationType=\"fadeInRight\" data-animationDuration=\"1.0\" data-animationOffset=\"top-into-view\"><div class=\"fusion-column-wrapper fusion-flex-column-wrapper-legacy\"><div class=\"fusion-text fusion-text-5\"><div class=\"rightside_links_panel\">\n<h4>More on Malik in China<\/h4>\n<ul>\n<li>Malik Keynote an hochrangiger Konferenz in China<\/li>\n<li>Malik zum &#8222;Special Professor&#8220; an Top-Universtit\u00e4t in China ernannt<\/li>\n<\/ul>\n<\/div>\n<\/div><div class=\"fusion-clearfix\"><\/div><\/div><\/div><\/div><\/div>\n","protected":false},"excerpt":{"rendered":"","protected":false},"author":17,"featured_media":0,"parent":16995,"menu_order":1,"comment_status":"closed","ping_status":"closed","template":"side-navigation.php","meta":{"_acf_changed":false,"_bbp_topic_count":0,"_bbp_reply_count":0,"_bbp_total_topic_count":0,"_bbp_total_reply_count":0,"_bbp_voice_count":0,"_bbp_anonymous_reply_count":0,"_bbp_topic_count_hidden":0,"_bbp_reply_count_hidden":0,"_bbp_forum_subforum_count":0,"footnotes":""},"class_list":["post-17013","page","type-page","status-publish","hentry"],"acf":[],"yoast_head":"<!-- This site is optimized with the Yoast SEO plugin v26.4 - https:\/\/yoast.com\/wordpress\/plugins\/seo\/ -->\n<title>Management f\u00fcr Chinesische Universit\u00e4ten - Malik Management<\/title>\n<meta name=\"robots\" content=\"index, follow, max-snippet:-1, max-image-preview:large, max-video-preview:-1\" \/>\n<link rel=\"canonical\" href=\"https:\/\/www.malik-management.com\/de\/malik-loesungen\/loesungen-fuer-den-oeffentlichen-bereich\/universitaeten-in-china\/management-fuer-chinesische-universitaeten\/\" \/>\n<meta property=\"og:locale\" content=\"de_DE\" \/>\n<meta property=\"og:type\" content=\"article\" \/>\n<meta property=\"og:title\" content=\"Management f\u00fcr Chinesische Universit\u00e4ten - Malik Management\" \/>\n<meta property=\"og:url\" content=\"https:\/\/www.malik-management.com\/de\/malik-loesungen\/loesungen-fuer-den-oeffentlichen-bereich\/universitaeten-in-china\/management-fuer-chinesische-universitaeten\/\" \/>\n<meta property=\"og:site_name\" content=\"Malik Management\" \/>\n<meta property=\"article:modified_time\" content=\"2018-12-19T12:16:44+00:00\" \/>\n<meta property=\"og:image\" content=\"https:\/\/www.malik-management.com\/wp-content\/uploads\/2017\/09\/malik-safea-zitate.gif\" \/>\n<meta name=\"twitter:card\" content=\"summary_large_image\" \/>\n<meta name=\"twitter:label1\" content=\"Gesch\u00e4tzte Lesezeit\" \/>\n\t<meta name=\"twitter:data1\" content=\"6\u00a0Minuten\" \/>\n<script type=\"application\/ld+json\" class=\"yoast-schema-graph\">{\"@context\":\"https:\/\/schema.org\",\"@graph\":[{\"@type\":\"WebPage\",\"@id\":\"https:\/\/www.malik-management.com\/de\/malik-loesungen\/loesungen-fuer-den-oeffentlichen-bereich\/universitaeten-in-china\/management-fuer-chinesische-universitaeten\/\",\"url\":\"https:\/\/www.malik-management.com\/de\/malik-loesungen\/loesungen-fuer-den-oeffentlichen-bereich\/universitaeten-in-china\/management-fuer-chinesische-universitaeten\/\",\"name\":\"Management f\u00fcr Chinesische Universit\u00e4ten - Malik Management\",\"isPartOf\":{\"@id\":\"https:\/\/www.malik-management.com\/de\/#website\"},\"primaryImageOfPage\":{\"@id\":\"https:\/\/www.malik-management.com\/de\/malik-loesungen\/loesungen-fuer-den-oeffentlichen-bereich\/universitaeten-in-china\/management-fuer-chinesische-universitaeten\/#primaryimage\"},\"image\":{\"@id\":\"https:\/\/www.malik-management.com\/de\/malik-loesungen\/loesungen-fuer-den-oeffentlichen-bereich\/universitaeten-in-china\/management-fuer-chinesische-universitaeten\/#primaryimage\"},\"thumbnailUrl\":\"https:\/\/www.malik-management.com\/wp-content\/uploads\/2017\/09\/malik-safea-zitate.gif\",\"datePublished\":\"2017-09-06T06:18:42+00:00\",\"dateModified\":\"2018-12-19T12:16:44+00:00\",\"breadcrumb\":{\"@id\":\"https:\/\/www.malik-management.com\/de\/malik-loesungen\/loesungen-fuer-den-oeffentlichen-bereich\/universitaeten-in-china\/management-fuer-chinesische-universitaeten\/#breadcrumb\"},\"inLanguage\":\"de\",\"potentialAction\":[{\"@type\":\"ReadAction\",\"target\":[\"https:\/\/www.malik-management.com\/de\/malik-loesungen\/loesungen-fuer-den-oeffentlichen-bereich\/universitaeten-in-china\/management-fuer-chinesische-universitaeten\/\"]}]},{\"@type\":\"ImageObject\",\"inLanguage\":\"de\",\"@id\":\"https:\/\/www.malik-management.com\/de\/malik-loesungen\/loesungen-fuer-den-oeffentlichen-bereich\/universitaeten-in-china\/management-fuer-chinesische-universitaeten\/#primaryimage\",\"url\":\"https:\/\/www.malik-management.com\/wp-content\/uploads\/2017\/09\/malik-safea-zitate.gif\",\"contentUrl\":\"https:\/\/www.malik-management.com\/wp-content\/uploads\/2017\/09\/malik-safea-zitate.gif\"},{\"@type\":\"BreadcrumbList\",\"@id\":\"https:\/\/www.malik-management.com\/de\/malik-loesungen\/loesungen-fuer-den-oeffentlichen-bereich\/universitaeten-in-china\/management-fuer-chinesische-universitaeten\/#breadcrumb\",\"itemListElement\":[{\"@type\":\"ListItem\",\"position\":1,\"name\":\"Home\",\"item\":\"https:\/\/www.malik-management.com\/de\/\"},{\"@type\":\"ListItem\",\"position\":2,\"name\":\"Malik L\u00f6sungen\",\"item\":\"https:\/\/www.malik-management.com\/de\/malik-loesungen\/\"},{\"@type\":\"ListItem\",\"position\":3,\"name\":\"L\u00f6sungen f\u00fcr den \u00f6ffentlichen Bereich\",\"item\":\"https:\/\/www.malik-management.com\/de\/malik-loesungen\/loesungen-fuer-den-oeffentlichen-bereich\/\"},{\"@type\":\"ListItem\",\"position\":4,\"name\":\"Universit\u00e4ten in China\",\"item\":\"https:\/\/www.malik-management.com\/de\/malik-loesungen\/loesungen-fuer-den-oeffentlichen-bereich\/universitaeten-in-china\/\"},{\"@type\":\"ListItem\",\"position\":5,\"name\":\"Management f\u00fcr Chinesische Universit\u00e4ten\"}]},{\"@type\":\"WebSite\",\"@id\":\"https:\/\/www.malik-management.com\/de\/#website\",\"url\":\"https:\/\/www.malik-management.com\/de\/\",\"name\":\"Malik Management\",\"description\":\"Beyond conventional management\",\"publisher\":{\"@id\":\"https:\/\/www.malik-management.com\/de\/#organization\"},\"potentialAction\":[{\"@type\":\"SearchAction\",\"target\":{\"@type\":\"EntryPoint\",\"urlTemplate\":\"https:\/\/www.malik-management.com\/de\/?s={search_term_string}\"},\"query-input\":{\"@type\":\"PropertyValueSpecification\",\"valueRequired\":true,\"valueName\":\"search_term_string\"}}],\"inLanguage\":\"de\"},{\"@type\":\"Organization\",\"@id\":\"https:\/\/www.malik-management.com\/de\/#organization\",\"name\":\"malik international AG\",\"url\":\"https:\/\/www.malik-management.com\/de\/\",\"logo\":{\"@type\":\"ImageObject\",\"inLanguage\":\"de\",\"@id\":\"https:\/\/www.malik-management.com\/de\/#\/schema\/logo\/image\/\",\"url\":\"https:\/\/www.malik-management.com\/wp-content\/uploads\/2018\/09\/Logo_malik_weiss-klein3.png\",\"contentUrl\":\"https:\/\/www.malik-management.com\/wp-content\/uploads\/2018\/09\/Logo_malik_weiss-klein3.png\",\"width\":140,\"height\":41,\"caption\":\"malik international AG\"},\"image\":{\"@id\":\"https:\/\/www.malik-management.com\/de\/#\/schema\/logo\/image\/\"},\"sameAs\":[\"https:\/\/www.linkedin.com\/company\/30160\",\"https:\/\/www.youtube.com\/user\/malikmanagement\"]}]}<\/script>\n<!-- \/ Yoast SEO plugin. -->","yoast_head_json":{"title":"Management f\u00fcr Chinesische Universit\u00e4ten - Malik Management","robots":{"index":"index","follow":"follow","max-snippet":"max-snippet:-1","max-image-preview":"max-image-preview:large","max-video-preview":"max-video-preview:-1"},"canonical":"https:\/\/www.malik-management.com\/de\/malik-loesungen\/loesungen-fuer-den-oeffentlichen-bereich\/universitaeten-in-china\/management-fuer-chinesische-universitaeten\/","og_locale":"de_DE","og_type":"article","og_title":"Management f\u00fcr Chinesische Universit\u00e4ten - Malik Management","og_url":"https:\/\/www.malik-management.com\/de\/malik-loesungen\/loesungen-fuer-den-oeffentlichen-bereich\/universitaeten-in-china\/management-fuer-chinesische-universitaeten\/","og_site_name":"Malik Management","article_modified_time":"2018-12-19T12:16:44+00:00","og_image":[{"url":"https:\/\/www.malik-management.com\/wp-content\/uploads\/2017\/09\/malik-safea-zitate.gif","type":"","width":"","height":""}],"twitter_card":"summary_large_image","twitter_misc":{"Gesch\u00e4tzte Lesezeit":"6\u00a0Minuten"},"schema":{"@context":"https:\/\/schema.org","@graph":[{"@type":"WebPage","@id":"https:\/\/www.malik-management.com\/de\/malik-loesungen\/loesungen-fuer-den-oeffentlichen-bereich\/universitaeten-in-china\/management-fuer-chinesische-universitaeten\/","url":"https:\/\/www.malik-management.com\/de\/malik-loesungen\/loesungen-fuer-den-oeffentlichen-bereich\/universitaeten-in-china\/management-fuer-chinesische-universitaeten\/","name":"Management f\u00fcr Chinesische Universit\u00e4ten - Malik Management","isPartOf":{"@id":"https:\/\/www.malik-management.com\/de\/#website"},"primaryImageOfPage":{"@id":"https:\/\/www.malik-management.com\/de\/malik-loesungen\/loesungen-fuer-den-oeffentlichen-bereich\/universitaeten-in-china\/management-fuer-chinesische-universitaeten\/#primaryimage"},"image":{"@id":"https:\/\/www.malik-management.com\/de\/malik-loesungen\/loesungen-fuer-den-oeffentlichen-bereich\/universitaeten-in-china\/management-fuer-chinesische-universitaeten\/#primaryimage"},"thumbnailUrl":"https:\/\/www.malik-management.com\/wp-content\/uploads\/2017\/09\/malik-safea-zitate.gif","datePublished":"2017-09-06T06:18:42+00:00","dateModified":"2018-12-19T12:16:44+00:00","breadcrumb":{"@id":"https:\/\/www.malik-management.com\/de\/malik-loesungen\/loesungen-fuer-den-oeffentlichen-bereich\/universitaeten-in-china\/management-fuer-chinesische-universitaeten\/#breadcrumb"},"inLanguage":"de","potentialAction":[{"@type":"ReadAction","target":["https:\/\/www.malik-management.com\/de\/malik-loesungen\/loesungen-fuer-den-oeffentlichen-bereich\/universitaeten-in-china\/management-fuer-chinesische-universitaeten\/"]}]},{"@type":"ImageObject","inLanguage":"de","@id":"https:\/\/www.malik-management.com\/de\/malik-loesungen\/loesungen-fuer-den-oeffentlichen-bereich\/universitaeten-in-china\/management-fuer-chinesische-universitaeten\/#primaryimage","url":"https:\/\/www.malik-management.com\/wp-content\/uploads\/2017\/09\/malik-safea-zitate.gif","contentUrl":"https:\/\/www.malik-management.com\/wp-content\/uploads\/2017\/09\/malik-safea-zitate.gif"},{"@type":"BreadcrumbList","@id":"https:\/\/www.malik-management.com\/de\/malik-loesungen\/loesungen-fuer-den-oeffentlichen-bereich\/universitaeten-in-china\/management-fuer-chinesische-universitaeten\/#breadcrumb","itemListElement":[{"@type":"ListItem","position":1,"name":"Home","item":"https:\/\/www.malik-management.com\/de\/"},{"@type":"ListItem","position":2,"name":"Malik L\u00f6sungen","item":"https:\/\/www.malik-management.com\/de\/malik-loesungen\/"},{"@type":"ListItem","position":3,"name":"L\u00f6sungen f\u00fcr den \u00f6ffentlichen Bereich","item":"https:\/\/www.malik-management.com\/de\/malik-loesungen\/loesungen-fuer-den-oeffentlichen-bereich\/"},{"@type":"ListItem","position":4,"name":"Universit\u00e4ten in China","item":"https:\/\/www.malik-management.com\/de\/malik-loesungen\/loesungen-fuer-den-oeffentlichen-bereich\/universitaeten-in-china\/"},{"@type":"ListItem","position":5,"name":"Management f\u00fcr Chinesische Universit\u00e4ten"}]},{"@type":"WebSite","@id":"https:\/\/www.malik-management.com\/de\/#website","url":"https:\/\/www.malik-management.com\/de\/","name":"Malik Management","description":"Beyond conventional management","publisher":{"@id":"https:\/\/www.malik-management.com\/de\/#organization"},"potentialAction":[{"@type":"SearchAction","target":{"@type":"EntryPoint","urlTemplate":"https:\/\/www.malik-management.com\/de\/?s={search_term_string}"},"query-input":{"@type":"PropertyValueSpecification","valueRequired":true,"valueName":"search_term_string"}}],"inLanguage":"de"},{"@type":"Organization","@id":"https:\/\/www.malik-management.com\/de\/#organization","name":"malik international AG","url":"https:\/\/www.malik-management.com\/de\/","logo":{"@type":"ImageObject","inLanguage":"de","@id":"https:\/\/www.malik-management.com\/de\/#\/schema\/logo\/image\/","url":"https:\/\/www.malik-management.com\/wp-content\/uploads\/2018\/09\/Logo_malik_weiss-klein3.png","contentUrl":"https:\/\/www.malik-management.com\/wp-content\/uploads\/2018\/09\/Logo_malik_weiss-klein3.png","width":140,"height":41,"caption":"malik international AG"},"image":{"@id":"https:\/\/www.malik-management.com\/de\/#\/schema\/logo\/image\/"},"sameAs":["https:\/\/www.linkedin.com\/company\/30160","https:\/\/www.youtube.com\/user\/malikmanagement"]}]}},"_links":{"self":[{"href":"https:\/\/www.malik-management.com\/de\/wp-json\/wp\/v2\/pages\/17013","targetHints":{"allow":["GET"]}}],"collection":[{"href":"https:\/\/www.malik-management.com\/de\/wp-json\/wp\/v2\/pages"}],"about":[{"href":"https:\/\/www.malik-management.com\/de\/wp-json\/wp\/v2\/types\/page"}],"author":[{"embeddable":true,"href":"https:\/\/www.malik-management.com\/de\/wp-json\/wp\/v2\/users\/17"}],"replies":[{"embeddable":true,"href":"https:\/\/www.malik-management.com\/de\/wp-json\/wp\/v2\/comments?post=17013"}],"version-history":[{"count":12,"href":"https:\/\/www.malik-management.com\/de\/wp-json\/wp\/v2\/pages\/17013\/revisions"}],"predecessor-version":[{"id":23345,"href":"https:\/\/www.malik-management.com\/de\/wp-json\/wp\/v2\/pages\/17013\/revisions\/23345"}],"up":[{"embeddable":true,"href":"https:\/\/www.malik-management.com\/de\/wp-json\/wp\/v2\/pages\/16995"}],"wp:attachment":[{"href":"https:\/\/www.malik-management.com\/de\/wp-json\/wp\/v2\/media?parent=17013"}],"curies":[{"name":"wp","href":"https:\/\/api.w.org\/{rel}","templated":true}]}}