{"id":17018,"date":"2017-09-08T10:02:30","date_gmt":"2017-09-08T10:02:30","guid":{"rendered":"https:\/\/www.malik.management\/the-great-transformation21\/"},"modified":"2019-10-15T12:32:38","modified_gmt":"2019-10-15T10:32:38","slug":"die-grosse-transformation21","status":"publish","type":"page","link":"https:\/\/www.malik-management.com\/de\/die-grosse-transformation21\/","title":{"rendered":"Die Grosse Transformation21"},"content":{"rendered":"<div class=\"fusion-fullwidth fullwidth-box fusion-builder-row-1 malik_solutions_main nonhundred-percent-fullwidth non-hundred-percent-height-scrolling\" style=\"--awb-border-radius-top-left:0px;--awb-border-radius-top-right:0px;--awb-border-radius-bottom-right:0px;--awb-border-radius-bottom-left:0px;--awb-padding-top:30px;--awb-padding-bottom:30px;--awb-flex-wrap:wrap;\" ><div class=\"fusion-builder-row fusion-row\"><div class=\"fusion-layout-column fusion_builder_column fusion-builder-column-0 fusion_builder_column_3_4 3_4 fusion-three-fourth fusion-column-first fusion-animated\" style=\"--awb-bg-size:cover;width:75%;width:calc(75% - ( ( 4% ) * 0.75 ) );margin-right: 4%;\" data-animationType=\"fadeInUp\" data-animationDuration=\"1.0\" data-animationOffset=\"top-into-view\"><div class=\"fusion-column-wrapper fusion-flex-column-wrapper-legacy\"><div class=\"fusion-text fusion-text-1\"><div id=\"content-center\">\n<h2>Die Grosse Transformation21<\/h2>\n<\/div>\n<\/div><div class=\"fusion-image-element fusion-image-align-center in-legacy-container\" style=\"text-align:center;--awb-caption-title-font-family:var(--h2_typography-font-family);--awb-caption-title-font-weight:var(--h2_typography-font-weight);--awb-caption-title-font-style:var(--h2_typography-font-style);--awb-caption-title-size:var(--h2_typography-font-size);--awb-caption-title-transform:var(--h2_typography-text-transform);--awb-caption-title-line-height:var(--h2_typography-line-height);--awb-caption-title-letter-spacing:var(--h2_typography-letter-spacing);\"><div class=\"imageframe-align-center\"><span class=\" fusion-imageframe imageframe-dropshadow imageframe-1 hover-type-zoomin malik_solutions_main_right_image01\" style=\"-webkit-box-shadow: 3px 3px 7px rgba(0,0,0,0.3);box-shadow: 3px 3px 7px rgba(0,0,0,0.3);\"><a href=\"https:\/\/www.malik-management.com\/wp-content\/uploads\/2017\/09\/great-transformation-21-content-fallback-1.jpg\" class=\"fusion-lightbox\" data-rel=\"iLightbox[85ef0be95ebe3862cad]\" data-title=\"great-transformation-21-content-fallback\" title=\"great-transformation-21-content-fallback\"><img decoding=\"async\" width=\"625\" height=\"280\" src=\"https:\/\/www.malik-management.com\/wp-content\/uploads\/2017\/09\/great-transformation-21-content-fallback-1.jpg\" alt class=\"img-responsive wp-image-17023\" srcset=\"https:\/\/www.malik-management.com\/wp-content\/uploads\/2017\/09\/great-transformation-21-content-fallback-1-200x90.jpg 200w, https:\/\/www.malik-management.com\/wp-content\/uploads\/2017\/09\/great-transformation-21-content-fallback-1-400x179.jpg 400w, https:\/\/www.malik-management.com\/wp-content\/uploads\/2017\/09\/great-transformation-21-content-fallback-1-600x269.jpg 600w, https:\/\/www.malik-management.com\/wp-content\/uploads\/2017\/09\/great-transformation-21-content-fallback-1.jpg 625w\" sizes=\"(max-width: 800px) 100vw, 625px\" \/><\/a><\/span><\/div><\/div><div class=\"fusion-text fusion-text-2\"><p>Wirtschaft und Gesellschaft gehen durch eine der gr\u00f6ssten Transformationen, die es je in der Geschichte gab. Es ist ein riesiger Paradigmenwechsel, der \u00fcberaus riskante Turbulenzen mit sich bringt. Es ist nichts weniger als ein \u00dcbergang von einer Alten Welt zu einer Neuen Welt. Um ihn zu bew\u00e4ltigen, ist ein revolution\u00e4r neues Management notwendig, um die Ressourcen in die kritische Entscheidungszone zu bewegen. F\u00fcr diese Herausforderungen haben wir die besten L\u00f6sungen, die es je gab, die die Effektivit\u00e4t des Managements um das 80-fache verst\u00e4rken und den Wandel um das 100-fache beschleunigen.<\/p>\n<p>Die sogenannte Fachwelt beurteilt die heutige Wirtschaftslage in den her\u00adk\u00f6mm\u00adlichen Kategorien der Alten Welt, und dementsprechend hilflos fallen ihre Em\u00adpfeh\u00adlungen und Entscheidungen aus. Was wir heute als Finanz- und Wirt\u00adschafts\u00ad\u00adkri\u00adse wahr\u00adnehmen ist keine &#8222;Grosse Depression&#8220;, sondern ein grosser ge\u00adsell\u00adschaft\u00adli\u00adcher Trans\u00adfor\u00adma\u00adtionsprozess \u2013 eine tiefgreifende Kontroll- und Sys\u00adtemkri\u00adse. Sie ist Teil einer nur etwa alle 200 Jahre vorkommenden, weit\u00adrei\u00adchenden, sozial\u00f6konomischen Umwandlung. Deswegen nennt Fred\u00admund Ma\u00adlik sie \u201eDie Grosse Transformation\u201c.<\/p>\n<p>Die alte Welt von Kapitalismus und Sozialismus geht unter, weil eine Neue Welt entsteht. Sie tut dies, weil durch die Alte Welt Bedingungen geschaffen wurden, denen sie selbst nicht mehr gewachsen ist. F\u00fcr die Ordnung der Neu\u00aden Welt, deren Merkmale vorerst nur skizzenhaft erkennbar sind, be\u00adnutzt Malik versuchs\u00adwei\u00adse die Bezeichnung &#8222;Humaner Funktionismus&#8220;, um aus dem begrifflichen Gef\u00e4ngnis der alten Polarit\u00e4t von Kapitalismus und Kom\u00admu\u00adnismus bzw. So\u00adzia\u00adlismus heraus zu kommen und einen neuen Weg des Verstehens auf\u00adzu\u00adzeigen.<\/p>\n<p>Malik gibt in seinem Buch &#8222;<strong>Unter\u00adneh\u00admens\u00adpolitik und Corporate Governance<\/strong>&#8220; 14 Thesen f\u00fcr die Neue Welt:\u00a0<a href=\"https:\/\/www.malik-management.com\/de\/thesen-fuer-die-neue-welt-des-21-jahrhunderts\/\" target=\"_blank\" rel=\"noopener noreferrer\">Download PDF<\/a><\/p>\n<\/div><div class=\"fusion-sep-clear\"><\/div><div class=\"fusion-separator fusion-full-width-sep\" style=\"margin-left: auto;margin-right: auto;margin-bottom:20px;width:100%;\"><div class=\"fusion-separator-border sep-single sep-solid\" style=\"--awb-height:20px;--awb-amount:20px;--awb-sep-color:#cccccc;border-color:#cccccc;border-top-width:1px;\"><\/div><\/div><div class=\"fusion-sep-clear\"><\/div><div class=\"fusion-builder-row fusion-builder-row-inner fusion-row\"><div class=\"fusion-layout-column fusion_builder_column_inner fusion-builder-nested-column-0 fusion_builder_column_inner_1_3 1_3 fusion-one-third fusion-column-first\" style=\"--awb-bg-size:cover;width:33.333333333333%;width:calc(33.333333333333% - ( ( 4% ) * 0.33333333333333 ) );margin-right: 4%;\"><div class=\"fusion-column-wrapper fusion-flex-column-wrapper-legacy\"><a class=\"awb-lightbox awb-lightbox-1\" href=\"https:\/\/youtu.be\/YkcX60Bj7oc\" data-rel=\"iLightbox\"><img decoding=\"async\" src=\"https:\/\/www.malik-management.com\/wp-content\/uploads\/2017\/09\/krisemeistern2.jpg\"><\/a><div class=\"fusion-clearfix\"><\/div><\/div><\/div><div class=\"fusion-layout-column fusion_builder_column_inner fusion-builder-nested-column-1 fusion_builder_column_inner_2_3 2_3 fusion-two-third fusion-column-last\" style=\"--awb-bg-size:cover;width:66.666666666667%;width:calc(66.666666666667% - ( ( 4% ) * 0.66666666666667 ) );\"><div class=\"fusion-column-wrapper fusion-flex-column-wrapper-legacy\"><div class=\"fusion-text fusion-text-3\"><p><strong>Fredmund Malik im Interview anl\u00e4sslich<\/strong><\/p>\n<p><strong>des Peter Drucker Forums 2009 in Wien<\/strong><\/p>\n<p><strong>\u00fcber Die Grosse Transformation21<\/strong><\/p>\n<\/div><div class=\"fusion-clearfix\"><\/div><\/div><\/div><\/div><div class=\"fusion-sep-clear\"><\/div><div class=\"fusion-separator fusion-full-width-sep\" style=\"margin-left: auto;margin-right: auto;margin-bottom:20px;width:100%;\"><div class=\"fusion-separator-border sep-single sep-solid\" style=\"--awb-height:20px;--awb-amount:20px;--awb-sep-color:#cccccc;border-color:#cccccc;border-top-width:1px;\"><\/div><\/div><div class=\"fusion-sep-clear\"><\/div><div class=\"fusion-text fusion-text-4\"><p><strong>Als alle glaubten, die Krise sei vorbei&#8230;<\/strong><br \/>\nVier Wirtschafts- bzw. Business-Experten gaben im\u00a0<strong>Oktober 2009<\/strong>\u00a0bei einem Business Talk des Schweizer Wirtschaftsmagazins\u00a0BILANZ ihre Beurteilung des weiteren Krisenverlaufs ab. Als\u00a0<u>einziger<\/u>\u00a0Teilnehmer lag Prof. Dr. Fredmund Malik mit seiner Lagebeurteilung richtig. Die anderen Teilnehmer der Runde gaben sich damals vorsichtig bis optimistisch.\u00a008.10.2009: BILANZ Business Talk im Kunsthaus Z\u00fcrich<\/p>\n<\/div><div class=\"fusion-clearfix\"><\/div><\/div><\/div><div class=\"fusion-layout-column fusion_builder_column fusion-builder-column-1 fusion_builder_column_1_4 1_4 fusion-one-fourth fusion-column-last malik_solutions_main_right fusion-animated\" style=\"--awb-bg-size:cover;width:25%;width:calc(25% - ( ( 4% ) * 0.25 ) );\" data-animationType=\"fadeInRight\" data-animationDuration=\"1.0\" data-animationOffset=\"top-into-view\"><div class=\"fusion-column-wrapper fusion-flex-column-wrapper-legacy\"><div class=\"fusion-text fusion-text-5\"><div id=\"content-center\">\n<h3>Malik Letter &#8222;Euro und Unternehmensstrategie&#8220;, 03\/1997<\/h3>\n<div class=\"block-element block-element-sidebar\">\n<div class=\"link-element\"><span style=\"color: #ff0000;\"><strong>\u00bb<\/strong><\/span><a title=\"Mit Gastbeitrag von Prof. Dr. Heinsohn und Dr. Steiger: \" href=\"https:\/\/www.malik-management.com\/wp-content\/uploads\/2017\/09\/malik-letter-euro-und-unternehmensstrategie-03-1998-6.pdf\" target=\"_blank\" rel=\"noopener noreferrer\">Mit Gastbeitrag von Prof. Dr. Dr. Heinsohn und Dr. Steiger: &#8222;Zwei Konstruktionsfehler des Euro&#8220;<\/a><\/div>\n<\/div>\n<div class=\"block-element block-element-sidebar\"><\/div>\n<\/div>\n<div><\/div>\n<\/div><div class=\"fusion-text fusion-text-6\"><p><span style=\"color: #ffffff;\">a<\/span><\/p>\n<\/div><div class=\"fusion-sep-clear\"><\/div><div class=\"fusion-separator fusion-full-width-sep\" style=\"margin-left: auto;margin-right: auto;width:100%;\"><div class=\"fusion-separator-border sep-single sep-solid\" style=\"--awb-height:20px;--awb-amount:20px;--awb-sep-color:#cccccc;border-color:#cccccc;border-top-width:1px;\"><\/div><\/div><div class=\"fusion-sep-clear\"><\/div><div class=\"fusion-text fusion-text-7\"><p><span style=\"color: #ffffff;\">a<\/span><\/p>\n<\/div><div class=\"fusion-text fusion-text-8\"><div id=\"content-center\">\n<h3>Malik Letter zur Grossen Transformation21<\/h3>\n<div class=\"block-element block-element-sidebar\">\n<div><a class=\"pimcore_icon_pdf\" href=\"https:\/\/www.malik-management.com\/wp-content\/uploads\/2017\/09\/malik-letter-gezeitenstroeme-der-grossen-transformation21-08-2010-1.pdf\" target=\"_blank\" rel=\"noopener noreferrer\">Gezeiten der Grossen Transformation21, 08\/2010<\/a><\/div>\n<\/div>\n<\/div>\n<div><\/div>\n<div><\/div>\n<div id=\"content-center\">\n<div class=\"block-element block-element-sidebar\">\n<div><\/div>\n<div class=\"link-element\"><\/div>\n<\/div>\n<\/div>\n<div><\/div>\n<\/div><div class=\"fusion-text fusion-text-9\"><div id=\"content-center\">\n<p><a class=\"pimcore_icon_pdf\" href=\"https:\/\/www.malik-management.com\/wp-content\/uploads\/2017\/09\/malik-letter-gezeitenstroeme-der-grossen-transformation21-08-2010-1.pdf\" target=\"_blank\" rel=\"noopener noreferrer\">Die Grosse Transformation21, 02\/2011<\/a><\/p>\n<\/div>\n<div><\/div>\n<div id=\"content-center\">\n<div class=\"block-element block-element-sidebar\">\n<div><\/div>\n<div class=\"link-element\"><\/div>\n<\/div>\n<\/div>\n<div><\/div>\n<\/div><div class=\"fusion-clearfix\"><\/div><\/div><\/div><\/div><\/div>\n","protected":false},"excerpt":{"rendered":"","protected":false},"author":17,"featured_media":0,"parent":0,"menu_order":0,"comment_status":"closed","ping_status":"closed","template":"side-navigation.php","meta":{"_acf_changed":false,"_bbp_topic_count":0,"_bbp_reply_count":0,"_bbp_total_topic_count":0,"_bbp_total_reply_count":0,"_bbp_voice_count":0,"_bbp_anonymous_reply_count":0,"_bbp_topic_count_hidden":0,"_bbp_reply_count_hidden":0,"_bbp_forum_subforum_count":0,"footnotes":""},"class_list":["post-17018","page","type-page","status-publish","hentry"],"acf":[],"yoast_head":"<!-- This site is optimized with the Yoast SEO plugin v26.4 - https:\/\/yoast.com\/wordpress\/plugins\/seo\/ -->\n<title>Die Grosse Transformation21 - Malik Management<\/title>\n<meta name=\"description\" content=\"Wirtschaft und Gesellschaft gehen durch eine der gr\u00f6ssten Transformationen, die es je in der Geschichte gab: die Grosse Transformation21.\" \/>\n<meta name=\"robots\" content=\"index, follow, max-snippet:-1, max-image-preview:large, max-video-preview:-1\" \/>\n<link rel=\"canonical\" href=\"https:\/\/www.malik-management.com\/de\/die-grosse-transformation21\/\" \/>\n<meta property=\"og:locale\" content=\"de_DE\" \/>\n<meta property=\"og:type\" content=\"article\" \/>\n<meta property=\"og:title\" content=\"Die Grosse Transformation21 - Malik Management\" \/>\n<meta property=\"og:description\" content=\"Wirtschaft und Gesellschaft gehen durch eine der gr\u00f6ssten Transformationen, die es je in der Geschichte gab: die Grosse Transformation21.\" \/>\n<meta property=\"og:url\" content=\"https:\/\/www.malik-management.com\/de\/die-grosse-transformation21\/\" \/>\n<meta property=\"og:site_name\" content=\"Malik Management\" \/>\n<meta property=\"article:modified_time\" content=\"2019-10-15T10:32:38+00:00\" \/>\n<meta property=\"og:image\" content=\"https:\/\/www.malik-management.com\/wp-content\/uploads\/2017\/09\/krisemeistern2.jpg\" \/>\n<meta name=\"twitter:card\" content=\"summary_large_image\" \/>\n<meta name=\"twitter:label1\" content=\"Gesch\u00e4tzte Lesezeit\" \/>\n\t<meta name=\"twitter:data1\" content=\"6\u00a0Minuten\" \/>\n<script type=\"application\/ld+json\" class=\"yoast-schema-graph\">{\"@context\":\"https:\/\/schema.org\",\"@graph\":[{\"@type\":\"WebPage\",\"@id\":\"https:\/\/www.malik-management.com\/de\/die-grosse-transformation21\/\",\"url\":\"https:\/\/www.malik-management.com\/de\/die-grosse-transformation21\/\",\"name\":\"Die Grosse Transformation21 - Malik Management\",\"isPartOf\":{\"@id\":\"https:\/\/www.malik-management.com\/de\/#website\"},\"primaryImageOfPage\":{\"@id\":\"https:\/\/www.malik-management.com\/de\/die-grosse-transformation21\/#primaryimage\"},\"image\":{\"@id\":\"https:\/\/www.malik-management.com\/de\/die-grosse-transformation21\/#primaryimage\"},\"thumbnailUrl\":\"https:\/\/www.malik-management.com\/wp-content\/uploads\/2017\/09\/krisemeistern2.jpg\",\"datePublished\":\"2017-09-08T10:02:30+00:00\",\"dateModified\":\"2019-10-15T10:32:38+00:00\",\"description\":\"Wirtschaft und Gesellschaft gehen durch eine der gr\u00f6ssten Transformationen, die es je in der Geschichte gab: die Grosse Transformation21.\",\"breadcrumb\":{\"@id\":\"https:\/\/www.malik-management.com\/de\/die-grosse-transformation21\/#breadcrumb\"},\"inLanguage\":\"de\",\"potentialAction\":[{\"@type\":\"ReadAction\",\"target\":[\"https:\/\/www.malik-management.com\/de\/die-grosse-transformation21\/\"]}]},{\"@type\":\"ImageObject\",\"inLanguage\":\"de\",\"@id\":\"https:\/\/www.malik-management.com\/de\/die-grosse-transformation21\/#primaryimage\",\"url\":\"https:\/\/www.malik-management.com\/wp-content\/uploads\/2017\/09\/krisemeistern2.jpg\",\"contentUrl\":\"https:\/\/www.malik-management.com\/wp-content\/uploads\/2017\/09\/krisemeistern2.jpg\"},{\"@type\":\"BreadcrumbList\",\"@id\":\"https:\/\/www.malik-management.com\/de\/die-grosse-transformation21\/#breadcrumb\",\"itemListElement\":[{\"@type\":\"ListItem\",\"position\":1,\"name\":\"Home\",\"item\":\"https:\/\/www.malik-management.com\/de\/\"},{\"@type\":\"ListItem\",\"position\":2,\"name\":\"Die Grosse Transformation21\"}]},{\"@type\":\"WebSite\",\"@id\":\"https:\/\/www.malik-management.com\/de\/#website\",\"url\":\"https:\/\/www.malik-management.com\/de\/\",\"name\":\"Malik Management\",\"description\":\"Beyond conventional management\",\"publisher\":{\"@id\":\"https:\/\/www.malik-management.com\/de\/#organization\"},\"potentialAction\":[{\"@type\":\"SearchAction\",\"target\":{\"@type\":\"EntryPoint\",\"urlTemplate\":\"https:\/\/www.malik-management.com\/de\/?s={search_term_string}\"},\"query-input\":{\"@type\":\"PropertyValueSpecification\",\"valueRequired\":true,\"valueName\":\"search_term_string\"}}],\"inLanguage\":\"de\"},{\"@type\":\"Organization\",\"@id\":\"https:\/\/www.malik-management.com\/de\/#organization\",\"name\":\"malik international AG\",\"url\":\"https:\/\/www.malik-management.com\/de\/\",\"logo\":{\"@type\":\"ImageObject\",\"inLanguage\":\"de\",\"@id\":\"https:\/\/www.malik-management.com\/de\/#\/schema\/logo\/image\/\",\"url\":\"https:\/\/www.malik-management.com\/wp-content\/uploads\/2018\/09\/Logo_malik_weiss-klein3.png\",\"contentUrl\":\"https:\/\/www.malik-management.com\/wp-content\/uploads\/2018\/09\/Logo_malik_weiss-klein3.png\",\"width\":140,\"height\":41,\"caption\":\"malik international AG\"},\"image\":{\"@id\":\"https:\/\/www.malik-management.com\/de\/#\/schema\/logo\/image\/\"},\"sameAs\":[\"https:\/\/www.linkedin.com\/company\/30160\",\"https:\/\/www.youtube.com\/user\/malikmanagement\"]}]}<\/script>\n<!-- \/ Yoast SEO plugin. -->","yoast_head_json":{"title":"Die Grosse Transformation21 - Malik Management","description":"Wirtschaft und Gesellschaft gehen durch eine der gr\u00f6ssten Transformationen, die es je in der Geschichte gab: die Grosse Transformation21.","robots":{"index":"index","follow":"follow","max-snippet":"max-snippet:-1","max-image-preview":"max-image-preview:large","max-video-preview":"max-video-preview:-1"},"canonical":"https:\/\/www.malik-management.com\/de\/die-grosse-transformation21\/","og_locale":"de_DE","og_type":"article","og_title":"Die Grosse Transformation21 - Malik Management","og_description":"Wirtschaft und Gesellschaft gehen durch eine der gr\u00f6ssten Transformationen, die es je in der Geschichte gab: die Grosse Transformation21.","og_url":"https:\/\/www.malik-management.com\/de\/die-grosse-transformation21\/","og_site_name":"Malik Management","article_modified_time":"2019-10-15T10:32:38+00:00","og_image":[{"url":"https:\/\/www.malik-management.com\/wp-content\/uploads\/2017\/09\/krisemeistern2.jpg","type":"","width":"","height":""}],"twitter_card":"summary_large_image","twitter_misc":{"Gesch\u00e4tzte Lesezeit":"6\u00a0Minuten"},"schema":{"@context":"https:\/\/schema.org","@graph":[{"@type":"WebPage","@id":"https:\/\/www.malik-management.com\/de\/die-grosse-transformation21\/","url":"https:\/\/www.malik-management.com\/de\/die-grosse-transformation21\/","name":"Die Grosse Transformation21 - Malik Management","isPartOf":{"@id":"https:\/\/www.malik-management.com\/de\/#website"},"primaryImageOfPage":{"@id":"https:\/\/www.malik-management.com\/de\/die-grosse-transformation21\/#primaryimage"},"image":{"@id":"https:\/\/www.malik-management.com\/de\/die-grosse-transformation21\/#primaryimage"},"thumbnailUrl":"https:\/\/www.malik-management.com\/wp-content\/uploads\/2017\/09\/krisemeistern2.jpg","datePublished":"2017-09-08T10:02:30+00:00","dateModified":"2019-10-15T10:32:38+00:00","description":"Wirtschaft und Gesellschaft gehen durch eine der gr\u00f6ssten Transformationen, die es je in der Geschichte gab: die Grosse Transformation21.","breadcrumb":{"@id":"https:\/\/www.malik-management.com\/de\/die-grosse-transformation21\/#breadcrumb"},"inLanguage":"de","potentialAction":[{"@type":"ReadAction","target":["https:\/\/www.malik-management.com\/de\/die-grosse-transformation21\/"]}]},{"@type":"ImageObject","inLanguage":"de","@id":"https:\/\/www.malik-management.com\/de\/die-grosse-transformation21\/#primaryimage","url":"https:\/\/www.malik-management.com\/wp-content\/uploads\/2017\/09\/krisemeistern2.jpg","contentUrl":"https:\/\/www.malik-management.com\/wp-content\/uploads\/2017\/09\/krisemeistern2.jpg"},{"@type":"BreadcrumbList","@id":"https:\/\/www.malik-management.com\/de\/die-grosse-transformation21\/#breadcrumb","itemListElement":[{"@type":"ListItem","position":1,"name":"Home","item":"https:\/\/www.malik-management.com\/de\/"},{"@type":"ListItem","position":2,"name":"Die Grosse Transformation21"}]},{"@type":"WebSite","@id":"https:\/\/www.malik-management.com\/de\/#website","url":"https:\/\/www.malik-management.com\/de\/","name":"Malik Management","description":"Beyond conventional management","publisher":{"@id":"https:\/\/www.malik-management.com\/de\/#organization"},"potentialAction":[{"@type":"SearchAction","target":{"@type":"EntryPoint","urlTemplate":"https:\/\/www.malik-management.com\/de\/?s={search_term_string}"},"query-input":{"@type":"PropertyValueSpecification","valueRequired":true,"valueName":"search_term_string"}}],"inLanguage":"de"},{"@type":"Organization","@id":"https:\/\/www.malik-management.com\/de\/#organization","name":"malik international AG","url":"https:\/\/www.malik-management.com\/de\/","logo":{"@type":"ImageObject","inLanguage":"de","@id":"https:\/\/www.malik-management.com\/de\/#\/schema\/logo\/image\/","url":"https:\/\/www.malik-management.com\/wp-content\/uploads\/2018\/09\/Logo_malik_weiss-klein3.png","contentUrl":"https:\/\/www.malik-management.com\/wp-content\/uploads\/2018\/09\/Logo_malik_weiss-klein3.png","width":140,"height":41,"caption":"malik international AG"},"image":{"@id":"https:\/\/www.malik-management.com\/de\/#\/schema\/logo\/image\/"},"sameAs":["https:\/\/www.linkedin.com\/company\/30160","https:\/\/www.youtube.com\/user\/malikmanagement"]}]}},"_links":{"self":[{"href":"https:\/\/www.malik-management.com\/de\/wp-json\/wp\/v2\/pages\/17018","targetHints":{"allow":["GET"]}}],"collection":[{"href":"https:\/\/www.malik-management.com\/de\/wp-json\/wp\/v2\/pages"}],"about":[{"href":"https:\/\/www.malik-management.com\/de\/wp-json\/wp\/v2\/types\/page"}],"author":[{"embeddable":true,"href":"https:\/\/www.malik-management.com\/de\/wp-json\/wp\/v2\/users\/17"}],"replies":[{"embeddable":true,"href":"https:\/\/www.malik-management.com\/de\/wp-json\/wp\/v2\/comments?post=17018"}],"version-history":[{"count":18,"href":"https:\/\/www.malik-management.com\/de\/wp-json\/wp\/v2\/pages\/17018\/revisions"}],"predecessor-version":[{"id":24052,"href":"https:\/\/www.malik-management.com\/de\/wp-json\/wp\/v2\/pages\/17018\/revisions\/24052"}],"wp:attachment":[{"href":"https:\/\/www.malik-management.com\/de\/wp-json\/wp\/v2\/media?parent=17018"}],"curies":[{"name":"wp","href":"https:\/\/api.w.org\/{rel}","templated":true}]}}