{"id":17049,"date":"2017-09-08T10:24:18","date_gmt":"2017-09-08T10:24:18","guid":{"rendered":"https:\/\/www.malik.management\/?page_id=17049\/"},"modified":"2017-09-16T05:34:04","modified_gmt":"2017-09-16T05:34:04","slug":"malik-healthcare-forum-muenchen","status":"publish","type":"page","link":"https:\/\/www.malik-management.com\/de\/malik-healthcare-forum-muenchen\/","title":{"rendered":"Malik Healthcare Forum M\u00fcnchen"},"content":{"rendered":"<div class=\"fusion-fullwidth fullwidth-box fusion-builder-row-1 malik_solutions_main nonhundred-percent-fullwidth non-hundred-percent-height-scrolling\" style=\"--awb-border-radius-top-left:0px;--awb-border-radius-top-right:0px;--awb-border-radius-bottom-right:0px;--awb-border-radius-bottom-left:0px;--awb-padding-top:30px;--awb-padding-bottom:30px;--awb-flex-wrap:wrap;\" ><div class=\"fusion-builder-row fusion-row\"><div class=\"fusion-layout-column fusion_builder_column fusion-builder-column-0 fusion_builder_column_1_1 1_1 fusion-one-full fusion-column-first fusion-column-last malik_solutions_main_content01 fusion-animated\" style=\"--awb-bg-size:cover;\" data-animationType=\"fadeInUp\" data-animationDuration=\"1.0\" data-animationOffset=\"top-into-view\"><div class=\"fusion-column-wrapper fusion-flex-column-wrapper-legacy\"><div class=\"fusion-text fusion-text-1\"><div id=\"content-center\">\n<h2>Malik Healthcare Forum M\u00fcnchen: &#8222;Rettet die Medizin&#8220;<\/h2>\n<div class=\"block_element01\">\n<p><strong>Mit Prof. Dr. Fredmund Malik und Prof. Dr. Peter P. Pramstaller<\/strong><\/p>\n<p>Fredmund Malik spricht von einer Neuen Welt, die durch die Grosse Transformation21 entsteht und mit dem &#8222;historisch wahrscheinlich gr\u00f6ssten gesellschaftlichen Umwandlungsprozess&#8220; einhergeht. Zentral sind davon auch das Gesundheitssystem und seine Organisationen betroffen, die sich zum Teil radikal ver\u00e4ndern werden.<\/p>\n<p>Peter P. Pramstaller legt in seinem neuen Buch <em>Rettet die Medizin<\/em> den Finger in eine Wunde, die heute bereits in vielen Krankenh\u00e4usern sp\u00fcrbar ist \u2013 f\u00fcr die \u00c4rzte und f\u00fcr das Management. Die Medizin ist gegen\u00fcber einem unter \u00f6konomischen Diktat agierenden Umfeld in die Defensive geraten.<em> &#8222;Waren die \u00c4rzte fr\u00fcher die unangefochtenen Herren \u00fcber alles Geschehen in den Krankenh\u00e4usern, so haben in den vergangenen Jahrzehnten im Zeichen von Kosten- und Rationalisierungszw\u00e4ngen zunehmend fachfremde Manager und Verwalter die F\u00fchrung von Krankenh\u00e4usern \u00fcbernommen. Die \u00c4rzte hingegen wurden mehr und mehr zu weisungsgebundenen und rechenschaftspflichtigen Ausf\u00fchrenden im Krankenhausgeschehen. Das hat zu einem frustrierten R\u00fcckzug der \u00c4rzte aus der Mitwirkung an der Weiterentwicklung in den Krankenh\u00e4usern gef\u00fchrt. Daraus wiederum sind kostenintensive Reibungen entstanden, ein von Misstrauen getragenes, \u00fcberbordendes Berichtssystem sowie die Entwicklung hin zu einer eher formal als inhaltlich begr\u00fcndeten Orientierung der Medizin an Industriebetrieben.&#8220;<\/em><\/p>\n<p>Die Folge ist h\u00e4ufig eine gest\u00f6rte Kommunikation und Kooperation zwischen den \u00c4rzten und dem Klinikmanagement. Gerade diese Zusammenarbeit ist aber unerl\u00e4sslich, damit die Organisation ihren Zweck effektiv und effizient zum Wohle der Patienten erf\u00fcllen kann. Ohne professionelle F\u00fchrung sind reibungslose Abl\u00e4ufe und ein zielgerichtetes Arbeiten in einem Krankenhaus nicht m\u00f6glich; ohne eine klare medizinisch-inhaltliche Begr\u00fcndung aber auch nicht. Beide Seiten brauchen einander: Die \u00c4rzte brauchen das Management mit seinem \u00f6konomischen Wissen zur Entlastung, und das Management braucht die \u00c4rzte mit ihrem medizinischen Wissen zur Festlegung gemeinsam vertretener medizinischer Inhalte.<\/p>\n<p><strong>L\u00f6sungen gibt es. Dazu m\u00fcssen die richtigen Fragen gestellt und von den Beteiligten im gegenseitigen Einverst\u00e4ndnis beantwortet werden:<\/strong><\/p>\n<ul>\n<li>Wie kann eine Kultur der vertrauensvollen Kooperation von \u00c4rzten und Management auf Augenh\u00f6he entstehen?<\/li>\n<li>Wie m\u00fcssen Prozesse und Managementsysteme beschaffen sein, die es den \u00c4rzten erlauben, sich auf ihre ureigenste T\u00e4tigkeit zu konzentrieren, n\u00e4mlich Krankenversorgung in hoher Professionalit\u00e4t?<\/li>\n<li>Was muss sich am Rollenverst\u00e4ndnis der \u00c4rzte \u00e4ndern, damit sie im besten Sinn einen Beitrag zum Ganzen leisten? Welche neuen F\u00e4higkeiten brauchen Sie dazu?<\/li>\n<li>Wie k\u00f6nnen Klinikmanagement und \u00c4rzte gemeinsam die Mission und die Ziele der Organisation definieren?<\/li>\n<li>Nach welchen Werten und Grunds\u00e4tzen, mit welchen Werkzeugen und in welcher Haltung m\u00fcssen \u00e4rztliche Mitarbeiter gef\u00fchrt werden, damit Leistung, Motivation und Engagement f\u00fcr das Wohl der Patienten und f\u00fcr das Wohl der Gesamtorganisation entstehen?<\/li>\n<\/ul>\n<p>Am Malik Healthcare Forum werden diese und noch mehr Fragen diskutiert und beantwortet.<\/p>\n<p><u><strong>Programm<\/strong>:<\/u><br \/>\n13:00 Uhr: Begr\u00fcssung und Einleitung (K. Galler, Malik Institute for Health Care Management\/MIHM)<br \/>\n13:15 Uhr: Impulsreferat I: Die Grosse Transformation21 (F. Malik)<br \/>\n13:45 Uhr: Impulsreferat II: Die Treiber der neuen Welt der Medizin und ihre Auswirkungen (P. Pramstaller)<br \/>\n14:15 Uhr: Diskussion<br \/>\n14:45 Uhr: Pause<br \/>\n15:15 Uhr: Impulsreferat III: Die Ver\u00e4nderungsaufgabe des Managements (F. Malik)<br \/>\n15:45 Uhr: Impulsreferat IV: Die Ver\u00e4nderungsaufgabe der \u00c4rzte (P. Pramstaller)<br \/>\n16:15 Uhr: Diskussion von L\u00f6sungen: Was m\u00fcssen wir tun, um die &#8222;Medizin zu retten&#8220; und hochwertige Krankenversorgung zu sichern?<br \/>\n17:00 Uhr: Ende des Forums. Ausklang bei Fingerfood und Getr\u00e4nken.<\/p>\n<p><u><strong>Referenten:<\/strong><\/u><br \/>\n<strong>Prof. Dr. oec. habil. Fredmund Malik<\/strong> ist Chairman und CEO des Malik Institute St. Gallen; sein neuestes Buch <em>Navigieren in Zeiten des Umbruchs<\/em> zeigt auf, wie komplexe Organisationen gef\u00fchrt werden m\u00fcssen.<br \/>\n<strong>Prof. Dr. med. habil. Peter P. Pramstaller<\/strong> ist Neurologe und Direktor des Zentrums f\u00fcr Biomedizin der EURAC in Bozen sowie Autor des neuen Buches <em>Rettet die Medizin<\/em>.<br \/>\n<strong>Dr. Thomas Hopfe<\/strong> ist Gr\u00fcnder und Gesch\u00e4ftsf\u00fchrer Medizinisch-Wissenschaftliche Verlagsgesellschaft.<br \/>\n<strong>Klaus Galler, lic.phil. <\/strong>ist Gesch\u00e4ftsf\u00fchrer Malik Institute for Healthcare Management (MIHM).<\/p>\n<p><strong>Ort:<\/strong> Courtyard Munich City Center<br \/>\nSchwanthalerstrasse 37<br \/>\n80336 M\u00fcnchen<br \/>\n<strong>Zeit:<\/strong> 19. Oktober 2017, 13:00 \u2013 17:00 Uhr<br \/>\n<strong>Teilnahmegeb\u00fchr: <\/strong>\u20ac 150.-<\/p>\n<p><a href=\"https:\/\/www.malik-management.com\/seminar-registration\/\"><img decoding=\"async\" style=\"width: 125px;\" src=\"https:\/\/www.malik-management.com\/wp-content\/uploads\/2017\/09\/buchen.jpg\" \/><\/a><\/p>\n<\/div>\n<\/div>\n<\/div><div class=\"fusion-clearfix\"><\/div><\/div><\/div><\/div><\/div>\n","protected":false},"excerpt":{"rendered":"","protected":false},"author":17,"featured_media":0,"parent":0,"menu_order":0,"comment_status":"closed","ping_status":"closed","template":"100-width.php","meta":{"_acf_changed":false,"_bbp_topic_count":0,"_bbp_reply_count":0,"_bbp_total_topic_count":0,"_bbp_total_reply_count":0,"_bbp_voice_count":0,"_bbp_anonymous_reply_count":0,"_bbp_topic_count_hidden":0,"_bbp_reply_count_hidden":0,"_bbp_forum_subforum_count":0,"footnotes":""},"class_list":["post-17049","page","type-page","status-publish","hentry"],"acf":[],"yoast_head":"<!-- This site is optimized with the Yoast SEO plugin v26.4 - https:\/\/yoast.com\/wordpress\/plugins\/seo\/ -->\n<title>Malik Healthcare Forum M\u00fcnchen - Malik Management<\/title>\n<meta name=\"robots\" content=\"index, follow, max-snippet:-1, max-image-preview:large, max-video-preview:-1\" \/>\n<link rel=\"canonical\" href=\"https:\/\/www.malik-management.com\/de\/malik-healthcare-forum-muenchen\/\" \/>\n<meta property=\"og:locale\" content=\"de_DE\" \/>\n<meta property=\"og:type\" content=\"article\" \/>\n<meta property=\"og:title\" content=\"Malik Healthcare Forum M\u00fcnchen - Malik Management\" \/>\n<meta property=\"og:url\" content=\"https:\/\/www.malik-management.com\/de\/malik-healthcare-forum-muenchen\/\" \/>\n<meta property=\"og:site_name\" content=\"Malik Management\" \/>\n<meta property=\"article:modified_time\" content=\"2017-09-16T05:34:04+00:00\" \/>\n<meta property=\"og:image\" content=\"https:\/\/www.malik-management.com\/wp-content\/uploads\/2017\/09\/buchen.jpg\" \/>\n<meta name=\"twitter:card\" content=\"summary_large_image\" \/>\n<meta name=\"twitter:label1\" content=\"Gesch\u00e4tzte Lesezeit\" \/>\n\t<meta name=\"twitter:data1\" content=\"4\u00a0Minuten\" \/>\n<script type=\"application\/ld+json\" class=\"yoast-schema-graph\">{\"@context\":\"https:\/\/schema.org\",\"@graph\":[{\"@type\":\"WebPage\",\"@id\":\"https:\/\/www.malik-management.com\/de\/malik-healthcare-forum-muenchen\/\",\"url\":\"https:\/\/www.malik-management.com\/de\/malik-healthcare-forum-muenchen\/\",\"name\":\"Malik Healthcare Forum M\u00fcnchen - Malik Management\",\"isPartOf\":{\"@id\":\"https:\/\/www.malik-management.com\/de\/#website\"},\"primaryImageOfPage\":{\"@id\":\"https:\/\/www.malik-management.com\/de\/malik-healthcare-forum-muenchen\/#primaryimage\"},\"image\":{\"@id\":\"https:\/\/www.malik-management.com\/de\/malik-healthcare-forum-muenchen\/#primaryimage\"},\"thumbnailUrl\":\"https:\/\/www.malik-management.com\/wp-content\/uploads\/2017\/09\/buchen.jpg\",\"datePublished\":\"2017-09-08T10:24:18+00:00\",\"dateModified\":\"2017-09-16T05:34:04+00:00\",\"breadcrumb\":{\"@id\":\"https:\/\/www.malik-management.com\/de\/malik-healthcare-forum-muenchen\/#breadcrumb\"},\"inLanguage\":\"de\",\"potentialAction\":[{\"@type\":\"ReadAction\",\"target\":[\"https:\/\/www.malik-management.com\/de\/malik-healthcare-forum-muenchen\/\"]}]},{\"@type\":\"ImageObject\",\"inLanguage\":\"de\",\"@id\":\"https:\/\/www.malik-management.com\/de\/malik-healthcare-forum-muenchen\/#primaryimage\",\"url\":\"https:\/\/www.malik-management.com\/wp-content\/uploads\/2017\/09\/buchen.jpg\",\"contentUrl\":\"https:\/\/www.malik-management.com\/wp-content\/uploads\/2017\/09\/buchen.jpg\"},{\"@type\":\"BreadcrumbList\",\"@id\":\"https:\/\/www.malik-management.com\/de\/malik-healthcare-forum-muenchen\/#breadcrumb\",\"itemListElement\":[{\"@type\":\"ListItem\",\"position\":1,\"name\":\"Home\",\"item\":\"https:\/\/www.malik-management.com\/de\/\"},{\"@type\":\"ListItem\",\"position\":2,\"name\":\"Malik Healthcare Forum M\u00fcnchen\"}]},{\"@type\":\"WebSite\",\"@id\":\"https:\/\/www.malik-management.com\/de\/#website\",\"url\":\"https:\/\/www.malik-management.com\/de\/\",\"name\":\"Malik Management\",\"description\":\"Beyond conventional management\",\"publisher\":{\"@id\":\"https:\/\/www.malik-management.com\/de\/#organization\"},\"potentialAction\":[{\"@type\":\"SearchAction\",\"target\":{\"@type\":\"EntryPoint\",\"urlTemplate\":\"https:\/\/www.malik-management.com\/de\/?s={search_term_string}\"},\"query-input\":{\"@type\":\"PropertyValueSpecification\",\"valueRequired\":true,\"valueName\":\"search_term_string\"}}],\"inLanguage\":\"de\"},{\"@type\":\"Organization\",\"@id\":\"https:\/\/www.malik-management.com\/de\/#organization\",\"name\":\"malik international AG\",\"url\":\"https:\/\/www.malik-management.com\/de\/\",\"logo\":{\"@type\":\"ImageObject\",\"inLanguage\":\"de\",\"@id\":\"https:\/\/www.malik-management.com\/de\/#\/schema\/logo\/image\/\",\"url\":\"https:\/\/www.malik-management.com\/wp-content\/uploads\/2018\/09\/Logo_malik_weiss-klein3.png\",\"contentUrl\":\"https:\/\/www.malik-management.com\/wp-content\/uploads\/2018\/09\/Logo_malik_weiss-klein3.png\",\"width\":140,\"height\":41,\"caption\":\"malik international AG\"},\"image\":{\"@id\":\"https:\/\/www.malik-management.com\/de\/#\/schema\/logo\/image\/\"},\"sameAs\":[\"https:\/\/www.linkedin.com\/company\/30160\",\"https:\/\/www.youtube.com\/user\/malikmanagement\"]}]}<\/script>\n<!-- \/ Yoast SEO plugin. -->","yoast_head_json":{"title":"Malik Healthcare Forum M\u00fcnchen - Malik Management","robots":{"index":"index","follow":"follow","max-snippet":"max-snippet:-1","max-image-preview":"max-image-preview:large","max-video-preview":"max-video-preview:-1"},"canonical":"https:\/\/www.malik-management.com\/de\/malik-healthcare-forum-muenchen\/","og_locale":"de_DE","og_type":"article","og_title":"Malik Healthcare Forum M\u00fcnchen - Malik Management","og_url":"https:\/\/www.malik-management.com\/de\/malik-healthcare-forum-muenchen\/","og_site_name":"Malik Management","article_modified_time":"2017-09-16T05:34:04+00:00","og_image":[{"url":"https:\/\/www.malik-management.com\/wp-content\/uploads\/2017\/09\/buchen.jpg","type":"","width":"","height":""}],"twitter_card":"summary_large_image","twitter_misc":{"Gesch\u00e4tzte Lesezeit":"4\u00a0Minuten"},"schema":{"@context":"https:\/\/schema.org","@graph":[{"@type":"WebPage","@id":"https:\/\/www.malik-management.com\/de\/malik-healthcare-forum-muenchen\/","url":"https:\/\/www.malik-management.com\/de\/malik-healthcare-forum-muenchen\/","name":"Malik Healthcare Forum M\u00fcnchen - Malik Management","isPartOf":{"@id":"https:\/\/www.malik-management.com\/de\/#website"},"primaryImageOfPage":{"@id":"https:\/\/www.malik-management.com\/de\/malik-healthcare-forum-muenchen\/#primaryimage"},"image":{"@id":"https:\/\/www.malik-management.com\/de\/malik-healthcare-forum-muenchen\/#primaryimage"},"thumbnailUrl":"https:\/\/www.malik-management.com\/wp-content\/uploads\/2017\/09\/buchen.jpg","datePublished":"2017-09-08T10:24:18+00:00","dateModified":"2017-09-16T05:34:04+00:00","breadcrumb":{"@id":"https:\/\/www.malik-management.com\/de\/malik-healthcare-forum-muenchen\/#breadcrumb"},"inLanguage":"de","potentialAction":[{"@type":"ReadAction","target":["https:\/\/www.malik-management.com\/de\/malik-healthcare-forum-muenchen\/"]}]},{"@type":"ImageObject","inLanguage":"de","@id":"https:\/\/www.malik-management.com\/de\/malik-healthcare-forum-muenchen\/#primaryimage","url":"https:\/\/www.malik-management.com\/wp-content\/uploads\/2017\/09\/buchen.jpg","contentUrl":"https:\/\/www.malik-management.com\/wp-content\/uploads\/2017\/09\/buchen.jpg"},{"@type":"BreadcrumbList","@id":"https:\/\/www.malik-management.com\/de\/malik-healthcare-forum-muenchen\/#breadcrumb","itemListElement":[{"@type":"ListItem","position":1,"name":"Home","item":"https:\/\/www.malik-management.com\/de\/"},{"@type":"ListItem","position":2,"name":"Malik Healthcare Forum M\u00fcnchen"}]},{"@type":"WebSite","@id":"https:\/\/www.malik-management.com\/de\/#website","url":"https:\/\/www.malik-management.com\/de\/","name":"Malik Management","description":"Beyond conventional management","publisher":{"@id":"https:\/\/www.malik-management.com\/de\/#organization"},"potentialAction":[{"@type":"SearchAction","target":{"@type":"EntryPoint","urlTemplate":"https:\/\/www.malik-management.com\/de\/?s={search_term_string}"},"query-input":{"@type":"PropertyValueSpecification","valueRequired":true,"valueName":"search_term_string"}}],"inLanguage":"de"},{"@type":"Organization","@id":"https:\/\/www.malik-management.com\/de\/#organization","name":"malik international AG","url":"https:\/\/www.malik-management.com\/de\/","logo":{"@type":"ImageObject","inLanguage":"de","@id":"https:\/\/www.malik-management.com\/de\/#\/schema\/logo\/image\/","url":"https:\/\/www.malik-management.com\/wp-content\/uploads\/2018\/09\/Logo_malik_weiss-klein3.png","contentUrl":"https:\/\/www.malik-management.com\/wp-content\/uploads\/2018\/09\/Logo_malik_weiss-klein3.png","width":140,"height":41,"caption":"malik international AG"},"image":{"@id":"https:\/\/www.malik-management.com\/de\/#\/schema\/logo\/image\/"},"sameAs":["https:\/\/www.linkedin.com\/company\/30160","https:\/\/www.youtube.com\/user\/malikmanagement"]}]}},"_links":{"self":[{"href":"https:\/\/www.malik-management.com\/de\/wp-json\/wp\/v2\/pages\/17049","targetHints":{"allow":["GET"]}}],"collection":[{"href":"https:\/\/www.malik-management.com\/de\/wp-json\/wp\/v2\/pages"}],"about":[{"href":"https:\/\/www.malik-management.com\/de\/wp-json\/wp\/v2\/types\/page"}],"author":[{"embeddable":true,"href":"https:\/\/www.malik-management.com\/de\/wp-json\/wp\/v2\/users\/17"}],"replies":[{"embeddable":true,"href":"https:\/\/www.malik-management.com\/de\/wp-json\/wp\/v2\/comments?post=17049"}],"version-history":[{"count":3,"href":"https:\/\/www.malik-management.com\/de\/wp-json\/wp\/v2\/pages\/17049\/revisions"}],"predecessor-version":[{"id":19651,"href":"https:\/\/www.malik-management.com\/de\/wp-json\/wp\/v2\/pages\/17049\/revisions\/19651"}],"wp:attachment":[{"href":"https:\/\/www.malik-management.com\/de\/wp-json\/wp\/v2\/media?parent=17049"}],"curies":[{"name":"wp","href":"https:\/\/api.w.org\/{rel}","templated":true}]}}