{"id":17050,"date":"2017-09-06T09:26:48","date_gmt":"2017-09-06T09:26:48","guid":{"rendered":"https:\/\/www.malik.management\/about-the-person\/"},"modified":"2018-09-27T09:31:38","modified_gmt":"2018-09-27T09:31:38","slug":"zur-person","status":"publish","type":"page","link":"https:\/\/www.malik-management.com\/de\/ueber-uns\/fredmund-malik\/zur-person\/","title":{"rendered":"Zur Person"},"content":{"rendered":"<div class=\"fusion-fullwidth fullwidth-box fusion-builder-row-1 malik_solutions_main nonhundred-percent-fullwidth non-hundred-percent-height-scrolling\" style=\"--awb-border-radius-top-left:0px;--awb-border-radius-top-right:0px;--awb-border-radius-bottom-right:0px;--awb-border-radius-bottom-left:0px;--awb-padding-top:30px;--awb-padding-bottom:30px;--awb-flex-wrap:wrap;\" ><div class=\"fusion-builder-row fusion-row\"><div class=\"fusion-layout-column fusion_builder_column fusion-builder-column-0 fusion_builder_column_3_4 3_4 fusion-three-fourth fusion-column-first fusion-animated\" style=\"--awb-bg-size:cover;width:75%;width:calc(75% - ( ( 4% ) * 0.75 ) );margin-right: 4%;\" data-animationType=\"fadeInUp\" data-animationDuration=\"1.0\" data-animationOffset=\"top-into-view\"><div class=\"fusion-column-wrapper fusion-flex-column-wrapper-legacy\"><div class=\"fusion-text fusion-text-1\"><div id=\"content-center\">\n<h2>Prof. Dr. Fredmund Malik<\/h2>\n<div class=\"block_element01\">\n<p><strong>Wissenschafter, Autor, Berater und Educator<\/strong><br \/>\n<strong>Verwaltungsratspr\u00e4sident des Management Zentrums St. Gallen und des<\/strong><br \/>\n<strong>Malik Institute for Complexity Management, Governance and Leadership<\/strong><\/p>\n<\/div>\n<\/div>\n<\/div><div class=\"fusion-sep-clear\"><\/div><div class=\"fusion-separator fusion-full-width-sep\" style=\"margin-left: auto;margin-right: auto;margin-top:10px;margin-bottom:10px;width:100%;\"><div class=\"fusion-separator-border sep-single sep-solid\" style=\"--awb-height:20px;--awb-amount:20px;--awb-sep-color:#cccccc;border-color:#cccccc;border-top-width:1px;\"><\/div><\/div><div class=\"fusion-sep-clear\"><\/div><div class=\"fusion-builder-row fusion-builder-row-inner fusion-row\"><div class=\"fusion-layout-column fusion_builder_column_inner fusion-builder-nested-column-0 fusion_builder_column_inner_1_4 1_4 fusion-one-fourth fusion-column-first\" style=\"--awb-bg-size:cover;width:25%;width:calc(25% - ( ( 4% ) * 0.25 ) );margin-right: 4%;\"><div class=\"fusion-column-wrapper fusion-flex-column-wrapper-legacy\"><a class=\"awb-lightbox awb-lightbox-1\" href=\"http:\/\/www.youtube.com\/embed\/jjubowad8pM?rel=0&amp;showinfo=0\" data-rel=\"iLightbox\"><img decoding=\"async\" src=\"https:\/\/www.malik-management.com\/wp-content\/uploads\/2017\/09\/malik-homepage-video.jpg\"><\/a><div class=\"fusion-clearfix\"><\/div><\/div><\/div><div class=\"fusion-layout-column fusion_builder_column_inner fusion-builder-nested-column-1 fusion_builder_column_inner_3_4 3_4 fusion-three-fourth fusion-column-last\" style=\"--awb-bg-size:cover;width:75%;width:calc(75% - ( ( 4% ) * 0.75 ) );\"><div class=\"fusion-column-wrapper fusion-flex-column-wrapper-legacy\"><div class=\"fusion-text fusion-text-2\"><div id=\"content-center\">\n<div class=\"block_element01\">\n<h3><span style=\"color: #ff0000;\">Navigation System for a Complex World<\/span><\/h3>\n<p>Produziert von unserem B\u00fcro in Beijing zeigt das Video, wie unsere einzigartigen system-kybernetischen L\u00f6sungen Manager dazu bef\u00e4higen, die heutige Komplexit\u00e4t zu meistern. <a href=\"\/?page_id=16867\" target=\"_blank\" rel=\"noopener\">mehr<\/a><\/p>\n<\/div>\n<\/div>\n<\/div><div class=\"fusion-clearfix\"><\/div><\/div><\/div><\/div><div class=\"fusion-sep-clear\"><\/div><div class=\"fusion-separator fusion-full-width-sep\" style=\"margin-left: auto;margin-right: auto;margin-top:10px;margin-bottom:10px;width:100%;\"><div class=\"fusion-separator-border sep-single sep-solid\" style=\"--awb-height:20px;--awb-amount:20px;--awb-sep-color:#cccccc;border-color:#cccccc;border-top-width:1px;\"><\/div><\/div><div class=\"fusion-sep-clear\"><\/div><div class=\"fusion-text fusion-text-3\"><div id=\"content-center\">\n<div class=\"block_element01\">\n<p>Prof. Dr. Fredmund Malik gilt als Vordenker des systemorientierten Managements. Er hat eine Klasse von neuen F\u00fchrungssystemen entwickelt, die das heutige Funktionieren von Organisationen grundlegend verbessern und revolutionieren.<\/p>\n<p>Die Malik-F\u00fchrungssysteme unterst\u00fctzen die Top-F\u00fchrungskr\u00e4fte in den Organisationen von Wirtschaft und Gesellschaft, den Big Change der &#8222;Grossen Transformation&#8220; des 21. Jahrhunderts zu meistern. Sie verst\u00e4rken die Reichweite und Effektivit\u00e4t von institutioneller Leadership sowie die Manageability von Organisationen. Maliks innovative Methoden werden dort angewandt, wo konventionelles Management an seine Grenzen st\u00f6sst.<\/p>\n<p>Die klare Terminologie und Logik seiner Management-Systeme sind die Grundlagen f\u00fcr eine gemeinsame Sprache und f\u00fcr ein koordiniertes Managementverst\u00e4ndnis. Dies erm\u00f6glicht Kompatibilit\u00e4t und Koh\u00e4renz von Governance und Leadership, als Voraussetzungen f\u00fcr schnelles und adaptives Agieren sowie f\u00fcr wirksame Selbst-Regulierung und Selbst-Organisation.<\/p>\n<p>Malik studierte Wirtschafts- und Sozialwissenschaften, Systemtheorie, Kybernetik, Informationstheorie sowie Logik und Wissenschaftsphilosophie an den Universit\u00e4ten Innsbruck und St. Gallen. Im Rahmen von zwei Forschungsprojekten des Schweizerischen Nationalfonds f\u00fcr Grundlagenforschung promovierte er 1974 in St. Gallen \u00fcber die &#8222;<em>Systemmethodik f\u00fcr komplexe soziotechnische Systeme<\/em>&#8220; und habilitierte sich 1978 mit einer Arbeit \u00fcber die <em>&#8222;Strategie des Managements komplexer Systeme&#8220;.<\/em><\/p>\n<p>Er lehrte General Corporate Management, Governance und Leadership an den Universit\u00e4ten St. Gallen, Innsbruck und Wien. Von 1979 \u2013 1984 war er Direktor des Instituts f\u00fcr Betriebswirtschaftslehre an der Universit\u00e4t St. Gallen sowie seit 1977 des Management Zentrums St. Gallen. Er ist Special- und Honorary-Professor der Capital University of Economics and Business (CUEB) in Beijing, IMAU und der Jilin University in China.<\/p>\n<p>1984 gr\u00fcndete er das Malik Institute f\u00fcr Complexity Management, Governance und Leadership in St. Gallen, das Generationen von F\u00fchrungskr\u00e4ften gepr\u00e4gt hat. Mit internationalen Niederlassungen und globalen Partnerschaften geh\u00f6rt es seither zu den f\u00fchrenden Wissensorganisationen f\u00fcr Systemisches Denken und Kybernetische Governance-, Leadership- und Managementl\u00f6sungen. Das Institut ist bekannt f\u00fcr seine bahnbrechenden Syntegrations-Verfahren<sup>\u00ae<\/sup> f\u00fcr das Management von Big Change und die umfassende Transformation von Organisationen sowie f\u00fcr eine neue Form des Senior Executive Enablings f\u00fcr Top Governance und Leadership. Fredmund Malik ist Vorsitzender und Mitglied von Governance und Advisory Boards in Wirtschaftsunternehmen und im \u00f6ffentlichen Bereich.<\/p>\n<p>Malik geht \u00fcber die Wirtschaftswissenschaften hinaus zu den modernen Komplexit\u00e4tswissenschaften Systemtheorie, Kybernetik und Kommunikationstheorie. Daraus entstanden innovative Sozialtechnologien und Methoden-Sets f\u00fcr das Gestalten, Lenken und F\u00fchren von Organisationen jeder Art und Gr\u00f6sse \u2013 Business als auch Non-Business.<\/p>\n<p>Er ist Autor von mehr als 15 B\u00fcchern, darunter preisgekr\u00f6nte Bestseller, und von \u00fcber 300 weiteren Publikationen. Sein Klassiker <em>F\u00fchren Leisten Leben <\/em>wurde als eines der besten 100 Wirtschaftsb\u00fccher aller Zeiten ausgezeichnet.<\/p>\n<h3>B\u00fccher (Auswahl)<\/h3>\n<ul>\n<li><em>Navigieren in Zeiten des Umbruchs: Die Welt neu denken und gestalten<\/em>. 2015.<\/li>\n<li><em>F\u00fchren Leisten Leben: Wirksames Management f\u00fcr eine neue Welt.<\/em> Neuausgabe und 33. Auflage 2014.<\/li>\n<li><em>Strategie des Managements komplexer Systeme: Ein Beitrag zur Management-Kybernetik evolution\u00e4rer Systeme<\/em>. 10 Aufl. 1984 &#8211; 2008. Neuausgabe 2015.<\/li>\n<li><u>Reihe &#8222;Management: Komplexit\u00e4t meistern&#8220;:<\/u><\/li>\n<\/ul>\n<p style=\"margin-left: 40px;\">Bd 1: <em>Management: Das A und O des Handwerks<\/em>. 2006, 2013.<\/p>\n<p style=\"margin-left: 40px;\">Bd 2: <em>Unternehmenspolitik und Corporate Governance: Wie Organisationen sich selbst organisieren.<\/em> 2008, 2013.<\/p>\n<p style=\"margin-left: 40px;\">Bd 3: <em>Strategie: Navigieren in der Komplexit\u00e4t der Neuen Welt.<\/em> 2011, 2013.<\/p>\n<ul>\n<li><em>Wenn Grenzen keine sind: Management und Bergsteigen.<\/em> 2014.<\/li>\n<li><em>Die Richtige Corporate Governance: Mit wirksamer Unternehmensaufsicht Komplexit\u00e4t meistern.<\/em> 1997, 2008.<\/li>\n<li><em>Richtig denken \u2013 wirksam managen: Mit klarer Sprache besser f\u00fchren. <\/em>2007, 2010.<\/li>\n<\/ul>\n<h3>Auszeichnungen, sowie bisherige und aktuelle Mitgliedschaften (Auswahl)<\/h3>\n<ul>\n<li>The People&#8217;s Republic of China Friendship Award 2016, Chinas h\u00f6chste Auszeichnung f\u00fcr ausl\u00e4ndische Experten, die zur wirtschaftlichen und sozialen Entwicklung in China beitragen.<\/li>\n<li>Ehrenkreuz der Republik \u00d6sterreich f\u00fcr Wissenschaft und Kunst f\u00fcr die Entwicklung seiner Ganzheitlichen Management Systeme<\/li>\n<li>Heinz von Foerster-Preis f\u00fcr Organisationskybernetik der Deutschen Gesellschaft f\u00fcr Kybernetik<\/li>\n<li>German Speaker&#8217;s Hall of Fame<\/li>\n<li>Europ\u00e4ische Akademie der Wissenschaften und K\u00fcnste<\/li>\n<li>Advisory Board der European Peter F. Drucker Society<\/li>\n<li>Advisory Board des Schweizer Wirtschaftsforums<\/li>\n<li>Mitglied der Excellenz Cluster Jury des Deutschen Ministeriums f\u00fcr Bildung und Forschung<\/li>\n<li>30 Jahre Honorarkonsul der Republik \u00d6sterreich in St. Gallen, CH<\/li>\n<li>Vorsitzender und Mitglied von Governance und Advisory Boards in Wirtschaftsunternehmen und im \u00f6ffentlichen Bereich<\/li>\n<\/ul>\n<\/div>\n<\/div>\n<\/div><div class=\"fusion-clearfix\"><\/div><\/div><\/div><div class=\"fusion-layout-column fusion_builder_column fusion-builder-column-1 fusion_builder_column_1_4 1_4 fusion-one-fourth fusion-column-last malik_solutions_main_right fusion-animated\" style=\"--awb-bg-size:cover;width:25%;width:calc(25% - ( ( 4% ) * 0.25 ) );\" data-animationType=\"fadeInRight\" data-animationDuration=\"1.0\" data-animationOffset=\"top-into-view\"><div class=\"fusion-column-wrapper fusion-flex-column-wrapper-legacy\"><div class=\"fusion-text fusion-text-4\"><div class=\"rightside_links_panel\">\n<p><span class=\"leadtext\"><br \/>\n&#8222;<em>Fredmund Malik is one of the most influential business thinkers in Europe \u2026<\/em>&#8220;<br \/>\n<strong>Business Week<\/strong><br \/>\n<\/span><\/p>\n<\/div>\n<\/div><div class=\"fusion-sep-clear\"><\/div><div class=\"fusion-separator fusion-full-width-sep\" style=\"margin-left: auto;margin-right: auto;margin-top:10px;margin-bottom:10px;width:100%;\"><div class=\"fusion-separator-border sep-single sep-solid\" style=\"--awb-height:20px;--awb-amount:20px;--awb-sep-color:#cccccc;border-color:#cccccc;border-top-width:1px;\"><\/div><\/div><div class=\"fusion-sep-clear\"><\/div><div class=\"fusion-text fusion-text-5\"><div class=\"rightside_links_panel\">\n<p><span class=\"leadtext\">&#8222;<em>Fredmund Malik has become the leading analyst of, and expert on, Management in Europe \u2026 and a powerful force in shaping it as a consultant. He is a commanding figure \u2013 in theory as well as in the practice of Management.<\/em>&#8220; <strong>Prof. Peter F. Drucker, Doyen des Managements<\/strong><\/span><\/p>\n<\/div>\n<\/div><div class=\"fusion-sep-clear\"><\/div><div class=\"fusion-separator fusion-full-width-sep\" style=\"margin-left: auto;margin-right: auto;margin-top:10px;margin-bottom:10px;width:100%;\"><div class=\"fusion-separator-border sep-single sep-solid\" style=\"--awb-height:20px;--awb-amount:20px;--awb-sep-color:#cccccc;border-color:#cccccc;border-top-width:1px;\"><\/div><\/div><div class=\"fusion-sep-clear\"><\/div><div class=\"fusion-text fusion-text-6\"><div class=\"rightside_links_panel\">\n<h4>Malik im Web<\/h4>\n<ul>\n<li><a class=\"pimcore_icon_pdf\" href=\"http:\/\/blog.malik-management.com\/\" target=\"_blank\" rel=\"noopener\">Malik Blog<\/a><\/li>\n<li><a class=\"pimcore_icon_pdf\" href=\"https:\/\/www.youtube.com\/user\/malikmanagement\" target=\"_blank\" rel=\"noopener\">Malik auf YouTube<\/a><\/li>\n<\/ul>\n<\/div>\n<\/div><div class=\"fusion-sep-clear\"><\/div><div class=\"fusion-separator fusion-full-width-sep\" style=\"margin-left: auto;margin-right: auto;margin-top:10px;margin-bottom:10px;width:100%;\"><div class=\"fusion-separator-border sep-single sep-solid\" style=\"--awb-height:20px;--awb-amount:20px;--awb-sep-color:#cccccc;border-color:#cccccc;border-top-width:1px;\"><\/div><\/div><div class=\"fusion-sep-clear\"><\/div><div class=\"fusion-text fusion-text-7\"><div class=\"rightside_links_panel\">\n<h4>Malik in den Medien<\/h4>\n<ul>\n<li><a href=\"https:\/\/www.malik-management.com\/de\/best-of-fredmund-malik-in-the-media\/\">Best of Fredmund Malik<\/a><\/li>\n<\/ul>\n<\/div>\n<\/div><div class=\"fusion-sep-clear\"><\/div><div class=\"fusion-separator fusion-full-width-sep\" style=\"margin-left: auto;margin-right: auto;margin-top:10px;margin-bottom:10px;width:100%;\"><div class=\"fusion-separator-border sep-single sep-solid\" style=\"--awb-height:20px;--awb-amount:20px;--awb-sep-color:#cccccc;border-color:#cccccc;border-top-width:1px;\"><\/div><\/div><div class=\"fusion-sep-clear\"><\/div><div class=\"fusion-text fusion-text-8\"><div class=\"rightside_links_panel\">\n<h4>Malik on Mountains<\/h4>\n<ul>\n<li><a href=\"https:\/\/www.malik-management.com\/de\/ueber-uns\/fredmund-malik\/malik-on-mountains\/\">Malik on Mountains<\/a><\/li>\n<\/ul>\n<\/div>\n<\/div><div class=\"fusion-sep-clear\"><\/div><div class=\"fusion-separator fusion-full-width-sep\" style=\"margin-left: auto;margin-right: auto;margin-top:10px;margin-bottom:10px;width:100%;\"><div class=\"fusion-separator-border sep-single sep-solid\" style=\"--awb-height:20px;--awb-amount:20px;--awb-sep-color:#cccccc;border-color:#cccccc;border-top-width:1px;\"><\/div><\/div><div class=\"fusion-sep-clear\"><\/div><div class=\"fusion-image-element fusion-image-align-center in-legacy-container\" style=\"text-align:center;--awb-caption-title-font-family:var(--h2_typography-font-family);--awb-caption-title-font-weight:var(--h2_typography-font-weight);--awb-caption-title-font-style:var(--h2_typography-font-style);--awb-caption-title-size:var(--h2_typography-font-size);--awb-caption-title-transform:var(--h2_typography-text-transform);--awb-caption-title-line-height:var(--h2_typography-line-height);--awb-caption-title-letter-spacing:var(--h2_typography-letter-spacing);\"><div class=\"imageframe-align-center\"><span class=\" fusion-imageframe imageframe-dropshadow imageframe-1 hover-type-zoomin malik_solutions_main_right_image01\" style=\"-webkit-box-shadow: 3px 3px 7px rgba(0,0,0,0.3);box-shadow: 3px 3px 7px rgba(0,0,0,0.3);\"><a class=\"fusion-no-lightbox\" href=\"http:\/\/www.malik-management.com\/MMS_DE_Online\/_html\/index.html\" target=\"_blank\" aria-label=\"malik-management-systeme-236px\" rel=\"noopener noreferrer\"><img decoding=\"async\" width=\"236\" height=\"205\" src=\"https:\/\/www.malik-management.com\/wp-content\/uploads\/2017\/02\/malik-management-systeme-236px.gif\" alt class=\"img-responsive wp-image-14072\"\/><\/a><\/span><\/div><\/div><div class=\"fusion-text fusion-text-9\"><p style=\"text-align: center;\">Wissenschaftliche Basis: Die Malik Management Systeme\u00ae<\/p>\n<\/div><div class=\"fusion-clearfix\"><\/div><\/div><\/div><\/div><\/div>\n","protected":false},"excerpt":{"rendered":"","protected":false},"author":17,"featured_media":0,"parent":16946,"menu_order":0,"comment_status":"closed","ping_status":"closed","template":"side-navigation.php","meta":{"_acf_changed":false,"_bbp_topic_count":0,"_bbp_reply_count":0,"_bbp_total_topic_count":0,"_bbp_total_reply_count":0,"_bbp_voice_count":0,"_bbp_anonymous_reply_count":0,"_bbp_topic_count_hidden":0,"_bbp_reply_count_hidden":0,"_bbp_forum_subforum_count":0,"footnotes":""},"class_list":["post-17050","page","type-page","status-publish","hentry"],"acf":[],"yoast_head":"<!-- This site is optimized with the Yoast SEO plugin v26.4 - https:\/\/yoast.com\/wordpress\/plugins\/seo\/ -->\n<title>Zur Person - Malik Management<\/title>\n<meta name=\"robots\" content=\"index, follow, max-snippet:-1, max-image-preview:large, max-video-preview:-1\" \/>\n<link rel=\"canonical\" href=\"https:\/\/www.malik-management.com\/de\/ueber-uns\/fredmund-malik\/zur-person\/\" \/>\n<meta property=\"og:locale\" content=\"de_DE\" \/>\n<meta property=\"og:type\" content=\"article\" \/>\n<meta property=\"og:title\" content=\"Zur Person - Malik Management\" \/>\n<meta property=\"og:url\" content=\"https:\/\/www.malik-management.com\/de\/ueber-uns\/fredmund-malik\/zur-person\/\" \/>\n<meta property=\"og:site_name\" content=\"Malik Management\" \/>\n<meta property=\"article:modified_time\" content=\"2018-09-27T09:31:38+00:00\" \/>\n<meta property=\"og:image\" content=\"https:\/\/www.malik-management.com\/wp-content\/uploads\/2017\/09\/malik-homepage-video.jpg\" \/>\n<meta name=\"twitter:card\" content=\"summary_large_image\" \/>\n<meta name=\"twitter:label1\" content=\"Gesch\u00e4tzte Lesezeit\" \/>\n\t<meta name=\"twitter:data1\" content=\"8\u00a0Minuten\" \/>\n<script type=\"application\/ld+json\" class=\"yoast-schema-graph\">{\"@context\":\"https:\/\/schema.org\",\"@graph\":[{\"@type\":\"WebPage\",\"@id\":\"https:\/\/www.malik-management.com\/de\/ueber-uns\/fredmund-malik\/zur-person\/\",\"url\":\"https:\/\/www.malik-management.com\/de\/ueber-uns\/fredmund-malik\/zur-person\/\",\"name\":\"Zur Person - Malik Management\",\"isPartOf\":{\"@id\":\"https:\/\/www.malik-management.com\/de\/#website\"},\"primaryImageOfPage\":{\"@id\":\"https:\/\/www.malik-management.com\/de\/ueber-uns\/fredmund-malik\/zur-person\/#primaryimage\"},\"image\":{\"@id\":\"https:\/\/www.malik-management.com\/de\/ueber-uns\/fredmund-malik\/zur-person\/#primaryimage\"},\"thumbnailUrl\":\"https:\/\/www.malik-management.com\/wp-content\/uploads\/2017\/09\/malik-homepage-video.jpg\",\"datePublished\":\"2017-09-06T09:26:48+00:00\",\"dateModified\":\"2018-09-27T09:31:38+00:00\",\"breadcrumb\":{\"@id\":\"https:\/\/www.malik-management.com\/de\/ueber-uns\/fredmund-malik\/zur-person\/#breadcrumb\"},\"inLanguage\":\"de\",\"potentialAction\":[{\"@type\":\"ReadAction\",\"target\":[\"https:\/\/www.malik-management.com\/de\/ueber-uns\/fredmund-malik\/zur-person\/\"]}]},{\"@type\":\"ImageObject\",\"inLanguage\":\"de\",\"@id\":\"https:\/\/www.malik-management.com\/de\/ueber-uns\/fredmund-malik\/zur-person\/#primaryimage\",\"url\":\"https:\/\/www.malik-management.com\/wp-content\/uploads\/2017\/09\/malik-homepage-video.jpg\",\"contentUrl\":\"https:\/\/www.malik-management.com\/wp-content\/uploads\/2017\/09\/malik-homepage-video.jpg\"},{\"@type\":\"BreadcrumbList\",\"@id\":\"https:\/\/www.malik-management.com\/de\/ueber-uns\/fredmund-malik\/zur-person\/#breadcrumb\",\"itemListElement\":[{\"@type\":\"ListItem\",\"position\":1,\"name\":\"Home\",\"item\":\"https:\/\/www.malik-management.com\/de\/\"},{\"@type\":\"ListItem\",\"position\":2,\"name\":\"Fredmund Malik\",\"item\":\"https:\/\/www.malik-management.com\/de\/fredmund-malik\/\"},{\"@type\":\"ListItem\",\"position\":3,\"name\":\"Zur Person\"}]},{\"@type\":\"WebSite\",\"@id\":\"https:\/\/www.malik-management.com\/de\/#website\",\"url\":\"https:\/\/www.malik-management.com\/de\/\",\"name\":\"Malik Management\",\"description\":\"Beyond conventional management\",\"publisher\":{\"@id\":\"https:\/\/www.malik-management.com\/de\/#organization\"},\"potentialAction\":[{\"@type\":\"SearchAction\",\"target\":{\"@type\":\"EntryPoint\",\"urlTemplate\":\"https:\/\/www.malik-management.com\/de\/?s={search_term_string}\"},\"query-input\":{\"@type\":\"PropertyValueSpecification\",\"valueRequired\":true,\"valueName\":\"search_term_string\"}}],\"inLanguage\":\"de\"},{\"@type\":\"Organization\",\"@id\":\"https:\/\/www.malik-management.com\/de\/#organization\",\"name\":\"malik international AG\",\"url\":\"https:\/\/www.malik-management.com\/de\/\",\"logo\":{\"@type\":\"ImageObject\",\"inLanguage\":\"de\",\"@id\":\"https:\/\/www.malik-management.com\/de\/#\/schema\/logo\/image\/\",\"url\":\"https:\/\/www.malik-management.com\/wp-content\/uploads\/2018\/09\/Logo_malik_weiss-klein3.png\",\"contentUrl\":\"https:\/\/www.malik-management.com\/wp-content\/uploads\/2018\/09\/Logo_malik_weiss-klein3.png\",\"width\":140,\"height\":41,\"caption\":\"malik international AG\"},\"image\":{\"@id\":\"https:\/\/www.malik-management.com\/de\/#\/schema\/logo\/image\/\"},\"sameAs\":[\"https:\/\/www.linkedin.com\/company\/30160\",\"https:\/\/www.youtube.com\/user\/malikmanagement\"]}]}<\/script>\n<!-- \/ Yoast SEO plugin. -->","yoast_head_json":{"title":"Zur Person - Malik Management","robots":{"index":"index","follow":"follow","max-snippet":"max-snippet:-1","max-image-preview":"max-image-preview:large","max-video-preview":"max-video-preview:-1"},"canonical":"https:\/\/www.malik-management.com\/de\/ueber-uns\/fredmund-malik\/zur-person\/","og_locale":"de_DE","og_type":"article","og_title":"Zur Person - Malik Management","og_url":"https:\/\/www.malik-management.com\/de\/ueber-uns\/fredmund-malik\/zur-person\/","og_site_name":"Malik Management","article_modified_time":"2018-09-27T09:31:38+00:00","og_image":[{"url":"https:\/\/www.malik-management.com\/wp-content\/uploads\/2017\/09\/malik-homepage-video.jpg","type":"","width":"","height":""}],"twitter_card":"summary_large_image","twitter_misc":{"Gesch\u00e4tzte Lesezeit":"8\u00a0Minuten"},"schema":{"@context":"https:\/\/schema.org","@graph":[{"@type":"WebPage","@id":"https:\/\/www.malik-management.com\/de\/ueber-uns\/fredmund-malik\/zur-person\/","url":"https:\/\/www.malik-management.com\/de\/ueber-uns\/fredmund-malik\/zur-person\/","name":"Zur Person - Malik Management","isPartOf":{"@id":"https:\/\/www.malik-management.com\/de\/#website"},"primaryImageOfPage":{"@id":"https:\/\/www.malik-management.com\/de\/ueber-uns\/fredmund-malik\/zur-person\/#primaryimage"},"image":{"@id":"https:\/\/www.malik-management.com\/de\/ueber-uns\/fredmund-malik\/zur-person\/#primaryimage"},"thumbnailUrl":"https:\/\/www.malik-management.com\/wp-content\/uploads\/2017\/09\/malik-homepage-video.jpg","datePublished":"2017-09-06T09:26:48+00:00","dateModified":"2018-09-27T09:31:38+00:00","breadcrumb":{"@id":"https:\/\/www.malik-management.com\/de\/ueber-uns\/fredmund-malik\/zur-person\/#breadcrumb"},"inLanguage":"de","potentialAction":[{"@type":"ReadAction","target":["https:\/\/www.malik-management.com\/de\/ueber-uns\/fredmund-malik\/zur-person\/"]}]},{"@type":"ImageObject","inLanguage":"de","@id":"https:\/\/www.malik-management.com\/de\/ueber-uns\/fredmund-malik\/zur-person\/#primaryimage","url":"https:\/\/www.malik-management.com\/wp-content\/uploads\/2017\/09\/malik-homepage-video.jpg","contentUrl":"https:\/\/www.malik-management.com\/wp-content\/uploads\/2017\/09\/malik-homepage-video.jpg"},{"@type":"BreadcrumbList","@id":"https:\/\/www.malik-management.com\/de\/ueber-uns\/fredmund-malik\/zur-person\/#breadcrumb","itemListElement":[{"@type":"ListItem","position":1,"name":"Home","item":"https:\/\/www.malik-management.com\/de\/"},{"@type":"ListItem","position":2,"name":"Fredmund Malik","item":"https:\/\/www.malik-management.com\/de\/fredmund-malik\/"},{"@type":"ListItem","position":3,"name":"Zur Person"}]},{"@type":"WebSite","@id":"https:\/\/www.malik-management.com\/de\/#website","url":"https:\/\/www.malik-management.com\/de\/","name":"Malik Management","description":"Beyond conventional management","publisher":{"@id":"https:\/\/www.malik-management.com\/de\/#organization"},"potentialAction":[{"@type":"SearchAction","target":{"@type":"EntryPoint","urlTemplate":"https:\/\/www.malik-management.com\/de\/?s={search_term_string}"},"query-input":{"@type":"PropertyValueSpecification","valueRequired":true,"valueName":"search_term_string"}}],"inLanguage":"de"},{"@type":"Organization","@id":"https:\/\/www.malik-management.com\/de\/#organization","name":"malik international AG","url":"https:\/\/www.malik-management.com\/de\/","logo":{"@type":"ImageObject","inLanguage":"de","@id":"https:\/\/www.malik-management.com\/de\/#\/schema\/logo\/image\/","url":"https:\/\/www.malik-management.com\/wp-content\/uploads\/2018\/09\/Logo_malik_weiss-klein3.png","contentUrl":"https:\/\/www.malik-management.com\/wp-content\/uploads\/2018\/09\/Logo_malik_weiss-klein3.png","width":140,"height":41,"caption":"malik international AG"},"image":{"@id":"https:\/\/www.malik-management.com\/de\/#\/schema\/logo\/image\/"},"sameAs":["https:\/\/www.linkedin.com\/company\/30160","https:\/\/www.youtube.com\/user\/malikmanagement"]}]}},"_links":{"self":[{"href":"https:\/\/www.malik-management.com\/de\/wp-json\/wp\/v2\/pages\/17050","targetHints":{"allow":["GET"]}}],"collection":[{"href":"https:\/\/www.malik-management.com\/de\/wp-json\/wp\/v2\/pages"}],"about":[{"href":"https:\/\/www.malik-management.com\/de\/wp-json\/wp\/v2\/types\/page"}],"author":[{"embeddable":true,"href":"https:\/\/www.malik-management.com\/de\/wp-json\/wp\/v2\/users\/17"}],"replies":[{"embeddable":true,"href":"https:\/\/www.malik-management.com\/de\/wp-json\/wp\/v2\/comments?post=17050"}],"version-history":[{"count":15,"href":"https:\/\/www.malik-management.com\/de\/wp-json\/wp\/v2\/pages\/17050\/revisions"}],"predecessor-version":[{"id":23368,"href":"https:\/\/www.malik-management.com\/de\/wp-json\/wp\/v2\/pages\/17050\/revisions\/23368"}],"up":[{"embeddable":true,"href":"https:\/\/www.malik-management.com\/de\/wp-json\/wp\/v2\/pages\/16946"}],"wp:attachment":[{"href":"https:\/\/www.malik-management.com\/de\/wp-json\/wp\/v2\/media?parent=17050"}],"curies":[{"name":"wp","href":"https:\/\/api.w.org\/{rel}","templated":true}]}}