{"id":17073,"date":"2017-09-06T09:48:20","date_gmt":"2017-09-06T09:48:20","guid":{"rendered":"https:\/\/www.malik.management\/awards\/"},"modified":"2018-09-12T13:47:10","modified_gmt":"2018-09-12T13:47:10","slug":"auszeichnungen-fuer-fredmund-malik","status":"publish","type":"page","link":"https:\/\/www.malik-management.com\/de\/ueber-uns\/fredmund-malik\/zur-person\/auszeichnungen-fuer-fredmund-malik\/","title":{"rendered":"Auszeichnungen f\u00fcr Fredmund Malik"},"content":{"rendered":"<div class=\"fusion-fullwidth fullwidth-box fusion-builder-row-1 malik_solutions_main nonhundred-percent-fullwidth non-hundred-percent-height-scrolling\" style=\"--awb-border-radius-top-left:0px;--awb-border-radius-top-right:0px;--awb-border-radius-bottom-right:0px;--awb-border-radius-bottom-left:0px;--awb-padding-top:30px;--awb-padding-bottom:30px;--awb-flex-wrap:wrap;\" ><div class=\"fusion-builder-row fusion-row\"><div class=\"fusion-layout-column fusion_builder_column fusion-builder-column-0 fusion_builder_column_3_4 3_4 fusion-three-fourth fusion-column-first fusion-animated\" style=\"--awb-bg-size:cover;width:75%;width:calc(75% - ( ( 4% ) * 0.75 ) );margin-right: 4%;\" data-animationType=\"fadeInLeft\" data-animationDuration=\"1.0\" data-animationOffset=\"top-into-view\"><div class=\"fusion-column-wrapper fusion-flex-column-wrapper-legacy\"><div class=\"fusion-text fusion-text-1\"><div id=\"content-center\">\n<h2>Auszeichnungen f\u00fcr Fredmund Malik<\/h2>\n<\/div>\n<\/div><div class=\"fusion-image-element fusion-image-align-center in-legacy-container\" style=\"text-align:center;--awb-caption-title-font-family:var(--h2_typography-font-family);--awb-caption-title-font-weight:var(--h2_typography-font-weight);--awb-caption-title-font-style:var(--h2_typography-font-style);--awb-caption-title-size:var(--h2_typography-font-size);--awb-caption-title-transform:var(--h2_typography-text-transform);--awb-caption-title-line-height:var(--h2_typography-line-height);--awb-caption-title-letter-spacing:var(--h2_typography-letter-spacing);\"><div class=\"imageframe-align-center\"><span class=\" fusion-imageframe imageframe-dropshadow imageframe-1 hover-type-zoomin malik_solutions_main_right_image01\" style=\"-webkit-box-shadow: 3px 3px 7px rgba(0,0,0,0.3);box-shadow: 3px 3px 7px rgba(0,0,0,0.3);\"><img decoding=\"async\" width=\"450\" height=\"350\" title=\"malik-auszeichnung-ehrenkreuz1\" src=\"https:\/\/www.malik-management.com\/wp-content\/uploads\/2017\/09\/malik-auszeichnung-ehrenkreuz1.gif\" alt class=\"img-responsive wp-image-15531\"\/><\/span><\/div><\/div><div class=\"fusion-text fusion-text-2\"><div class=\"block-element01\">\n<p>Fredmund Malik ist einer der renommiertesten Management-Vordenker un\u00adserer Zeit. F\u00fcr seine Forschungen und sein Werk hat er zahlreiche Auszeich\u00adnungen erhalten, unter anderem das <a href=\"https:\/\/www.malik-management.com\/de\/ueber-uns\/fredmund-malik\/zur-person\/auszeichnungen-fuer-fredmund-malik\/oesterreichisches-ehrenkreuz\/\">Ehrenkreuz der Republik \u00d6sterreich<\/a> f\u00fcr Wissen\u00adschaft und Kunst f\u00fcr seine Entwicklung ganzheitlicher Management Sys\u00adte\u00adme und den <a href=\"https:\/\/www.malik-management.com\/de\/heinz-von-foerster-preis\/\">Heinz-von-Foerster Preis<\/a> f\u00fcr Orga\u00adni\u00adsations\u00adkybernetik der Deut\u00adschen Gesellschaft f\u00fcr Kybernetik. 2016 wurde Malik der People&#8217;s Republic of China Friendship Award verliehen, Chinas h\u00f6chste Auszeichnung f\u00fcr ausl\u00e4ndische Experten, die zur wirtschaftlichen und sozialen Entwicklung in China beitragen.<\/p>\n<p>Am 5. September 2008 wurde Prof. Malik f\u00fcr seine ausserordentliche Le\u00adbens\u00adleistung geehrt und in die &#8222;<a href=\"https:\/\/www.malik-management.com\/de\/ueber-uns\/fredmund-malik\/zur-person\/auszeichnungen-fuer-fredmund-malik\/speakers-hall-of-fame\/\">German Speakers Hall of Fame<\/a>&#8220; aufge\u00adnom\u00admen.<\/p>\n<p>Im Oktober 2011 ist Maliks Bestseller <em>F\u00fchren Leisten Leben<\/em> eines der &#8222;<a href=\"https:\/\/www.malik-management.com\/de\/malik-bestseller-fuehren-leisten-leben-ausgezeichnet\/\">100 besten Wirtschaftsb\u00fccher aller Zeiten<\/a>&#8222;.<\/p>\n<p>Fredmund Malik ist <a href=\"https:\/\/www.malik-management.com\/de\/ueber-uns\/fredmund-malik\/zur-person\/auszeichnungen-fuer-fredmund-malik\/malik-special-professor-at-chinese-top-universities\/\">Special bzw. Honorary Professor<\/a> an drei renommierten chinesischen Universit\u00e4ten.<\/p>\n<p>1975 promovierte Malik bereits als Dr. oec. mit h\u00f6chster Auszeichnung. Im Zuge dessen wurde ihm der Amititia Preis f\u00fcr das beste Doktorat des akademischen Jahres 1974\/75 an der Hochschule St. Gallen verliehen.<\/p>\n<\/div>\n<\/div><div class=\"fusion-clearfix\"><\/div><\/div><\/div><div class=\"fusion-layout-column fusion_builder_column fusion-builder-column-1 fusion_builder_column_1_4 1_4 fusion-one-fourth fusion-column-last malik_solutions_main_right fusion-animated\" style=\"--awb-bg-size:cover;width:25%;width:calc(25% - ( ( 4% ) * 0.25 ) );\" data-animationType=\"fadeInLeft\" data-animationDuration=\"1.0\" data-animationOffset=\"top-into-view\"><div class=\"fusion-column-wrapper fusion-flex-column-wrapper-legacy\"><div class=\"fusion-text fusion-text-3\"><div class=\"rightside_links_panel\">\n<h4>Malik im Web<\/h4>\n<ul>\n<li><a class=\"pimcore_icon_pdf\" href=\"http:\/\/blog.malik-management.com\/\" target=\"_blank\" rel=\"noopener\">Malik Blog<\/a><\/li>\n<\/ul>\n<\/div>\n<\/div><div class=\"fusion-sep-clear\"><\/div><div class=\"fusion-separator fusion-full-width-sep\" style=\"margin-left: auto;margin-right: auto;margin-top:10px;margin-bottom:10px;width:100%;\"><div class=\"fusion-separator-border sep-single sep-solid\" style=\"--awb-height:20px;--awb-amount:20px;border-color:#336699;border-top-width:1px;\"><\/div><\/div><div class=\"fusion-sep-clear\"><\/div><div class=\"fusion-text fusion-text-4\"><div class=\"rightside_links_panel\">\n<h4>Monatliche Publikation<\/h4>\n<ul>\n<li><a class=\"pimcore_icon_pdf\" href=\"https:\/\/www.malik-management.com\/de\/ueber-uns\/publikationen\/malik-letter\/\" target=\"_blank\" rel=\"noopener\">Malik Letter<\/a><\/li>\n<\/ul>\n<\/div>\n<\/div><div class=\"fusion-sep-clear\"><\/div><div class=\"fusion-separator fusion-full-width-sep\" style=\"margin-left: auto;margin-right: auto;margin-top:10px;margin-bottom:10px;width:100%;\"><div class=\"fusion-separator-border sep-single sep-solid\" style=\"--awb-height:20px;--awb-amount:20px;border-color:#336699;border-top-width:1px;\"><\/div><\/div><div class=\"fusion-sep-clear\"><\/div><div class=\"fusion-image-element fusion-image-align-center in-legacy-container\" style=\"text-align:center;--awb-caption-title-font-family:var(--h2_typography-font-family);--awb-caption-title-font-weight:var(--h2_typography-font-weight);--awb-caption-title-font-style:var(--h2_typography-font-style);--awb-caption-title-size:var(--h2_typography-font-size);--awb-caption-title-transform:var(--h2_typography-text-transform);--awb-caption-title-line-height:var(--h2_typography-line-height);--awb-caption-title-letter-spacing:var(--h2_typography-letter-spacing);\"><div class=\"imageframe-align-center\"><span class=\" fusion-imageframe imageframe-dropshadow imageframe-2 hover-type-zoomin malik_solutions_main_right_image01\" style=\"-webkit-box-shadow: 3px 3px 7px rgba(0,0,0,0.3);box-shadow: 3px 3px 7px rgba(0,0,0,0.3);\"><a class=\"fusion-no-lightbox\" href=\"http:\/\/www.malik-management.com\/MMS_DE_Online\/_html\/index.html\" target=\"_blank\" aria-label=\"malik-management-systeme-236px\" rel=\"noopener noreferrer\"><img decoding=\"async\" width=\"236\" height=\"205\" src=\"https:\/\/www.malik-management.com\/wp-content\/uploads\/2017\/09\/malik-management-systeme-236px-2.gif\" alt class=\"img-responsive wp-image-16532\"\/><\/a><\/span><\/div><\/div><div class=\"fusion-text fusion-text-5\"><p style=\"text-align: center;\">Wissenschaftliche Basis: Die Malik Management Systeme\u00ae<\/p>\n<\/div><div class=\"fusion-sep-clear\"><\/div><div class=\"fusion-separator fusion-full-width-sep\" style=\"margin-left: auto;margin-right: auto;margin-top:10px;margin-bottom:10px;width:100%;\"><div class=\"fusion-separator-border sep-single sep-solid\" style=\"--awb-height:20px;--awb-amount:20px;border-color:#336699;border-top-width:1px;\"><\/div><\/div><div class=\"fusion-sep-clear\"><\/div><div class=\"fusion-clearfix\"><\/div><\/div><\/div><\/div><\/div>\n","protected":false},"excerpt":{"rendered":"","protected":false},"author":17,"featured_media":0,"parent":17050,"menu_order":0,"comment_status":"closed","ping_status":"closed","template":"side-navigation.php","meta":{"_acf_changed":false,"_bbp_topic_count":0,"_bbp_reply_count":0,"_bbp_total_topic_count":0,"_bbp_total_reply_count":0,"_bbp_voice_count":0,"_bbp_anonymous_reply_count":0,"_bbp_topic_count_hidden":0,"_bbp_reply_count_hidden":0,"_bbp_forum_subforum_count":0,"footnotes":""},"class_list":["post-17073","page","type-page","status-publish","hentry"],"acf":[],"yoast_head":"<!-- This site is optimized with the Yoast SEO plugin v26.4 - https:\/\/yoast.com\/wordpress\/plugins\/seo\/ -->\n<title>Auszeichnungen f\u00fcr Fredmund Malik - Malik Management<\/title>\n<meta name=\"robots\" content=\"index, follow, max-snippet:-1, max-image-preview:large, max-video-preview:-1\" \/>\n<link rel=\"canonical\" href=\"https:\/\/www.malik-management.com\/de\/ueber-uns\/fredmund-malik\/zur-person\/auszeichnungen-fuer-fredmund-malik\/\" \/>\n<meta property=\"og:locale\" content=\"de_DE\" \/>\n<meta property=\"og:type\" content=\"article\" \/>\n<meta property=\"og:title\" content=\"Auszeichnungen f\u00fcr Fredmund Malik - Malik Management\" \/>\n<meta property=\"og:url\" content=\"https:\/\/www.malik-management.com\/de\/ueber-uns\/fredmund-malik\/zur-person\/auszeichnungen-fuer-fredmund-malik\/\" \/>\n<meta property=\"og:site_name\" content=\"Malik Management\" \/>\n<meta property=\"article:modified_time\" content=\"2018-09-12T13:47:10+00:00\" \/>\n<meta name=\"twitter:card\" content=\"summary_large_image\" \/>\n<meta name=\"twitter:label1\" content=\"Gesch\u00e4tzte Lesezeit\" \/>\n\t<meta name=\"twitter:data1\" content=\"3\u00a0Minuten\" \/>\n<script type=\"application\/ld+json\" class=\"yoast-schema-graph\">{\"@context\":\"https:\/\/schema.org\",\"@graph\":[{\"@type\":\"WebPage\",\"@id\":\"https:\/\/www.malik-management.com\/de\/ueber-uns\/fredmund-malik\/zur-person\/auszeichnungen-fuer-fredmund-malik\/\",\"url\":\"https:\/\/www.malik-management.com\/de\/ueber-uns\/fredmund-malik\/zur-person\/auszeichnungen-fuer-fredmund-malik\/\",\"name\":\"Auszeichnungen f\u00fcr Fredmund Malik - Malik Management\",\"isPartOf\":{\"@id\":\"https:\/\/www.malik-management.com\/de\/#website\"},\"datePublished\":\"2017-09-06T09:48:20+00:00\",\"dateModified\":\"2018-09-12T13:47:10+00:00\",\"breadcrumb\":{\"@id\":\"https:\/\/www.malik-management.com\/de\/ueber-uns\/fredmund-malik\/zur-person\/auszeichnungen-fuer-fredmund-malik\/#breadcrumb\"},\"inLanguage\":\"de\",\"potentialAction\":[{\"@type\":\"ReadAction\",\"target\":[\"https:\/\/www.malik-management.com\/de\/ueber-uns\/fredmund-malik\/zur-person\/auszeichnungen-fuer-fredmund-malik\/\"]}]},{\"@type\":\"BreadcrumbList\",\"@id\":\"https:\/\/www.malik-management.com\/de\/ueber-uns\/fredmund-malik\/zur-person\/auszeichnungen-fuer-fredmund-malik\/#breadcrumb\",\"itemListElement\":[{\"@type\":\"ListItem\",\"position\":1,\"name\":\"Home\",\"item\":\"https:\/\/www.malik-management.com\/de\/\"},{\"@type\":\"ListItem\",\"position\":2,\"name\":\"Fredmund Malik\",\"item\":\"https:\/\/www.malik-management.com\/de\/fredmund-malik\/\"},{\"@type\":\"ListItem\",\"position\":3,\"name\":\"Zur Person\",\"item\":\"https:\/\/www.malik-management.com\/de\/fredmund-malik\/zur-person\/\"},{\"@type\":\"ListItem\",\"position\":4,\"name\":\"Auszeichnungen f\u00fcr Fredmund Malik\"}]},{\"@type\":\"WebSite\",\"@id\":\"https:\/\/www.malik-management.com\/de\/#website\",\"url\":\"https:\/\/www.malik-management.com\/de\/\",\"name\":\"Malik Management\",\"description\":\"Beyond conventional management\",\"publisher\":{\"@id\":\"https:\/\/www.malik-management.com\/de\/#organization\"},\"potentialAction\":[{\"@type\":\"SearchAction\",\"target\":{\"@type\":\"EntryPoint\",\"urlTemplate\":\"https:\/\/www.malik-management.com\/de\/?s={search_term_string}\"},\"query-input\":{\"@type\":\"PropertyValueSpecification\",\"valueRequired\":true,\"valueName\":\"search_term_string\"}}],\"inLanguage\":\"de\"},{\"@type\":\"Organization\",\"@id\":\"https:\/\/www.malik-management.com\/de\/#organization\",\"name\":\"malik international AG\",\"url\":\"https:\/\/www.malik-management.com\/de\/\",\"logo\":{\"@type\":\"ImageObject\",\"inLanguage\":\"de\",\"@id\":\"https:\/\/www.malik-management.com\/de\/#\/schema\/logo\/image\/\",\"url\":\"https:\/\/www.malik-management.com\/wp-content\/uploads\/2018\/09\/Logo_malik_weiss-klein3.png\",\"contentUrl\":\"https:\/\/www.malik-management.com\/wp-content\/uploads\/2018\/09\/Logo_malik_weiss-klein3.png\",\"width\":140,\"height\":41,\"caption\":\"malik international AG\"},\"image\":{\"@id\":\"https:\/\/www.malik-management.com\/de\/#\/schema\/logo\/image\/\"},\"sameAs\":[\"https:\/\/www.linkedin.com\/company\/30160\",\"https:\/\/www.youtube.com\/user\/malikmanagement\"]}]}<\/script>\n<!-- \/ Yoast SEO plugin. -->","yoast_head_json":{"title":"Auszeichnungen f\u00fcr Fredmund Malik - Malik Management","robots":{"index":"index","follow":"follow","max-snippet":"max-snippet:-1","max-image-preview":"max-image-preview:large","max-video-preview":"max-video-preview:-1"},"canonical":"https:\/\/www.malik-management.com\/de\/ueber-uns\/fredmund-malik\/zur-person\/auszeichnungen-fuer-fredmund-malik\/","og_locale":"de_DE","og_type":"article","og_title":"Auszeichnungen f\u00fcr Fredmund Malik - Malik Management","og_url":"https:\/\/www.malik-management.com\/de\/ueber-uns\/fredmund-malik\/zur-person\/auszeichnungen-fuer-fredmund-malik\/","og_site_name":"Malik Management","article_modified_time":"2018-09-12T13:47:10+00:00","twitter_card":"summary_large_image","twitter_misc":{"Gesch\u00e4tzte Lesezeit":"3\u00a0Minuten"},"schema":{"@context":"https:\/\/schema.org","@graph":[{"@type":"WebPage","@id":"https:\/\/www.malik-management.com\/de\/ueber-uns\/fredmund-malik\/zur-person\/auszeichnungen-fuer-fredmund-malik\/","url":"https:\/\/www.malik-management.com\/de\/ueber-uns\/fredmund-malik\/zur-person\/auszeichnungen-fuer-fredmund-malik\/","name":"Auszeichnungen f\u00fcr Fredmund Malik - Malik Management","isPartOf":{"@id":"https:\/\/www.malik-management.com\/de\/#website"},"datePublished":"2017-09-06T09:48:20+00:00","dateModified":"2018-09-12T13:47:10+00:00","breadcrumb":{"@id":"https:\/\/www.malik-management.com\/de\/ueber-uns\/fredmund-malik\/zur-person\/auszeichnungen-fuer-fredmund-malik\/#breadcrumb"},"inLanguage":"de","potentialAction":[{"@type":"ReadAction","target":["https:\/\/www.malik-management.com\/de\/ueber-uns\/fredmund-malik\/zur-person\/auszeichnungen-fuer-fredmund-malik\/"]}]},{"@type":"BreadcrumbList","@id":"https:\/\/www.malik-management.com\/de\/ueber-uns\/fredmund-malik\/zur-person\/auszeichnungen-fuer-fredmund-malik\/#breadcrumb","itemListElement":[{"@type":"ListItem","position":1,"name":"Home","item":"https:\/\/www.malik-management.com\/de\/"},{"@type":"ListItem","position":2,"name":"Fredmund Malik","item":"https:\/\/www.malik-management.com\/de\/fredmund-malik\/"},{"@type":"ListItem","position":3,"name":"Zur Person","item":"https:\/\/www.malik-management.com\/de\/fredmund-malik\/zur-person\/"},{"@type":"ListItem","position":4,"name":"Auszeichnungen f\u00fcr Fredmund Malik"}]},{"@type":"WebSite","@id":"https:\/\/www.malik-management.com\/de\/#website","url":"https:\/\/www.malik-management.com\/de\/","name":"Malik Management","description":"Beyond conventional management","publisher":{"@id":"https:\/\/www.malik-management.com\/de\/#organization"},"potentialAction":[{"@type":"SearchAction","target":{"@type":"EntryPoint","urlTemplate":"https:\/\/www.malik-management.com\/de\/?s={search_term_string}"},"query-input":{"@type":"PropertyValueSpecification","valueRequired":true,"valueName":"search_term_string"}}],"inLanguage":"de"},{"@type":"Organization","@id":"https:\/\/www.malik-management.com\/de\/#organization","name":"malik international AG","url":"https:\/\/www.malik-management.com\/de\/","logo":{"@type":"ImageObject","inLanguage":"de","@id":"https:\/\/www.malik-management.com\/de\/#\/schema\/logo\/image\/","url":"https:\/\/www.malik-management.com\/wp-content\/uploads\/2018\/09\/Logo_malik_weiss-klein3.png","contentUrl":"https:\/\/www.malik-management.com\/wp-content\/uploads\/2018\/09\/Logo_malik_weiss-klein3.png","width":140,"height":41,"caption":"malik international AG"},"image":{"@id":"https:\/\/www.malik-management.com\/de\/#\/schema\/logo\/image\/"},"sameAs":["https:\/\/www.linkedin.com\/company\/30160","https:\/\/www.youtube.com\/user\/malikmanagement"]}]}},"_links":{"self":[{"href":"https:\/\/www.malik-management.com\/de\/wp-json\/wp\/v2\/pages\/17073","targetHints":{"allow":["GET"]}}],"collection":[{"href":"https:\/\/www.malik-management.com\/de\/wp-json\/wp\/v2\/pages"}],"about":[{"href":"https:\/\/www.malik-management.com\/de\/wp-json\/wp\/v2\/types\/page"}],"author":[{"embeddable":true,"href":"https:\/\/www.malik-management.com\/de\/wp-json\/wp\/v2\/users\/17"}],"replies":[{"embeddable":true,"href":"https:\/\/www.malik-management.com\/de\/wp-json\/wp\/v2\/comments?post=17073"}],"version-history":[{"count":15,"href":"https:\/\/www.malik-management.com\/de\/wp-json\/wp\/v2\/pages\/17073\/revisions"}],"predecessor-version":[{"id":23369,"href":"https:\/\/www.malik-management.com\/de\/wp-json\/wp\/v2\/pages\/17073\/revisions\/23369"}],"up":[{"embeddable":true,"href":"https:\/\/www.malik-management.com\/de\/wp-json\/wp\/v2\/pages\/17050"}],"wp:attachment":[{"href":"https:\/\/www.malik-management.com\/de\/wp-json\/wp\/v2\/media?parent=17073"}],"curies":[{"name":"wp","href":"https:\/\/api.w.org\/{rel}","templated":true}]}}