{"id":17153,"date":"2017-09-08T11:25:12","date_gmt":"2017-09-08T11:25:12","guid":{"rendered":"https:\/\/www.malik.management\/heinsohn-article-revolutionary-view-of-the-debt-crisis\/"},"modified":"2018-12-18T13:34:50","modified_gmt":"2018-12-18T13:34:50","slug":"heinsohn-article-revolutionary-view-of-the-debt-crisis","status":"publish","type":"page","link":"https:\/\/www.malik-management.com\/de\/die-grosse-transformation21\/heinsohn-article-revolutionary-view-of-the-debt-crisis\/","title":{"rendered":"Heinsohn-Artikel: Revolution\u00e4r neue Sicht der Schulden-Krise"},"content":{"rendered":"<div class=\"fusion-fullwidth fullwidth-box fusion-builder-row-1 malik_solutions_main nonhundred-percent-fullwidth non-hundred-percent-height-scrolling\" style=\"--awb-border-radius-top-left:0px;--awb-border-radius-top-right:0px;--awb-border-radius-bottom-right:0px;--awb-border-radius-bottom-left:0px;--awb-padding-top:30px;--awb-padding-bottom:30px;--awb-flex-wrap:wrap;\" ><div class=\"fusion-builder-row fusion-row\"><div class=\"fusion-layout-column fusion_builder_column fusion-builder-column-0 fusion_builder_column_3_4 3_4 fusion-three-fourth fusion-column-first fusion-animated\" style=\"--awb-bg-size:cover;width:75%;width:calc(75% - ( ( 4% ) * 0.75 ) );margin-right: 4%;\" data-animationType=\"fadeInUp\" data-animationDuration=\"1.0\" data-animationOffset=\"top-into-view\"><div class=\"fusion-column-wrapper fusion-flex-column-wrapper-legacy\"><div class=\"fusion-text fusion-text-1\"><div id=\"content-center\">\n<h2>Heinsohn-Artikel: Revolution\u00e4r neue Sicht der Schulden-Krise<\/h2>\n<p>Im folgenden 3-teiligen Artikel vermittelt Prof. Dr. Dr. Gunnar Heinsohn eine zur Mainstream-\u00d6konomie g\u00e4nzlich andere Sicht der Schulden-Krise, f\u00fcr deren Ursachen, Triebkr\u00e4fte und auch f\u00fcr die L\u00f6sungen. Aufgrund des weitgehenden Versagens der herk\u00f6mmlichen \u00d6konomie ist dies \u00fcberlebensrelevantes Wissen.<\/p>\n<blockquote>\n<p><span style=\"color: #ff0000;\"><strong>\u00bb<\/strong><\/span><a href=\"https:\/\/www.malik-management.com\/wp-content\/uploads\/2017\/09\/heinsohn-die-zukunft-der-finanzkrise-1-1.pdf\" target=\"_blank\" rel=\"noopener\">Die Zukunft der Finanzkrise Teil 1<\/a><br \/>\n<span style=\"color: #ff0000;\"><strong>\u00bb<\/strong><\/span><a href=\"https:\/\/www.malik-management.com\/wp-content\/uploads\/2017\/09\/heinsohn-die-zukunft-der-finanzkrise-2-1.pdf\" target=\"_blank\" rel=\"noopener\"> Die Zukunft der Finanzkrise Teil 2<\/a><br \/>\n<span style=\"color: #ff0000;\"><strong>\u00bb<\/strong><\/span><a href=\"https:\/\/www.malik-management.com\/wp-content\/uploads\/2017\/09\/heinsohn-die-zukunft-der-finanzkrise-3-1.pdf\" target=\"_blank\" rel=\"noopener\"> Die Zukunft der Finanzkrise Teil 3<\/a><\/p>\n<\/blockquote>\n<p>&nbsp;<\/p>\n<\/div>\n<\/div><div class=\"fusion-builder-row fusion-builder-row-inner fusion-row\"><div class=\"fusion-layout-column fusion_builder_column_inner fusion-builder-nested-column-0 fusion_builder_column_inner_3_4 3_4 fusion-three-fourth fusion-column-first\" style=\"--awb-bg-size:cover;width:75%;width:calc(75% - ( ( 4% ) * 0.75 ) );margin-right: 4%;\"><div class=\"fusion-column-wrapper fusion-flex-column-wrapper-legacy\"><div class=\"fusion-text fusion-text-2\"><p>Prof. Dr. Dr. Gunnar Heinsohn ist einer der gr\u00f6ssten, fundiertesten und kreativsten wissenschaftlichen Denker. Er ist regelm\u00e4ssiger Gastreferent an der\u00a0<a href=\"https:\/\/www.malik-management.com\/de\/?page_id=17236\">Malik Academy<\/a>, und u. a. auch Wirtschaftsexperte in unserem Master-Programm und \u00fcberdies hinaus auch Gastautor des monatlichen\u00a0<a href=\"https:\/\/www.malik-management.com\/de\/ueber-uns\/publikationen\/malik-letter\/\">Malik Letters<\/a>.<\/p>\n<\/div><div class=\"fusion-clearfix\"><\/div><\/div><\/div><div class=\"fusion-layout-column fusion_builder_column_inner fusion-builder-nested-column-1 fusion_builder_column_inner_1_4 1_4 fusion-one-fourth fusion-column-last\" style=\"--awb-bg-size:cover;width:25%;width:calc(25% - ( ( 4% ) * 0.25 ) );\"><div class=\"fusion-column-wrapper fusion-flex-column-wrapper-legacy\"><div class=\"fusion-image-element fusion-image-align-center in-legacy-container\" style=\"text-align:center;--awb-caption-title-font-family:var(--h2_typography-font-family);--awb-caption-title-font-weight:var(--h2_typography-font-weight);--awb-caption-title-font-style:var(--h2_typography-font-style);--awb-caption-title-size:var(--h2_typography-font-size);--awb-caption-title-transform:var(--h2_typography-text-transform);--awb-caption-title-line-height:var(--h2_typography-line-height);--awb-caption-title-letter-spacing:var(--h2_typography-letter-spacing);\"><div class=\"imageframe-align-center\"><span class=\" fusion-imageframe imageframe-dropshadow imageframe-1 hover-type-zoomin\" style=\"-webkit-box-shadow: 3px 3px 7px rgba(0,0,0,0.3);box-shadow: 3px 3px 7px rgba(0,0,0,0.3);\"><img decoding=\"async\" width=\"208\" height=\"114\" title=\"prof-heinsohn\" src=\"https:\/\/www.malik-management.com\/wp-content\/uploads\/2017\/09\/prof-heinsohn.png\" alt class=\"img-responsive wp-image-17176\" srcset=\"https:\/\/www.malik-management.com\/wp-content\/uploads\/2017\/09\/prof-heinsohn-200x110.png 200w, https:\/\/www.malik-management.com\/wp-content\/uploads\/2017\/09\/prof-heinsohn.png 208w\" sizes=\"(max-width: 800px) 100vw, 208px\" \/><\/span><\/div><\/div><div class=\"fusion-clearfix\"><\/div><\/div><\/div><\/div><div class=\"fusion-text fusion-text-3\"><div id=\"content-center\">\n<p>Zusammen mit seinem Kollegen Otto Steiger hat Prof. Heinsohn eine radikal neue und revolution\u00e4re Wirtschaftstheorie geschaffen, die auf der Beleihungsf\u00e4higkeit von Privateigentum aufbaut. Es ist dies die bisher einzige\u00a0 Theorie \u00fcberhaupt, die erstmals das Wirtschaften im eigentlichen Sinne des Wortes\u00a0 erkl\u00e4rt, im Gegensatz zu den bisher dominierenden Theorien der blossen Nutzung von Ressourcen.<\/p>\n<p>Einer breiteren \u00d6ffentlichkeit wurde Prof. Heinsohn durch seine demographischen Studien bekannt. Ber\u00fchmt wurde er durch sein Buch\u00a0<a href=\"http:\/\/www.amazon.de\/S%C3%B6hne-Weltmacht-Terror-Aufstieg-Nationen\/dp\/3280060087\/ref=sr_1_1?ie=UTF8&amp;qid=1320841445&amp;sr=8-1\" target=\"_blank\" rel=\"noopener\"><em>S\u00f6hne und Weltmacht: Terror im Aufstieg und Fall der Nationen<\/em><\/a>\u00a0(2003) und seiner Theorie des &#8222;Youth bulge&#8220;.<\/p>\n<p>Heinsohn wurde 1943 in Polen geboren und studierte an der Freien Universit\u00e4t Berlin Soziologie, Geschichte, Psychologie, \u00d6konomie und Religionswissenschaften. Er promovierte summa cum laude sowohl in Soziologie als auch \u00d6konomie. 1984 wurde er auf eine Lebenszeitprofessur and der Universit\u00e4t Bremen berufen und leitet dort seit 1993 das erste Europ\u00e4ische Institut f\u00fcr V\u00f6lkermordforschung. Gunnar Heinsohn ist einer der weltweit kreativsten Forscher, der teilweise zusammen mit seinem langj\u00e4higen Kollegen Otto Steiger gleich in mehreren Wissenschaftsgebieten fundamentale ungel\u00f6ste R\u00e4tsel und Widerspr\u00fcche entdeckte und f\u00fcr diese zum Teil geniale L\u00f6sungsvorschl\u00e4ge machte. Dazu z\u00e4hlen etwa die hartn\u00e4ckigen Chronologier\u00e4tsel\u00a0 der meisten Alten Kulturen, sowie augen\u00f6ffnende Erkl\u00e4rungen zu den Hexenverfolgungen des Mittelalters und ebenso zu den Ursachen und Gr\u00fcnden der Judenvernichtung in den Konzentrationslagern Hitlers.<\/p>\n<p>Gunnar Heinsohn und Otto Steiger schufen\u00a0 Schl\u00fcsselwerke wie\u00a0<a href=\"http:\/\/www.amazon.de\/Eigentum-Zins-Geld-Ungel%C3%B6ste-Wirtschaftswissenschaft\/dp\/3895188441\/ref=sr_1_1?s=books&amp;ie=UTF8&amp;qid=1320841467&amp;sr=1-1\" target=\"_blank\" rel=\"noopener\"><em>Eigentum,<\/em>\u00a0<em>Zins und Geld: Ungel\u00f6ste R\u00e4tsel der Wirtschaftswissenschaft\u00a0<\/em><\/a>(1996, 9. Edition 2009), Eigentumstheorie des Wirtschaftens versus Wirtschaftstheorie ohne Eigentum (2002) und\u00a0<a href=\"http:\/\/www.amazon.de\/Vernichtung-weisen-Frauen-Gunnar-Heinsohn\/dp\/3888800579\/ref=sr_1_1?s=books&amp;ie=UTF8&amp;qid=1320841486&amp;sr=1-1\" target=\"_blank\" rel=\"noopener\"><em>Die Vernichtung der weisen Frauen\u00a0<\/em><\/a>(1984) und &#8222;Wann lebten die Pharaonen&#8220; zusammen mit Heribert Illig\u00a0 (1990 und 1997).<\/p>\n<p>Heinsohn ist Autor von \u00fcber 900 Publikationen, Mitherausgeber des Magazins &#8222;<a href=\"http:\/\/www.mantis-verlag.de\/?page_id=49\" target=\"_blank\" rel=\"noopener\">Zeitenspr\u00fcnge<\/a>&#8220; und schreibt f\u00fcr grosse internationale Zeitungen.<\/p>\n<\/div>\n<\/div><div class=\"fusion-sep-clear\"><\/div><div class=\"fusion-separator fusion-full-width-sep\" style=\"margin-left: auto;margin-right: auto;margin-bottom:20px;width:100%;\"><div class=\"fusion-separator-border sep-single sep-solid\" style=\"--awb-height:20px;--awb-amount:20px;--awb-sep-color:#cccccc;border-color:#cccccc;border-top-width:1px;\"><\/div><\/div><div class=\"fusion-sep-clear\"><\/div><div class=\"fusion-clearfix\"><\/div><\/div><\/div><div class=\"fusion-layout-column fusion_builder_column fusion-builder-column-1 fusion_builder_column_1_4 1_4 fusion-one-fourth fusion-column-last malik_solutions_main_right fusion-animated\" style=\"--awb-bg-size:cover;width:25%;width:calc(25% - ( ( 4% ) * 0.25 ) );\" data-animationType=\"fadeInRight\" data-animationDuration=\"1.0\" data-animationOffset=\"top-into-view\"><div class=\"fusion-column-wrapper fusion-flex-column-wrapper-legacy\"><div class=\"fusion-text fusion-text-4\"><div class=\"rightside_links_panel\">\n<p><strong>Malik Letter von\/mit Prof. Dr. Gunnar Heinsohn:<\/strong><\/p>\n<ul>\n<li>\n<div class=\"block-element block-element-sidebar\"><a href=\"https:\/\/www.malik-management.com\/wp-content\/uploads\/2017\/09\/malik-letter-wie-zins-geldmarkt-und-banken-funktionieren-07-2012-1.pdf\">Wie Zins, Geldmarkt und Banken funktionieren, 7\/12<\/a><\/div>\n<\/li>\n<li>\n<div class=\"block-element block-element-sidebar\"><a title=\"Prof. Dr. Gunnar Heinsohn: Staatliche Marktzerst\u00f6rung, 3\/12\" href=\"https:\/\/www.malik-management.com\/wp-content\/uploads\/2017\/09\/malik-letter-staatliche-marktzerstoerung-03-2012-2.pdf\" target=\"_blank\" rel=\"noopener\">Staatliche Marktzerst\u00f6rung, 3\/12<\/a><\/div>\n<\/li>\n<li>\n<div class=\"block-element block-element-sidebar\"><a title=\"Prof. Dr. Gunnar Heinsohn: Warum Weltfinanzkrise?, 4\/09\" href=\"https:\/\/www.malik-management.com\/wp-content\/uploads\/2017\/09\/malik-letter-warum-weltfinanzkrise-04-2009-3.pdf\" target=\"_blank\" rel=\"noopener\">Warum Weltfinanzkrise?, 4\/09<\/a><\/div>\n<\/li>\n<li>\n<div class=\"block-element block-element-sidebar\"><a title=\"Prof. Dr. Gunnar Heinsohn: Wie kommt es zum Wirtschaften..., 6\/00\" href=\"https:\/\/www.malik-management.com\/wp-content\/uploads\/2017\/09\/malik-letter-wie-kommt-es-zum-wirtschaften-06-2000-4.pdf\" target=\"_blank\" rel=\"noopener\">Wie kommt es zum Wirtschaften, 6\/00<\/a><\/div>\n<\/li>\n<li>\n<div class=\"block-element block-element-sidebar\"><a title=\"Prof. Dr. Gunnar Heinsohn, Prof. Dr. Fredmund Malik u. Prof. Dr. Otto Steiger: Das Europ\u00e4ische Zentralbanksystem, 2\/99\" href=\"https:\/\/www.malik-management.com\/wp-content\/uploads\/2017\/09\/malik-letter-das-europaeische-zentralbankensystem-02-1999-5.pdf\" target=\"_blank\" rel=\"noopener\">Das Europ\u00e4ische Zentralbanksystem, 2\/99<\/a><\/div>\n<\/li>\n<li>\n<div class=\"block-element block-element-sidebar\"><a title=\"Prof. Dr. Gunnar Heinsohn, Prof. Dr. Fredmund Malik u. Prof. Dr. Otto Steiger: Euro und Unternehmensstrategie, 3\/98\" href=\"https:\/\/www.malik-management.com\/wp-content\/uploads\/2017\/09\/malik-letter-euro-und-unternehmensstrategie-03-1998-6.pdf\" target=\"_blank\" rel=\"noopener\">Euro und Unternehmensstrategie, 3\/98<\/a><\/div>\n<\/li>\n<\/ul>\n<\/div>\n<\/div><div class=\"fusion-text fusion-text-5\"><p><strong>Malik Letter von\/mit Prof. Dr. Gunnar Heinsohn:Prof. Dr. Dr. Gunnar Heinsohn antwortet auf Fragen im Malik Blog<\/strong><br \/>\n<span style=\"color: #ff0000;\"><strong>\u00bb<\/strong><\/span><a href=\"https:\/\/www.malik-management.com\/de\/blog\/\" target=\"_blank\" rel=\"noopener\">Heinsohn-Antworten auf User-Kommentare<\/a><\/p>\n<\/div><div class=\"fusion-sep-clear\"><\/div><div class=\"fusion-separator fusion-full-width-sep\" style=\"margin-left: auto;margin-right: auto;margin-top:10px;margin-bottom:10px;width:100%;\"><div class=\"fusion-separator-border sep-single sep-solid\" style=\"--awb-height:20px;--awb-amount:20px;--awb-sep-color:#cccccc;border-color:#cccccc;border-top-width:1px;\"><\/div><\/div><div class=\"fusion-sep-clear\"><\/div><div class=\"fusion-text fusion-text-6\"><p><span style=\"color: #ff0000;\"><strong>\u00bb <a href=\"https:\/\/www.malik-management.com\/wp-content\/uploads\/2018\/12\/Gunnar-Heinsohn-ROMA-QUADRATA_-R%C3%A4tselakkumulation-als-Impuls-auf-dem-Weg-zur-Eigentums%C3%B6konomik.pdf\" target=\"_blank\" rel=\"noopener\">Heinsohn: &#8222;Roma Quadrata&#8220;<\/a><\/strong><\/span><\/p>\n<div class=\"elwrapper\">\n<p><em>&#8222;In dieser Pr\u00e4sentation erkl\u00e4rt Heinsohn die Enstehung von Eigentum, Staat, Kredit, Zins &amp; Geld&#8220;<\/em>\u00a0&#8211; Fredmund Malik<\/p>\n<\/div>\n<div><\/div>\n<\/div><div class=\"fusion-clearfix\"><\/div><\/div><\/div><\/div><\/div>\n","protected":false},"excerpt":{"rendered":"","protected":false},"author":17,"featured_media":0,"parent":17018,"menu_order":0,"comment_status":"closed","ping_status":"closed","template":"side-navigation.php","meta":{"_acf_changed":false,"_bbp_topic_count":0,"_bbp_reply_count":0,"_bbp_total_topic_count":0,"_bbp_total_reply_count":0,"_bbp_voice_count":0,"_bbp_anonymous_reply_count":0,"_bbp_topic_count_hidden":0,"_bbp_reply_count_hidden":0,"_bbp_forum_subforum_count":0,"footnotes":""},"class_list":["post-17153","page","type-page","status-publish","hentry"],"acf":[],"yoast_head":"<!-- This site is optimized with the Yoast SEO plugin v26.4 - https:\/\/yoast.com\/wordpress\/plugins\/seo\/ -->\n<title>Heinsohn-Artikel: Revolution\u00e4r neue Sicht der Schulden-Krise - Malik Management<\/title>\n<meta name=\"robots\" content=\"index, follow, max-snippet:-1, max-image-preview:large, max-video-preview:-1\" \/>\n<link rel=\"canonical\" href=\"https:\/\/www.malik-management.com\/de\/die-grosse-transformation21\/heinsohn-article-revolutionary-view-of-the-debt-crisis\/\" \/>\n<meta property=\"og:locale\" content=\"de_DE\" \/>\n<meta property=\"og:type\" content=\"article\" \/>\n<meta property=\"og:title\" content=\"Heinsohn-Artikel: Revolution\u00e4r neue Sicht der Schulden-Krise - Malik Management\" \/>\n<meta property=\"og:url\" content=\"https:\/\/www.malik-management.com\/de\/die-grosse-transformation21\/heinsohn-article-revolutionary-view-of-the-debt-crisis\/\" \/>\n<meta property=\"og:site_name\" content=\"Malik Management\" \/>\n<meta property=\"article:modified_time\" content=\"2018-12-18T13:34:50+00:00\" \/>\n<meta name=\"twitter:card\" content=\"summary_large_image\" \/>\n<meta name=\"twitter:label1\" content=\"Gesch\u00e4tzte Lesezeit\" \/>\n\t<meta name=\"twitter:data1\" content=\"5\u00a0Minuten\" \/>\n<script type=\"application\/ld+json\" class=\"yoast-schema-graph\">{\"@context\":\"https:\/\/schema.org\",\"@graph\":[{\"@type\":\"WebPage\",\"@id\":\"https:\/\/www.malik-management.com\/de\/die-grosse-transformation21\/heinsohn-article-revolutionary-view-of-the-debt-crisis\/\",\"url\":\"https:\/\/www.malik-management.com\/de\/die-grosse-transformation21\/heinsohn-article-revolutionary-view-of-the-debt-crisis\/\",\"name\":\"Heinsohn-Artikel: Revolution\u00e4r neue Sicht der Schulden-Krise - Malik Management\",\"isPartOf\":{\"@id\":\"https:\/\/www.malik-management.com\/de\/#website\"},\"datePublished\":\"2017-09-08T11:25:12+00:00\",\"dateModified\":\"2018-12-18T13:34:50+00:00\",\"breadcrumb\":{\"@id\":\"https:\/\/www.malik-management.com\/de\/die-grosse-transformation21\/heinsohn-article-revolutionary-view-of-the-debt-crisis\/#breadcrumb\"},\"inLanguage\":\"de\",\"potentialAction\":[{\"@type\":\"ReadAction\",\"target\":[\"https:\/\/www.malik-management.com\/de\/die-grosse-transformation21\/heinsohn-article-revolutionary-view-of-the-debt-crisis\/\"]}]},{\"@type\":\"BreadcrumbList\",\"@id\":\"https:\/\/www.malik-management.com\/de\/die-grosse-transformation21\/heinsohn-article-revolutionary-view-of-the-debt-crisis\/#breadcrumb\",\"itemListElement\":[{\"@type\":\"ListItem\",\"position\":1,\"name\":\"Home\",\"item\":\"https:\/\/www.malik-management.com\/de\/\"},{\"@type\":\"ListItem\",\"position\":2,\"name\":\"Die Grosse Transformation21\",\"item\":\"https:\/\/www.malik-management.com\/de\/die-grosse-transformation21\/\"},{\"@type\":\"ListItem\",\"position\":3,\"name\":\"Heinsohn-Artikel: Revolution\u00e4r neue Sicht der Schulden-Krise\"}]},{\"@type\":\"WebSite\",\"@id\":\"https:\/\/www.malik-management.com\/de\/#website\",\"url\":\"https:\/\/www.malik-management.com\/de\/\",\"name\":\"Malik Management\",\"description\":\"Beyond conventional management\",\"publisher\":{\"@id\":\"https:\/\/www.malik-management.com\/de\/#organization\"},\"potentialAction\":[{\"@type\":\"SearchAction\",\"target\":{\"@type\":\"EntryPoint\",\"urlTemplate\":\"https:\/\/www.malik-management.com\/de\/?s={search_term_string}\"},\"query-input\":{\"@type\":\"PropertyValueSpecification\",\"valueRequired\":true,\"valueName\":\"search_term_string\"}}],\"inLanguage\":\"de\"},{\"@type\":\"Organization\",\"@id\":\"https:\/\/www.malik-management.com\/de\/#organization\",\"name\":\"malik international AG\",\"url\":\"https:\/\/www.malik-management.com\/de\/\",\"logo\":{\"@type\":\"ImageObject\",\"inLanguage\":\"de\",\"@id\":\"https:\/\/www.malik-management.com\/de\/#\/schema\/logo\/image\/\",\"url\":\"https:\/\/www.malik-management.com\/wp-content\/uploads\/2018\/09\/Logo_malik_weiss-klein3.png\",\"contentUrl\":\"https:\/\/www.malik-management.com\/wp-content\/uploads\/2018\/09\/Logo_malik_weiss-klein3.png\",\"width\":140,\"height\":41,\"caption\":\"malik international AG\"},\"image\":{\"@id\":\"https:\/\/www.malik-management.com\/de\/#\/schema\/logo\/image\/\"},\"sameAs\":[\"https:\/\/www.linkedin.com\/company\/30160\",\"https:\/\/www.youtube.com\/user\/malikmanagement\"]}]}<\/script>\n<!-- \/ Yoast SEO plugin. -->","yoast_head_json":{"title":"Heinsohn-Artikel: Revolution\u00e4r neue Sicht der Schulden-Krise - Malik Management","robots":{"index":"index","follow":"follow","max-snippet":"max-snippet:-1","max-image-preview":"max-image-preview:large","max-video-preview":"max-video-preview:-1"},"canonical":"https:\/\/www.malik-management.com\/de\/die-grosse-transformation21\/heinsohn-article-revolutionary-view-of-the-debt-crisis\/","og_locale":"de_DE","og_type":"article","og_title":"Heinsohn-Artikel: Revolution\u00e4r neue Sicht der Schulden-Krise - Malik Management","og_url":"https:\/\/www.malik-management.com\/de\/die-grosse-transformation21\/heinsohn-article-revolutionary-view-of-the-debt-crisis\/","og_site_name":"Malik Management","article_modified_time":"2018-12-18T13:34:50+00:00","twitter_card":"summary_large_image","twitter_misc":{"Gesch\u00e4tzte Lesezeit":"5\u00a0Minuten"},"schema":{"@context":"https:\/\/schema.org","@graph":[{"@type":"WebPage","@id":"https:\/\/www.malik-management.com\/de\/die-grosse-transformation21\/heinsohn-article-revolutionary-view-of-the-debt-crisis\/","url":"https:\/\/www.malik-management.com\/de\/die-grosse-transformation21\/heinsohn-article-revolutionary-view-of-the-debt-crisis\/","name":"Heinsohn-Artikel: Revolution\u00e4r neue Sicht der Schulden-Krise - Malik Management","isPartOf":{"@id":"https:\/\/www.malik-management.com\/de\/#website"},"datePublished":"2017-09-08T11:25:12+00:00","dateModified":"2018-12-18T13:34:50+00:00","breadcrumb":{"@id":"https:\/\/www.malik-management.com\/de\/die-grosse-transformation21\/heinsohn-article-revolutionary-view-of-the-debt-crisis\/#breadcrumb"},"inLanguage":"de","potentialAction":[{"@type":"ReadAction","target":["https:\/\/www.malik-management.com\/de\/die-grosse-transformation21\/heinsohn-article-revolutionary-view-of-the-debt-crisis\/"]}]},{"@type":"BreadcrumbList","@id":"https:\/\/www.malik-management.com\/de\/die-grosse-transformation21\/heinsohn-article-revolutionary-view-of-the-debt-crisis\/#breadcrumb","itemListElement":[{"@type":"ListItem","position":1,"name":"Home","item":"https:\/\/www.malik-management.com\/de\/"},{"@type":"ListItem","position":2,"name":"Die Grosse Transformation21","item":"https:\/\/www.malik-management.com\/de\/die-grosse-transformation21\/"},{"@type":"ListItem","position":3,"name":"Heinsohn-Artikel: Revolution\u00e4r neue Sicht der Schulden-Krise"}]},{"@type":"WebSite","@id":"https:\/\/www.malik-management.com\/de\/#website","url":"https:\/\/www.malik-management.com\/de\/","name":"Malik Management","description":"Beyond conventional management","publisher":{"@id":"https:\/\/www.malik-management.com\/de\/#organization"},"potentialAction":[{"@type":"SearchAction","target":{"@type":"EntryPoint","urlTemplate":"https:\/\/www.malik-management.com\/de\/?s={search_term_string}"},"query-input":{"@type":"PropertyValueSpecification","valueRequired":true,"valueName":"search_term_string"}}],"inLanguage":"de"},{"@type":"Organization","@id":"https:\/\/www.malik-management.com\/de\/#organization","name":"malik international AG","url":"https:\/\/www.malik-management.com\/de\/","logo":{"@type":"ImageObject","inLanguage":"de","@id":"https:\/\/www.malik-management.com\/de\/#\/schema\/logo\/image\/","url":"https:\/\/www.malik-management.com\/wp-content\/uploads\/2018\/09\/Logo_malik_weiss-klein3.png","contentUrl":"https:\/\/www.malik-management.com\/wp-content\/uploads\/2018\/09\/Logo_malik_weiss-klein3.png","width":140,"height":41,"caption":"malik international AG"},"image":{"@id":"https:\/\/www.malik-management.com\/de\/#\/schema\/logo\/image\/"},"sameAs":["https:\/\/www.linkedin.com\/company\/30160","https:\/\/www.youtube.com\/user\/malikmanagement"]}]}},"_links":{"self":[{"href":"https:\/\/www.malik-management.com\/de\/wp-json\/wp\/v2\/pages\/17153","targetHints":{"allow":["GET"]}}],"collection":[{"href":"https:\/\/www.malik-management.com\/de\/wp-json\/wp\/v2\/pages"}],"about":[{"href":"https:\/\/www.malik-management.com\/de\/wp-json\/wp\/v2\/types\/page"}],"author":[{"embeddable":true,"href":"https:\/\/www.malik-management.com\/de\/wp-json\/wp\/v2\/users\/17"}],"replies":[{"embeddable":true,"href":"https:\/\/www.malik-management.com\/de\/wp-json\/wp\/v2\/comments?post=17153"}],"version-history":[{"count":16,"href":"https:\/\/www.malik-management.com\/de\/wp-json\/wp\/v2\/pages\/17153\/revisions"}],"predecessor-version":[{"id":23341,"href":"https:\/\/www.malik-management.com\/de\/wp-json\/wp\/v2\/pages\/17153\/revisions\/23341"}],"up":[{"embeddable":true,"href":"https:\/\/www.malik-management.com\/de\/wp-json\/wp\/v2\/pages\/17018"}],"wp:attachment":[{"href":"https:\/\/www.malik-management.com\/de\/wp-json\/wp\/v2\/media?parent=17153"}],"curies":[{"name":"wp","href":"https:\/\/api.w.org\/{rel}","templated":true}]}}