{"id":17229,"date":"2017-09-08T12:12:33","date_gmt":"2017-09-08T12:12:33","guid":{"rendered":"https:\/\/www.malik.management\/advantages-for-the-organization\/"},"modified":"2017-09-08T12:15:33","modified_gmt":"2017-09-08T12:15:33","slug":"vorteil-fuer-die-organisation","status":"publish","type":"page","link":"https:\/\/www.malik-management.com\/de\/malik-loesungen\/malik-new-world-education\/vorteil-fuer-die-organisation\/","title":{"rendered":"Vorteil f\u00fcr die Organisation"},"content":{"rendered":"<div class=\"fusion-fullwidth fullwidth-box fusion-builder-row-1 malik_solutions_main nonhundred-percent-fullwidth non-hundred-percent-height-scrolling\" style=\"--awb-border-radius-top-left:0px;--awb-border-radius-top-right:0px;--awb-border-radius-bottom-right:0px;--awb-border-radius-bottom-left:0px;--awb-padding-top:30px;--awb-padding-bottom:30px;--awb-flex-wrap:wrap;\" ><div class=\"fusion-builder-row fusion-row\"><div class=\"fusion-layout-column fusion_builder_column fusion-builder-column-0 fusion_builder_column_1_1 1_1 fusion-one-full fusion-column-first fusion-column-last fusion-animated\" style=\"--awb-bg-size:cover;\" data-animationType=\"fadeInUp\" data-animationDuration=\"1.0\" data-animationOffset=\"top-into-view\"><div class=\"fusion-column-wrapper fusion-flex-column-wrapper-legacy\"><div class=\"fusion-text fusion-text-1\"><div id=\"content-center\">\n<div class=\"block_element01\">\n<div id=\"wrapper-re-top\">\n<div id=\"wrapper-img-top\">\n<div id=\"insign\">\n<div id=\"wrapper-content\" class=\"wrappter-cms\">\n<div id=\"content\">\n<div id=\"content-center\">\n<div class=\"block-element block-element-default\">\n<p>Die Organisation richtet sich eindeutig am kybernetischen, sprich sich selbst organisierenden Managementverst\u00e4ndnis aus.<\/p>\n<ol>\n<li>Sie spricht eine klare, konkrete und eindeutige Management-Sprache.<\/li>\n<li>Sie ist bef\u00e4higt, ihre eigenen Mitarbeiter zu entwickeln, um die Ausweitung des Programms und seines Nutzens in die Zukunft hinein zu gew\u00e4hrleisten.<\/li>\n<li>Sie kann Komplexit\u00e4t in einen Wettbewerbsvorteil umwandeln.<\/li>\n<\/ol>\n<p><strong>Zeit-Komprimierung<\/strong><\/p>\n<p>Die Programme sind viel schneller in der Durchlaufzeit und erzielen bessere und effektivere Resultate als konventionelle Programme.<\/p>\n<p><strong>Transfer-Garantie<\/strong><\/p>\n<p>W\u00e4hrend des gesamten Programms basieren die Modelle und Einblicke auf konkreten, unternehmensbezogenen Beispielen anstatt auf k\u00fcnstlichen Fallbeispielen.<\/p>\n<p><strong>Sofortiger Return der Ausbildungsinvestition<\/strong><\/p>\n<p>Reale Probleme werden w\u00e4hrend des Ausbildungsprogramms gel\u00f6st.<\/p>\n<p>Die Malik-Experten verstehen sich weder als Consultants noch als Educators, sondern als\u00a0 Anbieter und Bef\u00e4higer f\u00fcr L\u00f6sungen von transformationalem Wandel.<\/p>\n<\/div>\n<\/div>\n<\/div>\n<\/div>\n<\/div>\n<\/div>\n<\/div>\n<div id=\"wrapper-re-footer\"><\/div>\n<\/div>\n<\/div>\n<\/div><div class=\"fusion-clearfix\"><\/div><\/div><\/div><div class=\"fusion-layout-column fusion_builder_column fusion-builder-column-1 fusion_builder_column_1_4 1_4 fusion-one-fourth fusion-column-first malik_solutions_main_right fusion-animated\" style=\"--awb-bg-size:cover;width:25%;width:calc(25% - ( ( 4% ) * 0.25 ) );margin-right: 4%;\" data-animationType=\"fadeInRight\" data-animationDuration=\"1.0\" data-animationOffset=\"top-into-view\"><div class=\"fusion-column-wrapper fusion-flex-column-wrapper-legacy\"><div class=\"fusion-image-element fusion-image-align-center in-legacy-container\" style=\"text-align:center;--awb-caption-title-font-family:var(--h2_typography-font-family);--awb-caption-title-font-weight:var(--h2_typography-font-weight);--awb-caption-title-font-style:var(--h2_typography-font-style);--awb-caption-title-size:var(--h2_typography-font-size);--awb-caption-title-transform:var(--h2_typography-text-transform);--awb-caption-title-line-height:var(--h2_typography-line-height);--awb-caption-title-letter-spacing:var(--h2_typography-letter-spacing);\"><div class=\"imageframe-align-center\"><span class=\" fusion-imageframe imageframe-dropshadow imageframe-1 hover-type-zoomin malik_solutions_main_right_image01 div_none\" style=\"-webkit-box-shadow: 3px 3px 7px rgba(0,0,0,0.3);box-shadow: 3px 3px 7px rgba(0,0,0,0.3);\"><a class=\"fusion-no-lightbox\" href=\"\/MMS_EN_Online\/main.html\" target=\"_blank\" aria-label=\"malik-management-systeme-236px\" rel=\"noopener noreferrer\"><img decoding=\"async\" width=\"236\" height=\"205\" src=\"https:\/\/www.malik-management.com\/wp-content\/uploads\/2017\/09\/malik-management-systeme-236px.gif\" alt class=\"img-responsive wp-image-14783\"\/><\/a><\/span><\/div><\/div><div class=\"fusion-clearfix\"><\/div><\/div><\/div><\/div><\/div>\n","protected":false},"excerpt":{"rendered":"","protected":false},"author":17,"featured_media":0,"parent":17225,"menu_order":0,"comment_status":"closed","ping_status":"closed","template":"side-navigation.php","meta":{"_acf_changed":false,"_bbp_topic_count":0,"_bbp_reply_count":0,"_bbp_total_topic_count":0,"_bbp_total_reply_count":0,"_bbp_voice_count":0,"_bbp_anonymous_reply_count":0,"_bbp_topic_count_hidden":0,"_bbp_reply_count_hidden":0,"_bbp_forum_subforum_count":0,"footnotes":""},"class_list":["post-17229","page","type-page","status-publish","hentry"],"acf":[],"yoast_head":"<!-- This site is optimized with the Yoast SEO plugin v26.4 - https:\/\/yoast.com\/wordpress\/plugins\/seo\/ -->\n<title>Vorteil f\u00fcr die Organisation - Malik Management<\/title>\n<meta name=\"robots\" content=\"index, follow, max-snippet:-1, max-image-preview:large, max-video-preview:-1\" \/>\n<link rel=\"canonical\" href=\"https:\/\/www.malik-management.com\/de\/malik-loesungen\/malik-new-world-education\/vorteil-fuer-die-organisation\/\" \/>\n<meta property=\"og:locale\" content=\"de_DE\" \/>\n<meta property=\"og:type\" content=\"article\" \/>\n<meta property=\"og:title\" content=\"Vorteil f\u00fcr die Organisation - Malik Management\" \/>\n<meta property=\"og:url\" content=\"https:\/\/www.malik-management.com\/de\/malik-loesungen\/malik-new-world-education\/vorteil-fuer-die-organisation\/\" \/>\n<meta property=\"og:site_name\" content=\"Malik Management\" \/>\n<meta property=\"article:modified_time\" content=\"2017-09-08T12:15:33+00:00\" \/>\n<meta name=\"twitter:card\" content=\"summary_large_image\" \/>\n<meta name=\"twitter:label1\" content=\"Gesch\u00e4tzte Lesezeit\" \/>\n\t<meta name=\"twitter:data1\" content=\"2\u00a0Minuten\" \/>\n<script type=\"application\/ld+json\" class=\"yoast-schema-graph\">{\"@context\":\"https:\/\/schema.org\",\"@graph\":[{\"@type\":\"WebPage\",\"@id\":\"https:\/\/www.malik-management.com\/de\/malik-loesungen\/malik-new-world-education\/vorteil-fuer-die-organisation\/\",\"url\":\"https:\/\/www.malik-management.com\/de\/malik-loesungen\/malik-new-world-education\/vorteil-fuer-die-organisation\/\",\"name\":\"Vorteil f\u00fcr die Organisation - Malik Management\",\"isPartOf\":{\"@id\":\"https:\/\/www.malik-management.com\/de\/#website\"},\"datePublished\":\"2017-09-08T12:12:33+00:00\",\"dateModified\":\"2017-09-08T12:15:33+00:00\",\"breadcrumb\":{\"@id\":\"https:\/\/www.malik-management.com\/de\/malik-loesungen\/malik-new-world-education\/vorteil-fuer-die-organisation\/#breadcrumb\"},\"inLanguage\":\"de\",\"potentialAction\":[{\"@type\":\"ReadAction\",\"target\":[\"https:\/\/www.malik-management.com\/de\/malik-loesungen\/malik-new-world-education\/vorteil-fuer-die-organisation\/\"]}]},{\"@type\":\"BreadcrumbList\",\"@id\":\"https:\/\/www.malik-management.com\/de\/malik-loesungen\/malik-new-world-education\/vorteil-fuer-die-organisation\/#breadcrumb\",\"itemListElement\":[{\"@type\":\"ListItem\",\"position\":1,\"name\":\"Home\",\"item\":\"https:\/\/www.malik-management.com\/de\/\"},{\"@type\":\"ListItem\",\"position\":2,\"name\":\"Malik L\u00f6sungen\",\"item\":\"https:\/\/www.malik-management.com\/de\/malik-loesungen\/\"},{\"@type\":\"ListItem\",\"position\":3,\"name\":\"Malik Academy\",\"item\":\"https:\/\/www.malik-management.com\/de\/malik-loesungen\/malik-new-world-education\/\"},{\"@type\":\"ListItem\",\"position\":4,\"name\":\"Vorteil f\u00fcr die Organisation\"}]},{\"@type\":\"WebSite\",\"@id\":\"https:\/\/www.malik-management.com\/de\/#website\",\"url\":\"https:\/\/www.malik-management.com\/de\/\",\"name\":\"Malik Management\",\"description\":\"Beyond conventional management\",\"publisher\":{\"@id\":\"https:\/\/www.malik-management.com\/de\/#organization\"},\"potentialAction\":[{\"@type\":\"SearchAction\",\"target\":{\"@type\":\"EntryPoint\",\"urlTemplate\":\"https:\/\/www.malik-management.com\/de\/?s={search_term_string}\"},\"query-input\":{\"@type\":\"PropertyValueSpecification\",\"valueRequired\":true,\"valueName\":\"search_term_string\"}}],\"inLanguage\":\"de\"},{\"@type\":\"Organization\",\"@id\":\"https:\/\/www.malik-management.com\/de\/#organization\",\"name\":\"malik international AG\",\"url\":\"https:\/\/www.malik-management.com\/de\/\",\"logo\":{\"@type\":\"ImageObject\",\"inLanguage\":\"de\",\"@id\":\"https:\/\/www.malik-management.com\/de\/#\/schema\/logo\/image\/\",\"url\":\"https:\/\/www.malik-management.com\/wp-content\/uploads\/2018\/09\/Logo_malik_weiss-klein3.png\",\"contentUrl\":\"https:\/\/www.malik-management.com\/wp-content\/uploads\/2018\/09\/Logo_malik_weiss-klein3.png\",\"width\":140,\"height\":41,\"caption\":\"malik international AG\"},\"image\":{\"@id\":\"https:\/\/www.malik-management.com\/de\/#\/schema\/logo\/image\/\"},\"sameAs\":[\"https:\/\/www.linkedin.com\/company\/30160\",\"https:\/\/www.youtube.com\/user\/malikmanagement\"]}]}<\/script>\n<!-- \/ Yoast SEO plugin. -->","yoast_head_json":{"title":"Vorteil f\u00fcr die Organisation - Malik Management","robots":{"index":"index","follow":"follow","max-snippet":"max-snippet:-1","max-image-preview":"max-image-preview:large","max-video-preview":"max-video-preview:-1"},"canonical":"https:\/\/www.malik-management.com\/de\/malik-loesungen\/malik-new-world-education\/vorteil-fuer-die-organisation\/","og_locale":"de_DE","og_type":"article","og_title":"Vorteil f\u00fcr die Organisation - Malik Management","og_url":"https:\/\/www.malik-management.com\/de\/malik-loesungen\/malik-new-world-education\/vorteil-fuer-die-organisation\/","og_site_name":"Malik Management","article_modified_time":"2017-09-08T12:15:33+00:00","twitter_card":"summary_large_image","twitter_misc":{"Gesch\u00e4tzte Lesezeit":"2\u00a0Minuten"},"schema":{"@context":"https:\/\/schema.org","@graph":[{"@type":"WebPage","@id":"https:\/\/www.malik-management.com\/de\/malik-loesungen\/malik-new-world-education\/vorteil-fuer-die-organisation\/","url":"https:\/\/www.malik-management.com\/de\/malik-loesungen\/malik-new-world-education\/vorteil-fuer-die-organisation\/","name":"Vorteil f\u00fcr die Organisation - Malik Management","isPartOf":{"@id":"https:\/\/www.malik-management.com\/de\/#website"},"datePublished":"2017-09-08T12:12:33+00:00","dateModified":"2017-09-08T12:15:33+00:00","breadcrumb":{"@id":"https:\/\/www.malik-management.com\/de\/malik-loesungen\/malik-new-world-education\/vorteil-fuer-die-organisation\/#breadcrumb"},"inLanguage":"de","potentialAction":[{"@type":"ReadAction","target":["https:\/\/www.malik-management.com\/de\/malik-loesungen\/malik-new-world-education\/vorteil-fuer-die-organisation\/"]}]},{"@type":"BreadcrumbList","@id":"https:\/\/www.malik-management.com\/de\/malik-loesungen\/malik-new-world-education\/vorteil-fuer-die-organisation\/#breadcrumb","itemListElement":[{"@type":"ListItem","position":1,"name":"Home","item":"https:\/\/www.malik-management.com\/de\/"},{"@type":"ListItem","position":2,"name":"Malik L\u00f6sungen","item":"https:\/\/www.malik-management.com\/de\/malik-loesungen\/"},{"@type":"ListItem","position":3,"name":"Malik Academy","item":"https:\/\/www.malik-management.com\/de\/malik-loesungen\/malik-new-world-education\/"},{"@type":"ListItem","position":4,"name":"Vorteil f\u00fcr die Organisation"}]},{"@type":"WebSite","@id":"https:\/\/www.malik-management.com\/de\/#website","url":"https:\/\/www.malik-management.com\/de\/","name":"Malik Management","description":"Beyond conventional management","publisher":{"@id":"https:\/\/www.malik-management.com\/de\/#organization"},"potentialAction":[{"@type":"SearchAction","target":{"@type":"EntryPoint","urlTemplate":"https:\/\/www.malik-management.com\/de\/?s={search_term_string}"},"query-input":{"@type":"PropertyValueSpecification","valueRequired":true,"valueName":"search_term_string"}}],"inLanguage":"de"},{"@type":"Organization","@id":"https:\/\/www.malik-management.com\/de\/#organization","name":"malik international AG","url":"https:\/\/www.malik-management.com\/de\/","logo":{"@type":"ImageObject","inLanguage":"de","@id":"https:\/\/www.malik-management.com\/de\/#\/schema\/logo\/image\/","url":"https:\/\/www.malik-management.com\/wp-content\/uploads\/2018\/09\/Logo_malik_weiss-klein3.png","contentUrl":"https:\/\/www.malik-management.com\/wp-content\/uploads\/2018\/09\/Logo_malik_weiss-klein3.png","width":140,"height":41,"caption":"malik international AG"},"image":{"@id":"https:\/\/www.malik-management.com\/de\/#\/schema\/logo\/image\/"},"sameAs":["https:\/\/www.linkedin.com\/company\/30160","https:\/\/www.youtube.com\/user\/malikmanagement"]}]}},"_links":{"self":[{"href":"https:\/\/www.malik-management.com\/de\/wp-json\/wp\/v2\/pages\/17229","targetHints":{"allow":["GET"]}}],"collection":[{"href":"https:\/\/www.malik-management.com\/de\/wp-json\/wp\/v2\/pages"}],"about":[{"href":"https:\/\/www.malik-management.com\/de\/wp-json\/wp\/v2\/types\/page"}],"author":[{"embeddable":true,"href":"https:\/\/www.malik-management.com\/de\/wp-json\/wp\/v2\/users\/17"}],"replies":[{"embeddable":true,"href":"https:\/\/www.malik-management.com\/de\/wp-json\/wp\/v2\/comments?post=17229"}],"version-history":[{"count":3,"href":"https:\/\/www.malik-management.com\/de\/wp-json\/wp\/v2\/pages\/17229\/revisions"}],"predecessor-version":[{"id":17232,"href":"https:\/\/www.malik-management.com\/de\/wp-json\/wp\/v2\/pages\/17229\/revisions\/17232"}],"up":[{"embeddable":true,"href":"https:\/\/www.malik-management.com\/de\/wp-json\/wp\/v2\/pages\/17225"}],"wp:attachment":[{"href":"https:\/\/www.malik-management.com\/de\/wp-json\/wp\/v2\/media?parent=17229"}],"curies":[{"name":"wp","href":"https:\/\/api.w.org\/{rel}","templated":true}]}}