{"id":17835,"date":"2017-09-06T08:36:57","date_gmt":"2017-09-06T08:36:57","guid":{"rendered":"https:\/\/www.malik.management\/online-programs\/"},"modified":"2026-04-16T13:29:57","modified_gmt":"2026-04-16T11:29:57","slug":"malik-effective-managing-and-performing","status":"publish","type":"page","link":"https:\/\/www.malik-management.com\/de\/malik-loesungen\/malik-effective-managing-and-performing\/","title":{"rendered":"Malik Effective Managing and Performing"},"content":{"rendered":"<p><div class=\"fusion-fullwidth fullwidth-box fusion-builder-row-1 malik_solutions_main nonhundred-percent-fullwidth non-hundred-percent-height-scrolling\" style=\"--awb-border-radius-top-left:0px;--awb-border-radius-top-right:0px;--awb-border-radius-bottom-right:0px;--awb-border-radius-bottom-left:0px;--awb-padding-top:30px;--awb-padding-bottom:30px;--awb-flex-wrap:wrap;\" ><div class=\"fusion-builder-row fusion-row\"><div class=\"fusion-layout-column fusion_builder_column fusion-builder-column-0 fusion_builder_column_1_1 1_1 fusion-one-full fusion-column-first fusion-column-last fusion-animated\" style=\"--awb-bg-size:cover;\" data-animationType=\"fadeInUp\" data-animationDuration=\"1.0\" data-animationOffset=\"top-into-view\"><div class=\"fusion-column-wrapper fusion-flex-column-wrapper-legacy\"><div class=\"fusion-text fusion-text-1\"><div id=\"content-center\">\n<h2>Malik Effective Managing and Performing\u00ae (EMP\u00ae)<\/h2>\n<div class=\"block_element01\">\n<h3>F\u00fcr Manager mit Personalverantwortung, Teamleiter, Projektleiter<\/h3>\n<\/div>\n<\/div>\n<\/div><div class=\"fusion-sep-clear\"><\/div><div class=\"fusion-separator fusion-full-width-sep\" style=\"margin-left: auto;margin-right: auto;margin-top:10px;margin-bottom:10px;width:100%;\"><div class=\"fusion-separator-border sep-single sep-solid\" style=\"--awb-height:20px;--awb-amount:20px;--awb-sep-color:#cccccc;border-color:#cccccc;border-top-width:1px;\"><\/div><\/div><div class=\"fusion-sep-clear\"><\/div><div class=\"fusion-builder-row fusion-builder-row-inner fusion-row\"><div class=\"fusion-layout-column fusion_builder_column_inner fusion-builder-nested-column-0 fusion_builder_column_inner_1_4 1_4 fusion-one-fourth fusion-column-first\" style=\"--awb-bg-size:cover;width:25%;width:calc(25% - ( ( 4% ) * 0.25 ) );margin-right: 4%;\"><div class=\"fusion-column-wrapper fusion-flex-column-wrapper-legacy\"><div class=\"fusion-image-element fusion-image-align-center in-legacy-container\" style=\"text-align:center;--awb-bottom-shadow-color:rgba(0,0,0,0.4);--awb-caption-title-font-family:var(--h2_typography-font-family);--awb-caption-title-font-weight:var(--h2_typography-font-weight);--awb-caption-title-font-style:var(--h2_typography-font-style);--awb-caption-title-size:var(--h2_typography-font-size);--awb-caption-title-transform:var(--h2_typography-text-transform);--awb-caption-title-line-height:var(--h2_typography-line-height);--awb-caption-title-letter-spacing:var(--h2_typography-letter-spacing);\"><div class=\"imageframe-align-center\"><div class=\"awb-image-frame awb-image-frame-1 awb-bottomshadow\"><span class=\" fusion-imageframe imageframe-bottomshadow imageframe-1 hover-type-zoomin\"><a href=\"https:\/\/www.malik-management.com\/wp-content\/uploads\/2017\/09\/malik-fuehrungsrad-600-1.jpg\" class=\"fusion-lightbox\" data-rel=\"iLightbox[e67def9f5f6b21f7ebf]\" data-title=\"malik-fuehrungsrad-600\" title=\"malik-fuehrungsrad-600\"><img decoding=\"async\" width=\"600\" height=\"640\" src=\"https:\/\/www.malik-management.com\/wp-content\/uploads\/2017\/09\/malik-fuehrungsrad-150.jpg\" alt class=\"img-responsive wp-image-17841\"\/><\/a><\/span><svg xmlns=\"http:\/\/www.w3.org\/2000\/svg\" version=\"1.1\" width=\"100%\" viewBox=\"0 0 600 28\" preserveAspectRatio=\"none\"><g clip-path=\"url(#a)\"><mask id=\"b\" style=\"mask-type:luminance\" maskUnits=\"userSpaceOnUse\" x=\"0\" y=\"0\" width=\"600\" height=\"28\"><path d=\"M0 0h600v28H0V0Z\" fill=\"#fff\"\/><\/mask><g filter=\"url(#c)\" mask=\"url(#b)\"><path d=\"M16.439-18.667h567.123v30.8S438.961-8.4 300-8.4C161.04-8.4 16.438 12.133 16.438 12.133v-30.8Z\" fill=\"#000\"\/><\/g><\/g><defs><clipPath id=\"a\"><path fill=\"#fff\" d=\"M0 0h600v28H0z\"\/><\/clipPath><filter id=\"c\" x=\"5.438\" y=\"-29.667\" width=\"589.123\" height=\"52.8\" filterUnits=\"userSpaceOnUse\" color-interpolation-filters=\"sRGB\"><feFlood flood-opacity=\"0\" result=\"BackgroundImageFix\"\/><feBlend in=\"SourceGraphic\" in2=\"BackgroundImageFix\" result=\"shape\"\/><feGaussianBlur stdDeviation=\"5.5\" result=\"effect1_foregroundBlur_3983_183\"\/><\/filter><\/defs><\/svg><\/div><\/div><\/div><div class=\"fusion-clearfix\"><\/div><\/div><\/div><div class=\"fusion-layout-column fusion_builder_column_inner fusion-builder-nested-column-1 fusion_builder_column_inner_3_4 3_4 fusion-three-fourth fusion-column-last\" style=\"--awb-bg-size:cover;width:75%;width:calc(75% - ( ( 4% ) * 0.75 ) );\"><div class=\"fusion-column-wrapper fusion-flex-column-wrapper-legacy\"><div class=\"fusion-text fusion-text-2\"><div id=\"content-center\">\n<div class=\"block_element01\">\n<p>F\u00fcr alle die sich f\u00fcr wirksames Selbstmanagement und f\u00fcr das professionelle F\u00fchren von Mitarbeitern interessieren, bietet die Malik Academy das Effectiveness\u00ae Training. Ein flexibles E-Learning Programm mit l\u00fcckenloser Online Betreuung durch Malik Experten.<\/p>\n<p>Grundlage dieses Kurses ist Prof. Dr. Maliks Bestseller \u201eF\u00fchren Leisten Leben\u201c welches 2011 als eines der &#8222;<a href=\"https:\/\/www.malik-management.com\/?p=20092\">100 besten Wirtschaftsb\u00fccher aller Zeiten<\/a>&#8220; ausgezeichnet worden ist.<\/p>\n<\/div>\n<\/div>\n<\/div><div class=\"fusion-clearfix\"><\/div><\/div><\/div><\/div><div class=\"fusion-builder-row fusion-builder-row-inner fusion-row\"><div class=\"fusion-layout-column fusion_builder_column_inner fusion-builder-nested-column-2 fusion_builder_column_inner_1_4 1_4 fusion-one-fourth fusion-column-first\" style=\"--awb-bg-blend:overlay;--awb-bg-size:cover;--awb-margin-bottom:0px;width:25%;width:calc(25% - ( ( 4% ) * 0.25 ) );margin-right: 4%;\"><div class=\"fusion-column-wrapper fusion-flex-column-wrapper-legacy\"><div class=\"fusion-clearfix\"><\/div><\/div><\/div><div class=\"fusion-layout-column fusion_builder_column_inner fusion-builder-nested-column-3 fusion_builder_column_inner_3_4 3_4 fusion-three-fourth fusion-column-last\" style=\"--awb-bg-blend:overlay;--awb-bg-size:cover;--awb-margin-bottom:15px;width:75%;width:calc(75% - ( ( 4% ) * 0.75 ) );\"><div class=\"fusion-column-wrapper fusion-flex-column-wrapper-legacy\"><div class=\"fusion-button-wrapper\"><a class=\"fusion-button button-flat fusion-button-default-size button-default fusion-button-default button-1 fusion-button-default-span fusion-button-default-type\" style=\"--button-border-radius-top-left:5px;--button-border-radius-top-right:5px;--button-border-radius-bottom-right:5px;--button-border-radius-bottom-left:5px;--button_text_transform:none;\" target=\"_self\" href=\"#leformx-2\"><span class=\"fusion-button-text awb-button__text awb-button__text--default\">Buchen<\/span><\/a><\/div><div class=\"fusion-clearfix\"><\/div><\/div><\/div><\/div><div class=\"fusion-sep-clear\"><\/div><div class=\"fusion-separator fusion-full-width-sep\" style=\"margin-left: auto;margin-right: auto;margin-top:10px;margin-bottom:20px;width:100%;\"><div class=\"fusion-separator-border sep-single sep-solid\" style=\"--awb-height:20px;--awb-amount:20px;--awb-sep-color:#cccccc;border-color:#cccccc;border-top-width:1px;\"><\/div><\/div><div class=\"fusion-sep-clear\"><\/div><div class=\"fusion-tabs fusion-tabs-1 classic nav-is-justified horizontal-tabs icon-position-left mobile-mode-accordion\" style=\"--awb-title-border-radius-top-left:0px;--awb-title-border-radius-top-right:0px;--awb-title-border-radius-bottom-right:0px;--awb-title-border-radius-bottom-left:0px;--awb-alignment:start;--awb-inactive-color:#ebeaea;--awb-background-color:#ffffff;--awb-border-color:#ebeaea;--awb-active-border-color:#336699;\"><div class=\"nav\"><ul class=\"nav-tabs nav-justified\" role=\"tablist\"><li class=\"active\" role=\"presentation\"><a class=\"tab-link\" data-toggle=\"tab\" role=\"tab\" aria-controls=\"tab-a30792ec32349a3c9f2\" aria-selected=\"true\" id=\"fusion-tab-inhalt\" href=\"#tab-a30792ec32349a3c9f2\"><h4 class=\"fusion-tab-heading\">Inhalt<\/h4><\/a><\/li><li role=\"presentation\"><a class=\"tab-link\" data-toggle=\"tab\" role=\"tab\" aria-controls=\"tab-720c29238e6e864c762\" aria-selected=\"false\" tabindex=\"-1\" id=\"fusion-tab-ablauf\" href=\"#tab-720c29238e6e864c762\"><h4 class=\"fusion-tab-heading\">Ablauf<\/h4><\/a><\/li><li role=\"presentation\"><a class=\"tab-link\" data-toggle=\"tab\" role=\"tab\" aria-controls=\"tab-e8b8232a08b6a9418af\" aria-selected=\"false\" tabindex=\"-1\" id=\"fusion-tab-programmgrundlage\" href=\"#tab-e8b8232a08b6a9418af\"><h4 class=\"fusion-tab-heading\">Programmgrundlage<\/h4><\/a><\/li><li role=\"presentation\"><a class=\"tab-link\" data-toggle=\"tab\" role=\"tab\" aria-controls=\"tab-e82533b5b154272735d\" aria-selected=\"false\" tabindex=\"-1\" id=\"fusion-tab-termine\" href=\"#tab-e82533b5b154272735d\"><h4 class=\"fusion-tab-heading\">Termine<\/h4><\/a><\/li><\/ul><\/div><div class=\"tab-content\"><div class=\"nav fusion-mobile-tab-nav\"><ul class=\"nav-tabs nav-justified\" role=\"tablist\"><li class=\"active\" role=\"presentation\"><a class=\"tab-link\" data-toggle=\"tab\" role=\"tab\" aria-controls=\"tab-a30792ec32349a3c9f2\" aria-selected=\"true\" id=\"mobile-fusion-tab-inhalt\" href=\"#tab-a30792ec32349a3c9f2\"><h4 class=\"fusion-tab-heading\">Inhalt<\/h4><\/a><\/li><\/ul><\/div><div class=\"tab-pane fade fusion-clearfix in active\" role=\"tabpanel\" tabindex=\"0\" aria-labelledby=\"fusion-tab-inhalt\" id=\"tab-a30792ec32349a3c9f2\">\n<div id=\"content-center\">\n<div class=\"content_tab01\">\n<h3>Inhalt<\/h3>\n<p>Im <strong>Effective Managing and Performing\u00ae Programm <\/strong> werden Sie mit essentiellen Management Aufgaben und Tools vertraut gemacht, die nicht nur Sie noch effektiver handeln lassen, sondern auch Ihr gesamtes Team.<br \/>\n<u><\/u><\/p>\n<p><u>Die folgenden Themen werden behandelt:<\/u><\/p>\n<ol>\n<li>Grundlagen wirksamer F\u00fchrung<\/li>\n<li>F\u00fchren mit Zielen<\/li>\n<li>Selbstorganisation<\/li>\n<li>Planung<\/li>\n<li>Kontrolle<\/li>\n<li>Probleme l\u00f6sen<\/li>\n<li>Sitzungen leiten<\/li>\n<li>Leistungswille<\/li>\n<li>Zusammenarbeiten<\/li>\n<li>Pr\u00e4sentieren<\/li>\n<li>Verhandeln<\/li>\n<li>Gespr\u00e4che f\u00fchren<\/li>\n<li>Konfliktmanagement<\/li>\n<li>Vorgesetzte und Kollegen managen<\/li>\n<\/ol>\n<p>Diese 14 Module bestehen jeweils aus Videovortrag, Web Based Training und Selbsttest.<\/p>\n<p>Weitere Informationen erhalten Sie in unserer <a href=\"https:\/\/www.malik-management.com\/wp-content\/uploads\/2024\/03\/malik-effective-managing-performing-de_230304.pdf\" target=\"_blank\" rel=\"noopener\">Brosch\u00fcre<\/a> oder unter <a href=\"mailto:academy@malik-management.com\">academy@malik-management.com<\/a>.<\/p>\n<\/div>\n<\/div>\n<\/div><div class=\"nav fusion-mobile-tab-nav\"><ul class=\"nav-tabs nav-justified\" role=\"tablist\"><li role=\"presentation\"><a class=\"tab-link\" data-toggle=\"tab\" role=\"tab\" aria-controls=\"tab-720c29238e6e864c762\" aria-selected=\"false\" tabindex=\"-1\" id=\"mobile-fusion-tab-ablauf\" href=\"#tab-720c29238e6e864c762\"><h4 class=\"fusion-tab-heading\">Ablauf<\/h4><\/a><\/li><\/ul><\/div><div class=\"tab-pane fade fusion-clearfix\" role=\"tabpanel\" tabindex=\"0\" aria-labelledby=\"fusion-tab-ablauf\" id=\"tab-720c29238e6e864c762\">\n<div id=\"content-center\">\n<div class=\"content_tab01\">\n<h3>Ablauf<\/h3>\n<p>Entscheiden Sie selbst Tempo, Ort und Zeit des Lernens. Malik e-Management Learning Programme bieten daf\u00fcr die n\u00f6tige Flexibilit\u00e4t.<\/p>\n<p>Die durchschnittliche Bearbeitungszeit pro Module betr\u00e4gt 2-4 Stunden, kann aber durch Vorkenntnisse individuell unterschiedlich sein. Die Lernplattform, dessen Inhalte und das Tutoring der Malik Experten steht Ihnen 6 Monate zur Verf\u00fcgung.<\/p>\n<\/div>\n<h3><a href=\"https:\/\/www.malik-management.com\/wp-content\/uploads\/2023\/03\/malik-emp-2020de_MS.pdf\" target=\"_blank\" rel=\"noopener\">Erfahren Sie hier mehr \u00fcber den Ablauf des Programms.<\/a><\/h3>\n<\/div>\n<\/div><div class=\"nav fusion-mobile-tab-nav\"><ul class=\"nav-tabs nav-justified\" role=\"tablist\"><li role=\"presentation\"><a class=\"tab-link\" data-toggle=\"tab\" role=\"tab\" aria-controls=\"tab-e8b8232a08b6a9418af\" aria-selected=\"false\" tabindex=\"-1\" id=\"mobile-fusion-tab-programmgrundlage\" href=\"#tab-e8b8232a08b6a9418af\"><h4 class=\"fusion-tab-heading\">Programmgrundlage<\/h4><\/a><\/li><\/ul><\/div><div class=\"tab-pane fade fusion-clearfix\" role=\"tabpanel\" tabindex=\"0\" aria-labelledby=\"fusion-tab-programmgrundlage\" id=\"tab-e8b8232a08b6a9418af\">\n<div id=\"content-center\">\n<div class=\"content_tab01\">\n<h3>Programmgrundlage<\/h3>\n<p><a href=\"https:\/\/www.malik-management.com\/wp-content\/uploads\/2020\/08\/malik-buecher_FLL2019_236x200.jpg\"><img decoding=\"async\" class=\"wp-image-25042 size-full alignleft\" src=\"https:\/\/www.malik-management.com\/wp-content\/uploads\/2020\/08\/malik-buecher_FLL2019_236x200.jpg\" alt=\"\" width=\"236\" height=\"200\" srcset=\"https:\/\/www.malik-management.com\/wp-content\/uploads\/2020\/08\/malik-buecher_FLL2019_236x200-200x169.jpg 200w, https:\/\/www.malik-management.com\/wp-content\/uploads\/2020\/08\/malik-buecher_FLL2019_236x200.jpg 236w\" sizes=\"(max-width: 236px) 100vw, 236px\" \/><\/a><\/p>\n<p><span style=\"font-size: 11px;\"><a href=\"https:\/\/www.malik-management.com\/de\/ueber-uns\/publikationen\/malik-buecher\/malik-bestseller-ausgezeichnet\/\">Malik: F\u00fchren Leisten Leben<\/a><br \/>\n(2011 als eines der &#8222;<a href=\"https:\/\/www.malik-management.com\/?p=20092\">100 besten Wirtschaftsb\u00fccher aller Zeiten<\/a>&#8220; ausgezeichnet)<\/span><\/p>\n<p><span style=\"font-size: 11px;\"><a href=\"https:\/\/www.malik-management.com\/de\/malik-ansatz\/malik-management-systeme\/\">Die Malik ManagementSysteme\u00ae<\/a><\/span><img decoding=\"async\" style=\"width: 150px;\" src=\"https:\/\/www.malik-management.com\/wp-content\/uploads\/2017\/02\/malik-management-systeme-236px.gif\" \/><\/p>\n<\/div>\n<\/div>\n<\/div><div class=\"nav fusion-mobile-tab-nav\"><ul class=\"nav-tabs nav-justified\" role=\"tablist\"><li role=\"presentation\"><a class=\"tab-link\" data-toggle=\"tab\" role=\"tab\" aria-controls=\"tab-e82533b5b154272735d\" aria-selected=\"false\" tabindex=\"-1\" id=\"mobile-fusion-tab-termine\" href=\"#tab-e82533b5b154272735d\"><h4 class=\"fusion-tab-heading\">Termine<\/h4><\/a><\/li><\/ul><\/div><div class=\"tab-pane fade fusion-clearfix\" role=\"tabpanel\" tabindex=\"0\" aria-labelledby=\"fusion-tab-termine\" id=\"tab-e82533b5b154272735d\">\n<div id=\"content-center\">\n<p>&nbsp;<\/p>\n<p>&nbsp;<\/p>\n<div class=\"content_tab01\">\n<h3>Termine &amp; Buchung<\/h3>\n<div class=\"table-responsive\">\n<table class=\"table table-bordered\">\n<tbody>\n<tr>\n<td colspan=\"3\">Malik Effective Managing and Performing\u00ae (EMP\u00ae) &#8211; Managing People<\/td>\n<\/tr>\n<tr>\n<td>Start:<\/td>\n<td>jederzeit m\u00f6glich<\/td>\n<td><strong>2630 EUR <\/strong><br \/>(zzgl. der jeweils g\u00fcltigen MwSt.)<\/td>\n<\/tr>\n<tr>\n<td>Dauer:<\/td>\n<td>individuell (bis zu 6 Monate)<\/td>\n<td>14 Module<\/td>\n<\/tr>\n<tr>\n<td>Ort:<\/td>\n<td>Online Lernplattform<\/td>\n<td>&nbsp;<\/td>\n<\/tr>\n<\/tbody>\n<\/table>\n<\/div>\n<p>Das Programm startet jeweils mit einer Online Einf\u00fchrung. Weitere Informationen zum Programm erhalten Sie in unserer <a href=\"https:\/\/www.malik-management.com\/wp-content\/uploads\/2023\/03\/malik-emp-2020de_MS.pdf\" target=\"_blank\" rel=\"noopener\">Brosch\u00fcre<\/a> oder schreiben Sie uns an:&nbsp;<a href=\"mailto:academy@malik-management.com\">academy@malik-management.com<\/a><\/p>\n<\/div>\n<\/div>\n<\/div><\/div><\/div><div class=\"fusion-clearfix\"><\/div><\/div><\/div><\/div><\/div><div class=\"fusion-fullwidth fullwidth-box fusion-builder-row-2 nonhundred-percent-fullwidth non-hundred-percent-height-scrolling\" style=\"--awb-border-radius-top-left:0px;--awb-border-radius-top-right:0px;--awb-border-radius-bottom-right:0px;--awb-border-radius-bottom-left:0px;--awb-flex-wrap:wrap;\" ><div class=\"fusion-builder-row fusion-row\"><div class=\"fusion-layout-column fusion_builder_column fusion-builder-column-1 fusion_builder_column_1_1 1_1 fusion-one-full fusion-column-first fusion-column-last\" style=\"--awb-bg-size:cover;--awb-margin-bottom:0px;\"><div class=\"fusion-column-wrapper fusion-flex-column-wrapper-legacy\"><div class=\"fusion-clearfix\"><\/div><\/div><\/div><\/div><\/div><\/p>\n","protected":false},"excerpt":{"rendered":"","protected":false},"author":17,"featured_media":0,"parent":16465,"menu_order":0,"comment_status":"closed","ping_status":"closed","template":"side-navigation.php","meta":{"_acf_changed":false,"_bbp_topic_count":0,"_bbp_reply_count":0,"_bbp_total_topic_count":0,"_bbp_total_reply_count":0,"_bbp_voice_count":0,"_bbp_anonymous_reply_count":0,"_bbp_topic_count_hidden":0,"_bbp_reply_count_hidden":0,"_bbp_forum_subforum_count":0,"footnotes":""},"class_list":["post-17835","page","type-page","status-publish","hentry"],"acf":[],"yoast_head":"<!-- This site is optimized with the Yoast SEO plugin v26.4 - https:\/\/yoast.com\/wordpress\/plugins\/seo\/ -->\n<title>Malik Effective Managing and Performing - Malik Management<\/title>\n<meta name=\"robots\" content=\"index, follow, max-snippet:-1, max-image-preview:large, max-video-preview:-1\" \/>\n<link rel=\"canonical\" href=\"https:\/\/www.malik-management.com\/de\/malik-loesungen\/malik-effective-managing-and-performing\/\" \/>\n<meta property=\"og:locale\" content=\"de_DE\" \/>\n<meta property=\"og:type\" content=\"article\" \/>\n<meta property=\"og:title\" content=\"Malik Effective Managing and Performing - Malik Management\" \/>\n<meta property=\"og:url\" content=\"https:\/\/www.malik-management.com\/de\/malik-loesungen\/malik-effective-managing-and-performing\/\" \/>\n<meta property=\"og:site_name\" content=\"Malik Management\" \/>\n<meta property=\"article:modified_time\" content=\"2026-04-16T11:29:57+00:00\" \/>\n<meta property=\"og:image\" content=\"https:\/\/www.malik-management.com\/wp-content\/uploads\/2020\/08\/malik-buecher_FLL2019_236x200.jpg\" \/>\n<meta name=\"twitter:card\" content=\"summary_large_image\" \/>\n<meta name=\"twitter:label1\" content=\"Gesch\u00e4tzte Lesezeit\" \/>\n\t<meta name=\"twitter:data1\" content=\"2\u00a0Minuten\" \/>\n<script type=\"application\/ld+json\" class=\"yoast-schema-graph\">{\"@context\":\"https:\/\/schema.org\",\"@graph\":[{\"@type\":\"WebPage\",\"@id\":\"https:\/\/www.malik-management.com\/de\/malik-loesungen\/malik-effective-managing-and-performing\/\",\"url\":\"https:\/\/www.malik-management.com\/de\/malik-loesungen\/malik-effective-managing-and-performing\/\",\"name\":\"Malik Effective Managing and Performing - Malik Management\",\"isPartOf\":{\"@id\":\"https:\/\/www.malik-management.com\/de\/#website\"},\"primaryImageOfPage\":{\"@id\":\"https:\/\/www.malik-management.com\/de\/malik-loesungen\/malik-effective-managing-and-performing\/#primaryimage\"},\"image\":{\"@id\":\"https:\/\/www.malik-management.com\/de\/malik-loesungen\/malik-effective-managing-and-performing\/#primaryimage\"},\"thumbnailUrl\":\"https:\/\/www.malik-management.com\/wp-content\/uploads\/2020\/08\/malik-buecher_FLL2019_236x200.jpg\",\"datePublished\":\"2017-09-06T08:36:57+00:00\",\"dateModified\":\"2026-04-16T11:29:57+00:00\",\"breadcrumb\":{\"@id\":\"https:\/\/www.malik-management.com\/de\/malik-loesungen\/malik-effective-managing-and-performing\/#breadcrumb\"},\"inLanguage\":\"de\",\"potentialAction\":[{\"@type\":\"ReadAction\",\"target\":[\"https:\/\/www.malik-management.com\/de\/malik-loesungen\/malik-effective-managing-and-performing\/\"]}]},{\"@type\":\"ImageObject\",\"inLanguage\":\"de\",\"@id\":\"https:\/\/www.malik-management.com\/de\/malik-loesungen\/malik-effective-managing-and-performing\/#primaryimage\",\"url\":\"https:\/\/www.malik-management.com\/wp-content\/uploads\/2020\/08\/malik-buecher_FLL2019_236x200.jpg\",\"contentUrl\":\"https:\/\/www.malik-management.com\/wp-content\/uploads\/2020\/08\/malik-buecher_FLL2019_236x200.jpg\"},{\"@type\":\"BreadcrumbList\",\"@id\":\"https:\/\/www.malik-management.com\/de\/malik-loesungen\/malik-effective-managing-and-performing\/#breadcrumb\",\"itemListElement\":[{\"@type\":\"ListItem\",\"position\":1,\"name\":\"Home\",\"item\":\"https:\/\/www.malik-management.com\/de\/\"},{\"@type\":\"ListItem\",\"position\":2,\"name\":\"Malik L\u00f6sungen\",\"item\":\"https:\/\/www.malik-management.com\/de\/malik-loesungen\/\"},{\"@type\":\"ListItem\",\"position\":3,\"name\":\"Malik Effective Managing and Performing\"}]},{\"@type\":\"WebSite\",\"@id\":\"https:\/\/www.malik-management.com\/de\/#website\",\"url\":\"https:\/\/www.malik-management.com\/de\/\",\"name\":\"Malik Management\",\"description\":\"Beyond conventional management\",\"publisher\":{\"@id\":\"https:\/\/www.malik-management.com\/de\/#organization\"},\"potentialAction\":[{\"@type\":\"SearchAction\",\"target\":{\"@type\":\"EntryPoint\",\"urlTemplate\":\"https:\/\/www.malik-management.com\/de\/?s={search_term_string}\"},\"query-input\":{\"@type\":\"PropertyValueSpecification\",\"valueRequired\":true,\"valueName\":\"search_term_string\"}}],\"inLanguage\":\"de\"},{\"@type\":\"Organization\",\"@id\":\"https:\/\/www.malik-management.com\/de\/#organization\",\"name\":\"malik international AG\",\"url\":\"https:\/\/www.malik-management.com\/de\/\",\"logo\":{\"@type\":\"ImageObject\",\"inLanguage\":\"de\",\"@id\":\"https:\/\/www.malik-management.com\/de\/#\/schema\/logo\/image\/\",\"url\":\"https:\/\/www.malik-management.com\/wp-content\/uploads\/2018\/09\/Logo_malik_weiss-klein3.png\",\"contentUrl\":\"https:\/\/www.malik-management.com\/wp-content\/uploads\/2018\/09\/Logo_malik_weiss-klein3.png\",\"width\":140,\"height\":41,\"caption\":\"malik international AG\"},\"image\":{\"@id\":\"https:\/\/www.malik-management.com\/de\/#\/schema\/logo\/image\/\"},\"sameAs\":[\"https:\/\/www.linkedin.com\/company\/30160\",\"https:\/\/www.youtube.com\/user\/malikmanagement\"]}]}<\/script>\n<!-- \/ Yoast SEO plugin. -->","yoast_head_json":{"title":"Malik Effective Managing and Performing - Malik Management","robots":{"index":"index","follow":"follow","max-snippet":"max-snippet:-1","max-image-preview":"max-image-preview:large","max-video-preview":"max-video-preview:-1"},"canonical":"https:\/\/www.malik-management.com\/de\/malik-loesungen\/malik-effective-managing-and-performing\/","og_locale":"de_DE","og_type":"article","og_title":"Malik Effective Managing and Performing - Malik Management","og_url":"https:\/\/www.malik-management.com\/de\/malik-loesungen\/malik-effective-managing-and-performing\/","og_site_name":"Malik Management","article_modified_time":"2026-04-16T11:29:57+00:00","og_image":[{"url":"https:\/\/www.malik-management.com\/wp-content\/uploads\/2020\/08\/malik-buecher_FLL2019_236x200.jpg","type":"","width":"","height":""}],"twitter_card":"summary_large_image","twitter_misc":{"Gesch\u00e4tzte Lesezeit":"2\u00a0Minuten"},"schema":{"@context":"https:\/\/schema.org","@graph":[{"@type":"WebPage","@id":"https:\/\/www.malik-management.com\/de\/malik-loesungen\/malik-effective-managing-and-performing\/","url":"https:\/\/www.malik-management.com\/de\/malik-loesungen\/malik-effective-managing-and-performing\/","name":"Malik Effective Managing and Performing - Malik Management","isPartOf":{"@id":"https:\/\/www.malik-management.com\/de\/#website"},"primaryImageOfPage":{"@id":"https:\/\/www.malik-management.com\/de\/malik-loesungen\/malik-effective-managing-and-performing\/#primaryimage"},"image":{"@id":"https:\/\/www.malik-management.com\/de\/malik-loesungen\/malik-effective-managing-and-performing\/#primaryimage"},"thumbnailUrl":"https:\/\/www.malik-management.com\/wp-content\/uploads\/2020\/08\/malik-buecher_FLL2019_236x200.jpg","datePublished":"2017-09-06T08:36:57+00:00","dateModified":"2026-04-16T11:29:57+00:00","breadcrumb":{"@id":"https:\/\/www.malik-management.com\/de\/malik-loesungen\/malik-effective-managing-and-performing\/#breadcrumb"},"inLanguage":"de","potentialAction":[{"@type":"ReadAction","target":["https:\/\/www.malik-management.com\/de\/malik-loesungen\/malik-effective-managing-and-performing\/"]}]},{"@type":"ImageObject","inLanguage":"de","@id":"https:\/\/www.malik-management.com\/de\/malik-loesungen\/malik-effective-managing-and-performing\/#primaryimage","url":"https:\/\/www.malik-management.com\/wp-content\/uploads\/2020\/08\/malik-buecher_FLL2019_236x200.jpg","contentUrl":"https:\/\/www.malik-management.com\/wp-content\/uploads\/2020\/08\/malik-buecher_FLL2019_236x200.jpg"},{"@type":"BreadcrumbList","@id":"https:\/\/www.malik-management.com\/de\/malik-loesungen\/malik-effective-managing-and-performing\/#breadcrumb","itemListElement":[{"@type":"ListItem","position":1,"name":"Home","item":"https:\/\/www.malik-management.com\/de\/"},{"@type":"ListItem","position":2,"name":"Malik L\u00f6sungen","item":"https:\/\/www.malik-management.com\/de\/malik-loesungen\/"},{"@type":"ListItem","position":3,"name":"Malik Effective Managing and Performing"}]},{"@type":"WebSite","@id":"https:\/\/www.malik-management.com\/de\/#website","url":"https:\/\/www.malik-management.com\/de\/","name":"Malik Management","description":"Beyond conventional management","publisher":{"@id":"https:\/\/www.malik-management.com\/de\/#organization"},"potentialAction":[{"@type":"SearchAction","target":{"@type":"EntryPoint","urlTemplate":"https:\/\/www.malik-management.com\/de\/?s={search_term_string}"},"query-input":{"@type":"PropertyValueSpecification","valueRequired":true,"valueName":"search_term_string"}}],"inLanguage":"de"},{"@type":"Organization","@id":"https:\/\/www.malik-management.com\/de\/#organization","name":"malik international AG","url":"https:\/\/www.malik-management.com\/de\/","logo":{"@type":"ImageObject","inLanguage":"de","@id":"https:\/\/www.malik-management.com\/de\/#\/schema\/logo\/image\/","url":"https:\/\/www.malik-management.com\/wp-content\/uploads\/2018\/09\/Logo_malik_weiss-klein3.png","contentUrl":"https:\/\/www.malik-management.com\/wp-content\/uploads\/2018\/09\/Logo_malik_weiss-klein3.png","width":140,"height":41,"caption":"malik international AG"},"image":{"@id":"https:\/\/www.malik-management.com\/de\/#\/schema\/logo\/image\/"},"sameAs":["https:\/\/www.linkedin.com\/company\/30160","https:\/\/www.youtube.com\/user\/malikmanagement"]}]}},"_links":{"self":[{"href":"https:\/\/www.malik-management.com\/de\/wp-json\/wp\/v2\/pages\/17835","targetHints":{"allow":["GET"]}}],"collection":[{"href":"https:\/\/www.malik-management.com\/de\/wp-json\/wp\/v2\/pages"}],"about":[{"href":"https:\/\/www.malik-management.com\/de\/wp-json\/wp\/v2\/types\/page"}],"author":[{"embeddable":true,"href":"https:\/\/www.malik-management.com\/de\/wp-json\/wp\/v2\/users\/17"}],"replies":[{"embeddable":true,"href":"https:\/\/www.malik-management.com\/de\/wp-json\/wp\/v2\/comments?post=17835"}],"version-history":[{"count":100,"href":"https:\/\/www.malik-management.com\/de\/wp-json\/wp\/v2\/pages\/17835\/revisions"}],"predecessor-version":[{"id":29977,"href":"https:\/\/www.malik-management.com\/de\/wp-json\/wp\/v2\/pages\/17835\/revisions\/29977"}],"up":[{"embeddable":true,"href":"https:\/\/www.malik-management.com\/de\/wp-json\/wp\/v2\/pages\/16465"}],"wp:attachment":[{"href":"https:\/\/www.malik-management.com\/de\/wp-json\/wp\/v2\/media?parent=17835"}],"curies":[{"name":"wp","href":"https:\/\/api.w.org\/{rel}","templated":true}]}}