{"id":17888,"date":"2017-09-07T04:51:44","date_gmt":"2017-09-07T04:51:44","guid":{"rendered":"https:\/\/www.malik.management\/ecopolicy\/"},"modified":"2021-12-14T13:45:31","modified_gmt":"2021-12-14T12:45:31","slug":"ecopolicy","status":"publish","type":"page","link":"https:\/\/www.malik-management.com\/de\/malik-loesungen\/malik-tools-and-methods\/ecopolicy\/","title":{"rendered":"ecopolicy"},"content":{"rendered":"<div class=\"fusion-fullwidth fullwidth-box fusion-builder-row-1 malik_solutions_main nonhundred-percent-fullwidth non-hundred-percent-height-scrolling\" style=\"--awb-border-radius-top-left:0px;--awb-border-radius-top-right:0px;--awb-border-radius-bottom-right:0px;--awb-border-radius-bottom-left:0px;--awb-padding-top:30px;--awb-padding-bottom:30px;--awb-flex-wrap:wrap;\" ><div class=\"fusion-builder-row fusion-row\"><div class=\"fusion-layout-column fusion_builder_column fusion-builder-column-0 fusion_builder_column_3_4 3_4 fusion-three-fourth fusion-column-first fusion-animated\" style=\"--awb-bg-size:cover;width:75%;width:calc(75% - ( ( 4% ) * 0.75 ) );margin-right: 4%;\" data-animationType=\"fadeInUp\" data-animationDuration=\"1.0\" data-animationOffset=\"top-into-view\"><div class=\"fusion-column-wrapper fusion-flex-column-wrapper-legacy\"><div class=\"fusion-text fusion-text-1\" style=\"--awb-text-transform:none;\"><div id=\"content-center\">\n<h2>ecopolicy\u00ae<\/h2>\n<div class=\"block_element01\">\n<p style=\"text-align: right;\"><em>Basierend auf dem <a href=\"https:\/\/www.malik-management.com\/de\/malik-loesungen\/malik-tools-and-methods\/malik-sensitivity-model\/\"><strong>Malik Sensitivit\u00e4tsmodell\u00ae<\/strong><\/a><br \/>\n<\/em><em>nach <strong><a href=\"http:\/\/www.frederic-vester.de\/\" target=\"_blank\" rel=\"noopener noreferrer\">Prof. Dr. Dr. h.c. Frederic Vester<\/a><\/strong><\/em><\/p>\n<p>Es ist das h\u00f6chstentwickelte Tool f\u00fcr das Erstellen von Regelkreisen in komplexen Systemen. Herk\u00f6mmliche Modelle regeln den Strom von Energie und Material. Mit diesem Tool wird jedoch eine viel wichtigere Dimension sichtbar: was das System aus den Elementen macht \u2013 die Wechselwirkung.<\/p>\n<h3>ecopolicy\u00ae in der Stadt Tulln \u2013 Sch\u00fcler beraten Politiker<\/h3>\n<p>Die Stadt Tulln hat im Dezember 2011 als erste Pilotgemeinde in Nieder\u00f6sterreich mit der\u00a0<a href=\"https:\/\/www.malik-management.com\/de\/malik-loesungen\/malik-tools-and-methods\/malik-syntegration\/\">Malik Syntegration\u00ae<\/a> finanzielle Spielr\u00e4ume f\u00fcr Zukunftsprojekte erarbeitet. Dabei wurde auch Tullns Jugend f\u00fcr ihre Stadt aktiv: Nach der Syntegration und einem Lehrertraining spielten insgesamt fast 1000 Sch\u00fcler aus f\u00fcnf verschiedenen Schulen in Tulln ecopolicy. Die besten 25 bekamen die M\u00f6glichkeit mit dem\u00a0Malik Sensitivit\u00e4tsmodell\u00ae zu arbeiten und pr\u00e4sentierten ihre Ergebnisse den Lokalpolitikern. Themen waren zum Beispiel die Attraktivit\u00e4t von Tulln f\u00fcr die Jugend heute und in 2022, Freizeit und Sportm\u00f6glichkeiten, Ausgehm\u00f6glichkeiten in Tulln und Schulbildung.<\/p>\n<p>B\u00fcrgermeister Eisenschenk: <em>&#8222;ecopolicy und diese Art des Denkens ist die beste Investition, um unsere Jugend vor einseitigem und populistischem Denken zu bewahren und unsere Gesellschaft weiterzuentwickeln&#8220;.<\/em><\/p>\n<p><strong>\u00bb <a href=\"https:\/\/www.malik-management.com\/de\/malik-loesungen\/loesungen-fuer-den-oeffentlichen-bereich\/stadt-und-regionalentwicklung\/niederoesterreichische-gemeinden\/\">Mehr zur Syntegration in Nieder\u00f6sterreich<\/a><\/strong><\/p>\n<hr \/>\n<h3>ecopolicyade\u00ae, die Olympiade im vernetzten Denken<\/h3>\n<p>Die ecopolicyade\u00ae, die &#8222;Olympiade&#8220; im vernetzten Denken basiert auf dem Computersimulations-Spiel ecopolicy von <a href=\"http:\/\/www.frederic-vester.de\/\" target=\"_blank\" rel=\"noopener noreferrer\">Prof. Dr. Dr. h.c. Frederic Vester<\/a>, der als Biokybernetiker weltweit einzigartige Pionierleistungen erbrachte f\u00fcr das Erlebbarmachen der abstrakten Kybernetik komplexer Systeme.<\/p>\n<p>Beim Sch\u00fclerwettbewerb ecopolicyade treten Zweier- oder Dreierteams im Alter von zw\u00f6lf bis 17 Jahren gegeneinander an um zu ermitteln, wer sich im Strategiespiel ecopolicy als bester Lenker eines fiktiven Staates bew\u00e4hrt. Die Spieler steuern das Land \u00fcber In\u00adves\u00adti\u00adtio\u00adnen in acht Lebensbereichen. Dabei m\u00fcssen sie die Bereiche Politik, Produktion, Umweltbelastung, Lebensqualit\u00e4t, Sanierung, Vermehrungsrate, Aufkl\u00e4rung und Bev\u00f6lkerungsentwicklung im Gleichgewicht halten.<\/p>\n<p>Die ecopolicyade, initiiert vom deutschen Lehrer Hans-Werner Hansen aus Schleswig-Holstein, wurde 2005 erstmals in diesem Bundesland ausgetragen. Bis 2012 wurde der Wettbewerb bundesweit in Deutschland durchgef\u00fchrt. Seit 2010 lanciert Malik die ecopolicyade auch international.<\/p>\n<p><a href=\"http:\/\/www.youtube.com\/playlist?list=PL01E1C9C4A1D39757\" target=\"_blank\" rel=\"noopener noreferrer\">ecopolicy\/ecopolicyade auf YouTube<\/a><\/p>\n<\/div>\n<\/div>\n<\/div><div class=\"fusion-clearfix\"><\/div><\/div><\/div><div class=\"fusion-layout-column fusion_builder_column fusion-builder-column-1 fusion_builder_column_1_4 1_4 fusion-one-fourth fusion-column-last malik_solutions_main_right fusion-animated\" style=\"--awb-bg-size:cover;width:25%;width:calc(25% - ( ( 4% ) * 0.25 ) );\" data-animationType=\"fadeInRight\" data-animationDuration=\"1.0\" data-animationOffset=\"top-into-view\"><div class=\"fusion-column-wrapper fusion-flex-column-wrapper-legacy\"><div class=\"fusion-image-element fusion-image-align-center in-legacy-container\" style=\"text-align:center;--awb-caption-title-font-family:var(--h2_typography-font-family);--awb-caption-title-font-weight:var(--h2_typography-font-weight);--awb-caption-title-font-style:var(--h2_typography-font-style);--awb-caption-title-size:var(--h2_typography-font-size);--awb-caption-title-transform:var(--h2_typography-text-transform);--awb-caption-title-line-height:var(--h2_typography-line-height);--awb-caption-title-letter-spacing:var(--h2_typography-letter-spacing);\"><div class=\"imageframe-align-center\"><span class=\" fusion-imageframe imageframe-dropshadow imageframe-1 hover-type-zoomin malik_solutions_main_right_image01\" style=\"-webkit-box-shadow: 3px 3px 7px rgba(0,0,0,0.3);box-shadow: 3px 3px 7px rgba(0,0,0,0.3);\"><a class=\"fusion-no-lightbox\" href=\"\/MMS_EN_Online\/main.html\" target=\"_blank\" aria-label=\"malik-ecopolicy\" rel=\"noopener noreferrer\"><img decoding=\"async\" width=\"273\" height=\"530\" src=\"https:\/\/www.malik-management.com\/wp-content\/uploads\/2017\/09\/malik-ecopolicy.jpg\" alt class=\"img-responsive wp-image-15980\" srcset=\"https:\/\/www.malik-management.com\/wp-content\/uploads\/2017\/09\/malik-ecopolicy-200x388.jpg 200w, https:\/\/www.malik-management.com\/wp-content\/uploads\/2017\/09\/malik-ecopolicy.jpg 273w\" sizes=\"(max-width: 800px) 100vw, 273px\" \/><\/a><\/span><\/div><\/div><div class=\"fusion-sep-clear\"><\/div><div class=\"fusion-separator fusion-full-width-sep\" style=\"margin-left: auto;margin-right: auto;margin-top:10px;margin-bottom:10px;width:100%;\"><div class=\"fusion-separator-border sep-single sep-solid\" style=\"--awb-height:20px;--awb-amount:20px;--awb-sep-color:#cccccc;border-color:#cccccc;border-top-width:1px;\"><\/div><\/div><div class=\"fusion-sep-clear\"><\/div><div class=\"fusion-text fusion-text-2\"><div class=\"rightside_links_panel\">\n<h4>Simulationsspiel ecopolicy<\/h4>\n<ul>\n<li><a href=\"mailto:ecopolicy@mzsg.ch\">Anfrage per Mail<\/a><\/li>\n<\/ul>\n<\/div>\n<\/div><div class=\"fusion-sep-clear\"><\/div><div class=\"fusion-separator fusion-full-width-sep\" style=\"margin-left: auto;margin-right: auto;margin-top:10px;margin-bottom:10px;width:100%;\"><div class=\"fusion-separator-border sep-single sep-solid\" style=\"--awb-height:20px;--awb-amount:20px;--awb-sep-color:#cccccc;border-color:#cccccc;border-top-width:1px;\"><\/div><\/div><div class=\"fusion-sep-clear\"><\/div><div class=\"fusion-text fusion-text-3\" style=\"--awb-text-transform:none;\"><div class=\"rightside_links_panel\">\n<h4>Netzwerkversion Update &amp; Support<\/h4>\n<ul>\n<li><a href=\"mailto:ecopolicy@mzsg.ch\">Update 2.6.5 f\u00fcr Netzwerkversion 2.6<\/a><\/li>\n<li><a href=\"https:\/\/www.malik-management.com\/de\/ecopolicy_netzwerk_version_installationsanleitung_kurz_feb-2018_de\/\" target=\"_blank\" rel=\"noopener noreferrer\">Installationsanleitung f\u00fcr Netzwerkversion kurz<\/a><\/li>\n<li><a href=\"https:\/\/www.malik-management.com\/de\/ecopolicy_netzwerk_version_installationsanleitung_feb-2018_de\/\" target=\"_blank\" rel=\"noopener noreferrer\">Installationsanleitung f\u00fcr Netzwerkversion lang<\/a><\/li>\n<\/ul>\n<\/div>\n<\/div><div class=\"fusion-clearfix\"><\/div><\/div><\/div><\/div><\/div>\n","protected":false},"excerpt":{"rendered":"","protected":false},"author":17,"featured_media":0,"parent":17262,"menu_order":0,"comment_status":"closed","ping_status":"closed","template":"side-navigation.php","meta":{"_acf_changed":false,"_bbp_topic_count":0,"_bbp_reply_count":0,"_bbp_total_topic_count":0,"_bbp_total_reply_count":0,"_bbp_voice_count":0,"_bbp_anonymous_reply_count":0,"_bbp_topic_count_hidden":0,"_bbp_reply_count_hidden":0,"_bbp_forum_subforum_count":0,"footnotes":""},"class_list":["post-17888","page","type-page","status-publish","hentry"],"acf":[],"yoast_head":"<!-- This site is optimized with the Yoast SEO plugin v26.4 - https:\/\/yoast.com\/wordpress\/plugins\/seo\/ -->\n<title>ecopolicy - Malik Management<\/title>\n<meta name=\"robots\" content=\"index, follow, max-snippet:-1, max-image-preview:large, max-video-preview:-1\" \/>\n<link rel=\"canonical\" href=\"https:\/\/www.malik-management.com\/de\/malik-loesungen\/malik-tools-and-methods\/ecopolicy\/\" \/>\n<meta property=\"og:locale\" content=\"de_DE\" \/>\n<meta property=\"og:type\" content=\"article\" \/>\n<meta property=\"og:title\" content=\"ecopolicy - Malik Management\" \/>\n<meta property=\"og:url\" content=\"https:\/\/www.malik-management.com\/de\/malik-loesungen\/malik-tools-and-methods\/ecopolicy\/\" \/>\n<meta property=\"og:site_name\" content=\"Malik Management\" \/>\n<meta property=\"article:modified_time\" content=\"2021-12-14T12:45:31+00:00\" \/>\n<meta name=\"twitter:card\" content=\"summary_large_image\" \/>\n<meta name=\"twitter:label1\" content=\"Gesch\u00e4tzte Lesezeit\" \/>\n\t<meta name=\"twitter:data1\" content=\"3\u00a0Minuten\" \/>\n<script type=\"application\/ld+json\" class=\"yoast-schema-graph\">{\"@context\":\"https:\/\/schema.org\",\"@graph\":[{\"@type\":\"WebPage\",\"@id\":\"https:\/\/www.malik-management.com\/de\/malik-loesungen\/malik-tools-and-methods\/ecopolicy\/\",\"url\":\"https:\/\/www.malik-management.com\/de\/malik-loesungen\/malik-tools-and-methods\/ecopolicy\/\",\"name\":\"ecopolicy - Malik Management\",\"isPartOf\":{\"@id\":\"https:\/\/www.malik-management.com\/de\/#website\"},\"datePublished\":\"2017-09-07T04:51:44+00:00\",\"dateModified\":\"2021-12-14T12:45:31+00:00\",\"breadcrumb\":{\"@id\":\"https:\/\/www.malik-management.com\/de\/malik-loesungen\/malik-tools-and-methods\/ecopolicy\/#breadcrumb\"},\"inLanguage\":\"de\",\"potentialAction\":[{\"@type\":\"ReadAction\",\"target\":[\"https:\/\/www.malik-management.com\/de\/malik-loesungen\/malik-tools-and-methods\/ecopolicy\/\"]}]},{\"@type\":\"BreadcrumbList\",\"@id\":\"https:\/\/www.malik-management.com\/de\/malik-loesungen\/malik-tools-and-methods\/ecopolicy\/#breadcrumb\",\"itemListElement\":[{\"@type\":\"ListItem\",\"position\":1,\"name\":\"Home\",\"item\":\"https:\/\/www.malik-management.com\/de\/\"},{\"@type\":\"ListItem\",\"position\":2,\"name\":\"Malik L\u00f6sungen\",\"item\":\"https:\/\/www.malik-management.com\/de\/malik-loesungen\/\"},{\"@type\":\"ListItem\",\"position\":3,\"name\":\"Malik Tools and Methods\",\"item\":\"https:\/\/www.malik-management.com\/de\/malik-loesungen\/malik-tools-and-methods\/\"},{\"@type\":\"ListItem\",\"position\":4,\"name\":\"ecopolicy\"}]},{\"@type\":\"WebSite\",\"@id\":\"https:\/\/www.malik-management.com\/de\/#website\",\"url\":\"https:\/\/www.malik-management.com\/de\/\",\"name\":\"Malik Management\",\"description\":\"Beyond conventional management\",\"publisher\":{\"@id\":\"https:\/\/www.malik-management.com\/de\/#organization\"},\"potentialAction\":[{\"@type\":\"SearchAction\",\"target\":{\"@type\":\"EntryPoint\",\"urlTemplate\":\"https:\/\/www.malik-management.com\/de\/?s={search_term_string}\"},\"query-input\":{\"@type\":\"PropertyValueSpecification\",\"valueRequired\":true,\"valueName\":\"search_term_string\"}}],\"inLanguage\":\"de\"},{\"@type\":\"Organization\",\"@id\":\"https:\/\/www.malik-management.com\/de\/#organization\",\"name\":\"malik international AG\",\"url\":\"https:\/\/www.malik-management.com\/de\/\",\"logo\":{\"@type\":\"ImageObject\",\"inLanguage\":\"de\",\"@id\":\"https:\/\/www.malik-management.com\/de\/#\/schema\/logo\/image\/\",\"url\":\"https:\/\/www.malik-management.com\/wp-content\/uploads\/2018\/09\/Logo_malik_weiss-klein3.png\",\"contentUrl\":\"https:\/\/www.malik-management.com\/wp-content\/uploads\/2018\/09\/Logo_malik_weiss-klein3.png\",\"width\":140,\"height\":41,\"caption\":\"malik international AG\"},\"image\":{\"@id\":\"https:\/\/www.malik-management.com\/de\/#\/schema\/logo\/image\/\"},\"sameAs\":[\"https:\/\/www.linkedin.com\/company\/30160\",\"https:\/\/www.youtube.com\/user\/malikmanagement\"]}]}<\/script>\n<!-- \/ Yoast SEO plugin. -->","yoast_head_json":{"title":"ecopolicy - Malik Management","robots":{"index":"index","follow":"follow","max-snippet":"max-snippet:-1","max-image-preview":"max-image-preview:large","max-video-preview":"max-video-preview:-1"},"canonical":"https:\/\/www.malik-management.com\/de\/malik-loesungen\/malik-tools-and-methods\/ecopolicy\/","og_locale":"de_DE","og_type":"article","og_title":"ecopolicy - Malik Management","og_url":"https:\/\/www.malik-management.com\/de\/malik-loesungen\/malik-tools-and-methods\/ecopolicy\/","og_site_name":"Malik Management","article_modified_time":"2021-12-14T12:45:31+00:00","twitter_card":"summary_large_image","twitter_misc":{"Gesch\u00e4tzte Lesezeit":"3\u00a0Minuten"},"schema":{"@context":"https:\/\/schema.org","@graph":[{"@type":"WebPage","@id":"https:\/\/www.malik-management.com\/de\/malik-loesungen\/malik-tools-and-methods\/ecopolicy\/","url":"https:\/\/www.malik-management.com\/de\/malik-loesungen\/malik-tools-and-methods\/ecopolicy\/","name":"ecopolicy - Malik Management","isPartOf":{"@id":"https:\/\/www.malik-management.com\/de\/#website"},"datePublished":"2017-09-07T04:51:44+00:00","dateModified":"2021-12-14T12:45:31+00:00","breadcrumb":{"@id":"https:\/\/www.malik-management.com\/de\/malik-loesungen\/malik-tools-and-methods\/ecopolicy\/#breadcrumb"},"inLanguage":"de","potentialAction":[{"@type":"ReadAction","target":["https:\/\/www.malik-management.com\/de\/malik-loesungen\/malik-tools-and-methods\/ecopolicy\/"]}]},{"@type":"BreadcrumbList","@id":"https:\/\/www.malik-management.com\/de\/malik-loesungen\/malik-tools-and-methods\/ecopolicy\/#breadcrumb","itemListElement":[{"@type":"ListItem","position":1,"name":"Home","item":"https:\/\/www.malik-management.com\/de\/"},{"@type":"ListItem","position":2,"name":"Malik L\u00f6sungen","item":"https:\/\/www.malik-management.com\/de\/malik-loesungen\/"},{"@type":"ListItem","position":3,"name":"Malik Tools and Methods","item":"https:\/\/www.malik-management.com\/de\/malik-loesungen\/malik-tools-and-methods\/"},{"@type":"ListItem","position":4,"name":"ecopolicy"}]},{"@type":"WebSite","@id":"https:\/\/www.malik-management.com\/de\/#website","url":"https:\/\/www.malik-management.com\/de\/","name":"Malik Management","description":"Beyond conventional management","publisher":{"@id":"https:\/\/www.malik-management.com\/de\/#organization"},"potentialAction":[{"@type":"SearchAction","target":{"@type":"EntryPoint","urlTemplate":"https:\/\/www.malik-management.com\/de\/?s={search_term_string}"},"query-input":{"@type":"PropertyValueSpecification","valueRequired":true,"valueName":"search_term_string"}}],"inLanguage":"de"},{"@type":"Organization","@id":"https:\/\/www.malik-management.com\/de\/#organization","name":"malik international AG","url":"https:\/\/www.malik-management.com\/de\/","logo":{"@type":"ImageObject","inLanguage":"de","@id":"https:\/\/www.malik-management.com\/de\/#\/schema\/logo\/image\/","url":"https:\/\/www.malik-management.com\/wp-content\/uploads\/2018\/09\/Logo_malik_weiss-klein3.png","contentUrl":"https:\/\/www.malik-management.com\/wp-content\/uploads\/2018\/09\/Logo_malik_weiss-klein3.png","width":140,"height":41,"caption":"malik international AG"},"image":{"@id":"https:\/\/www.malik-management.com\/de\/#\/schema\/logo\/image\/"},"sameAs":["https:\/\/www.linkedin.com\/company\/30160","https:\/\/www.youtube.com\/user\/malikmanagement"]}]}},"_links":{"self":[{"href":"https:\/\/www.malik-management.com\/de\/wp-json\/wp\/v2\/pages\/17888","targetHints":{"allow":["GET"]}}],"collection":[{"href":"https:\/\/www.malik-management.com\/de\/wp-json\/wp\/v2\/pages"}],"about":[{"href":"https:\/\/www.malik-management.com\/de\/wp-json\/wp\/v2\/types\/page"}],"author":[{"embeddable":true,"href":"https:\/\/www.malik-management.com\/de\/wp-json\/wp\/v2\/users\/17"}],"replies":[{"embeddable":true,"href":"https:\/\/www.malik-management.com\/de\/wp-json\/wp\/v2\/comments?post=17888"}],"version-history":[{"count":30,"href":"https:\/\/www.malik-management.com\/de\/wp-json\/wp\/v2\/pages\/17888\/revisions"}],"predecessor-version":[{"id":26155,"href":"https:\/\/www.malik-management.com\/de\/wp-json\/wp\/v2\/pages\/17888\/revisions\/26155"}],"up":[{"embeddable":true,"href":"https:\/\/www.malik-management.com\/de\/wp-json\/wp\/v2\/pages\/17262"}],"wp:attachment":[{"href":"https:\/\/www.malik-management.com\/de\/wp-json\/wp\/v2\/media?parent=17888"}],"curies":[{"name":"wp","href":"https:\/\/api.w.org\/{rel}","templated":true}]}}