{"id":17966,"date":"2017-09-07T05:23:11","date_gmt":"2017-09-07T05:23:11","guid":{"rendered":"https:\/\/www.malik.management\/malik-viable-system-model\/"},"modified":"2018-12-14T18:58:46","modified_gmt":"2018-12-14T18:58:46","slug":"malik-viable-system-modell","status":"publish","type":"page","link":"https:\/\/www.malik-management.com\/de\/malik-loesungen\/malik-tools-and-methods\/malik-viable-system-modell\/","title":{"rendered":"Malik Viable System Model"},"content":{"rendered":"<div class=\"fusion-fullwidth fullwidth-box fusion-builder-row-1 malik_solutions_main nonhundred-percent-fullwidth non-hundred-percent-height-scrolling\" style=\"--awb-border-radius-top-left:0px;--awb-border-radius-top-right:0px;--awb-border-radius-bottom-right:0px;--awb-border-radius-bottom-left:0px;--awb-padding-top:30px;--awb-padding-bottom:30px;--awb-flex-wrap:wrap;\" ><div class=\"fusion-builder-row fusion-row\"><div class=\"fusion-layout-column fusion_builder_column fusion-builder-column-0 fusion_builder_column_3_4 3_4 fusion-three-fourth fusion-column-first fusion-animated\" style=\"--awb-bg-size:cover;width:75%;width:calc(75% - ( ( 4% ) * 0.75 ) );margin-right: 4%;\" data-animationType=\"fadeInUp\" data-animationDuration=\"1.0\" data-animationOffset=\"top-into-view\"><div class=\"fusion-column-wrapper fusion-flex-column-wrapper-legacy\"><div class=\"fusion-text fusion-text-1\"><div id=\"content-center\">\n<h2>Lebensf\u00e4hige Organisationsstrukturen f\u00fcr heute und f\u00fcr die Zukunft<\/h2>\n<\/div>\n<\/div><div class=\"fusion-builder-row fusion-builder-row-inner fusion-row\"><div class=\"fusion-layout-column fusion_builder_column_inner fusion-builder-nested-column-0 fusion_builder_column_inner_1_4 1_4 fusion-one-fourth fusion-column-first\" style=\"--awb-bg-size:cover;width:25%;width:calc(25% - ( ( 4% ) * 0.25 ) );margin-right: 4%;\"><div class=\"fusion-column-wrapper fusion-flex-column-wrapper-legacy\"><div class=\"fusion-image-element fusion-image-align-center in-legacy-container\" style=\"text-align:center;--awb-caption-title-font-family:var(--h2_typography-font-family);--awb-caption-title-font-weight:var(--h2_typography-font-weight);--awb-caption-title-font-style:var(--h2_typography-font-style);--awb-caption-title-size:var(--h2_typography-font-size);--awb-caption-title-transform:var(--h2_typography-text-transform);--awb-caption-title-line-height:var(--h2_typography-line-height);--awb-caption-title-letter-spacing:var(--h2_typography-letter-spacing);\"><div class=\"imageframe-align-center\"><span class=\" fusion-imageframe imageframe-dropshadow imageframe-1 hover-type-zoomin\" style=\"-webkit-box-shadow: 3px 3px 7px rgba(0,0,0,0.3);box-shadow: 3px 3px 7px rgba(0,0,0,0.3);\"><a href=\"https:\/\/www.malik-management.com\/wp-content\/uploads\/2017\/09\/malik-vsm_2.jpg\" class=\"fusion-lightbox\" data-rel=\"iLightbox[be24865a11fc9dc0413]\" data-title=\"Malik-vsm_2\" title=\"Malik-vsm_2\"><img decoding=\"async\" width=\"150\" height=\"203\" src=\"https:\/\/www.malik-management.com\/wp-content\/uploads\/2017\/09\/malik-vsm_2.jpg\" alt class=\"img-responsive wp-image-16085\"\/><\/a><\/span><\/div><\/div><div class=\"fusion-text fusion-text-2\"><p><em><a href=\"https:\/\/www.malik-management.com\/wp-content\/uploads\/2018\/12\/malik-viable-system-model-hq.mp4\" target=\"_blank\" rel=\"noopener\">Bild klicken f\u00fcr Video<\/a>.<\/em><\/p>\n<\/div><div class=\"fusion-clearfix\"><\/div><\/div><\/div><div class=\"fusion-layout-column fusion_builder_column_inner fusion-builder-nested-column-1 fusion_builder_column_inner_3_4 3_4 fusion-three-fourth fusion-column-last\" style=\"--awb-bg-size:cover;width:75%;width:calc(75% - ( ( 4% ) * 0.75 ) );\"><div class=\"fusion-column-wrapper fusion-flex-column-wrapper-legacy\"><div class=\"fusion-text fusion-text-3\"><div id=\"content-center\">\n<div class=\"block_element01\">\n<p>\u00dcberall auf der Welt durchlaufen Volkswirtschaften und Gesellschaften eine der gr\u00f6\u00dften Ver\u00e4nderungen, die es je gegeben hat. Dies stellt die meisten Organisationen und ihr Management vor Herausforderungen, denen sie seit Jahrzehnten nicht mehr gegen\u00fcberstehen:<br \/>\n<span style=\"color: #ff0000;\"><strong>\u203a<\/strong><\/span> Zentralisierung versus Dezentralisierung<br \/>\n<span style=\"color: #ff0000;\"><strong>\u203a<\/strong><\/span> Unkontrollierbares Wachstum<br \/>\n<span style=\"color: #ff0000;\"><strong>\u203a<\/strong><\/span> Umgang mit \u00e4u\u00dferer und innerer Komplexit\u00e4t<br \/>\n<span style=\"color: #ff0000;\"><strong>\u203a<\/strong><\/span> Konvertite Silostrukturen<br \/>\n<span style=\"color: #ff0000;\"><strong>\u203a<\/strong><\/span> Unzureichende Kundenorientierung<\/p>\n<\/div>\n<\/div>\n<\/div><div class=\"fusion-clearfix\"><\/div><\/div><\/div><\/div><div class=\"fusion-text fusion-text-4\"><div id=\"content-center\">\n<div class=\"block_element01\">\n<p>Der schnellste Weg zu einer funktionierenden Organisation, die diese Herausforderungen meistern kann, ist das Malik Viable System Model\u00ae (VSM\u00ae). Damit k\u00f6nnen Organisationen jeder Art innerhalb weniger Tage auf ihre St\u00e4rken und Schw\u00e4chen f\u00fcr die Bew\u00e4ltigung dieser Herausforderungen gepr\u00fcft und dementsprechend (um-)strukturiert werden, um maximale Effektivit\u00e4t und Effizienz zu erreichen.<\/p>\n<p>Gerade dann, wenn Unternehmen komplex werden und die herk\u00f6mmlichen Organisationsmodelle an ihre Grenzen gelangen, zeigt das Malik VSM den Weg zu einer neuen Methode der Organisation, inspiriert durch die Wirkungsprinzipien der Natur. Mit dem Malik VSM arbeiten heisst, die organisatorischen Voraussetzungen f\u00fcr Lebensf\u00e4higkeit auf Dauer zu schaffen.<\/p>\n<h3><span style=\"font-size: 16px;\"><strong><span style=\"font-size: 14px;\">Das digitale Nervensystem Ihrer Organisation<\/span><\/strong><\/span><\/h3>\n<p>Reorganisationen erfolgreich zu meistern ist eine der schwierigsten F\u00fchrungsaufgaben. Sie erfordert vollste \u00dcberzeugung, Bereitschaft zum Wandel und Durchhalteverm\u00f6gen auf allen F\u00fchrungsebenen sowie einen \u201eMindset Change\u201c bis in die Kapillaren der Organisation. Mit dem VSM<span style=\"color: #ff0000;\"><em>interactive<\/em><\/span><sup>\u00ae<\/sup> haben wir eine innovative Software-Anwendung auf Basis des Malik VSM entwickelt, die Sie im Prozess der Neugestaltung und Steuerung Ihrer Organisation optimal unterst\u00fctzt. Es ist der einzige digitale Zugang zu Unternehmensdesign und Unternehmenssteuerung.<\/p>\n<p>Mehr zu VSM<em><span style=\"color: #ff0000;\">interactive<\/span><\/em> erfahren Sie <a href=\"https:\/\/www.malik-management.com\/wp-content\/uploads\/2017\/09\/malik-vsminteractive-flyer-long-2.pdf\" target=\"_blank\" rel=\"noopener\">in unserem Flyer<\/a>.<\/p>\n<\/div>\n<\/div>\n<\/div><div class=\"fusion-clearfix\"><\/div><\/div><\/div><div class=\"fusion-layout-column fusion_builder_column fusion-builder-column-1 fusion_builder_column_1_4 1_4 fusion-one-fourth fusion-column-last malik_solutions_main_right fusion-animated\" style=\"--awb-bg-size:cover;width:25%;width:calc(25% - ( ( 4% ) * 0.25 ) );\" data-animationType=\"fadeInRight\" data-animationDuration=\"1.0\" data-animationOffset=\"top-into-view\"><div class=\"fusion-column-wrapper fusion-flex-column-wrapper-legacy\"><div class=\"fusion-image-element fusion-image-align-center in-legacy-container\" style=\"text-align:center;--awb-caption-title-font-family:var(--h2_typography-font-family);--awb-caption-title-font-weight:var(--h2_typography-font-weight);--awb-caption-title-font-style:var(--h2_typography-font-style);--awb-caption-title-size:var(--h2_typography-font-size);--awb-caption-title-transform:var(--h2_typography-text-transform);--awb-caption-title-line-height:var(--h2_typography-line-height);--awb-caption-title-letter-spacing:var(--h2_typography-letter-spacing);\"><div class=\"imageframe-align-center\"><span class=\" fusion-imageframe imageframe-dropshadow imageframe-2 hover-type-zoomin malik_solutions_main_right_image01\" style=\"-webkit-box-shadow: 3px 3px 7px rgba(0,0,0,0.3);box-shadow: 3px 3px 7px rgba(0,0,0,0.3);\"><a class=\"fusion-no-lightbox\" href=\"\/MMS_EN_Online\/main.html\" target=\"_blank\" aria-label=\"malik-methoden-en\" rel=\"noopener noreferrer\"><img decoding=\"async\" width=\"273\" height=\"530\" src=\"https:\/\/www.malik-management.com\/wp-content\/uploads\/2017\/09\/malik-methoden-en.jpg\" alt class=\"img-responsive wp-image-14995\" srcset=\"https:\/\/www.malik-management.com\/wp-content\/uploads\/2017\/09\/malik-methoden-en-200x388.jpg 200w, https:\/\/www.malik-management.com\/wp-content\/uploads\/2017\/09\/malik-methoden-en.jpg 273w\" sizes=\"(max-width: 800px) 100vw, 273px\" \/><\/a><\/span><\/div><\/div><div class=\"fusion-sep-clear\"><\/div><div class=\"fusion-separator fusion-full-width-sep\" style=\"margin-left: auto;margin-right: auto;margin-top:10px;margin-bottom:10px;width:100%;\"><div class=\"fusion-separator-border sep-single sep-solid\" style=\"--awb-height:20px;--awb-amount:20px;--awb-sep-color:#cccccc;border-color:#cccccc;border-top-width:1px;\"><\/div><\/div><div class=\"fusion-sep-clear\"><\/div><div class=\"fusion-text fusion-text-5\"><div class=\"rightside_links_panel\">\n<h4>VSM Brosch\u00fcre<\/h4>\n<ul>\n<li><a class=\"pimcore_icon_pdf\" href=\"https:\/\/www.malik-management.com\/wp-content\/uploads\/2017\/09\/malik-viable-system-model-brochure-en-1.pdf\" target=\"_blank\" rel=\"noopener\">Das &#8222;Nervensystem&#8220; einer Firma<\/a><\/li>\n<\/ul>\n<\/div>\n<\/div><div class=\"fusion-sep-clear\"><\/div><div class=\"fusion-separator fusion-full-width-sep\" style=\"margin-left: auto;margin-right: auto;margin-top:10px;margin-bottom:10px;width:100%;\"><div class=\"fusion-separator-border sep-single sep-solid\" style=\"--awb-height:20px;--awb-amount:20px;--awb-sep-color:#cccccc;border-color:#cccccc;border-top-width:1px;\"><\/div><\/div><div class=\"fusion-sep-clear\"><\/div><div class=\"fusion-text fusion-text-6\"><div class=\"rightside_links_panel\">\n<h4>VSMinteractive Flyer<\/h4>\n<ul>\n<li><a class=\"pimcore_icon_pdf\" href=\"https:\/\/www.malik-management.com\/wp-content\/uploads\/2017\/09\/malik-vsminteractive-flyer-long-2.pdf\" target=\"_blank\" rel=\"noopener\">Das digitale Nervensystem Ihrer Organisation<\/a><\/li>\n<\/ul>\n<\/div>\n<\/div><div class=\"fusion-clearfix\"><\/div><\/div><\/div><\/div><\/div>\n","protected":false},"excerpt":{"rendered":"","protected":false},"author":17,"featured_media":0,"parent":17262,"menu_order":0,"comment_status":"closed","ping_status":"closed","template":"side-navigation.php","meta":{"_acf_changed":false,"_bbp_topic_count":0,"_bbp_reply_count":0,"_bbp_total_topic_count":0,"_bbp_total_reply_count":0,"_bbp_voice_count":0,"_bbp_anonymous_reply_count":0,"_bbp_topic_count_hidden":0,"_bbp_reply_count_hidden":0,"_bbp_forum_subforum_count":0,"footnotes":""},"class_list":["post-17966","page","type-page","status-publish","hentry"],"acf":[],"yoast_head":"<!-- This site is optimized with the Yoast SEO plugin v26.4 - https:\/\/yoast.com\/wordpress\/plugins\/seo\/ -->\n<title>Malik Viable System Model - Malik Management<\/title>\n<meta name=\"robots\" content=\"index, follow, max-snippet:-1, max-image-preview:large, max-video-preview:-1\" \/>\n<link rel=\"canonical\" href=\"https:\/\/www.malik-management.com\/de\/malik-loesungen\/malik-tools-and-methods\/malik-viable-system-modell\/\" \/>\n<meta property=\"og:locale\" content=\"de_DE\" \/>\n<meta property=\"og:type\" content=\"article\" \/>\n<meta property=\"og:title\" content=\"Malik Viable System Model - Malik Management\" \/>\n<meta property=\"og:url\" content=\"https:\/\/www.malik-management.com\/de\/malik-loesungen\/malik-tools-and-methods\/malik-viable-system-modell\/\" \/>\n<meta property=\"og:site_name\" content=\"Malik Management\" \/>\n<meta property=\"article:modified_time\" content=\"2018-12-14T18:58:46+00:00\" \/>\n<meta name=\"twitter:card\" content=\"summary_large_image\" \/>\n<meta name=\"twitter:label1\" content=\"Gesch\u00e4tzte Lesezeit\" \/>\n\t<meta name=\"twitter:data1\" content=\"5\u00a0Minuten\" \/>\n<script type=\"application\/ld+json\" class=\"yoast-schema-graph\">{\"@context\":\"https:\/\/schema.org\",\"@graph\":[{\"@type\":\"WebPage\",\"@id\":\"https:\/\/www.malik-management.com\/de\/malik-loesungen\/malik-tools-and-methods\/malik-viable-system-modell\/\",\"url\":\"https:\/\/www.malik-management.com\/de\/malik-loesungen\/malik-tools-and-methods\/malik-viable-system-modell\/\",\"name\":\"Malik Viable System Model - Malik Management\",\"isPartOf\":{\"@id\":\"https:\/\/www.malik-management.com\/de\/#website\"},\"datePublished\":\"2017-09-07T05:23:11+00:00\",\"dateModified\":\"2018-12-14T18:58:46+00:00\",\"breadcrumb\":{\"@id\":\"https:\/\/www.malik-management.com\/de\/malik-loesungen\/malik-tools-and-methods\/malik-viable-system-modell\/#breadcrumb\"},\"inLanguage\":\"de\",\"potentialAction\":[{\"@type\":\"ReadAction\",\"target\":[\"https:\/\/www.malik-management.com\/de\/malik-loesungen\/malik-tools-and-methods\/malik-viable-system-modell\/\"]}]},{\"@type\":\"BreadcrumbList\",\"@id\":\"https:\/\/www.malik-management.com\/de\/malik-loesungen\/malik-tools-and-methods\/malik-viable-system-modell\/#breadcrumb\",\"itemListElement\":[{\"@type\":\"ListItem\",\"position\":1,\"name\":\"Home\",\"item\":\"https:\/\/www.malik-management.com\/de\/\"},{\"@type\":\"ListItem\",\"position\":2,\"name\":\"Malik L\u00f6sungen\",\"item\":\"https:\/\/www.malik-management.com\/de\/malik-loesungen\/\"},{\"@type\":\"ListItem\",\"position\":3,\"name\":\"Malik Tools and Methods\",\"item\":\"https:\/\/www.malik-management.com\/de\/malik-loesungen\/malik-tools-and-methods\/\"},{\"@type\":\"ListItem\",\"position\":4,\"name\":\"Malik Viable System Model\"}]},{\"@type\":\"WebSite\",\"@id\":\"https:\/\/www.malik-management.com\/de\/#website\",\"url\":\"https:\/\/www.malik-management.com\/de\/\",\"name\":\"Malik Management\",\"description\":\"Beyond conventional management\",\"publisher\":{\"@id\":\"https:\/\/www.malik-management.com\/de\/#organization\"},\"potentialAction\":[{\"@type\":\"SearchAction\",\"target\":{\"@type\":\"EntryPoint\",\"urlTemplate\":\"https:\/\/www.malik-management.com\/de\/?s={search_term_string}\"},\"query-input\":{\"@type\":\"PropertyValueSpecification\",\"valueRequired\":true,\"valueName\":\"search_term_string\"}}],\"inLanguage\":\"de\"},{\"@type\":\"Organization\",\"@id\":\"https:\/\/www.malik-management.com\/de\/#organization\",\"name\":\"malik international AG\",\"url\":\"https:\/\/www.malik-management.com\/de\/\",\"logo\":{\"@type\":\"ImageObject\",\"inLanguage\":\"de\",\"@id\":\"https:\/\/www.malik-management.com\/de\/#\/schema\/logo\/image\/\",\"url\":\"https:\/\/www.malik-management.com\/wp-content\/uploads\/2018\/09\/Logo_malik_weiss-klein3.png\",\"contentUrl\":\"https:\/\/www.malik-management.com\/wp-content\/uploads\/2018\/09\/Logo_malik_weiss-klein3.png\",\"width\":140,\"height\":41,\"caption\":\"malik international AG\"},\"image\":{\"@id\":\"https:\/\/www.malik-management.com\/de\/#\/schema\/logo\/image\/\"},\"sameAs\":[\"https:\/\/www.linkedin.com\/company\/30160\",\"https:\/\/www.youtube.com\/user\/malikmanagement\"]}]}<\/script>\n<!-- \/ Yoast SEO plugin. -->","yoast_head_json":{"title":"Malik Viable System Model - Malik Management","robots":{"index":"index","follow":"follow","max-snippet":"max-snippet:-1","max-image-preview":"max-image-preview:large","max-video-preview":"max-video-preview:-1"},"canonical":"https:\/\/www.malik-management.com\/de\/malik-loesungen\/malik-tools-and-methods\/malik-viable-system-modell\/","og_locale":"de_DE","og_type":"article","og_title":"Malik Viable System Model - Malik Management","og_url":"https:\/\/www.malik-management.com\/de\/malik-loesungen\/malik-tools-and-methods\/malik-viable-system-modell\/","og_site_name":"Malik Management","article_modified_time":"2018-12-14T18:58:46+00:00","twitter_card":"summary_large_image","twitter_misc":{"Gesch\u00e4tzte Lesezeit":"5\u00a0Minuten"},"schema":{"@context":"https:\/\/schema.org","@graph":[{"@type":"WebPage","@id":"https:\/\/www.malik-management.com\/de\/malik-loesungen\/malik-tools-and-methods\/malik-viable-system-modell\/","url":"https:\/\/www.malik-management.com\/de\/malik-loesungen\/malik-tools-and-methods\/malik-viable-system-modell\/","name":"Malik Viable System Model - Malik Management","isPartOf":{"@id":"https:\/\/www.malik-management.com\/de\/#website"},"datePublished":"2017-09-07T05:23:11+00:00","dateModified":"2018-12-14T18:58:46+00:00","breadcrumb":{"@id":"https:\/\/www.malik-management.com\/de\/malik-loesungen\/malik-tools-and-methods\/malik-viable-system-modell\/#breadcrumb"},"inLanguage":"de","potentialAction":[{"@type":"ReadAction","target":["https:\/\/www.malik-management.com\/de\/malik-loesungen\/malik-tools-and-methods\/malik-viable-system-modell\/"]}]},{"@type":"BreadcrumbList","@id":"https:\/\/www.malik-management.com\/de\/malik-loesungen\/malik-tools-and-methods\/malik-viable-system-modell\/#breadcrumb","itemListElement":[{"@type":"ListItem","position":1,"name":"Home","item":"https:\/\/www.malik-management.com\/de\/"},{"@type":"ListItem","position":2,"name":"Malik L\u00f6sungen","item":"https:\/\/www.malik-management.com\/de\/malik-loesungen\/"},{"@type":"ListItem","position":3,"name":"Malik Tools and Methods","item":"https:\/\/www.malik-management.com\/de\/malik-loesungen\/malik-tools-and-methods\/"},{"@type":"ListItem","position":4,"name":"Malik Viable System Model"}]},{"@type":"WebSite","@id":"https:\/\/www.malik-management.com\/de\/#website","url":"https:\/\/www.malik-management.com\/de\/","name":"Malik Management","description":"Beyond conventional management","publisher":{"@id":"https:\/\/www.malik-management.com\/de\/#organization"},"potentialAction":[{"@type":"SearchAction","target":{"@type":"EntryPoint","urlTemplate":"https:\/\/www.malik-management.com\/de\/?s={search_term_string}"},"query-input":{"@type":"PropertyValueSpecification","valueRequired":true,"valueName":"search_term_string"}}],"inLanguage":"de"},{"@type":"Organization","@id":"https:\/\/www.malik-management.com\/de\/#organization","name":"malik international AG","url":"https:\/\/www.malik-management.com\/de\/","logo":{"@type":"ImageObject","inLanguage":"de","@id":"https:\/\/www.malik-management.com\/de\/#\/schema\/logo\/image\/","url":"https:\/\/www.malik-management.com\/wp-content\/uploads\/2018\/09\/Logo_malik_weiss-klein3.png","contentUrl":"https:\/\/www.malik-management.com\/wp-content\/uploads\/2018\/09\/Logo_malik_weiss-klein3.png","width":140,"height":41,"caption":"malik international AG"},"image":{"@id":"https:\/\/www.malik-management.com\/de\/#\/schema\/logo\/image\/"},"sameAs":["https:\/\/www.linkedin.com\/company\/30160","https:\/\/www.youtube.com\/user\/malikmanagement"]}]}},"_links":{"self":[{"href":"https:\/\/www.malik-management.com\/de\/wp-json\/wp\/v2\/pages\/17966","targetHints":{"allow":["GET"]}}],"collection":[{"href":"https:\/\/www.malik-management.com\/de\/wp-json\/wp\/v2\/pages"}],"about":[{"href":"https:\/\/www.malik-management.com\/de\/wp-json\/wp\/v2\/types\/page"}],"author":[{"embeddable":true,"href":"https:\/\/www.malik-management.com\/de\/wp-json\/wp\/v2\/users\/17"}],"replies":[{"embeddable":true,"href":"https:\/\/www.malik-management.com\/de\/wp-json\/wp\/v2\/comments?post=17966"}],"version-history":[{"count":68,"href":"https:\/\/www.malik-management.com\/de\/wp-json\/wp\/v2\/pages\/17966\/revisions"}],"predecessor-version":[{"id":23304,"href":"https:\/\/www.malik-management.com\/de\/wp-json\/wp\/v2\/pages\/17966\/revisions\/23304"}],"up":[{"embeddable":true,"href":"https:\/\/www.malik-management.com\/de\/wp-json\/wp\/v2\/pages\/17262"}],"wp:attachment":[{"href":"https:\/\/www.malik-management.com\/de\/wp-json\/wp\/v2\/media?parent=17966"}],"curies":[{"name":"wp","href":"https:\/\/api.w.org\/{rel}","templated":true}]}}