{"id":18386,"date":"2017-09-13T06:40:26","date_gmt":"2017-09-13T06:40:26","guid":{"rendered":"https:\/\/www.malik.management\/?page_id=18386\/"},"modified":"2017-09-13T06:40:43","modified_gmt":"2017-09-13T06:40:43","slug":"malik-bestseller-fuehren-leisten-leben-ausgezeichnet","status":"publish","type":"page","link":"https:\/\/www.malik-management.com\/de\/malik-bestseller-fuehren-leisten-leben-ausgezeichnet\/","title":{"rendered":"Malik-Bestseller &#8222;F\u00fchren Leisten Leben&#8220; ausgezeichnet"},"content":{"rendered":"<div class=\"fusion-fullwidth fullwidth-box fusion-builder-row-1 nonhundred-percent-fullwidth non-hundred-percent-height-scrolling\" style=\"--awb-border-radius-top-left:0px;--awb-border-radius-top-right:0px;--awb-border-radius-bottom-right:0px;--awb-border-radius-bottom-left:0px;--awb-flex-wrap:wrap;\" ><div class=\"fusion-builder-row fusion-row\"><div class=\"fusion-layout-column fusion_builder_column fusion-builder-column-0 fusion_builder_column_1_1 1_1 fusion-one-full fusion-column-first fusion-column-last fusion-animated\" style=\"--awb-bg-size:cover;\" data-animationType=\"fadeInUp\" data-animationDuration=\"1.0\" data-animationOffset=\"top-into-view\"><div class=\"fusion-column-wrapper fusion-flex-column-wrapper-legacy\"><div class=\"fusion-text fusion-text-1\"><div id=\"content-center\">\n<h2>Malik-Bestseller &#8222;F\u00fchren Leisten Leben&#8220; ausgezeichnet<\/h2>\n<p>12.10.2011<\/p>\n<\/div>\n<\/div><div class=\"fusion-text fusion-text-2\"><p class=\"leadtext\">Prof. Maliks Bestseller &#8222;F\u00fchren Leisten Leben&#8220; ist eines der &#8222;100 besten Wirtschaftsb\u00fccher aller Zeiten&#8220;. <\/p>\n<\/div><div class=\"fusion-builder-row fusion-builder-row-inner fusion-row\"><div class=\"fusion-layout-column fusion_builder_column_inner fusion-builder-nested-column-0 fusion_builder_column_inner_1_4 1_4 fusion-one-fourth fusion-column-first\" style=\"--awb-bg-size:cover;width:25%;width:calc(25% - ( ( 4% ) * 0.25 ) );margin-right: 4%;\"><div class=\"fusion-column-wrapper fusion-flex-column-wrapper-legacy\"><a class=\"awb-lightbox awb-lightbox-1 malik_solutions_main_right_image01\" href=\"https:\/\/www.malik-management.com\/wp-content\/uploads\/2017\/09\/malik_buecher_236x200_fuerenleisten.jpg\" data-rel=\"iLightbox\"><img decoding=\"async\" src=\"https:\/\/www.malik-management.com\/wp-content\/uploads\/2017\/09\/fuehren-leisten-leben-popup.jpg\"><\/a><div class=\"fusion-clearfix\"><\/div><\/div><\/div><div class=\"fusion-layout-column fusion_builder_column_inner fusion-builder-nested-column-1 fusion_builder_column_inner_3_4 3_4 fusion-three-fourth fusion-column-last\" style=\"--awb-bg-size:cover;width:75%;width:calc(75% - ( ( 4% ) * 0.75 ) );\"><div class=\"fusion-column-wrapper fusion-flex-column-wrapper-legacy\"><div class=\"fusion-text fusion-text-3\"><div id=\"content-center\">\n<div class=\"block-element01\">\n<p>Die Auszeichnung f\u00fcr den Malik-Bestseller &#8222;F\u00fchren Leisten Leben&#8220; hat eine internationale Autorenjury verliehen, bestehend aus vier namhaften amerikanischen und deutschen Wirtschaftsbuchjournalisten. Das Buch &#8222;Die 100 besten Wirtschaftsb\u00fccher aller Zeiten. Alles, was man wissen muss&#8220; erschien im Oktober 2011 im Hamburger Murmann Verlag.<\/p>\n<p><u><strong>Die Jury: <\/strong><\/u><\/p>\n<p>Jack Covert, Gr\u00fcnder des amerikanischen Wirtschaftsbuchdienstes 800-CEO-READ, ist ein auf Wirtschaftsb\u00fccher spezialisierter Buchh\u00e4ndler. Peter Felixberger ist Publizist auf dem Gebiet wirtschaftlicher Transformation, au\u00dferdem Programmdirektor im Murmann Verlag. Wolfgang Hanfstein ist Diplom-Sozialwissenschaftler und seit 2006 Chefredakteur von Managementbuch.de, der f\u00fchrenden deutschen Wirtschaftsbuchhandlung im Internet. Todd Sattersten war Mitbegr\u00fcnder von 800-CEO-READ. Er liest jedes Jahr zahllose B\u00fccher zum Thema und ist der bekannteste Wirtschaftsbuchkritiker der USA.<\/p>\n<\/div>\n<\/div>\n<\/div><div class=\"fusion-clearfix\"><\/div><\/div><\/div><\/div><div class=\"fusion-clearfix\"><\/div><\/div><\/div><\/div><\/div>\n","protected":false},"excerpt":{"rendered":"","protected":false},"author":17,"featured_media":0,"parent":0,"menu_order":0,"comment_status":"closed","ping_status":"closed","template":"","meta":{"_acf_changed":false,"_bbp_topic_count":0,"_bbp_reply_count":0,"_bbp_total_topic_count":0,"_bbp_total_reply_count":0,"_bbp_voice_count":0,"_bbp_anonymous_reply_count":0,"_bbp_topic_count_hidden":0,"_bbp_reply_count_hidden":0,"_bbp_forum_subforum_count":0,"footnotes":""},"class_list":["post-18386","page","type-page","status-publish","hentry"],"acf":[],"yoast_head":"<!-- This site is optimized with the Yoast SEO plugin v26.4 - https:\/\/yoast.com\/wordpress\/plugins\/seo\/ -->\n<title>Malik-Bestseller &quot;F\u00fchren Leisten Leben&quot; ausgezeichnet - Malik Management<\/title>\n<meta name=\"robots\" content=\"index, follow, max-snippet:-1, max-image-preview:large, max-video-preview:-1\" \/>\n<link rel=\"canonical\" href=\"https:\/\/www.malik-management.com\/de\/malik-bestseller-fuehren-leisten-leben-ausgezeichnet\/\" \/>\n<meta property=\"og:locale\" content=\"de_DE\" \/>\n<meta property=\"og:type\" content=\"article\" \/>\n<meta property=\"og:title\" content=\"Malik-Bestseller &quot;F\u00fchren Leisten Leben&quot; ausgezeichnet - Malik Management\" \/>\n<meta property=\"og:url\" content=\"https:\/\/www.malik-management.com\/de\/malik-bestseller-fuehren-leisten-leben-ausgezeichnet\/\" \/>\n<meta property=\"og:site_name\" content=\"Malik Management\" \/>\n<meta property=\"article:modified_time\" content=\"2017-09-13T06:40:43+00:00\" \/>\n<meta property=\"og:image\" content=\"https:\/\/www.malik-management.com\/wp-content\/uploads\/2017\/09\/fuehren-leisten-leben-popup.jpg\" \/>\n<meta name=\"twitter:card\" content=\"summary_large_image\" \/>\n<meta name=\"twitter:label1\" content=\"Gesch\u00e4tzte Lesezeit\" \/>\n\t<meta name=\"twitter:data1\" content=\"2\u00a0Minuten\" \/>\n<script type=\"application\/ld+json\" class=\"yoast-schema-graph\">{\"@context\":\"https:\/\/schema.org\",\"@graph\":[{\"@type\":\"WebPage\",\"@id\":\"https:\/\/www.malik-management.com\/de\/malik-bestseller-fuehren-leisten-leben-ausgezeichnet\/\",\"url\":\"https:\/\/www.malik-management.com\/de\/malik-bestseller-fuehren-leisten-leben-ausgezeichnet\/\",\"name\":\"Malik-Bestseller \\\"F\u00fchren Leisten Leben\\\" ausgezeichnet - Malik Management\",\"isPartOf\":{\"@id\":\"https:\/\/www.malik-management.com\/de\/#website\"},\"primaryImageOfPage\":{\"@id\":\"https:\/\/www.malik-management.com\/de\/malik-bestseller-fuehren-leisten-leben-ausgezeichnet\/#primaryimage\"},\"image\":{\"@id\":\"https:\/\/www.malik-management.com\/de\/malik-bestseller-fuehren-leisten-leben-ausgezeichnet\/#primaryimage\"},\"thumbnailUrl\":\"https:\/\/www.malik-management.com\/wp-content\/uploads\/2017\/09\/fuehren-leisten-leben-popup.jpg\",\"datePublished\":\"2017-09-13T06:40:26+00:00\",\"dateModified\":\"2017-09-13T06:40:43+00:00\",\"breadcrumb\":{\"@id\":\"https:\/\/www.malik-management.com\/de\/malik-bestseller-fuehren-leisten-leben-ausgezeichnet\/#breadcrumb\"},\"inLanguage\":\"de\",\"potentialAction\":[{\"@type\":\"ReadAction\",\"target\":[\"https:\/\/www.malik-management.com\/de\/malik-bestseller-fuehren-leisten-leben-ausgezeichnet\/\"]}]},{\"@type\":\"ImageObject\",\"inLanguage\":\"de\",\"@id\":\"https:\/\/www.malik-management.com\/de\/malik-bestseller-fuehren-leisten-leben-ausgezeichnet\/#primaryimage\",\"url\":\"https:\/\/www.malik-management.com\/wp-content\/uploads\/2017\/09\/fuehren-leisten-leben-popup.jpg\",\"contentUrl\":\"https:\/\/www.malik-management.com\/wp-content\/uploads\/2017\/09\/fuehren-leisten-leben-popup.jpg\"},{\"@type\":\"BreadcrumbList\",\"@id\":\"https:\/\/www.malik-management.com\/de\/malik-bestseller-fuehren-leisten-leben-ausgezeichnet\/#breadcrumb\",\"itemListElement\":[{\"@type\":\"ListItem\",\"position\":1,\"name\":\"Home\",\"item\":\"https:\/\/www.malik-management.com\/de\/\"},{\"@type\":\"ListItem\",\"position\":2,\"name\":\"Malik-Bestseller &#8222;F\u00fchren Leisten Leben&#8220; ausgezeichnet\"}]},{\"@type\":\"WebSite\",\"@id\":\"https:\/\/www.malik-management.com\/de\/#website\",\"url\":\"https:\/\/www.malik-management.com\/de\/\",\"name\":\"Malik Management\",\"description\":\"Beyond conventional management\",\"publisher\":{\"@id\":\"https:\/\/www.malik-management.com\/de\/#organization\"},\"potentialAction\":[{\"@type\":\"SearchAction\",\"target\":{\"@type\":\"EntryPoint\",\"urlTemplate\":\"https:\/\/www.malik-management.com\/de\/?s={search_term_string}\"},\"query-input\":{\"@type\":\"PropertyValueSpecification\",\"valueRequired\":true,\"valueName\":\"search_term_string\"}}],\"inLanguage\":\"de\"},{\"@type\":\"Organization\",\"@id\":\"https:\/\/www.malik-management.com\/de\/#organization\",\"name\":\"malik international AG\",\"url\":\"https:\/\/www.malik-management.com\/de\/\",\"logo\":{\"@type\":\"ImageObject\",\"inLanguage\":\"de\",\"@id\":\"https:\/\/www.malik-management.com\/de\/#\/schema\/logo\/image\/\",\"url\":\"https:\/\/www.malik-management.com\/wp-content\/uploads\/2018\/09\/Logo_malik_weiss-klein3.png\",\"contentUrl\":\"https:\/\/www.malik-management.com\/wp-content\/uploads\/2018\/09\/Logo_malik_weiss-klein3.png\",\"width\":140,\"height\":41,\"caption\":\"malik international AG\"},\"image\":{\"@id\":\"https:\/\/www.malik-management.com\/de\/#\/schema\/logo\/image\/\"},\"sameAs\":[\"https:\/\/www.linkedin.com\/company\/30160\",\"https:\/\/www.youtube.com\/user\/malikmanagement\"]}]}<\/script>\n<!-- \/ Yoast SEO plugin. -->","yoast_head_json":{"title":"Malik-Bestseller \"F\u00fchren Leisten Leben\" ausgezeichnet - Malik Management","robots":{"index":"index","follow":"follow","max-snippet":"max-snippet:-1","max-image-preview":"max-image-preview:large","max-video-preview":"max-video-preview:-1"},"canonical":"https:\/\/www.malik-management.com\/de\/malik-bestseller-fuehren-leisten-leben-ausgezeichnet\/","og_locale":"de_DE","og_type":"article","og_title":"Malik-Bestseller \"F\u00fchren Leisten Leben\" ausgezeichnet - Malik Management","og_url":"https:\/\/www.malik-management.com\/de\/malik-bestseller-fuehren-leisten-leben-ausgezeichnet\/","og_site_name":"Malik Management","article_modified_time":"2017-09-13T06:40:43+00:00","og_image":[{"url":"https:\/\/www.malik-management.com\/wp-content\/uploads\/2017\/09\/fuehren-leisten-leben-popup.jpg","type":"","width":"","height":""}],"twitter_card":"summary_large_image","twitter_misc":{"Gesch\u00e4tzte Lesezeit":"2\u00a0Minuten"},"schema":{"@context":"https:\/\/schema.org","@graph":[{"@type":"WebPage","@id":"https:\/\/www.malik-management.com\/de\/malik-bestseller-fuehren-leisten-leben-ausgezeichnet\/","url":"https:\/\/www.malik-management.com\/de\/malik-bestseller-fuehren-leisten-leben-ausgezeichnet\/","name":"Malik-Bestseller \"F\u00fchren Leisten Leben\" ausgezeichnet - Malik Management","isPartOf":{"@id":"https:\/\/www.malik-management.com\/de\/#website"},"primaryImageOfPage":{"@id":"https:\/\/www.malik-management.com\/de\/malik-bestseller-fuehren-leisten-leben-ausgezeichnet\/#primaryimage"},"image":{"@id":"https:\/\/www.malik-management.com\/de\/malik-bestseller-fuehren-leisten-leben-ausgezeichnet\/#primaryimage"},"thumbnailUrl":"https:\/\/www.malik-management.com\/wp-content\/uploads\/2017\/09\/fuehren-leisten-leben-popup.jpg","datePublished":"2017-09-13T06:40:26+00:00","dateModified":"2017-09-13T06:40:43+00:00","breadcrumb":{"@id":"https:\/\/www.malik-management.com\/de\/malik-bestseller-fuehren-leisten-leben-ausgezeichnet\/#breadcrumb"},"inLanguage":"de","potentialAction":[{"@type":"ReadAction","target":["https:\/\/www.malik-management.com\/de\/malik-bestseller-fuehren-leisten-leben-ausgezeichnet\/"]}]},{"@type":"ImageObject","inLanguage":"de","@id":"https:\/\/www.malik-management.com\/de\/malik-bestseller-fuehren-leisten-leben-ausgezeichnet\/#primaryimage","url":"https:\/\/www.malik-management.com\/wp-content\/uploads\/2017\/09\/fuehren-leisten-leben-popup.jpg","contentUrl":"https:\/\/www.malik-management.com\/wp-content\/uploads\/2017\/09\/fuehren-leisten-leben-popup.jpg"},{"@type":"BreadcrumbList","@id":"https:\/\/www.malik-management.com\/de\/malik-bestseller-fuehren-leisten-leben-ausgezeichnet\/#breadcrumb","itemListElement":[{"@type":"ListItem","position":1,"name":"Home","item":"https:\/\/www.malik-management.com\/de\/"},{"@type":"ListItem","position":2,"name":"Malik-Bestseller &#8222;F\u00fchren Leisten Leben&#8220; ausgezeichnet"}]},{"@type":"WebSite","@id":"https:\/\/www.malik-management.com\/de\/#website","url":"https:\/\/www.malik-management.com\/de\/","name":"Malik Management","description":"Beyond conventional management","publisher":{"@id":"https:\/\/www.malik-management.com\/de\/#organization"},"potentialAction":[{"@type":"SearchAction","target":{"@type":"EntryPoint","urlTemplate":"https:\/\/www.malik-management.com\/de\/?s={search_term_string}"},"query-input":{"@type":"PropertyValueSpecification","valueRequired":true,"valueName":"search_term_string"}}],"inLanguage":"de"},{"@type":"Organization","@id":"https:\/\/www.malik-management.com\/de\/#organization","name":"malik international AG","url":"https:\/\/www.malik-management.com\/de\/","logo":{"@type":"ImageObject","inLanguage":"de","@id":"https:\/\/www.malik-management.com\/de\/#\/schema\/logo\/image\/","url":"https:\/\/www.malik-management.com\/wp-content\/uploads\/2018\/09\/Logo_malik_weiss-klein3.png","contentUrl":"https:\/\/www.malik-management.com\/wp-content\/uploads\/2018\/09\/Logo_malik_weiss-klein3.png","width":140,"height":41,"caption":"malik international AG"},"image":{"@id":"https:\/\/www.malik-management.com\/de\/#\/schema\/logo\/image\/"},"sameAs":["https:\/\/www.linkedin.com\/company\/30160","https:\/\/www.youtube.com\/user\/malikmanagement"]}]}},"_links":{"self":[{"href":"https:\/\/www.malik-management.com\/de\/wp-json\/wp\/v2\/pages\/18386","targetHints":{"allow":["GET"]}}],"collection":[{"href":"https:\/\/www.malik-management.com\/de\/wp-json\/wp\/v2\/pages"}],"about":[{"href":"https:\/\/www.malik-management.com\/de\/wp-json\/wp\/v2\/types\/page"}],"author":[{"embeddable":true,"href":"https:\/\/www.malik-management.com\/de\/wp-json\/wp\/v2\/users\/17"}],"replies":[{"embeddable":true,"href":"https:\/\/www.malik-management.com\/de\/wp-json\/wp\/v2\/comments?post=18386"}],"version-history":[{"count":3,"href":"https:\/\/www.malik-management.com\/de\/wp-json\/wp\/v2\/pages\/18386\/revisions"}],"predecessor-version":[{"id":18399,"href":"https:\/\/www.malik-management.com\/de\/wp-json\/wp\/v2\/pages\/18386\/revisions\/18399"}],"wp:attachment":[{"href":"https:\/\/www.malik-management.com\/de\/wp-json\/wp\/v2\/media?parent=18386"}],"curies":[{"name":"wp","href":"https:\/\/api.w.org\/{rel}","templated":true}]}}