{"id":18631,"date":"2017-09-13T10:52:41","date_gmt":"2017-09-13T10:52:41","guid":{"rendered":"https:\/\/www.malik.management\/?page_id=18631\/"},"modified":"2017-09-13T10:52:56","modified_gmt":"2017-09-13T10:52:56","slug":"peoples-republic-of-china-friendship-award-2016","status":"publish","type":"page","link":"https:\/\/www.malik-management.com\/de\/peoples-republic-of-china-friendship-award-2016\/","title":{"rendered":"People&#8217;s Republic of China Friendship Award 2016"},"content":{"rendered":"<div class=\"fusion-fullwidth fullwidth-box fusion-builder-row-1 nonhundred-percent-fullwidth non-hundred-percent-height-scrolling\" style=\"--awb-border-radius-top-left:0px;--awb-border-radius-top-right:0px;--awb-border-radius-bottom-right:0px;--awb-border-radius-bottom-left:0px;--awb-flex-wrap:wrap;\" ><div class=\"fusion-builder-row fusion-row\"><div class=\"fusion-layout-column fusion_builder_column fusion-builder-column-0 fusion_builder_column_1_1 1_1 fusion-one-full fusion-column-first fusion-column-last fusion-animated\" style=\"--awb-bg-size:cover;\" data-animationType=\"fadeInUp\" data-animationDuration=\"1.0\" data-animationOffset=\"top-into-view\"><div class=\"fusion-column-wrapper fusion-flex-column-wrapper-legacy\"><div class=\"fusion-text fusion-text-1\"><div id=\"content-center\">\n<h2>People&#8217;s Republic of China Friendship Award 2016<\/h2>\n<\/div>\n<\/div><div class=\"fusion-image-element fusion-image-align-center in-legacy-container\" style=\"text-align:center;--awb-caption-title-font-family:var(--h2_typography-font-family);--awb-caption-title-font-weight:var(--h2_typography-font-weight);--awb-caption-title-font-style:var(--h2_typography-font-style);--awb-caption-title-size:var(--h2_typography-font-size);--awb-caption-title-transform:var(--h2_typography-text-transform);--awb-caption-title-line-height:var(--h2_typography-line-height);--awb-caption-title-letter-spacing:var(--h2_typography-letter-spacing);\"><div class=\"imageframe-align-center\"><span class=\" fusion-imageframe imageframe-dropshadow imageframe-1 hover-type-zoomin malik_solutions_main_right_image01\" style=\"-webkit-box-shadow: 3px 3px 7px rgba(0,0,0,0.3);box-shadow: 3px 3px 7px rgba(0,0,0,0.3);\"><img decoding=\"async\" width=\"238\" height=\"113\" title=\"china-friendship-award-2016-1\" src=\"https:\/\/www.malik-management.com\/wp-content\/uploads\/2017\/09\/china-friendship-award-2016-1-2.jpg\" alt class=\"img-responsive wp-image-18632\" srcset=\"https:\/\/www.malik-management.com\/wp-content\/uploads\/2017\/09\/china-friendship-award-2016-1-2-200x95.jpg 200w, https:\/\/www.malik-management.com\/wp-content\/uploads\/2017\/09\/china-friendship-award-2016-1-2.jpg 238w\" sizes=\"(max-width: 800px) 100vw, 238px\" \/><\/span><\/div><\/div><div class=\"fusion-text fusion-text-2\"><div class=\"block-element01\">\n<span class=\"leadtext\">Fredmund Malik als Autor<\/span>\n<\/div>\n<div class=\"block-element01\">\n<p class=\"legend\">Prof. Malik (li.) und Vize-Premierminister Ma Kai (re.)<\/p>\n<p>Am 30. September 2016 wurde Prof. Fredmund Malik von Premierminister Li Keqiang der &#8222;People&#8217;s Republic of China Friendship Award&#8220; verliehen, Chinas h\u00f6chste Auszeichnung f\u00fcr ausl\u00e4ndische Experten, die zur wirtschaftlichen und sozialen Entwicklung in China beitragen.<\/p>\n<p>Premier Li gratulierte den Experten im Namen der Regierung und bedankte sich f\u00fcr ihre Hilfe in der Modernisierung Chinas und dem kulturellen Austausch mit der internationalen Gemeinschaft.&nbsp;<\/p>\n<p><img decoding=\"async\" src=\"\/website\/var\/tmp\/image-thumbnails\/10000\/10103\/thumb__auto_cd9a79a0409f32a1804f6fd769240c97\/china-friendship-award-2016-2.png\" style=\"width:375px;\"><\/p>\n<\/div>\n<\/div><div class=\"fusion-clearfix\"><\/div><\/div><\/div><\/div><\/div>\n","protected":false},"excerpt":{"rendered":"","protected":false},"author":17,"featured_media":0,"parent":0,"menu_order":0,"comment_status":"closed","ping_status":"closed","template":"","meta":{"_acf_changed":false,"_bbp_topic_count":0,"_bbp_reply_count":0,"_bbp_total_topic_count":0,"_bbp_total_reply_count":0,"_bbp_voice_count":0,"_bbp_anonymous_reply_count":0,"_bbp_topic_count_hidden":0,"_bbp_reply_count_hidden":0,"_bbp_forum_subforum_count":0,"footnotes":""},"class_list":["post-18631","page","type-page","status-publish","hentry"],"acf":[],"yoast_head":"<!-- This site is optimized with the Yoast SEO plugin v26.4 - https:\/\/yoast.com\/wordpress\/plugins\/seo\/ -->\n<title>People&#039;s Republic of China Friendship Award 2016 - Malik Management<\/title>\n<meta name=\"robots\" content=\"index, follow, max-snippet:-1, max-image-preview:large, max-video-preview:-1\" \/>\n<link rel=\"canonical\" href=\"https:\/\/www.malik-management.com\/de\/peoples-republic-of-china-friendship-award-2016\/\" \/>\n<meta property=\"og:locale\" content=\"de_DE\" \/>\n<meta property=\"og:type\" content=\"article\" \/>\n<meta property=\"og:title\" content=\"People&#039;s Republic of China Friendship Award 2016 - Malik Management\" \/>\n<meta property=\"og:url\" content=\"https:\/\/www.malik-management.com\/de\/peoples-republic-of-china-friendship-award-2016\/\" \/>\n<meta property=\"og:site_name\" content=\"Malik Management\" \/>\n<meta property=\"article:modified_time\" content=\"2017-09-13T10:52:56+00:00\" \/>\n<meta property=\"og:image\" content=\"https:\/\/www.malik-management.com\/website\/var\/tmp\/image-thumbnails\/10000\/10103\/thumb__auto_cd9a79a0409f32a1804f6fd769240c97\/china-friendship-award-2016-2.png\" \/>\n<meta name=\"twitter:card\" content=\"summary_large_image\" \/>\n<meta name=\"twitter:label1\" content=\"Gesch\u00e4tzte Lesezeit\" \/>\n\t<meta name=\"twitter:data1\" content=\"2\u00a0Minuten\" \/>\n<script type=\"application\/ld+json\" class=\"yoast-schema-graph\">{\"@context\":\"https:\/\/schema.org\",\"@graph\":[{\"@type\":\"WebPage\",\"@id\":\"https:\/\/www.malik-management.com\/de\/peoples-republic-of-china-friendship-award-2016\/\",\"url\":\"https:\/\/www.malik-management.com\/de\/peoples-republic-of-china-friendship-award-2016\/\",\"name\":\"People's Republic of China Friendship Award 2016 - Malik Management\",\"isPartOf\":{\"@id\":\"https:\/\/www.malik-management.com\/de\/#website\"},\"datePublished\":\"2017-09-13T10:52:41+00:00\",\"dateModified\":\"2017-09-13T10:52:56+00:00\",\"breadcrumb\":{\"@id\":\"https:\/\/www.malik-management.com\/de\/peoples-republic-of-china-friendship-award-2016\/#breadcrumb\"},\"inLanguage\":\"de\",\"potentialAction\":[{\"@type\":\"ReadAction\",\"target\":[\"https:\/\/www.malik-management.com\/de\/peoples-republic-of-china-friendship-award-2016\/\"]}]},{\"@type\":\"BreadcrumbList\",\"@id\":\"https:\/\/www.malik-management.com\/de\/peoples-republic-of-china-friendship-award-2016\/#breadcrumb\",\"itemListElement\":[{\"@type\":\"ListItem\",\"position\":1,\"name\":\"Home\",\"item\":\"https:\/\/www.malik-management.com\/de\/\"},{\"@type\":\"ListItem\",\"position\":2,\"name\":\"People&#8217;s Republic of China Friendship Award 2016\"}]},{\"@type\":\"WebSite\",\"@id\":\"https:\/\/www.malik-management.com\/de\/#website\",\"url\":\"https:\/\/www.malik-management.com\/de\/\",\"name\":\"Malik Management\",\"description\":\"Beyond conventional management\",\"publisher\":{\"@id\":\"https:\/\/www.malik-management.com\/de\/#organization\"},\"potentialAction\":[{\"@type\":\"SearchAction\",\"target\":{\"@type\":\"EntryPoint\",\"urlTemplate\":\"https:\/\/www.malik-management.com\/de\/?s={search_term_string}\"},\"query-input\":{\"@type\":\"PropertyValueSpecification\",\"valueRequired\":true,\"valueName\":\"search_term_string\"}}],\"inLanguage\":\"de\"},{\"@type\":\"Organization\",\"@id\":\"https:\/\/www.malik-management.com\/de\/#organization\",\"name\":\"malik international AG\",\"url\":\"https:\/\/www.malik-management.com\/de\/\",\"logo\":{\"@type\":\"ImageObject\",\"inLanguage\":\"de\",\"@id\":\"https:\/\/www.malik-management.com\/de\/#\/schema\/logo\/image\/\",\"url\":\"https:\/\/www.malik-management.com\/wp-content\/uploads\/2018\/09\/Logo_malik_weiss-klein3.png\",\"contentUrl\":\"https:\/\/www.malik-management.com\/wp-content\/uploads\/2018\/09\/Logo_malik_weiss-klein3.png\",\"width\":140,\"height\":41,\"caption\":\"malik international AG\"},\"image\":{\"@id\":\"https:\/\/www.malik-management.com\/de\/#\/schema\/logo\/image\/\"},\"sameAs\":[\"https:\/\/www.linkedin.com\/company\/30160\",\"https:\/\/www.youtube.com\/user\/malikmanagement\"]}]}<\/script>\n<!-- \/ Yoast SEO plugin. -->","yoast_head_json":{"title":"People's Republic of China Friendship Award 2016 - Malik Management","robots":{"index":"index","follow":"follow","max-snippet":"max-snippet:-1","max-image-preview":"max-image-preview:large","max-video-preview":"max-video-preview:-1"},"canonical":"https:\/\/www.malik-management.com\/de\/peoples-republic-of-china-friendship-award-2016\/","og_locale":"de_DE","og_type":"article","og_title":"People's Republic of China Friendship Award 2016 - Malik Management","og_url":"https:\/\/www.malik-management.com\/de\/peoples-republic-of-china-friendship-award-2016\/","og_site_name":"Malik Management","article_modified_time":"2017-09-13T10:52:56+00:00","og_image":[{"url":"https:\/\/www.malik-management.com\/website\/var\/tmp\/image-thumbnails\/10000\/10103\/thumb__auto_cd9a79a0409f32a1804f6fd769240c97\/china-friendship-award-2016-2.png","type":"","width":"","height":""}],"twitter_card":"summary_large_image","twitter_misc":{"Gesch\u00e4tzte Lesezeit":"2\u00a0Minuten"},"schema":{"@context":"https:\/\/schema.org","@graph":[{"@type":"WebPage","@id":"https:\/\/www.malik-management.com\/de\/peoples-republic-of-china-friendship-award-2016\/","url":"https:\/\/www.malik-management.com\/de\/peoples-republic-of-china-friendship-award-2016\/","name":"People's Republic of China Friendship Award 2016 - Malik Management","isPartOf":{"@id":"https:\/\/www.malik-management.com\/de\/#website"},"datePublished":"2017-09-13T10:52:41+00:00","dateModified":"2017-09-13T10:52:56+00:00","breadcrumb":{"@id":"https:\/\/www.malik-management.com\/de\/peoples-republic-of-china-friendship-award-2016\/#breadcrumb"},"inLanguage":"de","potentialAction":[{"@type":"ReadAction","target":["https:\/\/www.malik-management.com\/de\/peoples-republic-of-china-friendship-award-2016\/"]}]},{"@type":"BreadcrumbList","@id":"https:\/\/www.malik-management.com\/de\/peoples-republic-of-china-friendship-award-2016\/#breadcrumb","itemListElement":[{"@type":"ListItem","position":1,"name":"Home","item":"https:\/\/www.malik-management.com\/de\/"},{"@type":"ListItem","position":2,"name":"People&#8217;s Republic of China Friendship Award 2016"}]},{"@type":"WebSite","@id":"https:\/\/www.malik-management.com\/de\/#website","url":"https:\/\/www.malik-management.com\/de\/","name":"Malik Management","description":"Beyond conventional management","publisher":{"@id":"https:\/\/www.malik-management.com\/de\/#organization"},"potentialAction":[{"@type":"SearchAction","target":{"@type":"EntryPoint","urlTemplate":"https:\/\/www.malik-management.com\/de\/?s={search_term_string}"},"query-input":{"@type":"PropertyValueSpecification","valueRequired":true,"valueName":"search_term_string"}}],"inLanguage":"de"},{"@type":"Organization","@id":"https:\/\/www.malik-management.com\/de\/#organization","name":"malik international AG","url":"https:\/\/www.malik-management.com\/de\/","logo":{"@type":"ImageObject","inLanguage":"de","@id":"https:\/\/www.malik-management.com\/de\/#\/schema\/logo\/image\/","url":"https:\/\/www.malik-management.com\/wp-content\/uploads\/2018\/09\/Logo_malik_weiss-klein3.png","contentUrl":"https:\/\/www.malik-management.com\/wp-content\/uploads\/2018\/09\/Logo_malik_weiss-klein3.png","width":140,"height":41,"caption":"malik international AG"},"image":{"@id":"https:\/\/www.malik-management.com\/de\/#\/schema\/logo\/image\/"},"sameAs":["https:\/\/www.linkedin.com\/company\/30160","https:\/\/www.youtube.com\/user\/malikmanagement"]}]}},"_links":{"self":[{"href":"https:\/\/www.malik-management.com\/de\/wp-json\/wp\/v2\/pages\/18631","targetHints":{"allow":["GET"]}}],"collection":[{"href":"https:\/\/www.malik-management.com\/de\/wp-json\/wp\/v2\/pages"}],"about":[{"href":"https:\/\/www.malik-management.com\/de\/wp-json\/wp\/v2\/types\/page"}],"author":[{"embeddable":true,"href":"https:\/\/www.malik-management.com\/de\/wp-json\/wp\/v2\/users\/17"}],"replies":[{"embeddable":true,"href":"https:\/\/www.malik-management.com\/de\/wp-json\/wp\/v2\/comments?post=18631"}],"version-history":[{"count":2,"href":"https:\/\/www.malik-management.com\/de\/wp-json\/wp\/v2\/pages\/18631\/revisions"}],"predecessor-version":[{"id":18637,"href":"https:\/\/www.malik-management.com\/de\/wp-json\/wp\/v2\/pages\/18631\/revisions\/18637"}],"wp:attachment":[{"href":"https:\/\/www.malik-management.com\/de\/wp-json\/wp\/v2\/media?parent=18631"}],"curies":[{"name":"wp","href":"https:\/\/api.w.org\/{rel}","templated":true}]}}