{"id":18700,"date":"2017-09-13T11:49:37","date_gmt":"2017-09-13T11:49:37","guid":{"rendered":"https:\/\/www.malik.management\/?page_id=18700\/"},"modified":"2018-09-11T06:41:30","modified_gmt":"2018-09-11T06:41:30","slug":"malik-on-mountains","status":"publish","type":"page","link":"https:\/\/www.malik-management.com\/de\/ueber-uns\/fredmund-malik\/malik-on-mountains\/","title":{"rendered":"Malik on Mountains"},"content":{"rendered":"<div class=\"fusion-fullwidth fullwidth-box fusion-builder-row-1 nonhundred-percent-fullwidth non-hundred-percent-height-scrolling\" style=\"--awb-border-radius-top-left:0px;--awb-border-radius-top-right:0px;--awb-border-radius-bottom-right:0px;--awb-border-radius-bottom-left:0px;--awb-flex-wrap:wrap;\" ><div class=\"fusion-builder-row fusion-row\"><div class=\"fusion-layout-column fusion_builder_column fusion-builder-column-0 fusion_builder_column_3_4 3_4 fusion-three-fourth fusion-column-first fusion-animated\" style=\"--awb-bg-size:cover;width:75%;width:calc(75% - ( ( 4% ) * 0.75 ) );margin-right: 4%;\" data-animationType=\"fadeInUp\" data-animationDuration=\"1.0\" data-animationOffset=\"top-into-view\"><div class=\"fusion-column-wrapper fusion-flex-column-wrapper-legacy\"><div class=\"fusion-text fusion-text-1\"><div id=\"content-center\">\n<h2>Malik on Mountains<\/h2>\n<\/div>\n<\/div><div class=\"fusion-text fusion-text-2\"><div class=\"block-element01\">\n<p><span style=\"color: #ff0000;\"><strong>\u203a <\/strong><\/span>Was k\u00f6nnen Menschen leisten? Wann und warum leisten sie?<\/p>\n<p><span style=\"color: #ff0000;\"><strong>\u203a <\/strong><\/span>Wo sind ihre Grenzen? Warum akzeptieren so viele viel zu enge Grenzen, w\u00e4hrend andere sie ein Leben lang zu \u00fcberwinden versuchen? Wie weit kann jeder einzelne seine Grenzen f\u00fcr sich hinausschieben?<\/p>\n<p><span style=\"color: #ff0000;\"><strong>\u203a <\/strong><\/span>Was hat das mit F\u00fchrung zu tun? Was heisst \u00fcberhaupt F\u00fchren? In welchem Verh\u00e4ltnis stehen Leistung, Grenzen und F\u00fchrung?<\/p>\n<p>Bergsteigen und Management sind Dimensionen, hinter denen dieselben Fragen stehen. Kenner der Managementkybernetik durchschauen die Beziehung von Fredmund Malik zu den Bergen und zu seiner Passion, dem Alpinismus in allen seinen Varianten, sofort.<\/p>\n<p>Im Fels, im Eis, auf den Schiern oder mit Steigeisen, Free Climbing oder mit den Eish\u00e4mmern in den hohen und extremen Schwierig\u00adkeits\u00adgraden \u2013 das ist genau genommen nicht von seiner Beziehung zum Management und zu seiner Arbeit zu unterscheiden.<\/p>\n<\/div>\n<\/div><div class=\"fusion-builder-row fusion-builder-row-inner fusion-row\"><div class=\"fusion-layout-column fusion_builder_column_inner fusion-builder-nested-column-0 fusion_builder_column_inner_1_2 1_2 fusion-one-half fusion-column-first\" style=\"--awb-bg-size:cover;width:50%;width:calc(50% - ( ( 4% ) * 0.5 ) );margin-right: 4%;\"><div class=\"fusion-column-wrapper fusion-flex-column-wrapper-legacy\"><div class=\"fusion-text fusion-text-3\"><div class=\"block-element01\">\n<p><a href=\"https:\/\/www.malik-management.com\/de\/ueber-uns\/fredmund-malik\/malik-on-mountains\/bergtouren-und-bilder\/\"><strong>Bergtouren und Bilder:<\/strong><\/a><\/p>\n<\/div>\n<\/div><div class=\"fusion-image-element fusion-image-align-center in-legacy-container\" style=\"text-align:center;--awb-caption-title-font-family:var(--h2_typography-font-family);--awb-caption-title-font-weight:var(--h2_typography-font-weight);--awb-caption-title-font-style:var(--h2_typography-font-style);--awb-caption-title-size:var(--h2_typography-font-size);--awb-caption-title-transform:var(--h2_typography-text-transform);--awb-caption-title-line-height:var(--h2_typography-line-height);--awb-caption-title-letter-spacing:var(--h2_typography-letter-spacing);\"><div class=\"imageframe-align-center\"><span class=\" fusion-imageframe imageframe-dropshadow imageframe-1 hover-type-zoomin malik_solutions_main_right_image01\" style=\"-webkit-box-shadow: 3px 3px 7px rgba(0,0,0,0.3);box-shadow: 3px 3px 7px rgba(0,0,0,0.3);\"><a class=\"fusion-no-lightbox\" href=\"https:\/\/www.malik-management.com\/de\/bergtouren-und-bilder\/\" target=\"_self\" aria-label=\"malik-on-mountains-tourenberichte\"><img decoding=\"async\" width=\"200\" height=\"120\" src=\"https:\/\/www.malik-management.com\/wp-content\/uploads\/2017\/09\/malik-on-mountains-tourenberichte-1.jpg\" alt class=\"img-responsive wp-image-18704\"\/><\/a><\/span><\/div><\/div><div class=\"fusion-clearfix\"><\/div><\/div><\/div><div class=\"fusion-layout-column fusion_builder_column_inner fusion-builder-nested-column-1 fusion_builder_column_inner_1_2 1_2 fusion-one-half fusion-column-last\" style=\"--awb-bg-size:cover;width:50%;width:calc(50% - ( ( 4% ) * 0.5 ) );\"><div class=\"fusion-column-wrapper fusion-flex-column-wrapper-legacy\"><div class=\"fusion-text fusion-text-4\"><div class=\"block-element01\">\n<p><strong><a href=\"https:\/\/www.youtube.com\/playlist?list=PL5253116141A3C1A4&amp;spfreload=10\" target=\"_blank\" rel=\"noopener\">Videos:<\/a><\/strong><\/p>\n<\/div>\n<\/div><div class=\"fusion-image-element fusion-image-align-center in-legacy-container\" style=\"text-align:center;--awb-caption-title-font-family:var(--h2_typography-font-family);--awb-caption-title-font-weight:var(--h2_typography-font-weight);--awb-caption-title-font-style:var(--h2_typography-font-style);--awb-caption-title-size:var(--h2_typography-font-size);--awb-caption-title-transform:var(--h2_typography-text-transform);--awb-caption-title-line-height:var(--h2_typography-line-height);--awb-caption-title-letter-spacing:var(--h2_typography-letter-spacing);\"><div class=\"imageframe-align-center\"><span class=\" fusion-imageframe imageframe-dropshadow imageframe-2 hover-type-zoomin malik_solutions_main_right_image01\" style=\"-webkit-box-shadow: 3px 3px 7px rgba(0,0,0,0.3);box-shadow: 3px 3px 7px rgba(0,0,0,0.3);\"><a class=\"fusion-no-lightbox\" href=\"https:\/\/www.youtube.com\/playlist?list=PL5253116141A3C1A4&amp;spfreload=10\" target=\"_blank\" aria-label=\"malik-on-mountains-videos\" rel=\"noopener noreferrer\"><img decoding=\"async\" width=\"200\" height=\"120\" src=\"https:\/\/www.malik-management.com\/wp-content\/uploads\/2017\/09\/malik-on-mountains-videos-1.jpg\" alt class=\"img-responsive wp-image-18709\"\/><\/a><\/span><\/div><\/div><div class=\"fusion-clearfix\"><\/div><\/div><\/div><\/div><div class=\"fusion-clearfix\"><\/div><\/div><\/div><div class=\"fusion-layout-column fusion_builder_column fusion-builder-column-1 fusion_builder_column_1_4 1_4 fusion-one-fourth fusion-column-last fusion-animated malik_solutions_main_right\" style=\"--awb-bg-size:cover;width:25%;width:calc(25% - ( ( 4% ) * 0.25 ) );\" data-animationType=\"fadeInUp\" data-animationDuration=\"1.0\" data-animationOffset=\"top-into-view\"><div class=\"fusion-column-wrapper fusion-flex-column-wrapper-legacy\"><div class=\"fusion-image-element fusion-image-align-center in-legacy-container\" style=\"text-align:center;--awb-caption-title-font-family:var(--h2_typography-font-family);--awb-caption-title-font-weight:var(--h2_typography-font-weight);--awb-caption-title-font-style:var(--h2_typography-font-style);--awb-caption-title-size:var(--h2_typography-font-size);--awb-caption-title-transform:var(--h2_typography-text-transform);--awb-caption-title-line-height:var(--h2_typography-line-height);--awb-caption-title-letter-spacing:var(--h2_typography-letter-spacing);\"><div class=\"imageframe-align-center\"><span class=\" fusion-imageframe imageframe-dropshadow imageframe-3 hover-type-zoomin malik_solutions_main_right_image01\" style=\"-webkit-box-shadow: 3px 3px 7px rgba(0,0,0,0.3);box-shadow: 3px 3px 7px rgba(0,0,0,0.3);\"><img decoding=\"async\" width=\"273\" height=\"530\" title=\"malik-mountains\" src=\"https:\/\/www.malik-management.com\/wp-content\/uploads\/2017\/09\/malik-mountains.jpg\" alt class=\"img-responsive wp-image-18718\" srcset=\"https:\/\/www.malik-management.com\/wp-content\/uploads\/2017\/09\/malik-mountains-200x388.jpg 200w, https:\/\/www.malik-management.com\/wp-content\/uploads\/2017\/09\/malik-mountains.jpg 273w\" sizes=\"(max-width: 800px) 100vw, 273px\" \/><\/span><\/div><\/div><div class=\"fusion-text fusion-text-5\"><p style=\"text-align: center;\"><em><span style=\"color: #696969;\">Sassongher (2.665 Meter) bei Corvara,<br \/>\n<\/span><\/em><em><span style=\"color: #696969;\">Puezgruppe, Dolomiten (S\u00fcdtirol\/Italien)<\/span><\/em><\/p>\n<\/div><div class=\"fusion-sep-clear\"><\/div><div class=\"fusion-separator fusion-full-width-sep\" style=\"margin-left: auto;margin-right: auto;margin-top:10px;margin-bottom:10px;width:100%;\"><div class=\"fusion-separator-border sep-single sep-solid\" style=\"--awb-height:20px;--awb-amount:20px;border-color:#336699;border-top-width:1px;\"><\/div><\/div><div class=\"fusion-sep-clear\"><\/div><div class=\"fusion-image-element fusion-image-align-center in-legacy-container\" style=\"text-align:center;--awb-caption-title-font-family:var(--h2_typography-font-family);--awb-caption-title-font-weight:var(--h2_typography-font-weight);--awb-caption-title-font-style:var(--h2_typography-font-style);--awb-caption-title-size:var(--h2_typography-font-size);--awb-caption-title-transform:var(--h2_typography-text-transform);--awb-caption-title-line-height:var(--h2_typography-line-height);--awb-caption-title-letter-spacing:var(--h2_typography-letter-spacing);\"><div class=\"imageframe-align-center\"><span class=\" fusion-imageframe imageframe-dropshadow imageframe-4 hover-type-zoomin malik_solutions_main_right_image01\" style=\"-webkit-box-shadow: 3px 3px 7px rgba(0,0,0,0.3);box-shadow: 3px 3px 7px rgba(0,0,0,0.3);\"><img decoding=\"async\" width=\"236\" height=\"200\" title=\"malik-buecher-wenn-grenzen-keine-sind-236&#215;200\" src=\"https:\/\/www.malik-management.com\/wp-content\/uploads\/2017\/09\/malik-buecher-wenn-grenzen-keine-sind-236x200-1.jpg\" alt class=\"img-responsive wp-image-18723\" srcset=\"https:\/\/www.malik-management.com\/wp-content\/uploads\/2017\/09\/malik-buecher-wenn-grenzen-keine-sind-236x200-1-200x169.jpg 200w, https:\/\/www.malik-management.com\/wp-content\/uploads\/2017\/09\/malik-buecher-wenn-grenzen-keine-sind-236x200-1.jpg 236w\" sizes=\"(max-width: 800px) 100vw, 236px\" \/><\/span><\/div><\/div><div class=\"fusion-text fusion-text-6\"><p style=\"text-align: center;\"><a href=\"https:\/\/www.malik-management.com\/?p=19785\">Wenn Grenzen keine sind<\/a><\/p>\n<\/div><div class=\"fusion-text fusion-text-7\"><p style=\"text-align: center;\">Es ist sein bislang pers\u00f6nlichstes Buch,<br \/>\nund der Titel ist Programm: In <em>Wenn<br \/>\n<\/em><em>Grenzen keine sind \u2013 Management und Bergsteigen <\/em>zieht Malik die Parallelen zwischen Alpinismus und Management und arbeitet ihre Gemeinsamkeiten heraus.<\/p>\n<\/div><div class=\"fusion-sep-clear\"><\/div><div class=\"fusion-separator fusion-full-width-sep\" style=\"margin-left: auto;margin-right: auto;margin-top:10px;margin-bottom:10px;width:100%;\"><div class=\"fusion-separator-border sep-single sep-solid\" style=\"--awb-height:20px;--awb-amount:20px;border-color:#336699;border-top-width:1px;\"><\/div><\/div><div class=\"fusion-sep-clear\"><\/div><div class=\"fusion-image-element fusion-image-align-center in-legacy-container\" style=\"text-align:center;--awb-caption-title-font-family:var(--h2_typography-font-family);--awb-caption-title-font-weight:var(--h2_typography-font-weight);--awb-caption-title-font-style:var(--h2_typography-font-style);--awb-caption-title-size:var(--h2_typography-font-size);--awb-caption-title-transform:var(--h2_typography-text-transform);--awb-caption-title-line-height:var(--h2_typography-line-height);--awb-caption-title-letter-spacing:var(--h2_typography-letter-spacing);\"><div class=\"imageframe-align-center\"><span class=\" fusion-imageframe imageframe-dropshadow imageframe-5 hover-type-zoomin malik_solutions_main_right_image01\" style=\"-webkit-box-shadow: 3px 3px 7px rgba(0,0,0,0.3);box-shadow: 3px 3px 7px rgba(0,0,0,0.3);\"><a class=\"fusion-no-lightbox\" href=\"http:\/\/shop.malik-management.com\/bergsteigen-und-management-dvd.html\" target=\"_blank\" aria-label=\"malik-dvd-bergsteigen-und-management-2-236&#215;200\" rel=\"noopener noreferrer\"><img decoding=\"async\" width=\"236\" height=\"200\" src=\"https:\/\/www.malik-management.com\/wp-content\/uploads\/2017\/09\/malik-dvd-bergsteigen-und-management-2-236x200-1.png\" alt class=\"img-responsive wp-image-18727\" srcset=\"https:\/\/www.malik-management.com\/wp-content\/uploads\/2017\/09\/malik-dvd-bergsteigen-und-management-2-236x200-1-200x169.png 200w, https:\/\/www.malik-management.com\/wp-content\/uploads\/2017\/09\/malik-dvd-bergsteigen-und-management-2-236x200-1.png 236w\" sizes=\"(max-width: 800px) 100vw, 236px\" \/><\/a><\/span><\/div><\/div><div class=\"fusion-text fusion-text-8\"><p><a href=\"http:\/\/shop.malik-management.com\/bergsteigen-und-management-dvd.html\" target=\"_blank\" rel=\"noopener\">Malik DVD: Bergsteigen und Management<\/a><\/p>\n<\/div><div class=\"fusion-sep-clear\"><\/div><div class=\"fusion-separator fusion-full-width-sep\" style=\"margin-left: auto;margin-right: auto;margin-top:10px;margin-bottom:10px;width:100%;\"><div class=\"fusion-separator-border sep-single sep-solid\" style=\"--awb-height:20px;--awb-amount:20px;border-color:#336699;border-top-width:1px;\"><\/div><\/div><div class=\"fusion-sep-clear\"><\/div><div class=\"fusion-text fusion-text-9\"><div class=\"rightside_links_panel\">\n<h4>Artikel von Prof. Malik<\/h4>\n<ul>\n<li><a class=\"pimcore_icon_pdf\" href=\"https:\/\/www.malik-management.com\/wp-content\/uploads\/2017\/09\/bergundsteigen-bergsteigen-und-management-01-10-2006.pdf\" target=\"_blank\" rel=\"noopener\">Bergsteigen und Management, bergundsteigen (AT), 01.10.2006<\/a><\/li>\n<li><a class=\"pimcore_icon_pdf\" href=\"https:\/\/www.malik-management.com\/wp-content\/uploads\/2017\/09\/alpin-aktuell-leistungsgrenzen-01-05-2003.pdf\" target=\"_blank\" rel=\"noopener\">Leistungsgrenzen, alpin aktuell (FL), 01.05.2003<\/a><\/li>\n<\/ul>\n<\/div>\n<\/div><div class=\"fusion-clearfix\"><\/div><\/div><\/div><\/div><\/div>\n","protected":false},"excerpt":{"rendered":"","protected":false},"author":17,"featured_media":0,"parent":16946,"menu_order":0,"comment_status":"closed","ping_status":"closed","template":"side-navigation.php","meta":{"_acf_changed":false,"_bbp_topic_count":0,"_bbp_reply_count":0,"_bbp_total_topic_count":0,"_bbp_total_reply_count":0,"_bbp_voice_count":0,"_bbp_anonymous_reply_count":0,"_bbp_topic_count_hidden":0,"_bbp_reply_count_hidden":0,"_bbp_forum_subforum_count":0,"footnotes":""},"class_list":["post-18700","page","type-page","status-publish","hentry"],"acf":[],"yoast_head":"<!-- This site is optimized with the Yoast SEO plugin v27.5 - https:\/\/yoast.com\/product\/yoast-seo-wordpress\/ -->\n<title>Malik on Mountains - Malik Management<\/title>\n<meta name=\"robots\" content=\"index, follow, max-snippet:-1, max-image-preview:large, max-video-preview:-1\" \/>\n<link rel=\"canonical\" href=\"https:\/\/www.malik-management.com\/de\/ueber-uns\/fredmund-malik\/malik-on-mountains\/\" \/>\n<meta property=\"og:locale\" content=\"de_DE\" \/>\n<meta property=\"og:type\" content=\"article\" \/>\n<meta property=\"og:title\" content=\"Malik on Mountains - Malik Management\" \/>\n<meta property=\"og:url\" content=\"https:\/\/www.malik-management.com\/de\/ueber-uns\/fredmund-malik\/malik-on-mountains\/\" \/>\n<meta property=\"og:site_name\" content=\"Malik Management\" \/>\n<meta property=\"article:modified_time\" content=\"2018-09-11T06:41:30+00:00\" \/>\n<meta name=\"twitter:card\" content=\"summary_large_image\" \/>\n<meta name=\"twitter:label1\" content=\"Gesch\u00e4tzte Lesezeit\" \/>\n\t<meta name=\"twitter:data1\" content=\"5\u00a0Minuten\" \/>\n<script type=\"application\/ld+json\" class=\"yoast-schema-graph\">{\"@context\":\"https:\\\/\\\/schema.org\",\"@graph\":[{\"@type\":\"WebPage\",\"@id\":\"https:\\\/\\\/www.malik-management.com\\\/de\\\/ueber-uns\\\/fredmund-malik\\\/malik-on-mountains\\\/\",\"url\":\"https:\\\/\\\/www.malik-management.com\\\/de\\\/ueber-uns\\\/fredmund-malik\\\/malik-on-mountains\\\/\",\"name\":\"Malik on Mountains - Malik Management\",\"isPartOf\":{\"@id\":\"https:\\\/\\\/www.malik-management.com\\\/de\\\/#website\"},\"datePublished\":\"2017-09-13T11:49:37+00:00\",\"dateModified\":\"2018-09-11T06:41:30+00:00\",\"breadcrumb\":{\"@id\":\"https:\\\/\\\/www.malik-management.com\\\/de\\\/ueber-uns\\\/fredmund-malik\\\/malik-on-mountains\\\/#breadcrumb\"},\"inLanguage\":\"de\",\"potentialAction\":[{\"@type\":\"ReadAction\",\"target\":[\"https:\\\/\\\/www.malik-management.com\\\/de\\\/ueber-uns\\\/fredmund-malik\\\/malik-on-mountains\\\/\"]}]},{\"@type\":\"BreadcrumbList\",\"@id\":\"https:\\\/\\\/www.malik-management.com\\\/de\\\/ueber-uns\\\/fredmund-malik\\\/malik-on-mountains\\\/#breadcrumb\",\"itemListElement\":[{\"@type\":\"ListItem\",\"position\":1,\"name\":\"Home\",\"item\":\"https:\\\/\\\/www.malik-management.com\\\/de\\\/\"},{\"@type\":\"ListItem\",\"position\":2,\"name\":\"Fredmund Malik\",\"item\":\"https:\\\/\\\/www.malik-management.com\\\/de\\\/fredmund-malik\\\/\"},{\"@type\":\"ListItem\",\"position\":3,\"name\":\"Malik on Mountains\"}]},{\"@type\":\"WebSite\",\"@id\":\"https:\\\/\\\/www.malik-management.com\\\/de\\\/#website\",\"url\":\"https:\\\/\\\/www.malik-management.com\\\/de\\\/\",\"name\":\"Malik Management\",\"description\":\"Beyond conventional management\",\"publisher\":{\"@id\":\"https:\\\/\\\/www.malik-management.com\\\/de\\\/#organization\"},\"potentialAction\":[{\"@type\":\"SearchAction\",\"target\":{\"@type\":\"EntryPoint\",\"urlTemplate\":\"https:\\\/\\\/www.malik-management.com\\\/de\\\/?s={search_term_string}\"},\"query-input\":{\"@type\":\"PropertyValueSpecification\",\"valueRequired\":true,\"valueName\":\"search_term_string\"}}],\"inLanguage\":\"de\"},{\"@type\":\"Organization\",\"@id\":\"https:\\\/\\\/www.malik-management.com\\\/de\\\/#organization\",\"name\":\"malik international AG\",\"url\":\"https:\\\/\\\/www.malik-management.com\\\/de\\\/\",\"logo\":{\"@type\":\"ImageObject\",\"inLanguage\":\"de\",\"@id\":\"https:\\\/\\\/www.malik-management.com\\\/de\\\/#\\\/schema\\\/logo\\\/image\\\/\",\"url\":\"https:\\\/\\\/www.malik-management.com\\\/wp-content\\\/uploads\\\/2018\\\/09\\\/Logo_malik_weiss-klein3.png\",\"contentUrl\":\"https:\\\/\\\/www.malik-management.com\\\/wp-content\\\/uploads\\\/2018\\\/09\\\/Logo_malik_weiss-klein3.png\",\"width\":140,\"height\":41,\"caption\":\"malik international AG\"},\"image\":{\"@id\":\"https:\\\/\\\/www.malik-management.com\\\/de\\\/#\\\/schema\\\/logo\\\/image\\\/\"},\"sameAs\":[\"https:\\\/\\\/www.linkedin.com\\\/company\\\/30160\",\"https:\\\/\\\/www.youtube.com\\\/user\\\/malikmanagement\"]}]}<\/script>\n<!-- \/ Yoast SEO plugin. -->","yoast_head_json":{"title":"Malik on Mountains - Malik Management","robots":{"index":"index","follow":"follow","max-snippet":"max-snippet:-1","max-image-preview":"max-image-preview:large","max-video-preview":"max-video-preview:-1"},"canonical":"https:\/\/www.malik-management.com\/de\/ueber-uns\/fredmund-malik\/malik-on-mountains\/","og_locale":"de_DE","og_type":"article","og_title":"Malik on Mountains - Malik Management","og_url":"https:\/\/www.malik-management.com\/de\/ueber-uns\/fredmund-malik\/malik-on-mountains\/","og_site_name":"Malik Management","article_modified_time":"2018-09-11T06:41:30+00:00","twitter_card":"summary_large_image","twitter_misc":{"Gesch\u00e4tzte Lesezeit":"5\u00a0Minuten"},"schema":{"@context":"https:\/\/schema.org","@graph":[{"@type":"WebPage","@id":"https:\/\/www.malik-management.com\/de\/ueber-uns\/fredmund-malik\/malik-on-mountains\/","url":"https:\/\/www.malik-management.com\/de\/ueber-uns\/fredmund-malik\/malik-on-mountains\/","name":"Malik on Mountains - Malik Management","isPartOf":{"@id":"https:\/\/www.malik-management.com\/de\/#website"},"datePublished":"2017-09-13T11:49:37+00:00","dateModified":"2018-09-11T06:41:30+00:00","breadcrumb":{"@id":"https:\/\/www.malik-management.com\/de\/ueber-uns\/fredmund-malik\/malik-on-mountains\/#breadcrumb"},"inLanguage":"de","potentialAction":[{"@type":"ReadAction","target":["https:\/\/www.malik-management.com\/de\/ueber-uns\/fredmund-malik\/malik-on-mountains\/"]}]},{"@type":"BreadcrumbList","@id":"https:\/\/www.malik-management.com\/de\/ueber-uns\/fredmund-malik\/malik-on-mountains\/#breadcrumb","itemListElement":[{"@type":"ListItem","position":1,"name":"Home","item":"https:\/\/www.malik-management.com\/de\/"},{"@type":"ListItem","position":2,"name":"Fredmund Malik","item":"https:\/\/www.malik-management.com\/de\/fredmund-malik\/"},{"@type":"ListItem","position":3,"name":"Malik on Mountains"}]},{"@type":"WebSite","@id":"https:\/\/www.malik-management.com\/de\/#website","url":"https:\/\/www.malik-management.com\/de\/","name":"Malik Management","description":"Beyond conventional management","publisher":{"@id":"https:\/\/www.malik-management.com\/de\/#organization"},"potentialAction":[{"@type":"SearchAction","target":{"@type":"EntryPoint","urlTemplate":"https:\/\/www.malik-management.com\/de\/?s={search_term_string}"},"query-input":{"@type":"PropertyValueSpecification","valueRequired":true,"valueName":"search_term_string"}}],"inLanguage":"de"},{"@type":"Organization","@id":"https:\/\/www.malik-management.com\/de\/#organization","name":"malik international AG","url":"https:\/\/www.malik-management.com\/de\/","logo":{"@type":"ImageObject","inLanguage":"de","@id":"https:\/\/www.malik-management.com\/de\/#\/schema\/logo\/image\/","url":"https:\/\/www.malik-management.com\/wp-content\/uploads\/2018\/09\/Logo_malik_weiss-klein3.png","contentUrl":"https:\/\/www.malik-management.com\/wp-content\/uploads\/2018\/09\/Logo_malik_weiss-klein3.png","width":140,"height":41,"caption":"malik international AG"},"image":{"@id":"https:\/\/www.malik-management.com\/de\/#\/schema\/logo\/image\/"},"sameAs":["https:\/\/www.linkedin.com\/company\/30160","https:\/\/www.youtube.com\/user\/malikmanagement"]}]}},"_links":{"self":[{"href":"https:\/\/www.malik-management.com\/de\/wp-json\/wp\/v2\/pages\/18700","targetHints":{"allow":["GET"]}}],"collection":[{"href":"https:\/\/www.malik-management.com\/de\/wp-json\/wp\/v2\/pages"}],"about":[{"href":"https:\/\/www.malik-management.com\/de\/wp-json\/wp\/v2\/types\/page"}],"author":[{"embeddable":true,"href":"https:\/\/www.malik-management.com\/de\/wp-json\/wp\/v2\/users\/17"}],"replies":[{"embeddable":true,"href":"https:\/\/www.malik-management.com\/de\/wp-json\/wp\/v2\/comments?post=18700"}],"version-history":[{"count":14,"href":"https:\/\/www.malik-management.com\/de\/wp-json\/wp\/v2\/pages\/18700\/revisions"}],"predecessor-version":[{"id":22304,"href":"https:\/\/www.malik-management.com\/de\/wp-json\/wp\/v2\/pages\/18700\/revisions\/22304"}],"up":[{"embeddable":true,"href":"https:\/\/www.malik-management.com\/de\/wp-json\/wp\/v2\/pages\/16946"}],"wp:attachment":[{"href":"https:\/\/www.malik-management.com\/de\/wp-json\/wp\/v2\/media?parent=18700"}],"curies":[{"name":"wp","href":"https:\/\/api.w.org\/{rel}","templated":true}]}}