{"id":18762,"date":"2017-09-13T12:25:08","date_gmt":"2017-09-13T12:25:08","guid":{"rendered":"https:\/\/www.malik.management\/?page_id=18762\/"},"modified":"2018-09-10T08:08:35","modified_gmt":"2018-09-10T08:08:35","slug":"langkofel-nordostwand-bericht-und-bilder","status":"publish","type":"page","link":"https:\/\/www.malik-management.com\/de\/ueber-uns\/fredmund-malik\/malik-on-mountains\/bergtouren-und-bilder\/langkofel-nordostwand-bericht-und-bilder\/","title":{"rendered":"Langkofel-Nordostwand: Bericht und Bilder"},"content":{"rendered":"<div class=\"fusion-fullwidth fullwidth-box fusion-builder-row-1 nonhundred-percent-fullwidth non-hundred-percent-height-scrolling\" style=\"--awb-border-radius-top-left:0px;--awb-border-radius-top-right:0px;--awb-border-radius-bottom-right:0px;--awb-border-radius-bottom-left:0px;--awb-flex-wrap:wrap;\" ><div class=\"fusion-builder-row fusion-row\"><div class=\"fusion-layout-column fusion_builder_column fusion-builder-column-0 fusion_builder_column_3_4 3_4 fusion-three-fourth fusion-column-first fusion-animated\" style=\"--awb-bg-size:cover;width:75%;width:calc(75% - ( ( 4% ) * 0.75 ) );margin-right: 4%;\" data-animationType=\"fadeInUp\" data-animationDuration=\"1.0\" data-animationOffset=\"top-into-view\"><div class=\"fusion-column-wrapper fusion-flex-column-wrapper-legacy\"><div class=\"fusion-text fusion-text-1\"><div id=\"content-center\">\n<h2>Die Langkofel-Nordostwand im Gr\u00f6dnertal &#8211; 2000<\/h2>\n<\/div>\n<\/div><div class=\"fusion-text fusion-text-2\"><div id=\"content-center\">\n<div class=\"block-element01\">\n<h3>Eine faszinierende Klettertour f\u00fcr Sommer und Winter<\/h3>\n<p><em>Von Prof. Dr. F. Malik verfasst f\u00fcr die Zeitschrift &#8222;L\u00f6ffler Sport Zeit&#8220; 1\/99, S. 26\/27<\/em><\/p>\n<p>Der Langkofel ist aus jeder Perspektive einer der eindrucksvollsten Berge der Dolomiten \u2013 hoch, wuchtig und wild. Besonders markant sind die dem Gr\u00f6dnertal und dem Sellajoch zugewandten Seiten: die jeweils \u00fcber tausend Meter aufsteigenden Nord-, Nordost- und Ostw\u00e4nde. Sie geh\u00f6rten fr\u00fch zu meinen erkl\u00e4rten und heimlichen Tourenzielen. Durch die Nordostwand geht die 1918 erstbegangene Pichl-F\u00fchre, eine in jeder Beziehung klassische, oft begangene Route. Sie bietet h\u00f6chst abwechslungsreiches Klettern mit Platten, Querg\u00e4ngen und Rissen in durchwegs gutem Fels und vor allem in einer beeindruckenden Felslandschaft. Die Schwierigkeiten liegen mit dem oberen vierten Grad noch in der Kategorie &#8222;Genussklettern&#8220;. Nichts Extremes also \u2013 aber die Tour erfordert Kondition und Sicherheit im alpinen Gel\u00e4nde.<\/p>\n<p>Man braucht mehr Erfahrung, als man im Klettergarten erwerben kann. Als ich sie, gef\u00fchrt vom Wolkensteiner Bergf\u00fchrer Hermann Comploi, 1988 zum ersten Mal machte, war ich stolz wie selten zuvor. An einem fast wolkenlosen Tag Ende Juli stiegen wir noch vor Sonnenaufgang \u00fcber die ersten grasdurchsetzten Schrofen. F\u00fcr die 1000 H\u00f6hen- und insgesamt etwa 1500 Klettermeter bis zum Gipfel brauchten wir gute f\u00fcnf Stunden &#8211; f\u00fcnf herrliche Stunden konzentriertes Gehen und Steigen mit leichter Ausr\u00fcstung in einer urt\u00fcmlichen Felskulisse. Ich bin inzwischen noch auf vielen Dolomitenspitzen gestanden, auch nach extremen Touren. Der Langkofelgipfel nach dieser langen Tour ist mir aber als einer der sch\u00f6nsten in Erinnerung.<\/p>\n<p>Wie jeder Alpinist zwar weiss, aber doch immer wieder neu erfahren muss, sind Touren nicht auf dem Gipfel zu Ende, sondern erst wenn man wieder unten ist \u2013 am Langkofel gar keine einfache Sache, mit immerhin nochmals rund 1000 Klettermetern durch ein abenteuerliches Labyrinth von T\u00fcrmen, Schluchten, Rissen und B\u00e4ndern. Ich war selten so ersch\u00f6pft wie nach den insgesamt gut 7 Stunden, die wir f\u00fcr diese Tour brauchten, bis wir in der Langkofelscharte standen, von wo die Seilbahn hinunter zum Sellajoch f\u00e4hrt. Ersch\u00f6pft, aber erf\u00fcllt und zufrieden mit mir selbst. Das ist es ja, was so viele Leute nicht begreifen k\u00f6nnen, dass nicht Zufriedenheit zu Leistung f\u00fchrt, wie manche Psychologen uns weismachen wollen, sondern dass es genau umgekehrt ist &#8211; dass die Leistung die Zufriedenheit bringt.<\/p>\n<p>Genau so war es, als wir zehn Jahre sp\u00e4ter dieselbe Tour noch einmal machten &#8211; diesmal im Winter, am 2. und 3. M\u00e4rz 1998. Wenn man zehn Jahre lang gemeinsam in die Berge geht, bleibt zwar die Aufgabenteilung gleich: der eine ist F\u00fchrer und Profi und geht voraus, und selbst bleibt man, auch wenn einem schwierige Touren gelungen sind, ein Amateur und Zweiter. Aber \u00fcber die Zweckgemeinschaft der Seilschaft hinaus ist eine Freundschaft entstanden. Einstieg morgens um sechs, bei v\u00f6lliger Dunkelheit, minus 10 Grad, knirschender Schnee; schwere Rucks\u00e4cke, Biwakausr\u00fcstung. Wir brauchen deutlich mehr Zeit, als wir urspr\u00fcnglich dachten. Ich bin langsam; das Klettern mit den Steigeisen ist mir nicht so vertraut. So lange man sich bewegt, ist es warm; aber an den St\u00e4nden sp\u00fcre ich die K\u00e4lte. Es ist meine erste grosse Winterbegehung &#8211; und ich freue mich unb\u00e4ndig. Die vielen Alpinb\u00fccher, die ich im Laufe der Zeit gelesen habe, kommen mir ins Ged\u00e4chtnis &#8211; Heinrich Harrer \u00fcber den Eiger, Messner, Kammerlander; Cassin am Badile nach einem Wettersturz; Bonatti und Zappelli \u2013 6 Tage bei minus 30 Grad am Walker Pfeiler.<\/p>\n<p>Hier sind wir &#8222;nur&#8220; am Langkofel, &#8222;nur&#8220; im vierten Grad, bei sch\u00f6nem Wetter, mehr als ein Biwak sollte nicht n\u00f6tig sein. Es gibt einen, der vorausgeht, der sein Handwerk beherrscht. Und wir haben moderne High-Tech-Bekleidung und -Ausr\u00fcstung&#8230; Komfort fast wie im Grand Hotel.<\/p>\n<p>Man kann die Leistungen der Pioniere, auch der ersten Winterbegeher dieser Nordostf\u00fchre auf den Langkofel, Ludwig Moroder und Renzo Bernardi, kaum hoch genug einsch\u00e4tzen. Nach zw\u00f6lf Stunden Klettern am ersten Tage, einem passablen Biwak und zehn Stunden am zweiten Tag waren wir auf dem Gipfel. Wir dachten, dass es die f\u00fcnfte Winterbegehung gewesen sei. Ein paar Tage sp\u00e4ter stellte sich heraus, dass wir die sechsten waren \u2013 auch gut und kein Grund, sich weniger zu freuen.<\/p>\n<p>Der Traditionsverein der Gr\u00f6dner Bergf\u00fchrer blickt auf eine rund hundertj\u00e4hrige Geschichte zur\u00fcck. Unter ihnen viele Erstbesteiger und Vorreiter des Bergsteigens. Unter dem Namen &#8222;Die Gr\u00f6dner Bergf\u00fchrervereinigung&#8220; wurde ein B\u00fcro in Wolkenstein ins Leben gerufen. Fixer Begleiter bei jeder Bergtour: L\u00f6ffler Transtex.<\/p>\n<p><u>Adresse:<\/u><\/p>\n<p>Alpinschule der Gr\u00f6dner Bergf\u00fchrervereinigung,<\/p>\n<p>I-39048 Wolkenstein<\/p>\n<p>Telefon und Fax: 0039 471 79 4133<\/p>\n<\/div>\n<\/div>\n<\/div><div class=\"fusion-clearfix\"><\/div><\/div><\/div><div class=\"fusion-layout-column fusion_builder_column fusion-builder-column-1 fusion_builder_column_1_4 1_4 fusion-one-fourth fusion-column-last fusion-animated malik_solutions_main_right\" style=\"--awb-bg-size:cover;width:25%;width:calc(25% - ( ( 4% ) * 0.25 ) );\" data-animationType=\"fadeInUp\" data-animationDuration=\"1.0\" data-animationOffset=\"top-into-view\"><div class=\"fusion-column-wrapper fusion-flex-column-wrapper-legacy\"><div class=\"fusion-text fusion-text-3\"><p><strong>Bilder der Tour:<\/strong><\/p>\n<\/div><div class=\"fusion-image-element fusion-image-align-center in-legacy-container\" style=\"text-align:center;--awb-caption-title-font-family:var(--h2_typography-font-family);--awb-caption-title-font-weight:var(--h2_typography-font-weight);--awb-caption-title-font-style:var(--h2_typography-font-style);--awb-caption-title-size:var(--h2_typography-font-size);--awb-caption-title-transform:var(--h2_typography-text-transform);--awb-caption-title-line-height:var(--h2_typography-line-height);--awb-caption-title-letter-spacing:var(--h2_typography-letter-spacing);\"><div class=\"imageframe-align-center\"><span class=\" fusion-imageframe imageframe-dropshadow imageframe-1 hover-type-zoomin malik_solutions_main_right_image01\" style=\"-webkit-box-shadow: 3px 3px 7px rgba(0,0,0,0.3);box-shadow: 3px 3px 7px rgba(0,0,0,0.3);\"><a class=\"fusion-no-lightbox\" href=\"https:\/\/www.malik-management.com\/de\/bildergalerie\/\" target=\"_self\" aria-label=\"malik-on-mountains-tourenberichte\"><img decoding=\"async\" width=\"200\" height=\"120\" src=\"https:\/\/www.malik-management.com\/wp-content\/uploads\/2017\/09\/malik-on-mountains-tourenberichte-1.jpg\" alt class=\"img-responsive wp-image-18704\"\/><\/a><\/span><\/div><\/div><div class=\"fusion-sep-clear\"><\/div><div class=\"fusion-separator fusion-full-width-sep\" style=\"margin-left: auto;margin-right: auto;margin-top:10px;margin-bottom:10px;width:100%;\"><div class=\"fusion-separator-border sep-single sep-solid\" style=\"--awb-height:20px;--awb-amount:20px;border-color:#336699;border-top-width:1px;\"><\/div><\/div><div class=\"fusion-sep-clear\"><\/div><div class=\"fusion-clearfix\"><\/div><\/div><\/div><\/div><\/div>\n","protected":false},"excerpt":{"rendered":"","protected":false},"author":17,"featured_media":0,"parent":18741,"menu_order":0,"comment_status":"closed","ping_status":"closed","template":"side-navigation.php","meta":{"_acf_changed":false,"_bbp_topic_count":0,"_bbp_reply_count":0,"_bbp_total_topic_count":0,"_bbp_total_reply_count":0,"_bbp_voice_count":0,"_bbp_anonymous_reply_count":0,"_bbp_topic_count_hidden":0,"_bbp_reply_count_hidden":0,"_bbp_forum_subforum_count":0,"footnotes":""},"class_list":["post-18762","page","type-page","status-publish","hentry"],"acf":[],"yoast_head":"<!-- This site is optimized with the Yoast SEO plugin v27.5 - https:\/\/yoast.com\/product\/yoast-seo-wordpress\/ -->\n<title>Langkofel-Nordostwand: Bericht und Bilder - Malik Management<\/title>\n<meta name=\"robots\" content=\"index, follow, max-snippet:-1, max-image-preview:large, max-video-preview:-1\" \/>\n<link rel=\"canonical\" href=\"https:\/\/www.malik-management.com\/de\/ueber-uns\/fredmund-malik\/malik-on-mountains\/bergtouren-und-bilder\/langkofel-nordostwand-bericht-und-bilder\/\" \/>\n<meta property=\"og:locale\" content=\"de_DE\" \/>\n<meta property=\"og:type\" content=\"article\" \/>\n<meta property=\"og:title\" content=\"Langkofel-Nordostwand: Bericht und Bilder - Malik Management\" \/>\n<meta property=\"og:url\" content=\"https:\/\/www.malik-management.com\/de\/ueber-uns\/fredmund-malik\/malik-on-mountains\/bergtouren-und-bilder\/langkofel-nordostwand-bericht-und-bilder\/\" \/>\n<meta property=\"og:site_name\" content=\"Malik Management\" \/>\n<meta property=\"article:modified_time\" content=\"2018-09-10T08:08:35+00:00\" \/>\n<meta name=\"twitter:card\" content=\"summary_large_image\" \/>\n<meta name=\"twitter:label1\" content=\"Gesch\u00e4tzte Lesezeit\" \/>\n\t<meta name=\"twitter:data1\" content=\"5\u00a0Minuten\" \/>\n<script type=\"application\/ld+json\" class=\"yoast-schema-graph\">{\"@context\":\"https:\\\/\\\/schema.org\",\"@graph\":[{\"@type\":\"WebPage\",\"@id\":\"https:\\\/\\\/www.malik-management.com\\\/de\\\/ueber-uns\\\/fredmund-malik\\\/malik-on-mountains\\\/bergtouren-und-bilder\\\/langkofel-nordostwand-bericht-und-bilder\\\/\",\"url\":\"https:\\\/\\\/www.malik-management.com\\\/de\\\/ueber-uns\\\/fredmund-malik\\\/malik-on-mountains\\\/bergtouren-und-bilder\\\/langkofel-nordostwand-bericht-und-bilder\\\/\",\"name\":\"Langkofel-Nordostwand: Bericht und Bilder - Malik Management\",\"isPartOf\":{\"@id\":\"https:\\\/\\\/www.malik-management.com\\\/de\\\/#website\"},\"datePublished\":\"2017-09-13T12:25:08+00:00\",\"dateModified\":\"2018-09-10T08:08:35+00:00\",\"breadcrumb\":{\"@id\":\"https:\\\/\\\/www.malik-management.com\\\/de\\\/ueber-uns\\\/fredmund-malik\\\/malik-on-mountains\\\/bergtouren-und-bilder\\\/langkofel-nordostwand-bericht-und-bilder\\\/#breadcrumb\"},\"inLanguage\":\"de\",\"potentialAction\":[{\"@type\":\"ReadAction\",\"target\":[\"https:\\\/\\\/www.malik-management.com\\\/de\\\/ueber-uns\\\/fredmund-malik\\\/malik-on-mountains\\\/bergtouren-und-bilder\\\/langkofel-nordostwand-bericht-und-bilder\\\/\"]}]},{\"@type\":\"BreadcrumbList\",\"@id\":\"https:\\\/\\\/www.malik-management.com\\\/de\\\/ueber-uns\\\/fredmund-malik\\\/malik-on-mountains\\\/bergtouren-und-bilder\\\/langkofel-nordostwand-bericht-und-bilder\\\/#breadcrumb\",\"itemListElement\":[{\"@type\":\"ListItem\",\"position\":1,\"name\":\"Home\",\"item\":\"https:\\\/\\\/www.malik-management.com\\\/de\\\/\"},{\"@type\":\"ListItem\",\"position\":2,\"name\":\"Fredmund Malik\",\"item\":\"https:\\\/\\\/www.malik-management.com\\\/de\\\/fredmund-malik\\\/\"},{\"@type\":\"ListItem\",\"position\":3,\"name\":\"Malik on Mountains\",\"item\":\"https:\\\/\\\/www.malik-management.com\\\/de\\\/fredmund-malik\\\/malik-on-mountains\\\/\"},{\"@type\":\"ListItem\",\"position\":4,\"name\":\"Bergtouren und Bilder\",\"item\":\"https:\\\/\\\/www.malik-management.com\\\/de\\\/fredmund-malik\\\/malik-on-mountains\\\/bergtouren-und-bilder\\\/\"},{\"@type\":\"ListItem\",\"position\":5,\"name\":\"Langkofel-Nordostwand: Bericht und Bilder\"}]},{\"@type\":\"WebSite\",\"@id\":\"https:\\\/\\\/www.malik-management.com\\\/de\\\/#website\",\"url\":\"https:\\\/\\\/www.malik-management.com\\\/de\\\/\",\"name\":\"Malik Management\",\"description\":\"Beyond conventional management\",\"publisher\":{\"@id\":\"https:\\\/\\\/www.malik-management.com\\\/de\\\/#organization\"},\"potentialAction\":[{\"@type\":\"SearchAction\",\"target\":{\"@type\":\"EntryPoint\",\"urlTemplate\":\"https:\\\/\\\/www.malik-management.com\\\/de\\\/?s={search_term_string}\"},\"query-input\":{\"@type\":\"PropertyValueSpecification\",\"valueRequired\":true,\"valueName\":\"search_term_string\"}}],\"inLanguage\":\"de\"},{\"@type\":\"Organization\",\"@id\":\"https:\\\/\\\/www.malik-management.com\\\/de\\\/#organization\",\"name\":\"malik international AG\",\"url\":\"https:\\\/\\\/www.malik-management.com\\\/de\\\/\",\"logo\":{\"@type\":\"ImageObject\",\"inLanguage\":\"de\",\"@id\":\"https:\\\/\\\/www.malik-management.com\\\/de\\\/#\\\/schema\\\/logo\\\/image\\\/\",\"url\":\"https:\\\/\\\/www.malik-management.com\\\/wp-content\\\/uploads\\\/2018\\\/09\\\/Logo_malik_weiss-klein3.png\",\"contentUrl\":\"https:\\\/\\\/www.malik-management.com\\\/wp-content\\\/uploads\\\/2018\\\/09\\\/Logo_malik_weiss-klein3.png\",\"width\":140,\"height\":41,\"caption\":\"malik international AG\"},\"image\":{\"@id\":\"https:\\\/\\\/www.malik-management.com\\\/de\\\/#\\\/schema\\\/logo\\\/image\\\/\"},\"sameAs\":[\"https:\\\/\\\/www.linkedin.com\\\/company\\\/30160\",\"https:\\\/\\\/www.youtube.com\\\/user\\\/malikmanagement\"]}]}<\/script>\n<!-- \/ Yoast SEO plugin. -->","yoast_head_json":{"title":"Langkofel-Nordostwand: Bericht und Bilder - Malik Management","robots":{"index":"index","follow":"follow","max-snippet":"max-snippet:-1","max-image-preview":"max-image-preview:large","max-video-preview":"max-video-preview:-1"},"canonical":"https:\/\/www.malik-management.com\/de\/ueber-uns\/fredmund-malik\/malik-on-mountains\/bergtouren-und-bilder\/langkofel-nordostwand-bericht-und-bilder\/","og_locale":"de_DE","og_type":"article","og_title":"Langkofel-Nordostwand: Bericht und Bilder - Malik Management","og_url":"https:\/\/www.malik-management.com\/de\/ueber-uns\/fredmund-malik\/malik-on-mountains\/bergtouren-und-bilder\/langkofel-nordostwand-bericht-und-bilder\/","og_site_name":"Malik Management","article_modified_time":"2018-09-10T08:08:35+00:00","twitter_card":"summary_large_image","twitter_misc":{"Gesch\u00e4tzte Lesezeit":"5\u00a0Minuten"},"schema":{"@context":"https:\/\/schema.org","@graph":[{"@type":"WebPage","@id":"https:\/\/www.malik-management.com\/de\/ueber-uns\/fredmund-malik\/malik-on-mountains\/bergtouren-und-bilder\/langkofel-nordostwand-bericht-und-bilder\/","url":"https:\/\/www.malik-management.com\/de\/ueber-uns\/fredmund-malik\/malik-on-mountains\/bergtouren-und-bilder\/langkofel-nordostwand-bericht-und-bilder\/","name":"Langkofel-Nordostwand: Bericht und Bilder - Malik Management","isPartOf":{"@id":"https:\/\/www.malik-management.com\/de\/#website"},"datePublished":"2017-09-13T12:25:08+00:00","dateModified":"2018-09-10T08:08:35+00:00","breadcrumb":{"@id":"https:\/\/www.malik-management.com\/de\/ueber-uns\/fredmund-malik\/malik-on-mountains\/bergtouren-und-bilder\/langkofel-nordostwand-bericht-und-bilder\/#breadcrumb"},"inLanguage":"de","potentialAction":[{"@type":"ReadAction","target":["https:\/\/www.malik-management.com\/de\/ueber-uns\/fredmund-malik\/malik-on-mountains\/bergtouren-und-bilder\/langkofel-nordostwand-bericht-und-bilder\/"]}]},{"@type":"BreadcrumbList","@id":"https:\/\/www.malik-management.com\/de\/ueber-uns\/fredmund-malik\/malik-on-mountains\/bergtouren-und-bilder\/langkofel-nordostwand-bericht-und-bilder\/#breadcrumb","itemListElement":[{"@type":"ListItem","position":1,"name":"Home","item":"https:\/\/www.malik-management.com\/de\/"},{"@type":"ListItem","position":2,"name":"Fredmund Malik","item":"https:\/\/www.malik-management.com\/de\/fredmund-malik\/"},{"@type":"ListItem","position":3,"name":"Malik on Mountains","item":"https:\/\/www.malik-management.com\/de\/fredmund-malik\/malik-on-mountains\/"},{"@type":"ListItem","position":4,"name":"Bergtouren und Bilder","item":"https:\/\/www.malik-management.com\/de\/fredmund-malik\/malik-on-mountains\/bergtouren-und-bilder\/"},{"@type":"ListItem","position":5,"name":"Langkofel-Nordostwand: Bericht und Bilder"}]},{"@type":"WebSite","@id":"https:\/\/www.malik-management.com\/de\/#website","url":"https:\/\/www.malik-management.com\/de\/","name":"Malik Management","description":"Beyond conventional management","publisher":{"@id":"https:\/\/www.malik-management.com\/de\/#organization"},"potentialAction":[{"@type":"SearchAction","target":{"@type":"EntryPoint","urlTemplate":"https:\/\/www.malik-management.com\/de\/?s={search_term_string}"},"query-input":{"@type":"PropertyValueSpecification","valueRequired":true,"valueName":"search_term_string"}}],"inLanguage":"de"},{"@type":"Organization","@id":"https:\/\/www.malik-management.com\/de\/#organization","name":"malik international AG","url":"https:\/\/www.malik-management.com\/de\/","logo":{"@type":"ImageObject","inLanguage":"de","@id":"https:\/\/www.malik-management.com\/de\/#\/schema\/logo\/image\/","url":"https:\/\/www.malik-management.com\/wp-content\/uploads\/2018\/09\/Logo_malik_weiss-klein3.png","contentUrl":"https:\/\/www.malik-management.com\/wp-content\/uploads\/2018\/09\/Logo_malik_weiss-klein3.png","width":140,"height":41,"caption":"malik international AG"},"image":{"@id":"https:\/\/www.malik-management.com\/de\/#\/schema\/logo\/image\/"},"sameAs":["https:\/\/www.linkedin.com\/company\/30160","https:\/\/www.youtube.com\/user\/malikmanagement"]}]}},"_links":{"self":[{"href":"https:\/\/www.malik-management.com\/de\/wp-json\/wp\/v2\/pages\/18762","targetHints":{"allow":["GET"]}}],"collection":[{"href":"https:\/\/www.malik-management.com\/de\/wp-json\/wp\/v2\/pages"}],"about":[{"href":"https:\/\/www.malik-management.com\/de\/wp-json\/wp\/v2\/types\/page"}],"author":[{"embeddable":true,"href":"https:\/\/www.malik-management.com\/de\/wp-json\/wp\/v2\/users\/17"}],"replies":[{"embeddable":true,"href":"https:\/\/www.malik-management.com\/de\/wp-json\/wp\/v2\/comments?post=18762"}],"version-history":[{"count":9,"href":"https:\/\/www.malik-management.com\/de\/wp-json\/wp\/v2\/pages\/18762\/revisions"}],"predecessor-version":[{"id":22091,"href":"https:\/\/www.malik-management.com\/de\/wp-json\/wp\/v2\/pages\/18762\/revisions\/22091"}],"up":[{"embeddable":true,"href":"https:\/\/www.malik-management.com\/de\/wp-json\/wp\/v2\/pages\/18741"}],"wp:attachment":[{"href":"https:\/\/www.malik-management.com\/de\/wp-json\/wp\/v2\/media?parent=18762"}],"curies":[{"name":"wp","href":"https:\/\/api.w.org\/{rel}","templated":true}]}}