{"id":18832,"date":"2017-09-14T04:16:22","date_gmt":"2017-09-14T04:16:22","guid":{"rendered":"https:\/\/www.malik.management\/?page_id=18832\/"},"modified":"2018-09-11T06:31:12","modified_gmt":"2018-09-11T06:31:12","slug":"extrem-schifahren-am-langkofel-bericht-und-bilder","status":"publish","type":"page","link":"https:\/\/www.malik-management.com\/de\/ueber-uns\/fredmund-malik\/malik-on-mountains\/bergtouren-und-bilder\/extrem-schifahren-am-langkofel-bericht-und-bilder\/","title":{"rendered":"Extrem-Schifahren am Langkofel: Bericht und Bilder"},"content":{"rendered":"<div class=\"fusion-fullwidth fullwidth-box fusion-builder-row-1 nonhundred-percent-fullwidth non-hundred-percent-height-scrolling\" style=\"--awb-border-radius-top-left:0px;--awb-border-radius-top-right:0px;--awb-border-radius-bottom-right:0px;--awb-border-radius-bottom-left:0px;--awb-flex-wrap:wrap;\" ><div class=\"fusion-builder-row fusion-row\"><div class=\"fusion-layout-column fusion_builder_column fusion-builder-column-0 fusion_builder_column_3_4 3_4 fusion-three-fourth fusion-column-first fusion-animated\" style=\"--awb-bg-size:cover;width:75%;width:calc(75% - ( ( 4% ) * 0.75 ) );margin-right: 4%;\" data-animationType=\"fadeInUp\" data-animationDuration=\"1.0\" data-animationOffset=\"top-into-view\"><div class=\"fusion-column-wrapper fusion-flex-column-wrapper-legacy\"><div class=\"fusion-text fusion-text-1\"><div id=\"content-center\">\n<h2>Extrem-Schifahren am Langkofel<br \/>\n16. M\u00e4rz 2001<\/h2>\n<\/div>\n<\/div><div class=\"fusion-text fusion-text-2\"><div class=\"block-element01\">\n<p><em>Erstbefahrung der S\u00fcdrinne (&#8222;Malik-Rinne&#8220;) vom Langkofeleck, Neigung 52 Grad, 600 H\u00f6henmeter<\/em><\/p>\n<p>Im Winter 2000\/2001 herrschten in den Dolomiten phantastische Verh\u00e4ltnisse wie sie seit Jahren nicht mehr zu verzeichnen waren. Das erm\u00f6glichte Extremschifahren unter optimalen Bedingungen.<\/p>\n<p>Am 16. M\u00e4rz 2001 ist Bergf\u00fchrer Hermann Comploj und mir die Schi-Erstbefahrung des 52 Grad steilen Couloirs vom Langkofeleck in die sogenannte Steinerne Stadt unterhalb des Sellajochs gelungen. Gabriel, der bekannte Gr\u00f6dner Helikopterpilot, hat uns um 10 Uhr auf den S\u00fcdgipfel geflogen, nachdem wir \u00fcber eine Stunde auf die Auflockerung des hartn\u00e4ckigen Nebels warten mussten. Von dort sind wir die 600 H\u00f6henmeter in 3 1\/2 Stunden abgefahren \u2013 ein alpinistischer Traum hatte sich erf\u00fcllt&#8230;<\/p>\n<\/div>\n<\/div><div class=\"fusion-clearfix\"><\/div><\/div><\/div><div class=\"fusion-layout-column fusion_builder_column fusion-builder-column-1 fusion_builder_column_1_4 1_4 fusion-one-fourth fusion-column-last fusion-animated malik_solutions_main_right\" style=\"--awb-bg-size:cover;width:25%;width:calc(25% - ( ( 4% ) * 0.25 ) );\" data-animationType=\"fadeInUp\" data-animationDuration=\"1.0\" data-animationOffset=\"top-into-view\"><div class=\"fusion-column-wrapper fusion-flex-column-wrapper-legacy\"><div class=\"fusion-text fusion-text-3\"><div class=\"elwrapper\"><strong>Bilder der Tour: <\/strong><\/div>\n<\/div><div class=\"fusion-image-element fusion-image-align-center in-legacy-container\" style=\"text-align:center;--awb-caption-title-font-family:var(--h2_typography-font-family);--awb-caption-title-font-weight:var(--h2_typography-font-weight);--awb-caption-title-font-style:var(--h2_typography-font-style);--awb-caption-title-size:var(--h2_typography-font-size);--awb-caption-title-transform:var(--h2_typography-text-transform);--awb-caption-title-line-height:var(--h2_typography-line-height);--awb-caption-title-letter-spacing:var(--h2_typography-letter-spacing);\"><div class=\"imageframe-align-center\"><span class=\" fusion-imageframe imageframe-dropshadow imageframe-1 hover-type-zoomin malik_solutions_main_right_image01\" style=\"-webkit-box-shadow: 3px 3px 7px rgba(0,0,0,0.3);box-shadow: 3px 3px 7px rgba(0,0,0,0.3);\"><a class=\"fusion-no-lightbox\" href=\"https:\/\/www.malik-management.com\/de\/bildergalerie-3\/\" target=\"_self\" aria-label=\"malik-on-mountains-langkofel-gallery\"><img decoding=\"async\" width=\"236\" height=\"140\" src=\"https:\/\/www.malik-management.com\/wp-content\/uploads\/2017\/09\/malik-on-mountains-langkofel-gallery-1.jpeg\" alt class=\"img-responsive wp-image-18839\" srcset=\"https:\/\/www.malik-management.com\/wp-content\/uploads\/2017\/09\/malik-on-mountains-langkofel-gallery-1-200x119.jpeg 200w, https:\/\/www.malik-management.com\/wp-content\/uploads\/2017\/09\/malik-on-mountains-langkofel-gallery-1.jpeg 236w\" sizes=\"(max-width: 800px) 100vw, 236px\" \/><\/a><\/span><\/div><\/div><div class=\"fusion-sep-clear\"><\/div><div class=\"fusion-separator fusion-full-width-sep\" style=\"margin-left: auto;margin-right: auto;margin-top:10px;margin-bottom:10px;width:100%;\"><div class=\"fusion-separator-border sep-single sep-solid\" style=\"--awb-height:20px;--awb-amount:20px;border-color:#336699;border-top-width:1px;\"><\/div><\/div><div class=\"fusion-sep-clear\"><\/div><div class=\"fusion-clearfix\"><\/div><\/div><\/div><\/div><\/div>\n","protected":false},"excerpt":{"rendered":"","protected":false},"author":17,"featured_media":0,"parent":18741,"menu_order":0,"comment_status":"closed","ping_status":"closed","template":"side-navigation.php","meta":{"_acf_changed":false,"_bbp_topic_count":0,"_bbp_reply_count":0,"_bbp_total_topic_count":0,"_bbp_total_reply_count":0,"_bbp_voice_count":0,"_bbp_anonymous_reply_count":0,"_bbp_topic_count_hidden":0,"_bbp_reply_count_hidden":0,"_bbp_forum_subforum_count":0,"footnotes":""},"class_list":["post-18832","page","type-page","status-publish","hentry"],"acf":[],"yoast_head":"<!-- This site is optimized with the Yoast SEO plugin v27.5 - https:\/\/yoast.com\/product\/yoast-seo-wordpress\/ -->\n<title>Extrem-Schifahren am Langkofel: Bericht und Bilder - Malik Management<\/title>\n<meta name=\"robots\" content=\"index, follow, max-snippet:-1, max-image-preview:large, max-video-preview:-1\" \/>\n<link rel=\"canonical\" href=\"https:\/\/www.malik-management.com\/de\/ueber-uns\/fredmund-malik\/malik-on-mountains\/bergtouren-und-bilder\/extrem-schifahren-am-langkofel-bericht-und-bilder\/\" \/>\n<meta property=\"og:locale\" content=\"de_DE\" \/>\n<meta property=\"og:type\" content=\"article\" \/>\n<meta property=\"og:title\" content=\"Extrem-Schifahren am Langkofel: Bericht und Bilder - Malik Management\" \/>\n<meta property=\"og:url\" content=\"https:\/\/www.malik-management.com\/de\/ueber-uns\/fredmund-malik\/malik-on-mountains\/bergtouren-und-bilder\/extrem-schifahren-am-langkofel-bericht-und-bilder\/\" \/>\n<meta property=\"og:site_name\" content=\"Malik Management\" \/>\n<meta property=\"article:modified_time\" content=\"2018-09-11T06:31:12+00:00\" \/>\n<meta name=\"twitter:card\" content=\"summary_large_image\" \/>\n<meta name=\"twitter:label1\" content=\"Gesch\u00e4tzte Lesezeit\" \/>\n\t<meta name=\"twitter:data1\" content=\"2\u00a0Minuten\" \/>\n<script type=\"application\/ld+json\" class=\"yoast-schema-graph\">{\"@context\":\"https:\\\/\\\/schema.org\",\"@graph\":[{\"@type\":\"WebPage\",\"@id\":\"https:\\\/\\\/www.malik-management.com\\\/de\\\/ueber-uns\\\/fredmund-malik\\\/malik-on-mountains\\\/bergtouren-und-bilder\\\/extrem-schifahren-am-langkofel-bericht-und-bilder\\\/\",\"url\":\"https:\\\/\\\/www.malik-management.com\\\/de\\\/ueber-uns\\\/fredmund-malik\\\/malik-on-mountains\\\/bergtouren-und-bilder\\\/extrem-schifahren-am-langkofel-bericht-und-bilder\\\/\",\"name\":\"Extrem-Schifahren am Langkofel: Bericht und Bilder - Malik Management\",\"isPartOf\":{\"@id\":\"https:\\\/\\\/www.malik-management.com\\\/de\\\/#website\"},\"datePublished\":\"2017-09-14T04:16:22+00:00\",\"dateModified\":\"2018-09-11T06:31:12+00:00\",\"breadcrumb\":{\"@id\":\"https:\\\/\\\/www.malik-management.com\\\/de\\\/ueber-uns\\\/fredmund-malik\\\/malik-on-mountains\\\/bergtouren-und-bilder\\\/extrem-schifahren-am-langkofel-bericht-und-bilder\\\/#breadcrumb\"},\"inLanguage\":\"de\",\"potentialAction\":[{\"@type\":\"ReadAction\",\"target\":[\"https:\\\/\\\/www.malik-management.com\\\/de\\\/ueber-uns\\\/fredmund-malik\\\/malik-on-mountains\\\/bergtouren-und-bilder\\\/extrem-schifahren-am-langkofel-bericht-und-bilder\\\/\"]}]},{\"@type\":\"BreadcrumbList\",\"@id\":\"https:\\\/\\\/www.malik-management.com\\\/de\\\/ueber-uns\\\/fredmund-malik\\\/malik-on-mountains\\\/bergtouren-und-bilder\\\/extrem-schifahren-am-langkofel-bericht-und-bilder\\\/#breadcrumb\",\"itemListElement\":[{\"@type\":\"ListItem\",\"position\":1,\"name\":\"Home\",\"item\":\"https:\\\/\\\/www.malik-management.com\\\/de\\\/\"},{\"@type\":\"ListItem\",\"position\":2,\"name\":\"Fredmund Malik\",\"item\":\"https:\\\/\\\/www.malik-management.com\\\/de\\\/fredmund-malik\\\/\"},{\"@type\":\"ListItem\",\"position\":3,\"name\":\"Malik on Mountains\",\"item\":\"https:\\\/\\\/www.malik-management.com\\\/de\\\/fredmund-malik\\\/malik-on-mountains\\\/\"},{\"@type\":\"ListItem\",\"position\":4,\"name\":\"Bergtouren und Bilder\",\"item\":\"https:\\\/\\\/www.malik-management.com\\\/de\\\/fredmund-malik\\\/malik-on-mountains\\\/bergtouren-und-bilder\\\/\"},{\"@type\":\"ListItem\",\"position\":5,\"name\":\"Extrem-Schifahren am Langkofel: Bericht und Bilder\"}]},{\"@type\":\"WebSite\",\"@id\":\"https:\\\/\\\/www.malik-management.com\\\/de\\\/#website\",\"url\":\"https:\\\/\\\/www.malik-management.com\\\/de\\\/\",\"name\":\"Malik Management\",\"description\":\"Beyond conventional management\",\"publisher\":{\"@id\":\"https:\\\/\\\/www.malik-management.com\\\/de\\\/#organization\"},\"potentialAction\":[{\"@type\":\"SearchAction\",\"target\":{\"@type\":\"EntryPoint\",\"urlTemplate\":\"https:\\\/\\\/www.malik-management.com\\\/de\\\/?s={search_term_string}\"},\"query-input\":{\"@type\":\"PropertyValueSpecification\",\"valueRequired\":true,\"valueName\":\"search_term_string\"}}],\"inLanguage\":\"de\"},{\"@type\":\"Organization\",\"@id\":\"https:\\\/\\\/www.malik-management.com\\\/de\\\/#organization\",\"name\":\"malik international AG\",\"url\":\"https:\\\/\\\/www.malik-management.com\\\/de\\\/\",\"logo\":{\"@type\":\"ImageObject\",\"inLanguage\":\"de\",\"@id\":\"https:\\\/\\\/www.malik-management.com\\\/de\\\/#\\\/schema\\\/logo\\\/image\\\/\",\"url\":\"https:\\\/\\\/www.malik-management.com\\\/wp-content\\\/uploads\\\/2018\\\/09\\\/Logo_malik_weiss-klein3.png\",\"contentUrl\":\"https:\\\/\\\/www.malik-management.com\\\/wp-content\\\/uploads\\\/2018\\\/09\\\/Logo_malik_weiss-klein3.png\",\"width\":140,\"height\":41,\"caption\":\"malik international AG\"},\"image\":{\"@id\":\"https:\\\/\\\/www.malik-management.com\\\/de\\\/#\\\/schema\\\/logo\\\/image\\\/\"},\"sameAs\":[\"https:\\\/\\\/www.linkedin.com\\\/company\\\/30160\",\"https:\\\/\\\/www.youtube.com\\\/user\\\/malikmanagement\"]}]}<\/script>\n<!-- \/ Yoast SEO plugin. -->","yoast_head_json":{"title":"Extrem-Schifahren am Langkofel: Bericht und Bilder - Malik Management","robots":{"index":"index","follow":"follow","max-snippet":"max-snippet:-1","max-image-preview":"max-image-preview:large","max-video-preview":"max-video-preview:-1"},"canonical":"https:\/\/www.malik-management.com\/de\/ueber-uns\/fredmund-malik\/malik-on-mountains\/bergtouren-und-bilder\/extrem-schifahren-am-langkofel-bericht-und-bilder\/","og_locale":"de_DE","og_type":"article","og_title":"Extrem-Schifahren am Langkofel: Bericht und Bilder - Malik Management","og_url":"https:\/\/www.malik-management.com\/de\/ueber-uns\/fredmund-malik\/malik-on-mountains\/bergtouren-und-bilder\/extrem-schifahren-am-langkofel-bericht-und-bilder\/","og_site_name":"Malik Management","article_modified_time":"2018-09-11T06:31:12+00:00","twitter_card":"summary_large_image","twitter_misc":{"Gesch\u00e4tzte Lesezeit":"2\u00a0Minuten"},"schema":{"@context":"https:\/\/schema.org","@graph":[{"@type":"WebPage","@id":"https:\/\/www.malik-management.com\/de\/ueber-uns\/fredmund-malik\/malik-on-mountains\/bergtouren-und-bilder\/extrem-schifahren-am-langkofel-bericht-und-bilder\/","url":"https:\/\/www.malik-management.com\/de\/ueber-uns\/fredmund-malik\/malik-on-mountains\/bergtouren-und-bilder\/extrem-schifahren-am-langkofel-bericht-und-bilder\/","name":"Extrem-Schifahren am Langkofel: Bericht und Bilder - Malik Management","isPartOf":{"@id":"https:\/\/www.malik-management.com\/de\/#website"},"datePublished":"2017-09-14T04:16:22+00:00","dateModified":"2018-09-11T06:31:12+00:00","breadcrumb":{"@id":"https:\/\/www.malik-management.com\/de\/ueber-uns\/fredmund-malik\/malik-on-mountains\/bergtouren-und-bilder\/extrem-schifahren-am-langkofel-bericht-und-bilder\/#breadcrumb"},"inLanguage":"de","potentialAction":[{"@type":"ReadAction","target":["https:\/\/www.malik-management.com\/de\/ueber-uns\/fredmund-malik\/malik-on-mountains\/bergtouren-und-bilder\/extrem-schifahren-am-langkofel-bericht-und-bilder\/"]}]},{"@type":"BreadcrumbList","@id":"https:\/\/www.malik-management.com\/de\/ueber-uns\/fredmund-malik\/malik-on-mountains\/bergtouren-und-bilder\/extrem-schifahren-am-langkofel-bericht-und-bilder\/#breadcrumb","itemListElement":[{"@type":"ListItem","position":1,"name":"Home","item":"https:\/\/www.malik-management.com\/de\/"},{"@type":"ListItem","position":2,"name":"Fredmund Malik","item":"https:\/\/www.malik-management.com\/de\/fredmund-malik\/"},{"@type":"ListItem","position":3,"name":"Malik on Mountains","item":"https:\/\/www.malik-management.com\/de\/fredmund-malik\/malik-on-mountains\/"},{"@type":"ListItem","position":4,"name":"Bergtouren und Bilder","item":"https:\/\/www.malik-management.com\/de\/fredmund-malik\/malik-on-mountains\/bergtouren-und-bilder\/"},{"@type":"ListItem","position":5,"name":"Extrem-Schifahren am Langkofel: Bericht und Bilder"}]},{"@type":"WebSite","@id":"https:\/\/www.malik-management.com\/de\/#website","url":"https:\/\/www.malik-management.com\/de\/","name":"Malik Management","description":"Beyond conventional management","publisher":{"@id":"https:\/\/www.malik-management.com\/de\/#organization"},"potentialAction":[{"@type":"SearchAction","target":{"@type":"EntryPoint","urlTemplate":"https:\/\/www.malik-management.com\/de\/?s={search_term_string}"},"query-input":{"@type":"PropertyValueSpecification","valueRequired":true,"valueName":"search_term_string"}}],"inLanguage":"de"},{"@type":"Organization","@id":"https:\/\/www.malik-management.com\/de\/#organization","name":"malik international AG","url":"https:\/\/www.malik-management.com\/de\/","logo":{"@type":"ImageObject","inLanguage":"de","@id":"https:\/\/www.malik-management.com\/de\/#\/schema\/logo\/image\/","url":"https:\/\/www.malik-management.com\/wp-content\/uploads\/2018\/09\/Logo_malik_weiss-klein3.png","contentUrl":"https:\/\/www.malik-management.com\/wp-content\/uploads\/2018\/09\/Logo_malik_weiss-klein3.png","width":140,"height":41,"caption":"malik international AG"},"image":{"@id":"https:\/\/www.malik-management.com\/de\/#\/schema\/logo\/image\/"},"sameAs":["https:\/\/www.linkedin.com\/company\/30160","https:\/\/www.youtube.com\/user\/malikmanagement"]}]}},"_links":{"self":[{"href":"https:\/\/www.malik-management.com\/de\/wp-json\/wp\/v2\/pages\/18832","targetHints":{"allow":["GET"]}}],"collection":[{"href":"https:\/\/www.malik-management.com\/de\/wp-json\/wp\/v2\/pages"}],"about":[{"href":"https:\/\/www.malik-management.com\/de\/wp-json\/wp\/v2\/types\/page"}],"author":[{"embeddable":true,"href":"https:\/\/www.malik-management.com\/de\/wp-json\/wp\/v2\/users\/17"}],"replies":[{"embeddable":true,"href":"https:\/\/www.malik-management.com\/de\/wp-json\/wp\/v2\/comments?post=18832"}],"version-history":[{"count":8,"href":"https:\/\/www.malik-management.com\/de\/wp-json\/wp\/v2\/pages\/18832\/revisions"}],"predecessor-version":[{"id":22299,"href":"https:\/\/www.malik-management.com\/de\/wp-json\/wp\/v2\/pages\/18832\/revisions\/22299"}],"up":[{"embeddable":true,"href":"https:\/\/www.malik-management.com\/de\/wp-json\/wp\/v2\/pages\/18741"}],"wp:attachment":[{"href":"https:\/\/www.malik-management.com\/de\/wp-json\/wp\/v2\/media?parent=18832"}],"curies":[{"name":"wp","href":"https:\/\/api.w.org\/{rel}","templated":true}]}}