{"id":18899,"date":"2017-09-14T05:03:25","date_gmt":"2017-09-14T05:03:25","guid":{"rendered":"https:\/\/www.malik.management\/?page_id=18899\/"},"modified":"2018-09-11T06:36:04","modified_gmt":"2018-09-11T06:36:04","slug":"mount-mckinley-alaska-bericht-und-bilder","status":"publish","type":"page","link":"https:\/\/www.malik-management.com\/de\/ueber-uns\/fredmund-malik\/malik-on-mountains\/bergtouren-und-bilder\/mount-mckinley-alaska-bericht-und-bilder\/","title":{"rendered":"Mount McKinley, Alaska: Bericht und Bilder"},"content":{"rendered":"<div class=\"fusion-fullwidth fullwidth-box fusion-builder-row-1 nonhundred-percent-fullwidth non-hundred-percent-height-scrolling\" style=\"--awb-border-radius-top-left:0px;--awb-border-radius-top-right:0px;--awb-border-radius-bottom-right:0px;--awb-border-radius-bottom-left:0px;--awb-flex-wrap:wrap;\" ><div class=\"fusion-builder-row fusion-row\"><div class=\"fusion-layout-column fusion_builder_column fusion-builder-column-0 fusion_builder_column_3_4 3_4 fusion-three-fourth fusion-column-first fusion-animated\" style=\"--awb-bg-size:cover;width:75%;width:calc(75% - ( ( 4% ) * 0.75 ) );margin-right: 4%;\" data-animationType=\"fadeInUp\" data-animationDuration=\"1.0\" data-animationOffset=\"top-into-view\"><div class=\"fusion-column-wrapper fusion-flex-column-wrapper-legacy\"><div class=\"fusion-text fusion-text-1\"><div id=\"content-center\">\n<h2>Mount McKinley, Alaska, 6195 Meter<br \/>\nMai\/Juni 2002<\/h2>\n<\/div>\n<\/div><div class=\"fusion-text fusion-text-2\"><div class=\"block-element01\">\n<p>Der Mount McKinley wird in Publikationen als der h\u00e4rteste und k\u00e4lteste Berg der Welt beschrieben. Er ist der h\u00f6chste Berg Nordamerikas, liegt nur rund 250 km s\u00fcdlich des Polarkreises, und ist somit 3500 km n\u00f6rdlicher als der Everest. Er ist ber\u00fcchtigt wegen seiner tiefen Temperaturen (minus 40 Grad Celsius sind keine Ausnahme) und seiner \u00fcberraschenden und heftigen St\u00fcrme mit Windgeschwindigkeiten von \u00fcber 150 Meilen pro Stunde. Hart ist der Berg nicht nur wegen seiner H\u00f6he und der klimatischen Bedingungen, sondern auch deshalb, weil man &#8211; anders als in den Anden oder im Himalaya &#8211; sein eigener Sherpa ist. Man muss jedes Gramm Gep\u00e4ck selbst tragen.<\/p>\n<p>Wir hatten zuerst Gl\u00fcck mit dem Wetter, weil wir in die Endphase eines 6-w\u00f6chigen Alaska-Hochs gekommen waren. Bis zum 25. Mai war das Wetter sch\u00f6n und stabil. An diesem Tag waren wir auf dem 4.300 m, dem sogenannten Medical Camp, angekommen. F\u00fcr den n\u00e4chsten Tag war noch gutes Wetter angesagt, aber f\u00fcr die darauffolgende Zeit war die Prognose schlecht. Nun war eine taktische Entscheidung zu treffen. Zwar hatten wir zwei aufeinanderfolgende Aufstiege von je 970 H\u00f6henmeter hinter uns und h\u00e4tten mindestens einen Ruhetag und weitere Akklimatisierung gebraucht. Dennoch beschlossen wir, das sch\u00f6ne Wetter zu n\u00fctzen und mit Minimalausr\u00fcstung zu versuchen, am 26. Mai in einer Marathon-Etappe von 1900 H\u00f6henmetern auf den 6.195 m hohen Gipfel zu kommen. Es k\u00f6nnte gelingen&#8230; Wenn nicht, w\u00fcrden wir den Versuch als Akklimatisierungstag betrachten und dann eine neue Lagebeurteilung vornehmen.<\/p>\n<p>Zwei von uns, Toni Trummer und mein Sohn, schafften den Gipfel in einem 14-st\u00fcndigen Aufstieg. Ich selbst war etwas zu langsam. Statt zwei Atemz\u00fcgen pro Schritt brauchte ich drei; und statt nach 15 musste ich nach 10 oder 12 Schritten rasten. Nach 12 Stunden Aufstieg hatten Hermann Comploy und ich eine H\u00f6he von 5.990 Metern erreicht. Inzwischen hatte sich das Wetter &#8211; viel schneller, als vorausgesagt &#8211; deutlich verschlechtert. Wir beschlossen umzukehren &#8211; 200 H\u00f6henmeter unter dem Gipfel &#8230; Wir wollten das Risiko nicht eingehen, in einen der ber\u00fcchtigten St\u00fcrme auf dieser H\u00f6he zu kommen; ich hatte vor der Abreise zu vielen Leuten versprechen m\u00fcssen, nichts zu erzwingen. Zudem lag noch der gesamte Abstieg zur\u00fcck auf 4.300 m vor uns, weil wir &#8211; um Kraft zu sparen &#8211; mit dem leichtestm\u00f6glichen Gep\u00e4ck, ohne Zelte und Proviant, aufgestiegen waren.<\/p>\n<p>Die Entscheidung so knapp unter dem Gipfel fiel schwer, erwies sich aber als richtig. Wir hatten kaum eine halbe Stunde im Abstieg zur\u00fcckgelegt, waren wir mitten in einem Whiteout und im Sturm. Nach 9 Stunden Abstieg erreichten wir insgesamt 21 Stunden nach unserem Aufbruch wieder unsere Zelte auf dem Medical Camp. Es hatte unten noch mehr geschneit als oben, und wir mussten zum Schluss durch 40 cm tiefen Neuschnee spuren. Ein Zelt, auch wenn alles nass kalt und verschneit ist, kann sch\u00f6ner als ein Luxushotel sein&#8230;<\/p>\n<p>Das Wetter wurde in den folgenden Tagen nicht mehr gut genug, um nochmals einen Gipfelgang zu versuchen. Am 29. Mai steigen wir im Schneesturm endg\u00fcltig ins Base Camp auf 2.200 m ab. Ein phantastischer Berg; eine unvergessliche Erfahrung; ein grosser Gipfelerfolg f\u00fcr zwei von uns; f\u00fcr die anderen zwei eine schwierige, aber richtige Entscheidung knapp vor dem Ziel; unfallfreie R\u00fcckkehr ohne H\u00f6henkrankheit und ohne Erfrierungen, f\u00fcr die der Berg gef\u00fcrchtet ist.<\/p>\n<p>Es geht nicht immer gut aus: Ein anderer Bergsteiger, allein unterwegs, hatte uns auf rund 5.700 m im Aufstieg &#8211; sehr langsam &#8211; \u00fcberholt; er begegnete Stunden sp\u00e4ter unseren Kollegen in der ersten Seilschaft, die schon im Abstieg vom Gipfel waren. Sie rieten ihm umzukehren; er stieg weiter auf. 24 Stunden sp\u00e4ter wurde er bewusstlos und beinahe erfroren durch Zufall gefunden und in letzter Sekunde gerettet. Wie in den Tagen darauf zu erfahren war, hat er knapp \u00fcberlebt &#8211; mit schwersten Erfrierungen&#8230;<\/p>\n<\/div>\n<\/div><div class=\"fusion-clearfix\"><\/div><\/div><\/div><div class=\"fusion-layout-column fusion_builder_column fusion-builder-column-1 fusion_builder_column_1_4 1_4 fusion-one-fourth fusion-column-last fusion-animated malik_solutions_main_right\" style=\"--awb-bg-size:cover;width:25%;width:calc(25% - ( ( 4% ) * 0.25 ) );\" data-animationType=\"fadeInUp\" data-animationDuration=\"1.0\" data-animationOffset=\"top-into-view\"><div class=\"fusion-column-wrapper fusion-flex-column-wrapper-legacy\"><div class=\"fusion-text fusion-text-3\"><div class=\"elwrapper\">\n<p><strong>Bilder der Tour: <\/strong><\/p>\n<\/div>\n<\/div><div class=\"fusion-image-element fusion-image-align-center in-legacy-container\" style=\"text-align:center;--awb-caption-title-font-family:var(--h2_typography-font-family);--awb-caption-title-font-weight:var(--h2_typography-font-weight);--awb-caption-title-font-style:var(--h2_typography-font-style);--awb-caption-title-size:var(--h2_typography-font-size);--awb-caption-title-transform:var(--h2_typography-text-transform);--awb-caption-title-line-height:var(--h2_typography-line-height);--awb-caption-title-letter-spacing:var(--h2_typography-letter-spacing);\"><div class=\"imageframe-align-center\"><span class=\" fusion-imageframe imageframe-dropshadow imageframe-1 hover-type-zoomin malik_solutions_main_right_image01\" style=\"-webkit-box-shadow: 3px 3px 7px rgba(0,0,0,0.3);box-shadow: 3px 3px 7px rgba(0,0,0,0.3);\"><a class=\"fusion-no-lightbox\" href=\"https:\/\/www.malik-management.com\/de\/bildergalerie-6\/\" target=\"_self\" aria-label=\"malik-on-mountains-mount-mc-kinley-gallery\"><img decoding=\"async\" width=\"236\" height=\"140\" src=\"https:\/\/www.malik-management.com\/wp-content\/uploads\/2017\/09\/malik-on-mountains-mount-mc-kinley-gallery-1.jpeg\" alt class=\"img-responsive wp-image-18900\" srcset=\"https:\/\/www.malik-management.com\/wp-content\/uploads\/2017\/09\/malik-on-mountains-mount-mc-kinley-gallery-1-200x119.jpeg 200w, https:\/\/www.malik-management.com\/wp-content\/uploads\/2017\/09\/malik-on-mountains-mount-mc-kinley-gallery-1.jpeg 236w\" sizes=\"(max-width: 800px) 100vw, 236px\" \/><\/a><\/span><\/div><\/div><div class=\"fusion-sep-clear\"><\/div><div class=\"fusion-separator fusion-full-width-sep\" style=\"margin-left: auto;margin-right: auto;margin-top:10px;margin-bottom:10px;width:100%;\"><div class=\"fusion-separator-border sep-single sep-solid\" style=\"--awb-height:20px;--awb-amount:20px;border-color:#336699;border-top-width:1px;\"><\/div><\/div><div class=\"fusion-sep-clear\"><\/div><div class=\"fusion-clearfix\"><\/div><\/div><\/div><\/div><\/div>\n","protected":false},"excerpt":{"rendered":"","protected":false},"author":17,"featured_media":0,"parent":18741,"menu_order":0,"comment_status":"closed","ping_status":"closed","template":"side-navigation.php","meta":{"_acf_changed":false,"_bbp_topic_count":0,"_bbp_reply_count":0,"_bbp_total_topic_count":0,"_bbp_total_reply_count":0,"_bbp_voice_count":0,"_bbp_anonymous_reply_count":0,"_bbp_topic_count_hidden":0,"_bbp_reply_count_hidden":0,"_bbp_forum_subforum_count":0,"footnotes":""},"class_list":["post-18899","page","type-page","status-publish","hentry"],"acf":[],"yoast_head":"<!-- This site is optimized with the Yoast SEO plugin v27.5 - https:\/\/yoast.com\/product\/yoast-seo-wordpress\/ -->\n<title>Mount McKinley, Alaska: Bericht und Bilder - Malik Management<\/title>\n<meta name=\"robots\" content=\"index, follow, max-snippet:-1, max-image-preview:large, max-video-preview:-1\" \/>\n<link rel=\"canonical\" href=\"https:\/\/www.malik-management.com\/de\/ueber-uns\/fredmund-malik\/malik-on-mountains\/bergtouren-und-bilder\/mount-mckinley-alaska-bericht-und-bilder\/\" \/>\n<meta property=\"og:locale\" content=\"de_DE\" \/>\n<meta property=\"og:type\" content=\"article\" \/>\n<meta property=\"og:title\" content=\"Mount McKinley, Alaska: Bericht und Bilder - Malik Management\" \/>\n<meta property=\"og:url\" content=\"https:\/\/www.malik-management.com\/de\/ueber-uns\/fredmund-malik\/malik-on-mountains\/bergtouren-und-bilder\/mount-mckinley-alaska-bericht-und-bilder\/\" \/>\n<meta property=\"og:site_name\" content=\"Malik Management\" \/>\n<meta property=\"article:modified_time\" content=\"2018-09-11T06:36:04+00:00\" \/>\n<meta name=\"twitter:card\" content=\"summary_large_image\" \/>\n<meta name=\"twitter:label1\" content=\"Gesch\u00e4tzte Lesezeit\" \/>\n\t<meta name=\"twitter:data1\" content=\"5\u00a0Minuten\" \/>\n<script type=\"application\/ld+json\" class=\"yoast-schema-graph\">{\"@context\":\"https:\\\/\\\/schema.org\",\"@graph\":[{\"@type\":\"WebPage\",\"@id\":\"https:\\\/\\\/www.malik-management.com\\\/de\\\/ueber-uns\\\/fredmund-malik\\\/malik-on-mountains\\\/bergtouren-und-bilder\\\/mount-mckinley-alaska-bericht-und-bilder\\\/\",\"url\":\"https:\\\/\\\/www.malik-management.com\\\/de\\\/ueber-uns\\\/fredmund-malik\\\/malik-on-mountains\\\/bergtouren-und-bilder\\\/mount-mckinley-alaska-bericht-und-bilder\\\/\",\"name\":\"Mount McKinley, Alaska: Bericht und Bilder - Malik Management\",\"isPartOf\":{\"@id\":\"https:\\\/\\\/www.malik-management.com\\\/de\\\/#website\"},\"datePublished\":\"2017-09-14T05:03:25+00:00\",\"dateModified\":\"2018-09-11T06:36:04+00:00\",\"breadcrumb\":{\"@id\":\"https:\\\/\\\/www.malik-management.com\\\/de\\\/ueber-uns\\\/fredmund-malik\\\/malik-on-mountains\\\/bergtouren-und-bilder\\\/mount-mckinley-alaska-bericht-und-bilder\\\/#breadcrumb\"},\"inLanguage\":\"de\",\"potentialAction\":[{\"@type\":\"ReadAction\",\"target\":[\"https:\\\/\\\/www.malik-management.com\\\/de\\\/ueber-uns\\\/fredmund-malik\\\/malik-on-mountains\\\/bergtouren-und-bilder\\\/mount-mckinley-alaska-bericht-und-bilder\\\/\"]}]},{\"@type\":\"BreadcrumbList\",\"@id\":\"https:\\\/\\\/www.malik-management.com\\\/de\\\/ueber-uns\\\/fredmund-malik\\\/malik-on-mountains\\\/bergtouren-und-bilder\\\/mount-mckinley-alaska-bericht-und-bilder\\\/#breadcrumb\",\"itemListElement\":[{\"@type\":\"ListItem\",\"position\":1,\"name\":\"Home\",\"item\":\"https:\\\/\\\/www.malik-management.com\\\/de\\\/\"},{\"@type\":\"ListItem\",\"position\":2,\"name\":\"Fredmund Malik\",\"item\":\"https:\\\/\\\/www.malik-management.com\\\/de\\\/fredmund-malik\\\/\"},{\"@type\":\"ListItem\",\"position\":3,\"name\":\"Malik on Mountains\",\"item\":\"https:\\\/\\\/www.malik-management.com\\\/de\\\/fredmund-malik\\\/malik-on-mountains\\\/\"},{\"@type\":\"ListItem\",\"position\":4,\"name\":\"Bergtouren und Bilder\",\"item\":\"https:\\\/\\\/www.malik-management.com\\\/de\\\/fredmund-malik\\\/malik-on-mountains\\\/bergtouren-und-bilder\\\/\"},{\"@type\":\"ListItem\",\"position\":5,\"name\":\"Mount McKinley, Alaska: Bericht und Bilder\"}]},{\"@type\":\"WebSite\",\"@id\":\"https:\\\/\\\/www.malik-management.com\\\/de\\\/#website\",\"url\":\"https:\\\/\\\/www.malik-management.com\\\/de\\\/\",\"name\":\"Malik Management\",\"description\":\"Beyond conventional management\",\"publisher\":{\"@id\":\"https:\\\/\\\/www.malik-management.com\\\/de\\\/#organization\"},\"potentialAction\":[{\"@type\":\"SearchAction\",\"target\":{\"@type\":\"EntryPoint\",\"urlTemplate\":\"https:\\\/\\\/www.malik-management.com\\\/de\\\/?s={search_term_string}\"},\"query-input\":{\"@type\":\"PropertyValueSpecification\",\"valueRequired\":true,\"valueName\":\"search_term_string\"}}],\"inLanguage\":\"de\"},{\"@type\":\"Organization\",\"@id\":\"https:\\\/\\\/www.malik-management.com\\\/de\\\/#organization\",\"name\":\"malik international AG\",\"url\":\"https:\\\/\\\/www.malik-management.com\\\/de\\\/\",\"logo\":{\"@type\":\"ImageObject\",\"inLanguage\":\"de\",\"@id\":\"https:\\\/\\\/www.malik-management.com\\\/de\\\/#\\\/schema\\\/logo\\\/image\\\/\",\"url\":\"https:\\\/\\\/www.malik-management.com\\\/wp-content\\\/uploads\\\/2018\\\/09\\\/Logo_malik_weiss-klein3.png\",\"contentUrl\":\"https:\\\/\\\/www.malik-management.com\\\/wp-content\\\/uploads\\\/2018\\\/09\\\/Logo_malik_weiss-klein3.png\",\"width\":140,\"height\":41,\"caption\":\"malik international AG\"},\"image\":{\"@id\":\"https:\\\/\\\/www.malik-management.com\\\/de\\\/#\\\/schema\\\/logo\\\/image\\\/\"},\"sameAs\":[\"https:\\\/\\\/www.linkedin.com\\\/company\\\/30160\",\"https:\\\/\\\/www.youtube.com\\\/user\\\/malikmanagement\"]}]}<\/script>\n<!-- \/ Yoast SEO plugin. -->","yoast_head_json":{"title":"Mount McKinley, Alaska: Bericht und Bilder - Malik Management","robots":{"index":"index","follow":"follow","max-snippet":"max-snippet:-1","max-image-preview":"max-image-preview:large","max-video-preview":"max-video-preview:-1"},"canonical":"https:\/\/www.malik-management.com\/de\/ueber-uns\/fredmund-malik\/malik-on-mountains\/bergtouren-und-bilder\/mount-mckinley-alaska-bericht-und-bilder\/","og_locale":"de_DE","og_type":"article","og_title":"Mount McKinley, Alaska: Bericht und Bilder - Malik Management","og_url":"https:\/\/www.malik-management.com\/de\/ueber-uns\/fredmund-malik\/malik-on-mountains\/bergtouren-und-bilder\/mount-mckinley-alaska-bericht-und-bilder\/","og_site_name":"Malik Management","article_modified_time":"2018-09-11T06:36:04+00:00","twitter_card":"summary_large_image","twitter_misc":{"Gesch\u00e4tzte Lesezeit":"5\u00a0Minuten"},"schema":{"@context":"https:\/\/schema.org","@graph":[{"@type":"WebPage","@id":"https:\/\/www.malik-management.com\/de\/ueber-uns\/fredmund-malik\/malik-on-mountains\/bergtouren-und-bilder\/mount-mckinley-alaska-bericht-und-bilder\/","url":"https:\/\/www.malik-management.com\/de\/ueber-uns\/fredmund-malik\/malik-on-mountains\/bergtouren-und-bilder\/mount-mckinley-alaska-bericht-und-bilder\/","name":"Mount McKinley, Alaska: Bericht und Bilder - Malik Management","isPartOf":{"@id":"https:\/\/www.malik-management.com\/de\/#website"},"datePublished":"2017-09-14T05:03:25+00:00","dateModified":"2018-09-11T06:36:04+00:00","breadcrumb":{"@id":"https:\/\/www.malik-management.com\/de\/ueber-uns\/fredmund-malik\/malik-on-mountains\/bergtouren-und-bilder\/mount-mckinley-alaska-bericht-und-bilder\/#breadcrumb"},"inLanguage":"de","potentialAction":[{"@type":"ReadAction","target":["https:\/\/www.malik-management.com\/de\/ueber-uns\/fredmund-malik\/malik-on-mountains\/bergtouren-und-bilder\/mount-mckinley-alaska-bericht-und-bilder\/"]}]},{"@type":"BreadcrumbList","@id":"https:\/\/www.malik-management.com\/de\/ueber-uns\/fredmund-malik\/malik-on-mountains\/bergtouren-und-bilder\/mount-mckinley-alaska-bericht-und-bilder\/#breadcrumb","itemListElement":[{"@type":"ListItem","position":1,"name":"Home","item":"https:\/\/www.malik-management.com\/de\/"},{"@type":"ListItem","position":2,"name":"Fredmund Malik","item":"https:\/\/www.malik-management.com\/de\/fredmund-malik\/"},{"@type":"ListItem","position":3,"name":"Malik on Mountains","item":"https:\/\/www.malik-management.com\/de\/fredmund-malik\/malik-on-mountains\/"},{"@type":"ListItem","position":4,"name":"Bergtouren und Bilder","item":"https:\/\/www.malik-management.com\/de\/fredmund-malik\/malik-on-mountains\/bergtouren-und-bilder\/"},{"@type":"ListItem","position":5,"name":"Mount McKinley, Alaska: Bericht und Bilder"}]},{"@type":"WebSite","@id":"https:\/\/www.malik-management.com\/de\/#website","url":"https:\/\/www.malik-management.com\/de\/","name":"Malik Management","description":"Beyond conventional management","publisher":{"@id":"https:\/\/www.malik-management.com\/de\/#organization"},"potentialAction":[{"@type":"SearchAction","target":{"@type":"EntryPoint","urlTemplate":"https:\/\/www.malik-management.com\/de\/?s={search_term_string}"},"query-input":{"@type":"PropertyValueSpecification","valueRequired":true,"valueName":"search_term_string"}}],"inLanguage":"de"},{"@type":"Organization","@id":"https:\/\/www.malik-management.com\/de\/#organization","name":"malik international AG","url":"https:\/\/www.malik-management.com\/de\/","logo":{"@type":"ImageObject","inLanguage":"de","@id":"https:\/\/www.malik-management.com\/de\/#\/schema\/logo\/image\/","url":"https:\/\/www.malik-management.com\/wp-content\/uploads\/2018\/09\/Logo_malik_weiss-klein3.png","contentUrl":"https:\/\/www.malik-management.com\/wp-content\/uploads\/2018\/09\/Logo_malik_weiss-klein3.png","width":140,"height":41,"caption":"malik international AG"},"image":{"@id":"https:\/\/www.malik-management.com\/de\/#\/schema\/logo\/image\/"},"sameAs":["https:\/\/www.linkedin.com\/company\/30160","https:\/\/www.youtube.com\/user\/malikmanagement"]}]}},"_links":{"self":[{"href":"https:\/\/www.malik-management.com\/de\/wp-json\/wp\/v2\/pages\/18899","targetHints":{"allow":["GET"]}}],"collection":[{"href":"https:\/\/www.malik-management.com\/de\/wp-json\/wp\/v2\/pages"}],"about":[{"href":"https:\/\/www.malik-management.com\/de\/wp-json\/wp\/v2\/types\/page"}],"author":[{"embeddable":true,"href":"https:\/\/www.malik-management.com\/de\/wp-json\/wp\/v2\/users\/17"}],"replies":[{"embeddable":true,"href":"https:\/\/www.malik-management.com\/de\/wp-json\/wp\/v2\/comments?post=18899"}],"version-history":[{"count":7,"href":"https:\/\/www.malik-management.com\/de\/wp-json\/wp\/v2\/pages\/18899\/revisions"}],"predecessor-version":[{"id":22301,"href":"https:\/\/www.malik-management.com\/de\/wp-json\/wp\/v2\/pages\/18899\/revisions\/22301"}],"up":[{"embeddable":true,"href":"https:\/\/www.malik-management.com\/de\/wp-json\/wp\/v2\/pages\/18741"}],"wp:attachment":[{"href":"https:\/\/www.malik-management.com\/de\/wp-json\/wp\/v2\/media?parent=18899"}],"curies":[{"name":"wp","href":"https:\/\/api.w.org\/{rel}","templated":true}]}}