{"id":19026,"date":"2017-09-07T09:05:18","date_gmt":"2017-09-07T09:05:18","guid":{"rendered":"https:\/\/www.malik.management\/global-peter-f-drucker-forum\/"},"modified":"2018-12-20T12:41:29","modified_gmt":"2018-12-20T12:41:29","slug":"global-peter-f-drucker-forum","status":"publish","type":"page","link":"https:\/\/www.malik-management.com\/de\/ueber-uns\/fredmund-malik\/fredmund-malik-and-peter-drucker\/global-peter-f-drucker-forum\/","title":{"rendered":"Global Peter F. Drucker Forum"},"content":{"rendered":"<div class=\"fusion-fullwidth fullwidth-box fusion-builder-row-1 nonhundred-percent-fullwidth non-hundred-percent-height-scrolling malik_solutions_main\" style=\"--awb-border-radius-top-left:0px;--awb-border-radius-top-right:0px;--awb-border-radius-bottom-right:0px;--awb-border-radius-bottom-left:0px;--awb-padding-top:30px;--awb-padding-bottom:30px;--awb-flex-wrap:wrap;\" ><div class=\"fusion-builder-row fusion-row\"><div class=\"fusion-layout-column fusion_builder_column fusion-builder-column-0 fusion_builder_column_3_4 3_4 fusion-three-fourth fusion-column-first fusion-animated\" style=\"--awb-bg-size:cover;width:75%;width:calc(75% - ( ( 4% ) * 0.75 ) );margin-right: 4%;\" data-animationType=\"fadeInUp\" data-animationDuration=\"1.0\" data-animationOffset=\"top-into-view\"><div class=\"fusion-column-wrapper fusion-flex-column-wrapper-legacy\"><div class=\"fusion-text fusion-text-1\"><div id=\"content-center\">\n<h2>Global Peter F. Drucker Forum 2018<\/h2>\n<div class=\"block_element01\">\n<p>Wie sehr Peter F. Drucker das moderne Management pr\u00e4gte und beeinflusste, zeigt wohl am besten die hochkar\u00e4tige Riege der Management-Denker, die jedes Jahr zu seinen Ehren zum\u00a0<a href=\"http:\/\/www.druckerforum.org\/\" target=\"_blank\" rel=\"noopener\">Global Peter Drucker Forum<\/a>\u00a0in Wien erscheint. Seit ihrer Premiere im November 2009 verwandelt die Veranstaltung einmal j\u00e4hrlich die \u00f6sterreichische Hauptstadt in ein wahres Management-Mekka.<\/p>\n<p>Das diesj\u00e4hrige Forum findet am 29. und 30. No\u00advem\u00adber 2018 unter dem Motto\u00a0<em>&#8222;management. the human dimension&#8220;<\/em>\u00a0in der Hofburg in Wien statt.<\/p>\n<p>Als Mitglied des Advisory Boards\u00a0der Europ\u00e4ischen Peter F. Drucker-Society wird Prof. Dr. Fredmund Malik anwesend sein, wenn Top-Manager und Management-Pioniere dar\u00fcber sprechen, wie die Praxis des Managements der Zukunft aussieht und wie die heutigen Unternehmen mit dem digitalen Wandel und den damit verbundenen gesellschaftlichen Ver\u00e4nderungen umgehen sollen.<\/p>\n<p>Malik war bereits mehrere Male Teilnehmer und Panelist am Forum. Mit seinen hochrangigen Referenten und Panel-Teilnehmern ist dieses Event eine einzigartige Gelegenheit, intelligente L\u00f6sungen f\u00fcr das Meistern dieser historisch aussergew\u00f6hnlichen Situation kennen zu lernen.<\/p>\n<p><strong>Restrospectives: <a href=\"http:\/\/www.druckerforum.org\/retrospective\/2016\/the-event\/program-abstract\/\">2016<\/a> \u00a6 <a href=\"http:\/\/www.druckerforum.org\/retrospective\/2015\/the-event\/conference-abstract\/\" target=\"_blank\" rel=\"noopener\">2015<\/a> \u00a6 <a href=\"http:\/\/www.druckerforum.org\/retrospective\/2014\/the-event\/program\/\" target=\"_blank\" rel=\"noopener\">2014<\/a> \u00a6 <a href=\"http:\/\/www.druckerforum.org\/2013\/the-event\/overview\/\" target=\"_blank\" rel=\"noopener\">2013<\/a> \u00a6\u00a0 <a href=\"http:\/\/www.druckerforum.org\/2012\/the-event\/the-event\/\" target=\"_blank\" rel=\"noopener\">2012<\/a> \u00a6 <a href=\"http:\/\/www.druckerforum.org\/2011\/the-event\/the-event\/\" target=\"_blank\" rel=\"noopener\">2011<\/a> \u00a6 <a href=\"http:\/\/druckersociety.at\/index.php\/pdf-2010\/program\" target=\"_blank\" rel=\"noopener\">2010<\/a> \u00a6 <a href=\"http:\/\/druckersociety.at\/index.php\/day-1-19-november-2009\/\" target=\"_blank\" rel=\"noopener\">2009<\/a><\/strong><\/p>\n<hr \/>\n<h3>Fredmund Malik &amp; Peter Drucker<\/h3>\n<p>Peter F. Drucker ist der mit Abstand wichtigste Managementdenker des 20. Jahrhunderts. Er hat als Erster die Bedeutung von Managment als Funktion f\u00fcr die Gesellschaft erkannt und Management lehr- und lernbar gemacht. Prof. Fredmund Malik und Peter Drucker hatten \u00fcber viele Jahre hinweg eine enge Verbindung. Sie trafen sich regelm\u00e4ssig, um \u00fcber aktuelle Entwicklungen im Management zu sprechen. Am meisten interessierte Peter Drucker die Entwicklung von Maliks\u00a0<a href=\"https:\/\/www.malik-management.com\/de\/malik-ansatz\/malik-management-systeme\/\">Ganzheitlichem System<\/a>. Kurz vor seinem 96. Geburtstag ist Peter Drucker am 11. November 2005 gestorben.<\/p>\n<h3><strong>Malik-Interviews anl\u00e4sslich des Peter Drucker Forums 2009:<\/strong><\/h3>\n<\/div>\n<\/div>\n<\/div><div class=\"fusion-sep-clear\"><\/div><div class=\"fusion-separator fusion-full-width-sep\" style=\"margin-left: auto;margin-right: auto;margin-top:10px;margin-bottom:10px;width:100%;\"><div class=\"fusion-separator-border sep-single sep-solid\" style=\"--awb-height:20px;--awb-amount:20px;--awb-sep-color:#cccccc;border-color:#cccccc;border-top-width:1px;\"><\/div><\/div><div class=\"fusion-sep-clear\"><\/div><div class=\"fusion-builder-row fusion-builder-row-inner fusion-row\"><div class=\"fusion-layout-column fusion_builder_column_inner fusion-builder-nested-column-0 fusion_builder_column_inner_1_2 1_2 fusion-one-half fusion-column-first\" style=\"--awb-bg-size:cover;width:50%;width:calc(50% - ( ( 4% ) * 0.5 ) );margin-right: 4%;\"><div class=\"fusion-column-wrapper fusion-flex-column-wrapper-legacy\"><div class=\"fusion-text fusion-text-2\"><div id=\"content-center\">\n<div class=\"block_element01\">\n<p><strong>Interview-Reihe 1 (deutsch):<\/strong><\/p>\n<\/div>\n<\/div>\n<\/div><div class=\"fusion-sep-clear\"><\/div><div class=\"fusion-separator fusion-full-width-sep\" style=\"margin-left: auto;margin-right: auto;width:100%;\"><\/div><div class=\"fusion-sep-clear\"><\/div><div class=\"fusion-sep-clear\"><\/div><div class=\"fusion-separator fusion-full-width-sep\" style=\"margin-left: auto;margin-right: auto;width:100%;\"><\/div><div class=\"fusion-sep-clear\"><\/div><div class=\"fusion-sep-clear\"><\/div><div class=\"fusion-separator fusion-full-width-sep\" style=\"margin-left: auto;margin-right: auto;width:100%;\"><\/div><div class=\"fusion-sep-clear\"><\/div><div class=\"fusion-sep-clear\"><\/div><div class=\"fusion-separator fusion-full-width-sep\" style=\"margin-left: auto;margin-right: auto;width:100%;\"><\/div><div class=\"fusion-sep-clear\"><\/div><div class=\"fusion-clearfix\"><\/div><\/div><\/div><div class=\"fusion-layout-column fusion_builder_column_inner fusion-builder-nested-column-1 fusion_builder_column_inner_1_2 1_2 fusion-one-half fusion-column-last\" style=\"--awb-bg-size:cover;width:50%;width:calc(50% - ( ( 4% ) * 0.5 ) );\"><div class=\"fusion-column-wrapper fusion-flex-column-wrapper-legacy\"><div class=\"fusion-text fusion-text-3\"><div id=\"content-center\">\n<div class=\"block_element01\">\n<p><strong>Interview-Reihe mit\u00a0<a href=\"http:\/\/www.emeraldinsight.com\/\" target=\"_blank\" rel=\"noopener\">Emerald*<\/a>\u00a0(englisch):<\/strong><\/p>\n<\/div>\n<\/div>\n<\/div><div class=\"fusion-sep-clear\"><\/div><div class=\"fusion-separator fusion-full-width-sep\" style=\"margin-left: auto;margin-right: auto;width:100%;\"><\/div><div class=\"fusion-sep-clear\"><\/div><div class=\"fusion-sep-clear\"><\/div><div class=\"fusion-separator fusion-full-width-sep\" style=\"margin-left: auto;margin-right: auto;width:100%;\"><\/div><div class=\"fusion-sep-clear\"><\/div><div class=\"fusion-sep-clear\"><\/div><div class=\"fusion-separator fusion-full-width-sep\" style=\"margin-left: auto;margin-right: auto;width:100%;\"><\/div><div class=\"fusion-sep-clear\"><\/div><div class=\"fusion-clearfix\"><\/div><\/div><\/div><\/div><div class=\"fusion-text fusion-text-4\"><p style=\"color: #696969; font-size: 11px;\"><em>* Emerald ist ein britischer Verlag, der sich auf Publikationen im Bereich Forschung, Wissenschaft und deren praktische Anwendung spezialisiert<\/em><\/p>\n<\/div><div class=\"fusion-clearfix\"><\/div><\/div><\/div><div class=\"fusion-layout-column fusion_builder_column fusion-builder-column-1 fusion_builder_column_1_4 1_4 fusion-one-fourth fusion-column-last fusion-animated malik_solutions_main_right\" style=\"--awb-bg-size:cover;width:25%;width:calc(25% - ( ( 4% ) * 0.25 ) );\" data-animationType=\"fadeInRight\" data-animationDuration=\"1.0\" data-animationOffset=\"top-into-view\"><div class=\"fusion-column-wrapper fusion-flex-column-wrapper-legacy\"><div class=\"fusion-text fusion-text-5\"><div class=\"rightside_links_panel\">\n<h4>Fredmund Malik &amp; Peter Drucker<\/h4>\n<\/div>\n<\/div><div class=\"fusion-image-element fusion-image-align-center in-legacy-container\" style=\"text-align:center;--awb-caption-title-font-family:var(--h2_typography-font-family);--awb-caption-title-font-weight:var(--h2_typography-font-weight);--awb-caption-title-font-style:var(--h2_typography-font-style);--awb-caption-title-size:var(--h2_typography-font-size);--awb-caption-title-transform:var(--h2_typography-text-transform);--awb-caption-title-line-height:var(--h2_typography-line-height);--awb-caption-title-letter-spacing:var(--h2_typography-letter-spacing);\"><div class=\"imageframe-align-center\"><span class=\" fusion-imageframe imageframe-dropshadow imageframe-1 hover-type-zoomin\" style=\"-webkit-box-shadow: 3px 3px 7px rgba(0,0,0,0.3);box-shadow: 3px 3px 7px rgba(0,0,0,0.3);\"><img decoding=\"async\" width=\"236\" height=\"120\" title=\"malik-und-drucker-rand\" src=\"https:\/\/www.malik-management.com\/wp-content\/uploads\/2017\/09\/malik-und-drucker-rand.jpeg\" alt class=\"img-responsive wp-image-16353\" srcset=\"https:\/\/www.malik-management.com\/wp-content\/uploads\/2017\/09\/malik-und-drucker-rand-200x102.jpeg 200w, https:\/\/www.malik-management.com\/wp-content\/uploads\/2017\/09\/malik-und-drucker-rand.jpeg 236w\" sizes=\"(max-width: 800px) 100vw, 236px\" \/><\/span><\/div><\/div><div class=\"fusion-sep-clear\"><\/div><div class=\"fusion-separator fusion-full-width-sep\" style=\"margin-left: auto;margin-right: auto;margin-top:10px;margin-bottom:10px;width:100%;\"><div class=\"fusion-separator-border sep-single sep-solid\" style=\"--awb-height:20px;--awb-amount:20px;--awb-sep-color:#cccccc;border-color:#cccccc;border-top-width:1px;\"><\/div><\/div><div class=\"fusion-sep-clear\"><\/div><div class=\"fusion-text fusion-text-6\"><div class=\"rightside_links_panel\">\n<p><em>&#8222;Peter Drucker hat als Erster die Schl\u00fcs\u00adsel\u00adpro\u00adble\u00adme von Management gesehen, erfasst und ge\u00adl\u00f6st \u2013 die Spannungsfelder von Kontinuit\u00e4t und Wandel, von Kon\u00adser\u00advie\u00adrung und Innovation, von Gemein\u00adschaft und Gesellschaft, von gros\u00adsen Ideen und der Arbeit des Menschen. Er ist Sch\u00f6pfer der \u00d6kologie der Ge\u00adsell\u00adschaft \u2013 als Lehre und Praxis.&#8220;\u00a0\u00a0<\/em><strong>Fredmund Malik<\/strong><\/p>\n<p><em>&#8222;Fredmund Malik has become the leading ana\u00adlyst of, and expert on, Management in Europe as it has emer\u00adged in the last thirty years \u2013 and a powerful force in shaping it as a consultant. He is a com\u00adman\u00adding figure \u2013 in theory as well as in the practice of Ma\u00adnage\u00adment.&#8220;\u00a0\u00a0<\/em><strong>Peter Drucker<\/strong><\/p>\n<\/div>\n<\/div><div class=\"fusion-clearfix\"><\/div><\/div><\/div><\/div><\/div>\n","protected":false},"excerpt":{"rendered":"","protected":false},"author":17,"featured_media":0,"parent":18911,"menu_order":0,"comment_status":"closed","ping_status":"closed","template":"side-navigation.php","meta":{"_acf_changed":false,"_bbp_topic_count":0,"_bbp_reply_count":0,"_bbp_total_topic_count":0,"_bbp_total_reply_count":0,"_bbp_voice_count":0,"_bbp_anonymous_reply_count":0,"_bbp_topic_count_hidden":0,"_bbp_reply_count_hidden":0,"_bbp_forum_subforum_count":0,"footnotes":""},"class_list":["post-19026","page","type-page","status-publish","hentry"],"acf":[],"yoast_head":"<!-- This site is optimized with the Yoast SEO plugin v27.5 - https:\/\/yoast.com\/product\/yoast-seo-wordpress\/ -->\n<title>Global Peter F. Drucker Forum - Malik Management<\/title>\n<meta name=\"robots\" content=\"index, follow, max-snippet:-1, max-image-preview:large, max-video-preview:-1\" \/>\n<link rel=\"canonical\" href=\"https:\/\/www.malik-management.com\/de\/ueber-uns\/fredmund-malik\/fredmund-malik-and-peter-drucker\/global-peter-f-drucker-forum\/\" \/>\n<meta property=\"og:locale\" content=\"de_DE\" \/>\n<meta property=\"og:type\" content=\"article\" \/>\n<meta property=\"og:title\" content=\"Global Peter F. Drucker Forum - Malik Management\" \/>\n<meta property=\"og:url\" content=\"https:\/\/www.malik-management.com\/de\/ueber-uns\/fredmund-malik\/fredmund-malik-and-peter-drucker\/global-peter-f-drucker-forum\/\" \/>\n<meta property=\"og:site_name\" content=\"Malik Management\" \/>\n<meta property=\"article:modified_time\" content=\"2018-12-20T12:41:29+00:00\" \/>\n<meta name=\"twitter:card\" content=\"summary_large_image\" \/>\n<meta name=\"twitter:label1\" content=\"Gesch\u00e4tzte Lesezeit\" \/>\n\t<meta name=\"twitter:data1\" content=\"7\u00a0Minuten\" \/>\n<script type=\"application\/ld+json\" class=\"yoast-schema-graph\">{\"@context\":\"https:\\\/\\\/schema.org\",\"@graph\":[{\"@type\":\"WebPage\",\"@id\":\"https:\\\/\\\/www.malik-management.com\\\/de\\\/ueber-uns\\\/fredmund-malik\\\/fredmund-malik-and-peter-drucker\\\/global-peter-f-drucker-forum\\\/\",\"url\":\"https:\\\/\\\/www.malik-management.com\\\/de\\\/ueber-uns\\\/fredmund-malik\\\/fredmund-malik-and-peter-drucker\\\/global-peter-f-drucker-forum\\\/\",\"name\":\"Global Peter F. Drucker Forum - Malik Management\",\"isPartOf\":{\"@id\":\"https:\\\/\\\/www.malik-management.com\\\/de\\\/#website\"},\"datePublished\":\"2017-09-07T09:05:18+00:00\",\"dateModified\":\"2018-12-20T12:41:29+00:00\",\"breadcrumb\":{\"@id\":\"https:\\\/\\\/www.malik-management.com\\\/de\\\/ueber-uns\\\/fredmund-malik\\\/fredmund-malik-and-peter-drucker\\\/global-peter-f-drucker-forum\\\/#breadcrumb\"},\"inLanguage\":\"de\",\"potentialAction\":[{\"@type\":\"ReadAction\",\"target\":[\"https:\\\/\\\/www.malik-management.com\\\/de\\\/ueber-uns\\\/fredmund-malik\\\/fredmund-malik-and-peter-drucker\\\/global-peter-f-drucker-forum\\\/\"]}]},{\"@type\":\"BreadcrumbList\",\"@id\":\"https:\\\/\\\/www.malik-management.com\\\/de\\\/ueber-uns\\\/fredmund-malik\\\/fredmund-malik-and-peter-drucker\\\/global-peter-f-drucker-forum\\\/#breadcrumb\",\"itemListElement\":[{\"@type\":\"ListItem\",\"position\":1,\"name\":\"Home\",\"item\":\"https:\\\/\\\/www.malik-management.com\\\/de\\\/\"},{\"@type\":\"ListItem\",\"position\":2,\"name\":\"Fredmund Malik\",\"item\":\"https:\\\/\\\/www.malik-management.com\\\/de\\\/fredmund-malik\\\/\"},{\"@type\":\"ListItem\",\"position\":3,\"name\":\"Fredmund Malik und Peter Drucker\",\"item\":\"https:\\\/\\\/www.malik-management.com\\\/de\\\/fredmund-malik\\\/fredmund-malik-and-peter-drucker\\\/\"},{\"@type\":\"ListItem\",\"position\":4,\"name\":\"Global Peter F. Drucker Forum\"}]},{\"@type\":\"WebSite\",\"@id\":\"https:\\\/\\\/www.malik-management.com\\\/de\\\/#website\",\"url\":\"https:\\\/\\\/www.malik-management.com\\\/de\\\/\",\"name\":\"Malik Management\",\"description\":\"Beyond conventional management\",\"publisher\":{\"@id\":\"https:\\\/\\\/www.malik-management.com\\\/de\\\/#organization\"},\"potentialAction\":[{\"@type\":\"SearchAction\",\"target\":{\"@type\":\"EntryPoint\",\"urlTemplate\":\"https:\\\/\\\/www.malik-management.com\\\/de\\\/?s={search_term_string}\"},\"query-input\":{\"@type\":\"PropertyValueSpecification\",\"valueRequired\":true,\"valueName\":\"search_term_string\"}}],\"inLanguage\":\"de\"},{\"@type\":\"Organization\",\"@id\":\"https:\\\/\\\/www.malik-management.com\\\/de\\\/#organization\",\"name\":\"malik international AG\",\"url\":\"https:\\\/\\\/www.malik-management.com\\\/de\\\/\",\"logo\":{\"@type\":\"ImageObject\",\"inLanguage\":\"de\",\"@id\":\"https:\\\/\\\/www.malik-management.com\\\/de\\\/#\\\/schema\\\/logo\\\/image\\\/\",\"url\":\"https:\\\/\\\/www.malik-management.com\\\/wp-content\\\/uploads\\\/2018\\\/09\\\/Logo_malik_weiss-klein3.png\",\"contentUrl\":\"https:\\\/\\\/www.malik-management.com\\\/wp-content\\\/uploads\\\/2018\\\/09\\\/Logo_malik_weiss-klein3.png\",\"width\":140,\"height\":41,\"caption\":\"malik international AG\"},\"image\":{\"@id\":\"https:\\\/\\\/www.malik-management.com\\\/de\\\/#\\\/schema\\\/logo\\\/image\\\/\"},\"sameAs\":[\"https:\\\/\\\/www.linkedin.com\\\/company\\\/30160\",\"https:\\\/\\\/www.youtube.com\\\/user\\\/malikmanagement\"]}]}<\/script>\n<!-- \/ Yoast SEO plugin. -->","yoast_head_json":{"title":"Global Peter F. Drucker Forum - Malik Management","robots":{"index":"index","follow":"follow","max-snippet":"max-snippet:-1","max-image-preview":"max-image-preview:large","max-video-preview":"max-video-preview:-1"},"canonical":"https:\/\/www.malik-management.com\/de\/ueber-uns\/fredmund-malik\/fredmund-malik-and-peter-drucker\/global-peter-f-drucker-forum\/","og_locale":"de_DE","og_type":"article","og_title":"Global Peter F. Drucker Forum - Malik Management","og_url":"https:\/\/www.malik-management.com\/de\/ueber-uns\/fredmund-malik\/fredmund-malik-and-peter-drucker\/global-peter-f-drucker-forum\/","og_site_name":"Malik Management","article_modified_time":"2018-12-20T12:41:29+00:00","twitter_card":"summary_large_image","twitter_misc":{"Gesch\u00e4tzte Lesezeit":"7\u00a0Minuten"},"schema":{"@context":"https:\/\/schema.org","@graph":[{"@type":"WebPage","@id":"https:\/\/www.malik-management.com\/de\/ueber-uns\/fredmund-malik\/fredmund-malik-and-peter-drucker\/global-peter-f-drucker-forum\/","url":"https:\/\/www.malik-management.com\/de\/ueber-uns\/fredmund-malik\/fredmund-malik-and-peter-drucker\/global-peter-f-drucker-forum\/","name":"Global Peter F. Drucker Forum - Malik Management","isPartOf":{"@id":"https:\/\/www.malik-management.com\/de\/#website"},"datePublished":"2017-09-07T09:05:18+00:00","dateModified":"2018-12-20T12:41:29+00:00","breadcrumb":{"@id":"https:\/\/www.malik-management.com\/de\/ueber-uns\/fredmund-malik\/fredmund-malik-and-peter-drucker\/global-peter-f-drucker-forum\/#breadcrumb"},"inLanguage":"de","potentialAction":[{"@type":"ReadAction","target":["https:\/\/www.malik-management.com\/de\/ueber-uns\/fredmund-malik\/fredmund-malik-and-peter-drucker\/global-peter-f-drucker-forum\/"]}]},{"@type":"BreadcrumbList","@id":"https:\/\/www.malik-management.com\/de\/ueber-uns\/fredmund-malik\/fredmund-malik-and-peter-drucker\/global-peter-f-drucker-forum\/#breadcrumb","itemListElement":[{"@type":"ListItem","position":1,"name":"Home","item":"https:\/\/www.malik-management.com\/de\/"},{"@type":"ListItem","position":2,"name":"Fredmund Malik","item":"https:\/\/www.malik-management.com\/de\/fredmund-malik\/"},{"@type":"ListItem","position":3,"name":"Fredmund Malik und Peter Drucker","item":"https:\/\/www.malik-management.com\/de\/fredmund-malik\/fredmund-malik-and-peter-drucker\/"},{"@type":"ListItem","position":4,"name":"Global Peter F. Drucker Forum"}]},{"@type":"WebSite","@id":"https:\/\/www.malik-management.com\/de\/#website","url":"https:\/\/www.malik-management.com\/de\/","name":"Malik Management","description":"Beyond conventional management","publisher":{"@id":"https:\/\/www.malik-management.com\/de\/#organization"},"potentialAction":[{"@type":"SearchAction","target":{"@type":"EntryPoint","urlTemplate":"https:\/\/www.malik-management.com\/de\/?s={search_term_string}"},"query-input":{"@type":"PropertyValueSpecification","valueRequired":true,"valueName":"search_term_string"}}],"inLanguage":"de"},{"@type":"Organization","@id":"https:\/\/www.malik-management.com\/de\/#organization","name":"malik international AG","url":"https:\/\/www.malik-management.com\/de\/","logo":{"@type":"ImageObject","inLanguage":"de","@id":"https:\/\/www.malik-management.com\/de\/#\/schema\/logo\/image\/","url":"https:\/\/www.malik-management.com\/wp-content\/uploads\/2018\/09\/Logo_malik_weiss-klein3.png","contentUrl":"https:\/\/www.malik-management.com\/wp-content\/uploads\/2018\/09\/Logo_malik_weiss-klein3.png","width":140,"height":41,"caption":"malik international AG"},"image":{"@id":"https:\/\/www.malik-management.com\/de\/#\/schema\/logo\/image\/"},"sameAs":["https:\/\/www.linkedin.com\/company\/30160","https:\/\/www.youtube.com\/user\/malikmanagement"]}]}},"_links":{"self":[{"href":"https:\/\/www.malik-management.com\/de\/wp-json\/wp\/v2\/pages\/19026","targetHints":{"allow":["GET"]}}],"collection":[{"href":"https:\/\/www.malik-management.com\/de\/wp-json\/wp\/v2\/pages"}],"about":[{"href":"https:\/\/www.malik-management.com\/de\/wp-json\/wp\/v2\/types\/page"}],"author":[{"embeddable":true,"href":"https:\/\/www.malik-management.com\/de\/wp-json\/wp\/v2\/users\/17"}],"replies":[{"embeddable":true,"href":"https:\/\/www.malik-management.com\/de\/wp-json\/wp\/v2\/comments?post=19026"}],"version-history":[{"count":22,"href":"https:\/\/www.malik-management.com\/de\/wp-json\/wp\/v2\/pages\/19026\/revisions"}],"predecessor-version":[{"id":23362,"href":"https:\/\/www.malik-management.com\/de\/wp-json\/wp\/v2\/pages\/19026\/revisions\/23362"}],"up":[{"embeddable":true,"href":"https:\/\/www.malik-management.com\/de\/wp-json\/wp\/v2\/pages\/18911"}],"wp:attachment":[{"href":"https:\/\/www.malik-management.com\/de\/wp-json\/wp\/v2\/media?parent=19026"}],"curies":[{"name":"wp","href":"https:\/\/api.w.org\/{rel}","templated":true}]}}