{"id":19151,"date":"2017-09-07T09:39:20","date_gmt":"2017-09-07T09:39:20","guid":{"rendered":"https:\/\/www.malik.management\/disclaimer\/"},"modified":"2018-10-01T15:10:24","modified_gmt":"2018-10-01T15:10:24","slug":"disclaimer","status":"publish","type":"page","link":"https:\/\/www.malik-management.com\/de\/disclaimer\/","title":{"rendered":"Disclaimer"},"content":{"rendered":"<div class=\"fusion-fullwidth fullwidth-box fusion-builder-row-1 malik_solutions_main nonhundred-percent-fullwidth non-hundred-percent-height-scrolling\" style=\"--awb-border-radius-top-left:0px;--awb-border-radius-top-right:0px;--awb-border-radius-bottom-right:0px;--awb-border-radius-bottom-left:0px;--awb-padding-top:30px;--awb-padding-bottom:30px;--awb-flex-wrap:wrap;\" ><div class=\"fusion-builder-row fusion-row\"><div class=\"fusion-layout-column fusion_builder_column fusion-builder-column-0 fusion_builder_column_3_4 3_4 fusion-three-fourth fusion-column-first fusion-animated\" style=\"--awb-bg-size:cover;width:75%;width:calc(75% - ( ( 4% ) * 0.75 ) );margin-right: 4%;\" data-animationType=\"fadeInUp\" data-animationDuration=\"1.0\" data-animationOffset=\"top-into-view\"><div class=\"fusion-column-wrapper fusion-flex-column-wrapper-legacy\"><div class=\"fusion-text fusion-text-1\"><div id=\"content-center\">\n<div class=\"block_element01\">\n<p><strong>Anwendungsbereich<\/strong><br \/>\nS\u00e4mtliche Informationen, welche auf dieser Website enthalten sind, haben den Sinn und Zweck, Informationen \u00fcber die Leistungen und Produkte von Gesellschaften der Malik Gruppe (nachfolgend &#8222;Malik&#8220; genannt) anzubieten.<br \/>\nEinverst\u00e4ndnis: Bitte lesen Sie die nachfolgenden Ausf\u00fchrungen genau durch. Mit dem Zugriff auf die Website von Malik und deren Verkn\u00fcpfungen im World Wide Web erkl\u00e4ren Sie, dass Sie die nachstehenden rechtlichen Informationen und die Anwendungsbedingungen verstanden haben und anerkennen. Wenn Sie sich damit nicht einverstanden erkl\u00e4ren k\u00f6nnen, verlassen Sie bitte diese Website und ihre Links.<\/p>\n<p><strong>Nutzungsrechte<\/strong><br \/>\nDie Nutzung der auf der Malik Website zur Verf\u00fcgung gestellten Informationen, Software und Dokumentationen unterliegt den nachfolgenden Bedingungen:<br \/>\nMalik r\u00e4umt dem Nutzer ein nicht ausschliessliches und nicht \u00fcbertragbares Recht ein, die auf der Malik Website \u00fcberlassenen Informationen, Software und Dokumentationen in dem Umfang zu nutzen, wie es dem mit der Bereitstellung und \u00dcberlassung durch Malik verfolgten Zweck entspricht.<\/p>\n<p>Der Nutzer darf die Informationen, Software und Dokumentationen nicht an Dritte vertreiben, vermieten noch in sonstiger Weise \u00fcberlassen. Informationen, Software und Dokumentationen dieser Website d\u00fcrfen weder ge\u00e4ndert, zur\u00fcckentwickelt, \u00fcbersetzt oder kopiert werden, noch d\u00fcrfen daraus Teile herausgel\u00f6st werden.<\/p>\n<p>Die Informationen, die Software und die Dokumentationen sind sowohl durch Urheberrechtsgesetze, wie auch durch internationale Urheberrechtsvertr\u00e4ge, sowie durch andere Gesetze und Vereinbarungen \u00fcber geistiges Eigentum gesch\u00fctzt.<\/p>\n<p><strong>Geistiges Eigentum<\/strong><br \/>\nAlle auf der Website von Malik enthaltenen Angaben, Informationen und Abbildungen sind, sofern nichts anderes angegeben ist, von Malik erstellt und sein Eigentum. Alle Inhalte der Malik Website sind somit urheberrechtlich gesch\u00fctzt. Das (vollst\u00e4ndige oder teilweise) Reproduzieren, \u00dcbermitteln (elektronisch oder mit anderen Mitteln), Modifizieren, Verkn\u00fcpfen, Benutzen oder die sonstige Verwertung dieser Website in irgendeiner Weise f\u00fcr \u00f6ffentliche oder kommerzielle Zwecke ist ohne schriftliche Zustimmung von Malik untersagt.<\/p>\n<p><strong>Pflichten des Nutzers<\/strong><\/p>\n<p><strong>\u00bb<\/strong>Der Nutzer hat bei der Nutzung der Malik Website die folgenden Pflichten zu beachten:<br \/>\n<strong>\u00bb<\/strong>Personen, insbesondere Minderj\u00e4hrige, darf kein Schaden zugef\u00fcgt und es d\u00fcrfen deren Pers\u00f6nlichkeitsrechte nicht verletzt werden;<br \/>\n<strong>\u00bb<\/strong> mit dem Nutzungsverhalten darf nicht gegen die gesetzlichen Vorschriften, insbesondere durch strafrechtliches Verhalten, oder gegen die guten Sitten verstossen werden;<br \/>\n<strong>\u00bb<\/strong> es sind keine gewerblichen Schutz- und Urheberrechte oder sonstige Eigentumsrechte zu verletzen;<br \/>\n<strong>\u00bb<\/strong> es d\u00fcrfen keine Inhalte mit Viren, sog. &#8222;Trojanischen Pferden&#8220; oder sonstigen Programmierungen, die die Software besch\u00e4digen k\u00f6nnen \u00fcbermittelt werden;<br \/>\n<strong>\u00bb<\/strong> es d\u00fcrfen keine Links oder Inhalte eingegeben, gespeichert oder gesendet werden, zu denen der Nutzer nicht befugt ist;<br \/>\n<strong>\u00bb<\/strong> es d\u00fcrfen keine Werbung, unaufgeforderte E-Mails oder unzutreffende Warnungen vor Viren und dergleichen verbreitet werden.<\/p>\n<p><strong>Links zu anderen Sites<\/strong><br \/>\nDie Malik Website enth\u00e4lt m\u00f6glicherweise Links oder Referenzen zu anderen Websites, welche nicht von Malik betrieben werden. Malik \u00fcbernimmt f\u00fcr die Inhalte dieser Websites ausdr\u00fccklich keine Verantwortung. Deren Nutzung erfolgt auf eigenes Risiko des Nutzers.<\/p>\n<p><strong>Haftung<\/strong><br \/>\nJegliche Haftung von Malik wird f\u00fcr s\u00e4mtliche Sch\u00e4den ausgeschlossen, welche im Zusammenhang mit der Nutzung der Malik Website oder aufgrund irgendwelcher darin enthaltener Informationen, Produkte, Leistungen u.\u00e4. entstehen k\u00f6nnten.<\/p>\n<p><strong>Datenschutz<\/strong><\/p>\n<p>1. Welche Daten fallen unter die vorliegende Datenschutz-Erkl\u00e4rung?<\/p>\n<p>Alle Personenbezogenen Daten fallen unter die vorliegende Datenschutz-Erkl\u00e4rung. Dazu geh\u00f6ren alle Informationen, welche auf Ihre Identit\u00e4t hinweisen, also insbesondere Name, Adresse, Postanschrift, Telefonnummer und E-Mail-Adresse.<\/p>\n<p>2. Wer ist verantwortlich f\u00fcr den sorgsamen Umgang Ihrer Daten?<\/p>\n<p>Verantwortliche Stelle f\u00fcr die Datenverarbeitung ist die malik international AG in St. Gallen\/SG (nachfolgend malik).<\/p>\n<p>3. Wann nutzt und verarbeitet die malik personenbezogene Daten?<\/p>\n<p>Wir wissen, dass Ihnen der sorgf\u00e4ltige Umgang mit Ihren personenbezogenen Daten sehr wichtig ist. Der Datenschutz hat deshalb bei malik einen hohen Stellenwert. Wir halten uns uneingeschr\u00e4nkt an die strengen Vorschriften des schweizerischen Datenschutzgesetzes. F\u00fcr die Speicherung, Verarbeitung und Nutzung von Pers\u00f6nlichen Daten und Informationen werden nicht nur die nationalen Datenvorschriften, sondern auch die Bestimmungen der europ\u00e4ischen Datenschutzgrundverordnung beachtet. Grunds\u00e4tzlich k\u00f6nnen Sie die Website von malik besuchen, ohne personenbezogene Daten zu hinterlassen. In einigen F\u00e4llen ben\u00f6tigen wir jedoch solche Daten von Ihnen, und zwar:<br \/>\n<strong>\u00bb<\/strong> bei der Kontaktaufnahme mit uns<br \/>\n<strong>\u00bb<\/strong> bei der Mitteilung von gesch\u00e4ftsrelevanten Angaben<br \/>\n<strong>\u00bb<\/strong> bei der Zustellung von mandatsbezogenen Unterlagen<br \/>\n<strong>\u00bb<\/strong> beim Abonnieren und Abbestellen unseres Newsletters<\/p>\n<p>Bei Anmeldung zum Newsletter wird Ihre Email-Adresse f\u00fcr eigene Werbezwecke genutzt, bis Sie sich vom Newsletter abmelden. Die Abmeldung ist jederzeit m\u00f6glich. Wir verwenden die personenbezogenen Daten im Einzelnen zur Erledigung der gesch\u00e4ftlichen Beziehungen und um einem Missbrauch unserer Internetseite vorzubeugen. Des Weiteren informieren wir Sie bei ausdr\u00fccklicher Einwilligung Ihrerseits \u00fcber Dienstleistungen und Neuigkeiten bei malik. Um einfacher und schneller als auf dem Postweg mit Ihnen in Kontakt treten zu k\u00f6nnen, bitten wir Sie, uns Ihre Email-Adresse mitzuteilen.<br \/>\n<strong>\u00a0<\/strong><br \/>\n4. Was macht malik mit Ihren personenbezogenen Daten?<\/p>\n<p>Die personenbezogenen Daten speichern wir zur optimalen Auftragsabwicklung. Sie haben ein Recht auf unentgeltliche Auskunft \u00fcber Ihre gespeicherten Daten sowie gegebenenfalls ein Recht auf Berichtigung, Sperrung oder L\u00f6schung dieser Daten. Des Weiteren k\u00f6nnen Sie jederzeit Auskunft \u00fcber die Verwendung Ihrer personenbezogenen Daten verlangen.<\/p>\n<p>5. Wie sch\u00fctzt malik Ihre personenbezogenen Daten?<\/p>\n<p>Wenn Sie sich bei malik registriert haben und mit Passwort anmelden, werden Ihre personenbezogenen Daten an uns \u00fcbermittelt. Damit diese nicht in falsche H\u00e4nde gelangen, verschl\u00fcsseln wir sie mit dem SSL-Verfahren (Secure-Socket-Layer). Dies ist das zurzeit g\u00e4ngigste und sicherste Daten\u00fcbertragungsverfahren im Internet. Es wird von malik standardm\u00e4ssig eingesetzt, sobald sensible Daten \u00fcbertragen werden. Sie erkennen, dass Daten verschl\u00fcsselt \u00fcbertragen werden, an der geschlossenen Darstellung eines Schloss-Symbols in der unteren Statusleiste Ihres Browsers. malik unterh\u00e4lt verschiedenste weitere Sicherheitsmassnahmen zum Schutz der pers\u00f6nlichen Daten ihrer Kunden. Im Zusammenhang mit diesen Sicherheitsmassnahmen werden Sie gelegentlich dazu aufgefordert, einen Nachweis \u00fcber Ihre Identit\u00e4t zu erbringen, bevor wir Ihnen pers\u00f6nliche Informationen anzeigen. Ein Beispiel f\u00fcr dieses Vorgehen ist der Zugang zum Kundenkonto, der nur durch die Eingabe eines Passworts m\u00f6glich ist.<\/p>\n<p>6. Setzt malik Cookies ein?<\/p>\n<p>Um den Besuch unserer Website attraktiv zu gestalten und die Nutzung bestimmter Funktionen zu erm\u00f6glichen, verwenden wir auf verschiedenen Seiten sogenannte Cookies. Hierbei handelt es sich um kleine Textdateien, die auf Ihrem Endger\u00e4t abgelegt werden. Einige der von uns verwendeten Cookies werden nach dem Ende der Browser-Sitzung, also nach dem Schliessen Ihres Browsers, wieder gel\u00f6scht (sog. Sitzungs-Cookies). Andere Cookies verbleiben auf Ihrem Endger\u00e4t und erm\u00f6glichen uns oder unseren Partnerunternehmen, Ihren Browser beim n\u00e4chsten Besuch wiederzuerkennen (persistente Cookies).<\/p>\n<p>Auch benutzt unsere Website Google Analytics, einen Webanalysedienst der Google Inc. (\u201eGoogle&#8220;). Google Analytics verwendet sog. \u201eCookies&#8220;, Textdateien, die auf Ihrem Computer gespeichert werden und die eine Analyse der Benutzung der Website durch Sie erm\u00f6glichen. Die durch den Cookie erzeugten Informationen \u00fcber Ihre Benutzung dieser Website werden in der Regel an einen Server von Google in den USA \u00fcbertragen und dort gespeichert. Im Falle der Aktivierung der IP-Anonymisierung auf dieser Webseite, wird Ihre IP-Adresse von Google jedoch innerhalb von Mitgliedstaaten der Europ\u00e4ischen Union oder in anderen Vertragsstaaten des Abkommens \u00fcber den Europ\u00e4ischen Wirtschaftsraum zuvor gek\u00fcrzt.<\/p>\n<p>Nur in Ausnahmef\u00e4llen wird die volle IP-Adresse an einen Server von Google in den USA \u00fcbertragen und dort gek\u00fcrzt. Im Auftrag des Betreibers dieser Website wird Google diese Informationen benutzen, um Ihre Nutzung der Website auszuwerten, um Reports \u00fcber die Websiteaktivit\u00e4ten zusammenzustellen und um weitere mit der Websitenutzung und der Internetnutzung verbundene Dienstleistungen gegen\u00fcber dem Websitebetreiber zu erbringen. Die im Rahmen von Google Analytics von Ihrem Browser \u00fcbermittelte IP-Adresse wird nicht mit anderen Daten von Google zusammengef\u00fchrt. Sie k\u00f6nnen Ihren Browser so einstellen, dass Sie \u00fcber das Setzen von Cookies informiert werden und einzeln \u00fcber deren Annahme entscheiden oder die Annahme von Cookies f\u00fcr bestimmte F\u00e4lle oder generell ausschliessen. Bei der Nichtannahme von Cookies kann die Funktionalit\u00e4t unserer Website eingeschr\u00e4nkt sein.<\/p>\n<p>Sie k\u00f6nnen dar\u00fcber hinaus die Erfassung der durch das Cookie erzeugten und auf Ihre Nutzung der Website bezogenen Daten (inkl. Ihrer IP-Adresse) an Google sowie die Verarbeitung dieser Daten durch Google verhindern, indem sie das unter dem folgenden Link verf\u00fcgbare Browser-Plugin herunterladen und installieren: <a href=\"http:\/\/tools.google.com\/dlpage\/gaoptout?hl=de\">http:\/\/tools.google.com\/dlpage\/gaoptout?hl=de<\/a><\/p>\n<p>7. Wann werden Ihre Daten gel\u00f6scht?<\/p>\n<p>Der Gesetzgeber hat vielf\u00e4ltige Aufbewahrungspflichten und -fristen erlassen. Nach Ablauf der 10-j\u00e4hrigen Frist werden die entsprechenden Daten routinem\u00e4ssig gel\u00f6scht.<\/p>\n<p><strong>Kein bindendes Angebot<\/strong><br \/>\nGrunds\u00e4tzlich ist kein Element auf der Website von Malik ein bindendes Angebot an einen Besucher der Website. Wenn Malik ausnahmsweise ein bindendes Angebot \u00fcber die Website machen will, so erkl\u00e4rt Malik dies klar und unmissverst\u00e4ndlich. Bestehen diesbez\u00fcglich Zweifel, so muss davon ausgegangen werden, dass Malik kein bindendes Angebot machen will. F\u00fcr Vertr\u00e4ge mit Malik gelten die speziellen Vertragsbestimmungen.<\/p>\n<p><strong>Gerichtsstand und Anwendbares Recht<\/strong><br \/>\nGerichtsstand bei allf\u00e4lligen Auseinandersetzungen sind ausschliesslich die ordentlichen Gerichte am Sitz der malik international AG in St. Gallen (Schweiz). Anwendbar ist das Schweizerische Recht.<\/p>\n<p><strong>Rechtswirksamkeit<\/strong><br \/>\nSofern Teile oder einzelne Formulierungen dieser Bedingungen der geltenden Rechtslage nicht, nicht mehr oder nicht vollst\u00e4ndig entsprechen sollten, bleiben die \u00fcbrigen Teile des Dokumentes in ihrem Inhalt und ihrer G\u00fcltigkeit davon unber\u00fchrt.<\/p>\n<p><a class=\"back-txt\"><strong>\u00ab<\/strong> zur\u00fcck<\/a><\/p>\n<\/div>\n<\/div>\n<\/div><div class=\"fusion-clearfix\"><\/div><\/div><\/div><div class=\"fusion-layout-column fusion_builder_column fusion-builder-column-1 fusion_builder_column_1_4 1_4 fusion-one-fourth fusion-column-last malik_solutions_main_right fusion-animated\" style=\"--awb-bg-size:cover;width:25%;width:calc(25% - ( ( 4% ) * 0.25 ) );\" data-animationType=\"fadeInRight\" data-animationDuration=\"1.0\" data-animationOffset=\"top-into-view\"><div class=\"fusion-column-wrapper fusion-flex-column-wrapper-legacy\"><div class=\"fusion-image-element fusion-image-align-center in-legacy-container\" style=\"text-align:center;--awb-caption-title-font-family:var(--h2_typography-font-family);--awb-caption-title-font-weight:var(--h2_typography-font-weight);--awb-caption-title-font-style:var(--h2_typography-font-style);--awb-caption-title-size:var(--h2_typography-font-size);--awb-caption-title-transform:var(--h2_typography-text-transform);--awb-caption-title-line-height:var(--h2_typography-line-height);--awb-caption-title-letter-spacing:var(--h2_typography-letter-spacing);\"><div class=\"imageframe-align-center\"><span class=\" fusion-imageframe imageframe-dropshadow imageframe-1 hover-type-zoomin malik_solutions_main_right_image01\" style=\"-webkit-box-shadow: 3px 3px 7px rgba(0,0,0,0.3);box-shadow: 3px 3px 7px rgba(0,0,0,0.3);\"><img decoding=\"async\" width=\"273\" height=\"530\" title=\"malik-methoden-en\" src=\"https:\/\/www.malik-management.com\/wp-content\/uploads\/2017\/09\/malik-methoden-en-1.jpg\" alt class=\"img-responsive wp-image-15947\" srcset=\"https:\/\/www.malik-management.com\/wp-content\/uploads\/2017\/09\/malik-methoden-en-1-200x388.jpg 200w, https:\/\/www.malik-management.com\/wp-content\/uploads\/2017\/09\/malik-methoden-en-1.jpg 273w\" sizes=\"(max-width: 800px) 100vw, 273px\" \/><\/span><\/div><\/div><div class=\"fusion-clearfix\"><\/div><\/div><\/div><\/div><\/div>\n","protected":false},"excerpt":{"rendered":"","protected":false},"author":17,"featured_media":0,"parent":0,"menu_order":0,"comment_status":"closed","ping_status":"closed","template":"100-width.php","meta":{"_acf_changed":false,"_bbp_topic_count":0,"_bbp_reply_count":0,"_bbp_total_topic_count":0,"_bbp_total_reply_count":0,"_bbp_voice_count":0,"_bbp_anonymous_reply_count":0,"_bbp_topic_count_hidden":0,"_bbp_reply_count_hidden":0,"_bbp_forum_subforum_count":0,"footnotes":""},"class_list":["post-19151","page","type-page","status-publish","hentry"],"acf":[],"yoast_head":"<!-- This site is optimized with the Yoast SEO plugin v26.4 - https:\/\/yoast.com\/wordpress\/plugins\/seo\/ -->\n<title>Disclaimer - Malik Management<\/title>\n<meta name=\"robots\" content=\"index, follow, max-snippet:-1, max-image-preview:large, max-video-preview:-1\" \/>\n<link rel=\"canonical\" href=\"https:\/\/www.malik-management.com\/de\/disclaimer\/\" \/>\n<meta property=\"og:locale\" content=\"de_DE\" \/>\n<meta property=\"og:type\" content=\"article\" \/>\n<meta property=\"og:title\" content=\"Disclaimer - Malik Management\" \/>\n<meta property=\"og:url\" content=\"https:\/\/www.malik-management.com\/de\/disclaimer\/\" \/>\n<meta property=\"og:site_name\" content=\"Malik Management\" \/>\n<meta property=\"article:modified_time\" content=\"2018-10-01T15:10:24+00:00\" \/>\n<meta name=\"twitter:card\" content=\"summary_large_image\" \/>\n<meta name=\"twitter:label1\" content=\"Gesch\u00e4tzte Lesezeit\" \/>\n\t<meta name=\"twitter:data1\" content=\"9\u00a0Minuten\" \/>\n<script type=\"application\/ld+json\" class=\"yoast-schema-graph\">{\"@context\":\"https:\/\/schema.org\",\"@graph\":[{\"@type\":\"WebPage\",\"@id\":\"https:\/\/www.malik-management.com\/de\/disclaimer\/\",\"url\":\"https:\/\/www.malik-management.com\/de\/disclaimer\/\",\"name\":\"Disclaimer - Malik Management\",\"isPartOf\":{\"@id\":\"https:\/\/www.malik-management.com\/de\/#website\"},\"datePublished\":\"2017-09-07T09:39:20+00:00\",\"dateModified\":\"2018-10-01T15:10:24+00:00\",\"breadcrumb\":{\"@id\":\"https:\/\/www.malik-management.com\/de\/disclaimer\/#breadcrumb\"},\"inLanguage\":\"de\",\"potentialAction\":[{\"@type\":\"ReadAction\",\"target\":[\"https:\/\/www.malik-management.com\/de\/disclaimer\/\"]}]},{\"@type\":\"BreadcrumbList\",\"@id\":\"https:\/\/www.malik-management.com\/de\/disclaimer\/#breadcrumb\",\"itemListElement\":[{\"@type\":\"ListItem\",\"position\":1,\"name\":\"Home\",\"item\":\"https:\/\/www.malik-management.com\/de\/\"},{\"@type\":\"ListItem\",\"position\":2,\"name\":\"Disclaimer\"}]},{\"@type\":\"WebSite\",\"@id\":\"https:\/\/www.malik-management.com\/de\/#website\",\"url\":\"https:\/\/www.malik-management.com\/de\/\",\"name\":\"Malik Management\",\"description\":\"Beyond conventional management\",\"publisher\":{\"@id\":\"https:\/\/www.malik-management.com\/de\/#organization\"},\"potentialAction\":[{\"@type\":\"SearchAction\",\"target\":{\"@type\":\"EntryPoint\",\"urlTemplate\":\"https:\/\/www.malik-management.com\/de\/?s={search_term_string}\"},\"query-input\":{\"@type\":\"PropertyValueSpecification\",\"valueRequired\":true,\"valueName\":\"search_term_string\"}}],\"inLanguage\":\"de\"},{\"@type\":\"Organization\",\"@id\":\"https:\/\/www.malik-management.com\/de\/#organization\",\"name\":\"malik international AG\",\"url\":\"https:\/\/www.malik-management.com\/de\/\",\"logo\":{\"@type\":\"ImageObject\",\"inLanguage\":\"de\",\"@id\":\"https:\/\/www.malik-management.com\/de\/#\/schema\/logo\/image\/\",\"url\":\"https:\/\/www.malik-management.com\/wp-content\/uploads\/2018\/09\/Logo_malik_weiss-klein3.png\",\"contentUrl\":\"https:\/\/www.malik-management.com\/wp-content\/uploads\/2018\/09\/Logo_malik_weiss-klein3.png\",\"width\":140,\"height\":41,\"caption\":\"malik international AG\"},\"image\":{\"@id\":\"https:\/\/www.malik-management.com\/de\/#\/schema\/logo\/image\/\"},\"sameAs\":[\"https:\/\/www.linkedin.com\/company\/30160\",\"https:\/\/www.youtube.com\/user\/malikmanagement\"]}]}<\/script>\n<!-- \/ Yoast SEO plugin. -->","yoast_head_json":{"title":"Disclaimer - Malik Management","robots":{"index":"index","follow":"follow","max-snippet":"max-snippet:-1","max-image-preview":"max-image-preview:large","max-video-preview":"max-video-preview:-1"},"canonical":"https:\/\/www.malik-management.com\/de\/disclaimer\/","og_locale":"de_DE","og_type":"article","og_title":"Disclaimer - Malik Management","og_url":"https:\/\/www.malik-management.com\/de\/disclaimer\/","og_site_name":"Malik Management","article_modified_time":"2018-10-01T15:10:24+00:00","twitter_card":"summary_large_image","twitter_misc":{"Gesch\u00e4tzte Lesezeit":"9\u00a0Minuten"},"schema":{"@context":"https:\/\/schema.org","@graph":[{"@type":"WebPage","@id":"https:\/\/www.malik-management.com\/de\/disclaimer\/","url":"https:\/\/www.malik-management.com\/de\/disclaimer\/","name":"Disclaimer - Malik Management","isPartOf":{"@id":"https:\/\/www.malik-management.com\/de\/#website"},"datePublished":"2017-09-07T09:39:20+00:00","dateModified":"2018-10-01T15:10:24+00:00","breadcrumb":{"@id":"https:\/\/www.malik-management.com\/de\/disclaimer\/#breadcrumb"},"inLanguage":"de","potentialAction":[{"@type":"ReadAction","target":["https:\/\/www.malik-management.com\/de\/disclaimer\/"]}]},{"@type":"BreadcrumbList","@id":"https:\/\/www.malik-management.com\/de\/disclaimer\/#breadcrumb","itemListElement":[{"@type":"ListItem","position":1,"name":"Home","item":"https:\/\/www.malik-management.com\/de\/"},{"@type":"ListItem","position":2,"name":"Disclaimer"}]},{"@type":"WebSite","@id":"https:\/\/www.malik-management.com\/de\/#website","url":"https:\/\/www.malik-management.com\/de\/","name":"Malik Management","description":"Beyond conventional management","publisher":{"@id":"https:\/\/www.malik-management.com\/de\/#organization"},"potentialAction":[{"@type":"SearchAction","target":{"@type":"EntryPoint","urlTemplate":"https:\/\/www.malik-management.com\/de\/?s={search_term_string}"},"query-input":{"@type":"PropertyValueSpecification","valueRequired":true,"valueName":"search_term_string"}}],"inLanguage":"de"},{"@type":"Organization","@id":"https:\/\/www.malik-management.com\/de\/#organization","name":"malik international AG","url":"https:\/\/www.malik-management.com\/de\/","logo":{"@type":"ImageObject","inLanguage":"de","@id":"https:\/\/www.malik-management.com\/de\/#\/schema\/logo\/image\/","url":"https:\/\/www.malik-management.com\/wp-content\/uploads\/2018\/09\/Logo_malik_weiss-klein3.png","contentUrl":"https:\/\/www.malik-management.com\/wp-content\/uploads\/2018\/09\/Logo_malik_weiss-klein3.png","width":140,"height":41,"caption":"malik international AG"},"image":{"@id":"https:\/\/www.malik-management.com\/de\/#\/schema\/logo\/image\/"},"sameAs":["https:\/\/www.linkedin.com\/company\/30160","https:\/\/www.youtube.com\/user\/malikmanagement"]}]}},"_links":{"self":[{"href":"https:\/\/www.malik-management.com\/de\/wp-json\/wp\/v2\/pages\/19151","targetHints":{"allow":["GET"]}}],"collection":[{"href":"https:\/\/www.malik-management.com\/de\/wp-json\/wp\/v2\/pages"}],"about":[{"href":"https:\/\/www.malik-management.com\/de\/wp-json\/wp\/v2\/types\/page"}],"author":[{"embeddable":true,"href":"https:\/\/www.malik-management.com\/de\/wp-json\/wp\/v2\/users\/17"}],"replies":[{"embeddable":true,"href":"https:\/\/www.malik-management.com\/de\/wp-json\/wp\/v2\/comments?post=19151"}],"version-history":[{"count":10,"href":"https:\/\/www.malik-management.com\/de\/wp-json\/wp\/v2\/pages\/19151\/revisions"}],"predecessor-version":[{"id":22726,"href":"https:\/\/www.malik-management.com\/de\/wp-json\/wp\/v2\/pages\/19151\/revisions\/22726"}],"wp:attachment":[{"href":"https:\/\/www.malik-management.com\/de\/wp-json\/wp\/v2\/media?parent=19151"}],"curies":[{"name":"wp","href":"https:\/\/api.w.org\/{rel}","templated":true}]}}