{"id":19873,"date":"2017-09-18T04:57:03","date_gmt":"2017-09-18T04:57:03","guid":{"rendered":"https:\/\/www.malik.management\/?page_id=19873\/"},"modified":"2024-03-19T03:06:07","modified_gmt":"2024-03-19T02:06:07","slug":"thesen-fuer-die-neue-welt-des-21-jahrhunderts","status":"publish","type":"page","link":"https:\/\/www.malik-management.com\/de\/thesen-fuer-die-neue-welt-des-21-jahrhunderts\/","title":{"rendered":"Thesen f\u00fcr die Neue Welt des 21. Jahrhunderts"},"content":{"rendered":"<div class=\"fusion-fullwidth fullwidth-box fusion-builder-row-1 fusion-flex-container nonhundred-percent-fullwidth non-hundred-percent-height-scrolling\" style=\"--awb-border-radius-top-left:0px;--awb-border-radius-top-right:0px;--awb-border-radius-bottom-right:0px;--awb-border-radius-bottom-left:0px;--awb-flex-wrap:wrap;\" ><div class=\"fusion-builder-row fusion-row fusion-flex-align-items-flex-start fusion-flex-content-wrap\" style=\"max-width:1144px;margin-left: calc(-4% \/ 2 );margin-right: calc(-4% \/ 2 );\"><div class=\"fusion-layout-column fusion_builder_column fusion-builder-column-0 fusion_builder_column_1_1 1_1 fusion-flex-column\" style=\"--awb-bg-size:cover;--awb-width-large:100%;--awb-margin-top-large:0px;--awb-spacing-right-large:1.92%;--awb-margin-bottom-large:0px;--awb-spacing-left-large:1.92%;--awb-width-medium:100%;--awb-spacing-right-medium:1.92%;--awb-spacing-left-medium:1.92%;--awb-width-small:100%;--awb-spacing-right-small:1.92%;--awb-spacing-left-small:1.92%;\"><div class=\"fusion-column-wrapper fusion-flex-justify-content-flex-start fusion-content-layout-column\"><div class=\"fusion-text fusion-text-1\"><p><strong>Auszug aus: Malik, Fredmund:&nbsp;<em>Unternehmenspolitik und Corporate Governance<\/em>. Band 2 der Reihe \u201eManagement: Komplexit\u00e4t meistern\u201c. Frankfurt\/Main: Campus Verlag, 2008. S.52f.<\/strong><\/p>\n<p>&nbsp;<\/p>\n<p>Die mir am wichtigsten erscheinenden Beobachtungen f\u00fcr das 21. Jahrhundert fasse ich in 14 Thesen. Sie sind Markierungen, um globales Geschehen zu verstehen, mediale Berichterstattung einzuordnen, das Verhalten der Menschen einzusch\u00e4tzen und komplexe Systeme wirksam zu lenken, zu entwickeln und zu gestalten \u2013 d. h. zu managen.<\/p>\n<p>&nbsp;<\/p>\n<ol>\n<li>Die komplexen Systeme des 21. Jahrhunderts sind zwar durch die Erfolge der Denkweisen und Methoden des 20. Jahrhunderts entstanden, aber sie k\u00f6nnen mit eben diesen nicht mehr gemanagt werden, weil die Systeme global daf\u00fcr zu komplex geworden sind.<\/li>\n<li>Das 21. Jahrhundert hat in den Tiefenstrukturen bereits radikaleren Wandel mit sich gebracht, als an der Oberfl\u00e4che wahrgenommen wird. Nicht nur ein Paradigmen-wandel findet statt, sondern ein Wandel der Kategorien, in denen wir Paradigmen als solche wahrnehmen.<\/li>\n<li>Die kategorialen Dimensionen des neuen Weltbilds hei\u00dfen Komplexit\u00e4t, System, Funktionieren, Control, Selbstorganisation, Information, Nicht-Linearit\u00e4t, Wissen und Erkenntnis.<\/li>\n<li>Die globalen Gesellschaften transformieren sich zur Komplexit\u00e4tsgesellschaft \u2013 in Mutationsschritten von der Gesellschaft von Individuen zur Gesellschaft von Organisationen zur Gesellschaft von Systemen \u2013, die komplex sind. Aufgrund ihrer Komplexit\u00e4t haben sie Eigendynamiken, die ein grundlegend anderes Management als bisher verlangen.<\/li>\n<li>Wissen ist wichtiger geworden als Zeit und Energie, Information wichtiger als Geld, die gezielte Selbstorganisationsf\u00e4higkeit von Unternehmen wichtiger als Macht.<\/li>\n<li>Das relevante Wissen f\u00fcr das Funktionieren dieser Gesellschaft kommt aus den Komplexit\u00e4tswissenschaften. Das sind die Kybernetik, die Systemtheorie und die Bionik. Im Anwenden dieses Wissens liegt die relevante Erkenntnis.<\/li>\n<li>Die entscheidende Herausforderung f\u00fcr Funktionieren im 21. Jahrhundert ist Komplexit\u00e4t. Die wichtigste F\u00e4higkeit ist, Komplexit\u00e4t zu meistern und zu nutzen. Die wichtigste Funktion daf\u00fcr ist kybernetisches Management. Das wichtigste Mittel daf\u00fcr ist kybernetische Unternehmenspolitik. Die wichtigste Voraussetzung daf\u00fcr sind Bedingungen zur Selbstorganisation, die die Eigendynamik komplexer Systeme nutzen und es Menschen erm\u00f6glichen, sich selbst zu f\u00fchren.<\/li>\n<li>Die wichtigste Wirkung solcher Unternehmenspolitik ist Master Control f\u00fcr sich selbstorganisierende, sich selbst regulierende, selbst lenkende komplexe Systeme.<\/li>\n<li>Komplexit\u00e4tszentrum und Ankerpunkt von Master Control ist je nach Organisation der Kunde, Klient, Patient, Sch\u00fcler, W\u00e4hler \u2013 kurz jeder, der ihre Leistung braucht und in irgendeiner Weise bezahlt. Nur die Organisation, die ihren Leistungsbeziehern f\u00fcr das Meistern der Komplexit\u00e4t wirksame L\u00f6sungen bietet, wird Erfolg haben.<\/li>\n<li>Die Epoche der Beliebigkeit von und im Management ist zu Ende, denn die Kybernetik etabliert die wissenschaftlich zwingenden Gesetzm\u00e4ssigkeiten und Massst\u00e4be f\u00fcr funktionierendes Management im Komplexit\u00e4tszeitalter. Auch zu Ende ist damit die Epoche des bisher auf Beliebigkeit beruhenden Opportunismus in den Management-Consulting-Services aller Kategorien.<\/li>\n<li>Es wird nur noch zwei Gruppen von Menschen geben: Erstens jene, die im Neuen nur Altes erkennen und nicht mehr genug verstehen, weil sie die Erkenntnisse hinsichtlich Welt, Wirklichkeit, System und Information der letzten Jahrzehnte vers\u00e4umt haben. Zweitens jene, die das Neue als solches erkennen und es nutzen, weil sie diese Entwicklung schon in Zeiten aufmerksam mitverfolgt und verstehen gelernt haben, lange bevor deren Konsequenzen allgemein sp\u00fcrbar wurden.<\/li>\n<li>Die heutigen gesellschaftlichen Institutionen REvolutionieren sich oder sie verschwinden, weil sie unmanageable sind und daher ihre Zwecke nicht mehr erf\u00fcllen. Finanzierungsschwierigkeiten sind nur das Symptom ihres Nicht-Funktionierens. Die Ursache ist ihr Mangel an richtigem, komplexit\u00e4tsgerechtem Management.<\/li>\n<li>Regierungspolitik wird in den globalen Gesellschaften zwar weiterhin wichtig, aber in ihrer heutigen Form immer mehr Quelle von St\u00f6rungen, Behinderung und Begrenzung sein. Heutige politische Parteien erf\u00fcllen keine Zwecke mehr, denn das Funktionieren gesellschaftlicher Systeme hat keine Partei-Farben und folgt keiner Ideologie. Es ist nichts rechts oder links, sondern richtig oder falsch.<\/li>\n<li>Die Schl\u00fcsself\u00e4higkeit f\u00fcr den Menschen in der Komplexit\u00e4tsgesellschaft ist das Beherrschen von professionellem Management und (Selbst-)Management. Es wird f\u00fcr soziales \u00dcberleben sowie Lebens- und Evolutionsf\u00e4higkeit jeder Gesellschaft dieselbe Bedeutung haben, wie Lesen und Schreiben f\u00fcr den Schritt vom leibeigenen Analphabeten zum m\u00fcndigen B\u00fcrger. Solides kybernetisches Management wird die Funktionierens- und Kulturf\u00e4higkeit der Komplexit\u00e4tsgesellschaft sein.<\/li>\n<\/ol>\n<p>&nbsp;<\/p>\n<p><span class=\"leadtext\">\u00bb&nbsp;<strong><a href=\"https:\/\/www.malik-management.com\/wp-content\/uploads\/2017\/09\/thesen_fuer_die_neue_welt.pdf\" target=\"_blank\" rel=\"noopener\">PDF-Download<\/a><\/strong>&nbsp;der&nbsp;<strong>Thesen f\u00fcr die Neue Welt des 21. Jahrhunderts<\/strong><\/span><\/p>\n<p>&nbsp;<\/p>\n<p>Weitere Thesen von F. Malik in seinen B\u00fcchern&nbsp;<a href=\"https:\/\/www.malik-management.com\/de\/ueber-uns\/publikationen\/malik-buecher\/management-the-essence-of-the-craft\/\">Management: Das A und O des Handwerks<\/a>,&nbsp;<a href=\"https:\/\/www.malik-management.com\/de\/ueber-uns\/publikationen\/malik-buecher\/strategie\/\">Strategie<\/a>&nbsp;und&nbsp;<a href=\"https:\/\/www.malik-management.com\/de\/ueber-uns\/publikationen\/malik-buecher\/die-richtige-corporate-governance-2\/\">Die Richtige Corporate Governance<\/a>.<\/p>\n<\/div><\/div><\/div><\/div><\/div>\n","protected":false},"excerpt":{"rendered":"","protected":false},"author":17,"featured_media":0,"parent":0,"menu_order":0,"comment_status":"closed","ping_status":"closed","template":"","meta":{"_acf_changed":false,"_bbp_topic_count":0,"_bbp_reply_count":0,"_bbp_total_topic_count":0,"_bbp_total_reply_count":0,"_bbp_voice_count":0,"_bbp_anonymous_reply_count":0,"_bbp_topic_count_hidden":0,"_bbp_reply_count_hidden":0,"_bbp_forum_subforum_count":0,"footnotes":""},"class_list":["post-19873","page","type-page","status-publish","hentry"],"acf":[],"yoast_head":"<!-- This site is optimized with the Yoast SEO plugin v26.4 - https:\/\/yoast.com\/wordpress\/plugins\/seo\/ -->\n<title>Thesen f\u00fcr die Neue Welt des 21. Jahrhunderts - Malik Management<\/title>\n<meta name=\"robots\" content=\"index, follow, max-snippet:-1, max-image-preview:large, max-video-preview:-1\" \/>\n<link rel=\"canonical\" href=\"https:\/\/www.malik-management.com\/de\/thesen-fuer-die-neue-welt-des-21-jahrhunderts\/\" \/>\n<meta property=\"og:locale\" content=\"de_DE\" \/>\n<meta property=\"og:type\" content=\"article\" \/>\n<meta property=\"og:title\" content=\"Thesen f\u00fcr die Neue Welt des 21. Jahrhunderts - Malik Management\" \/>\n<meta property=\"og:url\" content=\"https:\/\/www.malik-management.com\/de\/thesen-fuer-die-neue-welt-des-21-jahrhunderts\/\" \/>\n<meta property=\"og:site_name\" content=\"Malik Management\" \/>\n<meta property=\"article:modified_time\" content=\"2024-03-19T02:06:07+00:00\" \/>\n<meta name=\"twitter:card\" content=\"summary_large_image\" \/>\n<meta name=\"twitter:label1\" content=\"Gesch\u00e4tzte Lesezeit\" \/>\n\t<meta name=\"twitter:data1\" content=\"4\u00a0Minuten\" \/>\n<script type=\"application\/ld+json\" class=\"yoast-schema-graph\">{\"@context\":\"https:\/\/schema.org\",\"@graph\":[{\"@type\":\"WebPage\",\"@id\":\"https:\/\/www.malik-management.com\/de\/thesen-fuer-die-neue-welt-des-21-jahrhunderts\/\",\"url\":\"https:\/\/www.malik-management.com\/de\/thesen-fuer-die-neue-welt-des-21-jahrhunderts\/\",\"name\":\"Thesen f\u00fcr die Neue Welt des 21. Jahrhunderts - Malik Management\",\"isPartOf\":{\"@id\":\"https:\/\/www.malik-management.com\/de\/#website\"},\"datePublished\":\"2017-09-18T04:57:03+00:00\",\"dateModified\":\"2024-03-19T02:06:07+00:00\",\"breadcrumb\":{\"@id\":\"https:\/\/www.malik-management.com\/de\/thesen-fuer-die-neue-welt-des-21-jahrhunderts\/#breadcrumb\"},\"inLanguage\":\"de\",\"potentialAction\":[{\"@type\":\"ReadAction\",\"target\":[\"https:\/\/www.malik-management.com\/de\/thesen-fuer-die-neue-welt-des-21-jahrhunderts\/\"]}]},{\"@type\":\"BreadcrumbList\",\"@id\":\"https:\/\/www.malik-management.com\/de\/thesen-fuer-die-neue-welt-des-21-jahrhunderts\/#breadcrumb\",\"itemListElement\":[{\"@type\":\"ListItem\",\"position\":1,\"name\":\"Home\",\"item\":\"https:\/\/www.malik-management.com\/de\/\"},{\"@type\":\"ListItem\",\"position\":2,\"name\":\"Thesen f\u00fcr die Neue Welt des 21. Jahrhunderts\"}]},{\"@type\":\"WebSite\",\"@id\":\"https:\/\/www.malik-management.com\/de\/#website\",\"url\":\"https:\/\/www.malik-management.com\/de\/\",\"name\":\"Malik Management\",\"description\":\"Beyond conventional management\",\"publisher\":{\"@id\":\"https:\/\/www.malik-management.com\/de\/#organization\"},\"potentialAction\":[{\"@type\":\"SearchAction\",\"target\":{\"@type\":\"EntryPoint\",\"urlTemplate\":\"https:\/\/www.malik-management.com\/de\/?s={search_term_string}\"},\"query-input\":{\"@type\":\"PropertyValueSpecification\",\"valueRequired\":true,\"valueName\":\"search_term_string\"}}],\"inLanguage\":\"de\"},{\"@type\":\"Organization\",\"@id\":\"https:\/\/www.malik-management.com\/de\/#organization\",\"name\":\"malik international AG\",\"url\":\"https:\/\/www.malik-management.com\/de\/\",\"logo\":{\"@type\":\"ImageObject\",\"inLanguage\":\"de\",\"@id\":\"https:\/\/www.malik-management.com\/de\/#\/schema\/logo\/image\/\",\"url\":\"https:\/\/www.malik-management.com\/wp-content\/uploads\/2018\/09\/Logo_malik_weiss-klein3.png\",\"contentUrl\":\"https:\/\/www.malik-management.com\/wp-content\/uploads\/2018\/09\/Logo_malik_weiss-klein3.png\",\"width\":140,\"height\":41,\"caption\":\"malik international AG\"},\"image\":{\"@id\":\"https:\/\/www.malik-management.com\/de\/#\/schema\/logo\/image\/\"},\"sameAs\":[\"https:\/\/www.linkedin.com\/company\/30160\",\"https:\/\/www.youtube.com\/user\/malikmanagement\"]}]}<\/script>\n<!-- \/ Yoast SEO plugin. -->","yoast_head_json":{"title":"Thesen f\u00fcr die Neue Welt des 21. Jahrhunderts - Malik Management","robots":{"index":"index","follow":"follow","max-snippet":"max-snippet:-1","max-image-preview":"max-image-preview:large","max-video-preview":"max-video-preview:-1"},"canonical":"https:\/\/www.malik-management.com\/de\/thesen-fuer-die-neue-welt-des-21-jahrhunderts\/","og_locale":"de_DE","og_type":"article","og_title":"Thesen f\u00fcr die Neue Welt des 21. Jahrhunderts - Malik Management","og_url":"https:\/\/www.malik-management.com\/de\/thesen-fuer-die-neue-welt-des-21-jahrhunderts\/","og_site_name":"Malik Management","article_modified_time":"2024-03-19T02:06:07+00:00","twitter_card":"summary_large_image","twitter_misc":{"Gesch\u00e4tzte Lesezeit":"4\u00a0Minuten"},"schema":{"@context":"https:\/\/schema.org","@graph":[{"@type":"WebPage","@id":"https:\/\/www.malik-management.com\/de\/thesen-fuer-die-neue-welt-des-21-jahrhunderts\/","url":"https:\/\/www.malik-management.com\/de\/thesen-fuer-die-neue-welt-des-21-jahrhunderts\/","name":"Thesen f\u00fcr die Neue Welt des 21. Jahrhunderts - Malik Management","isPartOf":{"@id":"https:\/\/www.malik-management.com\/de\/#website"},"datePublished":"2017-09-18T04:57:03+00:00","dateModified":"2024-03-19T02:06:07+00:00","breadcrumb":{"@id":"https:\/\/www.malik-management.com\/de\/thesen-fuer-die-neue-welt-des-21-jahrhunderts\/#breadcrumb"},"inLanguage":"de","potentialAction":[{"@type":"ReadAction","target":["https:\/\/www.malik-management.com\/de\/thesen-fuer-die-neue-welt-des-21-jahrhunderts\/"]}]},{"@type":"BreadcrumbList","@id":"https:\/\/www.malik-management.com\/de\/thesen-fuer-die-neue-welt-des-21-jahrhunderts\/#breadcrumb","itemListElement":[{"@type":"ListItem","position":1,"name":"Home","item":"https:\/\/www.malik-management.com\/de\/"},{"@type":"ListItem","position":2,"name":"Thesen f\u00fcr die Neue Welt des 21. Jahrhunderts"}]},{"@type":"WebSite","@id":"https:\/\/www.malik-management.com\/de\/#website","url":"https:\/\/www.malik-management.com\/de\/","name":"Malik Management","description":"Beyond conventional management","publisher":{"@id":"https:\/\/www.malik-management.com\/de\/#organization"},"potentialAction":[{"@type":"SearchAction","target":{"@type":"EntryPoint","urlTemplate":"https:\/\/www.malik-management.com\/de\/?s={search_term_string}"},"query-input":{"@type":"PropertyValueSpecification","valueRequired":true,"valueName":"search_term_string"}}],"inLanguage":"de"},{"@type":"Organization","@id":"https:\/\/www.malik-management.com\/de\/#organization","name":"malik international AG","url":"https:\/\/www.malik-management.com\/de\/","logo":{"@type":"ImageObject","inLanguage":"de","@id":"https:\/\/www.malik-management.com\/de\/#\/schema\/logo\/image\/","url":"https:\/\/www.malik-management.com\/wp-content\/uploads\/2018\/09\/Logo_malik_weiss-klein3.png","contentUrl":"https:\/\/www.malik-management.com\/wp-content\/uploads\/2018\/09\/Logo_malik_weiss-klein3.png","width":140,"height":41,"caption":"malik international AG"},"image":{"@id":"https:\/\/www.malik-management.com\/de\/#\/schema\/logo\/image\/"},"sameAs":["https:\/\/www.linkedin.com\/company\/30160","https:\/\/www.youtube.com\/user\/malikmanagement"]}]}},"_links":{"self":[{"href":"https:\/\/www.malik-management.com\/de\/wp-json\/wp\/v2\/pages\/19873","targetHints":{"allow":["GET"]}}],"collection":[{"href":"https:\/\/www.malik-management.com\/de\/wp-json\/wp\/v2\/pages"}],"about":[{"href":"https:\/\/www.malik-management.com\/de\/wp-json\/wp\/v2\/types\/page"}],"author":[{"embeddable":true,"href":"https:\/\/www.malik-management.com\/de\/wp-json\/wp\/v2\/users\/17"}],"replies":[{"embeddable":true,"href":"https:\/\/www.malik-management.com\/de\/wp-json\/wp\/v2\/comments?post=19873"}],"version-history":[{"count":4,"href":"https:\/\/www.malik-management.com\/de\/wp-json\/wp\/v2\/pages\/19873\/revisions"}],"predecessor-version":[{"id":28161,"href":"https:\/\/www.malik-management.com\/de\/wp-json\/wp\/v2\/pages\/19873\/revisions\/28161"}],"wp:attachment":[{"href":"https:\/\/www.malik-management.com\/de\/wp-json\/wp\/v2\/media?parent=19873"}],"curies":[{"name":"wp","href":"https:\/\/api.w.org\/{rel}","templated":true}]}}