{"id":20760,"date":"2015-08-14T13:18:27","date_gmt":"2015-08-14T11:18:27","guid":{"rendered":"https:\/\/blog.malik-management.com\/?page_id=4074"},"modified":"2015-08-14T13:18:27","modified_gmt":"2015-08-14T11:18:27","slug":"feudal-besitz-und-eigentum-zur-geldgenetischen-machttheorie-der-paul-c-martin-schueler","status":"publish","type":"page","link":"https:\/\/www.malik-management.com\/de\/feudal-besitz-und-eigentum-zur-geldgenetischen-machttheorie-der-paul-c-martin-schueler\/","title":{"rendered":"Feudal-Besitz und Eigentum: Zur geldgenetischen Machttheorie der Paul C. Martin-Sch\u00fcler"},"content":{"rendered":"<p><a title=\"Heinsohn-Antworten\" href=\"https:\/\/blog.malik-management.com\/heinsohn-antworten\/\">zur \u00dcbersicht der Artikel und Antworten<\/a><br \/>\n&nbsp;<br \/>\n<strong>Prof. Dr. Dr. Gunnar Heinsohn, Bremen am 11.08.2015:<\/strong><br \/>\n<img decoding=\"async\" class=\"alignleft\" style=\"margin-right: 15px;\" title=\"Prof. Dr. Dr. Gunnar Heinsohn\" src=\"https:\/\/blog.malik-management.com\/wp-content\/uploads\/2011\/12\/malik-blog-heinsohn21.jpg\" alt=\"\" width=\"90\" height=\"120\" \/><br \/>\nFeudalismus bestimmt die mykenische Epoche, die Territorien von Kleinasien \u00fcber Italien und Sizilien bis nach S\u00fcdfrankreich umfasst. Diese bronzezeitliche Hochkultur schreibt, erstellt Z\u00e4hlungslisten und bearbeitet Edelmetalle so meisterlich, dass die verstorbenen Burg-Herren mit goldenen Masken ins Grab gehen. Hier scheint ein perfekter Raum f\u00fcr die Geldentstehung zu existieren und doch hat er die Forschung entt\u00e4uscht:<\/p>\n<blockquote><p>\u201c<em>Was wir von diesem \u00f6konomischen System zu erkennen verm\u00f6gen, ist einzig und allein die Aktivit\u00e4t des Palastes, der \u2013 wenn etwas zu tun ist \u2013 den Untertanen des K\u00f6nigs Produkte und zweifellos auch manches andere abpresst, aber auch Rationen und Material aush\u00e4ndigt. Dabei notiert man exakt, was empfangen oder ausgegeben wird und werden sollte. Es gibt keinen Hinweis auf Aktivit\u00e4ten ausserhalb des Palastsystems, von dem anzunehmen ist, dass es das ganze Land erfasste. Nichts deutet auf Geld oder auf einen Standard hin, mit dem Werte h\u00e4tten verglichen werden k\u00f6nnen; die Gegenst\u00e4nde wurden jeweils f\u00fcr sich gez\u00e4hlt, gewogen oder gemessen.<\/em>\u201d (<em>A. Andrewes, Greek Society (1967), <\/em>Harmondsworth: Penguin Books, 1971, S. 29).<\/p><\/blockquote>\n<p>Andrewes h\u00e4lt das greifbare Geldst\u00fcck f\u00fcr das Entscheidende am Geldwesen und muss ratlos zur\u00fcckbleiben, weil er es im mykenischen Raum trotz vermeintlich idealer Bedingungen nicht findet. Wenn aber jenseits des physischen Besitzes liegendes Eigentum als Besicherungmittel Geld erst m\u00f6glich macht, dann h\u00e4tte er die Abwesenheit von Geld gerade aus der Macht der Feudalherren erkl\u00e4rt, die \u00fcber Besitz verf\u00fcgen, aber Eigentum nicht kennen. Der Feudalherr vergr\u00f6ssert Besitz durch Gewalt oder Heirat und verliert ihn zumeist durch milit\u00e4rische Mittel noch st\u00e4rkerer Besitzer.<br \/>\nDie Eigentumsgesellschaft hingegen ist dadurch gekennzeichnet, dass die Emitteure von Geld eine vertraglich geregelte Einl\u00f6sung in ihr \u2013 dabei abzutretendes \u2013 Eigentum hinnehmen m\u00fcssen, wenn jemand ihre Noten (aus welchem Material auch immer) nicht mehr halten will. Ihre Partner, die Schuldner, wiederum m\u00fcssen Vollstreckung gegen ihr verpf\u00e4ndetes Eigentum hinnehmen, wenn sie nicht fristgem\u00e4ss tilgen. Beide Seiten d\u00fcrfen feudale Gewalt nicht mehr anwenden, um durch Vertrag und gerade nicht durch Macht geregelte Einl\u00f6sung oder Vollstreckung zu verhindern. Greifen sie trotzdem zur Waffe, sind sie Kriminelle, aber keine respektierten B\u00fcrger.<br \/>\nAndrewes h\u00e4tte nur bei Lukrez (99-55 v.u.Z<strong>.; <\/strong><em>De Rerum Natura<\/em>, V: 1113-1114) nachlesen m\u00fcssen, warum es bei den mykenischen Feudalherren kein Geld gibt:<\/p>\n<blockquote><p>\u201e<em>Sp\u00e4ter erst [nach der Burgenherrschaft] kam das Privateigentum mit dem Geld, welches die Starken und Sch\u00f6nen der fr\u00fcheren Ehre leicht beraubte<\/em>.\u201c<\/p><\/blockquote>\n<p><strong>Weil den Feudalherren verpf\u00e4nd- und belastbares Eigentum fehlt, haben sie nur Macht \u00fcber Besitz, aber kein Geld.<\/strong><br \/>\nFreilich verbl\u00fcfft, dass kleine Leute allm\u00e4hlich reicher werden als adlige Besitzherren, weil sie sich als siegreiche Rebellen Feudalg\u00fcter aufteilen, an ihren Anteilen dann die Potenzen der Verpf\u00e4ndung und Besicherung erkennen, die sie gleichzeitig und zus\u00e4tzlich zu den Besitzpotenzen der physischen Nutzung oder Verpachtung\/Belehnung exekutieren, woraus ihre \u00fcberlegene Dynamik resultiert. Gleichwohl passiert dort, wo wir Einblick haben, eben dieses: Theseus entmachtet mykenische K\u00f6nige, Romulus zieht mit seinem w\u00f6lfischen Lumpenpack (Luperci) gegen den F\u00fcrsten Aemulius, Schweizer vertreiben Habsburger Grundbesitzer, Englands Lollarden werfen die Leibeigenschaft gegen ihre Lords ab. Immer sehen wir die Eigentumsgesellschaft als Ergebnis des Zerschlagens von Feudal-Besitz.<br \/>\nDas schliesst nun keineswegs aus, dass ehemalige Mitglieder der Feudalkaste in der neuen Gesellschaft zwar ihre Vorrechte verlieren, aber zu Grosseigent\u00fcmern aufsteigen und umgangssprachlich dann sogar von Geld-Adel, Kohle-Baronen und Industrie-K\u00f6nigen gesprochen wird.<br \/>\nDoch von diesen Kennzeichnungen darf man sich nicht t\u00e4uschen lassen. Auch diese \u201eReichen\u201c m\u00fcssen n\u00e4mlich tagt\u00e4glich die Preise ihrer Verm\u00f6gen dadurch verteidigen, dass sie ihre Besitzseiten permanent modernisieren, wof\u00fcr sie die Eigentumsseiten mit Verlustrisiko verpf\u00e4nden, um die erforderlichen Investitionsgelder in die Hand zu bekommen.<br \/>\nW\u00e4hrend m\u00e4chtige Feudalbesitzer die Gewalt St\u00e4rkerer f\u00fcrchten, zittern die Eigent\u00fcmer vor der Entwertung ihrer Verm\u00f6gen durch Konkurrenten, die gerade nicht mit Gewalt operieren, sondern mit pfiffigen Einf\u00e4llen. Diese k\u00f6nnen den Preis einer riesigen Fabrik sehr schnell auf Null bringen, weil sie Besseres anbieten und\/oder einem K\u00e4ufer aufgrund h\u00f6herer Produktivit\u00e4t weniger Geld abfordern.<br \/>\nMachtvollen Feudalbesitzern ist Geld also systemisch fremd, aber auch die Eigentumsb\u00fcrger d\u00fcrfen nicht ohnm\u00e4chtig sein. F\u00fcr die Verteidigung des Eigentums gegen feudale \u00dcbergriffe und vertragsbr\u00fcchige Gl\u00e4ubiger oder Schuldner aus den eigenen Reihen schaffen sie sich deshalb staatliche Gewalt-Instanzen. Die m\u00f6gen nicht weniger gef\u00fcrchtet werden als zuvor die Grossbesitzer auf ihren machtvollen Zwingburgen.<\/p>\n","protected":false},"excerpt":{"rendered":"<p>zur \u00dcbersicht der Artikel und Antworten &nbsp; Prof. Dr. Dr. Gunnar Heinsohn, Bremen am 11.08.2015: Feudalismus bestimmt die mykenische Epoche, die Territorien von Kleinasien \u00fcber Italien und Sizilien bis nach S\u00fcdfrankreich umfasst. Diese bronzezeitliche Hochkultur schreibt, erstellt Z\u00e4hlungslisten und bearbeitet Edelmetalle so meisterlich, dass die verstorbenen Burg-Herren mit goldenen Masken ins Grab gehen. Hier scheint ein perfekter Raum f\u00fcr die  [&#8230;]<\/p>\n","protected":false},"author":3,"featured_media":0,"parent":0,"menu_order":0,"comment_status":"open","ping_status":"open","template":"","meta":{"_acf_changed":false,"_bbp_topic_count":0,"_bbp_reply_count":0,"_bbp_total_topic_count":0,"_bbp_total_reply_count":0,"_bbp_voice_count":0,"_bbp_anonymous_reply_count":0,"_bbp_topic_count_hidden":0,"_bbp_reply_count_hidden":0,"_bbp_forum_subforum_count":0,"footnotes":""},"class_list":["post-20760","page","type-page","status-publish","hentry"],"acf":[],"yoast_head":"<!-- This site is optimized with the Yoast SEO plugin v26.4 - https:\/\/yoast.com\/wordpress\/plugins\/seo\/ -->\n<title>Feudal-Besitz und Eigentum: Zur geldgenetischen Machttheorie der Paul C. Martin-Sch\u00fcler - Malik Management<\/title>\n<meta name=\"robots\" content=\"index, follow, max-snippet:-1, max-image-preview:large, max-video-preview:-1\" \/>\n<link rel=\"canonical\" href=\"https:\/\/www.malik-management.com\/de\/feudal-besitz-und-eigentum-zur-geldgenetischen-machttheorie-der-paul-c-martin-schueler\/\" \/>\n<meta property=\"og:locale\" content=\"de_DE\" \/>\n<meta property=\"og:type\" content=\"article\" \/>\n<meta property=\"og:title\" content=\"Feudal-Besitz und Eigentum: Zur geldgenetischen Machttheorie der Paul C. Martin-Sch\u00fcler - Malik Management\" \/>\n<meta property=\"og:description\" content=\"zur \u00dcbersicht der Artikel und Antworten &nbsp; Prof. Dr. Dr. Gunnar Heinsohn, Bremen am 11.08.2015: Feudalismus bestimmt die mykenische Epoche, die Territorien von Kleinasien \u00fcber Italien und Sizilien bis nach S\u00fcdfrankreich umfasst. Diese bronzezeitliche Hochkultur schreibt, erstellt Z\u00e4hlungslisten und bearbeitet Edelmetalle so meisterlich, dass die verstorbenen Burg-Herren mit goldenen Masken ins Grab gehen. Hier scheint ein perfekter Raum f\u00fcr die [...]\" \/>\n<meta property=\"og:url\" content=\"https:\/\/www.malik-management.com\/de\/feudal-besitz-und-eigentum-zur-geldgenetischen-machttheorie-der-paul-c-martin-schueler\/\" \/>\n<meta property=\"og:site_name\" content=\"Malik Management\" \/>\n<meta property=\"og:image\" content=\"https:\/\/blog.malik-management.com\/wp-content\/uploads\/2011\/12\/malik-blog-heinsohn21.jpg\" \/>\n<meta name=\"twitter:card\" content=\"summary_large_image\" \/>\n<meta name=\"twitter:label1\" content=\"Gesch\u00e4tzte Lesezeit\" \/>\n\t<meta name=\"twitter:data1\" content=\"4\u00a0Minuten\" \/>\n<script type=\"application\/ld+json\" class=\"yoast-schema-graph\">{\"@context\":\"https:\/\/schema.org\",\"@graph\":[{\"@type\":\"WebPage\",\"@id\":\"https:\/\/www.malik-management.com\/de\/feudal-besitz-und-eigentum-zur-geldgenetischen-machttheorie-der-paul-c-martin-schueler\/\",\"url\":\"https:\/\/www.malik-management.com\/de\/feudal-besitz-und-eigentum-zur-geldgenetischen-machttheorie-der-paul-c-martin-schueler\/\",\"name\":\"Feudal-Besitz und Eigentum: Zur geldgenetischen Machttheorie der Paul C. Martin-Sch\u00fcler - Malik Management\",\"isPartOf\":{\"@id\":\"https:\/\/www.malik-management.com\/de\/#website\"},\"primaryImageOfPage\":{\"@id\":\"https:\/\/www.malik-management.com\/de\/feudal-besitz-und-eigentum-zur-geldgenetischen-machttheorie-der-paul-c-martin-schueler\/#primaryimage\"},\"image\":{\"@id\":\"https:\/\/www.malik-management.com\/de\/feudal-besitz-und-eigentum-zur-geldgenetischen-machttheorie-der-paul-c-martin-schueler\/#primaryimage\"},\"thumbnailUrl\":\"https:\/\/blog.malik-management.com\/wp-content\/uploads\/2011\/12\/malik-blog-heinsohn21.jpg\",\"datePublished\":\"2015-08-14T11:18:27+00:00\",\"breadcrumb\":{\"@id\":\"https:\/\/www.malik-management.com\/de\/feudal-besitz-und-eigentum-zur-geldgenetischen-machttheorie-der-paul-c-martin-schueler\/#breadcrumb\"},\"inLanguage\":\"de\",\"potentialAction\":[{\"@type\":\"ReadAction\",\"target\":[\"https:\/\/www.malik-management.com\/de\/feudal-besitz-und-eigentum-zur-geldgenetischen-machttheorie-der-paul-c-martin-schueler\/\"]}]},{\"@type\":\"ImageObject\",\"inLanguage\":\"de\",\"@id\":\"https:\/\/www.malik-management.com\/de\/feudal-besitz-und-eigentum-zur-geldgenetischen-machttheorie-der-paul-c-martin-schueler\/#primaryimage\",\"url\":\"https:\/\/blog.malik-management.com\/wp-content\/uploads\/2011\/12\/malik-blog-heinsohn21.jpg\",\"contentUrl\":\"https:\/\/blog.malik-management.com\/wp-content\/uploads\/2011\/12\/malik-blog-heinsohn21.jpg\"},{\"@type\":\"BreadcrumbList\",\"@id\":\"https:\/\/www.malik-management.com\/de\/feudal-besitz-und-eigentum-zur-geldgenetischen-machttheorie-der-paul-c-martin-schueler\/#breadcrumb\",\"itemListElement\":[{\"@type\":\"ListItem\",\"position\":1,\"name\":\"Home\",\"item\":\"https:\/\/www.malik-management.com\/de\/\"},{\"@type\":\"ListItem\",\"position\":2,\"name\":\"Feudal-Besitz und Eigentum: Zur geldgenetischen Machttheorie der Paul C. Martin-Sch\u00fcler\"}]},{\"@type\":\"WebSite\",\"@id\":\"https:\/\/www.malik-management.com\/de\/#website\",\"url\":\"https:\/\/www.malik-management.com\/de\/\",\"name\":\"Malik Management\",\"description\":\"Beyond conventional management\",\"publisher\":{\"@id\":\"https:\/\/www.malik-management.com\/de\/#organization\"},\"potentialAction\":[{\"@type\":\"SearchAction\",\"target\":{\"@type\":\"EntryPoint\",\"urlTemplate\":\"https:\/\/www.malik-management.com\/de\/?s={search_term_string}\"},\"query-input\":{\"@type\":\"PropertyValueSpecification\",\"valueRequired\":true,\"valueName\":\"search_term_string\"}}],\"inLanguage\":\"de\"},{\"@type\":\"Organization\",\"@id\":\"https:\/\/www.malik-management.com\/de\/#organization\",\"name\":\"malik international AG\",\"url\":\"https:\/\/www.malik-management.com\/de\/\",\"logo\":{\"@type\":\"ImageObject\",\"inLanguage\":\"de\",\"@id\":\"https:\/\/www.malik-management.com\/de\/#\/schema\/logo\/image\/\",\"url\":\"https:\/\/www.malik-management.com\/wp-content\/uploads\/2018\/09\/Logo_malik_weiss-klein3.png\",\"contentUrl\":\"https:\/\/www.malik-management.com\/wp-content\/uploads\/2018\/09\/Logo_malik_weiss-klein3.png\",\"width\":140,\"height\":41,\"caption\":\"malik international AG\"},\"image\":{\"@id\":\"https:\/\/www.malik-management.com\/de\/#\/schema\/logo\/image\/\"},\"sameAs\":[\"https:\/\/www.linkedin.com\/company\/30160\",\"https:\/\/www.youtube.com\/user\/malikmanagement\"]}]}<\/script>\n<!-- \/ Yoast SEO plugin. -->","yoast_head_json":{"title":"Feudal-Besitz und Eigentum: Zur geldgenetischen Machttheorie der Paul C. Martin-Sch\u00fcler - Malik Management","robots":{"index":"index","follow":"follow","max-snippet":"max-snippet:-1","max-image-preview":"max-image-preview:large","max-video-preview":"max-video-preview:-1"},"canonical":"https:\/\/www.malik-management.com\/de\/feudal-besitz-und-eigentum-zur-geldgenetischen-machttheorie-der-paul-c-martin-schueler\/","og_locale":"de_DE","og_type":"article","og_title":"Feudal-Besitz und Eigentum: Zur geldgenetischen Machttheorie der Paul C. Martin-Sch\u00fcler - Malik Management","og_description":"zur \u00dcbersicht der Artikel und Antworten &nbsp; Prof. Dr. Dr. Gunnar Heinsohn, Bremen am 11.08.2015: Feudalismus bestimmt die mykenische Epoche, die Territorien von Kleinasien \u00fcber Italien und Sizilien bis nach S\u00fcdfrankreich umfasst. Diese bronzezeitliche Hochkultur schreibt, erstellt Z\u00e4hlungslisten und bearbeitet Edelmetalle so meisterlich, dass die verstorbenen Burg-Herren mit goldenen Masken ins Grab gehen. Hier scheint ein perfekter Raum f\u00fcr die [...]","og_url":"https:\/\/www.malik-management.com\/de\/feudal-besitz-und-eigentum-zur-geldgenetischen-machttheorie-der-paul-c-martin-schueler\/","og_site_name":"Malik Management","og_image":[{"url":"https:\/\/blog.malik-management.com\/wp-content\/uploads\/2011\/12\/malik-blog-heinsohn21.jpg","type":"","width":"","height":""}],"twitter_card":"summary_large_image","twitter_misc":{"Gesch\u00e4tzte Lesezeit":"4\u00a0Minuten"},"schema":{"@context":"https:\/\/schema.org","@graph":[{"@type":"WebPage","@id":"https:\/\/www.malik-management.com\/de\/feudal-besitz-und-eigentum-zur-geldgenetischen-machttheorie-der-paul-c-martin-schueler\/","url":"https:\/\/www.malik-management.com\/de\/feudal-besitz-und-eigentum-zur-geldgenetischen-machttheorie-der-paul-c-martin-schueler\/","name":"Feudal-Besitz und Eigentum: Zur geldgenetischen Machttheorie der Paul C. Martin-Sch\u00fcler - Malik Management","isPartOf":{"@id":"https:\/\/www.malik-management.com\/de\/#website"},"primaryImageOfPage":{"@id":"https:\/\/www.malik-management.com\/de\/feudal-besitz-und-eigentum-zur-geldgenetischen-machttheorie-der-paul-c-martin-schueler\/#primaryimage"},"image":{"@id":"https:\/\/www.malik-management.com\/de\/feudal-besitz-und-eigentum-zur-geldgenetischen-machttheorie-der-paul-c-martin-schueler\/#primaryimage"},"thumbnailUrl":"https:\/\/blog.malik-management.com\/wp-content\/uploads\/2011\/12\/malik-blog-heinsohn21.jpg","datePublished":"2015-08-14T11:18:27+00:00","breadcrumb":{"@id":"https:\/\/www.malik-management.com\/de\/feudal-besitz-und-eigentum-zur-geldgenetischen-machttheorie-der-paul-c-martin-schueler\/#breadcrumb"},"inLanguage":"de","potentialAction":[{"@type":"ReadAction","target":["https:\/\/www.malik-management.com\/de\/feudal-besitz-und-eigentum-zur-geldgenetischen-machttheorie-der-paul-c-martin-schueler\/"]}]},{"@type":"ImageObject","inLanguage":"de","@id":"https:\/\/www.malik-management.com\/de\/feudal-besitz-und-eigentum-zur-geldgenetischen-machttheorie-der-paul-c-martin-schueler\/#primaryimage","url":"https:\/\/blog.malik-management.com\/wp-content\/uploads\/2011\/12\/malik-blog-heinsohn21.jpg","contentUrl":"https:\/\/blog.malik-management.com\/wp-content\/uploads\/2011\/12\/malik-blog-heinsohn21.jpg"},{"@type":"BreadcrumbList","@id":"https:\/\/www.malik-management.com\/de\/feudal-besitz-und-eigentum-zur-geldgenetischen-machttheorie-der-paul-c-martin-schueler\/#breadcrumb","itemListElement":[{"@type":"ListItem","position":1,"name":"Home","item":"https:\/\/www.malik-management.com\/de\/"},{"@type":"ListItem","position":2,"name":"Feudal-Besitz und Eigentum: Zur geldgenetischen Machttheorie der Paul C. Martin-Sch\u00fcler"}]},{"@type":"WebSite","@id":"https:\/\/www.malik-management.com\/de\/#website","url":"https:\/\/www.malik-management.com\/de\/","name":"Malik Management","description":"Beyond conventional management","publisher":{"@id":"https:\/\/www.malik-management.com\/de\/#organization"},"potentialAction":[{"@type":"SearchAction","target":{"@type":"EntryPoint","urlTemplate":"https:\/\/www.malik-management.com\/de\/?s={search_term_string}"},"query-input":{"@type":"PropertyValueSpecification","valueRequired":true,"valueName":"search_term_string"}}],"inLanguage":"de"},{"@type":"Organization","@id":"https:\/\/www.malik-management.com\/de\/#organization","name":"malik international AG","url":"https:\/\/www.malik-management.com\/de\/","logo":{"@type":"ImageObject","inLanguage":"de","@id":"https:\/\/www.malik-management.com\/de\/#\/schema\/logo\/image\/","url":"https:\/\/www.malik-management.com\/wp-content\/uploads\/2018\/09\/Logo_malik_weiss-klein3.png","contentUrl":"https:\/\/www.malik-management.com\/wp-content\/uploads\/2018\/09\/Logo_malik_weiss-klein3.png","width":140,"height":41,"caption":"malik international AG"},"image":{"@id":"https:\/\/www.malik-management.com\/de\/#\/schema\/logo\/image\/"},"sameAs":["https:\/\/www.linkedin.com\/company\/30160","https:\/\/www.youtube.com\/user\/malikmanagement"]}]}},"_links":{"self":[{"href":"https:\/\/www.malik-management.com\/de\/wp-json\/wp\/v2\/pages\/20760","targetHints":{"allow":["GET"]}}],"collection":[{"href":"https:\/\/www.malik-management.com\/de\/wp-json\/wp\/v2\/pages"}],"about":[{"href":"https:\/\/www.malik-management.com\/de\/wp-json\/wp\/v2\/types\/page"}],"author":[{"embeddable":true,"href":"https:\/\/www.malik-management.com\/de\/wp-json\/wp\/v2\/users\/3"}],"replies":[{"embeddable":true,"href":"https:\/\/www.malik-management.com\/de\/wp-json\/wp\/v2\/comments?post=20760"}],"version-history":[{"count":0,"href":"https:\/\/www.malik-management.com\/de\/wp-json\/wp\/v2\/pages\/20760\/revisions"}],"wp:attachment":[{"href":"https:\/\/www.malik-management.com\/de\/wp-json\/wp\/v2\/media?parent=20760"}],"curies":[{"name":"wp","href":"https:\/\/api.w.org\/{rel}","templated":true}]}}