{"id":21696,"date":"2018-08-27T12:31:50","date_gmt":"2018-08-27T12:31:50","guid":{"rendered":"https:\/\/www.malik-management.com\/?page_id=21696"},"modified":"2024-03-19T02:59:02","modified_gmt":"2024-03-19T01:59:02","slug":"vorwort-effective-executive","status":"publish","type":"page","link":"https:\/\/www.malik-management.com\/de\/ueber-uns\/publikationen\/vorwort-effective-executive\/","title":{"rendered":"Vorwort von Prof. Malik zu &#8222;The Effective Executive&#8220;"},"content":{"rendered":"<p><div class=\"fusion-fullwidth fullwidth-box fusion-builder-row-1 nonhundred-percent-fullwidth non-hundred-percent-height-scrolling\" style=\"--awb-border-radius-top-left:0px;--awb-border-radius-top-right:0px;--awb-border-radius-bottom-right:0px;--awb-border-radius-bottom-left:0px;--awb-flex-wrap:wrap;\" ><div class=\"fusion-builder-row fusion-row\"><div class=\"fusion-layout-column fusion_builder_column fusion-builder-column-0 fusion_builder_column_1_1 1_1 fusion-one-full fusion-column-first fusion-column-last\" style=\"--awb-bg-size:cover;\"><div class=\"fusion-column-wrapper fusion-flex-column-wrapper-legacy\"><div class=\"fusion-text fusion-text-1\"><h2>Vorwort von Prof. Dr. Fredmund Malik zu &#8222;The Effective Executive&#8220;<\/h2>\n<\/div><div class=\"fusion-clearfix\"><\/div><\/div><\/div><\/div><\/div><div class=\"fusion-fullwidth fullwidth-box fusion-builder-row-2 nonhundred-percent-fullwidth non-hundred-percent-height-scrolling\" style=\"--awb-border-radius-top-left:0px;--awb-border-radius-top-right:0px;--awb-border-radius-bottom-right:0px;--awb-border-radius-bottom-left:0px;--awb-flex-wrap:wrap;\" ><div class=\"fusion-builder-row fusion-row\"><div class=\"fusion-layout-column fusion_builder_column fusion-builder-column-1 fusion_builder_column_1_3 1_3 fusion-one-third fusion-column-first\" style=\"--awb-bg-size:cover;width:33.333333333333%;width:calc(33.333333333333% - ( ( 4% ) * 0.33333333333333 ) );margin-right: 4%;\"><div class=\"fusion-column-wrapper fusion-flex-column-wrapper-legacy\"><div class=\"fusion-image-element in-legacy-container\" style=\"--awb-caption-title-font-family:var(--h2_typography-font-family);--awb-caption-title-font-weight:var(--h2_typography-font-weight);--awb-caption-title-font-style:var(--h2_typography-font-style);--awb-caption-title-size:var(--h2_typography-font-size);--awb-caption-title-transform:var(--h2_typography-text-transform);--awb-caption-title-line-height:var(--h2_typography-line-height);--awb-caption-title-letter-spacing:var(--h2_typography-letter-spacing);\"><span class=\" fusion-imageframe imageframe-none imageframe-1 hover-type-none\"><img decoding=\"async\" width=\"162\" height=\"300\" title=\"TheEffectiveExecutiveCover\" src=\"https:\/\/www.malik-management.com\/wp-content\/uploads\/2018\/08\/TheEffectiveExecutiveCover-162x300.jpg\" alt class=\"img-responsive wp-image-21708\"\/><\/span><\/div><div class=\"fusion-clearfix\"><\/div><\/div><\/div><div class=\"fusion-layout-column fusion_builder_column fusion-builder-column-2 fusion_builder_column_2_3 2_3 fusion-two-third fusion-column-last\" style=\"--awb-bg-size:cover;width:66.666666666667%;width:calc(66.666666666667% - ( ( 4% ) * 0.66666666666667 ) );\"><div class=\"fusion-column-wrapper fusion-flex-column-wrapper-legacy\"><div class=\"fusion-text fusion-text-2\"><p>&#8222;The Effective Executive&#8220; geh\u00f6rt zu den wichtigsten Werken von Peter F. Drucker, und in gewisser Weise ist es sogar das wichtigste der mehr als 40 B\u00fccher, die er in seinem Leben schrieb.<\/p>\n<p>Denn dieses Buch enth\u00e4lt die auch heute noch g\u00fcltigen Antworten auf die Frage: Wie werde ich effektiv? Und was muss ich wissen und tun, um in einer Organisation Ergebnisse zu erzielen und damit erfolgreich zu sein?<\/p>\n<p>2014 erschien die deutsche \u00dcbersetzung dieses so wichtigen Werkes, mit einem Vorwort von Prof. Dr. Fredmund Malik.<\/p>\n<\/div><div class=\"fusion-clearfix\"><\/div><\/div><\/div><\/div><\/div><div class=\"fusion-fullwidth fullwidth-box fusion-builder-row-3 nonhundred-percent-fullwidth non-hundred-percent-height-scrolling\" style=\"--awb-border-radius-top-left:0px;--awb-border-radius-top-right:0px;--awb-border-radius-bottom-right:0px;--awb-border-radius-bottom-left:0px;--awb-flex-wrap:wrap;\" ><div class=\"fusion-builder-row fusion-row\"><div class=\"fusion-layout-column fusion_builder_column fusion-builder-column-3 fusion_builder_column_1_1 1_1 fusion-one-full fusion-column-first fusion-column-last\" style=\"--awb-bg-size:cover;\"><div class=\"fusion-column-wrapper fusion-flex-column-wrapper-legacy\"><div class=\"fusion-text fusion-text-3\"><h3><strong>Prof. Maliks Vorwort im Wortlaut:<\/strong><\/h3>\n<p>\u201eThe Effective Executive\u201c, wie der Titel des Originals lautet, geh\u00f6rt zu den wichtigsten Werken von Peter F. Drucker, und in gewisser Weise ist es sogar das wichtigste der mehr als 40 B\u00fccher, die er in seinem Leben schrieb. Denn dieses Buch enth\u00e4lt die auch heute noch g\u00fcltigen Antworten auf die Frage: Wie werde ich effektiv? Und was muss ich wissen und tun, um in einer Organisation Ergebnisse zu erzielen und damit erfolgreich zu sein? Effektivit\u00e4tsm\u00e4ngel sind die h\u00e4ufigste Ursache f\u00fcr das Scheitern von F\u00fchrungskr\u00e4ften und auch f\u00fcr die so weit verbreitete Umsetzungsschw\u00e4che von Organisationen.<\/p>\n<p>Als 1966 das Original dieses Buches publiziert wurde, war es nur f\u00fcr eine kleine Zahl von Menschen wirklich wichtig, denn Organisationen hatten damals nur wenige F\u00fchrungskr\u00e4fte. Die meisten waren manuelle Arbeiter und B\u00fcroangestellte. Heute aber ist die F\u00e4higkeit effektiv und effizient zu sein f\u00fcr praktisch jedermann n\u00f6tig, damit er oder sie in einer Organisation \u00fcberhaupt angestellt werden kann. Es sind die Grundlagen daf\u00fcr, was ich als richtiges und gutes Management bezeichne. Denn effektiv und effizient zu sein, heisst: Das Richtige richtig tun!<\/p>\n<p>In der Reihe von Management-Denkern des 20. Jahrhunderts steht Peter F. Drucker an der Spitze. Zwar hat er Management nicht erfunden, wie es so oft behauptet wird. Diesen Gedanken hat er selbst immer wieder am\u00fcsiert zur\u00fcckgewiesen und meinte, wenn \u00fcberhaupt jemand Management erfunden habe, dann sei es vielleicht eher der CEO der Firma \u201eCheops GmbH\u201c im pharaonischen \u00c4gypten gewesen, die auf ihren Baustellen etwa 30 000 Arbeiter hatte \u2026<\/p>\n<p>Druckers einzigartige Leistung ist es aber, dass er als erster die volle Bedeutung erkannte, die ein funktionierendes Management f\u00fcr die Gesellschaft und ihre Organisationen und auch ihre Menschen hat, und dass er seine Erkennntis verst\u00e4ndlich formulierte und damit weitgehend lernbar machte.<\/p>\n<p>Drucker hat auf mehreren Ebenen gleichzeitig gedacht. Einerseits erkannte er die grossen Linien der gesellschaftlichen, politischen und wirtschaftlichen Entwicklung oft lange im Voraus und machte bemerkenswert zuverl\u00e4ssige Prognosen. Andererseits war er ein scharfer Beobachter von scheinbar nebens\u00e4chlichen und oft banalen Dingen, die aber f\u00fcr die Wirksamkeit von Menschen in ihren Berufen und f\u00fcr ihren praktischen Erfolg absolut entscheidend sind.<\/p>\n<p>Damit hat er die Grundlagen f\u00fcr Management als Beruf geschaffen, als den Beruf der Wirksamkeit, wie ich ihn nenne. So befasste er sich zum Beispiel mit den Aufgaben und Werkzeugen der praktischen Tagesarbeit von F\u00fchrungskr\u00e4ften, mit dem pers\u00f6nlichen Zeitmanagement und der Arbeitsmethodik wirksamer Menschen, mit der n\u00f6tigen Vorbereitung auf den n\u00e4chsten Arbeitstag und mit der kommunikativen Wirksamkeit von schriftlichen Unterlagen.<\/p>\n<p>Drucker behandelt ferner die Effektivit\u00e4t und Effizienz von Sitzungen, deren Vorbereitung sowie das n\u00f6tige Follow-up und Follow-through bis zur ergebniswirksamen Umsetzung von Entscheidungen und Massnahmen. Dabei achtete er auch auf scheinbare Banalit\u00e4ten, wie die Abfassung von Tagesordnungen und Protokollen, sowie daraus abzuleitenden Aktionspl\u00e4nen.<\/p>\n<p>Er sch\u00f6pfte dabei aus seiner lebenslangen praktischen Zusammenarbeit als Berater und Lehrer von F\u00fchrungskr\u00e4ften auf allen Kontinenten und in fast allen Branchen und Organisationsarten, von Wirtschaftsunternehmen \u00fcber Regierungen bis zu den immer wichtigeren Non Profit-Organisationen.<\/p>\n<p>Gerade bei den aussergew\u00f6hnlich erfolgreichen Spitzenkr\u00e4ften fielen ihm oft Kleinigkeiten auf, die einen enormen Einfluss auf deren Wirksamkeit und Erfolg hatten, z.B. ob sie eher Leser oder H\u00f6rer waren, ob ihre Aufmerksamkeit also eher \u00fcber das Auge oder das Ohr erreicht wird. Oder wie sie mit Lob umgingen und worauf sie bei Personalentscheidungen achteten. Drucker beschreibt auch, wie man selbst jung und neugierig bleibt, wie man kontinuierliches Lernen in sein Leben einbaut, und dass man nur erfolgreich werden kann, indem man seine St\u00e4rken herausfindet und diese nutzt. Je effektiver man ist, desto gr\u00f6ssere Aufgaben kann man stressfrei erf\u00fcllen, desto besser kann man Karriere machen und gerade deshalb Beruf und Privatleben in Einklang bringen. Auch wenn die Arbeit selbst nicht immer Spass macht, so kann gerade die eigene Wirksamkeit selbst Freude machen.<\/p>\n<p>Die Beispiele, die Drucker in seinem Buch verwendet, sind zwar in die Jahre gekommen. Etliche der erw\u00e4hnten Firmen, die zu ihrer Zeit Wirtschaftsgeschichte geschrieben haben, gibt es heute nicht mehr. Die Erkenntnisse und Empfehlungen von Drucker sind aber auch heute noch g\u00fcltig und sie werden immer wichtiger.<\/p>\n<p>Allerdings m\u00fcssen sie heute f\u00fcr neue Herausforderungen angepasst und erg\u00e4nzt werden. Dazu geh\u00f6rt vor allem die explosiv wachsende Komplexit\u00e4t der meisten Organisationen und ihres Umfeldes, ihre globale Vernetzung und die Beschleunigung des Wandels. Effektivit\u00e4t braucht man heute f\u00fcr das Meistern von Komplexit\u00e4t \u2013 und daf\u00fcr sind auch neue F\u00e4higkeiten, Kenntnisse, Methoden und Tools n\u00f6tig.<\/p>\n<p>Wichtig ist, dass richtiges und gutes Management f\u00fcr immer mehr Menschen der Schl\u00fcssel zur Lebenst\u00fcchtigkeit schlechthin ist. Das Beherrschen der Grundf\u00e4higkeiten von richtigem Management und Selbstmanagement ist f\u00fcr die Menschen des 21. Jahrhunderts ebenso bedeutend wie Lesen und Schreiben f\u00fcr die Menschen seit dem 18. Jahrhundert.<\/p>\n<p>Effektivit\u00e4t ist heute die Schl\u00fcsselkompetenz daf\u00fcr, dass man \u00fcberhaupt besch\u00e4ftigungsf\u00e4hig ist und erfolgreich werden kann. Erfolge im Beruf sind in allen Organisationen \u00fcberwiegend die Folge von richtigem und gutem Management. Erst dadurch werden auch Talent, Intelligenz, Kreativit\u00e4t, Information und Wissen in Resultate transformiert.<\/p>\n<p>Erst damit k\u00f6nnen Menschen ihre eigenen St\u00e4rken in Leistung umwandeln und dadurch Erfolg haben sowie Sinn und Erf\u00fcllung finden.<\/p>\n<p style=\"text-align: left;\"><strong>Auszug aus:<br \/>\nDrucker, Peter F.:\u00a0<em>The Effective Executive<\/em>. M\u00fcnchen: Vahlen, dt. \u00dcbersetzung 2014 (engl. Org. 1966, 1. dt. \u00dcbersetzung 1967).<\/strong><\/p>\n<\/div><div class=\"fusion-clearfix\"><\/div><\/div><\/div><\/div><\/div><\/p>\n","protected":false},"excerpt":{"rendered":"","protected":false},"author":3,"featured_media":0,"parent":16870,"menu_order":0,"comment_status":"closed","ping_status":"closed","template":"side-navigation.php","meta":{"_acf_changed":false,"_bbp_topic_count":0,"_bbp_reply_count":0,"_bbp_total_topic_count":0,"_bbp_total_reply_count":0,"_bbp_voice_count":0,"_bbp_anonymous_reply_count":0,"_bbp_topic_count_hidden":0,"_bbp_reply_count_hidden":0,"_bbp_forum_subforum_count":0,"footnotes":""},"class_list":["post-21696","page","type-page","status-publish","hentry"],"acf":[],"yoast_head":"<!-- This site is optimized with the Yoast SEO plugin v26.4 - https:\/\/yoast.com\/wordpress\/plugins\/seo\/ -->\n<title>Vorwort von Prof. Malik zu &quot;The Effective Executive&quot; - Malik Management<\/title>\n<meta name=\"robots\" content=\"index, follow, max-snippet:-1, max-image-preview:large, max-video-preview:-1\" \/>\n<link rel=\"canonical\" href=\"https:\/\/www.malik-management.com\/de\/ueber-uns\/publikationen\/vorwort-effective-executive\/\" \/>\n<meta property=\"og:locale\" content=\"de_DE\" \/>\n<meta property=\"og:type\" content=\"article\" \/>\n<meta property=\"og:title\" content=\"Vorwort von Prof. Malik zu &quot;The Effective Executive&quot; - Malik Management\" \/>\n<meta property=\"og:url\" content=\"https:\/\/www.malik-management.com\/de\/ueber-uns\/publikationen\/vorwort-effective-executive\/\" \/>\n<meta property=\"og:site_name\" content=\"Malik Management\" \/>\n<meta property=\"article:modified_time\" content=\"2024-03-19T01:59:02+00:00\" \/>\n<meta name=\"twitter:card\" content=\"summary_large_image\" \/>\n<meta name=\"twitter:label1\" content=\"Gesch\u00e4tzte Lesezeit\" \/>\n\t<meta name=\"twitter:data1\" content=\"5\u00a0Minuten\" \/>\n<script type=\"application\/ld+json\" class=\"yoast-schema-graph\">{\"@context\":\"https:\/\/schema.org\",\"@graph\":[{\"@type\":\"WebPage\",\"@id\":\"https:\/\/www.malik-management.com\/de\/ueber-uns\/publikationen\/vorwort-effective-executive\/\",\"url\":\"https:\/\/www.malik-management.com\/de\/ueber-uns\/publikationen\/vorwort-effective-executive\/\",\"name\":\"Vorwort von Prof. Malik zu \\\"The Effective Executive\\\" - Malik Management\",\"isPartOf\":{\"@id\":\"https:\/\/www.malik-management.com\/de\/#website\"},\"datePublished\":\"2018-08-27T12:31:50+00:00\",\"dateModified\":\"2024-03-19T01:59:02+00:00\",\"breadcrumb\":{\"@id\":\"https:\/\/www.malik-management.com\/de\/ueber-uns\/publikationen\/vorwort-effective-executive\/#breadcrumb\"},\"inLanguage\":\"de\",\"potentialAction\":[{\"@type\":\"ReadAction\",\"target\":[\"https:\/\/www.malik-management.com\/de\/ueber-uns\/publikationen\/vorwort-effective-executive\/\"]}]},{\"@type\":\"BreadcrumbList\",\"@id\":\"https:\/\/www.malik-management.com\/de\/ueber-uns\/publikationen\/vorwort-effective-executive\/#breadcrumb\",\"itemListElement\":[{\"@type\":\"ListItem\",\"position\":1,\"name\":\"Home\",\"item\":\"https:\/\/www.malik-management.com\/de\/\"},{\"@type\":\"ListItem\",\"position\":2,\"name\":\"\u00dcber uns\",\"item\":\"https:\/\/www.malik-management.com\/de\/ueber-uns\/\"},{\"@type\":\"ListItem\",\"position\":3,\"name\":\"Publikationen\",\"item\":\"https:\/\/www.malik-management.com\/de\/ueber-uns\/publikationen\/\"},{\"@type\":\"ListItem\",\"position\":4,\"name\":\"Vorwort von Prof. Malik zu &#8220;The Effective Executive&#8221;\"}]},{\"@type\":\"WebSite\",\"@id\":\"https:\/\/www.malik-management.com\/de\/#website\",\"url\":\"https:\/\/www.malik-management.com\/de\/\",\"name\":\"Malik Management\",\"description\":\"Beyond conventional management\",\"publisher\":{\"@id\":\"https:\/\/www.malik-management.com\/de\/#organization\"},\"potentialAction\":[{\"@type\":\"SearchAction\",\"target\":{\"@type\":\"EntryPoint\",\"urlTemplate\":\"https:\/\/www.malik-management.com\/de\/?s={search_term_string}\"},\"query-input\":{\"@type\":\"PropertyValueSpecification\",\"valueRequired\":true,\"valueName\":\"search_term_string\"}}],\"inLanguage\":\"de\"},{\"@type\":\"Organization\",\"@id\":\"https:\/\/www.malik-management.com\/de\/#organization\",\"name\":\"malik international AG\",\"url\":\"https:\/\/www.malik-management.com\/de\/\",\"logo\":{\"@type\":\"ImageObject\",\"inLanguage\":\"de\",\"@id\":\"https:\/\/www.malik-management.com\/de\/#\/schema\/logo\/image\/\",\"url\":\"https:\/\/www.malik-management.com\/wp-content\/uploads\/2018\/09\/Logo_malik_weiss-klein3.png\",\"contentUrl\":\"https:\/\/www.malik-management.com\/wp-content\/uploads\/2018\/09\/Logo_malik_weiss-klein3.png\",\"width\":140,\"height\":41,\"caption\":\"malik international AG\"},\"image\":{\"@id\":\"https:\/\/www.malik-management.com\/de\/#\/schema\/logo\/image\/\"},\"sameAs\":[\"https:\/\/www.linkedin.com\/company\/30160\",\"https:\/\/www.youtube.com\/user\/malikmanagement\"]}]}<\/script>\n<!-- \/ Yoast SEO plugin. -->","yoast_head_json":{"title":"Vorwort von Prof. Malik zu \"The Effective Executive\" - Malik Management","robots":{"index":"index","follow":"follow","max-snippet":"max-snippet:-1","max-image-preview":"max-image-preview:large","max-video-preview":"max-video-preview:-1"},"canonical":"https:\/\/www.malik-management.com\/de\/ueber-uns\/publikationen\/vorwort-effective-executive\/","og_locale":"de_DE","og_type":"article","og_title":"Vorwort von Prof. Malik zu \"The Effective Executive\" - Malik Management","og_url":"https:\/\/www.malik-management.com\/de\/ueber-uns\/publikationen\/vorwort-effective-executive\/","og_site_name":"Malik Management","article_modified_time":"2024-03-19T01:59:02+00:00","twitter_card":"summary_large_image","twitter_misc":{"Gesch\u00e4tzte Lesezeit":"5\u00a0Minuten"},"schema":{"@context":"https:\/\/schema.org","@graph":[{"@type":"WebPage","@id":"https:\/\/www.malik-management.com\/de\/ueber-uns\/publikationen\/vorwort-effective-executive\/","url":"https:\/\/www.malik-management.com\/de\/ueber-uns\/publikationen\/vorwort-effective-executive\/","name":"Vorwort von Prof. Malik zu \"The Effective Executive\" - Malik Management","isPartOf":{"@id":"https:\/\/www.malik-management.com\/de\/#website"},"datePublished":"2018-08-27T12:31:50+00:00","dateModified":"2024-03-19T01:59:02+00:00","breadcrumb":{"@id":"https:\/\/www.malik-management.com\/de\/ueber-uns\/publikationen\/vorwort-effective-executive\/#breadcrumb"},"inLanguage":"de","potentialAction":[{"@type":"ReadAction","target":["https:\/\/www.malik-management.com\/de\/ueber-uns\/publikationen\/vorwort-effective-executive\/"]}]},{"@type":"BreadcrumbList","@id":"https:\/\/www.malik-management.com\/de\/ueber-uns\/publikationen\/vorwort-effective-executive\/#breadcrumb","itemListElement":[{"@type":"ListItem","position":1,"name":"Home","item":"https:\/\/www.malik-management.com\/de\/"},{"@type":"ListItem","position":2,"name":"\u00dcber uns","item":"https:\/\/www.malik-management.com\/de\/ueber-uns\/"},{"@type":"ListItem","position":3,"name":"Publikationen","item":"https:\/\/www.malik-management.com\/de\/ueber-uns\/publikationen\/"},{"@type":"ListItem","position":4,"name":"Vorwort von Prof. Malik zu &#8220;The Effective Executive&#8221;"}]},{"@type":"WebSite","@id":"https:\/\/www.malik-management.com\/de\/#website","url":"https:\/\/www.malik-management.com\/de\/","name":"Malik Management","description":"Beyond conventional management","publisher":{"@id":"https:\/\/www.malik-management.com\/de\/#organization"},"potentialAction":[{"@type":"SearchAction","target":{"@type":"EntryPoint","urlTemplate":"https:\/\/www.malik-management.com\/de\/?s={search_term_string}"},"query-input":{"@type":"PropertyValueSpecification","valueRequired":true,"valueName":"search_term_string"}}],"inLanguage":"de"},{"@type":"Organization","@id":"https:\/\/www.malik-management.com\/de\/#organization","name":"malik international AG","url":"https:\/\/www.malik-management.com\/de\/","logo":{"@type":"ImageObject","inLanguage":"de","@id":"https:\/\/www.malik-management.com\/de\/#\/schema\/logo\/image\/","url":"https:\/\/www.malik-management.com\/wp-content\/uploads\/2018\/09\/Logo_malik_weiss-klein3.png","contentUrl":"https:\/\/www.malik-management.com\/wp-content\/uploads\/2018\/09\/Logo_malik_weiss-klein3.png","width":140,"height":41,"caption":"malik international AG"},"image":{"@id":"https:\/\/www.malik-management.com\/de\/#\/schema\/logo\/image\/"},"sameAs":["https:\/\/www.linkedin.com\/company\/30160","https:\/\/www.youtube.com\/user\/malikmanagement"]}]}},"_links":{"self":[{"href":"https:\/\/www.malik-management.com\/de\/wp-json\/wp\/v2\/pages\/21696","targetHints":{"allow":["GET"]}}],"collection":[{"href":"https:\/\/www.malik-management.com\/de\/wp-json\/wp\/v2\/pages"}],"about":[{"href":"https:\/\/www.malik-management.com\/de\/wp-json\/wp\/v2\/types\/page"}],"author":[{"embeddable":true,"href":"https:\/\/www.malik-management.com\/de\/wp-json\/wp\/v2\/users\/3"}],"replies":[{"embeddable":true,"href":"https:\/\/www.malik-management.com\/de\/wp-json\/wp\/v2\/comments?post=21696"}],"version-history":[{"count":39,"href":"https:\/\/www.malik-management.com\/de\/wp-json\/wp\/v2\/pages\/21696\/revisions"}],"predecessor-version":[{"id":28160,"href":"https:\/\/www.malik-management.com\/de\/wp-json\/wp\/v2\/pages\/21696\/revisions\/28160"}],"up":[{"embeddable":true,"href":"https:\/\/www.malik-management.com\/de\/wp-json\/wp\/v2\/pages\/16870"}],"wp:attachment":[{"href":"https:\/\/www.malik-management.com\/de\/wp-json\/wp\/v2\/media?parent=21696"}],"curies":[{"name":"wp","href":"https:\/\/api.w.org\/{rel}","templated":true}]}}