{"id":2197,"date":"2012-08-11T13:12:15","date_gmt":"2012-08-11T11:12:15","guid":{"rendered":"https:\/\/blog.malik-management.com\/?page_id=2197"},"modified":"2018-04-28T14:37:01","modified_gmt":"2018-04-28T14:37:01","slug":"heinsohn-antworten","status":"publish","type":"page","link":"https:\/\/www.malik-management.com\/de\/heinsohn-antworten\/","title":{"rendered":"Artikel und Blog-Antworten von Prof. Dr. Dr. Gunnar Heinsohn"},"content":{"rendered":"<p><a title=\"Malik-Blog\" href=\"https:\/\/www.malik-management.com\/de\/blog\/\">zur Blog-\u00dcbersicht<\/a><br \/>\n2016<\/p>\n<ul style=\"list-style-image: url('https:\/\/archivedblog.malik-management.com\/wp-content\/themes\/mzsg-template\/images\/arrow_rot.png');\">\n<li><a href=\"https:\/\/www.malik-management.com\/de\/blog\/der-weisse-arbeiter-waehlte-donald-trump\/\">Amerikas letzte Arbeiterbewegung: King, Chavez, Trump, 25.11.2016<\/a><\/li>\n<li><a href=\"https:\/\/www.malik-management.com\/de\/blog\/warum-brasilien-oekonomisch-scheitert-von-prof-dr-gunnar-heinsohn\/\">Warum Brasilien \u00f6konomisch scheitert, Der Standard, 03.10.2016<\/a><\/li>\n<li><a href=\"https:\/\/www.malik-management.com\/de\/blog\/\">Nuklearer Schutzschild kann Verhandlungen entscheiden, welt.de, 02.08.2016<\/a><\/li>\n<li><a href=\"http:\/\/www.welt.de\/debatte\/kommentare\/article152777753\/Deutschland-muss-Arbeitgeber-sein-nicht-Sozialamt.html\" target=_blank>Deutschland muss Arbeitgeber sein, nicht Sozialamt, DIE WELT, 29.02.2016<\/a><\/li>\n<li><a href=\"https:\/\/www.malik-management.com\/wp-content\/uploads\/2016\/01\/Willkommensunkultur-NZZ-16-01-2016.pdf\" target=_blank>Willkommensunkultur, NZZ, 16.01.2016<\/a><\/li>\n<\/ul>\n<p>&nbsp;<br \/>\n2015<\/p>\n<ul style=\"list-style-image: url('\/wp-content\/themes\/mzsg-template\/images\/arrow_rot.png');\">\n<li><a href=\"https:\/\/www.malik-management.com\/wp-content\/uploads\/2015\/11\/Krieg-gegen-den-Islamismus_Handelsblatt_18-11-2015.pdf\">Krieg gegen den Islamismus, Handelsblatt, 18.11.2015<\/a><\/li>\n<li><a href=\"https:\/\/blog.malik-management.com\/wohin-mit-den-jungen-maennern\/\">Wohin mit den jungen M\u00e4nnern, DIE ZEIT, 5.11.2015<\/a><\/li>\n<li><a href=\"https:\/\/blog.malik-management.com\/?page_id=4121&amp;preview=true\">Die Fl\u00fcchtlingsstr\u00f6me erinnern an das Zeitalter der Kolonisation, 12.09.2015<\/a><\/li>\n<li><a href=\"https:\/\/blog.malik-management.com\/brainpower-und-zukunftsfaehigkeit\/\">Brainpower und Zukunftsf\u00e4higkeit, 25.06.2015<\/a><\/li>\n<li><a href=\"https:\/\/blog.malik-management.com\/wie-viele-afrikaner-nach-europa\/\">Wie viele Afrikaner nach Europa?, 24.06.2015<\/a><\/li>\n<li><a href=\"https:\/\/blog.malik-management.com\/shareholder-value-angeschlagen-aber-laengst-noch-nicht-am-boden-15-04-2015\/\">Shareholder Value angeschlagen, aber l\u00e4ngst noch nicht am Boden, 15.04.2015<\/a><\/li>\n<li><a href=\"https:\/\/blog.malik-management.com\/jemens-kriegsaussichten-in-den-kommenden-jahrzehnten\/\">Jemens Kriegsaussichten in den kommenden Jahrzehnten, 31.03.2015<\/a><\/li>\n<li><a href=\"https:\/\/blog.malik-management.com\/leitungswasser-oder-champagner\/\">Leitungswasser oder Champagner, 18.02.2015<\/a><\/li>\n<li><a href=\"https:\/\/blog.malik-management.com\/4-2\/\">Griechenlandhilfe und Islam, 23.01.2015<\/a><\/li>\n<li><a href=\"https:\/\/blog.malik-management.com\/3-2\/\">Kanada optimiert seine Einwanderungspolitik, 20.01.2015<\/a><\/li>\n<li><a href=\"https:\/\/blog.malik-management.com\/2-2\/\">Nigers \u00d6konomie und Demografie, 19.01.2015<\/a><\/li>\n<li><a href=\"https:\/\/blog.malik-management.com\/1-2\/\">Konkurrenz der Kompetenzfestungen bleibt auch 2015 Trend, 15.01.2015<\/a><\/li>\n<\/ul>\n<p>&nbsp;<br \/>\n2014<\/p>\n<ul style=\"list-style-image: url('\/wp-content\/themes\/mzsg-template\/images\/arrow_rot.png');\">\n<li><a href=\"https:\/\/blog.malik-management.com\/3794-2\/\">Deutschlands technologische Zukunft, 17.11.2014<\/a><\/li>\n<li><a href=\"https:\/\/blog.malik-management.com\/3776-2\/\">Gold-Initiative der Schweiz, 06.11.2014<\/a><\/li>\n<li><a href=\"https:\/\/blog.malik-management.com\/goldstandard-und-die-hoffnungen-der-oesterreichischen-schule\/\">Goldstandard und die Hoffnungen der \u00f6sterreichischen Schule, 04.11.2014<\/a><\/li>\n<li><a href=\"https:\/\/blog.malik-management.com\/tauschmittel\/\">Tauschmittel, 20.10.2014<\/a><\/li>\n<li><a href=\"https:\/\/blog.malik-management.com\/deflation-erreicht-amerika\/\">Deflation erreicht Amerika?, 15.10.2014<\/a><\/li>\n<li><a href=\"https:\/\/blog.malik-management.com\/hilflosigkeit-von-zentralbanken-warum-wird-die-ezb-ihre-hyper-kredite-nicht-los\/\">Hilflosigkeit von Zentralbanken: Warum wird die EZB ihre Hyper-Kredite nicht los?, 21.09.2014<\/a><\/li>\n<li><a href=\"https:\/\/blog.malik-management.com\/konkurrenz-der-zentralbanken\/\">Konkurrenz der Zentralbanken, 08.09.2014<\/a><\/li>\n<li><a href=\"https:\/\/blog.malik-management.com\/hoechste-margin-verschuldung-der-weltgeschichte-trotzdem-nur-04-statt-20-teuerung-im-euro-raum\/\">H\u00f6chste Margin-Verschuldung der Weltgeschichte: Trotzdem nur 0,4 statt 2,0 Teuerung im Euro-Raum, 04.09.2014<\/a><\/li>\n<li><a href=\"https:\/\/blog.malik-management.com\/ueberlegungen-zu-argentinien\/\">\u00dcberlegungen zu Argentinien, 02.08.2014<\/a><\/li>\n<li><a href=\"https:\/\/blog.malik-management.com\/noerdliche-strategie-fuer-frischen-optimismus-in-europa\/\">N\u00f6rdliche Strategie f\u00fcr frischen Optimismus in Europa, 28.06.2014<\/a><\/li>\n<li><a href=\"https:\/\/blog.malik-management.com\/kaelte-kompetenz-und-leidenschaft-2\/\">Verm\u00f6gensverteilung: Reflexion zur Piketty-Debatte, 30.05.2014<\/a><\/li>\n<li><a href=\"https:\/\/blog.malik-management.com\/kein-ausweg-aus-nullzins-und-staatsfinanzierung-fuer-die-zentralbanken\/\">Kein Ausweg aus Nullzins und Staatsfinanzierung f\u00fcr die Zentralbanken, 14.04.2014<\/a><\/li>\n<li><a href=\"https:\/\/blog.malik-management.com\/den-schwachen-nicht-helfen-aber-die-starken-schwaechen-fortgang-der-nullzinspolitik\/\">Den Schwachen nicht helfen, aber die Starken schw\u00e4chen: Fortgang der Nullzinspolitik, 10.04.2014<\/a><\/li>\n<li><a href=\"https:\/\/blog.malik-management.com\/deflationsbekaempfung-letzten-standes\/\">Deflationsbek\u00e4mpfung letzten Standes, 31.03.2014<\/a><\/li>\n<li><a href=\"https:\/\/blog.malik-management.com\/kontingente-und-kompetenzen-in-der-einwanderungspolitik-zum-schweizer-votum-vom-9-februar-2014\/\">Kontingente und Kompetenzen in der Einwanderungspolitik: Zum Schweizer Votum vom 9. Februar 2014, 13.02.2014<\/a><\/li>\n<li><a href=\"https:\/\/blog.malik-management.com\/blockierte-aufwaertsmobilitaet-in-den-usa\/\">Blockierte Aufw\u00e4rtsmobilit\u00e4t in den USA, 04.02.2014<\/a><\/li>\n<li><a href=\"https:\/\/blog.malik-management.com\/freizuegigkeit-und-die-konkurrenz-unter-europaeern-london-definiert-die-eu-sollbruchstelle\/\">Freiz\u00fcgigkeit und die Konkurrenz unter Europ\u00e4ern: London definiert die EU-Sollbruchstelle, 22.01.2014<\/a><\/li>\n<li><a href=\"https:\/\/blog.malik-management.com\/2014\/01\/nachtrag-von-gunnar-heinsohn-zum-beitrag-leistungsunterschiede-pisa-ergebnisse\/\">Nachtrag zum Beitrag \u201cLeistungsunterschiede PISA Ergebnisse\u201d, 20.01.2014<\/a><\/li>\n<li><a href=\"https:\/\/blog.malik-management.com\/2014\/01\/leistungsunterschiede-antwort-von-prof-dr-heinsohn-auf-ein-user-posting\/#comment-13928\">Antwort auf das Posting von User J\u00fcrgen Clasen, 07.01.2014<\/a><\/li>\n<li><a href=\"https:\/\/blog.malik-management.com\/2014\/01\/leistungsunterschiede-antwort-von-prof-dr-heinsohn-auf-ein-user-posting\/#comment-13913\">Antwort auf das Posting von Userin Uschi Bruckmayer, 06.01.2014<\/a><\/li>\n<li><a href=\"https:\/\/blog.malik-management.com\/kaefig-saubermachen-und-anderen-vogel-hineinsetzen\/\">K\u00e4fig saubermachen und anderen Vogel hineinsetzen!, 04.01.2014<\/a><\/li>\n<\/ul>\n<p>&nbsp;<br \/>\n2013<\/p>\n<ul style=\"list-style-image: url('\/wp-content\/themes\/mzsg-template\/images\/arrow_rot.png');\">\n<li><a title=\"Leistungsunterschiede PISA Ergebnisse\" href=\"https:\/\/blog.malik-management.com\/3200-2\/\">Leistungsunterschiede PISA Ergebnisse, 20.12.2013<\/a><\/li>\n<li><a title=\"Bitcons sind Verm\u00f6gen, aber kein Geld: Norwegens Juristen verstehen mehr als seine \u00d6konomen\" href=\"https:\/\/blog.malik-management.com\/bitcons-sind-vermoegen-aber-kein-geld-norwegens-juristen-verstehen-mehr-als-seine-oekonomen\/\">Bitcons sind Verm\u00f6gen, aber kein Geld: Norwegens Juristen verstehen mehr als seine \u00d6konomen, 14.12.2013<\/a><\/li>\n<li><a title=\"Deflationsverz\u00f6gerung erster und zweiter Klasse\" href=\"https:\/\/blog.malik-management.com\/deflationsverzoegerung-erster-und-zweiter-klasse\/\">Deflationsverz\u00f6gerung erster und zweiter Klasse, 05.12.2013<\/a><\/li>\n<li><a title=\"Chinas Unwiderstehlichkeit\" href=\"https:\/\/blog.malik-management.com\/chinas-unwiderstehlichkeit\/\">Chinas Unwiderstehlichkeit, 07.11.2013<\/a><\/li>\n<li><a title=\"Stand der Deflation\" href=\"https:\/\/blog.malik-management.com\/stand-der-deflation\/\">Stand der Deflation, 29.10.2013<\/a><\/li>\n<li><a title=\"Wann kommt der Aktien-Crash?\" href=\"https:\/\/blog.malik-management.com\/wann-kommt-der-aktien-crash\/\">Wann kommt der Aktien-Crash?, 18.10.2013<\/a><\/li>\n<li><a title=\"Antwort auf eine E-Mail von User Thomas Brankamp\" href=\"https:\/\/blog.malik-management.com\/antwort-auf-eine-e-mail-von-user-thomas-brankamp\/\">Antwort auf eine E-Mail von User Thomas Brankamp, 29.09.2013<\/a><\/li>\n<li><a title=\"Forderungen auf Nachbesicherung von Notenbanken gegen Gesch\u00e4ftsbanken\" href=\"https:\/\/blog.malik-management.com\/3049-2\/\">Forderungen auf Nachbesicherung von Notenbanken gegen Gesch\u00e4ftsbanken, 16.09.2013<\/a><\/li>\n<li><a title=\"Bankrott von Zentralbanken\" href=\"https:\/\/blog.malik-management.com\/bankrott-von-zentralbanken\/\">Bankrott von Zentralbanken, 10.09.2013<\/a><\/li>\n<li><a title=\"Digitales Geld braucht auch Emmissionsbanken\" href=\"https:\/\/blog.malik-management.com\/digitales-geld-braucht-auch-emissionsbanken\/\">Digitales Geld braucht auch Emmissionsbanken, 09.09.2013<\/a><\/li>\n<li><a title=\"Sch\u00f6pfen Gesch\u00e4ftsbanken Geld?\" href=\"https:\/\/blog.malik-management.com\/schoepfen-geschaeftsbanken-geld\/\">Sch\u00f6pfen Gesch\u00e4ftsbanken Geld?, 06.09.2013<\/a><\/li>\n<li><a title=\"Gelddigitalisierung und Eigentums\u00f6konomie\" href=\"https:\/\/blog.malik-management.com\/gelddigitalisierung-und-eigentumsoekonomie\/\">Gelddigitalisierung und Eigentums\u00f6konomie, 04.09.2013<\/a><\/li>\n<li><a title=\"1945 war es f\u00fcr Amerika leichter\" href=\"https:\/\/blog.malik-management.com\/1945-war-es-fuer-amerika-leichter\/\">1945 war es f\u00fcr Amerika leichter, 04.04.2013<\/a><\/li>\n<li><a title=\"Staatsschuldensenkung\" href=\"https:\/\/blog.malik-management.com\/staatsschuldensenkung\/\">Staatsschuldensenkung, 20.01.2013<\/a><\/li>\n<li><a title=\"Mehr Firmenliquidit\u00e4t als 2013 war nie, aber mehr Stagnation selten\" href=\"https:\/\/blog.malik-management.com\/mehr-firmenliquiditaet-als-2013-war-nie-aber-mehr-stagnation-selten-prof-dr-dr-gunnar-heinsohn-bremen-am-13-01-2013\/\">Mehr Firmenliquidit\u00e4t als 2013 war nie, aber mehr Stagnation selten, 13.01.2013<\/a><\/li>\n<li><a title=\"Von Deflation keine Spur?\" href=\"https:\/\/blog.malik-management.com\/von-deflation-keine-spur-prof-dr-dr-gunnar-heinsohn-bremen-02-01-2013\/\">Von Deflation keine Spur?, 02.01.2013<\/a><\/li>\n<\/ul>\n<p>&nbsp;<br \/>\n2012<\/p>\n<ul style=\"list-style-image: url('\/wp-content\/themes\/mzsg-template\/images\/arrow_rot.png');\">\n<li><a title=\"Geld und Vollgeld\" href=\"https:\/\/blog.malik-management.com\/geld-und-vollgeld\/\">Geld und &#8222;Vollgeld&#8220;, 03.12.2012<\/a><\/li>\n<li><a title=\"Zur Liquidit\u00e4tspr\u00e4ferenzlehre von J.M. Keynes\" href=\"https:\/\/blog.malik-management.com\/liquiditaetspraeferenzlehre-keynes\/\">Zur Liquidit\u00e4tspr\u00e4ferenzlehre von J.M. Keynes, 11.08.2012<\/a><\/li>\n<li><a title=\"Zum Thema \u201eZins\u201c\" href=\"https:\/\/blog.malik-management.com\/zum-thema-zins\/\">Zum Thema \u201eZins\u201c, 11.08.2012<\/a><\/li>\n<li><a title=\"Differenzierung Geld \/ Kredit\" href=\"https:\/\/blog.malik-management.com\/differenzierung-geld-kredit\/\">Differenzierung Geld \/ Kredit, 22.07.2013<\/a><\/li>\n<li><a title=\"\u00dcber Besicherung von Geld im Bankensystem\" href=\"https:\/\/blog.malik-management.com\/besicherung-geld-bankensystem\/\">\u00dcber Besicherung von Geld im Bankensystem, 22.07.2013<\/a><\/li>\n<li><a title=\"\u00dcber die Besicherung einer neuen W\u00e4hrung\" href=\"https:\/\/blog.malik-management.com\/besicherung-neue-waehrung\/\">\u00dcber die Besicherung einer neuen W\u00e4hrung, 22.07.2013<\/a><\/li>\n<\/ul>\n<p>&nbsp;<br \/>\n2011<\/p>\n<ul style=\"list-style-image: url('\/wp-content\/themes\/mzsg-template\/images\/arrow_rot.png');\">\n<li><a title=\"Logik zwischen Eigentum und Geld\" href=\"https:\/\/blog.malik-management.com\/eigentum-geld\/\">Logik zwischen Eigentum und Geld, 01.12.2011<\/a><\/li>\n<li><a title=\"Eigentumspr\u00e4mie \/ 50-faches Levera\u00adging\" href=\"https:\/\/blog.malik-management.com\/eigentumspraemie-leveraging\/\">Eigentumspr\u00e4mie \/ 50-faches Levera\u00adging, 01.12.2011<\/a><\/li>\n<li><a title=\"Zu Issing und Endogenit\u00e4t\" href=\"https:\/\/blog.malik-management.com\/issing-endogenitaet\/\">Zu Issing und Endogenit\u00e4t, 01.12.2011<\/a><\/li>\n<\/ul>\n","protected":false},"excerpt":{"rendered":"<p>zur Blog-\u00dcbersicht 2016 Amerikas letzte Arbeiterbewegung: King, Chavez, Trump, 25.11.2016 Warum Brasilien \u00f6konomisch scheitert, Der Standard, 03.10.2016 Nuklearer Schutzschild kann Verhandlungen entscheiden, welt.de, 02.08.2016 Deutschland muss Arbeitgeber sein, nicht Sozialamt, DIE WELT, 29.02.2016 Willkommensunkultur, NZZ, 16.01.2016 &nbsp; 2015 Krieg gegen den Islamismus, Handelsblatt, 18.11.2015 Wohin mit den jungen M\u00e4nnern, DIE ZEIT, 5.11.2015 Die Fl\u00fcchtlingsstr\u00f6me erinnern an das Zeitalter der Kolonisation,  [&#8230;]<\/p>\n","protected":false},"author":6,"featured_media":0,"parent":0,"menu_order":0,"comment_status":"closed","ping_status":"open","template":"","meta":{"_acf_changed":false,"_bbp_topic_count":0,"_bbp_reply_count":0,"_bbp_total_topic_count":0,"_bbp_total_reply_count":0,"_bbp_voice_count":0,"_bbp_anonymous_reply_count":0,"_bbp_topic_count_hidden":0,"_bbp_reply_count_hidden":0,"_bbp_forum_subforum_count":0,"footnotes":""},"class_list":["post-2197","page","type-page","status-publish","hentry"],"acf":[],"yoast_head":"<!-- This site is optimized with the Yoast SEO plugin v26.4 - https:\/\/yoast.com\/wordpress\/plugins\/seo\/ -->\n<title>Artikel und Blog-Antworten von Prof. Dr. Dr. Gunnar Heinsohn - Malik Management<\/title>\n<meta name=\"robots\" content=\"index, follow, max-snippet:-1, max-image-preview:large, max-video-preview:-1\" \/>\n<link rel=\"canonical\" href=\"https:\/\/www.malik-management.com\/de\/heinsohn-antworten\/\" \/>\n<meta property=\"og:locale\" content=\"de_DE\" \/>\n<meta property=\"og:type\" content=\"article\" \/>\n<meta property=\"og:title\" content=\"Artikel und Blog-Antworten von Prof. Dr. Dr. Gunnar Heinsohn - Malik Management\" \/>\n<meta property=\"og:description\" content=\"zur Blog-\u00dcbersicht 2016 Amerikas letzte Arbeiterbewegung: King, Chavez, Trump, 25.11.2016 Warum Brasilien \u00f6konomisch scheitert, Der Standard, 03.10.2016 Nuklearer Schutzschild kann Verhandlungen entscheiden, welt.de, 02.08.2016 Deutschland muss Arbeitgeber sein, nicht Sozialamt, DIE WELT, 29.02.2016 Willkommensunkultur, NZZ, 16.01.2016 &nbsp; 2015 Krieg gegen den Islamismus, Handelsblatt, 18.11.2015 Wohin mit den jungen M\u00e4nnern, DIE ZEIT, 5.11.2015 Die Fl\u00fcchtlingsstr\u00f6me erinnern an das Zeitalter der Kolonisation, [...]\" \/>\n<meta property=\"og:url\" content=\"https:\/\/www.malik-management.com\/de\/heinsohn-antworten\/\" \/>\n<meta property=\"og:site_name\" content=\"Malik Management\" \/>\n<meta property=\"article:modified_time\" content=\"2018-04-28T14:37:01+00:00\" \/>\n<meta name=\"twitter:card\" content=\"summary_large_image\" \/>\n<meta name=\"twitter:label1\" content=\"Gesch\u00e4tzte Lesezeit\" \/>\n\t<meta name=\"twitter:data1\" content=\"2\u00a0Minuten\" \/>\n<script type=\"application\/ld+json\" class=\"yoast-schema-graph\">{\"@context\":\"https:\/\/schema.org\",\"@graph\":[{\"@type\":\"WebPage\",\"@id\":\"https:\/\/www.malik-management.com\/de\/heinsohn-antworten\/\",\"url\":\"https:\/\/www.malik-management.com\/de\/heinsohn-antworten\/\",\"name\":\"Artikel und Blog-Antworten von Prof. Dr. Dr. Gunnar Heinsohn - Malik Management\",\"isPartOf\":{\"@id\":\"https:\/\/www.malik-management.com\/de\/#website\"},\"datePublished\":\"2012-08-11T11:12:15+00:00\",\"dateModified\":\"2018-04-28T14:37:01+00:00\",\"breadcrumb\":{\"@id\":\"https:\/\/www.malik-management.com\/de\/heinsohn-antworten\/#breadcrumb\"},\"inLanguage\":\"de\",\"potentialAction\":[{\"@type\":\"ReadAction\",\"target\":[\"https:\/\/www.malik-management.com\/de\/heinsohn-antworten\/\"]}]},{\"@type\":\"BreadcrumbList\",\"@id\":\"https:\/\/www.malik-management.com\/de\/heinsohn-antworten\/#breadcrumb\",\"itemListElement\":[{\"@type\":\"ListItem\",\"position\":1,\"name\":\"Home\",\"item\":\"https:\/\/www.malik-management.com\/de\/\"},{\"@type\":\"ListItem\",\"position\":2,\"name\":\"Artikel und Blog-Antworten von Prof. Dr. Dr. Gunnar Heinsohn\"}]},{\"@type\":\"WebSite\",\"@id\":\"https:\/\/www.malik-management.com\/de\/#website\",\"url\":\"https:\/\/www.malik-management.com\/de\/\",\"name\":\"Malik Management\",\"description\":\"Beyond conventional management\",\"publisher\":{\"@id\":\"https:\/\/www.malik-management.com\/de\/#organization\"},\"potentialAction\":[{\"@type\":\"SearchAction\",\"target\":{\"@type\":\"EntryPoint\",\"urlTemplate\":\"https:\/\/www.malik-management.com\/de\/?s={search_term_string}\"},\"query-input\":{\"@type\":\"PropertyValueSpecification\",\"valueRequired\":true,\"valueName\":\"search_term_string\"}}],\"inLanguage\":\"de\"},{\"@type\":\"Organization\",\"@id\":\"https:\/\/www.malik-management.com\/de\/#organization\",\"name\":\"malik international AG\",\"url\":\"https:\/\/www.malik-management.com\/de\/\",\"logo\":{\"@type\":\"ImageObject\",\"inLanguage\":\"de\",\"@id\":\"https:\/\/www.malik-management.com\/de\/#\/schema\/logo\/image\/\",\"url\":\"https:\/\/www.malik-management.com\/wp-content\/uploads\/2018\/09\/Logo_malik_weiss-klein3.png\",\"contentUrl\":\"https:\/\/www.malik-management.com\/wp-content\/uploads\/2018\/09\/Logo_malik_weiss-klein3.png\",\"width\":140,\"height\":41,\"caption\":\"malik international AG\"},\"image\":{\"@id\":\"https:\/\/www.malik-management.com\/de\/#\/schema\/logo\/image\/\"},\"sameAs\":[\"https:\/\/www.linkedin.com\/company\/30160\",\"https:\/\/www.youtube.com\/user\/malikmanagement\"]}]}<\/script>\n<!-- \/ Yoast SEO plugin. -->","yoast_head_json":{"title":"Artikel und Blog-Antworten von Prof. Dr. Dr. Gunnar Heinsohn - Malik Management","robots":{"index":"index","follow":"follow","max-snippet":"max-snippet:-1","max-image-preview":"max-image-preview:large","max-video-preview":"max-video-preview:-1"},"canonical":"https:\/\/www.malik-management.com\/de\/heinsohn-antworten\/","og_locale":"de_DE","og_type":"article","og_title":"Artikel und Blog-Antworten von Prof. Dr. Dr. Gunnar Heinsohn - Malik Management","og_description":"zur Blog-\u00dcbersicht 2016 Amerikas letzte Arbeiterbewegung: King, Chavez, Trump, 25.11.2016 Warum Brasilien \u00f6konomisch scheitert, Der Standard, 03.10.2016 Nuklearer Schutzschild kann Verhandlungen entscheiden, welt.de, 02.08.2016 Deutschland muss Arbeitgeber sein, nicht Sozialamt, DIE WELT, 29.02.2016 Willkommensunkultur, NZZ, 16.01.2016 &nbsp; 2015 Krieg gegen den Islamismus, Handelsblatt, 18.11.2015 Wohin mit den jungen M\u00e4nnern, DIE ZEIT, 5.11.2015 Die Fl\u00fcchtlingsstr\u00f6me erinnern an das Zeitalter der Kolonisation, [...]","og_url":"https:\/\/www.malik-management.com\/de\/heinsohn-antworten\/","og_site_name":"Malik Management","article_modified_time":"2018-04-28T14:37:01+00:00","twitter_card":"summary_large_image","twitter_misc":{"Gesch\u00e4tzte Lesezeit":"2\u00a0Minuten"},"schema":{"@context":"https:\/\/schema.org","@graph":[{"@type":"WebPage","@id":"https:\/\/www.malik-management.com\/de\/heinsohn-antworten\/","url":"https:\/\/www.malik-management.com\/de\/heinsohn-antworten\/","name":"Artikel und Blog-Antworten von Prof. Dr. Dr. Gunnar Heinsohn - Malik Management","isPartOf":{"@id":"https:\/\/www.malik-management.com\/de\/#website"},"datePublished":"2012-08-11T11:12:15+00:00","dateModified":"2018-04-28T14:37:01+00:00","breadcrumb":{"@id":"https:\/\/www.malik-management.com\/de\/heinsohn-antworten\/#breadcrumb"},"inLanguage":"de","potentialAction":[{"@type":"ReadAction","target":["https:\/\/www.malik-management.com\/de\/heinsohn-antworten\/"]}]},{"@type":"BreadcrumbList","@id":"https:\/\/www.malik-management.com\/de\/heinsohn-antworten\/#breadcrumb","itemListElement":[{"@type":"ListItem","position":1,"name":"Home","item":"https:\/\/www.malik-management.com\/de\/"},{"@type":"ListItem","position":2,"name":"Artikel und Blog-Antworten von Prof. Dr. Dr. Gunnar Heinsohn"}]},{"@type":"WebSite","@id":"https:\/\/www.malik-management.com\/de\/#website","url":"https:\/\/www.malik-management.com\/de\/","name":"Malik Management","description":"Beyond conventional management","publisher":{"@id":"https:\/\/www.malik-management.com\/de\/#organization"},"potentialAction":[{"@type":"SearchAction","target":{"@type":"EntryPoint","urlTemplate":"https:\/\/www.malik-management.com\/de\/?s={search_term_string}"},"query-input":{"@type":"PropertyValueSpecification","valueRequired":true,"valueName":"search_term_string"}}],"inLanguage":"de"},{"@type":"Organization","@id":"https:\/\/www.malik-management.com\/de\/#organization","name":"malik international AG","url":"https:\/\/www.malik-management.com\/de\/","logo":{"@type":"ImageObject","inLanguage":"de","@id":"https:\/\/www.malik-management.com\/de\/#\/schema\/logo\/image\/","url":"https:\/\/www.malik-management.com\/wp-content\/uploads\/2018\/09\/Logo_malik_weiss-klein3.png","contentUrl":"https:\/\/www.malik-management.com\/wp-content\/uploads\/2018\/09\/Logo_malik_weiss-klein3.png","width":140,"height":41,"caption":"malik international AG"},"image":{"@id":"https:\/\/www.malik-management.com\/de\/#\/schema\/logo\/image\/"},"sameAs":["https:\/\/www.linkedin.com\/company\/30160","https:\/\/www.youtube.com\/user\/malikmanagement"]}]}},"_links":{"self":[{"href":"https:\/\/www.malik-management.com\/de\/wp-json\/wp\/v2\/pages\/2197","targetHints":{"allow":["GET"]}}],"collection":[{"href":"https:\/\/www.malik-management.com\/de\/wp-json\/wp\/v2\/pages"}],"about":[{"href":"https:\/\/www.malik-management.com\/de\/wp-json\/wp\/v2\/types\/page"}],"author":[{"embeddable":true,"href":"https:\/\/www.malik-management.com\/de\/wp-json\/wp\/v2\/users\/6"}],"replies":[{"embeddable":true,"href":"https:\/\/www.malik-management.com\/de\/wp-json\/wp\/v2\/comments?post=2197"}],"version-history":[{"count":2,"href":"https:\/\/www.malik-management.com\/de\/wp-json\/wp\/v2\/pages\/2197\/revisions"}],"predecessor-version":[{"id":20791,"href":"https:\/\/www.malik-management.com\/de\/wp-json\/wp\/v2\/pages\/2197\/revisions\/20791"}],"wp:attachment":[{"href":"https:\/\/www.malik-management.com\/de\/wp-json\/wp\/v2\/media?parent=2197"}],"curies":[{"name":"wp","href":"https:\/\/api.w.org\/{rel}","templated":true}]}}