{"id":22570,"date":"2018-09-18T15:26:56","date_gmt":"2018-09-18T15:26:56","guid":{"rendered":"https:\/\/www.malik-management.com\/ueber-uns\/publikationen\/malik-buecher\/malik-bestseller-ausgezeichnet\/"},"modified":"2020-08-25T09:21:59","modified_gmt":"2020-08-25T07:21:59","slug":"malik-bestseller-ausgezeichnet","status":"publish","type":"page","link":"https:\/\/www.malik-management.com\/de\/ueber-uns\/publikationen\/malik-buecher\/malik-bestseller-ausgezeichnet\/","title":{"rendered":"Maliks Managementklassiker F\u00fchren Leisten Leben"},"content":{"rendered":"<h3>F\u00fchren Leisten Leben\u00a0\u2013 Wirksames Management f\u00fcr eine neue Welt<\/h3>\n<p>Prof. Maliks Bestseller \u201eF\u00fchren Leisten Leben\u201c ist eines der \u201e100 besten Wirtschaftsb\u00fccher aller Zeiten\u201c.<b><\/b><\/p>\n<p><strong>\u00dcber das Buch:<br \/>\n<\/strong>F\u00fchren Leisten Leben ist seit vielen Jahren (Erstpublikation 2000) das Standardwerk f\u00fcr Management. Darin zeigt Fredmund Malik, was alle F\u00fchrungskr\u00e4fte und Fachleute in f\u00fchrender Position immer und \u00fcberall wissen m\u00fcssen. Er gibt den Lesern die Grunds\u00e4tze, Aufgaben und Werkzeuge f\u00fcr effektive F\u00fchrung und wirksames Selbstmanagement an die Hand. F\u00fchren Leisten Leben ist ein Buch f\u00fcr Lebenst\u00fcchtigkeit in der &#8222;Grossen Transformation21&#8220;, wie Malik den Jahrhundertwandel in Wirtschaft und Gesellschaft hin zur Komplexit\u00e4tsgesellschaft nennt. Ein Buch f\u00fcr funktionierende Organisationen und eine lebenswerte Gesellschaft, deren Gestalter der wirksame Mensch ist.<\/p>\n<p><strong>Pressestimmen<\/strong><span style=\"display: inline !important; float: none; background-color: #ffffff; color: #333333; cursor: text; font-family: Georgia,'Times New Roman','Bitstream Charter',Times,serif; font-size: 16px; font-style: normal; font-variant: normal; font-weight: 400; letter-spacing: normal; orphans: 2; text-align: left; text-decoration: none; text-indent: 0px; text-transform: none; -webkit-text-stroke-width: 0px; white-space: normal; word-spacing: 0px;\">:<\/span><br \/>\n<em>&#8222;Das Buch von Fredmund Malik ist inzwischen l\u00e4ngst ein Klassiker der Management-Literatur und hat bereits in vielen Studieng\u00e4ngen Einzug gehalten. Malik zeigt in seinem Standardwerk, was alle F\u00fchrungskr\u00e4fte und Fachleute in f\u00fchrender Position immer und \u00fcberall wissen m\u00fcssen. Er gibt den Lesern die Grunds\u00e4tze, Aufgaben und Werkzeuge f\u00fcr effektive F\u00fchrung und wirksames Selbstmanagement an die Hand. Ein Buch, das nicht nur jede F\u00fchrungskraft gelesen haben sollte.&#8220; <\/em><strong>marktEinblicke, 04.07.2019<\/strong><\/p>\n<p><em>\u201eMit diesem umfassenden Buch kann und muss eine F\u00fchrungskraft an sich arbeiten. Malik verspricht in F\u00dcHREN LEISTEN LEBEN keine schnelle L\u00f6sung, sondern fordert Arbeit. Die Qualit\u00e4t seiner Aussagen verspricht, dass neben dem F\u00fchren und Leisten auch das Leben zu seinem Recht kommt.\u201c<\/em> <strong>Manager Magazin<\/strong><\/p>\n<div class=\"block-element01\">\n<div class=\"image-chine\"><a class=\"fancybox\" href=\"\/website\/var\/assets\/bilder\/campus-buecher\/popup\/managing-performing-living-.jpg\">\u00a0<\/a><\/div>\n<\/div>\n<div class=\"fusion-text\">\n<p class=\"leadtext\">\n<\/div>\n<div class=\"fusion-builder-row fusion-builder-row-inner fusion-row \">\n<div class=\"fusion-layout-column fusion_builder_column fusion_builder_column_3_4 fusion-three-fourth fusion-column-last 3_4\">\n<div class=\"fusion-column-wrapper\" data-bg-url=\"\">\n<div class=\"fusion-text\">\n<div id=\"content-center\">\n<div class=\"block-element01\">\n<div id=\"wrapper-re-top\">\n<div id=\"wrapper-img-top\">\n<div id=\"insign\">\n<div id=\"wrapper-content\" class=\"wrappter-cms\">\n<div id=\"content\">\n<div id=\"content-center\">\n<div class=\"block-element block-element-default\">\n<div id=\"wrapper-re-top\">\n<div id=\"wrapper-img-top\">\n<div id=\"insign\">\n<div id=\"wrapper-content\" class=\"wrappter-cms\">\n<div id=\"content\">\n<div id=\"content-center\">\n<div class=\"block-element block-element-default\">\n<p>&nbsp;<\/p>\n<\/div>\n<\/div>\n<\/div>\n<\/div>\n<\/div>\n<\/div>\n<\/div>\n<\/div>\n<\/div>\n<\/div>\n<\/div>\n<\/div>\n<\/div>\n<\/div>\n<\/div>\n<\/div>\n<\/div>\n<\/div>\n<\/div>\n<\/div>\n","protected":false},"excerpt":{"rendered":"<p>F\u00fchren Leisten Leben\u00a0\u2013 Wirksames Management f\u00fcr eine neue Welt Prof. Maliks Bestseller \u201eF\u00fchren Leisten Leben\u201c ist eines der \u201e100 besten Wirtschaftsb\u00fccher aller Zeiten\u201c. \u00dcber das Buch: F\u00fchren Leisten Leben ist seit vielen Jahren (Erstpublikation 2000) das Standardwerk f\u00fcr Management. Darin zeigt Fredmund Malik, was alle F\u00fchrungskr\u00e4fte und Fachleute in f\u00fchrender Position immer und \u00fcberall wissen m\u00fcssen. Er gibt den Lesern  [&#8230;]<\/p>\n","protected":false},"author":17,"featured_media":0,"parent":16955,"menu_order":0,"comment_status":"closed","ping_status":"closed","template":"side-navigation.php","meta":{"_acf_changed":false,"_bbp_topic_count":0,"_bbp_reply_count":0,"_bbp_total_topic_count":0,"_bbp_total_reply_count":0,"_bbp_voice_count":0,"_bbp_anonymous_reply_count":0,"_bbp_topic_count_hidden":0,"_bbp_reply_count_hidden":0,"_bbp_forum_subforum_count":0,"footnotes":""},"class_list":["post-22570","page","type-page","status-publish","hentry"],"acf":[],"yoast_head":"<!-- This site is optimized with the Yoast SEO plugin v26.4 - https:\/\/yoast.com\/wordpress\/plugins\/seo\/ -->\n<title>Maliks Managementklassiker F\u00fchren Leisten Leben - Malik Management<\/title>\n<meta name=\"robots\" content=\"index, follow, max-snippet:-1, max-image-preview:large, max-video-preview:-1\" \/>\n<link rel=\"canonical\" href=\"https:\/\/www.malik-management.com\/de\/ueber-uns\/publikationen\/malik-buecher\/malik-bestseller-ausgezeichnet\/\" \/>\n<meta property=\"og:locale\" content=\"de_DE\" \/>\n<meta property=\"og:type\" content=\"article\" \/>\n<meta property=\"og:title\" content=\"Maliks Managementklassiker F\u00fchren Leisten Leben - Malik Management\" \/>\n<meta property=\"og:description\" content=\"F\u00fchren Leisten Leben\u00a0\u2013 Wirksames Management f\u00fcr eine neue Welt Prof. Maliks Bestseller \u201eF\u00fchren Leisten Leben\u201c ist eines der \u201e100 besten Wirtschaftsb\u00fccher aller Zeiten\u201c. \u00dcber das Buch: F\u00fchren Leisten Leben ist seit vielen Jahren (Erstpublikation 2000) das Standardwerk f\u00fcr Management. Darin zeigt Fredmund Malik, was alle F\u00fchrungskr\u00e4fte und Fachleute in f\u00fchrender Position immer und \u00fcberall wissen m\u00fcssen. Er gibt den Lesern [...]\" \/>\n<meta property=\"og:url\" content=\"https:\/\/www.malik-management.com\/de\/ueber-uns\/publikationen\/malik-buecher\/malik-bestseller-ausgezeichnet\/\" \/>\n<meta property=\"og:site_name\" content=\"Malik Management\" \/>\n<meta property=\"article:modified_time\" content=\"2020-08-25T07:21:59+00:00\" \/>\n<meta name=\"twitter:card\" content=\"summary_large_image\" \/>\n<meta name=\"twitter:label1\" content=\"Gesch\u00e4tzte Lesezeit\" \/>\n\t<meta name=\"twitter:data1\" content=\"1\u00a0Minute\" \/>\n<script type=\"application\/ld+json\" class=\"yoast-schema-graph\">{\"@context\":\"https:\/\/schema.org\",\"@graph\":[{\"@type\":\"WebPage\",\"@id\":\"https:\/\/www.malik-management.com\/de\/ueber-uns\/publikationen\/malik-buecher\/malik-bestseller-ausgezeichnet\/\",\"url\":\"https:\/\/www.malik-management.com\/de\/ueber-uns\/publikationen\/malik-buecher\/malik-bestseller-ausgezeichnet\/\",\"name\":\"Maliks Managementklassiker F\u00fchren Leisten Leben - Malik Management\",\"isPartOf\":{\"@id\":\"https:\/\/www.malik-management.com\/de\/#website\"},\"datePublished\":\"2018-09-18T15:26:56+00:00\",\"dateModified\":\"2020-08-25T07:21:59+00:00\",\"breadcrumb\":{\"@id\":\"https:\/\/www.malik-management.com\/de\/ueber-uns\/publikationen\/malik-buecher\/malik-bestseller-ausgezeichnet\/#breadcrumb\"},\"inLanguage\":\"de\",\"potentialAction\":[{\"@type\":\"ReadAction\",\"target\":[\"https:\/\/www.malik-management.com\/de\/ueber-uns\/publikationen\/malik-buecher\/malik-bestseller-ausgezeichnet\/\"]}]},{\"@type\":\"BreadcrumbList\",\"@id\":\"https:\/\/www.malik-management.com\/de\/ueber-uns\/publikationen\/malik-buecher\/malik-bestseller-ausgezeichnet\/#breadcrumb\",\"itemListElement\":[{\"@type\":\"ListItem\",\"position\":1,\"name\":\"Home\",\"item\":\"https:\/\/www.malik-management.com\/de\/\"},{\"@type\":\"ListItem\",\"position\":2,\"name\":\"\u00dcber uns\",\"item\":\"https:\/\/www.malik-management.com\/de\/ueber-uns\/\"},{\"@type\":\"ListItem\",\"position\":3,\"name\":\"Publikationen\",\"item\":\"https:\/\/www.malik-management.com\/de\/ueber-uns\/publikationen\/\"},{\"@type\":\"ListItem\",\"position\":4,\"name\":\"Malik B\u00fccher\",\"item\":\"https:\/\/www.malik-management.com\/de\/ueber-uns\/publikationen\/malik-buecher\/\"},{\"@type\":\"ListItem\",\"position\":5,\"name\":\"Maliks Managementklassiker F\u00fchren Leisten Leben\"}]},{\"@type\":\"WebSite\",\"@id\":\"https:\/\/www.malik-management.com\/de\/#website\",\"url\":\"https:\/\/www.malik-management.com\/de\/\",\"name\":\"Malik Management\",\"description\":\"Beyond conventional management\",\"publisher\":{\"@id\":\"https:\/\/www.malik-management.com\/de\/#organization\"},\"potentialAction\":[{\"@type\":\"SearchAction\",\"target\":{\"@type\":\"EntryPoint\",\"urlTemplate\":\"https:\/\/www.malik-management.com\/de\/?s={search_term_string}\"},\"query-input\":{\"@type\":\"PropertyValueSpecification\",\"valueRequired\":true,\"valueName\":\"search_term_string\"}}],\"inLanguage\":\"de\"},{\"@type\":\"Organization\",\"@id\":\"https:\/\/www.malik-management.com\/de\/#organization\",\"name\":\"malik international AG\",\"url\":\"https:\/\/www.malik-management.com\/de\/\",\"logo\":{\"@type\":\"ImageObject\",\"inLanguage\":\"de\",\"@id\":\"https:\/\/www.malik-management.com\/de\/#\/schema\/logo\/image\/\",\"url\":\"https:\/\/www.malik-management.com\/wp-content\/uploads\/2018\/09\/Logo_malik_weiss-klein3.png\",\"contentUrl\":\"https:\/\/www.malik-management.com\/wp-content\/uploads\/2018\/09\/Logo_malik_weiss-klein3.png\",\"width\":140,\"height\":41,\"caption\":\"malik international AG\"},\"image\":{\"@id\":\"https:\/\/www.malik-management.com\/de\/#\/schema\/logo\/image\/\"},\"sameAs\":[\"https:\/\/www.linkedin.com\/company\/30160\",\"https:\/\/www.youtube.com\/user\/malikmanagement\"]}]}<\/script>\n<!-- \/ Yoast SEO plugin. -->","yoast_head_json":{"title":"Maliks Managementklassiker F\u00fchren Leisten Leben - Malik Management","robots":{"index":"index","follow":"follow","max-snippet":"max-snippet:-1","max-image-preview":"max-image-preview:large","max-video-preview":"max-video-preview:-1"},"canonical":"https:\/\/www.malik-management.com\/de\/ueber-uns\/publikationen\/malik-buecher\/malik-bestseller-ausgezeichnet\/","og_locale":"de_DE","og_type":"article","og_title":"Maliks Managementklassiker F\u00fchren Leisten Leben - Malik Management","og_description":"F\u00fchren Leisten Leben\u00a0\u2013 Wirksames Management f\u00fcr eine neue Welt Prof. Maliks Bestseller \u201eF\u00fchren Leisten Leben\u201c ist eines der \u201e100 besten Wirtschaftsb\u00fccher aller Zeiten\u201c. \u00dcber das Buch: F\u00fchren Leisten Leben ist seit vielen Jahren (Erstpublikation 2000) das Standardwerk f\u00fcr Management. Darin zeigt Fredmund Malik, was alle F\u00fchrungskr\u00e4fte und Fachleute in f\u00fchrender Position immer und \u00fcberall wissen m\u00fcssen. Er gibt den Lesern [...]","og_url":"https:\/\/www.malik-management.com\/de\/ueber-uns\/publikationen\/malik-buecher\/malik-bestseller-ausgezeichnet\/","og_site_name":"Malik Management","article_modified_time":"2020-08-25T07:21:59+00:00","twitter_card":"summary_large_image","twitter_misc":{"Gesch\u00e4tzte Lesezeit":"1\u00a0Minute"},"schema":{"@context":"https:\/\/schema.org","@graph":[{"@type":"WebPage","@id":"https:\/\/www.malik-management.com\/de\/ueber-uns\/publikationen\/malik-buecher\/malik-bestseller-ausgezeichnet\/","url":"https:\/\/www.malik-management.com\/de\/ueber-uns\/publikationen\/malik-buecher\/malik-bestseller-ausgezeichnet\/","name":"Maliks Managementklassiker F\u00fchren Leisten Leben - Malik Management","isPartOf":{"@id":"https:\/\/www.malik-management.com\/de\/#website"},"datePublished":"2018-09-18T15:26:56+00:00","dateModified":"2020-08-25T07:21:59+00:00","breadcrumb":{"@id":"https:\/\/www.malik-management.com\/de\/ueber-uns\/publikationen\/malik-buecher\/malik-bestseller-ausgezeichnet\/#breadcrumb"},"inLanguage":"de","potentialAction":[{"@type":"ReadAction","target":["https:\/\/www.malik-management.com\/de\/ueber-uns\/publikationen\/malik-buecher\/malik-bestseller-ausgezeichnet\/"]}]},{"@type":"BreadcrumbList","@id":"https:\/\/www.malik-management.com\/de\/ueber-uns\/publikationen\/malik-buecher\/malik-bestseller-ausgezeichnet\/#breadcrumb","itemListElement":[{"@type":"ListItem","position":1,"name":"Home","item":"https:\/\/www.malik-management.com\/de\/"},{"@type":"ListItem","position":2,"name":"\u00dcber uns","item":"https:\/\/www.malik-management.com\/de\/ueber-uns\/"},{"@type":"ListItem","position":3,"name":"Publikationen","item":"https:\/\/www.malik-management.com\/de\/ueber-uns\/publikationen\/"},{"@type":"ListItem","position":4,"name":"Malik B\u00fccher","item":"https:\/\/www.malik-management.com\/de\/ueber-uns\/publikationen\/malik-buecher\/"},{"@type":"ListItem","position":5,"name":"Maliks Managementklassiker F\u00fchren Leisten Leben"}]},{"@type":"WebSite","@id":"https:\/\/www.malik-management.com\/de\/#website","url":"https:\/\/www.malik-management.com\/de\/","name":"Malik Management","description":"Beyond conventional management","publisher":{"@id":"https:\/\/www.malik-management.com\/de\/#organization"},"potentialAction":[{"@type":"SearchAction","target":{"@type":"EntryPoint","urlTemplate":"https:\/\/www.malik-management.com\/de\/?s={search_term_string}"},"query-input":{"@type":"PropertyValueSpecification","valueRequired":true,"valueName":"search_term_string"}}],"inLanguage":"de"},{"@type":"Organization","@id":"https:\/\/www.malik-management.com\/de\/#organization","name":"malik international AG","url":"https:\/\/www.malik-management.com\/de\/","logo":{"@type":"ImageObject","inLanguage":"de","@id":"https:\/\/www.malik-management.com\/de\/#\/schema\/logo\/image\/","url":"https:\/\/www.malik-management.com\/wp-content\/uploads\/2018\/09\/Logo_malik_weiss-klein3.png","contentUrl":"https:\/\/www.malik-management.com\/wp-content\/uploads\/2018\/09\/Logo_malik_weiss-klein3.png","width":140,"height":41,"caption":"malik international AG"},"image":{"@id":"https:\/\/www.malik-management.com\/de\/#\/schema\/logo\/image\/"},"sameAs":["https:\/\/www.linkedin.com\/company\/30160","https:\/\/www.youtube.com\/user\/malikmanagement"]}]}},"_links":{"self":[{"href":"https:\/\/www.malik-management.com\/de\/wp-json\/wp\/v2\/pages\/22570","targetHints":{"allow":["GET"]}}],"collection":[{"href":"https:\/\/www.malik-management.com\/de\/wp-json\/wp\/v2\/pages"}],"about":[{"href":"https:\/\/www.malik-management.com\/de\/wp-json\/wp\/v2\/types\/page"}],"author":[{"embeddable":true,"href":"https:\/\/www.malik-management.com\/de\/wp-json\/wp\/v2\/users\/17"}],"replies":[{"embeddable":true,"href":"https:\/\/www.malik-management.com\/de\/wp-json\/wp\/v2\/comments?post=22570"}],"version-history":[{"count":19,"href":"https:\/\/www.malik-management.com\/de\/wp-json\/wp\/v2\/pages\/22570\/revisions"}],"predecessor-version":[{"id":25056,"href":"https:\/\/www.malik-management.com\/de\/wp-json\/wp\/v2\/pages\/22570\/revisions\/25056"}],"up":[{"embeddable":true,"href":"https:\/\/www.malik-management.com\/de\/wp-json\/wp\/v2\/pages\/16955"}],"wp:attachment":[{"href":"https:\/\/www.malik-management.com\/de\/wp-json\/wp\/v2\/media?parent=22570"}],"curies":[{"name":"wp","href":"https:\/\/api.w.org\/{rel}","templated":true}]}}