{"id":22590,"date":"2018-09-19T06:53:37","date_gmt":"2018-09-19T06:53:37","guid":{"rendered":"https:\/\/www.malik-management.com\/ueber-uns\/publikationen\/malik-buecher\/navigieren-in-zeiten-des-umbruchs\/"},"modified":"2018-10-31T13:55:45","modified_gmt":"2018-10-31T13:55:45","slug":"navigieren-in-zeiten-des-umbruchs","status":"publish","type":"page","link":"https:\/\/www.malik-management.com\/de\/ueber-uns\/publikationen\/malik-buecher\/navigieren-in-zeiten-des-umbruchs\/","title":{"rendered":"Navigieren in Zeiten des Umbruchs"},"content":{"rendered":"<h3>Navigieren in Zeiten des Umbruchs\u00a0\u2013 Die Welt neu denken und gestalten<\/h3>\n<p><a href=\"https:\/\/www.malik-management.com\/wp-content\/uploads\/2018\/09\/malik-buecher-malik-navigieren-in-Zeiten-des-Umbruchs-2015-800x600.png\"><img decoding=\"async\" class=\"wp-image-22497 aligncenter\" src=\"https:\/\/www.malik-management.com\/wp-content\/uploads\/2018\/09\/malik-buecher-malik-navigieren-in-Zeiten-des-Umbruchs-2015-800x600.png\" alt=\"\" width=\"161\" height=\"214\" srcset=\"https:\/\/www.malik-management.com\/wp-content\/uploads\/2018\/09\/malik-buecher-malik-navigieren-in-Zeiten-des-Umbruchs-2015-800x600-200x267.png 200w, https:\/\/www.malik-management.com\/wp-content\/uploads\/2018\/09\/malik-buecher-malik-navigieren-in-Zeiten-des-Umbruchs-2015-800x600-225x300.png 225w, https:\/\/www.malik-management.com\/wp-content\/uploads\/2018\/09\/malik-buecher-malik-navigieren-in-Zeiten-des-Umbruchs-2015-800x600-400x533.png 400w, https:\/\/www.malik-management.com\/wp-content\/uploads\/2018\/09\/malik-buecher-malik-navigieren-in-Zeiten-des-Umbruchs-2015-800x600.png 600w\" sizes=\"(max-width: 161px) 100vw, 161px\" \/><\/a><\/p>\n<p>Campus \u00fcber die Neuerscheinung: \u201eFredmund Malik schreibt in seinem neuen Buch kurzweilig \u00fcber unsere Komplexit\u00e4tsgesellschaft, die Grosse Transformation21 und die Herausforderungen f\u00fcr Governance, Leadership und Management: In wenigen Jahren wird fast alles anders sein: was wir tun, wie wir es tun und warum wir es tun; wie wir produzieren und konsumieren, wie wir arbeiten, wie wir lernen und forschen &#8211; und wie wir leben. Wie gehen wir in Wirtschaft, Politik und Gesellschaft damit um?<\/p>\n<p>Umbr\u00fcche \u00f6ffnen M\u00f6glichkeiten, indem sie Altes verdr\u00e4ngen und Neues schaffen. Management, wie Malik es versteht, ist die gesellschaftliche Funktion, diese M\u00f6glichkeiten zu nutzen. Das Meistern von Komplexit\u00e4t befreit die Gesellschaft von ihren verkn\u00f6cherten Organisationen und \u00f6ffnet Wege zu einem neuen Denken und zu einem besseren Funktionieren. Ein Buch f\u00fcr klare Sicht und pers\u00f6nlichen Mut. Ein Orientierungsraster f\u00fcr das Navigieren in offenen Horizonten.\u201c<\/p>\n<p>Das Buch von Prof. Fredmund Malik <em>\u201eNavigieren in Zeiten des Umbruchs. Die Welt neu denken und gestalten\u201c<\/em> erschien 2015 im Campus Verlag.<\/p>\n","protected":false},"excerpt":{"rendered":"<p>Navigieren in Zeiten des Umbruchs\u00a0\u2013 Die Welt neu denken und gestalten Campus \u00fcber die Neuerscheinung: \u201eFredmund Malik schreibt in seinem neuen Buch kurzweilig \u00fcber unsere Komplexit\u00e4tsgesellschaft, die Grosse Transformation21 und die Herausforderungen f\u00fcr Governance, Leadership und Management: In wenigen Jahren wird fast alles anders sein: was wir tun, wie wir es tun und warum wir es tun; wie wir produzieren  [&#8230;]<\/p>\n","protected":false},"author":17,"featured_media":0,"parent":16955,"menu_order":0,"comment_status":"closed","ping_status":"closed","template":"side-navigation.php","meta":{"_acf_changed":false,"_bbp_topic_count":0,"_bbp_reply_count":0,"_bbp_total_topic_count":0,"_bbp_total_reply_count":0,"_bbp_voice_count":0,"_bbp_anonymous_reply_count":0,"_bbp_topic_count_hidden":0,"_bbp_reply_count_hidden":0,"_bbp_forum_subforum_count":0,"footnotes":""},"class_list":["post-22590","page","type-page","status-publish","hentry"],"acf":[],"yoast_head":"<!-- This site is optimized with the Yoast SEO plugin v26.4 - https:\/\/yoast.com\/wordpress\/plugins\/seo\/ -->\n<title>Navigieren in Zeiten des Umbruchs - Malik Management<\/title>\n<meta name=\"robots\" content=\"index, follow, max-snippet:-1, max-image-preview:large, max-video-preview:-1\" \/>\n<link rel=\"canonical\" href=\"https:\/\/www.malik-management.com\/de\/ueber-uns\/publikationen\/malik-buecher\/navigieren-in-zeiten-des-umbruchs\/\" \/>\n<meta property=\"og:locale\" content=\"de_DE\" \/>\n<meta property=\"og:type\" content=\"article\" \/>\n<meta property=\"og:title\" content=\"Navigieren in Zeiten des Umbruchs - Malik Management\" \/>\n<meta property=\"og:description\" content=\"Navigieren in Zeiten des Umbruchs\u00a0\u2013 Die Welt neu denken und gestalten Campus \u00fcber die Neuerscheinung: \u201eFredmund Malik schreibt in seinem neuen Buch kurzweilig \u00fcber unsere Komplexit\u00e4tsgesellschaft, die Grosse Transformation21 und die Herausforderungen f\u00fcr Governance, Leadership und Management: In wenigen Jahren wird fast alles anders sein: was wir tun, wie wir es tun und warum wir es tun; wie wir produzieren [...]\" \/>\n<meta property=\"og:url\" content=\"https:\/\/www.malik-management.com\/de\/ueber-uns\/publikationen\/malik-buecher\/navigieren-in-zeiten-des-umbruchs\/\" \/>\n<meta property=\"og:site_name\" content=\"Malik Management\" \/>\n<meta property=\"article:modified_time\" content=\"2018-10-31T13:55:45+00:00\" \/>\n<meta property=\"og:image\" content=\"https:\/\/www.malik-management.com\/wp-content\/uploads\/2018\/09\/malik-buecher-malik-navigieren-in-Zeiten-des-Umbruchs-2015-800x600.png\" \/>\n<meta name=\"twitter:card\" content=\"summary_large_image\" \/>\n<meta name=\"twitter:label1\" content=\"Gesch\u00e4tzte Lesezeit\" \/>\n\t<meta name=\"twitter:data1\" content=\"1\u00a0Minute\" \/>\n<script type=\"application\/ld+json\" class=\"yoast-schema-graph\">{\"@context\":\"https:\/\/schema.org\",\"@graph\":[{\"@type\":\"WebPage\",\"@id\":\"https:\/\/www.malik-management.com\/de\/ueber-uns\/publikationen\/malik-buecher\/navigieren-in-zeiten-des-umbruchs\/\",\"url\":\"https:\/\/www.malik-management.com\/de\/ueber-uns\/publikationen\/malik-buecher\/navigieren-in-zeiten-des-umbruchs\/\",\"name\":\"Navigieren in Zeiten des Umbruchs - Malik Management\",\"isPartOf\":{\"@id\":\"https:\/\/www.malik-management.com\/de\/#website\"},\"primaryImageOfPage\":{\"@id\":\"https:\/\/www.malik-management.com\/de\/ueber-uns\/publikationen\/malik-buecher\/navigieren-in-zeiten-des-umbruchs\/#primaryimage\"},\"image\":{\"@id\":\"https:\/\/www.malik-management.com\/de\/ueber-uns\/publikationen\/malik-buecher\/navigieren-in-zeiten-des-umbruchs\/#primaryimage\"},\"thumbnailUrl\":\"https:\/\/www.malik-management.com\/wp-content\/uploads\/2018\/09\/malik-buecher-malik-navigieren-in-Zeiten-des-Umbruchs-2015-800x600.png\",\"datePublished\":\"2018-09-19T06:53:37+00:00\",\"dateModified\":\"2018-10-31T13:55:45+00:00\",\"breadcrumb\":{\"@id\":\"https:\/\/www.malik-management.com\/de\/ueber-uns\/publikationen\/malik-buecher\/navigieren-in-zeiten-des-umbruchs\/#breadcrumb\"},\"inLanguage\":\"de\",\"potentialAction\":[{\"@type\":\"ReadAction\",\"target\":[\"https:\/\/www.malik-management.com\/de\/ueber-uns\/publikationen\/malik-buecher\/navigieren-in-zeiten-des-umbruchs\/\"]}]},{\"@type\":\"ImageObject\",\"inLanguage\":\"de\",\"@id\":\"https:\/\/www.malik-management.com\/de\/ueber-uns\/publikationen\/malik-buecher\/navigieren-in-zeiten-des-umbruchs\/#primaryimage\",\"url\":\"https:\/\/www.malik-management.com\/wp-content\/uploads\/2018\/09\/malik-buecher-malik-navigieren-in-Zeiten-des-Umbruchs-2015-800x600.png\",\"contentUrl\":\"https:\/\/www.malik-management.com\/wp-content\/uploads\/2018\/09\/malik-buecher-malik-navigieren-in-Zeiten-des-Umbruchs-2015-800x600.png\"},{\"@type\":\"BreadcrumbList\",\"@id\":\"https:\/\/www.malik-management.com\/de\/ueber-uns\/publikationen\/malik-buecher\/navigieren-in-zeiten-des-umbruchs\/#breadcrumb\",\"itemListElement\":[{\"@type\":\"ListItem\",\"position\":1,\"name\":\"Home\",\"item\":\"https:\/\/www.malik-management.com\/de\/\"},{\"@type\":\"ListItem\",\"position\":2,\"name\":\"\u00dcber uns\",\"item\":\"https:\/\/www.malik-management.com\/de\/ueber-uns\/\"},{\"@type\":\"ListItem\",\"position\":3,\"name\":\"Publikationen\",\"item\":\"https:\/\/www.malik-management.com\/de\/ueber-uns\/publikationen\/\"},{\"@type\":\"ListItem\",\"position\":4,\"name\":\"Malik B\u00fccher\",\"item\":\"https:\/\/www.malik-management.com\/de\/ueber-uns\/publikationen\/malik-buecher\/\"},{\"@type\":\"ListItem\",\"position\":5,\"name\":\"Navigieren in Zeiten des Umbruchs\"}]},{\"@type\":\"WebSite\",\"@id\":\"https:\/\/www.malik-management.com\/de\/#website\",\"url\":\"https:\/\/www.malik-management.com\/de\/\",\"name\":\"Malik Management\",\"description\":\"Beyond conventional management\",\"publisher\":{\"@id\":\"https:\/\/www.malik-management.com\/de\/#organization\"},\"potentialAction\":[{\"@type\":\"SearchAction\",\"target\":{\"@type\":\"EntryPoint\",\"urlTemplate\":\"https:\/\/www.malik-management.com\/de\/?s={search_term_string}\"},\"query-input\":{\"@type\":\"PropertyValueSpecification\",\"valueRequired\":true,\"valueName\":\"search_term_string\"}}],\"inLanguage\":\"de\"},{\"@type\":\"Organization\",\"@id\":\"https:\/\/www.malik-management.com\/de\/#organization\",\"name\":\"malik international AG\",\"url\":\"https:\/\/www.malik-management.com\/de\/\",\"logo\":{\"@type\":\"ImageObject\",\"inLanguage\":\"de\",\"@id\":\"https:\/\/www.malik-management.com\/de\/#\/schema\/logo\/image\/\",\"url\":\"https:\/\/www.malik-management.com\/wp-content\/uploads\/2018\/09\/Logo_malik_weiss-klein3.png\",\"contentUrl\":\"https:\/\/www.malik-management.com\/wp-content\/uploads\/2018\/09\/Logo_malik_weiss-klein3.png\",\"width\":140,\"height\":41,\"caption\":\"malik international AG\"},\"image\":{\"@id\":\"https:\/\/www.malik-management.com\/de\/#\/schema\/logo\/image\/\"},\"sameAs\":[\"https:\/\/www.linkedin.com\/company\/30160\",\"https:\/\/www.youtube.com\/user\/malikmanagement\"]}]}<\/script>\n<!-- \/ Yoast SEO plugin. -->","yoast_head_json":{"title":"Navigieren in Zeiten des Umbruchs - Malik Management","robots":{"index":"index","follow":"follow","max-snippet":"max-snippet:-1","max-image-preview":"max-image-preview:large","max-video-preview":"max-video-preview:-1"},"canonical":"https:\/\/www.malik-management.com\/de\/ueber-uns\/publikationen\/malik-buecher\/navigieren-in-zeiten-des-umbruchs\/","og_locale":"de_DE","og_type":"article","og_title":"Navigieren in Zeiten des Umbruchs - Malik Management","og_description":"Navigieren in Zeiten des Umbruchs\u00a0\u2013 Die Welt neu denken und gestalten Campus \u00fcber die Neuerscheinung: \u201eFredmund Malik schreibt in seinem neuen Buch kurzweilig \u00fcber unsere Komplexit\u00e4tsgesellschaft, die Grosse Transformation21 und die Herausforderungen f\u00fcr Governance, Leadership und Management: In wenigen Jahren wird fast alles anders sein: was wir tun, wie wir es tun und warum wir es tun; wie wir produzieren [...]","og_url":"https:\/\/www.malik-management.com\/de\/ueber-uns\/publikationen\/malik-buecher\/navigieren-in-zeiten-des-umbruchs\/","og_site_name":"Malik Management","article_modified_time":"2018-10-31T13:55:45+00:00","og_image":[{"url":"https:\/\/www.malik-management.com\/wp-content\/uploads\/2018\/09\/malik-buecher-malik-navigieren-in-Zeiten-des-Umbruchs-2015-800x600.png","type":"","width":"","height":""}],"twitter_card":"summary_large_image","twitter_misc":{"Gesch\u00e4tzte Lesezeit":"1\u00a0Minute"},"schema":{"@context":"https:\/\/schema.org","@graph":[{"@type":"WebPage","@id":"https:\/\/www.malik-management.com\/de\/ueber-uns\/publikationen\/malik-buecher\/navigieren-in-zeiten-des-umbruchs\/","url":"https:\/\/www.malik-management.com\/de\/ueber-uns\/publikationen\/malik-buecher\/navigieren-in-zeiten-des-umbruchs\/","name":"Navigieren in Zeiten des Umbruchs - Malik Management","isPartOf":{"@id":"https:\/\/www.malik-management.com\/de\/#website"},"primaryImageOfPage":{"@id":"https:\/\/www.malik-management.com\/de\/ueber-uns\/publikationen\/malik-buecher\/navigieren-in-zeiten-des-umbruchs\/#primaryimage"},"image":{"@id":"https:\/\/www.malik-management.com\/de\/ueber-uns\/publikationen\/malik-buecher\/navigieren-in-zeiten-des-umbruchs\/#primaryimage"},"thumbnailUrl":"https:\/\/www.malik-management.com\/wp-content\/uploads\/2018\/09\/malik-buecher-malik-navigieren-in-Zeiten-des-Umbruchs-2015-800x600.png","datePublished":"2018-09-19T06:53:37+00:00","dateModified":"2018-10-31T13:55:45+00:00","breadcrumb":{"@id":"https:\/\/www.malik-management.com\/de\/ueber-uns\/publikationen\/malik-buecher\/navigieren-in-zeiten-des-umbruchs\/#breadcrumb"},"inLanguage":"de","potentialAction":[{"@type":"ReadAction","target":["https:\/\/www.malik-management.com\/de\/ueber-uns\/publikationen\/malik-buecher\/navigieren-in-zeiten-des-umbruchs\/"]}]},{"@type":"ImageObject","inLanguage":"de","@id":"https:\/\/www.malik-management.com\/de\/ueber-uns\/publikationen\/malik-buecher\/navigieren-in-zeiten-des-umbruchs\/#primaryimage","url":"https:\/\/www.malik-management.com\/wp-content\/uploads\/2018\/09\/malik-buecher-malik-navigieren-in-Zeiten-des-Umbruchs-2015-800x600.png","contentUrl":"https:\/\/www.malik-management.com\/wp-content\/uploads\/2018\/09\/malik-buecher-malik-navigieren-in-Zeiten-des-Umbruchs-2015-800x600.png"},{"@type":"BreadcrumbList","@id":"https:\/\/www.malik-management.com\/de\/ueber-uns\/publikationen\/malik-buecher\/navigieren-in-zeiten-des-umbruchs\/#breadcrumb","itemListElement":[{"@type":"ListItem","position":1,"name":"Home","item":"https:\/\/www.malik-management.com\/de\/"},{"@type":"ListItem","position":2,"name":"\u00dcber uns","item":"https:\/\/www.malik-management.com\/de\/ueber-uns\/"},{"@type":"ListItem","position":3,"name":"Publikationen","item":"https:\/\/www.malik-management.com\/de\/ueber-uns\/publikationen\/"},{"@type":"ListItem","position":4,"name":"Malik B\u00fccher","item":"https:\/\/www.malik-management.com\/de\/ueber-uns\/publikationen\/malik-buecher\/"},{"@type":"ListItem","position":5,"name":"Navigieren in Zeiten des Umbruchs"}]},{"@type":"WebSite","@id":"https:\/\/www.malik-management.com\/de\/#website","url":"https:\/\/www.malik-management.com\/de\/","name":"Malik Management","description":"Beyond conventional management","publisher":{"@id":"https:\/\/www.malik-management.com\/de\/#organization"},"potentialAction":[{"@type":"SearchAction","target":{"@type":"EntryPoint","urlTemplate":"https:\/\/www.malik-management.com\/de\/?s={search_term_string}"},"query-input":{"@type":"PropertyValueSpecification","valueRequired":true,"valueName":"search_term_string"}}],"inLanguage":"de"},{"@type":"Organization","@id":"https:\/\/www.malik-management.com\/de\/#organization","name":"malik international AG","url":"https:\/\/www.malik-management.com\/de\/","logo":{"@type":"ImageObject","inLanguage":"de","@id":"https:\/\/www.malik-management.com\/de\/#\/schema\/logo\/image\/","url":"https:\/\/www.malik-management.com\/wp-content\/uploads\/2018\/09\/Logo_malik_weiss-klein3.png","contentUrl":"https:\/\/www.malik-management.com\/wp-content\/uploads\/2018\/09\/Logo_malik_weiss-klein3.png","width":140,"height":41,"caption":"malik international AG"},"image":{"@id":"https:\/\/www.malik-management.com\/de\/#\/schema\/logo\/image\/"},"sameAs":["https:\/\/www.linkedin.com\/company\/30160","https:\/\/www.youtube.com\/user\/malikmanagement"]}]}},"_links":{"self":[{"href":"https:\/\/www.malik-management.com\/de\/wp-json\/wp\/v2\/pages\/22590","targetHints":{"allow":["GET"]}}],"collection":[{"href":"https:\/\/www.malik-management.com\/de\/wp-json\/wp\/v2\/pages"}],"about":[{"href":"https:\/\/www.malik-management.com\/de\/wp-json\/wp\/v2\/types\/page"}],"author":[{"embeddable":true,"href":"https:\/\/www.malik-management.com\/de\/wp-json\/wp\/v2\/users\/17"}],"replies":[{"embeddable":true,"href":"https:\/\/www.malik-management.com\/de\/wp-json\/wp\/v2\/comments?post=22590"}],"version-history":[{"count":14,"href":"https:\/\/www.malik-management.com\/de\/wp-json\/wp\/v2\/pages\/22590\/revisions"}],"predecessor-version":[{"id":23041,"href":"https:\/\/www.malik-management.com\/de\/wp-json\/wp\/v2\/pages\/22590\/revisions\/23041"}],"up":[{"embeddable":true,"href":"https:\/\/www.malik-management.com\/de\/wp-json\/wp\/v2\/pages\/16955"}],"wp:attachment":[{"href":"https:\/\/www.malik-management.com\/de\/wp-json\/wp\/v2\/media?parent=22590"}],"curies":[{"name":"wp","href":"https:\/\/api.w.org\/{rel}","templated":true}]}}