{"id":22605,"date":"2018-09-19T08:15:01","date_gmt":"2018-09-19T08:15:01","guid":{"rendered":"https:\/\/www.malik-management.com\/ueber-uns\/publikationen\/malik-buecher\/maucher-und-malik-uber-management\/"},"modified":"2018-10-31T13:54:03","modified_gmt":"2018-10-31T13:54:03","slug":"maucher-und-malik-uber-management","status":"publish","type":"page","link":"https:\/\/www.malik-management.com\/de\/ueber-uns\/publikationen\/malik-buecher\/maucher-und-malik-uber-management\/","title":{"rendered":"Maucher und Malik \u00fcber Management"},"content":{"rendered":"<h3>Maucher und Malik \u00fcber Management \u2013 Maximen unternehmerischen Handelns<\/h3>\n<p><a href=\"https:\/\/www.malik-management.com\/wp-content\/uploads\/2018\/09\/malik-buecher-malik-mauchermalik-800x600.png\"><img decoding=\"async\" class=\"wp-image-22611 aligncenter\" src=\"https:\/\/www.malik-management.com\/wp-content\/uploads\/2018\/09\/malik-buecher-malik-mauchermalik-800x600.png\" alt=\"\" width=\"217\" height=\"286\" \/><\/a><\/p>\n<p>In diesem Buch erfahren Sie alles, was nach Ansicht der Autoren erfolgreiches Management ausmacht. Ein wesentlicher Bestandteil dieses Buches sind Aussagen aus Reden, Aufs\u00e4tzen und Interviews von Dr. h.c. Helmut Maucher, Manager und ehemaliger Generaldirektor des Nahrungsmittelkonzerns\u00a0Nestl\u00e9, aus den vergangenen Jahrzehnten.<\/p>\n<p>Gemeinsam arbeiteten die beiden Management-Koryph\u00e4en \u2013 auch \u00bbsozialverantwortliche\u00ab \u2013 F\u00fchrungsleistungen heraus, die universelle G\u00fcltigkeit haben. Heute, wo so viele fragw\u00fcrdige und zum Teil irref\u00fchrende Dinge \u00fcber das Management und seine gesellschaftliche Funktion verbreitet werden, sind die Gedanken der beiden Autoren ein Orientierungspunkt und Leitfaden f\u00fcr beispielgebendes und richtiges Management mit dem die heutigen und zuk\u00fcnftigen Herausforderungen an die Unternehmensf\u00fchrung erfolgreich gemeistert werden k\u00f6nnen.<\/p>\n<p>In einem speziell f\u00fcr dieses Buch gef\u00fchrten Dialog zwischen Maucher und Malik erfahren die Leser unter anderem, inwiefern die Krise auch und vorwiegend durch falsches Management entstanden ist. F\u00fcr F\u00fchrungskr\u00e4fte und Unternehmer sowie f\u00fcr Politiker hat dies eine besondere Bedeutung.<\/p>\n<p>Sie lernen zugleich die universell g\u00fcltigen Grunds\u00e4tze, Strategien, Methoden und Tools kennen, die das Top Management instand setzen, ein Unternehmen auch in komplexesten Situationen richtig und vor allem langfristig erfolgreich zu f\u00fchren.<\/p>\n<p>Das Buch &#8222;Maucher und Malik \u00fcber Management. Maximen unternehmerischen Handelns&#8220; von Helmut Maucher, Fredmund Malik und Farsam Farschtschian erschien 2012 im Campus Verlag.<\/p>\n","protected":false},"excerpt":{"rendered":"<p>Maucher und Malik \u00fcber Management \u2013 Maximen unternehmerischen Handelns In diesem Buch erfahren Sie alles, was nach Ansicht der Autoren erfolgreiches Management ausmacht. Ein wesentlicher Bestandteil dieses Buches sind Aussagen aus Reden, Aufs\u00e4tzen und Interviews von Dr. h.c. Helmut Maucher, Manager und ehemaliger Generaldirektor des Nahrungsmittelkonzerns\u00a0Nestl\u00e9, aus den vergangenen Jahrzehnten. Gemeinsam arbeiteten die beiden Management-Koryph\u00e4en \u2013 auch \u00bbsozialverantwortliche\u00ab \u2013 F\u00fchrungsleistungen  [&#8230;]<\/p>\n","protected":false},"author":17,"featured_media":0,"parent":16955,"menu_order":0,"comment_status":"closed","ping_status":"closed","template":"side-navigation.php","meta":{"_acf_changed":false,"_bbp_topic_count":0,"_bbp_reply_count":0,"_bbp_total_topic_count":0,"_bbp_total_reply_count":0,"_bbp_voice_count":0,"_bbp_anonymous_reply_count":0,"_bbp_topic_count_hidden":0,"_bbp_reply_count_hidden":0,"_bbp_forum_subforum_count":0,"footnotes":""},"class_list":["post-22605","page","type-page","status-publish","hentry"],"acf":[],"yoast_head":"<!-- This site is optimized with the Yoast SEO plugin v27.5 - https:\/\/yoast.com\/product\/yoast-seo-wordpress\/ -->\n<title>Maucher und Malik \u00fcber Management - Malik Management<\/title>\n<meta name=\"robots\" content=\"index, follow, max-snippet:-1, max-image-preview:large, max-video-preview:-1\" \/>\n<link rel=\"canonical\" href=\"https:\/\/www.malik-management.com\/de\/ueber-uns\/publikationen\/malik-buecher\/maucher-und-malik-uber-management\/\" \/>\n<meta property=\"og:locale\" content=\"de_DE\" \/>\n<meta property=\"og:type\" content=\"article\" \/>\n<meta property=\"og:title\" content=\"Maucher und Malik \u00fcber Management - Malik Management\" \/>\n<meta property=\"og:description\" content=\"Maucher und Malik \u00fcber Management \u2013 Maximen unternehmerischen Handelns In diesem Buch erfahren Sie alles, was nach Ansicht der Autoren erfolgreiches Management ausmacht. Ein wesentlicher Bestandteil dieses Buches sind Aussagen aus Reden, Aufs\u00e4tzen und Interviews von Dr. h.c. Helmut Maucher, Manager und ehemaliger Generaldirektor des Nahrungsmittelkonzerns\u00a0Nestl\u00e9, aus den vergangenen Jahrzehnten. Gemeinsam arbeiteten die beiden Management-Koryph\u00e4en \u2013 auch \u00bbsozialverantwortliche\u00ab \u2013 F\u00fchrungsleistungen [...]\" \/>\n<meta property=\"og:url\" content=\"https:\/\/www.malik-management.com\/de\/ueber-uns\/publikationen\/malik-buecher\/maucher-und-malik-uber-management\/\" \/>\n<meta property=\"og:site_name\" content=\"Malik Management\" \/>\n<meta property=\"article:modified_time\" content=\"2018-10-31T13:54:03+00:00\" \/>\n<meta property=\"og:image\" content=\"https:\/\/www.malik-management.com\/wp-content\/uploads\/2018\/09\/malik-buecher-malik-mauchermalik-800x600.png\" \/>\n<meta name=\"twitter:card\" content=\"summary_large_image\" \/>\n<meta name=\"twitter:label1\" content=\"Gesch\u00e4tzte Lesezeit\" \/>\n\t<meta name=\"twitter:data1\" content=\"1\u00a0Minute\" \/>\n<script type=\"application\/ld+json\" class=\"yoast-schema-graph\">{\"@context\":\"https:\\\/\\\/schema.org\",\"@graph\":[{\"@type\":\"WebPage\",\"@id\":\"https:\\\/\\\/www.malik-management.com\\\/de\\\/ueber-uns\\\/publikationen\\\/malik-buecher\\\/maucher-und-malik-uber-management\\\/\",\"url\":\"https:\\\/\\\/www.malik-management.com\\\/de\\\/ueber-uns\\\/publikationen\\\/malik-buecher\\\/maucher-und-malik-uber-management\\\/\",\"name\":\"Maucher und Malik \u00fcber Management - Malik Management\",\"isPartOf\":{\"@id\":\"https:\\\/\\\/www.malik-management.com\\\/de\\\/#website\"},\"primaryImageOfPage\":{\"@id\":\"https:\\\/\\\/www.malik-management.com\\\/de\\\/ueber-uns\\\/publikationen\\\/malik-buecher\\\/maucher-und-malik-uber-management\\\/#primaryimage\"},\"image\":{\"@id\":\"https:\\\/\\\/www.malik-management.com\\\/de\\\/ueber-uns\\\/publikationen\\\/malik-buecher\\\/maucher-und-malik-uber-management\\\/#primaryimage\"},\"thumbnailUrl\":\"https:\\\/\\\/www.malik-management.com\\\/wp-content\\\/uploads\\\/2018\\\/09\\\/malik-buecher-malik-mauchermalik-800x600.png\",\"datePublished\":\"2018-09-19T08:15:01+00:00\",\"dateModified\":\"2018-10-31T13:54:03+00:00\",\"breadcrumb\":{\"@id\":\"https:\\\/\\\/www.malik-management.com\\\/de\\\/ueber-uns\\\/publikationen\\\/malik-buecher\\\/maucher-und-malik-uber-management\\\/#breadcrumb\"},\"inLanguage\":\"de\",\"potentialAction\":[{\"@type\":\"ReadAction\",\"target\":[\"https:\\\/\\\/www.malik-management.com\\\/de\\\/ueber-uns\\\/publikationen\\\/malik-buecher\\\/maucher-und-malik-uber-management\\\/\"]}]},{\"@type\":\"ImageObject\",\"inLanguage\":\"de\",\"@id\":\"https:\\\/\\\/www.malik-management.com\\\/de\\\/ueber-uns\\\/publikationen\\\/malik-buecher\\\/maucher-und-malik-uber-management\\\/#primaryimage\",\"url\":\"https:\\\/\\\/www.malik-management.com\\\/wp-content\\\/uploads\\\/2018\\\/09\\\/malik-buecher-malik-mauchermalik-800x600.png\",\"contentUrl\":\"https:\\\/\\\/www.malik-management.com\\\/wp-content\\\/uploads\\\/2018\\\/09\\\/malik-buecher-malik-mauchermalik-800x600.png\"},{\"@type\":\"BreadcrumbList\",\"@id\":\"https:\\\/\\\/www.malik-management.com\\\/de\\\/ueber-uns\\\/publikationen\\\/malik-buecher\\\/maucher-und-malik-uber-management\\\/#breadcrumb\",\"itemListElement\":[{\"@type\":\"ListItem\",\"position\":1,\"name\":\"Home\",\"item\":\"https:\\\/\\\/www.malik-management.com\\\/de\\\/\"},{\"@type\":\"ListItem\",\"position\":2,\"name\":\"\u00dcber uns\",\"item\":\"https:\\\/\\\/www.malik-management.com\\\/de\\\/ueber-uns\\\/\"},{\"@type\":\"ListItem\",\"position\":3,\"name\":\"Publikationen\",\"item\":\"https:\\\/\\\/www.malik-management.com\\\/de\\\/ueber-uns\\\/publikationen\\\/\"},{\"@type\":\"ListItem\",\"position\":4,\"name\":\"Malik B\u00fccher\",\"item\":\"https:\\\/\\\/www.malik-management.com\\\/de\\\/ueber-uns\\\/publikationen\\\/malik-buecher\\\/\"},{\"@type\":\"ListItem\",\"position\":5,\"name\":\"Maucher und Malik \u00fcber Management\"}]},{\"@type\":\"WebSite\",\"@id\":\"https:\\\/\\\/www.malik-management.com\\\/de\\\/#website\",\"url\":\"https:\\\/\\\/www.malik-management.com\\\/de\\\/\",\"name\":\"Malik Management\",\"description\":\"Beyond conventional management\",\"publisher\":{\"@id\":\"https:\\\/\\\/www.malik-management.com\\\/de\\\/#organization\"},\"potentialAction\":[{\"@type\":\"SearchAction\",\"target\":{\"@type\":\"EntryPoint\",\"urlTemplate\":\"https:\\\/\\\/www.malik-management.com\\\/de\\\/?s={search_term_string}\"},\"query-input\":{\"@type\":\"PropertyValueSpecification\",\"valueRequired\":true,\"valueName\":\"search_term_string\"}}],\"inLanguage\":\"de\"},{\"@type\":\"Organization\",\"@id\":\"https:\\\/\\\/www.malik-management.com\\\/de\\\/#organization\",\"name\":\"malik international AG\",\"url\":\"https:\\\/\\\/www.malik-management.com\\\/de\\\/\",\"logo\":{\"@type\":\"ImageObject\",\"inLanguage\":\"de\",\"@id\":\"https:\\\/\\\/www.malik-management.com\\\/de\\\/#\\\/schema\\\/logo\\\/image\\\/\",\"url\":\"https:\\\/\\\/www.malik-management.com\\\/wp-content\\\/uploads\\\/2018\\\/09\\\/Logo_malik_weiss-klein3.png\",\"contentUrl\":\"https:\\\/\\\/www.malik-management.com\\\/wp-content\\\/uploads\\\/2018\\\/09\\\/Logo_malik_weiss-klein3.png\",\"width\":140,\"height\":41,\"caption\":\"malik international AG\"},\"image\":{\"@id\":\"https:\\\/\\\/www.malik-management.com\\\/de\\\/#\\\/schema\\\/logo\\\/image\\\/\"},\"sameAs\":[\"https:\\\/\\\/www.linkedin.com\\\/company\\\/30160\",\"https:\\\/\\\/www.youtube.com\\\/user\\\/malikmanagement\"]}]}<\/script>\n<!-- \/ Yoast SEO plugin. -->","yoast_head_json":{"title":"Maucher und Malik \u00fcber Management - Malik Management","robots":{"index":"index","follow":"follow","max-snippet":"max-snippet:-1","max-image-preview":"max-image-preview:large","max-video-preview":"max-video-preview:-1"},"canonical":"https:\/\/www.malik-management.com\/de\/ueber-uns\/publikationen\/malik-buecher\/maucher-und-malik-uber-management\/","og_locale":"de_DE","og_type":"article","og_title":"Maucher und Malik \u00fcber Management - Malik Management","og_description":"Maucher und Malik \u00fcber Management \u2013 Maximen unternehmerischen Handelns In diesem Buch erfahren Sie alles, was nach Ansicht der Autoren erfolgreiches Management ausmacht. Ein wesentlicher Bestandteil dieses Buches sind Aussagen aus Reden, Aufs\u00e4tzen und Interviews von Dr. h.c. Helmut Maucher, Manager und ehemaliger Generaldirektor des Nahrungsmittelkonzerns\u00a0Nestl\u00e9, aus den vergangenen Jahrzehnten. Gemeinsam arbeiteten die beiden Management-Koryph\u00e4en \u2013 auch \u00bbsozialverantwortliche\u00ab \u2013 F\u00fchrungsleistungen [...]","og_url":"https:\/\/www.malik-management.com\/de\/ueber-uns\/publikationen\/malik-buecher\/maucher-und-malik-uber-management\/","og_site_name":"Malik Management","article_modified_time":"2018-10-31T13:54:03+00:00","og_image":[{"url":"https:\/\/www.malik-management.com\/wp-content\/uploads\/2018\/09\/malik-buecher-malik-mauchermalik-800x600.png","type":"","width":"","height":""}],"twitter_card":"summary_large_image","twitter_misc":{"Gesch\u00e4tzte Lesezeit":"1\u00a0Minute"},"schema":{"@context":"https:\/\/schema.org","@graph":[{"@type":"WebPage","@id":"https:\/\/www.malik-management.com\/de\/ueber-uns\/publikationen\/malik-buecher\/maucher-und-malik-uber-management\/","url":"https:\/\/www.malik-management.com\/de\/ueber-uns\/publikationen\/malik-buecher\/maucher-und-malik-uber-management\/","name":"Maucher und Malik \u00fcber Management - Malik Management","isPartOf":{"@id":"https:\/\/www.malik-management.com\/de\/#website"},"primaryImageOfPage":{"@id":"https:\/\/www.malik-management.com\/de\/ueber-uns\/publikationen\/malik-buecher\/maucher-und-malik-uber-management\/#primaryimage"},"image":{"@id":"https:\/\/www.malik-management.com\/de\/ueber-uns\/publikationen\/malik-buecher\/maucher-und-malik-uber-management\/#primaryimage"},"thumbnailUrl":"https:\/\/www.malik-management.com\/wp-content\/uploads\/2018\/09\/malik-buecher-malik-mauchermalik-800x600.png","datePublished":"2018-09-19T08:15:01+00:00","dateModified":"2018-10-31T13:54:03+00:00","breadcrumb":{"@id":"https:\/\/www.malik-management.com\/de\/ueber-uns\/publikationen\/malik-buecher\/maucher-und-malik-uber-management\/#breadcrumb"},"inLanguage":"de","potentialAction":[{"@type":"ReadAction","target":["https:\/\/www.malik-management.com\/de\/ueber-uns\/publikationen\/malik-buecher\/maucher-und-malik-uber-management\/"]}]},{"@type":"ImageObject","inLanguage":"de","@id":"https:\/\/www.malik-management.com\/de\/ueber-uns\/publikationen\/malik-buecher\/maucher-und-malik-uber-management\/#primaryimage","url":"https:\/\/www.malik-management.com\/wp-content\/uploads\/2018\/09\/malik-buecher-malik-mauchermalik-800x600.png","contentUrl":"https:\/\/www.malik-management.com\/wp-content\/uploads\/2018\/09\/malik-buecher-malik-mauchermalik-800x600.png"},{"@type":"BreadcrumbList","@id":"https:\/\/www.malik-management.com\/de\/ueber-uns\/publikationen\/malik-buecher\/maucher-und-malik-uber-management\/#breadcrumb","itemListElement":[{"@type":"ListItem","position":1,"name":"Home","item":"https:\/\/www.malik-management.com\/de\/"},{"@type":"ListItem","position":2,"name":"\u00dcber uns","item":"https:\/\/www.malik-management.com\/de\/ueber-uns\/"},{"@type":"ListItem","position":3,"name":"Publikationen","item":"https:\/\/www.malik-management.com\/de\/ueber-uns\/publikationen\/"},{"@type":"ListItem","position":4,"name":"Malik B\u00fccher","item":"https:\/\/www.malik-management.com\/de\/ueber-uns\/publikationen\/malik-buecher\/"},{"@type":"ListItem","position":5,"name":"Maucher und Malik \u00fcber Management"}]},{"@type":"WebSite","@id":"https:\/\/www.malik-management.com\/de\/#website","url":"https:\/\/www.malik-management.com\/de\/","name":"Malik Management","description":"Beyond conventional management","publisher":{"@id":"https:\/\/www.malik-management.com\/de\/#organization"},"potentialAction":[{"@type":"SearchAction","target":{"@type":"EntryPoint","urlTemplate":"https:\/\/www.malik-management.com\/de\/?s={search_term_string}"},"query-input":{"@type":"PropertyValueSpecification","valueRequired":true,"valueName":"search_term_string"}}],"inLanguage":"de"},{"@type":"Organization","@id":"https:\/\/www.malik-management.com\/de\/#organization","name":"malik international AG","url":"https:\/\/www.malik-management.com\/de\/","logo":{"@type":"ImageObject","inLanguage":"de","@id":"https:\/\/www.malik-management.com\/de\/#\/schema\/logo\/image\/","url":"https:\/\/www.malik-management.com\/wp-content\/uploads\/2018\/09\/Logo_malik_weiss-klein3.png","contentUrl":"https:\/\/www.malik-management.com\/wp-content\/uploads\/2018\/09\/Logo_malik_weiss-klein3.png","width":140,"height":41,"caption":"malik international AG"},"image":{"@id":"https:\/\/www.malik-management.com\/de\/#\/schema\/logo\/image\/"},"sameAs":["https:\/\/www.linkedin.com\/company\/30160","https:\/\/www.youtube.com\/user\/malikmanagement"]}]}},"_links":{"self":[{"href":"https:\/\/www.malik-management.com\/de\/wp-json\/wp\/v2\/pages\/22605","targetHints":{"allow":["GET"]}}],"collection":[{"href":"https:\/\/www.malik-management.com\/de\/wp-json\/wp\/v2\/pages"}],"about":[{"href":"https:\/\/www.malik-management.com\/de\/wp-json\/wp\/v2\/types\/page"}],"author":[{"embeddable":true,"href":"https:\/\/www.malik-management.com\/de\/wp-json\/wp\/v2\/users\/17"}],"replies":[{"embeddable":true,"href":"https:\/\/www.malik-management.com\/de\/wp-json\/wp\/v2\/comments?post=22605"}],"version-history":[{"count":10,"href":"https:\/\/www.malik-management.com\/de\/wp-json\/wp\/v2\/pages\/22605\/revisions"}],"predecessor-version":[{"id":23039,"href":"https:\/\/www.malik-management.com\/de\/wp-json\/wp\/v2\/pages\/22605\/revisions\/23039"}],"up":[{"embeddable":true,"href":"https:\/\/www.malik-management.com\/de\/wp-json\/wp\/v2\/pages\/16955"}],"wp:attachment":[{"href":"https:\/\/www.malik-management.com\/de\/wp-json\/wp\/v2\/media?parent=22605"}],"curies":[{"name":"wp","href":"https:\/\/api.w.org\/{rel}","templated":true}]}}