{"id":22630,"date":"2018-09-19T09:23:27","date_gmt":"2018-09-19T09:23:27","guid":{"rendered":"https:\/\/www.malik-management.com\/ueber-uns\/publikationen\/malik-buecher\/die-richtige-corporate-governance\/"},"modified":"2018-10-31T13:52:32","modified_gmt":"2018-10-31T13:52:32","slug":"die-richtige-corporate-governance-2","status":"publish","type":"page","link":"https:\/\/www.malik-management.com\/de\/ueber-uns\/publikationen\/malik-buecher\/die-richtige-corporate-governance-2\/","title":{"rendered":"Die richtige Corporate Governance"},"content":{"rendered":"<h3><strong>Die richtige Corporate Governance\u00a0<\/strong>\u2013 Mit wirksamer Unternehmensaufsicht Komplexit\u00e4t meistern<\/h3>\n<p><a href=\"https:\/\/www.malik-management.com\/wp-content\/uploads\/2018\/09\/malik-buecher-malik-corporategovernance-800x600.png\"><img decoding=\"async\" class=\"wp-image-22633 aligncenter\" src=\"https:\/\/www.malik-management.com\/wp-content\/uploads\/2018\/09\/malik-buecher-malik-corporategovernance-800x600.png\" alt=\"\" width=\"209\" height=\"261\" \/><\/a><\/p>\n<p>Kritiklos-naive Propagierung und \u00dcbernahme des US-Modells der Corporate Governance sowie fal\u00adsche Wirtschaftstheorien haben die geschichtlich gr\u00f6sste Fehl\u00adsteu\u00aderung von Management, Un\u00adter\u00adneh\u00admensf\u00fchrung und Wirtschaft verursacht. Ungez\u00e4hlte Consulting Firmen aller Art und grosse Teile von Akademia haben zur Verbreitung und Legitimierung falscher Orientierungsgr\u00f6ssen, falscher Strategien und falscher Personalpolitik beigetragen. So ist eine reduktionistisch-geldgetriebene Ka\u00adri\u00adkatur von Unternehmensf\u00fchrung ent\u00adstan\u00adden, welche die ent\u00adschei\u00adden\u00adde Ur\u00adsa\u00adche von Unter\u00adneh\u00admens- und Finanzkrisen ist.<\/p>\n<p>&#8222;Viele Praktiker h\u00e4ngen an seinen Lippen und sch\u00e4tzen seine klare Sprache.&#8220; &#8211; Wirtschaft und Weiterbildung<\/p>\n<p>Maliks Hauptthese lautet: Die g\u00e4ngige Auffassung von Corporate Gover\u00adnance ist falsch und bedarf einer radikalen Neuorientierung. In diesem Buch entwickelt er die neuen ganzheitlichen L\u00f6sungen f\u00fcr funktionierendes Top\u00adGeneral-Management. Er definiert die Schl\u00fcsselaufgaben der Spitzenor\u00adga\u00adne, entwirft die Regeln ihres verl\u00e4sslichen Funktionierens sowie die Grunds\u00e4tze f\u00fcr richtige oberste Personalentscheidungen. Malik beschreibt die grosse Transformation von Wirtschaft und Gesellschaft, behandelt die Herausforde\u00adrun\u00adgen f\u00fcr die oberste F\u00fchrungsebene und zeigt, wie diese organisiert sein muss, um in der Komplexit\u00e4tsgesellschaft des 21. Jahrhunderts richtig zu handeln.<\/p>\n","protected":false},"excerpt":{"rendered":"<p>Die richtige Corporate Governance\u00a0\u2013 Mit wirksamer Unternehmensaufsicht Komplexit\u00e4t meistern Kritiklos-naive Propagierung und \u00dcbernahme des US-Modells der Corporate Governance sowie fal\u00adsche Wirtschaftstheorien haben die geschichtlich gr\u00f6sste Fehl\u00adsteu\u00aderung von Management, Un\u00adter\u00adneh\u00admensf\u00fchrung und Wirtschaft verursacht. Ungez\u00e4hlte Consulting Firmen aller Art und grosse Teile von Akademia haben zur Verbreitung und Legitimierung falscher Orientierungsgr\u00f6ssen, falscher Strategien und falscher Personalpolitik beigetragen. So ist eine reduktionistisch-geldgetriebene Ka\u00adri\u00adkatur  [&#8230;]<\/p>\n","protected":false},"author":17,"featured_media":0,"parent":16955,"menu_order":0,"comment_status":"closed","ping_status":"closed","template":"side-navigation.php","meta":{"_acf_changed":false,"_bbp_topic_count":0,"_bbp_reply_count":0,"_bbp_total_topic_count":0,"_bbp_total_reply_count":0,"_bbp_voice_count":0,"_bbp_anonymous_reply_count":0,"_bbp_topic_count_hidden":0,"_bbp_reply_count_hidden":0,"_bbp_forum_subforum_count":0,"footnotes":""},"class_list":["post-22630","page","type-page","status-publish","hentry"],"acf":[],"yoast_head":"<!-- This site is optimized with the Yoast SEO plugin v26.4 - https:\/\/yoast.com\/wordpress\/plugins\/seo\/ -->\n<title>Die richtige Corporate Governance - Malik Management<\/title>\n<meta name=\"robots\" content=\"index, follow, max-snippet:-1, max-image-preview:large, max-video-preview:-1\" \/>\n<link rel=\"canonical\" href=\"https:\/\/www.malik-management.com\/de\/ueber-uns\/publikationen\/malik-buecher\/die-richtige-corporate-governance-2\/\" \/>\n<meta property=\"og:locale\" content=\"de_DE\" \/>\n<meta property=\"og:type\" content=\"article\" \/>\n<meta property=\"og:title\" content=\"Die richtige Corporate Governance - Malik Management\" \/>\n<meta property=\"og:description\" content=\"Die richtige Corporate Governance\u00a0\u2013 Mit wirksamer Unternehmensaufsicht Komplexit\u00e4t meistern Kritiklos-naive Propagierung und \u00dcbernahme des US-Modells der Corporate Governance sowie fal\u00adsche Wirtschaftstheorien haben die geschichtlich gr\u00f6sste Fehl\u00adsteu\u00aderung von Management, Un\u00adter\u00adneh\u00admensf\u00fchrung und Wirtschaft verursacht. Ungez\u00e4hlte Consulting Firmen aller Art und grosse Teile von Akademia haben zur Verbreitung und Legitimierung falscher Orientierungsgr\u00f6ssen, falscher Strategien und falscher Personalpolitik beigetragen. So ist eine reduktionistisch-geldgetriebene Ka\u00adri\u00adkatur [...]\" \/>\n<meta property=\"og:url\" content=\"https:\/\/www.malik-management.com\/de\/ueber-uns\/publikationen\/malik-buecher\/die-richtige-corporate-governance-2\/\" \/>\n<meta property=\"og:site_name\" content=\"Malik Management\" \/>\n<meta property=\"article:modified_time\" content=\"2018-10-31T13:52:32+00:00\" \/>\n<meta property=\"og:image\" content=\"https:\/\/www.malik-management.com\/wp-content\/uploads\/2018\/09\/malik-buecher-malik-corporategovernance-800x600.png\" \/>\n<meta name=\"twitter:card\" content=\"summary_large_image\" \/>\n<meta name=\"twitter:label1\" content=\"Gesch\u00e4tzte Lesezeit\" \/>\n\t<meta name=\"twitter:data1\" content=\"1\u00a0Minute\" \/>\n<script type=\"application\/ld+json\" class=\"yoast-schema-graph\">{\"@context\":\"https:\/\/schema.org\",\"@graph\":[{\"@type\":\"WebPage\",\"@id\":\"https:\/\/www.malik-management.com\/de\/ueber-uns\/publikationen\/malik-buecher\/die-richtige-corporate-governance-2\/\",\"url\":\"https:\/\/www.malik-management.com\/de\/ueber-uns\/publikationen\/malik-buecher\/die-richtige-corporate-governance-2\/\",\"name\":\"Die richtige Corporate Governance - Malik Management\",\"isPartOf\":{\"@id\":\"https:\/\/www.malik-management.com\/de\/#website\"},\"primaryImageOfPage\":{\"@id\":\"https:\/\/www.malik-management.com\/de\/ueber-uns\/publikationen\/malik-buecher\/die-richtige-corporate-governance-2\/#primaryimage\"},\"image\":{\"@id\":\"https:\/\/www.malik-management.com\/de\/ueber-uns\/publikationen\/malik-buecher\/die-richtige-corporate-governance-2\/#primaryimage\"},\"thumbnailUrl\":\"https:\/\/www.malik-management.com\/wp-content\/uploads\/2018\/09\/malik-buecher-malik-corporategovernance-800x600.png\",\"datePublished\":\"2018-09-19T09:23:27+00:00\",\"dateModified\":\"2018-10-31T13:52:32+00:00\",\"breadcrumb\":{\"@id\":\"https:\/\/www.malik-management.com\/de\/ueber-uns\/publikationen\/malik-buecher\/die-richtige-corporate-governance-2\/#breadcrumb\"},\"inLanguage\":\"de\",\"potentialAction\":[{\"@type\":\"ReadAction\",\"target\":[\"https:\/\/www.malik-management.com\/de\/ueber-uns\/publikationen\/malik-buecher\/die-richtige-corporate-governance-2\/\"]}]},{\"@type\":\"ImageObject\",\"inLanguage\":\"de\",\"@id\":\"https:\/\/www.malik-management.com\/de\/ueber-uns\/publikationen\/malik-buecher\/die-richtige-corporate-governance-2\/#primaryimage\",\"url\":\"https:\/\/www.malik-management.com\/wp-content\/uploads\/2018\/09\/malik-buecher-malik-corporategovernance-800x600.png\",\"contentUrl\":\"https:\/\/www.malik-management.com\/wp-content\/uploads\/2018\/09\/malik-buecher-malik-corporategovernance-800x600.png\"},{\"@type\":\"BreadcrumbList\",\"@id\":\"https:\/\/www.malik-management.com\/de\/ueber-uns\/publikationen\/malik-buecher\/die-richtige-corporate-governance-2\/#breadcrumb\",\"itemListElement\":[{\"@type\":\"ListItem\",\"position\":1,\"name\":\"Home\",\"item\":\"https:\/\/www.malik-management.com\/de\/\"},{\"@type\":\"ListItem\",\"position\":2,\"name\":\"\u00dcber uns\",\"item\":\"https:\/\/www.malik-management.com\/de\/ueber-uns\/\"},{\"@type\":\"ListItem\",\"position\":3,\"name\":\"Publikationen\",\"item\":\"https:\/\/www.malik-management.com\/de\/ueber-uns\/publikationen\/\"},{\"@type\":\"ListItem\",\"position\":4,\"name\":\"Malik B\u00fccher\",\"item\":\"https:\/\/www.malik-management.com\/de\/ueber-uns\/publikationen\/malik-buecher\/\"},{\"@type\":\"ListItem\",\"position\":5,\"name\":\"Die richtige Corporate Governance\"}]},{\"@type\":\"WebSite\",\"@id\":\"https:\/\/www.malik-management.com\/de\/#website\",\"url\":\"https:\/\/www.malik-management.com\/de\/\",\"name\":\"Malik Management\",\"description\":\"Beyond conventional management\",\"publisher\":{\"@id\":\"https:\/\/www.malik-management.com\/de\/#organization\"},\"potentialAction\":[{\"@type\":\"SearchAction\",\"target\":{\"@type\":\"EntryPoint\",\"urlTemplate\":\"https:\/\/www.malik-management.com\/de\/?s={search_term_string}\"},\"query-input\":{\"@type\":\"PropertyValueSpecification\",\"valueRequired\":true,\"valueName\":\"search_term_string\"}}],\"inLanguage\":\"de\"},{\"@type\":\"Organization\",\"@id\":\"https:\/\/www.malik-management.com\/de\/#organization\",\"name\":\"malik international AG\",\"url\":\"https:\/\/www.malik-management.com\/de\/\",\"logo\":{\"@type\":\"ImageObject\",\"inLanguage\":\"de\",\"@id\":\"https:\/\/www.malik-management.com\/de\/#\/schema\/logo\/image\/\",\"url\":\"https:\/\/www.malik-management.com\/wp-content\/uploads\/2018\/09\/Logo_malik_weiss-klein3.png\",\"contentUrl\":\"https:\/\/www.malik-management.com\/wp-content\/uploads\/2018\/09\/Logo_malik_weiss-klein3.png\",\"width\":140,\"height\":41,\"caption\":\"malik international AG\"},\"image\":{\"@id\":\"https:\/\/www.malik-management.com\/de\/#\/schema\/logo\/image\/\"},\"sameAs\":[\"https:\/\/www.linkedin.com\/company\/30160\",\"https:\/\/www.youtube.com\/user\/malikmanagement\"]}]}<\/script>\n<!-- \/ Yoast SEO plugin. -->","yoast_head_json":{"title":"Die richtige Corporate Governance - Malik Management","robots":{"index":"index","follow":"follow","max-snippet":"max-snippet:-1","max-image-preview":"max-image-preview:large","max-video-preview":"max-video-preview:-1"},"canonical":"https:\/\/www.malik-management.com\/de\/ueber-uns\/publikationen\/malik-buecher\/die-richtige-corporate-governance-2\/","og_locale":"de_DE","og_type":"article","og_title":"Die richtige Corporate Governance - Malik Management","og_description":"Die richtige Corporate Governance\u00a0\u2013 Mit wirksamer Unternehmensaufsicht Komplexit\u00e4t meistern Kritiklos-naive Propagierung und \u00dcbernahme des US-Modells der Corporate Governance sowie fal\u00adsche Wirtschaftstheorien haben die geschichtlich gr\u00f6sste Fehl\u00adsteu\u00aderung von Management, Un\u00adter\u00adneh\u00admensf\u00fchrung und Wirtschaft verursacht. Ungez\u00e4hlte Consulting Firmen aller Art und grosse Teile von Akademia haben zur Verbreitung und Legitimierung falscher Orientierungsgr\u00f6ssen, falscher Strategien und falscher Personalpolitik beigetragen. So ist eine reduktionistisch-geldgetriebene Ka\u00adri\u00adkatur [...]","og_url":"https:\/\/www.malik-management.com\/de\/ueber-uns\/publikationen\/malik-buecher\/die-richtige-corporate-governance-2\/","og_site_name":"Malik Management","article_modified_time":"2018-10-31T13:52:32+00:00","og_image":[{"url":"https:\/\/www.malik-management.com\/wp-content\/uploads\/2018\/09\/malik-buecher-malik-corporategovernance-800x600.png","type":"","width":"","height":""}],"twitter_card":"summary_large_image","twitter_misc":{"Gesch\u00e4tzte Lesezeit":"1\u00a0Minute"},"schema":{"@context":"https:\/\/schema.org","@graph":[{"@type":"WebPage","@id":"https:\/\/www.malik-management.com\/de\/ueber-uns\/publikationen\/malik-buecher\/die-richtige-corporate-governance-2\/","url":"https:\/\/www.malik-management.com\/de\/ueber-uns\/publikationen\/malik-buecher\/die-richtige-corporate-governance-2\/","name":"Die richtige Corporate Governance - Malik Management","isPartOf":{"@id":"https:\/\/www.malik-management.com\/de\/#website"},"primaryImageOfPage":{"@id":"https:\/\/www.malik-management.com\/de\/ueber-uns\/publikationen\/malik-buecher\/die-richtige-corporate-governance-2\/#primaryimage"},"image":{"@id":"https:\/\/www.malik-management.com\/de\/ueber-uns\/publikationen\/malik-buecher\/die-richtige-corporate-governance-2\/#primaryimage"},"thumbnailUrl":"https:\/\/www.malik-management.com\/wp-content\/uploads\/2018\/09\/malik-buecher-malik-corporategovernance-800x600.png","datePublished":"2018-09-19T09:23:27+00:00","dateModified":"2018-10-31T13:52:32+00:00","breadcrumb":{"@id":"https:\/\/www.malik-management.com\/de\/ueber-uns\/publikationen\/malik-buecher\/die-richtige-corporate-governance-2\/#breadcrumb"},"inLanguage":"de","potentialAction":[{"@type":"ReadAction","target":["https:\/\/www.malik-management.com\/de\/ueber-uns\/publikationen\/malik-buecher\/die-richtige-corporate-governance-2\/"]}]},{"@type":"ImageObject","inLanguage":"de","@id":"https:\/\/www.malik-management.com\/de\/ueber-uns\/publikationen\/malik-buecher\/die-richtige-corporate-governance-2\/#primaryimage","url":"https:\/\/www.malik-management.com\/wp-content\/uploads\/2018\/09\/malik-buecher-malik-corporategovernance-800x600.png","contentUrl":"https:\/\/www.malik-management.com\/wp-content\/uploads\/2018\/09\/malik-buecher-malik-corporategovernance-800x600.png"},{"@type":"BreadcrumbList","@id":"https:\/\/www.malik-management.com\/de\/ueber-uns\/publikationen\/malik-buecher\/die-richtige-corporate-governance-2\/#breadcrumb","itemListElement":[{"@type":"ListItem","position":1,"name":"Home","item":"https:\/\/www.malik-management.com\/de\/"},{"@type":"ListItem","position":2,"name":"\u00dcber uns","item":"https:\/\/www.malik-management.com\/de\/ueber-uns\/"},{"@type":"ListItem","position":3,"name":"Publikationen","item":"https:\/\/www.malik-management.com\/de\/ueber-uns\/publikationen\/"},{"@type":"ListItem","position":4,"name":"Malik B\u00fccher","item":"https:\/\/www.malik-management.com\/de\/ueber-uns\/publikationen\/malik-buecher\/"},{"@type":"ListItem","position":5,"name":"Die richtige Corporate Governance"}]},{"@type":"WebSite","@id":"https:\/\/www.malik-management.com\/de\/#website","url":"https:\/\/www.malik-management.com\/de\/","name":"Malik Management","description":"Beyond conventional management","publisher":{"@id":"https:\/\/www.malik-management.com\/de\/#organization"},"potentialAction":[{"@type":"SearchAction","target":{"@type":"EntryPoint","urlTemplate":"https:\/\/www.malik-management.com\/de\/?s={search_term_string}"},"query-input":{"@type":"PropertyValueSpecification","valueRequired":true,"valueName":"search_term_string"}}],"inLanguage":"de"},{"@type":"Organization","@id":"https:\/\/www.malik-management.com\/de\/#organization","name":"malik international AG","url":"https:\/\/www.malik-management.com\/de\/","logo":{"@type":"ImageObject","inLanguage":"de","@id":"https:\/\/www.malik-management.com\/de\/#\/schema\/logo\/image\/","url":"https:\/\/www.malik-management.com\/wp-content\/uploads\/2018\/09\/Logo_malik_weiss-klein3.png","contentUrl":"https:\/\/www.malik-management.com\/wp-content\/uploads\/2018\/09\/Logo_malik_weiss-klein3.png","width":140,"height":41,"caption":"malik international AG"},"image":{"@id":"https:\/\/www.malik-management.com\/de\/#\/schema\/logo\/image\/"},"sameAs":["https:\/\/www.linkedin.com\/company\/30160","https:\/\/www.youtube.com\/user\/malikmanagement"]}]}},"_links":{"self":[{"href":"https:\/\/www.malik-management.com\/de\/wp-json\/wp\/v2\/pages\/22630","targetHints":{"allow":["GET"]}}],"collection":[{"href":"https:\/\/www.malik-management.com\/de\/wp-json\/wp\/v2\/pages"}],"about":[{"href":"https:\/\/www.malik-management.com\/de\/wp-json\/wp\/v2\/types\/page"}],"author":[{"embeddable":true,"href":"https:\/\/www.malik-management.com\/de\/wp-json\/wp\/v2\/users\/17"}],"replies":[{"embeddable":true,"href":"https:\/\/www.malik-management.com\/de\/wp-json\/wp\/v2\/comments?post=22630"}],"version-history":[{"count":11,"href":"https:\/\/www.malik-management.com\/de\/wp-json\/wp\/v2\/pages\/22630\/revisions"}],"predecessor-version":[{"id":23033,"href":"https:\/\/www.malik-management.com\/de\/wp-json\/wp\/v2\/pages\/22630\/revisions\/23033"}],"up":[{"embeddable":true,"href":"https:\/\/www.malik-management.com\/de\/wp-json\/wp\/v2\/pages\/16955"}],"wp:attachment":[{"href":"https:\/\/www.malik-management.com\/de\/wp-json\/wp\/v2\/media?parent=22630"}],"curies":[{"name":"wp","href":"https:\/\/api.w.org\/{rel}","templated":true}]}}