{"id":22654,"date":"2018-09-19T10:15:28","date_gmt":"2018-09-19T10:15:28","guid":{"rendered":"https:\/\/www.malik-management.com\/ueber-uns\/publikationen\/malik-buecher\/gefahrliche-managementwoerter\/"},"modified":"2018-10-31T13:52:48","modified_gmt":"2018-10-31T13:52:48","slug":"gefahrliche-managementwoerter","status":"publish","type":"page","link":"https:\/\/www.malik-management.com\/de\/ueber-uns\/publikationen\/malik-buecher\/gefahrliche-managementwoerter\/","title":{"rendered":"Gef\u00e4hrliche Managementw\u00f6rter"},"content":{"rendered":"<h3>Gef\u00e4hrliche Managementw\u00f6rter<\/h3>\n<p><a href=\"https:\/\/www.malik-management.com\/wp-content\/uploads\/2018\/09\/malik-buecher-gmw-2017-800x600_mit-Schatten-1.jpg\"><img decoding=\"async\" class=\"wp-image-22512 aligncenter\" src=\"https:\/\/www.malik-management.com\/wp-content\/uploads\/2018\/09\/malik-buecher-gmw-2017-800x600_mit-Schatten-1.jpg\" alt=\"\" width=\"204\" height=\"275\" \/><\/a><\/p>\n<p>Bauchentscheidung? Disruption? Leadership?<br \/>\nF\u00fchrungskr\u00e4fte sollen charismatisch und vision\u00e4r sein, Mitarbeitende sollen sich begeistert und motiviert zeigen und Organisationen sollen eine Fehlerkultur haben. Wie aussagekr\u00e4ftig sind wohlvertraute Worth\u00fclsen? Welche neuen W\u00f6rter brauchen wir? Malik deckt auf, welche Moden und Missverst\u00e4ndnisse hinter Teilen des Managementwortschatzes stecken, und zeigt in dieser komplett \u00fcberarbeiteten, aktualisierten und erweiterten Nachauflage, wie es besser geht.<\/p>\n<p>Das Buch von Prof. Dr. Fredmund Malik\u00a0 &#8222;Gef\u00e4hrliche Managementw\u00f6rter&#8220; erschien 2017 im Campus Verlag.<\/p>\n<p>&nbsp;<\/p>\n","protected":false},"excerpt":{"rendered":"<p>Gef\u00e4hrliche Managementw\u00f6rter Bauchentscheidung? Disruption? Leadership? F\u00fchrungskr\u00e4fte sollen charismatisch und vision\u00e4r sein, Mitarbeitende sollen sich begeistert und motiviert zeigen und Organisationen sollen eine Fehlerkultur haben. Wie aussagekr\u00e4ftig sind wohlvertraute Worth\u00fclsen? Welche neuen W\u00f6rter brauchen wir? Malik deckt auf, welche Moden und Missverst\u00e4ndnisse hinter Teilen des Managementwortschatzes stecken, und zeigt in dieser komplett \u00fcberarbeiteten, aktualisierten und erweiterten Nachauflage, wie es besser geht.  [&#8230;]<\/p>\n","protected":false},"author":17,"featured_media":0,"parent":16955,"menu_order":0,"comment_status":"closed","ping_status":"closed","template":"side-navigation.php","meta":{"_acf_changed":false,"_bbp_topic_count":0,"_bbp_reply_count":0,"_bbp_total_topic_count":0,"_bbp_total_reply_count":0,"_bbp_voice_count":0,"_bbp_anonymous_reply_count":0,"_bbp_topic_count_hidden":0,"_bbp_reply_count_hidden":0,"_bbp_forum_subforum_count":0,"footnotes":""},"class_list":["post-22654","page","type-page","status-publish","hentry"],"acf":[],"yoast_head":"<!-- This site is optimized with the Yoast SEO plugin v26.4 - https:\/\/yoast.com\/wordpress\/plugins\/seo\/ -->\n<title>Gef\u00e4hrliche Managementw\u00f6rter - Malik Management<\/title>\n<meta name=\"robots\" content=\"index, follow, max-snippet:-1, max-image-preview:large, max-video-preview:-1\" \/>\n<link rel=\"canonical\" href=\"https:\/\/www.malik-management.com\/de\/ueber-uns\/publikationen\/malik-buecher\/gefahrliche-managementwoerter\/\" \/>\n<meta property=\"og:locale\" content=\"de_DE\" \/>\n<meta property=\"og:type\" content=\"article\" \/>\n<meta property=\"og:title\" content=\"Gef\u00e4hrliche Managementw\u00f6rter - Malik Management\" \/>\n<meta property=\"og:description\" content=\"Gef\u00e4hrliche Managementw\u00f6rter Bauchentscheidung? Disruption? Leadership? F\u00fchrungskr\u00e4fte sollen charismatisch und vision\u00e4r sein, Mitarbeitende sollen sich begeistert und motiviert zeigen und Organisationen sollen eine Fehlerkultur haben. Wie aussagekr\u00e4ftig sind wohlvertraute Worth\u00fclsen? Welche neuen W\u00f6rter brauchen wir? Malik deckt auf, welche Moden und Missverst\u00e4ndnisse hinter Teilen des Managementwortschatzes stecken, und zeigt in dieser komplett \u00fcberarbeiteten, aktualisierten und erweiterten Nachauflage, wie es besser geht. [...]\" \/>\n<meta property=\"og:url\" content=\"https:\/\/www.malik-management.com\/de\/ueber-uns\/publikationen\/malik-buecher\/gefahrliche-managementwoerter\/\" \/>\n<meta property=\"og:site_name\" content=\"Malik Management\" \/>\n<meta property=\"article:modified_time\" content=\"2018-10-31T13:52:48+00:00\" \/>\n<meta property=\"og:image\" content=\"https:\/\/www.malik-management.com\/wp-content\/uploads\/2018\/09\/malik-buecher-gmw-2017-800x600_mit-Schatten-1.jpg\" \/>\n<meta name=\"twitter:card\" content=\"summary_large_image\" \/>\n<script type=\"application\/ld+json\" class=\"yoast-schema-graph\">{\"@context\":\"https:\/\/schema.org\",\"@graph\":[{\"@type\":\"WebPage\",\"@id\":\"https:\/\/www.malik-management.com\/de\/ueber-uns\/publikationen\/malik-buecher\/gefahrliche-managementwoerter\/\",\"url\":\"https:\/\/www.malik-management.com\/de\/ueber-uns\/publikationen\/malik-buecher\/gefahrliche-managementwoerter\/\",\"name\":\"Gef\u00e4hrliche Managementw\u00f6rter - Malik Management\",\"isPartOf\":{\"@id\":\"https:\/\/www.malik-management.com\/de\/#website\"},\"primaryImageOfPage\":{\"@id\":\"https:\/\/www.malik-management.com\/de\/ueber-uns\/publikationen\/malik-buecher\/gefahrliche-managementwoerter\/#primaryimage\"},\"image\":{\"@id\":\"https:\/\/www.malik-management.com\/de\/ueber-uns\/publikationen\/malik-buecher\/gefahrliche-managementwoerter\/#primaryimage\"},\"thumbnailUrl\":\"https:\/\/www.malik-management.com\/wp-content\/uploads\/2018\/09\/malik-buecher-gmw-2017-800x600_mit-Schatten-1.jpg\",\"datePublished\":\"2018-09-19T10:15:28+00:00\",\"dateModified\":\"2018-10-31T13:52:48+00:00\",\"breadcrumb\":{\"@id\":\"https:\/\/www.malik-management.com\/de\/ueber-uns\/publikationen\/malik-buecher\/gefahrliche-managementwoerter\/#breadcrumb\"},\"inLanguage\":\"de\",\"potentialAction\":[{\"@type\":\"ReadAction\",\"target\":[\"https:\/\/www.malik-management.com\/de\/ueber-uns\/publikationen\/malik-buecher\/gefahrliche-managementwoerter\/\"]}]},{\"@type\":\"ImageObject\",\"inLanguage\":\"de\",\"@id\":\"https:\/\/www.malik-management.com\/de\/ueber-uns\/publikationen\/malik-buecher\/gefahrliche-managementwoerter\/#primaryimage\",\"url\":\"https:\/\/www.malik-management.com\/wp-content\/uploads\/2018\/09\/malik-buecher-gmw-2017-800x600_mit-Schatten-1.jpg\",\"contentUrl\":\"https:\/\/www.malik-management.com\/wp-content\/uploads\/2018\/09\/malik-buecher-gmw-2017-800x600_mit-Schatten-1.jpg\"},{\"@type\":\"BreadcrumbList\",\"@id\":\"https:\/\/www.malik-management.com\/de\/ueber-uns\/publikationen\/malik-buecher\/gefahrliche-managementwoerter\/#breadcrumb\",\"itemListElement\":[{\"@type\":\"ListItem\",\"position\":1,\"name\":\"Home\",\"item\":\"https:\/\/www.malik-management.com\/de\/\"},{\"@type\":\"ListItem\",\"position\":2,\"name\":\"\u00dcber uns\",\"item\":\"https:\/\/www.malik-management.com\/de\/ueber-uns\/\"},{\"@type\":\"ListItem\",\"position\":3,\"name\":\"Publikationen\",\"item\":\"https:\/\/www.malik-management.com\/de\/ueber-uns\/publikationen\/\"},{\"@type\":\"ListItem\",\"position\":4,\"name\":\"Malik B\u00fccher\",\"item\":\"https:\/\/www.malik-management.com\/de\/ueber-uns\/publikationen\/malik-buecher\/\"},{\"@type\":\"ListItem\",\"position\":5,\"name\":\"Gef\u00e4hrliche Managementw\u00f6rter\"}]},{\"@type\":\"WebSite\",\"@id\":\"https:\/\/www.malik-management.com\/de\/#website\",\"url\":\"https:\/\/www.malik-management.com\/de\/\",\"name\":\"Malik Management\",\"description\":\"Beyond conventional management\",\"publisher\":{\"@id\":\"https:\/\/www.malik-management.com\/de\/#organization\"},\"potentialAction\":[{\"@type\":\"SearchAction\",\"target\":{\"@type\":\"EntryPoint\",\"urlTemplate\":\"https:\/\/www.malik-management.com\/de\/?s={search_term_string}\"},\"query-input\":{\"@type\":\"PropertyValueSpecification\",\"valueRequired\":true,\"valueName\":\"search_term_string\"}}],\"inLanguage\":\"de\"},{\"@type\":\"Organization\",\"@id\":\"https:\/\/www.malik-management.com\/de\/#organization\",\"name\":\"malik international AG\",\"url\":\"https:\/\/www.malik-management.com\/de\/\",\"logo\":{\"@type\":\"ImageObject\",\"inLanguage\":\"de\",\"@id\":\"https:\/\/www.malik-management.com\/de\/#\/schema\/logo\/image\/\",\"url\":\"https:\/\/www.malik-management.com\/wp-content\/uploads\/2018\/09\/Logo_malik_weiss-klein3.png\",\"contentUrl\":\"https:\/\/www.malik-management.com\/wp-content\/uploads\/2018\/09\/Logo_malik_weiss-klein3.png\",\"width\":140,\"height\":41,\"caption\":\"malik international AG\"},\"image\":{\"@id\":\"https:\/\/www.malik-management.com\/de\/#\/schema\/logo\/image\/\"},\"sameAs\":[\"https:\/\/www.linkedin.com\/company\/30160\",\"https:\/\/www.youtube.com\/user\/malikmanagement\"]}]}<\/script>\n<!-- \/ Yoast SEO plugin. -->","yoast_head_json":{"title":"Gef\u00e4hrliche Managementw\u00f6rter - Malik Management","robots":{"index":"index","follow":"follow","max-snippet":"max-snippet:-1","max-image-preview":"max-image-preview:large","max-video-preview":"max-video-preview:-1"},"canonical":"https:\/\/www.malik-management.com\/de\/ueber-uns\/publikationen\/malik-buecher\/gefahrliche-managementwoerter\/","og_locale":"de_DE","og_type":"article","og_title":"Gef\u00e4hrliche Managementw\u00f6rter - Malik Management","og_description":"Gef\u00e4hrliche Managementw\u00f6rter Bauchentscheidung? Disruption? Leadership? F\u00fchrungskr\u00e4fte sollen charismatisch und vision\u00e4r sein, Mitarbeitende sollen sich begeistert und motiviert zeigen und Organisationen sollen eine Fehlerkultur haben. Wie aussagekr\u00e4ftig sind wohlvertraute Worth\u00fclsen? Welche neuen W\u00f6rter brauchen wir? Malik deckt auf, welche Moden und Missverst\u00e4ndnisse hinter Teilen des Managementwortschatzes stecken, und zeigt in dieser komplett \u00fcberarbeiteten, aktualisierten und erweiterten Nachauflage, wie es besser geht. [...]","og_url":"https:\/\/www.malik-management.com\/de\/ueber-uns\/publikationen\/malik-buecher\/gefahrliche-managementwoerter\/","og_site_name":"Malik Management","article_modified_time":"2018-10-31T13:52:48+00:00","og_image":[{"url":"https:\/\/www.malik-management.com\/wp-content\/uploads\/2018\/09\/malik-buecher-gmw-2017-800x600_mit-Schatten-1.jpg","type":"","width":"","height":""}],"twitter_card":"summary_large_image","schema":{"@context":"https:\/\/schema.org","@graph":[{"@type":"WebPage","@id":"https:\/\/www.malik-management.com\/de\/ueber-uns\/publikationen\/malik-buecher\/gefahrliche-managementwoerter\/","url":"https:\/\/www.malik-management.com\/de\/ueber-uns\/publikationen\/malik-buecher\/gefahrliche-managementwoerter\/","name":"Gef\u00e4hrliche Managementw\u00f6rter - Malik Management","isPartOf":{"@id":"https:\/\/www.malik-management.com\/de\/#website"},"primaryImageOfPage":{"@id":"https:\/\/www.malik-management.com\/de\/ueber-uns\/publikationen\/malik-buecher\/gefahrliche-managementwoerter\/#primaryimage"},"image":{"@id":"https:\/\/www.malik-management.com\/de\/ueber-uns\/publikationen\/malik-buecher\/gefahrliche-managementwoerter\/#primaryimage"},"thumbnailUrl":"https:\/\/www.malik-management.com\/wp-content\/uploads\/2018\/09\/malik-buecher-gmw-2017-800x600_mit-Schatten-1.jpg","datePublished":"2018-09-19T10:15:28+00:00","dateModified":"2018-10-31T13:52:48+00:00","breadcrumb":{"@id":"https:\/\/www.malik-management.com\/de\/ueber-uns\/publikationen\/malik-buecher\/gefahrliche-managementwoerter\/#breadcrumb"},"inLanguage":"de","potentialAction":[{"@type":"ReadAction","target":["https:\/\/www.malik-management.com\/de\/ueber-uns\/publikationen\/malik-buecher\/gefahrliche-managementwoerter\/"]}]},{"@type":"ImageObject","inLanguage":"de","@id":"https:\/\/www.malik-management.com\/de\/ueber-uns\/publikationen\/malik-buecher\/gefahrliche-managementwoerter\/#primaryimage","url":"https:\/\/www.malik-management.com\/wp-content\/uploads\/2018\/09\/malik-buecher-gmw-2017-800x600_mit-Schatten-1.jpg","contentUrl":"https:\/\/www.malik-management.com\/wp-content\/uploads\/2018\/09\/malik-buecher-gmw-2017-800x600_mit-Schatten-1.jpg"},{"@type":"BreadcrumbList","@id":"https:\/\/www.malik-management.com\/de\/ueber-uns\/publikationen\/malik-buecher\/gefahrliche-managementwoerter\/#breadcrumb","itemListElement":[{"@type":"ListItem","position":1,"name":"Home","item":"https:\/\/www.malik-management.com\/de\/"},{"@type":"ListItem","position":2,"name":"\u00dcber uns","item":"https:\/\/www.malik-management.com\/de\/ueber-uns\/"},{"@type":"ListItem","position":3,"name":"Publikationen","item":"https:\/\/www.malik-management.com\/de\/ueber-uns\/publikationen\/"},{"@type":"ListItem","position":4,"name":"Malik B\u00fccher","item":"https:\/\/www.malik-management.com\/de\/ueber-uns\/publikationen\/malik-buecher\/"},{"@type":"ListItem","position":5,"name":"Gef\u00e4hrliche Managementw\u00f6rter"}]},{"@type":"WebSite","@id":"https:\/\/www.malik-management.com\/de\/#website","url":"https:\/\/www.malik-management.com\/de\/","name":"Malik Management","description":"Beyond conventional management","publisher":{"@id":"https:\/\/www.malik-management.com\/de\/#organization"},"potentialAction":[{"@type":"SearchAction","target":{"@type":"EntryPoint","urlTemplate":"https:\/\/www.malik-management.com\/de\/?s={search_term_string}"},"query-input":{"@type":"PropertyValueSpecification","valueRequired":true,"valueName":"search_term_string"}}],"inLanguage":"de"},{"@type":"Organization","@id":"https:\/\/www.malik-management.com\/de\/#organization","name":"malik international AG","url":"https:\/\/www.malik-management.com\/de\/","logo":{"@type":"ImageObject","inLanguage":"de","@id":"https:\/\/www.malik-management.com\/de\/#\/schema\/logo\/image\/","url":"https:\/\/www.malik-management.com\/wp-content\/uploads\/2018\/09\/Logo_malik_weiss-klein3.png","contentUrl":"https:\/\/www.malik-management.com\/wp-content\/uploads\/2018\/09\/Logo_malik_weiss-klein3.png","width":140,"height":41,"caption":"malik international AG"},"image":{"@id":"https:\/\/www.malik-management.com\/de\/#\/schema\/logo\/image\/"},"sameAs":["https:\/\/www.linkedin.com\/company\/30160","https:\/\/www.youtube.com\/user\/malikmanagement"]}]}},"_links":{"self":[{"href":"https:\/\/www.malik-management.com\/de\/wp-json\/wp\/v2\/pages\/22654","targetHints":{"allow":["GET"]}}],"collection":[{"href":"https:\/\/www.malik-management.com\/de\/wp-json\/wp\/v2\/pages"}],"about":[{"href":"https:\/\/www.malik-management.com\/de\/wp-json\/wp\/v2\/types\/page"}],"author":[{"embeddable":true,"href":"https:\/\/www.malik-management.com\/de\/wp-json\/wp\/v2\/users\/17"}],"replies":[{"embeddable":true,"href":"https:\/\/www.malik-management.com\/de\/wp-json\/wp\/v2\/comments?post=22654"}],"version-history":[{"count":7,"href":"https:\/\/www.malik-management.com\/de\/wp-json\/wp\/v2\/pages\/22654\/revisions"}],"predecessor-version":[{"id":23035,"href":"https:\/\/www.malik-management.com\/de\/wp-json\/wp\/v2\/pages\/22654\/revisions\/23035"}],"up":[{"embeddable":true,"href":"https:\/\/www.malik-management.com\/de\/wp-json\/wp\/v2\/pages\/16955"}],"wp:attachment":[{"href":"https:\/\/www.malik-management.com\/de\/wp-json\/wp\/v2\/media?parent=22654"}],"curies":[{"name":"wp","href":"https:\/\/api.w.org\/{rel}","templated":true}]}}