{"id":22760,"date":"2018-10-10T13:10:01","date_gmt":"2018-10-10T13:10:01","guid":{"rendered":"https:\/\/www.malik-management.com\/?page_id=22760"},"modified":"2018-10-31T13:56:15","modified_gmt":"2018-10-31T13:56:15","slug":"wenn-grenzen-keine-sind","status":"publish","type":"page","link":"https:\/\/www.malik-management.com\/de\/ueber-uns\/publikationen\/malik-buecher\/wenn-grenzen-keine-sind\/","title":{"rendered":"Wenn Grenzen keine sind"},"content":{"rendered":"<div id=\"wrapper-re-top\">\n<div id=\"wrapper-img-top\">\n<div id=\"insign\">\n<div id=\"wrapper-content\" class=\"wrappter-cms\">\n<div id=\"content\">\n<div id=\"content-center\">\n<div class=\"block-element block-element-default\">\n<h3>Wenn Grenzen keine sind<\/h3>\n<p><a href=\"https:\/\/www.malik-management.com\/wp-content\/uploads\/2018\/10\/malik-buecher-wenn-grenzen-keine-sind-600x800b.png\"><img decoding=\"async\" class=\"wp-image-22766 aligncenter\" src=\"https:\/\/www.malik-management.com\/wp-content\/uploads\/2018\/10\/malik-buecher-wenn-grenzen-keine-sind-600x800b.png\" alt=\"\" width=\"219\" height=\"292\" srcset=\"https:\/\/www.malik-management.com\/wp-content\/uploads\/2018\/10\/malik-buecher-wenn-grenzen-keine-sind-600x800b-200x267.png 200w, https:\/\/www.malik-management.com\/wp-content\/uploads\/2018\/10\/malik-buecher-wenn-grenzen-keine-sind-600x800b-225x300.png 225w, https:\/\/www.malik-management.com\/wp-content\/uploads\/2018\/10\/malik-buecher-wenn-grenzen-keine-sind-600x800b-400x533.png 400w, https:\/\/www.malik-management.com\/wp-content\/uploads\/2018\/10\/malik-buecher-wenn-grenzen-keine-sind-600x800b.png 600w\" sizes=\"(max-width: 219px) 100vw, 219px\" \/><\/a><\/p>\n<p>Es ist Prof. Fredmund Maliks bislang pers\u00f6nlichstes Buch, und der Titel ist Programm: In <em>Wenn Grenzen keine sind \u2013 Management und Bergsteigen <\/em>zieht Malik, selbst erfahrener und leidenschaftlicher Bergsteiger, die Parallelen zwischen Alpinismus und Management und arbeitet ihre Gemeinsamkeiten heraus, wie Ausdauer, Selbstmotivation und Verantwortung.<\/p>\n<p>Hinter beiden Disziplinen stehen auch dieselben Fragen: Was k\u00f6nnen Menschen leisten? Wo sind ihre Grenzen? Wie kann jeder Einzelne seine oder ihre Grenze hinausschieben? Eine Voraussetzung daf\u00fcr ist die F\u00e4higkeit, mit Komplexit\u00e4t umzugehen. Malik benutzt die anschauliche Metapher des Bergsteigens um diese Essenz seines Managementverst\u00e4ndnisses zu vermitteln, wie richtiges und gutes Management und Selbstmanagement Menschen dazu verhilft, fast alles erreichen zu k\u00f6nnen \u2013 inklusive des scheinbar Unm\u00f6glichen. Malik pr\u00e4sentiert Bergsteigen als facettenreiche Lebensschule, in der man zentrale Erkenntnisse f\u00fcr ein wirksames Management und ein erf\u00fclltes Leben gewinnen kann. Es ist sein Pl\u00e4doyer daf\u00fcr, sich frei zu machen von zu engen Grenzen.<\/p>\n<p><strong>Rezensionen und Berichte zu <em>Wenn Grenzen keine sind<\/em><\/strong><\/p>\n<p>Zahlreiche Zeitungen und Zeitschriften haben zum Erscheinungstermin in Rezensionen und Artikeln \u00fcber das neue Buch berichtet, darunter als namhafteste das deutsche Handelsblatt (gr\u00f6sste Wirtschafts- und Finanzzeitung im deutschsprachigen Raum), Medianet (\u00f6sterreichische Wirtschaftszeitung, die sich aus Fachzeitungen diverser Wirtschaftssegmente zusammensetzt) und der Kurier, eine \u00f6sterreichische Tageszeitung mit \u00fcberregionaler Ausrichtung. Die Rezensionen und Artikel finden Sie in der rechten Randspalte.<\/p>\n<p><strong>Pressestimmen zum Buch<\/strong><\/p>\n<p><u>Zeit Online: Wenn Grenzen keine sind, 15.05.2014:<\/u><\/p>\n<p>&#8222;<em>Ein kluges und anregendes Buch<\/em>.&#8220;<\/p>\n<p><u>Hamburger Abendblatt: Buch der Woche, 11.04.2014:<\/u><\/p>\n<p>&#8222;<em>Der Alpinsport bildet in diesem Buch die Rahmenhandlung f\u00fcr allerlei Managementweisheiten. Die haben es in sich. Gewohnt klar und direkt vertritt Malik seine Linie.<\/em>&#8220;<\/p>\n<p><u>Format: Die Gipfelst\u00fcrmer, 04.04.2014:<\/u><\/p>\n<p>&#8222;<em>\u00c4ngste \u00fcberwinden, Grenzen neu ausloten und Risiken richtig einsch\u00e4tzen: Die Erfahrungen, die Topmanager in ihrer Freizeit in den Bergen machen, sind auch f\u00fcr den Berufsalltag bedeutend.<\/em>&#8220;<\/p>\n<p><u>Impulse: Gedanken rund ums Gebirge, 01.03.2014:<\/u><\/p>\n<p>&#8222;<em>(&#8230;) stimmige Bilder und Analogien f\u00fcr die Herausforderungen, die es am Berg und im B\u00fcro zu bew\u00e4ltigen gilt.<\/em>&#8220;<\/p>\n<p><u>Handelsblatt Online: Wie Manager das Optimum aus sich herausholen, 13.02.2014:<\/u><br \/>\n&#8222;<em>Fredmund Malik wird als einer der profiliertesten Management-Berater wegen seiner klaren Worte gesch\u00e4tzt. In seinem neuen Buch gei\u00dfelt er die Motivationsduselei und erkl\u00e4rt, wie man seine Grenzen wirklich auslotet<\/em>.&#8220;<\/p>\n<p>&nbsp;<\/p>\n<p>&nbsp;<\/p>\n<p>&nbsp;<\/p>\n<\/div>\n<\/div>\n<\/div>\n<\/div>\n<\/div>\n<\/div>\n<\/div>\n","protected":false},"excerpt":{"rendered":"<p>Wenn Grenzen keine sind Es ist Prof. Fredmund Maliks bislang pers\u00f6nlichstes Buch, und der Titel ist Programm: In Wenn Grenzen keine sind \u2013 Management und Bergsteigen zieht Malik, selbst erfahrener und leidenschaftlicher Bergsteiger, die Parallelen zwischen Alpinismus und Management und arbeitet ihre Gemeinsamkeiten heraus, wie Ausdauer, Selbstmotivation und Verantwortung. Hinter beiden Disziplinen stehen auch dieselben Fragen: Was k\u00f6nnen Menschen leisten?  [&#8230;]<\/p>\n","protected":false},"author":17,"featured_media":0,"parent":16955,"menu_order":0,"comment_status":"closed","ping_status":"closed","template":"side-navigation.php","meta":{"_acf_changed":false,"_bbp_topic_count":0,"_bbp_reply_count":0,"_bbp_total_topic_count":0,"_bbp_total_reply_count":0,"_bbp_voice_count":0,"_bbp_anonymous_reply_count":0,"_bbp_topic_count_hidden":0,"_bbp_reply_count_hidden":0,"_bbp_forum_subforum_count":0,"footnotes":""},"class_list":["post-22760","page","type-page","status-publish","hentry"],"acf":[],"yoast_head":"<!-- This site is optimized with the Yoast SEO plugin v26.4 - https:\/\/yoast.com\/wordpress\/plugins\/seo\/ -->\n<title>Wenn Grenzen keine sind - Malik Management<\/title>\n<meta name=\"robots\" content=\"index, follow, max-snippet:-1, max-image-preview:large, max-video-preview:-1\" \/>\n<link rel=\"canonical\" href=\"https:\/\/www.malik-management.com\/de\/ueber-uns\/publikationen\/malik-buecher\/wenn-grenzen-keine-sind\/\" \/>\n<meta property=\"og:locale\" content=\"de_DE\" \/>\n<meta property=\"og:type\" content=\"article\" \/>\n<meta property=\"og:title\" content=\"Wenn Grenzen keine sind - Malik Management\" \/>\n<meta property=\"og:description\" content=\"Wenn Grenzen keine sind Es ist Prof. Fredmund Maliks bislang pers\u00f6nlichstes Buch, und der Titel ist Programm: In Wenn Grenzen keine sind \u2013 Management und Bergsteigen zieht Malik, selbst erfahrener und leidenschaftlicher Bergsteiger, die Parallelen zwischen Alpinismus und Management und arbeitet ihre Gemeinsamkeiten heraus, wie Ausdauer, Selbstmotivation und Verantwortung. Hinter beiden Disziplinen stehen auch dieselben Fragen: Was k\u00f6nnen Menschen leisten? [...]\" \/>\n<meta property=\"og:url\" content=\"https:\/\/www.malik-management.com\/de\/ueber-uns\/publikationen\/malik-buecher\/wenn-grenzen-keine-sind\/\" \/>\n<meta property=\"og:site_name\" content=\"Malik Management\" \/>\n<meta property=\"article:modified_time\" content=\"2018-10-31T13:56:15+00:00\" \/>\n<meta property=\"og:image\" content=\"https:\/\/www.malik-management.com\/wp-content\/uploads\/2018\/10\/malik-buecher-wenn-grenzen-keine-sind-600x800b.png\" \/>\n<meta name=\"twitter:card\" content=\"summary_large_image\" \/>\n<meta name=\"twitter:label1\" content=\"Gesch\u00e4tzte Lesezeit\" \/>\n\t<meta name=\"twitter:data1\" content=\"2\u00a0Minuten\" \/>\n<script type=\"application\/ld+json\" class=\"yoast-schema-graph\">{\"@context\":\"https:\/\/schema.org\",\"@graph\":[{\"@type\":\"WebPage\",\"@id\":\"https:\/\/www.malik-management.com\/de\/ueber-uns\/publikationen\/malik-buecher\/wenn-grenzen-keine-sind\/\",\"url\":\"https:\/\/www.malik-management.com\/de\/ueber-uns\/publikationen\/malik-buecher\/wenn-grenzen-keine-sind\/\",\"name\":\"Wenn Grenzen keine sind - Malik Management\",\"isPartOf\":{\"@id\":\"https:\/\/www.malik-management.com\/de\/#website\"},\"primaryImageOfPage\":{\"@id\":\"https:\/\/www.malik-management.com\/de\/ueber-uns\/publikationen\/malik-buecher\/wenn-grenzen-keine-sind\/#primaryimage\"},\"image\":{\"@id\":\"https:\/\/www.malik-management.com\/de\/ueber-uns\/publikationen\/malik-buecher\/wenn-grenzen-keine-sind\/#primaryimage\"},\"thumbnailUrl\":\"https:\/\/www.malik-management.com\/wp-content\/uploads\/2018\/10\/malik-buecher-wenn-grenzen-keine-sind-600x800b.png\",\"datePublished\":\"2018-10-10T13:10:01+00:00\",\"dateModified\":\"2018-10-31T13:56:15+00:00\",\"breadcrumb\":{\"@id\":\"https:\/\/www.malik-management.com\/de\/ueber-uns\/publikationen\/malik-buecher\/wenn-grenzen-keine-sind\/#breadcrumb\"},\"inLanguage\":\"de\",\"potentialAction\":[{\"@type\":\"ReadAction\",\"target\":[\"https:\/\/www.malik-management.com\/de\/ueber-uns\/publikationen\/malik-buecher\/wenn-grenzen-keine-sind\/\"]}]},{\"@type\":\"ImageObject\",\"inLanguage\":\"de\",\"@id\":\"https:\/\/www.malik-management.com\/de\/ueber-uns\/publikationen\/malik-buecher\/wenn-grenzen-keine-sind\/#primaryimage\",\"url\":\"https:\/\/www.malik-management.com\/wp-content\/uploads\/2018\/10\/malik-buecher-wenn-grenzen-keine-sind-600x800b.png\",\"contentUrl\":\"https:\/\/www.malik-management.com\/wp-content\/uploads\/2018\/10\/malik-buecher-wenn-grenzen-keine-sind-600x800b.png\"},{\"@type\":\"BreadcrumbList\",\"@id\":\"https:\/\/www.malik-management.com\/de\/ueber-uns\/publikationen\/malik-buecher\/wenn-grenzen-keine-sind\/#breadcrumb\",\"itemListElement\":[{\"@type\":\"ListItem\",\"position\":1,\"name\":\"Home\",\"item\":\"https:\/\/www.malik-management.com\/de\/\"},{\"@type\":\"ListItem\",\"position\":2,\"name\":\"\u00dcber uns\",\"item\":\"https:\/\/www.malik-management.com\/de\/ueber-uns\/\"},{\"@type\":\"ListItem\",\"position\":3,\"name\":\"Publikationen\",\"item\":\"https:\/\/www.malik-management.com\/de\/ueber-uns\/publikationen\/\"},{\"@type\":\"ListItem\",\"position\":4,\"name\":\"Malik B\u00fccher\",\"item\":\"https:\/\/www.malik-management.com\/de\/ueber-uns\/publikationen\/malik-buecher\/\"},{\"@type\":\"ListItem\",\"position\":5,\"name\":\"Wenn Grenzen keine sind\"}]},{\"@type\":\"WebSite\",\"@id\":\"https:\/\/www.malik-management.com\/de\/#website\",\"url\":\"https:\/\/www.malik-management.com\/de\/\",\"name\":\"Malik Management\",\"description\":\"Beyond conventional management\",\"publisher\":{\"@id\":\"https:\/\/www.malik-management.com\/de\/#organization\"},\"potentialAction\":[{\"@type\":\"SearchAction\",\"target\":{\"@type\":\"EntryPoint\",\"urlTemplate\":\"https:\/\/www.malik-management.com\/de\/?s={search_term_string}\"},\"query-input\":{\"@type\":\"PropertyValueSpecification\",\"valueRequired\":true,\"valueName\":\"search_term_string\"}}],\"inLanguage\":\"de\"},{\"@type\":\"Organization\",\"@id\":\"https:\/\/www.malik-management.com\/de\/#organization\",\"name\":\"malik international AG\",\"url\":\"https:\/\/www.malik-management.com\/de\/\",\"logo\":{\"@type\":\"ImageObject\",\"inLanguage\":\"de\",\"@id\":\"https:\/\/www.malik-management.com\/de\/#\/schema\/logo\/image\/\",\"url\":\"https:\/\/www.malik-management.com\/wp-content\/uploads\/2018\/09\/Logo_malik_weiss-klein3.png\",\"contentUrl\":\"https:\/\/www.malik-management.com\/wp-content\/uploads\/2018\/09\/Logo_malik_weiss-klein3.png\",\"width\":140,\"height\":41,\"caption\":\"malik international AG\"},\"image\":{\"@id\":\"https:\/\/www.malik-management.com\/de\/#\/schema\/logo\/image\/\"},\"sameAs\":[\"https:\/\/www.linkedin.com\/company\/30160\",\"https:\/\/www.youtube.com\/user\/malikmanagement\"]}]}<\/script>\n<!-- \/ Yoast SEO plugin. -->","yoast_head_json":{"title":"Wenn Grenzen keine sind - Malik Management","robots":{"index":"index","follow":"follow","max-snippet":"max-snippet:-1","max-image-preview":"max-image-preview:large","max-video-preview":"max-video-preview:-1"},"canonical":"https:\/\/www.malik-management.com\/de\/ueber-uns\/publikationen\/malik-buecher\/wenn-grenzen-keine-sind\/","og_locale":"de_DE","og_type":"article","og_title":"Wenn Grenzen keine sind - Malik Management","og_description":"Wenn Grenzen keine sind Es ist Prof. Fredmund Maliks bislang pers\u00f6nlichstes Buch, und der Titel ist Programm: In Wenn Grenzen keine sind \u2013 Management und Bergsteigen zieht Malik, selbst erfahrener und leidenschaftlicher Bergsteiger, die Parallelen zwischen Alpinismus und Management und arbeitet ihre Gemeinsamkeiten heraus, wie Ausdauer, Selbstmotivation und Verantwortung. Hinter beiden Disziplinen stehen auch dieselben Fragen: Was k\u00f6nnen Menschen leisten? [...]","og_url":"https:\/\/www.malik-management.com\/de\/ueber-uns\/publikationen\/malik-buecher\/wenn-grenzen-keine-sind\/","og_site_name":"Malik Management","article_modified_time":"2018-10-31T13:56:15+00:00","og_image":[{"url":"https:\/\/www.malik-management.com\/wp-content\/uploads\/2018\/10\/malik-buecher-wenn-grenzen-keine-sind-600x800b.png","type":"","width":"","height":""}],"twitter_card":"summary_large_image","twitter_misc":{"Gesch\u00e4tzte Lesezeit":"2\u00a0Minuten"},"schema":{"@context":"https:\/\/schema.org","@graph":[{"@type":"WebPage","@id":"https:\/\/www.malik-management.com\/de\/ueber-uns\/publikationen\/malik-buecher\/wenn-grenzen-keine-sind\/","url":"https:\/\/www.malik-management.com\/de\/ueber-uns\/publikationen\/malik-buecher\/wenn-grenzen-keine-sind\/","name":"Wenn Grenzen keine sind - Malik Management","isPartOf":{"@id":"https:\/\/www.malik-management.com\/de\/#website"},"primaryImageOfPage":{"@id":"https:\/\/www.malik-management.com\/de\/ueber-uns\/publikationen\/malik-buecher\/wenn-grenzen-keine-sind\/#primaryimage"},"image":{"@id":"https:\/\/www.malik-management.com\/de\/ueber-uns\/publikationen\/malik-buecher\/wenn-grenzen-keine-sind\/#primaryimage"},"thumbnailUrl":"https:\/\/www.malik-management.com\/wp-content\/uploads\/2018\/10\/malik-buecher-wenn-grenzen-keine-sind-600x800b.png","datePublished":"2018-10-10T13:10:01+00:00","dateModified":"2018-10-31T13:56:15+00:00","breadcrumb":{"@id":"https:\/\/www.malik-management.com\/de\/ueber-uns\/publikationen\/malik-buecher\/wenn-grenzen-keine-sind\/#breadcrumb"},"inLanguage":"de","potentialAction":[{"@type":"ReadAction","target":["https:\/\/www.malik-management.com\/de\/ueber-uns\/publikationen\/malik-buecher\/wenn-grenzen-keine-sind\/"]}]},{"@type":"ImageObject","inLanguage":"de","@id":"https:\/\/www.malik-management.com\/de\/ueber-uns\/publikationen\/malik-buecher\/wenn-grenzen-keine-sind\/#primaryimage","url":"https:\/\/www.malik-management.com\/wp-content\/uploads\/2018\/10\/malik-buecher-wenn-grenzen-keine-sind-600x800b.png","contentUrl":"https:\/\/www.malik-management.com\/wp-content\/uploads\/2018\/10\/malik-buecher-wenn-grenzen-keine-sind-600x800b.png"},{"@type":"BreadcrumbList","@id":"https:\/\/www.malik-management.com\/de\/ueber-uns\/publikationen\/malik-buecher\/wenn-grenzen-keine-sind\/#breadcrumb","itemListElement":[{"@type":"ListItem","position":1,"name":"Home","item":"https:\/\/www.malik-management.com\/de\/"},{"@type":"ListItem","position":2,"name":"\u00dcber uns","item":"https:\/\/www.malik-management.com\/de\/ueber-uns\/"},{"@type":"ListItem","position":3,"name":"Publikationen","item":"https:\/\/www.malik-management.com\/de\/ueber-uns\/publikationen\/"},{"@type":"ListItem","position":4,"name":"Malik B\u00fccher","item":"https:\/\/www.malik-management.com\/de\/ueber-uns\/publikationen\/malik-buecher\/"},{"@type":"ListItem","position":5,"name":"Wenn Grenzen keine sind"}]},{"@type":"WebSite","@id":"https:\/\/www.malik-management.com\/de\/#website","url":"https:\/\/www.malik-management.com\/de\/","name":"Malik Management","description":"Beyond conventional management","publisher":{"@id":"https:\/\/www.malik-management.com\/de\/#organization"},"potentialAction":[{"@type":"SearchAction","target":{"@type":"EntryPoint","urlTemplate":"https:\/\/www.malik-management.com\/de\/?s={search_term_string}"},"query-input":{"@type":"PropertyValueSpecification","valueRequired":true,"valueName":"search_term_string"}}],"inLanguage":"de"},{"@type":"Organization","@id":"https:\/\/www.malik-management.com\/de\/#organization","name":"malik international AG","url":"https:\/\/www.malik-management.com\/de\/","logo":{"@type":"ImageObject","inLanguage":"de","@id":"https:\/\/www.malik-management.com\/de\/#\/schema\/logo\/image\/","url":"https:\/\/www.malik-management.com\/wp-content\/uploads\/2018\/09\/Logo_malik_weiss-klein3.png","contentUrl":"https:\/\/www.malik-management.com\/wp-content\/uploads\/2018\/09\/Logo_malik_weiss-klein3.png","width":140,"height":41,"caption":"malik international AG"},"image":{"@id":"https:\/\/www.malik-management.com\/de\/#\/schema\/logo\/image\/"},"sameAs":["https:\/\/www.linkedin.com\/company\/30160","https:\/\/www.youtube.com\/user\/malikmanagement"]}]}},"_links":{"self":[{"href":"https:\/\/www.malik-management.com\/de\/wp-json\/wp\/v2\/pages\/22760","targetHints":{"allow":["GET"]}}],"collection":[{"href":"https:\/\/www.malik-management.com\/de\/wp-json\/wp\/v2\/pages"}],"about":[{"href":"https:\/\/www.malik-management.com\/de\/wp-json\/wp\/v2\/types\/page"}],"author":[{"embeddable":true,"href":"https:\/\/www.malik-management.com\/de\/wp-json\/wp\/v2\/users\/17"}],"replies":[{"embeddable":true,"href":"https:\/\/www.malik-management.com\/de\/wp-json\/wp\/v2\/comments?post=22760"}],"version-history":[{"count":8,"href":"https:\/\/www.malik-management.com\/de\/wp-json\/wp\/v2\/pages\/22760\/revisions"}],"predecessor-version":[{"id":23043,"href":"https:\/\/www.malik-management.com\/de\/wp-json\/wp\/v2\/pages\/22760\/revisions\/23043"}],"up":[{"embeddable":true,"href":"https:\/\/www.malik-management.com\/de\/wp-json\/wp\/v2\/pages\/16955"}],"wp:attachment":[{"href":"https:\/\/www.malik-management.com\/de\/wp-json\/wp\/v2\/media?parent=22760"}],"curies":[{"name":"wp","href":"https:\/\/api.w.org\/{rel}","templated":true}]}}