{"id":23008,"date":"2018-10-31T12:47:51","date_gmt":"2018-10-31T12:47:51","guid":{"rendered":"https:\/\/www.malik-management.com\/ueber-uns\/publikationen\/malik-buecher\/unternehmenspolitik-und-corporate-governance\/"},"modified":"2019-01-10T08:31:29","modified_gmt":"2019-01-10T08:31:29","slug":"unternehmenspolitik-und-corporate-governance","status":"publish","type":"page","link":"https:\/\/www.malik-management.com\/de\/ueber-uns\/publikationen\/malik-buecher\/unternehmenspolitik-und-corporate-governance\/","title":{"rendered":"Unternehmenspolitik und Corporate Governance"},"content":{"rendered":"<div id=\"wrapper-re-top\">\n<div id=\"wrapper-img-top\">\n<div id=\"insign\">\n<div id=\"wrapper-content\" class=\"wrappter-cms\">\n<div id=\"content\">\n<div id=\"content-center\">\n<div class=\"block-element block-element-default\">\n<div id=\"wrapper-re-top\">\n<div id=\"wrapper-img-top\">\n<div id=\"insign\">\n<div id=\"wrapper-content\" class=\"wrappter-cms\">\n<div id=\"content\">\n<h3>Unternehmenspolitik und<br \/>\nCorporate Governance<\/h3>\n<p><strong>Wie sich Organisationen selbst organisieren<\/strong><\/p>\n<\/div>\n<\/div>\n<\/div>\n<\/div>\n<\/div>\n<div class=\"image left\"><a class=\"fancybox\" href=\"http:\/\/archived.malik-management.com\/website\/var\/tmp\/image-thumbnails\/0\/7579\/thumb__image_text_zoom\/malik-buecher-unternehmenspolitik-neuauflage-800x600.png\"><img decoding=\"async\" class=\"\" title=\"Unternehmenspolitik und Corporate Governance\" src=\"http:\/\/archived.malik-management.com\/website\/var\/tmp\/image-thumbnails\/0\/7578\/thumb__image_text\/malik-buecher-unternehmenspolitik-neuauflage-236x200.png\" alt=\"Unternehmenspolitik und Corporate Governance\" width=\"295\" height=\"250\" \/> <\/a><\/div>\n<p><u><strong>Financial Times Deutschland:<\/strong><\/u>\u00a0&#8222;Ein wirksames Therapeutikum gegen den ewigen Stau auf der Stra\u00dfe zum Entscheider &#8230; Mit seinem neu\u00aden Werk macht Malik seinem Ruf als Vordenker alle Ehre&#8220;, 01.08.2008<\/p>\n<p><u><strong>Personalmagazin:<\/strong><\/u> &#8222;Wer sich f\u00fcr Maliks kybernetisches Instrumen\u00adta\u00adrium interessiert, erh\u00e4lt hier tiefe Einblicke&#8220;, 01.05.2008<\/p>\n<p><u><strong>Training aktuell:<\/strong><\/u> &#8222;Eine hervorragende Grundlagenlekt\u00fcre f\u00fcr systemische Trainer und Berater&#8220;, 01.06.2008<\/p>\n<p>Der zweite Band der Reihe <em>Ma\u00adnage\u00adment: Komplexit\u00e4t meis\u00adtern<\/em>, der 2013 in zweiter Auflage erschien, enth\u00e4lt die wichtigsten Schl\u00fcs\u00adsel-Modelle und -Prinzipien f\u00fcr sich selbst programmie\u00adren\u00adden Erfolg von F\u00fchrungskr\u00e4ften, Mitarbeitern und ihren Organisa\u00adtio\u00adnen. Maliks Diagnosen der Di\u00adlemmas unserer Zeit und das ein\u00adzig m\u00f6\u00adgliche Prinzip, sie auf\u00adzu\u00adl\u00f6\u00adsen, su\u00adchen ihresgleichen. Dar\u00fcber hi\u00adnaus sind sie Orien\u00adtie\u00adrung f\u00fcr ge\u00adstresste F\u00fchrungs\u00adkr\u00e4fte, die die Konflikte im Epo\u00adchenwandel zwar erkennen, aber noch nicht l\u00f6\u00adsen k\u00f6nnen.<\/p>\n<\/div>\n<\/div>\n<\/div>\n<\/div>\n<\/div>\n<\/div>\n<\/div>\n","protected":false},"excerpt":{"rendered":"<p>Unternehmenspolitik und Corporate Governance Wie sich Organisationen selbst organisieren Financial Times Deutschland:\u00a0&#8222;Ein wirksames Therapeutikum gegen den ewigen Stau auf der Stra\u00dfe zum Entscheider &#8230; Mit seinem neu\u00aden Werk macht Malik seinem Ruf als Vordenker alle Ehre&#8220;, 01.08.2008 Personalmagazin: &#8222;Wer sich f\u00fcr Maliks kybernetisches Instrumen\u00adta\u00adrium interessiert, erh\u00e4lt hier tiefe Einblicke&#8220;, 01.05.2008 Training aktuell: &#8222;Eine hervorragende Grundlagenlekt\u00fcre f\u00fcr systemische Trainer und Berater&#8220;,  [&#8230;]<\/p>\n","protected":false},"author":17,"featured_media":0,"parent":16955,"menu_order":0,"comment_status":"closed","ping_status":"closed","template":"side-navigation.php","meta":{"_acf_changed":false,"_bbp_topic_count":0,"_bbp_reply_count":0,"_bbp_total_topic_count":0,"_bbp_total_reply_count":0,"_bbp_voice_count":0,"_bbp_anonymous_reply_count":0,"_bbp_topic_count_hidden":0,"_bbp_reply_count_hidden":0,"_bbp_forum_subforum_count":0,"footnotes":""},"class_list":["post-23008","page","type-page","status-publish","hentry"],"acf":[],"yoast_head":"<!-- This site is optimized with the Yoast SEO plugin v26.4 - https:\/\/yoast.com\/wordpress\/plugins\/seo\/ -->\n<title>Unternehmenspolitik und Corporate Governance - Malik Management<\/title>\n<meta name=\"robots\" content=\"index, follow, max-snippet:-1, max-image-preview:large, max-video-preview:-1\" \/>\n<link rel=\"canonical\" href=\"https:\/\/www.malik-management.com\/de\/ueber-uns\/publikationen\/malik-buecher\/unternehmenspolitik-und-corporate-governance\/\" \/>\n<meta property=\"og:locale\" content=\"de_DE\" \/>\n<meta property=\"og:type\" content=\"article\" \/>\n<meta property=\"og:title\" content=\"Unternehmenspolitik und Corporate Governance - Malik Management\" \/>\n<meta property=\"og:description\" content=\"Unternehmenspolitik und Corporate Governance Wie sich Organisationen selbst organisieren Financial Times Deutschland:\u00a0&#8222;Ein wirksames Therapeutikum gegen den ewigen Stau auf der Stra\u00dfe zum Entscheider &#8230; Mit seinem neu\u00aden Werk macht Malik seinem Ruf als Vordenker alle Ehre&#8220;, 01.08.2008 Personalmagazin: &#8222;Wer sich f\u00fcr Maliks kybernetisches Instrumen\u00adta\u00adrium interessiert, erh\u00e4lt hier tiefe Einblicke&#8220;, 01.05.2008 Training aktuell: &#8222;Eine hervorragende Grundlagenlekt\u00fcre f\u00fcr systemische Trainer und Berater&#8220;, [...]\" \/>\n<meta property=\"og:url\" content=\"https:\/\/www.malik-management.com\/de\/ueber-uns\/publikationen\/malik-buecher\/unternehmenspolitik-und-corporate-governance\/\" \/>\n<meta property=\"og:site_name\" content=\"Malik Management\" \/>\n<meta property=\"article:modified_time\" content=\"2019-01-10T08:31:29+00:00\" \/>\n<meta property=\"og:image\" content=\"http:\/\/archived.malik-management.com\/website\/var\/tmp\/image-thumbnails\/0\/7578\/thumb__image_text\/malik-buecher-unternehmenspolitik-neuauflage-236x200.png\" \/>\n<meta name=\"twitter:card\" content=\"summary_large_image\" \/>\n<meta name=\"twitter:label1\" content=\"Gesch\u00e4tzte Lesezeit\" \/>\n\t<meta name=\"twitter:data1\" content=\"1\u00a0Minute\" \/>\n<script type=\"application\/ld+json\" class=\"yoast-schema-graph\">{\"@context\":\"https:\/\/schema.org\",\"@graph\":[{\"@type\":\"WebPage\",\"@id\":\"https:\/\/www.malik-management.com\/de\/ueber-uns\/publikationen\/malik-buecher\/unternehmenspolitik-und-corporate-governance\/\",\"url\":\"https:\/\/www.malik-management.com\/de\/ueber-uns\/publikationen\/malik-buecher\/unternehmenspolitik-und-corporate-governance\/\",\"name\":\"Unternehmenspolitik und Corporate Governance - Malik Management\",\"isPartOf\":{\"@id\":\"https:\/\/www.malik-management.com\/de\/#website\"},\"primaryImageOfPage\":{\"@id\":\"https:\/\/www.malik-management.com\/de\/ueber-uns\/publikationen\/malik-buecher\/unternehmenspolitik-und-corporate-governance\/#primaryimage\"},\"image\":{\"@id\":\"https:\/\/www.malik-management.com\/de\/ueber-uns\/publikationen\/malik-buecher\/unternehmenspolitik-und-corporate-governance\/#primaryimage\"},\"thumbnailUrl\":\"http:\/\/archived.malik-management.com\/website\/var\/tmp\/image-thumbnails\/0\/7578\/thumb__image_text\/malik-buecher-unternehmenspolitik-neuauflage-236x200.png\",\"datePublished\":\"2018-10-31T12:47:51+00:00\",\"dateModified\":\"2019-01-10T08:31:29+00:00\",\"breadcrumb\":{\"@id\":\"https:\/\/www.malik-management.com\/de\/ueber-uns\/publikationen\/malik-buecher\/unternehmenspolitik-und-corporate-governance\/#breadcrumb\"},\"inLanguage\":\"de\",\"potentialAction\":[{\"@type\":\"ReadAction\",\"target\":[\"https:\/\/www.malik-management.com\/de\/ueber-uns\/publikationen\/malik-buecher\/unternehmenspolitik-und-corporate-governance\/\"]}]},{\"@type\":\"ImageObject\",\"inLanguage\":\"de\",\"@id\":\"https:\/\/www.malik-management.com\/de\/ueber-uns\/publikationen\/malik-buecher\/unternehmenspolitik-und-corporate-governance\/#primaryimage\",\"url\":\"http:\/\/archived.malik-management.com\/website\/var\/tmp\/image-thumbnails\/0\/7578\/thumb__image_text\/malik-buecher-unternehmenspolitik-neuauflage-236x200.png\",\"contentUrl\":\"http:\/\/archived.malik-management.com\/website\/var\/tmp\/image-thumbnails\/0\/7578\/thumb__image_text\/malik-buecher-unternehmenspolitik-neuauflage-236x200.png\"},{\"@type\":\"BreadcrumbList\",\"@id\":\"https:\/\/www.malik-management.com\/de\/ueber-uns\/publikationen\/malik-buecher\/unternehmenspolitik-und-corporate-governance\/#breadcrumb\",\"itemListElement\":[{\"@type\":\"ListItem\",\"position\":1,\"name\":\"Home\",\"item\":\"https:\/\/www.malik-management.com\/de\/\"},{\"@type\":\"ListItem\",\"position\":2,\"name\":\"\u00dcber uns\",\"item\":\"https:\/\/www.malik-management.com\/de\/ueber-uns\/\"},{\"@type\":\"ListItem\",\"position\":3,\"name\":\"Publikationen\",\"item\":\"https:\/\/www.malik-management.com\/de\/ueber-uns\/publikationen\/\"},{\"@type\":\"ListItem\",\"position\":4,\"name\":\"Malik B\u00fccher\",\"item\":\"https:\/\/www.malik-management.com\/de\/ueber-uns\/publikationen\/malik-buecher\/\"},{\"@type\":\"ListItem\",\"position\":5,\"name\":\"Unternehmenspolitik und Corporate Governance\"}]},{\"@type\":\"WebSite\",\"@id\":\"https:\/\/www.malik-management.com\/de\/#website\",\"url\":\"https:\/\/www.malik-management.com\/de\/\",\"name\":\"Malik Management\",\"description\":\"Beyond conventional management\",\"publisher\":{\"@id\":\"https:\/\/www.malik-management.com\/de\/#organization\"},\"potentialAction\":[{\"@type\":\"SearchAction\",\"target\":{\"@type\":\"EntryPoint\",\"urlTemplate\":\"https:\/\/www.malik-management.com\/de\/?s={search_term_string}\"},\"query-input\":{\"@type\":\"PropertyValueSpecification\",\"valueRequired\":true,\"valueName\":\"search_term_string\"}}],\"inLanguage\":\"de\"},{\"@type\":\"Organization\",\"@id\":\"https:\/\/www.malik-management.com\/de\/#organization\",\"name\":\"malik international AG\",\"url\":\"https:\/\/www.malik-management.com\/de\/\",\"logo\":{\"@type\":\"ImageObject\",\"inLanguage\":\"de\",\"@id\":\"https:\/\/www.malik-management.com\/de\/#\/schema\/logo\/image\/\",\"url\":\"https:\/\/www.malik-management.com\/wp-content\/uploads\/2018\/09\/Logo_malik_weiss-klein3.png\",\"contentUrl\":\"https:\/\/www.malik-management.com\/wp-content\/uploads\/2018\/09\/Logo_malik_weiss-klein3.png\",\"width\":140,\"height\":41,\"caption\":\"malik international AG\"},\"image\":{\"@id\":\"https:\/\/www.malik-management.com\/de\/#\/schema\/logo\/image\/\"},\"sameAs\":[\"https:\/\/www.linkedin.com\/company\/30160\",\"https:\/\/www.youtube.com\/user\/malikmanagement\"]}]}<\/script>\n<!-- \/ Yoast SEO plugin. -->","yoast_head_json":{"title":"Unternehmenspolitik und Corporate Governance - Malik Management","robots":{"index":"index","follow":"follow","max-snippet":"max-snippet:-1","max-image-preview":"max-image-preview:large","max-video-preview":"max-video-preview:-1"},"canonical":"https:\/\/www.malik-management.com\/de\/ueber-uns\/publikationen\/malik-buecher\/unternehmenspolitik-und-corporate-governance\/","og_locale":"de_DE","og_type":"article","og_title":"Unternehmenspolitik und Corporate Governance - Malik Management","og_description":"Unternehmenspolitik und Corporate Governance Wie sich Organisationen selbst organisieren Financial Times Deutschland:\u00a0&#8222;Ein wirksames Therapeutikum gegen den ewigen Stau auf der Stra\u00dfe zum Entscheider &#8230; Mit seinem neu\u00aden Werk macht Malik seinem Ruf als Vordenker alle Ehre&#8220;, 01.08.2008 Personalmagazin: &#8222;Wer sich f\u00fcr Maliks kybernetisches Instrumen\u00adta\u00adrium interessiert, erh\u00e4lt hier tiefe Einblicke&#8220;, 01.05.2008 Training aktuell: &#8222;Eine hervorragende Grundlagenlekt\u00fcre f\u00fcr systemische Trainer und Berater&#8220;, [...]","og_url":"https:\/\/www.malik-management.com\/de\/ueber-uns\/publikationen\/malik-buecher\/unternehmenspolitik-und-corporate-governance\/","og_site_name":"Malik Management","article_modified_time":"2019-01-10T08:31:29+00:00","og_image":[{"url":"http:\/\/archived.malik-management.com\/website\/var\/tmp\/image-thumbnails\/0\/7578\/thumb__image_text\/malik-buecher-unternehmenspolitik-neuauflage-236x200.png","type":"","width":"","height":""}],"twitter_card":"summary_large_image","twitter_misc":{"Gesch\u00e4tzte Lesezeit":"1\u00a0Minute"},"schema":{"@context":"https:\/\/schema.org","@graph":[{"@type":"WebPage","@id":"https:\/\/www.malik-management.com\/de\/ueber-uns\/publikationen\/malik-buecher\/unternehmenspolitik-und-corporate-governance\/","url":"https:\/\/www.malik-management.com\/de\/ueber-uns\/publikationen\/malik-buecher\/unternehmenspolitik-und-corporate-governance\/","name":"Unternehmenspolitik und Corporate Governance - Malik Management","isPartOf":{"@id":"https:\/\/www.malik-management.com\/de\/#website"},"primaryImageOfPage":{"@id":"https:\/\/www.malik-management.com\/de\/ueber-uns\/publikationen\/malik-buecher\/unternehmenspolitik-und-corporate-governance\/#primaryimage"},"image":{"@id":"https:\/\/www.malik-management.com\/de\/ueber-uns\/publikationen\/malik-buecher\/unternehmenspolitik-und-corporate-governance\/#primaryimage"},"thumbnailUrl":"http:\/\/archived.malik-management.com\/website\/var\/tmp\/image-thumbnails\/0\/7578\/thumb__image_text\/malik-buecher-unternehmenspolitik-neuauflage-236x200.png","datePublished":"2018-10-31T12:47:51+00:00","dateModified":"2019-01-10T08:31:29+00:00","breadcrumb":{"@id":"https:\/\/www.malik-management.com\/de\/ueber-uns\/publikationen\/malik-buecher\/unternehmenspolitik-und-corporate-governance\/#breadcrumb"},"inLanguage":"de","potentialAction":[{"@type":"ReadAction","target":["https:\/\/www.malik-management.com\/de\/ueber-uns\/publikationen\/malik-buecher\/unternehmenspolitik-und-corporate-governance\/"]}]},{"@type":"ImageObject","inLanguage":"de","@id":"https:\/\/www.malik-management.com\/de\/ueber-uns\/publikationen\/malik-buecher\/unternehmenspolitik-und-corporate-governance\/#primaryimage","url":"http:\/\/archived.malik-management.com\/website\/var\/tmp\/image-thumbnails\/0\/7578\/thumb__image_text\/malik-buecher-unternehmenspolitik-neuauflage-236x200.png","contentUrl":"http:\/\/archived.malik-management.com\/website\/var\/tmp\/image-thumbnails\/0\/7578\/thumb__image_text\/malik-buecher-unternehmenspolitik-neuauflage-236x200.png"},{"@type":"BreadcrumbList","@id":"https:\/\/www.malik-management.com\/de\/ueber-uns\/publikationen\/malik-buecher\/unternehmenspolitik-und-corporate-governance\/#breadcrumb","itemListElement":[{"@type":"ListItem","position":1,"name":"Home","item":"https:\/\/www.malik-management.com\/de\/"},{"@type":"ListItem","position":2,"name":"\u00dcber uns","item":"https:\/\/www.malik-management.com\/de\/ueber-uns\/"},{"@type":"ListItem","position":3,"name":"Publikationen","item":"https:\/\/www.malik-management.com\/de\/ueber-uns\/publikationen\/"},{"@type":"ListItem","position":4,"name":"Malik B\u00fccher","item":"https:\/\/www.malik-management.com\/de\/ueber-uns\/publikationen\/malik-buecher\/"},{"@type":"ListItem","position":5,"name":"Unternehmenspolitik und Corporate Governance"}]},{"@type":"WebSite","@id":"https:\/\/www.malik-management.com\/de\/#website","url":"https:\/\/www.malik-management.com\/de\/","name":"Malik Management","description":"Beyond conventional management","publisher":{"@id":"https:\/\/www.malik-management.com\/de\/#organization"},"potentialAction":[{"@type":"SearchAction","target":{"@type":"EntryPoint","urlTemplate":"https:\/\/www.malik-management.com\/de\/?s={search_term_string}"},"query-input":{"@type":"PropertyValueSpecification","valueRequired":true,"valueName":"search_term_string"}}],"inLanguage":"de"},{"@type":"Organization","@id":"https:\/\/www.malik-management.com\/de\/#organization","name":"malik international AG","url":"https:\/\/www.malik-management.com\/de\/","logo":{"@type":"ImageObject","inLanguage":"de","@id":"https:\/\/www.malik-management.com\/de\/#\/schema\/logo\/image\/","url":"https:\/\/www.malik-management.com\/wp-content\/uploads\/2018\/09\/Logo_malik_weiss-klein3.png","contentUrl":"https:\/\/www.malik-management.com\/wp-content\/uploads\/2018\/09\/Logo_malik_weiss-klein3.png","width":140,"height":41,"caption":"malik international AG"},"image":{"@id":"https:\/\/www.malik-management.com\/de\/#\/schema\/logo\/image\/"},"sameAs":["https:\/\/www.linkedin.com\/company\/30160","https:\/\/www.youtube.com\/user\/malikmanagement"]}]}},"_links":{"self":[{"href":"https:\/\/www.malik-management.com\/de\/wp-json\/wp\/v2\/pages\/23008","targetHints":{"allow":["GET"]}}],"collection":[{"href":"https:\/\/www.malik-management.com\/de\/wp-json\/wp\/v2\/pages"}],"about":[{"href":"https:\/\/www.malik-management.com\/de\/wp-json\/wp\/v2\/types\/page"}],"author":[{"embeddable":true,"href":"https:\/\/www.malik-management.com\/de\/wp-json\/wp\/v2\/users\/17"}],"replies":[{"embeddable":true,"href":"https:\/\/www.malik-management.com\/de\/wp-json\/wp\/v2\/comments?post=23008"}],"version-history":[{"count":14,"href":"https:\/\/www.malik-management.com\/de\/wp-json\/wp\/v2\/pages\/23008\/revisions"}],"predecessor-version":[{"id":23409,"href":"https:\/\/www.malik-management.com\/de\/wp-json\/wp\/v2\/pages\/23008\/revisions\/23409"}],"up":[{"embeddable":true,"href":"https:\/\/www.malik-management.com\/de\/wp-json\/wp\/v2\/pages\/16955"}],"wp:attachment":[{"href":"https:\/\/www.malik-management.com\/de\/wp-json\/wp\/v2\/media?parent=23008"}],"curies":[{"name":"wp","href":"https:\/\/api.w.org\/{rel}","templated":true}]}}