{"id":23023,"date":"2018-10-31T13:42:42","date_gmt":"2018-10-31T13:42:42","guid":{"rendered":"https:\/\/www.malik-management.com\/ueber-uns\/publikationen\/malik-buecher\/management-the-essence-of-the-craft\/"},"modified":"2018-10-31T13:51:06","modified_gmt":"2018-10-31T13:51:06","slug":"management-the-essence-of-the-craft","status":"publish","type":"page","link":"https:\/\/www.malik-management.com\/de\/ueber-uns\/publikationen\/malik-buecher\/management-the-essence-of-the-craft\/","title":{"rendered":"Management: Das A und O des Handwerks"},"content":{"rendered":"<div id=\"wrapper-re-top\">\n<div id=\"wrapper-img-top\">\n<div id=\"insign\">\n<div id=\"wrapper-content\" class=\"wrappter-cms\">\n<div id=\"content\">\n<div id=\"content-center\">\n<h3>Management: Das A und O des Handwerks<\/h3>\n<div class=\"block-element block-element-default\">\n<h4>Erster Band der Reihe &#8222;Management: Komplexit\u00e4t meistern&#8220;<\/h4>\n<div class=\"image left\"><a class=\"fancybox\" href=\"http:\/\/archived.malik-management.com\/website\/var\/tmp\/image-thumbnails\/0\/7575\/thumb__image_text_zoom\/malik-buecher-a-und-o-des-handwerks-neuauflage-800x600.png\"><img decoding=\"async\" class=\"\" title=\"Management: Das A und O des Handwerks\" src=\"http:\/\/archived.malik-management.com\/website\/var\/tmp\/image-thumbnails\/0\/7574\/thumb__image_text\/malik-buecher-a-und-o-des-handwerks-neuauflage-236x200.png\" alt=\"Management: Das A und O des Handwerks\" width=\"294\" height=\"249\" \/> <\/a><\/div>\n<p><u><strong>Financial Times Deutschland <\/strong><\/u><\/p>\n<p>Managementvordenker Malik zeigt sich provokativ: &#8222;Managen ist ein Handwerk und l\u00e4sst sich lernen &#8211; auf einen MBA oder ein BWL-Stu\u00addium darf dabei getrost ver\u00adzichtet werden.&#8220;<\/p>\n<p><u><strong>Wirtschaftswoche:<\/strong><\/u>\u00a0&#8222;Eines der besten Management\u00adb\u00fccher. Das Buch enth\u00e4lt kluge und ungew\u00f6hnliche Gedanken.&#8220;<\/p>\n<p><u><strong>S\u00fcddeutsche Zeitung<\/strong><\/u>\u00a0&#8222;Malik findet Geh\u00f6r, denn noch nie war Managementwissen so wichtig wie heute.&#8220;<\/p>\n<p>Dieses Buch ist der erste Band der insgesamt sechsteiligen Reihe &#8222;<em>Management: Kom\u00adple\u00adxi\u00adt\u00e4t meis\u00adtern<\/em>&#8220; und erschien 2013 in zweiter Auflage. Was we\u00adder ein BWL-Studium noch ein MBA-Kurs beantworten k\u00f6nnen, findet der Leser in dieser Reihe: Antworten auf die Frage zu Stra\u00adtegie, Struktur und Kultur, der Unterneh\u00admens\u00adpolitik, den Pro\u00adble\u00admen und Chancen durch Kom\u00adple\u00adxit\u00e4t, den Aufgaben der In\u00adfor\u00admation, Kommu\u00adni\u00adkation, Steuerung und Regulierung, zu erfolg\u00adrei\u00adcher Innovation und si\u00adcher voll\u00adzogenem Wandel. Prof. Dr. Fred\u00admund Malik publiziert hier erstmals das ganz\u00adheitliche System seiner Er\u00adkennt\u00adnisse, sei\u00adnes Wissens und Hand\u00adwerks\u00adzeugs f\u00fcr Professio\u00adna\u00adlit\u00e4t im Ma\u00adnagement.<\/p>\n<\/div>\n<\/div>\n<\/div>\n<\/div>\n<\/div>\n<\/div>\n<\/div>\n","protected":false},"excerpt":{"rendered":"<p>Management: Das A und O des Handwerks Erster Band der Reihe &#8222;Management: Komplexit\u00e4t meistern&#8220; Financial Times Deutschland Managementvordenker Malik zeigt sich provokativ: &#8222;Managen ist ein Handwerk und l\u00e4sst sich lernen &#8211; auf einen MBA oder ein BWL-Stu\u00addium darf dabei getrost ver\u00adzichtet werden.&#8220; Wirtschaftswoche:\u00a0&#8222;Eines der besten Management\u00adb\u00fccher. Das Buch enth\u00e4lt kluge und ungew\u00f6hnliche Gedanken.&#8220; S\u00fcddeutsche Zeitung\u00a0&#8222;Malik findet Geh\u00f6r, denn noch nie  [&#8230;]<\/p>\n","protected":false},"author":17,"featured_media":0,"parent":16955,"menu_order":0,"comment_status":"closed","ping_status":"closed","template":"side-navigation.php","meta":{"_acf_changed":false,"_bbp_topic_count":0,"_bbp_reply_count":0,"_bbp_total_topic_count":0,"_bbp_total_reply_count":0,"_bbp_voice_count":0,"_bbp_anonymous_reply_count":0,"_bbp_topic_count_hidden":0,"_bbp_reply_count_hidden":0,"_bbp_forum_subforum_count":0,"footnotes":""},"class_list":["post-23023","page","type-page","status-publish","hentry"],"acf":[],"yoast_head":"<!-- This site is optimized with the Yoast SEO plugin v26.4 - https:\/\/yoast.com\/wordpress\/plugins\/seo\/ -->\n<title>Management: Das A und O des Handwerks - Malik Management<\/title>\n<meta name=\"robots\" content=\"index, follow, max-snippet:-1, max-image-preview:large, max-video-preview:-1\" \/>\n<link rel=\"canonical\" href=\"https:\/\/www.malik-management.com\/de\/ueber-uns\/publikationen\/malik-buecher\/management-the-essence-of-the-craft\/\" \/>\n<meta property=\"og:locale\" content=\"de_DE\" \/>\n<meta property=\"og:type\" content=\"article\" \/>\n<meta property=\"og:title\" content=\"Management: Das A und O des Handwerks - Malik Management\" \/>\n<meta property=\"og:description\" content=\"Management: Das A und O des Handwerks Erster Band der Reihe &#8222;Management: Komplexit\u00e4t meistern&#8220; Financial Times Deutschland Managementvordenker Malik zeigt sich provokativ: &#8222;Managen ist ein Handwerk und l\u00e4sst sich lernen &#8211; auf einen MBA oder ein BWL-Stu\u00addium darf dabei getrost ver\u00adzichtet werden.&#8220; Wirtschaftswoche:\u00a0&#8222;Eines der besten Management\u00adb\u00fccher. Das Buch enth\u00e4lt kluge und ungew\u00f6hnliche Gedanken.&#8220; S\u00fcddeutsche Zeitung\u00a0&#8222;Malik findet Geh\u00f6r, denn noch nie [...]\" \/>\n<meta property=\"og:url\" content=\"https:\/\/www.malik-management.com\/de\/ueber-uns\/publikationen\/malik-buecher\/management-the-essence-of-the-craft\/\" \/>\n<meta property=\"og:site_name\" content=\"Malik Management\" \/>\n<meta property=\"article:modified_time\" content=\"2018-10-31T13:51:06+00:00\" \/>\n<meta property=\"og:image\" content=\"http:\/\/archived.malik-management.com\/website\/var\/tmp\/image-thumbnails\/0\/7574\/thumb__image_text\/malik-buecher-a-und-o-des-handwerks-neuauflage-236x200.png\" \/>\n<meta name=\"twitter:card\" content=\"summary_large_image\" \/>\n<meta name=\"twitter:label1\" content=\"Gesch\u00e4tzte Lesezeit\" \/>\n\t<meta name=\"twitter:data1\" content=\"1\u00a0Minute\" \/>\n<script type=\"application\/ld+json\" class=\"yoast-schema-graph\">{\"@context\":\"https:\/\/schema.org\",\"@graph\":[{\"@type\":\"WebPage\",\"@id\":\"https:\/\/www.malik-management.com\/de\/ueber-uns\/publikationen\/malik-buecher\/management-the-essence-of-the-craft\/\",\"url\":\"https:\/\/www.malik-management.com\/de\/ueber-uns\/publikationen\/malik-buecher\/management-the-essence-of-the-craft\/\",\"name\":\"Management: Das A und O des Handwerks - Malik Management\",\"isPartOf\":{\"@id\":\"https:\/\/www.malik-management.com\/de\/#website\"},\"primaryImageOfPage\":{\"@id\":\"https:\/\/www.malik-management.com\/de\/ueber-uns\/publikationen\/malik-buecher\/management-the-essence-of-the-craft\/#primaryimage\"},\"image\":{\"@id\":\"https:\/\/www.malik-management.com\/de\/ueber-uns\/publikationen\/malik-buecher\/management-the-essence-of-the-craft\/#primaryimage\"},\"thumbnailUrl\":\"http:\/\/archived.malik-management.com\/website\/var\/tmp\/image-thumbnails\/0\/7574\/thumb__image_text\/malik-buecher-a-und-o-des-handwerks-neuauflage-236x200.png\",\"datePublished\":\"2018-10-31T13:42:42+00:00\",\"dateModified\":\"2018-10-31T13:51:06+00:00\",\"breadcrumb\":{\"@id\":\"https:\/\/www.malik-management.com\/de\/ueber-uns\/publikationen\/malik-buecher\/management-the-essence-of-the-craft\/#breadcrumb\"},\"inLanguage\":\"de\",\"potentialAction\":[{\"@type\":\"ReadAction\",\"target\":[\"https:\/\/www.malik-management.com\/de\/ueber-uns\/publikationen\/malik-buecher\/management-the-essence-of-the-craft\/\"]}]},{\"@type\":\"ImageObject\",\"inLanguage\":\"de\",\"@id\":\"https:\/\/www.malik-management.com\/de\/ueber-uns\/publikationen\/malik-buecher\/management-the-essence-of-the-craft\/#primaryimage\",\"url\":\"http:\/\/archived.malik-management.com\/website\/var\/tmp\/image-thumbnails\/0\/7574\/thumb__image_text\/malik-buecher-a-und-o-des-handwerks-neuauflage-236x200.png\",\"contentUrl\":\"http:\/\/archived.malik-management.com\/website\/var\/tmp\/image-thumbnails\/0\/7574\/thumb__image_text\/malik-buecher-a-und-o-des-handwerks-neuauflage-236x200.png\"},{\"@type\":\"BreadcrumbList\",\"@id\":\"https:\/\/www.malik-management.com\/de\/ueber-uns\/publikationen\/malik-buecher\/management-the-essence-of-the-craft\/#breadcrumb\",\"itemListElement\":[{\"@type\":\"ListItem\",\"position\":1,\"name\":\"Home\",\"item\":\"https:\/\/www.malik-management.com\/de\/\"},{\"@type\":\"ListItem\",\"position\":2,\"name\":\"\u00dcber uns\",\"item\":\"https:\/\/www.malik-management.com\/de\/ueber-uns\/\"},{\"@type\":\"ListItem\",\"position\":3,\"name\":\"Publikationen\",\"item\":\"https:\/\/www.malik-management.com\/de\/ueber-uns\/publikationen\/\"},{\"@type\":\"ListItem\",\"position\":4,\"name\":\"Malik B\u00fccher\",\"item\":\"https:\/\/www.malik-management.com\/de\/ueber-uns\/publikationen\/malik-buecher\/\"},{\"@type\":\"ListItem\",\"position\":5,\"name\":\"Management: Das A und O des Handwerks\"}]},{\"@type\":\"WebSite\",\"@id\":\"https:\/\/www.malik-management.com\/de\/#website\",\"url\":\"https:\/\/www.malik-management.com\/de\/\",\"name\":\"Malik Management\",\"description\":\"Beyond conventional management\",\"publisher\":{\"@id\":\"https:\/\/www.malik-management.com\/de\/#organization\"},\"potentialAction\":[{\"@type\":\"SearchAction\",\"target\":{\"@type\":\"EntryPoint\",\"urlTemplate\":\"https:\/\/www.malik-management.com\/de\/?s={search_term_string}\"},\"query-input\":{\"@type\":\"PropertyValueSpecification\",\"valueRequired\":true,\"valueName\":\"search_term_string\"}}],\"inLanguage\":\"de\"},{\"@type\":\"Organization\",\"@id\":\"https:\/\/www.malik-management.com\/de\/#organization\",\"name\":\"malik international AG\",\"url\":\"https:\/\/www.malik-management.com\/de\/\",\"logo\":{\"@type\":\"ImageObject\",\"inLanguage\":\"de\",\"@id\":\"https:\/\/www.malik-management.com\/de\/#\/schema\/logo\/image\/\",\"url\":\"https:\/\/www.malik-management.com\/wp-content\/uploads\/2018\/09\/Logo_malik_weiss-klein3.png\",\"contentUrl\":\"https:\/\/www.malik-management.com\/wp-content\/uploads\/2018\/09\/Logo_malik_weiss-klein3.png\",\"width\":140,\"height\":41,\"caption\":\"malik international AG\"},\"image\":{\"@id\":\"https:\/\/www.malik-management.com\/de\/#\/schema\/logo\/image\/\"},\"sameAs\":[\"https:\/\/www.linkedin.com\/company\/30160\",\"https:\/\/www.youtube.com\/user\/malikmanagement\"]}]}<\/script>\n<!-- \/ Yoast SEO plugin. -->","yoast_head_json":{"title":"Management: Das A und O des Handwerks - Malik Management","robots":{"index":"index","follow":"follow","max-snippet":"max-snippet:-1","max-image-preview":"max-image-preview:large","max-video-preview":"max-video-preview:-1"},"canonical":"https:\/\/www.malik-management.com\/de\/ueber-uns\/publikationen\/malik-buecher\/management-the-essence-of-the-craft\/","og_locale":"de_DE","og_type":"article","og_title":"Management: Das A und O des Handwerks - Malik Management","og_description":"Management: Das A und O des Handwerks Erster Band der Reihe &#8222;Management: Komplexit\u00e4t meistern&#8220; Financial Times Deutschland Managementvordenker Malik zeigt sich provokativ: &#8222;Managen ist ein Handwerk und l\u00e4sst sich lernen &#8211; auf einen MBA oder ein BWL-Stu\u00addium darf dabei getrost ver\u00adzichtet werden.&#8220; Wirtschaftswoche:\u00a0&#8222;Eines der besten Management\u00adb\u00fccher. Das Buch enth\u00e4lt kluge und ungew\u00f6hnliche Gedanken.&#8220; S\u00fcddeutsche Zeitung\u00a0&#8222;Malik findet Geh\u00f6r, denn noch nie [...]","og_url":"https:\/\/www.malik-management.com\/de\/ueber-uns\/publikationen\/malik-buecher\/management-the-essence-of-the-craft\/","og_site_name":"Malik Management","article_modified_time":"2018-10-31T13:51:06+00:00","og_image":[{"url":"http:\/\/archived.malik-management.com\/website\/var\/tmp\/image-thumbnails\/0\/7574\/thumb__image_text\/malik-buecher-a-und-o-des-handwerks-neuauflage-236x200.png","type":"","width":"","height":""}],"twitter_card":"summary_large_image","twitter_misc":{"Gesch\u00e4tzte Lesezeit":"1\u00a0Minute"},"schema":{"@context":"https:\/\/schema.org","@graph":[{"@type":"WebPage","@id":"https:\/\/www.malik-management.com\/de\/ueber-uns\/publikationen\/malik-buecher\/management-the-essence-of-the-craft\/","url":"https:\/\/www.malik-management.com\/de\/ueber-uns\/publikationen\/malik-buecher\/management-the-essence-of-the-craft\/","name":"Management: Das A und O des Handwerks - Malik Management","isPartOf":{"@id":"https:\/\/www.malik-management.com\/de\/#website"},"primaryImageOfPage":{"@id":"https:\/\/www.malik-management.com\/de\/ueber-uns\/publikationen\/malik-buecher\/management-the-essence-of-the-craft\/#primaryimage"},"image":{"@id":"https:\/\/www.malik-management.com\/de\/ueber-uns\/publikationen\/malik-buecher\/management-the-essence-of-the-craft\/#primaryimage"},"thumbnailUrl":"http:\/\/archived.malik-management.com\/website\/var\/tmp\/image-thumbnails\/0\/7574\/thumb__image_text\/malik-buecher-a-und-o-des-handwerks-neuauflage-236x200.png","datePublished":"2018-10-31T13:42:42+00:00","dateModified":"2018-10-31T13:51:06+00:00","breadcrumb":{"@id":"https:\/\/www.malik-management.com\/de\/ueber-uns\/publikationen\/malik-buecher\/management-the-essence-of-the-craft\/#breadcrumb"},"inLanguage":"de","potentialAction":[{"@type":"ReadAction","target":["https:\/\/www.malik-management.com\/de\/ueber-uns\/publikationen\/malik-buecher\/management-the-essence-of-the-craft\/"]}]},{"@type":"ImageObject","inLanguage":"de","@id":"https:\/\/www.malik-management.com\/de\/ueber-uns\/publikationen\/malik-buecher\/management-the-essence-of-the-craft\/#primaryimage","url":"http:\/\/archived.malik-management.com\/website\/var\/tmp\/image-thumbnails\/0\/7574\/thumb__image_text\/malik-buecher-a-und-o-des-handwerks-neuauflage-236x200.png","contentUrl":"http:\/\/archived.malik-management.com\/website\/var\/tmp\/image-thumbnails\/0\/7574\/thumb__image_text\/malik-buecher-a-und-o-des-handwerks-neuauflage-236x200.png"},{"@type":"BreadcrumbList","@id":"https:\/\/www.malik-management.com\/de\/ueber-uns\/publikationen\/malik-buecher\/management-the-essence-of-the-craft\/#breadcrumb","itemListElement":[{"@type":"ListItem","position":1,"name":"Home","item":"https:\/\/www.malik-management.com\/de\/"},{"@type":"ListItem","position":2,"name":"\u00dcber uns","item":"https:\/\/www.malik-management.com\/de\/ueber-uns\/"},{"@type":"ListItem","position":3,"name":"Publikationen","item":"https:\/\/www.malik-management.com\/de\/ueber-uns\/publikationen\/"},{"@type":"ListItem","position":4,"name":"Malik B\u00fccher","item":"https:\/\/www.malik-management.com\/de\/ueber-uns\/publikationen\/malik-buecher\/"},{"@type":"ListItem","position":5,"name":"Management: Das A und O des Handwerks"}]},{"@type":"WebSite","@id":"https:\/\/www.malik-management.com\/de\/#website","url":"https:\/\/www.malik-management.com\/de\/","name":"Malik Management","description":"Beyond conventional management","publisher":{"@id":"https:\/\/www.malik-management.com\/de\/#organization"},"potentialAction":[{"@type":"SearchAction","target":{"@type":"EntryPoint","urlTemplate":"https:\/\/www.malik-management.com\/de\/?s={search_term_string}"},"query-input":{"@type":"PropertyValueSpecification","valueRequired":true,"valueName":"search_term_string"}}],"inLanguage":"de"},{"@type":"Organization","@id":"https:\/\/www.malik-management.com\/de\/#organization","name":"malik international AG","url":"https:\/\/www.malik-management.com\/de\/","logo":{"@type":"ImageObject","inLanguage":"de","@id":"https:\/\/www.malik-management.com\/de\/#\/schema\/logo\/image\/","url":"https:\/\/www.malik-management.com\/wp-content\/uploads\/2018\/09\/Logo_malik_weiss-klein3.png","contentUrl":"https:\/\/www.malik-management.com\/wp-content\/uploads\/2018\/09\/Logo_malik_weiss-klein3.png","width":140,"height":41,"caption":"malik international AG"},"image":{"@id":"https:\/\/www.malik-management.com\/de\/#\/schema\/logo\/image\/"},"sameAs":["https:\/\/www.linkedin.com\/company\/30160","https:\/\/www.youtube.com\/user\/malikmanagement"]}]}},"_links":{"self":[{"href":"https:\/\/www.malik-management.com\/de\/wp-json\/wp\/v2\/pages\/23023","targetHints":{"allow":["GET"]}}],"collection":[{"href":"https:\/\/www.malik-management.com\/de\/wp-json\/wp\/v2\/pages"}],"about":[{"href":"https:\/\/www.malik-management.com\/de\/wp-json\/wp\/v2\/types\/page"}],"author":[{"embeddable":true,"href":"https:\/\/www.malik-management.com\/de\/wp-json\/wp\/v2\/users\/17"}],"replies":[{"embeddable":true,"href":"https:\/\/www.malik-management.com\/de\/wp-json\/wp\/v2\/comments?post=23023"}],"version-history":[{"count":7,"href":"https:\/\/www.malik-management.com\/de\/wp-json\/wp\/v2\/pages\/23023\/revisions"}],"predecessor-version":[{"id":23027,"href":"https:\/\/www.malik-management.com\/de\/wp-json\/wp\/v2\/pages\/23023\/revisions\/23027"}],"up":[{"embeddable":true,"href":"https:\/\/www.malik-management.com\/de\/wp-json\/wp\/v2\/pages\/16955"}],"wp:attachment":[{"href":"https:\/\/www.malik-management.com\/de\/wp-json\/wp\/v2\/media?parent=23023"}],"curies":[{"name":"wp","href":"https:\/\/api.w.org\/{rel}","templated":true}]}}