{"id":23044,"date":"2018-10-31T13:59:03","date_gmt":"2018-10-31T13:59:03","guid":{"rendered":"https:\/\/www.malik-management.com\/ueber-uns\/publikationen\/malik-buecher\/strategie\/"},"modified":"2018-10-31T14:14:26","modified_gmt":"2018-10-31T14:14:26","slug":"strategie","status":"publish","type":"page","link":"https:\/\/www.malik-management.com\/de\/ueber-uns\/publikationen\/malik-buecher\/strategie\/","title":{"rendered":"Strategie"},"content":{"rendered":"<div id=\"wrapper-re-top\">\n<div id=\"wrapper-img-top\">\n<div id=\"insign\">\n<div id=\"wrapper-content\" class=\"wrappter-cms\">\n<div id=\"content\">\n<div id=\"content-center\">\n<h3>Strategie<\/h3>\n<div class=\"block-element block-element-default\">\n<p><strong>Navigieren in der Komplexit\u00e4t der Neuen Welt<\/strong><\/p>\n<div class=\"image left\"><a class=\"fancybox\" href=\"http:\/\/archived.malik-management.com\/website\/var\/tmp\/image-thumbnails\/0\/7577\/thumb__image_text_zoom\/malik-buecher-strategie-neuauflage-800x600.png\"><img decoding=\"async\" class=\"\" title=\"Strategie - Navigieren in der Komplexit\u00e4t der Neuen Welt\" src=\"http:\/\/archived.malik-management.com\/website\/var\/tmp\/image-thumbnails\/0\/7576\/thumb__image_text\/malik-buecher-strategie-neuauflage-236x200.png\" alt=\"Strategie - Navigieren in der Komplexit\u00e4t der Neuen Welt\" width=\"282\" height=\"239\" \/> <\/a><\/div>\n<p>Das neueste Buch in Maliks Reihe <em>&#8222;Management: Komplexit\u00e4t meistern&#8220; <\/em>eroberte in Rekordzeit die Topseller-Liste bei Amazon und war bereits drei Wochen nach Erscheinungstermin unter den TopTen der Wirtschaftsb\u00fccher. Es ist Band 3 von Maliks umfassender Reihe und erschien am 10.09.2013 bereits in 2. Auflage.<\/p>\n<p><strong>Aktuelle Rezensionen<\/strong><\/p>\n<p>&#8222;<em>Der St. Galler Manage\u00adment\u00adgu\u00adru Fredmund Malik rechnet bru\u00adtal mit den g\u00e4ngigen Manage\u00adment\u00adweisheiten der vergan\u00adge\u00adnen Jahrzehnte ab. Sein Radikal\u00adur\u00adteil: &#8218;Die herk\u00f6mmlichen Ma\u00adnage\u00admentsysteme sind der Kom\u00adplexit\u00e4t nicht mehr gewach\u00adsen.&#8216; Erst recht nicht in der Zukunft, denn er sieht auf die Un\u00adter\u00adneh\u00admen gewaltige Heraus\u00adfor\u00adde\u00adrun\u00adgen zukommen.<\/em>&#8220; &#8211; <strong><a href=\"http:\/\/archived.malik-management.com\/de\/pdf\/publikationen\/handelsblatt-die-magie-des-guru-01-2011.pdf\" target=\"_blank\" rel=\"noopener\">Handelsblatt<\/a>, Januar 2011<\/strong><\/p>\n<p><em>&#8222;Fredmund Malik r\u00e4umt mal wieder mit verbreiteten Vorurteilen auf und macht anhand vieler Beispiele klar, wie man ein Unternehmen am besten f\u00fchrt.&#8220;<\/em> &#8211; <strong><a href=\"http:\/\/archived.malik-management.com\/de\/pdf\/publikationen\/get-abstract-rezension-strategie-08-04-2011.pdf\" target=\"_blank\" rel=\"noopener\">getAbstract.de<\/a>, April 2011<\/strong><\/p>\n<p><strong>Zum Inhalt<\/strong><\/p>\n<p>Was ist eine richtige und ro\u00adbus\u00adte Strategie im 21. Jahr\u00adhun\u00addert? In seinem neuen Werk beantwortet Fredmund Malik diese zen\u00adtra\u00adle Management\u00adfra\u00adge f\u00fcr den \u00dcbergang von der Alten Welt zur Neuen Welt<\/p>\n<p>Nur mit der richtigen Strategie lassen sich heute die Entscheidungen tref\u00adfen, die morgen den vertei\u00addi\u00adgungs\u00adf\u00e4higen Marktanteil sichern und ein Unter\u00adneh\u00admen vor dem Un\u00adtergang bewahren. Die Kern\u00adauf\u00adgabe strategischer F\u00fch\u00adrung besteht nicht in Gewinnmaxi\u00admie\u00adrung, sondern darin, die langfris\u00adti\u00adge Exis\u00adtenz\u00adf\u00e4higkeit des Un\u00adter\u00adneh\u00admens, seinen langfristigen Er\u00adfolg und seine um\u00adfas\u00adsende Kon\u00adkurrenzf\u00e4higkeit sicher zu stel\u00adlen. Fredmund Malik definiert im dritten Band seines Mo\u00addul\u00adsys\u00adtems &#8222;Management: Komplexit\u00e4t meistern&#8220;, was Strategie im 21. Jahrhundert bedeutet und r\u00e4umt mit fatalen Irrt\u00fcmern auf.<\/p>\n<p>Er macht klar, wie streng man strategische von operativen Aufgaben tren\u00adnen muss, und entwirft ein Navigationssystem, mit dem F\u00fchrungskr\u00e4fte die richtige Stra\u00adtegie f\u00fcr ihr Unternehmen entwickeln. Was leistet eine gute Strategie? Was m\u00fcssen F\u00fchrungskr\u00e4fte zu einer richtigen Strategie bei\u00adtra\u00adgen? Wie setzt man Innovationen um? Wie quantifiziert man die Strategie zuverl\u00e4ssig? Malik bietet Antworten auf diese und viele weitere Fragen. Das Werk enth\u00e4lt eine systematische Erl\u00e4uterung, wie man die richtige Strategie f\u00fcr eine unbekannte Zukunft entwickelt und was die Erfolgsfaktoren f\u00fcr das heutige und das Gesch\u00e4ft von morgen sind. Malik bietet revolution\u00e4r neue Ma\u00dfnahmen und Managementmethoden, mit denen man dem Wandel immer einen Schritt voraus ist.<\/p>\n<p><strong>Weitere Info zu einem der Schl\u00fcsselthemen des Buches: PIMS\u00ae &#8211; Weltweit gr\u00f6sste Datenbank f\u00fcr das Strategische Navigieren<\/strong><\/p>\n<ol>\n<li>Der Unterschied zwischen gutem und schlechtem Benchmarking<\/li>\n<li>Welche\u00a0neun fundamentalen Ergebnisse zur Business Strategy nach der Studie von \u00fcber 4000 Unternehmen in der PIMS\u00ae-Datenbank auch heute noch gelten und beachtet werden m\u00fcssen<\/li>\n<li>Der essentielle, erste Schritt um\u00a0bestm\u00f6gliche Resultate anzusteuern und elementare Massnahmen richtig zu priorisieren<\/li>\n<\/ol>\n<\/div>\n<\/div>\n<\/div>\n<\/div>\n<\/div>\n<\/div>\n<\/div>\n","protected":false},"excerpt":{"rendered":"<p>Strategie Navigieren in der Komplexit\u00e4t der Neuen Welt Das neueste Buch in Maliks Reihe &#8222;Management: Komplexit\u00e4t meistern&#8220; eroberte in Rekordzeit die Topseller-Liste bei Amazon und war bereits drei Wochen nach Erscheinungstermin unter den TopTen der Wirtschaftsb\u00fccher. Es ist Band 3 von Maliks umfassender Reihe und erschien am 10.09.2013 bereits in 2. Auflage. Aktuelle Rezensionen &#8222;Der St. Galler Manage\u00adment\u00adgu\u00adru Fredmund Malik  [&#8230;]<\/p>\n","protected":false},"author":17,"featured_media":0,"parent":16955,"menu_order":0,"comment_status":"closed","ping_status":"closed","template":"side-navigation.php","meta":{"_acf_changed":false,"_bbp_topic_count":0,"_bbp_reply_count":0,"_bbp_total_topic_count":0,"_bbp_total_reply_count":0,"_bbp_voice_count":0,"_bbp_anonymous_reply_count":0,"_bbp_topic_count_hidden":0,"_bbp_reply_count_hidden":0,"_bbp_forum_subforum_count":0,"footnotes":""},"class_list":["post-23044","page","type-page","status-publish","hentry"],"acf":[],"yoast_head":"<!-- This site is optimized with the Yoast SEO plugin v26.4 - https:\/\/yoast.com\/wordpress\/plugins\/seo\/ -->\n<title>Strategie - Malik Management<\/title>\n<meta name=\"robots\" content=\"index, follow, max-snippet:-1, max-image-preview:large, max-video-preview:-1\" \/>\n<link rel=\"canonical\" href=\"https:\/\/www.malik-management.com\/de\/ueber-uns\/publikationen\/malik-buecher\/strategie\/\" \/>\n<meta property=\"og:locale\" content=\"de_DE\" \/>\n<meta property=\"og:type\" content=\"article\" \/>\n<meta property=\"og:title\" content=\"Strategie - Malik Management\" \/>\n<meta property=\"og:description\" content=\"Strategie Navigieren in der Komplexit\u00e4t der Neuen Welt Das neueste Buch in Maliks Reihe &#8222;Management: Komplexit\u00e4t meistern&#8220; eroberte in Rekordzeit die Topseller-Liste bei Amazon und war bereits drei Wochen nach Erscheinungstermin unter den TopTen der Wirtschaftsb\u00fccher. Es ist Band 3 von Maliks umfassender Reihe und erschien am 10.09.2013 bereits in 2. Auflage. Aktuelle Rezensionen &#8222;Der St. Galler Manage\u00adment\u00adgu\u00adru Fredmund Malik [...]\" \/>\n<meta property=\"og:url\" content=\"https:\/\/www.malik-management.com\/de\/ueber-uns\/publikationen\/malik-buecher\/strategie\/\" \/>\n<meta property=\"og:site_name\" content=\"Malik Management\" \/>\n<meta property=\"article:modified_time\" content=\"2018-10-31T14:14:26+00:00\" \/>\n<meta property=\"og:image\" content=\"http:\/\/archived.malik-management.com\/website\/var\/tmp\/image-thumbnails\/0\/7576\/thumb__image_text\/malik-buecher-strategie-neuauflage-236x200.png\" \/>\n<meta name=\"twitter:card\" content=\"summary_large_image\" \/>\n<meta name=\"twitter:label1\" content=\"Gesch\u00e4tzte Lesezeit\" \/>\n\t<meta name=\"twitter:data1\" content=\"2\u00a0Minuten\" \/>\n<script type=\"application\/ld+json\" class=\"yoast-schema-graph\">{\"@context\":\"https:\/\/schema.org\",\"@graph\":[{\"@type\":\"WebPage\",\"@id\":\"https:\/\/www.malik-management.com\/de\/ueber-uns\/publikationen\/malik-buecher\/strategie\/\",\"url\":\"https:\/\/www.malik-management.com\/de\/ueber-uns\/publikationen\/malik-buecher\/strategie\/\",\"name\":\"Strategie - Malik Management\",\"isPartOf\":{\"@id\":\"https:\/\/www.malik-management.com\/de\/#website\"},\"primaryImageOfPage\":{\"@id\":\"https:\/\/www.malik-management.com\/de\/ueber-uns\/publikationen\/malik-buecher\/strategie\/#primaryimage\"},\"image\":{\"@id\":\"https:\/\/www.malik-management.com\/de\/ueber-uns\/publikationen\/malik-buecher\/strategie\/#primaryimage\"},\"thumbnailUrl\":\"http:\/\/archived.malik-management.com\/website\/var\/tmp\/image-thumbnails\/0\/7576\/thumb__image_text\/malik-buecher-strategie-neuauflage-236x200.png\",\"datePublished\":\"2018-10-31T13:59:03+00:00\",\"dateModified\":\"2018-10-31T14:14:26+00:00\",\"breadcrumb\":{\"@id\":\"https:\/\/www.malik-management.com\/de\/ueber-uns\/publikationen\/malik-buecher\/strategie\/#breadcrumb\"},\"inLanguage\":\"de\",\"potentialAction\":[{\"@type\":\"ReadAction\",\"target\":[\"https:\/\/www.malik-management.com\/de\/ueber-uns\/publikationen\/malik-buecher\/strategie\/\"]}]},{\"@type\":\"ImageObject\",\"inLanguage\":\"de\",\"@id\":\"https:\/\/www.malik-management.com\/de\/ueber-uns\/publikationen\/malik-buecher\/strategie\/#primaryimage\",\"url\":\"http:\/\/archived.malik-management.com\/website\/var\/tmp\/image-thumbnails\/0\/7576\/thumb__image_text\/malik-buecher-strategie-neuauflage-236x200.png\",\"contentUrl\":\"http:\/\/archived.malik-management.com\/website\/var\/tmp\/image-thumbnails\/0\/7576\/thumb__image_text\/malik-buecher-strategie-neuauflage-236x200.png\"},{\"@type\":\"BreadcrumbList\",\"@id\":\"https:\/\/www.malik-management.com\/de\/ueber-uns\/publikationen\/malik-buecher\/strategie\/#breadcrumb\",\"itemListElement\":[{\"@type\":\"ListItem\",\"position\":1,\"name\":\"Home\",\"item\":\"https:\/\/www.malik-management.com\/de\/\"},{\"@type\":\"ListItem\",\"position\":2,\"name\":\"\u00dcber uns\",\"item\":\"https:\/\/www.malik-management.com\/de\/ueber-uns\/\"},{\"@type\":\"ListItem\",\"position\":3,\"name\":\"Publikationen\",\"item\":\"https:\/\/www.malik-management.com\/de\/ueber-uns\/publikationen\/\"},{\"@type\":\"ListItem\",\"position\":4,\"name\":\"Malik B\u00fccher\",\"item\":\"https:\/\/www.malik-management.com\/de\/ueber-uns\/publikationen\/malik-buecher\/\"},{\"@type\":\"ListItem\",\"position\":5,\"name\":\"Strategie\"}]},{\"@type\":\"WebSite\",\"@id\":\"https:\/\/www.malik-management.com\/de\/#website\",\"url\":\"https:\/\/www.malik-management.com\/de\/\",\"name\":\"Malik Management\",\"description\":\"Beyond conventional management\",\"publisher\":{\"@id\":\"https:\/\/www.malik-management.com\/de\/#organization\"},\"potentialAction\":[{\"@type\":\"SearchAction\",\"target\":{\"@type\":\"EntryPoint\",\"urlTemplate\":\"https:\/\/www.malik-management.com\/de\/?s={search_term_string}\"},\"query-input\":{\"@type\":\"PropertyValueSpecification\",\"valueRequired\":true,\"valueName\":\"search_term_string\"}}],\"inLanguage\":\"de\"},{\"@type\":\"Organization\",\"@id\":\"https:\/\/www.malik-management.com\/de\/#organization\",\"name\":\"malik international AG\",\"url\":\"https:\/\/www.malik-management.com\/de\/\",\"logo\":{\"@type\":\"ImageObject\",\"inLanguage\":\"de\",\"@id\":\"https:\/\/www.malik-management.com\/de\/#\/schema\/logo\/image\/\",\"url\":\"https:\/\/www.malik-management.com\/wp-content\/uploads\/2018\/09\/Logo_malik_weiss-klein3.png\",\"contentUrl\":\"https:\/\/www.malik-management.com\/wp-content\/uploads\/2018\/09\/Logo_malik_weiss-klein3.png\",\"width\":140,\"height\":41,\"caption\":\"malik international AG\"},\"image\":{\"@id\":\"https:\/\/www.malik-management.com\/de\/#\/schema\/logo\/image\/\"},\"sameAs\":[\"https:\/\/www.linkedin.com\/company\/30160\",\"https:\/\/www.youtube.com\/user\/malikmanagement\"]}]}<\/script>\n<!-- \/ Yoast SEO plugin. -->","yoast_head_json":{"title":"Strategie - Malik Management","robots":{"index":"index","follow":"follow","max-snippet":"max-snippet:-1","max-image-preview":"max-image-preview:large","max-video-preview":"max-video-preview:-1"},"canonical":"https:\/\/www.malik-management.com\/de\/ueber-uns\/publikationen\/malik-buecher\/strategie\/","og_locale":"de_DE","og_type":"article","og_title":"Strategie - Malik Management","og_description":"Strategie Navigieren in der Komplexit\u00e4t der Neuen Welt Das neueste Buch in Maliks Reihe &#8222;Management: Komplexit\u00e4t meistern&#8220; eroberte in Rekordzeit die Topseller-Liste bei Amazon und war bereits drei Wochen nach Erscheinungstermin unter den TopTen der Wirtschaftsb\u00fccher. Es ist Band 3 von Maliks umfassender Reihe und erschien am 10.09.2013 bereits in 2. Auflage. Aktuelle Rezensionen &#8222;Der St. Galler Manage\u00adment\u00adgu\u00adru Fredmund Malik [...]","og_url":"https:\/\/www.malik-management.com\/de\/ueber-uns\/publikationen\/malik-buecher\/strategie\/","og_site_name":"Malik Management","article_modified_time":"2018-10-31T14:14:26+00:00","og_image":[{"url":"http:\/\/archived.malik-management.com\/website\/var\/tmp\/image-thumbnails\/0\/7576\/thumb__image_text\/malik-buecher-strategie-neuauflage-236x200.png","type":"","width":"","height":""}],"twitter_card":"summary_large_image","twitter_misc":{"Gesch\u00e4tzte Lesezeit":"2\u00a0Minuten"},"schema":{"@context":"https:\/\/schema.org","@graph":[{"@type":"WebPage","@id":"https:\/\/www.malik-management.com\/de\/ueber-uns\/publikationen\/malik-buecher\/strategie\/","url":"https:\/\/www.malik-management.com\/de\/ueber-uns\/publikationen\/malik-buecher\/strategie\/","name":"Strategie - Malik Management","isPartOf":{"@id":"https:\/\/www.malik-management.com\/de\/#website"},"primaryImageOfPage":{"@id":"https:\/\/www.malik-management.com\/de\/ueber-uns\/publikationen\/malik-buecher\/strategie\/#primaryimage"},"image":{"@id":"https:\/\/www.malik-management.com\/de\/ueber-uns\/publikationen\/malik-buecher\/strategie\/#primaryimage"},"thumbnailUrl":"http:\/\/archived.malik-management.com\/website\/var\/tmp\/image-thumbnails\/0\/7576\/thumb__image_text\/malik-buecher-strategie-neuauflage-236x200.png","datePublished":"2018-10-31T13:59:03+00:00","dateModified":"2018-10-31T14:14:26+00:00","breadcrumb":{"@id":"https:\/\/www.malik-management.com\/de\/ueber-uns\/publikationen\/malik-buecher\/strategie\/#breadcrumb"},"inLanguage":"de","potentialAction":[{"@type":"ReadAction","target":["https:\/\/www.malik-management.com\/de\/ueber-uns\/publikationen\/malik-buecher\/strategie\/"]}]},{"@type":"ImageObject","inLanguage":"de","@id":"https:\/\/www.malik-management.com\/de\/ueber-uns\/publikationen\/malik-buecher\/strategie\/#primaryimage","url":"http:\/\/archived.malik-management.com\/website\/var\/tmp\/image-thumbnails\/0\/7576\/thumb__image_text\/malik-buecher-strategie-neuauflage-236x200.png","contentUrl":"http:\/\/archived.malik-management.com\/website\/var\/tmp\/image-thumbnails\/0\/7576\/thumb__image_text\/malik-buecher-strategie-neuauflage-236x200.png"},{"@type":"BreadcrumbList","@id":"https:\/\/www.malik-management.com\/de\/ueber-uns\/publikationen\/malik-buecher\/strategie\/#breadcrumb","itemListElement":[{"@type":"ListItem","position":1,"name":"Home","item":"https:\/\/www.malik-management.com\/de\/"},{"@type":"ListItem","position":2,"name":"\u00dcber uns","item":"https:\/\/www.malik-management.com\/de\/ueber-uns\/"},{"@type":"ListItem","position":3,"name":"Publikationen","item":"https:\/\/www.malik-management.com\/de\/ueber-uns\/publikationen\/"},{"@type":"ListItem","position":4,"name":"Malik B\u00fccher","item":"https:\/\/www.malik-management.com\/de\/ueber-uns\/publikationen\/malik-buecher\/"},{"@type":"ListItem","position":5,"name":"Strategie"}]},{"@type":"WebSite","@id":"https:\/\/www.malik-management.com\/de\/#website","url":"https:\/\/www.malik-management.com\/de\/","name":"Malik Management","description":"Beyond conventional management","publisher":{"@id":"https:\/\/www.malik-management.com\/de\/#organization"},"potentialAction":[{"@type":"SearchAction","target":{"@type":"EntryPoint","urlTemplate":"https:\/\/www.malik-management.com\/de\/?s={search_term_string}"},"query-input":{"@type":"PropertyValueSpecification","valueRequired":true,"valueName":"search_term_string"}}],"inLanguage":"de"},{"@type":"Organization","@id":"https:\/\/www.malik-management.com\/de\/#organization","name":"malik international AG","url":"https:\/\/www.malik-management.com\/de\/","logo":{"@type":"ImageObject","inLanguage":"de","@id":"https:\/\/www.malik-management.com\/de\/#\/schema\/logo\/image\/","url":"https:\/\/www.malik-management.com\/wp-content\/uploads\/2018\/09\/Logo_malik_weiss-klein3.png","contentUrl":"https:\/\/www.malik-management.com\/wp-content\/uploads\/2018\/09\/Logo_malik_weiss-klein3.png","width":140,"height":41,"caption":"malik international AG"},"image":{"@id":"https:\/\/www.malik-management.com\/de\/#\/schema\/logo\/image\/"},"sameAs":["https:\/\/www.linkedin.com\/company\/30160","https:\/\/www.youtube.com\/user\/malikmanagement"]}]}},"_links":{"self":[{"href":"https:\/\/www.malik-management.com\/de\/wp-json\/wp\/v2\/pages\/23044","targetHints":{"allow":["GET"]}}],"collection":[{"href":"https:\/\/www.malik-management.com\/de\/wp-json\/wp\/v2\/pages"}],"about":[{"href":"https:\/\/www.malik-management.com\/de\/wp-json\/wp\/v2\/types\/page"}],"author":[{"embeddable":true,"href":"https:\/\/www.malik-management.com\/de\/wp-json\/wp\/v2\/users\/17"}],"replies":[{"embeddable":true,"href":"https:\/\/www.malik-management.com\/de\/wp-json\/wp\/v2\/comments?post=23044"}],"version-history":[{"count":9,"href":"https:\/\/www.malik-management.com\/de\/wp-json\/wp\/v2\/pages\/23044\/revisions"}],"predecessor-version":[{"id":23053,"href":"https:\/\/www.malik-management.com\/de\/wp-json\/wp\/v2\/pages\/23044\/revisions\/23053"}],"up":[{"embeddable":true,"href":"https:\/\/www.malik-management.com\/de\/wp-json\/wp\/v2\/pages\/16955"}],"wp:attachment":[{"href":"https:\/\/www.malik-management.com\/de\/wp-json\/wp\/v2\/media?parent=23044"}],"curies":[{"name":"wp","href":"https:\/\/api.w.org\/{rel}","templated":true}]}}