{"id":23507,"date":"2019-01-23T14:56:56","date_gmt":"2019-01-23T14:56:56","guid":{"rendered":"https:\/\/www.malik-management.com\/?page_id=23507"},"modified":"2019-01-23T17:16:10","modified_gmt":"2019-01-23T17:16:10","slug":"malik-institute-for-health-care-management","status":"publish","type":"page","link":"https:\/\/www.malik-management.com\/de\/malik-loesungen\/loesungen-fuer-den-oeffentlichen-bereich\/malik-institute-for-health-care-management\/","title":{"rendered":"Malik Institute for Health Care Management"},"content":{"rendered":"<div class=\"fusion-fullwidth fullwidth-box fusion-builder-row-1 nonhundred-percent-fullwidth non-hundred-percent-height-scrolling\" style=\"--awb-border-radius-top-left:0px;--awb-border-radius-top-right:0px;--awb-border-radius-bottom-right:0px;--awb-border-radius-bottom-left:0px;--awb-flex-wrap:wrap;\" ><div class=\"fusion-builder-row fusion-row\"><div class=\"fusion-layout-column fusion_builder_column fusion-builder-column-0 fusion_builder_column_3_4 3_4 fusion-three-fourth fusion-column-first\" style=\"--awb-bg-size:cover;--awb-margin-bottom:0px;width:74%; margin-right: 4%;\"><div class=\"fusion-column-wrapper fusion-flex-column-wrapper-legacy\"><div class=\"fusion-text fusion-text-1\"><div id=\"content-center\">\n<div class=\"block_element01\">\n<h3><strong>Malik Management-L\u00f6sungen f\u00fcr<\/strong><\/h3>\n<p>\u203a\u00a0Krankenh\u00e4user<br \/>\n\u203a\u00a0Krankenkassen<br \/>\n\u203a\u00a0\u00d6ffentliche Institutionen<br \/>\n\u203a\u00a0Gesundheitsindustrie<\/p>\n<p>Richtiges und Gutes Management ist im Gesundheitssektor zu einem der zentralen Erfolgsfaktoren geworden. Rasanter Wandel, der schnelle medizinische Fortschritt, Fachkr\u00e4ftemangel, Finanzierungsengp\u00e4sse und hohe gesellschaftliche und politische Erwartungen bei begrenzten Ressourcen stellen gewaltige Anforderungen an die Organisationen im Gesundheitswesen. Herk\u00f6mmliche Methoden helfen dabei immer weniger. Der entscheidende Unterschied im zunehmenden Wettbewerb ist kompetentes Management.<\/p>\n<\/div>\n<\/div>\n<\/div><div class=\"fusion-text fusion-text-2\"><p><strong>Aktuelle Malik Health Care-Projekte:<\/strong><\/p>\n<ul>\n<li>F\u00fchrungskr\u00e4fte-Ausbildung in der Pflege an Universit\u00e4tsklinikum<\/li>\n<li>Strategieprojekt an Psychiatrischem Klinikum<\/li>\n<li>Change-Management an kommunaler Verbundklinik<\/li>\n<li>Management-Ausbildung f\u00fcr medizinische F\u00fchrungskr\u00e4fte an Klinik-Verbund (Italien)<\/li>\n<li>F\u00fchrungskr\u00e4fte-Ausbildung f\u00fcr Chef\u00e4rzte und Ober\u00e4rzte an Medizinischer Hochschule<\/li>\n<li>Change-Management an regionalem Klinikverbund (Schweiz)<\/li>\n<li>General Management-Programm f\u00fcr F\u00fchrungskr\u00e4fte in der Pflege an Universit\u00e4tsklinikum<\/li>\n<\/ul>\n<\/div><div class=\"fusion-clearfix\"><\/div><\/div><\/div><div class=\"fusion-layout-column fusion_builder_column fusion-builder-column-1 fusion_builder_column_1_4 1_4 fusion-one-fourth fusion-column-last\" style=\"--awb-bg-size:cover;--awb-margin-bottom:0px;width:22%;\"><div class=\"fusion-column-wrapper fusion-flex-column-wrapper-legacy\"><div class=\"fusion-image-element in-legacy-container\" style=\"--awb-caption-title-font-family:var(--h2_typography-font-family);--awb-caption-title-font-weight:var(--h2_typography-font-weight);--awb-caption-title-font-style:var(--h2_typography-font-style);--awb-caption-title-size:var(--h2_typography-font-size);--awb-caption-title-transform:var(--h2_typography-text-transform);--awb-caption-title-line-height:var(--h2_typography-line-height);--awb-caption-title-letter-spacing:var(--h2_typography-letter-spacing);\"><span class=\" fusion-imageframe imageframe-dropshadow imageframe-1 hover-type-zoomin malik_solutions_main_right_image01\" style=\"-webkit-box-shadow: 3px 3px 7px rgba(0,0,0,0.3);box-shadow: 3px 3px 7px rgba(0,0,0,0.3);\"><a class=\"fusion-no-lightbox\" href=\"\/MMS_EN_Online\/main.html\" target=\"_self\" aria-label=\"Logo_HealthCare_Wordvorlagen\"><img decoding=\"async\" width=\"314\" height=\"68\" src=\"https:\/\/www.malik-management.com\/wp-content\/uploads\/2019\/01\/Logo_HealthCare_Wordvorlagen.jpg\" alt class=\"img-responsive wp-image-23508\" srcset=\"https:\/\/www.malik-management.com\/wp-content\/uploads\/2019\/01\/Logo_HealthCare_Wordvorlagen-200x43.jpg 200w, https:\/\/www.malik-management.com\/wp-content\/uploads\/2019\/01\/Logo_HealthCare_Wordvorlagen.jpg 314w\" sizes=\"(max-width: 800px) 100vw, 314px\" \/><\/a><\/span><\/div><div class=\"fusion-text fusion-text-3\"><p><a href=\"mailto:mihm@mzsg.ch\">Mail<\/a><\/p>\n<\/div><div class=\"fusion-sep-clear\"><\/div><div class=\"fusion-separator fusion-full-width-sep\" style=\"margin-left: auto;margin-right: auto;margin-top:10px;margin-bottom:10px;width:100%;\"><div class=\"fusion-separator-border sep-single sep-solid\" style=\"--awb-height:20px;--awb-amount:20px;--awb-sep-color:#c4c2c2;border-color:#c4c2c2;border-top-width:1px;\"><\/div><\/div><div class=\"fusion-sep-clear\"><\/div><div class=\"fusion-text fusion-text-4\"><div class=\"rightside_links_panel\">\n<h4><strong>Publikationen:<\/strong><\/h4>\n<p><a href=\"https:\/\/www.malik-management.com\/de\/publikationen\/\" target=\"_blank\" rel=\"noopener\">Zur \u00dcbersicht<\/a><\/p>\n<\/div>\n<\/div><div class=\"fusion-clearfix\"><\/div><\/div><\/div><\/div><\/div>\n","protected":false},"excerpt":{"rendered":"","protected":false},"author":17,"featured_media":0,"parent":16797,"menu_order":0,"comment_status":"closed","ping_status":"closed","template":"side-navigation.php","meta":{"_acf_changed":false,"_bbp_topic_count":0,"_bbp_reply_count":0,"_bbp_total_topic_count":0,"_bbp_total_reply_count":0,"_bbp_voice_count":0,"_bbp_anonymous_reply_count":0,"_bbp_topic_count_hidden":0,"_bbp_reply_count_hidden":0,"_bbp_forum_subforum_count":0,"footnotes":""},"class_list":["post-23507","page","type-page","status-publish","hentry"],"acf":[],"yoast_head":"<!-- This site is optimized with the Yoast SEO plugin v26.4 - https:\/\/yoast.com\/wordpress\/plugins\/seo\/ -->\n<title>Malik Institute for Health Care Management - Malik Management<\/title>\n<meta name=\"robots\" content=\"index, follow, max-snippet:-1, max-image-preview:large, max-video-preview:-1\" \/>\n<link rel=\"canonical\" href=\"https:\/\/www.malik-management.com\/de\/malik-loesungen\/loesungen-fuer-den-oeffentlichen-bereich\/malik-institute-for-health-care-management\/\" \/>\n<meta property=\"og:locale\" content=\"de_DE\" \/>\n<meta property=\"og:type\" content=\"article\" \/>\n<meta property=\"og:title\" content=\"Malik Institute for Health Care Management - Malik Management\" \/>\n<meta property=\"og:url\" content=\"https:\/\/www.malik-management.com\/de\/malik-loesungen\/loesungen-fuer-den-oeffentlichen-bereich\/malik-institute-for-health-care-management\/\" \/>\n<meta property=\"og:site_name\" content=\"Malik Management\" \/>\n<meta property=\"article:modified_time\" content=\"2019-01-23T17:16:10+00:00\" \/>\n<meta name=\"twitter:card\" content=\"summary_large_image\" \/>\n<meta name=\"twitter:label1\" content=\"Gesch\u00e4tzte Lesezeit\" \/>\n\t<meta name=\"twitter:data1\" content=\"3\u00a0Minuten\" \/>\n<script type=\"application\/ld+json\" class=\"yoast-schema-graph\">{\"@context\":\"https:\/\/schema.org\",\"@graph\":[{\"@type\":\"WebPage\",\"@id\":\"https:\/\/www.malik-management.com\/de\/malik-loesungen\/loesungen-fuer-den-oeffentlichen-bereich\/malik-institute-for-health-care-management\/\",\"url\":\"https:\/\/www.malik-management.com\/de\/malik-loesungen\/loesungen-fuer-den-oeffentlichen-bereich\/malik-institute-for-health-care-management\/\",\"name\":\"Malik Institute for Health Care Management - Malik Management\",\"isPartOf\":{\"@id\":\"https:\/\/www.malik-management.com\/de\/#website\"},\"datePublished\":\"2019-01-23T14:56:56+00:00\",\"dateModified\":\"2019-01-23T17:16:10+00:00\",\"breadcrumb\":{\"@id\":\"https:\/\/www.malik-management.com\/de\/malik-loesungen\/loesungen-fuer-den-oeffentlichen-bereich\/malik-institute-for-health-care-management\/#breadcrumb\"},\"inLanguage\":\"de\",\"potentialAction\":[{\"@type\":\"ReadAction\",\"target\":[\"https:\/\/www.malik-management.com\/de\/malik-loesungen\/loesungen-fuer-den-oeffentlichen-bereich\/malik-institute-for-health-care-management\/\"]}]},{\"@type\":\"BreadcrumbList\",\"@id\":\"https:\/\/www.malik-management.com\/de\/malik-loesungen\/loesungen-fuer-den-oeffentlichen-bereich\/malik-institute-for-health-care-management\/#breadcrumb\",\"itemListElement\":[{\"@type\":\"ListItem\",\"position\":1,\"name\":\"Home\",\"item\":\"https:\/\/www.malik-management.com\/de\/\"},{\"@type\":\"ListItem\",\"position\":2,\"name\":\"Malik L\u00f6sungen\",\"item\":\"https:\/\/www.malik-management.com\/de\/malik-loesungen\/\"},{\"@type\":\"ListItem\",\"position\":3,\"name\":\"L\u00f6sungen f\u00fcr den \u00f6ffentlichen Bereich\",\"item\":\"https:\/\/www.malik-management.com\/de\/malik-loesungen\/loesungen-fuer-den-oeffentlichen-bereich\/\"},{\"@type\":\"ListItem\",\"position\":4,\"name\":\"Malik Institute for Health Care Management\"}]},{\"@type\":\"WebSite\",\"@id\":\"https:\/\/www.malik-management.com\/de\/#website\",\"url\":\"https:\/\/www.malik-management.com\/de\/\",\"name\":\"Malik Management\",\"description\":\"Beyond conventional management\",\"publisher\":{\"@id\":\"https:\/\/www.malik-management.com\/de\/#organization\"},\"potentialAction\":[{\"@type\":\"SearchAction\",\"target\":{\"@type\":\"EntryPoint\",\"urlTemplate\":\"https:\/\/www.malik-management.com\/de\/?s={search_term_string}\"},\"query-input\":{\"@type\":\"PropertyValueSpecification\",\"valueRequired\":true,\"valueName\":\"search_term_string\"}}],\"inLanguage\":\"de\"},{\"@type\":\"Organization\",\"@id\":\"https:\/\/www.malik-management.com\/de\/#organization\",\"name\":\"malik international AG\",\"url\":\"https:\/\/www.malik-management.com\/de\/\",\"logo\":{\"@type\":\"ImageObject\",\"inLanguage\":\"de\",\"@id\":\"https:\/\/www.malik-management.com\/de\/#\/schema\/logo\/image\/\",\"url\":\"https:\/\/www.malik-management.com\/wp-content\/uploads\/2018\/09\/Logo_malik_weiss-klein3.png\",\"contentUrl\":\"https:\/\/www.malik-management.com\/wp-content\/uploads\/2018\/09\/Logo_malik_weiss-klein3.png\",\"width\":140,\"height\":41,\"caption\":\"malik international AG\"},\"image\":{\"@id\":\"https:\/\/www.malik-management.com\/de\/#\/schema\/logo\/image\/\"},\"sameAs\":[\"https:\/\/www.linkedin.com\/company\/30160\",\"https:\/\/www.youtube.com\/user\/malikmanagement\"]}]}<\/script>\n<!-- \/ Yoast SEO plugin. -->","yoast_head_json":{"title":"Malik Institute for Health Care Management - Malik Management","robots":{"index":"index","follow":"follow","max-snippet":"max-snippet:-1","max-image-preview":"max-image-preview:large","max-video-preview":"max-video-preview:-1"},"canonical":"https:\/\/www.malik-management.com\/de\/malik-loesungen\/loesungen-fuer-den-oeffentlichen-bereich\/malik-institute-for-health-care-management\/","og_locale":"de_DE","og_type":"article","og_title":"Malik Institute for Health Care Management - Malik Management","og_url":"https:\/\/www.malik-management.com\/de\/malik-loesungen\/loesungen-fuer-den-oeffentlichen-bereich\/malik-institute-for-health-care-management\/","og_site_name":"Malik Management","article_modified_time":"2019-01-23T17:16:10+00:00","twitter_card":"summary_large_image","twitter_misc":{"Gesch\u00e4tzte Lesezeit":"3\u00a0Minuten"},"schema":{"@context":"https:\/\/schema.org","@graph":[{"@type":"WebPage","@id":"https:\/\/www.malik-management.com\/de\/malik-loesungen\/loesungen-fuer-den-oeffentlichen-bereich\/malik-institute-for-health-care-management\/","url":"https:\/\/www.malik-management.com\/de\/malik-loesungen\/loesungen-fuer-den-oeffentlichen-bereich\/malik-institute-for-health-care-management\/","name":"Malik Institute for Health Care Management - Malik Management","isPartOf":{"@id":"https:\/\/www.malik-management.com\/de\/#website"},"datePublished":"2019-01-23T14:56:56+00:00","dateModified":"2019-01-23T17:16:10+00:00","breadcrumb":{"@id":"https:\/\/www.malik-management.com\/de\/malik-loesungen\/loesungen-fuer-den-oeffentlichen-bereich\/malik-institute-for-health-care-management\/#breadcrumb"},"inLanguage":"de","potentialAction":[{"@type":"ReadAction","target":["https:\/\/www.malik-management.com\/de\/malik-loesungen\/loesungen-fuer-den-oeffentlichen-bereich\/malik-institute-for-health-care-management\/"]}]},{"@type":"BreadcrumbList","@id":"https:\/\/www.malik-management.com\/de\/malik-loesungen\/loesungen-fuer-den-oeffentlichen-bereich\/malik-institute-for-health-care-management\/#breadcrumb","itemListElement":[{"@type":"ListItem","position":1,"name":"Home","item":"https:\/\/www.malik-management.com\/de\/"},{"@type":"ListItem","position":2,"name":"Malik L\u00f6sungen","item":"https:\/\/www.malik-management.com\/de\/malik-loesungen\/"},{"@type":"ListItem","position":3,"name":"L\u00f6sungen f\u00fcr den \u00f6ffentlichen Bereich","item":"https:\/\/www.malik-management.com\/de\/malik-loesungen\/loesungen-fuer-den-oeffentlichen-bereich\/"},{"@type":"ListItem","position":4,"name":"Malik Institute for Health Care Management"}]},{"@type":"WebSite","@id":"https:\/\/www.malik-management.com\/de\/#website","url":"https:\/\/www.malik-management.com\/de\/","name":"Malik Management","description":"Beyond conventional management","publisher":{"@id":"https:\/\/www.malik-management.com\/de\/#organization"},"potentialAction":[{"@type":"SearchAction","target":{"@type":"EntryPoint","urlTemplate":"https:\/\/www.malik-management.com\/de\/?s={search_term_string}"},"query-input":{"@type":"PropertyValueSpecification","valueRequired":true,"valueName":"search_term_string"}}],"inLanguage":"de"},{"@type":"Organization","@id":"https:\/\/www.malik-management.com\/de\/#organization","name":"malik international AG","url":"https:\/\/www.malik-management.com\/de\/","logo":{"@type":"ImageObject","inLanguage":"de","@id":"https:\/\/www.malik-management.com\/de\/#\/schema\/logo\/image\/","url":"https:\/\/www.malik-management.com\/wp-content\/uploads\/2018\/09\/Logo_malik_weiss-klein3.png","contentUrl":"https:\/\/www.malik-management.com\/wp-content\/uploads\/2018\/09\/Logo_malik_weiss-klein3.png","width":140,"height":41,"caption":"malik international AG"},"image":{"@id":"https:\/\/www.malik-management.com\/de\/#\/schema\/logo\/image\/"},"sameAs":["https:\/\/www.linkedin.com\/company\/30160","https:\/\/www.youtube.com\/user\/malikmanagement"]}]}},"_links":{"self":[{"href":"https:\/\/www.malik-management.com\/de\/wp-json\/wp\/v2\/pages\/23507","targetHints":{"allow":["GET"]}}],"collection":[{"href":"https:\/\/www.malik-management.com\/de\/wp-json\/wp\/v2\/pages"}],"about":[{"href":"https:\/\/www.malik-management.com\/de\/wp-json\/wp\/v2\/types\/page"}],"author":[{"embeddable":true,"href":"https:\/\/www.malik-management.com\/de\/wp-json\/wp\/v2\/users\/17"}],"replies":[{"embeddable":true,"href":"https:\/\/www.malik-management.com\/de\/wp-json\/wp\/v2\/comments?post=23507"}],"version-history":[{"count":9,"href":"https:\/\/www.malik-management.com\/de\/wp-json\/wp\/v2\/pages\/23507\/revisions"}],"predecessor-version":[{"id":23644,"href":"https:\/\/www.malik-management.com\/de\/wp-json\/wp\/v2\/pages\/23507\/revisions\/23644"}],"up":[{"embeddable":true,"href":"https:\/\/www.malik-management.com\/de\/wp-json\/wp\/v2\/pages\/16797"}],"wp:attachment":[{"href":"https:\/\/www.malik-management.com\/de\/wp-json\/wp\/v2\/media?parent=23507"}],"curies":[{"name":"wp","href":"https:\/\/api.w.org\/{rel}","templated":true}]}}