{"id":28684,"date":"2024-07-05T17:25:53","date_gmt":"2024-07-05T15:25:53","guid":{"rendered":"https:\/\/www.malik-management.com\/?page_id=28684"},"modified":"2024-07-05T17:38:36","modified_gmt":"2024-07-05T15:38:36","slug":"was-laesst-sie-nachts-nicht-schlafen","status":"publish","type":"page","link":"https:\/\/www.malik-management.com\/de\/ueber-uns\/publikationen\/malik-buecher\/was-laesst-sie-nachts-nicht-schlafen\/","title":{"rendered":"Was l\u00e4sst Sie nachts nicht schlafen?"},"content":{"rendered":"<div class=\"fusion-fullwidth fullwidth-box fusion-builder-row-1 fusion-flex-container nonhundred-percent-fullwidth non-hundred-percent-height-scrolling\" style=\"--awb-border-radius-top-left:0px;--awb-border-radius-top-right:0px;--awb-border-radius-bottom-right:0px;--awb-border-radius-bottom-left:0px;--awb-flex-wrap:wrap;\" ><div class=\"fusion-builder-row fusion-row fusion-flex-align-items-flex-start fusion-flex-content-wrap\" style=\"max-width:1144px;margin-left: calc(-4% \/ 2 );margin-right: calc(-4% \/ 2 );\"><div class=\"fusion-layout-column fusion_builder_column fusion-builder-column-0 fusion_builder_column_1_1 1_1 fusion-flex-column\" style=\"--awb-bg-size:cover;--awb-width-large:100%;--awb-margin-top-large:0px;--awb-spacing-right-large:1.92%;--awb-margin-bottom-large:0px;--awb-spacing-left-large:1.92%;--awb-width-medium:100%;--awb-spacing-right-medium:1.92%;--awb-spacing-left-medium:1.92%;--awb-width-small:100%;--awb-spacing-right-small:1.92%;--awb-spacing-left-small:1.92%;\"><div class=\"fusion-column-wrapper fusion-flex-justify-content-flex-start fusion-content-layout-column\"><div class=\"fusion-text fusion-text-1\"><h2>Was l\u00e4sst Sie nachts nicht schlafen?<\/h2>\n<p><a href=\"https:\/\/www.malik-management.com\/wp-content\/uploads\/2024\/07\/was-lasst-sie-nachts-nicht-schlafen-original.jpg\"><img decoding=\"async\" class=\"wp-image-28685 aligncenter\" src=\"https:\/\/www.malik-management.com\/wp-content\/uploads\/2024\/07\/was-lasst-sie-nachts-nicht-schlafen-original-787x1024.jpg\" alt=\"\" width=\"219\" height=\"285\" srcset=\"https:\/\/www.malik-management.com\/wp-content\/uploads\/2024\/07\/was-lasst-sie-nachts-nicht-schlafen-original-200x260.jpg 200w, https:\/\/www.malik-management.com\/wp-content\/uploads\/2024\/07\/was-lasst-sie-nachts-nicht-schlafen-original-231x300.jpg 231w, https:\/\/www.malik-management.com\/wp-content\/uploads\/2024\/07\/was-lasst-sie-nachts-nicht-schlafen-original-400x520.jpg 400w, https:\/\/www.malik-management.com\/wp-content\/uploads\/2024\/07\/was-lasst-sie-nachts-nicht-schlafen-original-600x780.jpg 600w, https:\/\/www.malik-management.com\/wp-content\/uploads\/2024\/07\/was-lasst-sie-nachts-nicht-schlafen-original-768x999.jpg 768w, https:\/\/www.malik-management.com\/wp-content\/uploads\/2024\/07\/was-lasst-sie-nachts-nicht-schlafen-original-787x1024.jpg 787w, https:\/\/www.malik-management.com\/wp-content\/uploads\/2024\/07\/was-lasst-sie-nachts-nicht-schlafen-original-800x1040.jpg 800w, https:\/\/www.malik-management.com\/wp-content\/uploads\/2024\/07\/was-lasst-sie-nachts-nicht-schlafen-original.jpg 945w\" sizes=\"(max-width: 219px) 100vw, 219px\" \/><\/a><\/p>\n<h3>Erste Hilfe f\u00fcr F\u00fchrungskr\u00e4fte \u2013 Essentials f\u00fcr den Alltag<\/h3>\n<p>\u00bbWas l\u00e4sst Sie nachts nicht schlafen?\u00ab. Mit dieser Frage besch\u00e4ftigt sich der renommierte Managementvordenker Fredmund Malik und liefert die L\u00f6sungen als Erste Hilfe f\u00fcr F\u00fchrungskr\u00e4fte. Seit 1993 \u2013 ohne Unterbrechung! \u2013 bis heute erscheint der ber\u00fchmte Newsletter \u00bbMalik on Management\u00ab. Mit dieserm Buch erscheint eine exklusive Auswahl der unver\u00f6ffentlichten Letter der letzten Jahre, ein Kompendium aus kompakten und orientierenden Texten f\u00fcr F\u00fchrungskr\u00e4fte in Zeiten gro\u00dfer Transformation. Es sind auf den Punkt gebrachte Einsichten und Impulse zu Fragen rund um F\u00fchrung und Management, Arbeitsweisen und Organisation, Innovation und pers\u00f6nliche Grenze angesichts gro\u00dfer Ver\u00e4nderungen und Krisen. Das Buch bietet einen leichten und inspirierenden Zugang zur Lehre des gro\u00dfen Managementdenkers und wesentliche Hilfen f\u00fcr den F\u00fchrungsalltag \u2013 in a nutshell.<\/p>\n<\/div><div style=\"text-align:center;\"><a class=\"fusion-button button-flat fusion-button-default-size button-default fusion-button-default button-1 fusion-button-span-no \" style=\"--button_bevel_color:#cbe010;--button_bevel_color_hover:#cbe010;--button-border-radius-top-left:50px;--button-border-radius-top-right:50px;--button-border-radius-bottom-right:50px;--button-border-radius-bottom-left:50px;--button_text_transform:var(--awb-typography3-text-transform);--button_font_size:15px;--button_line_height:1.7;--button_padding-top:12px;--button_padding-right:28px;--button_padding-bottom:12px;--button_padding-left:28px;--button_typography-letter-spacing:0px;--button_typography-font-family:&quot;Inter&quot;;--button_typography-font-style:normal;--button_typography-font-weight:600;--button_margin-top:20px;--button_margin-right:40px;--button_margin-bottom:40px;--button_margin-left:40px;\" target=\"_blank\" rel=\"noopener noreferrer\" href=\"https:\/\/www.campus.de\/buecher-campus-verlag\/business\/management-unternehmensfuehrung\/was_laesst_sie_nachts_nicht_schlafen-18191.html\"><span class=\"fusion-button-text awb-button__text awb-button__text--default\">Bestellen<\/span><\/a><\/div><\/div><\/div><\/div><\/div>\n","protected":false},"excerpt":{"rendered":"","protected":false},"author":13,"featured_media":0,"parent":16955,"menu_order":0,"comment_status":"closed","ping_status":"closed","template":"side-navigation.php","meta":{"_acf_changed":false,"_bbp_topic_count":0,"_bbp_reply_count":0,"_bbp_total_topic_count":0,"_bbp_total_reply_count":0,"_bbp_voice_count":0,"_bbp_anonymous_reply_count":0,"_bbp_topic_count_hidden":0,"_bbp_reply_count_hidden":0,"_bbp_forum_subforum_count":0,"footnotes":""},"class_list":["post-28684","page","type-page","status-publish","hentry"],"acf":[],"yoast_head":"<!-- This site is optimized with the Yoast SEO plugin v26.4 - https:\/\/yoast.com\/wordpress\/plugins\/seo\/ -->\n<title>Was l\u00e4sst Sie nachts nicht schlafen? - Malik Management<\/title>\n<meta name=\"robots\" content=\"index, follow, max-snippet:-1, max-image-preview:large, max-video-preview:-1\" \/>\n<link rel=\"canonical\" href=\"https:\/\/www.malik-management.com\/de\/ueber-uns\/publikationen\/malik-buecher\/was-laesst-sie-nachts-nicht-schlafen\/\" \/>\n<meta property=\"og:locale\" content=\"de_DE\" \/>\n<meta property=\"og:type\" content=\"article\" \/>\n<meta property=\"og:title\" content=\"Was l\u00e4sst Sie nachts nicht schlafen? - Malik Management\" \/>\n<meta property=\"og:url\" content=\"https:\/\/www.malik-management.com\/de\/ueber-uns\/publikationen\/malik-buecher\/was-laesst-sie-nachts-nicht-schlafen\/\" \/>\n<meta property=\"og:site_name\" content=\"Malik Management\" \/>\n<meta property=\"article:modified_time\" content=\"2024-07-05T15:38:36+00:00\" \/>\n<meta property=\"og:image\" content=\"https:\/\/www.malik-management.com\/wp-content\/uploads\/2024\/07\/was-lasst-sie-nachts-nicht-schlafen-original-787x1024.jpg\" \/>\n<meta name=\"twitter:card\" content=\"summary_large_image\" \/>\n<meta name=\"twitter:label1\" content=\"Gesch\u00e4tzte Lesezeit\" \/>\n\t<meta name=\"twitter:data1\" content=\"1\u00a0Minute\" \/>\n<script type=\"application\/ld+json\" class=\"yoast-schema-graph\">{\"@context\":\"https:\/\/schema.org\",\"@graph\":[{\"@type\":\"WebPage\",\"@id\":\"https:\/\/www.malik-management.com\/de\/ueber-uns\/publikationen\/malik-buecher\/was-laesst-sie-nachts-nicht-schlafen\/\",\"url\":\"https:\/\/www.malik-management.com\/de\/ueber-uns\/publikationen\/malik-buecher\/was-laesst-sie-nachts-nicht-schlafen\/\",\"name\":\"Was l\u00e4sst Sie nachts nicht schlafen? - Malik Management\",\"isPartOf\":{\"@id\":\"https:\/\/www.malik-management.com\/de\/#website\"},\"primaryImageOfPage\":{\"@id\":\"https:\/\/www.malik-management.com\/de\/ueber-uns\/publikationen\/malik-buecher\/was-laesst-sie-nachts-nicht-schlafen\/#primaryimage\"},\"image\":{\"@id\":\"https:\/\/www.malik-management.com\/de\/ueber-uns\/publikationen\/malik-buecher\/was-laesst-sie-nachts-nicht-schlafen\/#primaryimage\"},\"thumbnailUrl\":\"https:\/\/www.malik-management.com\/wp-content\/uploads\/2024\/07\/was-lasst-sie-nachts-nicht-schlafen-original-787x1024.jpg\",\"datePublished\":\"2024-07-05T15:25:53+00:00\",\"dateModified\":\"2024-07-05T15:38:36+00:00\",\"breadcrumb\":{\"@id\":\"https:\/\/www.malik-management.com\/de\/ueber-uns\/publikationen\/malik-buecher\/was-laesst-sie-nachts-nicht-schlafen\/#breadcrumb\"},\"inLanguage\":\"de\",\"potentialAction\":[{\"@type\":\"ReadAction\",\"target\":[\"https:\/\/www.malik-management.com\/de\/ueber-uns\/publikationen\/malik-buecher\/was-laesst-sie-nachts-nicht-schlafen\/\"]}]},{\"@type\":\"ImageObject\",\"inLanguage\":\"de\",\"@id\":\"https:\/\/www.malik-management.com\/de\/ueber-uns\/publikationen\/malik-buecher\/was-laesst-sie-nachts-nicht-schlafen\/#primaryimage\",\"url\":\"https:\/\/www.malik-management.com\/wp-content\/uploads\/2024\/07\/was-lasst-sie-nachts-nicht-schlafen-original-787x1024.jpg\",\"contentUrl\":\"https:\/\/www.malik-management.com\/wp-content\/uploads\/2024\/07\/was-lasst-sie-nachts-nicht-schlafen-original-787x1024.jpg\"},{\"@type\":\"BreadcrumbList\",\"@id\":\"https:\/\/www.malik-management.com\/de\/ueber-uns\/publikationen\/malik-buecher\/was-laesst-sie-nachts-nicht-schlafen\/#breadcrumb\",\"itemListElement\":[{\"@type\":\"ListItem\",\"position\":1,\"name\":\"Home\",\"item\":\"https:\/\/www.malik-management.com\/de\/\"},{\"@type\":\"ListItem\",\"position\":2,\"name\":\"\u00dcber uns\",\"item\":\"https:\/\/www.malik-management.com\/de\/ueber-uns\/\"},{\"@type\":\"ListItem\",\"position\":3,\"name\":\"Publikationen\",\"item\":\"https:\/\/www.malik-management.com\/de\/ueber-uns\/publikationen\/\"},{\"@type\":\"ListItem\",\"position\":4,\"name\":\"Malik B\u00fccher\",\"item\":\"https:\/\/www.malik-management.com\/de\/ueber-uns\/publikationen\/malik-buecher\/\"},{\"@type\":\"ListItem\",\"position\":5,\"name\":\"Was l\u00e4sst Sie nachts nicht schlafen?\"}]},{\"@type\":\"WebSite\",\"@id\":\"https:\/\/www.malik-management.com\/de\/#website\",\"url\":\"https:\/\/www.malik-management.com\/de\/\",\"name\":\"Malik Management\",\"description\":\"Beyond conventional management\",\"publisher\":{\"@id\":\"https:\/\/www.malik-management.com\/de\/#organization\"},\"potentialAction\":[{\"@type\":\"SearchAction\",\"target\":{\"@type\":\"EntryPoint\",\"urlTemplate\":\"https:\/\/www.malik-management.com\/de\/?s={search_term_string}\"},\"query-input\":{\"@type\":\"PropertyValueSpecification\",\"valueRequired\":true,\"valueName\":\"search_term_string\"}}],\"inLanguage\":\"de\"},{\"@type\":\"Organization\",\"@id\":\"https:\/\/www.malik-management.com\/de\/#organization\",\"name\":\"malik international AG\",\"url\":\"https:\/\/www.malik-management.com\/de\/\",\"logo\":{\"@type\":\"ImageObject\",\"inLanguage\":\"de\",\"@id\":\"https:\/\/www.malik-management.com\/de\/#\/schema\/logo\/image\/\",\"url\":\"https:\/\/www.malik-management.com\/wp-content\/uploads\/2018\/09\/Logo_malik_weiss-klein3.png\",\"contentUrl\":\"https:\/\/www.malik-management.com\/wp-content\/uploads\/2018\/09\/Logo_malik_weiss-klein3.png\",\"width\":140,\"height\":41,\"caption\":\"malik international AG\"},\"image\":{\"@id\":\"https:\/\/www.malik-management.com\/de\/#\/schema\/logo\/image\/\"},\"sameAs\":[\"https:\/\/www.linkedin.com\/company\/30160\",\"https:\/\/www.youtube.com\/user\/malikmanagement\"]}]}<\/script>\n<!-- \/ Yoast SEO plugin. -->","yoast_head_json":{"title":"Was l\u00e4sst Sie nachts nicht schlafen? - Malik Management","robots":{"index":"index","follow":"follow","max-snippet":"max-snippet:-1","max-image-preview":"max-image-preview:large","max-video-preview":"max-video-preview:-1"},"canonical":"https:\/\/www.malik-management.com\/de\/ueber-uns\/publikationen\/malik-buecher\/was-laesst-sie-nachts-nicht-schlafen\/","og_locale":"de_DE","og_type":"article","og_title":"Was l\u00e4sst Sie nachts nicht schlafen? - Malik Management","og_url":"https:\/\/www.malik-management.com\/de\/ueber-uns\/publikationen\/malik-buecher\/was-laesst-sie-nachts-nicht-schlafen\/","og_site_name":"Malik Management","article_modified_time":"2024-07-05T15:38:36+00:00","og_image":[{"url":"https:\/\/www.malik-management.com\/wp-content\/uploads\/2024\/07\/was-lasst-sie-nachts-nicht-schlafen-original-787x1024.jpg","type":"","width":"","height":""}],"twitter_card":"summary_large_image","twitter_misc":{"Gesch\u00e4tzte Lesezeit":"1\u00a0Minute"},"schema":{"@context":"https:\/\/schema.org","@graph":[{"@type":"WebPage","@id":"https:\/\/www.malik-management.com\/de\/ueber-uns\/publikationen\/malik-buecher\/was-laesst-sie-nachts-nicht-schlafen\/","url":"https:\/\/www.malik-management.com\/de\/ueber-uns\/publikationen\/malik-buecher\/was-laesst-sie-nachts-nicht-schlafen\/","name":"Was l\u00e4sst Sie nachts nicht schlafen? - Malik Management","isPartOf":{"@id":"https:\/\/www.malik-management.com\/de\/#website"},"primaryImageOfPage":{"@id":"https:\/\/www.malik-management.com\/de\/ueber-uns\/publikationen\/malik-buecher\/was-laesst-sie-nachts-nicht-schlafen\/#primaryimage"},"image":{"@id":"https:\/\/www.malik-management.com\/de\/ueber-uns\/publikationen\/malik-buecher\/was-laesst-sie-nachts-nicht-schlafen\/#primaryimage"},"thumbnailUrl":"https:\/\/www.malik-management.com\/wp-content\/uploads\/2024\/07\/was-lasst-sie-nachts-nicht-schlafen-original-787x1024.jpg","datePublished":"2024-07-05T15:25:53+00:00","dateModified":"2024-07-05T15:38:36+00:00","breadcrumb":{"@id":"https:\/\/www.malik-management.com\/de\/ueber-uns\/publikationen\/malik-buecher\/was-laesst-sie-nachts-nicht-schlafen\/#breadcrumb"},"inLanguage":"de","potentialAction":[{"@type":"ReadAction","target":["https:\/\/www.malik-management.com\/de\/ueber-uns\/publikationen\/malik-buecher\/was-laesst-sie-nachts-nicht-schlafen\/"]}]},{"@type":"ImageObject","inLanguage":"de","@id":"https:\/\/www.malik-management.com\/de\/ueber-uns\/publikationen\/malik-buecher\/was-laesst-sie-nachts-nicht-schlafen\/#primaryimage","url":"https:\/\/www.malik-management.com\/wp-content\/uploads\/2024\/07\/was-lasst-sie-nachts-nicht-schlafen-original-787x1024.jpg","contentUrl":"https:\/\/www.malik-management.com\/wp-content\/uploads\/2024\/07\/was-lasst-sie-nachts-nicht-schlafen-original-787x1024.jpg"},{"@type":"BreadcrumbList","@id":"https:\/\/www.malik-management.com\/de\/ueber-uns\/publikationen\/malik-buecher\/was-laesst-sie-nachts-nicht-schlafen\/#breadcrumb","itemListElement":[{"@type":"ListItem","position":1,"name":"Home","item":"https:\/\/www.malik-management.com\/de\/"},{"@type":"ListItem","position":2,"name":"\u00dcber uns","item":"https:\/\/www.malik-management.com\/de\/ueber-uns\/"},{"@type":"ListItem","position":3,"name":"Publikationen","item":"https:\/\/www.malik-management.com\/de\/ueber-uns\/publikationen\/"},{"@type":"ListItem","position":4,"name":"Malik B\u00fccher","item":"https:\/\/www.malik-management.com\/de\/ueber-uns\/publikationen\/malik-buecher\/"},{"@type":"ListItem","position":5,"name":"Was l\u00e4sst Sie nachts nicht schlafen?"}]},{"@type":"WebSite","@id":"https:\/\/www.malik-management.com\/de\/#website","url":"https:\/\/www.malik-management.com\/de\/","name":"Malik Management","description":"Beyond conventional management","publisher":{"@id":"https:\/\/www.malik-management.com\/de\/#organization"},"potentialAction":[{"@type":"SearchAction","target":{"@type":"EntryPoint","urlTemplate":"https:\/\/www.malik-management.com\/de\/?s={search_term_string}"},"query-input":{"@type":"PropertyValueSpecification","valueRequired":true,"valueName":"search_term_string"}}],"inLanguage":"de"},{"@type":"Organization","@id":"https:\/\/www.malik-management.com\/de\/#organization","name":"malik international AG","url":"https:\/\/www.malik-management.com\/de\/","logo":{"@type":"ImageObject","inLanguage":"de","@id":"https:\/\/www.malik-management.com\/de\/#\/schema\/logo\/image\/","url":"https:\/\/www.malik-management.com\/wp-content\/uploads\/2018\/09\/Logo_malik_weiss-klein3.png","contentUrl":"https:\/\/www.malik-management.com\/wp-content\/uploads\/2018\/09\/Logo_malik_weiss-klein3.png","width":140,"height":41,"caption":"malik international AG"},"image":{"@id":"https:\/\/www.malik-management.com\/de\/#\/schema\/logo\/image\/"},"sameAs":["https:\/\/www.linkedin.com\/company\/30160","https:\/\/www.youtube.com\/user\/malikmanagement"]}]}},"_links":{"self":[{"href":"https:\/\/www.malik-management.com\/de\/wp-json\/wp\/v2\/pages\/28684","targetHints":{"allow":["GET"]}}],"collection":[{"href":"https:\/\/www.malik-management.com\/de\/wp-json\/wp\/v2\/pages"}],"about":[{"href":"https:\/\/www.malik-management.com\/de\/wp-json\/wp\/v2\/types\/page"}],"author":[{"embeddable":true,"href":"https:\/\/www.malik-management.com\/de\/wp-json\/wp\/v2\/users\/13"}],"replies":[{"embeddable":true,"href":"https:\/\/www.malik-management.com\/de\/wp-json\/wp\/v2\/comments?post=28684"}],"version-history":[{"count":3,"href":"https:\/\/www.malik-management.com\/de\/wp-json\/wp\/v2\/pages\/28684\/revisions"}],"predecessor-version":[{"id":28691,"href":"https:\/\/www.malik-management.com\/de\/wp-json\/wp\/v2\/pages\/28684\/revisions\/28691"}],"up":[{"embeddable":true,"href":"https:\/\/www.malik-management.com\/de\/wp-json\/wp\/v2\/pages\/16955"}],"wp:attachment":[{"href":"https:\/\/www.malik-management.com\/de\/wp-json\/wp\/v2\/media?parent=28684"}],"curies":[{"name":"wp","href":"https:\/\/api.w.org\/{rel}","templated":true}]}}